{"id":22822,"date":"2018-08-06T18:26:24","date_gmt":"2018-08-06T18:26:26","guid":{"rendered":"https:\/\/tilk.bio\/?post_type=product&#038;p=22822"},"modified":"2026-04-15T11:16:22","modified_gmt":"2026-04-15T08:16:22","slug":"smooch-me-suojaava-ja-pehmentava-yrttinen-huulivoide","status":"publish","type":"product","link":"https:\/\/tilk.bio\/fi\/verkkokauppa\/smooch-me-suojaava-ja-pehmentava-yrttinen-huulivoide\/","title":{"rendered":"Smooch Me \u2013 suojaava ja pehment\u00e4v\u00e4 huulivoide"},"content":{"rendered":"<p>Smooch Me -huulivoide kosteuttaa huulia ja antaa niille kevyen kiillon. Huulivoide my\u00f6s suojaa tuulelta ja pakkaselta sek\u00e4 hoitaa vaurioitunutta ihoa.<\/p>\n<p>Mehil\u00e4isvahan ja keh\u00e4kukan bioaktiiviset ainesosat pehment\u00e4v\u00e4t, rauhoittavat ja vahvistavat huulia. Sheavoi ja hunaja syv\u00e4ravitsevat, suojaavat kuivuudelta ja tekev\u00e4t ihosta kimmoisan. Keh\u00e4kukalla on tulehduksia est\u00e4vi\u00e4 ja antibakteerisia ominaisuuksia. My\u00f6s mehil\u00e4isvaha est\u00e4\u00e4 tulehduksia, mink\u00e4 lis\u00e4ksi sill\u00e4 on ihoa rauhoittava vaikutus.<\/p>\n<p>Tuotteen kaikki ainesosat ovat luontaista alkuper\u00e4\u00e4. Tuotteessa on k\u00e4ytetty Saarenmaalta k\u00e4sin poimituista kasveista saatuja \u00f6ljyj\u00e4.<\/p>\n<p>S\u00e4ilytys suoralta p\u00e4iv\u00e4nvalolta suojattuna alle 25 asteessa.<\/p>\n<p>Koko: 4,8 ml<\/p>\n","protected":false},"excerpt":{"rendered":"<p>Smooch Me -huulivoide kosteuttaa huulia ja antaa niille kevyen kiillon. Huulivoide my\u00f6s suojaa tuulelta ja pakkaselta sek\u00e4 hoitaa vaurioitunutta ihoa. Mehil\u00e4isvahan ja keh\u00e4kukan bioaktiiviset ainesosat pehment\u00e4v\u00e4t, rauhoittavat ja vahvistavat huulia. Sheavoi ja hunaja syv\u00e4ravitsevat, suojaavat kuivuudelta ja tekev\u00e4t ihosta kimmoisan. Keh\u00e4kukalla on tulehduksia est\u00e4vi\u00e4 ja antibakteerisia ominaisuuksia. My\u00f6s mehil\u00e4isvaha est\u00e4\u00e4 tulehduksia, mink\u00e4 lis\u00e4ksi sill\u00e4 on&#8230;<\/p>\n","protected":false},"featured_media":67448,"comment_status":"open","ping_status":"closed","template":"","meta":{"_acf_changed":false},"product_brand":[],"product_cat":[507,501,737,979,730],"product_tag":[754,420,418,419],"class_list":{"0":"post-22822","1":"product","2":"type-product","3":"status-publish","4":"has-post-thumbnail","6":"product_cat-huulille","7":"product_cat-kaikki-tuotteet","8":"product_cat-kuiva-iho","9":"product_cat-shea-butter","10":"product_cat-tilk-herbal-fi","11":"product_tag-luonnollinen-ihonhoito","12":"product_tag-yrttinen-huulivoide-fi-2","13":"product_tag-yrttinen-huulivoide","14":"product_tag-yrttinen-huulivoide-fi","16":"first","17":"instock","18":"taxable","19":"shipping-taxable","20":"purchasable","21":"product-type-simple"},"acf":[],"yoast_head":"<!-- This site is optimized with the Yoast SEO plugin v27.4 - https:\/\/yoast.com\/product\/yoast-seo-wordpress\/ -->\n<title>Smooch Me \u2013 suojaava ja pehment\u00e4v\u00e4 huulivoide - Tilk!<\/title>\n<meta name=\"description\" content=\"Yrttinen huulivoide Smooch Me kosteuttaa huulia ja antaa kevyen kiillon. Hunaja ja bioaktiiviset aineet keh\u00e4kukasta tekev\u00e4t huulista ihanan pehme\u00e4t ja makeat.\" \/>\n<meta name=\"robots\" content=\"index, follow, max-snippet:-1, max-image-preview:large, max-video-preview:-1\" \/>\n<link rel=\"canonical\" href=\"https:\/\/tilk.bio\/fi\/verkkokauppa\/smooch-me-suojaava-ja-pehmentava-yrttinen-huulivoide\/\" \/>\n<meta property=\"og:locale\" content=\"fi_FI\" \/>\n<meta property=\"og:type\" content=\"article\" \/>\n<meta property=\"og:title\" content=\"Smooch Me \u2013 suojaava ja pehment\u00e4v\u00e4 huulivoide - Tilk!\" \/>\n<meta property=\"og:description\" content=\"Yrttinen huulivoide smooch Me kosteuttaa huulia ja antaa kevyen kiillon. Hunaja ja bioaktiiviset aineet keh\u00e4kukasta tekev\u00e4t huulista ihanan pehme\u00e4t ja makeat.\" \/>\n<meta property=\"og:url\" content=\"https:\/\/tilk.bio\/fi\/verkkokauppa\/smooch-me-suojaava-ja-pehmentava-yrttinen-huulivoide\/\" \/>\n<meta property=\"og:site_name\" content=\"Tilk!\" \/>\n<meta property=\"article:publisher\" content=\"https:\/\/www.facebook.com\/tilk.bio\/\" \/>\n<meta property=\"article:modified_time\" content=\"2026-04-15T08:16:22+00:00\" \/>\n<meta property=\"og:image\" content=\"https:\/\/tilk.bio\/wp-content\/uploads\/2018\/08\/Smooch1.png\" \/>\n\t<meta property=\"og:image:width\" content=\"4721\" \/>\n\t<meta property=\"og:image:height\" content=\"4721\" \/>\n\t<meta property=\"og:image:type\" content=\"image\/png\" \/>\n<meta name=\"twitter:card\" content=\"summary_large_image\" \/>\n<meta name=\"twitter:description\" content=\"Yrttinen huulivoide Smooch Me kosteuttaa huulia ja antaa kevyen kiillon. Hunaja ja bioaktiiviset aineet keh\u00e4kukasta tekev\u00e4t huulista ihanan pehme\u00e4t ja makeat.\" \/>\n<meta name=\"twitter:image\" content=\"https:\/\/tilk.bio\/wp-content\/uploads\/2016\/01\/natural-lip-balm.jpg\" \/>\n<script type=\"application\/ld+json\" class=\"yoast-schema-graph\">{\"@context\":\"https:\\\/\\\/schema.org\",\"@graph\":[{\"@type\":\"WebPage\",\"@id\":\"https:\\\/\\\/tilk.bio\\\/fi\\\/verkkokauppa\\\/smooch-me-suojaava-ja-pehmentava-yrttinen-huulivoide\\\/\",\"url\":\"https:\\\/\\\/tilk.bio\\\/fi\\\/verkkokauppa\\\/smooch-me-suojaava-ja-pehmentava-yrttinen-huulivoide\\\/\",\"name\":\"Smooch Me \u2013 suojaava ja pehment\u00e4v\u00e4 huulivoide - Tilk!\",\"isPartOf\":{\"@id\":\"https:\\\/\\\/tilk.bio\\\/et\\\/#website\"},\"primaryImageOfPage\":{\"@id\":\"https:\\\/\\\/tilk.bio\\\/fi\\\/verkkokauppa\\\/smooch-me-suojaava-ja-pehmentava-yrttinen-huulivoide\\\/#primaryimage\"},\"image\":{\"@id\":\"https:\\\/\\\/tilk.bio\\\/fi\\\/verkkokauppa\\\/smooch-me-suojaava-ja-pehmentava-yrttinen-huulivoide\\\/#primaryimage\"},\"thumbnailUrl\":\"https:\\\/\\\/tilk.bio\\\/wp-content\\\/uploads\\\/2018\\\/08\\\/9.jpg\",\"datePublished\":\"2018-08-06T18:26:26+00:00\",\"dateModified\":\"2026-04-15T08:16:22+00:00\",\"description\":\"Yrttinen huulivoide Smooch Me kosteuttaa huulia ja antaa kevyen kiillon. Hunaja ja bioaktiiviset aineet keh\u00e4kukasta tekev\u00e4t huulista ihanan pehme\u00e4t ja makeat.\",\"breadcrumb\":{\"@id\":\"https:\\\/\\\/tilk.bio\\\/fi\\\/verkkokauppa\\\/smooch-me-suojaava-ja-pehmentava-yrttinen-huulivoide\\\/#breadcrumb\"},\"inLanguage\":\"fi\",\"potentialAction\":[{\"@type\":\"ReadAction\",\"target\":[\"https:\\\/\\\/tilk.bio\\\/fi\\\/verkkokauppa\\\/smooch-me-suojaava-ja-pehmentava-yrttinen-huulivoide\\\/\"]}]},{\"@type\":\"ImageObject\",\"inLanguage\":\"fi\",\"@id\":\"https:\\\/\\\/tilk.bio\\\/fi\\\/verkkokauppa\\\/smooch-me-suojaava-ja-pehmentava-yrttinen-huulivoide\\\/#primaryimage\",\"url\":\"https:\\\/\\\/tilk.bio\\\/wp-content\\\/uploads\\\/2018\\\/08\\\/9.jpg\",\"contentUrl\":\"https:\\\/\\\/tilk.bio\\\/wp-content\\\/uploads\\\/2018\\\/08\\\/9.jpg\",\"width\":1200,\"height\":1200},{\"@type\":\"BreadcrumbList\",\"@id\":\"https:\\\/\\\/tilk.bio\\\/fi\\\/verkkokauppa\\\/smooch-me-suojaava-ja-pehmentava-yrttinen-huulivoide\\\/#breadcrumb\",\"itemListElement\":[{\"@type\":\"ListItem\",\"position\":1,\"name\":\"Home\",\"item\":\"https:\\\/\\\/tilk.bio\\\/fi\\\/\"},{\"@type\":\"ListItem\",\"position\":2,\"name\":\"Verkkokauppa\",\"item\":\"https:\\\/\\\/tilk.bio\\\/fi\\\/verkkokauppa\\\/\"},{\"@type\":\"ListItem\",\"position\":3,\"name\":\"Smooch Me \u2013 suojaava ja pehment\u00e4v\u00e4 huulivoide\"}]},{\"@type\":\"WebSite\",\"@id\":\"https:\\\/\\\/tilk.bio\\\/et\\\/#website\",\"url\":\"https:\\\/\\\/tilk.bio\\\/et\\\/\",\"name\":\"Tilk!\",\"description\":\"Natural and sustainable skincare!\",\"potentialAction\":[{\"@type\":\"SearchAction\",\"target\":{\"@type\":\"EntryPoint\",\"urlTemplate\":\"https:\\\/\\\/tilk.bio\\\/et\\\/?s={search_term_string}\"},\"query-input\":{\"@type\":\"PropertyValueSpecification\",\"valueRequired\":true,\"valueName\":\"search_term_string\"}}],\"inLanguage\":\"fi\"}]}<\/script>\n<!-- \/ Yoast SEO plugin. -->","yoast_head_json":{"title":"Smooch Me \u2013 suojaava ja pehment\u00e4v\u00e4 huulivoide - Tilk!","description":"Yrttinen huulivoide Smooch Me kosteuttaa huulia ja antaa kevyen kiillon. Hunaja ja bioaktiiviset aineet keh\u00e4kukasta tekev\u00e4t huulista ihanan pehme\u00e4t ja makeat.","robots":{"index":"index","follow":"follow","max-snippet":"max-snippet:-1","max-image-preview":"max-image-preview:large","max-video-preview":"max-video-preview:-1"},"canonical":"https:\/\/tilk.bio\/fi\/verkkokauppa\/smooch-me-suojaava-ja-pehmentava-yrttinen-huulivoide\/","og_locale":"fi_FI","og_type":"article","og_title":"Smooch Me \u2013 suojaava ja pehment\u00e4v\u00e4 huulivoide - Tilk!","og_description":"Yrttinen huulivoide smooch Me kosteuttaa huulia ja antaa kevyen kiillon. Hunaja ja bioaktiiviset aineet keh\u00e4kukasta tekev\u00e4t huulista ihanan pehme\u00e4t ja makeat.","og_url":"https:\/\/tilk.bio\/fi\/verkkokauppa\/smooch-me-suojaava-ja-pehmentava-yrttinen-huulivoide\/","og_site_name":"Tilk!","article_publisher":"https:\/\/www.facebook.com\/tilk.bio\/","article_modified_time":"2026-04-15T08:16:22+00:00","og_image":[{"width":4721,"height":4721,"url":"https:\/\/tilk.bio\/wp-content\/uploads\/2018\/08\/Smooch1.png","type":"image\/png"}],"twitter_card":"summary_large_image","twitter_description":"Yrttinen huulivoide Smooch Me kosteuttaa huulia ja antaa kevyen kiillon. Hunaja ja bioaktiiviset aineet keh\u00e4kukasta tekev\u00e4t huulista ihanan pehme\u00e4t ja makeat.","twitter_image":"https:\/\/tilk.bio\/wp-content\/uploads\/2016\/01\/natural-lip-balm.jpg","schema":{"@context":"https:\/\/schema.org","@graph":[{"@type":"WebPage","@id":"https:\/\/tilk.bio\/fi\/verkkokauppa\/smooch-me-suojaava-ja-pehmentava-yrttinen-huulivoide\/","url":"https:\/\/tilk.bio\/fi\/verkkokauppa\/smooch-me-suojaava-ja-pehmentava-yrttinen-huulivoide\/","name":"Smooch Me \u2013 suojaava ja pehment\u00e4v\u00e4 huulivoide - Tilk!","isPartOf":{"@id":"https:\/\/tilk.bio\/et\/#website"},"primaryImageOfPage":{"@id":"https:\/\/tilk.bio\/fi\/verkkokauppa\/smooch-me-suojaava-ja-pehmentava-yrttinen-huulivoide\/#primaryimage"},"image":{"@id":"https:\/\/tilk.bio\/fi\/verkkokauppa\/smooch-me-suojaava-ja-pehmentava-yrttinen-huulivoide\/#primaryimage"},"thumbnailUrl":"https:\/\/tilk.bio\/wp-content\/uploads\/2018\/08\/9.jpg","datePublished":"2018-08-06T18:26:26+00:00","dateModified":"2026-04-15T08:16:22+00:00","description":"Yrttinen huulivoide Smooch Me kosteuttaa huulia ja antaa kevyen kiillon. Hunaja ja bioaktiiviset aineet keh\u00e4kukasta tekev\u00e4t huulista ihanan pehme\u00e4t ja makeat.","breadcrumb":{"@id":"https:\/\/tilk.bio\/fi\/verkkokauppa\/smooch-me-suojaava-ja-pehmentava-yrttinen-huulivoide\/#breadcrumb"},"inLanguage":"fi","potentialAction":[{"@type":"ReadAction","target":["https:\/\/tilk.bio\/fi\/verkkokauppa\/smooch-me-suojaava-ja-pehmentava-yrttinen-huulivoide\/"]}]},{"@type":"ImageObject","inLanguage":"fi","@id":"https:\/\/tilk.bio\/fi\/verkkokauppa\/smooch-me-suojaava-ja-pehmentava-yrttinen-huulivoide\/#primaryimage","url":"https:\/\/tilk.bio\/wp-content\/uploads\/2018\/08\/9.jpg","contentUrl":"https:\/\/tilk.bio\/wp-content\/uploads\/2018\/08\/9.jpg","width":1200,"height":1200},{"@type":"BreadcrumbList","@id":"https:\/\/tilk.bio\/fi\/verkkokauppa\/smooch-me-suojaava-ja-pehmentava-yrttinen-huulivoide\/#breadcrumb","itemListElement":[{"@type":"ListItem","position":1,"name":"Home","item":"https:\/\/tilk.bio\/fi\/"},{"@type":"ListItem","position":2,"name":"Verkkokauppa","item":"https:\/\/tilk.bio\/fi\/verkkokauppa\/"},{"@type":"ListItem","position":3,"name":"Smooch Me \u2013 suojaava ja pehment\u00e4v\u00e4 huulivoide"}]},{"@type":"WebSite","@id":"https:\/\/tilk.bio\/et\/#website","url":"https:\/\/tilk.bio\/et\/","name":"Tilk!","description":"Natural and sustainable skincare!","potentialAction":[{"@type":"SearchAction","target":{"@type":"EntryPoint","urlTemplate":"https:\/\/tilk.bio\/et\/?s={search_term_string}"},"query-input":{"@type":"PropertyValueSpecification","valueRequired":true,"valueName":"search_term_string"}}],"inLanguage":"fi"}]}},"_links":{"self":[{"href":"https:\/\/tilk.bio\/fi\/wp-json\/wp\/v2\/product\/22822","targetHints":{"allow":["GET"]}}],"collection":[{"href":"https:\/\/tilk.bio\/fi\/wp-json\/wp\/v2\/product"}],"about":[{"href":"https:\/\/tilk.bio\/fi\/wp-json\/wp\/v2\/types\/product"}],"replies":[{"embeddable":true,"href":"https:\/\/tilk.bio\/fi\/wp-json\/wp\/v2\/comments?post=22822"}],"wp:featuredmedia":[{"embeddable":true,"href":"https:\/\/tilk.bio\/fi\/wp-json\/wp\/v2\/media\/67448"}],"wp:attachment":[{"href":"https:\/\/tilk.bio\/fi\/wp-json\/wp\/v2\/media?parent=22822"}],"wp:term":[{"taxonomy":"product_brand","embeddable":true,"href":"https:\/\/tilk.bio\/fi\/wp-json\/wp\/v2\/product_brand?post=22822"},{"taxonomy":"product_cat","embeddable":true,"href":"https:\/\/tilk.bio\/fi\/wp-json\/wp\/v2\/product_cat?post=22822"},{"taxonomy":"product_tag","embeddable":true,"href":"https:\/\/tilk.bio\/fi\/wp-json\/wp\/v2\/product_tag?post=22822"}],"curies":[{"name":"wp","href":"https:\/\/api.w.org\/{rel}","templated":true}]}}