{"id":22858,"date":"2018-04-25T15:37:53","date_gmt":"2018-04-25T15:37:53","guid":{"rendered":"https:\/\/tilk.bio\/shop\/matkakokoinen-tinted-me-ihon-varia-tasoittava-kasvovoide\/"},"modified":"2026-04-09T11:45:09","modified_gmt":"2026-04-09T08:45:09","slug":"matkakokoinen-tinted-me-ihon-varia-tasoittava-kasvovoide","status":"publish","type":"product","link":"https:\/\/tilk.bio\/fi\/verkkokauppa\/matkakokoinen-tinted-me-ihon-varia-tasoittava-kasvovoide\/","title":{"rendered":"Matkakokoinen Tinted Me ihon v\u00e4ri\u00e4 tasoittava kasvovoide"},"content":{"rendered":"<p><strong>Ainesosat:<\/strong>\u00a0Aqua, Caprylic\/Capric Triglyceride, Primula Veris Extract, Rosa Canina Fruit Extract, Urtica Dioica Extract, Sodium Stearoyl Lactylate, Mica, Prunus Amygdalus Dulcis Oil, Glyceryl Stearate, Zinc Oxide, Titanium Dioxide, Glycerin, Daucus Carota Sativa Seed Oil, Cetyl Alcohol, Butyrospermum Parkii Butter, Benzyl Alcohol, Tocopherol, Lavandula Angustifolia Oil, Citrus Limon Peel Oil, Salicylic Acid, Linalool, Limonene, Sorbic Acid, Citral, Geraniol, CI 77492, CI 77491, CI 77499, CI 77007.<\/p>\n","protected":false},"excerpt":{"rendered":"<p class=\"p1\" style=\"text-align: left;\"><span class=\"s1\">Tinted Me kasvovoide on valmistettu bioaktiivisista aineosista. Raikas ihon v\u00e4ri\u00e4 tasoittava kasvovoide kosteuttaa ihoa. Voide sopii niin normaali-, kuin my\u00f6s sekaiholle. Jos sinulla on kuiva iho, voit k\u00e4ytt\u00e4\u00e4 Tinted Me kasvovoidetta yhdess\u00e4 Tilk!in Moisturise Me kasvovoiteen kanssa takamaan toivotun tulemuksen. Vaikuttavat ainesosat ovat porkkana\u00f6ljy ja sheavoi sek\u00e4 nokkosen, ruusunmarjan ja kev\u00e4tesikon bioaktiiviset aineet. Salainen ainesosa on luonnollinen mineraalijauhe. Tuote sopii parhaiten vaalealle ja keskivaalealle iholle. Ota matkakokoinen pakkaus mukaan seuraavalle reissulle ja l\u00f6yd\u00e4 sinun uusi ihonhoidon kestosuosikkisi. Kasvovoide on valmistettu 100% luonnollisista ainesosista ja tuote on vegaani. K\u00e4yt\u00e4mme kaikissa luonnonkosmetiikkatuotteissamme Saarenmaalta k\u00e4sin poimittujen yrttien \u00f6ljyj\u00e4.<br \/>\n<\/span><\/p>\n<p class=\"p1\" style=\"text-align: left;\"><span class=\"s1\">Koko: 10ml<\/span><\/p>\n<p><a href=\"https:\/\/tilk.bio\/wp-content\/uploads\/2016\/01\/Vegan_sign-07.png\"><img loading=\"lazy\" decoding=\"async\" class=\"alignnone wp-image-17805\" src=\"https:\/\/tilk.bio\/wp-content\/uploads\/2016\/01\/Vegan_sign-07-150x150.png\" width=\"82\" height=\"82\" srcset=\"https:\/\/tilk.bio\/wp-content\/uploads\/2016\/01\/Vegan_sign-07-150x150.png 150w, https:\/\/tilk.bio\/wp-content\/uploads\/2016\/01\/Vegan_sign-07.png 165w\" sizes=\"auto, (max-width: 82px) 100vw, 82px\" \/><\/a><\/p>\n","protected":false},"featured_media":23692,"comment_status":"open","ping_status":"closed","template":"","meta":{"_acf_changed":false},"product_brand":[],"product_cat":[501,512,630,508],"product_tag":[414,413],"class_list":{"0":"post-22858","1":"product","2":"type-product","3":"status-publish","4":"has-post-thumbnail","6":"product_cat-kaikki-tuotteet","7":"product_cat-kasvohoito","8":"product_cat-kasvovoiteet","9":"product_cat-matkalle-mukaan","10":"product_tag-sekaiho-fi","11":"product_tag-normaali-iho","13":"first","14":"instock","15":"taxable","16":"shipping-taxable","17":"purchasable","18":"product-type-variable"},"acf":[],"yoast_head":"<!-- This site is optimized with the Yoast SEO plugin v27.3 - https:\/\/yoast.com\/product\/yoast-seo-wordpress\/ -->\n<title>Matkakokoinen Tinted Me ihon v\u00e4ri\u00e4 tasoittava kasvovoide - Tilk!<\/title>\n<meta name=\"robots\" content=\"index, follow, max-snippet:-1, max-image-preview:large, max-video-preview:-1\" \/>\n<link rel=\"canonical\" href=\"https:\/\/tilk.bio\/fi\/verkkokauppa\/matkakokoinen-tinted-me-ihon-varia-tasoittava-kasvovoide\/\" \/>\n<meta property=\"og:locale\" content=\"fi_FI\" \/>\n<meta property=\"og:type\" content=\"article\" \/>\n<meta property=\"og:title\" content=\"Matkakokoinen Tinted Me ihon v\u00e4ri\u00e4 tasoittava kasvovoide - Tilk!\" \/>\n<meta property=\"og:description\" content=\"Tinted Me kasvovoide on valmistettu bioaktiivisista aineosista. Raikas ihon v\u00e4ri\u00e4 tasoittava kasvovoide kosteuttaa ihoa. Voide sopii niin normaali-, kuin my\u00f6s sekaiholle. Jos sinulla on kuiva iho, voit k\u00e4ytt\u00e4\u00e4 Tinted Me kasvovoidetta yhdess\u00e4 Tilk!in Moisturise Me kasvovoiteen kanssa takamaan toivotun tulemuksen. Vaikuttavat ainesosat ovat porkkana\u00f6ljy ja sheavoi sek\u00e4 nokkosen, ruusunmarjan ja kev\u00e4tesikon bioaktiiviset aineet. Salainen ainesosa on luonnollinen mineraalijauhe. Tuote sopii parhaiten vaalealle ja keskivaalealle iholle. Ota matkakokoinen pakkaus mukaan seuraavalle reissulle ja l\u00f6yd\u00e4 sinun uusi ihonhoidon kestosuosikkisi. Kasvovoide on valmistettu 100% luonnollisista ainesosista ja tuote on vegaani. K\u00e4yt\u00e4mme kaikissa luonnonkosmetiikkatuotteissamme Saarenmaalta k\u00e4sin poimittujen yrttien \u00f6ljyj\u00e4.  Koko: 10ml\" \/>\n<meta property=\"og:url\" content=\"https:\/\/tilk.bio\/fi\/verkkokauppa\/matkakokoinen-tinted-me-ihon-varia-tasoittava-kasvovoide\/\" \/>\n<meta property=\"og:site_name\" content=\"Tilk!\" \/>\n<meta property=\"article:publisher\" content=\"https:\/\/www.facebook.com\/tilk.bio\/\" \/>\n<meta property=\"article:modified_time\" content=\"2026-04-09T08:45:09+00:00\" \/>\n<meta property=\"og:image\" content=\"https:\/\/tilk.bio\/wp-content\/uploads\/2015\/12\/Tilk-Skincare-Regenerate-Me.jpg\" \/>\n\t<meta property=\"og:image:width\" content=\"1000\" \/>\n\t<meta property=\"og:image:height\" content=\"667\" \/>\n\t<meta property=\"og:image:type\" content=\"image\/jpeg\" \/>\n<meta name=\"twitter:card\" content=\"summary_large_image\" \/>\n<meta name=\"twitter:label1\" content=\"Arvioitu lukuaika\" \/>\n\t<meta name=\"twitter:data1\" content=\"2 minuuttia\" \/>\n<script type=\"application\/ld+json\" class=\"yoast-schema-graph\">{\"@context\":\"https:\\\/\\\/schema.org\",\"@graph\":[{\"@type\":\"WebPage\",\"@id\":\"https:\\\/\\\/tilk.bio\\\/fi\\\/verkkokauppa\\\/matkakokoinen-tinted-me-ihon-varia-tasoittava-kasvovoide\\\/\",\"url\":\"https:\\\/\\\/tilk.bio\\\/fi\\\/verkkokauppa\\\/matkakokoinen-tinted-me-ihon-varia-tasoittava-kasvovoide\\\/\",\"name\":\"Matkakokoinen Tinted Me ihon v\u00e4ri\u00e4 tasoittava kasvovoide - Tilk!\",\"isPartOf\":{\"@id\":\"https:\\\/\\\/tilk.bio\\\/et\\\/#website\"},\"primaryImageOfPage\":{\"@id\":\"https:\\\/\\\/tilk.bio\\\/fi\\\/verkkokauppa\\\/matkakokoinen-tinted-me-ihon-varia-tasoittava-kasvovoide\\\/#primaryimage\"},\"image\":{\"@id\":\"https:\\\/\\\/tilk.bio\\\/fi\\\/verkkokauppa\\\/matkakokoinen-tinted-me-ihon-varia-tasoittava-kasvovoide\\\/#primaryimage\"},\"thumbnailUrl\":\"https:\\\/\\\/tilk.bio\\\/wp-content\\\/uploads\\\/2016\\\/01\\\/tinted-reisikas.png\",\"datePublished\":\"2018-04-25T15:37:53+00:00\",\"dateModified\":\"2026-04-09T08:45:09+00:00\",\"breadcrumb\":{\"@id\":\"https:\\\/\\\/tilk.bio\\\/fi\\\/verkkokauppa\\\/matkakokoinen-tinted-me-ihon-varia-tasoittava-kasvovoide\\\/#breadcrumb\"},\"inLanguage\":\"fi\",\"potentialAction\":[{\"@type\":\"ReadAction\",\"target\":[\"https:\\\/\\\/tilk.bio\\\/fi\\\/verkkokauppa\\\/matkakokoinen-tinted-me-ihon-varia-tasoittava-kasvovoide\\\/\"]}]},{\"@type\":\"ImageObject\",\"inLanguage\":\"fi\",\"@id\":\"https:\\\/\\\/tilk.bio\\\/fi\\\/verkkokauppa\\\/matkakokoinen-tinted-me-ihon-varia-tasoittava-kasvovoide\\\/#primaryimage\",\"url\":\"https:\\\/\\\/tilk.bio\\\/wp-content\\\/uploads\\\/2016\\\/01\\\/tinted-reisikas.png\",\"contentUrl\":\"https:\\\/\\\/tilk.bio\\\/wp-content\\\/uploads\\\/2016\\\/01\\\/tinted-reisikas.png\",\"width\":920,\"height\":1100,\"caption\":\"bio face cream\"},{\"@type\":\"BreadcrumbList\",\"@id\":\"https:\\\/\\\/tilk.bio\\\/fi\\\/verkkokauppa\\\/matkakokoinen-tinted-me-ihon-varia-tasoittava-kasvovoide\\\/#breadcrumb\",\"itemListElement\":[{\"@type\":\"ListItem\",\"position\":1,\"name\":\"Home\",\"item\":\"https:\\\/\\\/tilk.bio\\\/fi\\\/\"},{\"@type\":\"ListItem\",\"position\":2,\"name\":\"Verkkokauppa\",\"item\":\"https:\\\/\\\/tilk.bio\\\/fi\\\/verkkokauppa\\\/\"},{\"@type\":\"ListItem\",\"position\":3,\"name\":\"Matkakokoinen Tinted Me ihon v\u00e4ri\u00e4 tasoittava kasvovoide\"}]},{\"@type\":\"WebSite\",\"@id\":\"https:\\\/\\\/tilk.bio\\\/et\\\/#website\",\"url\":\"https:\\\/\\\/tilk.bio\\\/et\\\/\",\"name\":\"Tilk!\",\"description\":\"Natural and sustainable skincare!\",\"potentialAction\":[{\"@type\":\"SearchAction\",\"target\":{\"@type\":\"EntryPoint\",\"urlTemplate\":\"https:\\\/\\\/tilk.bio\\\/et\\\/?s={search_term_string}\"},\"query-input\":{\"@type\":\"PropertyValueSpecification\",\"valueRequired\":true,\"valueName\":\"search_term_string\"}}],\"inLanguage\":\"fi\"}]}<\/script>\n<!-- \/ Yoast SEO plugin. -->","yoast_head_json":{"title":"Matkakokoinen Tinted Me ihon v\u00e4ri\u00e4 tasoittava kasvovoide - Tilk!","robots":{"index":"index","follow":"follow","max-snippet":"max-snippet:-1","max-image-preview":"max-image-preview:large","max-video-preview":"max-video-preview:-1"},"canonical":"https:\/\/tilk.bio\/fi\/verkkokauppa\/matkakokoinen-tinted-me-ihon-varia-tasoittava-kasvovoide\/","og_locale":"fi_FI","og_type":"article","og_title":"Matkakokoinen Tinted Me ihon v\u00e4ri\u00e4 tasoittava kasvovoide - Tilk!","og_description":"Tinted Me kasvovoide on valmistettu bioaktiivisista aineosista. Raikas ihon v\u00e4ri\u00e4 tasoittava kasvovoide kosteuttaa ihoa. Voide sopii niin normaali-, kuin my\u00f6s sekaiholle. Jos sinulla on kuiva iho, voit k\u00e4ytt\u00e4\u00e4 Tinted Me kasvovoidetta yhdess\u00e4 Tilk!in Moisturise Me kasvovoiteen kanssa takamaan toivotun tulemuksen. Vaikuttavat ainesosat ovat porkkana\u00f6ljy ja sheavoi sek\u00e4 nokkosen, ruusunmarjan ja kev\u00e4tesikon bioaktiiviset aineet. Salainen ainesosa on luonnollinen mineraalijauhe. Tuote sopii parhaiten vaalealle ja keskivaalealle iholle. Ota matkakokoinen pakkaus mukaan seuraavalle reissulle ja l\u00f6yd\u00e4 sinun uusi ihonhoidon kestosuosikkisi. Kasvovoide on valmistettu 100% luonnollisista ainesosista ja tuote on vegaani. K\u00e4yt\u00e4mme kaikissa luonnonkosmetiikkatuotteissamme Saarenmaalta k\u00e4sin poimittujen yrttien \u00f6ljyj\u00e4.  Koko: 10ml","og_url":"https:\/\/tilk.bio\/fi\/verkkokauppa\/matkakokoinen-tinted-me-ihon-varia-tasoittava-kasvovoide\/","og_site_name":"Tilk!","article_publisher":"https:\/\/www.facebook.com\/tilk.bio\/","article_modified_time":"2026-04-09T08:45:09+00:00","og_image":[{"width":1000,"height":667,"url":"https:\/\/tilk.bio\/wp-content\/uploads\/2015\/12\/Tilk-Skincare-Regenerate-Me.jpg","type":"image\/jpeg"}],"twitter_card":"summary_large_image","twitter_misc":{"Arvioitu lukuaika":"2 minuuttia"},"schema":{"@context":"https:\/\/schema.org","@graph":[{"@type":"WebPage","@id":"https:\/\/tilk.bio\/fi\/verkkokauppa\/matkakokoinen-tinted-me-ihon-varia-tasoittava-kasvovoide\/","url":"https:\/\/tilk.bio\/fi\/verkkokauppa\/matkakokoinen-tinted-me-ihon-varia-tasoittava-kasvovoide\/","name":"Matkakokoinen Tinted Me ihon v\u00e4ri\u00e4 tasoittava kasvovoide - Tilk!","isPartOf":{"@id":"https:\/\/tilk.bio\/et\/#website"},"primaryImageOfPage":{"@id":"https:\/\/tilk.bio\/fi\/verkkokauppa\/matkakokoinen-tinted-me-ihon-varia-tasoittava-kasvovoide\/#primaryimage"},"image":{"@id":"https:\/\/tilk.bio\/fi\/verkkokauppa\/matkakokoinen-tinted-me-ihon-varia-tasoittava-kasvovoide\/#primaryimage"},"thumbnailUrl":"https:\/\/tilk.bio\/wp-content\/uploads\/2016\/01\/tinted-reisikas.png","datePublished":"2018-04-25T15:37:53+00:00","dateModified":"2026-04-09T08:45:09+00:00","breadcrumb":{"@id":"https:\/\/tilk.bio\/fi\/verkkokauppa\/matkakokoinen-tinted-me-ihon-varia-tasoittava-kasvovoide\/#breadcrumb"},"inLanguage":"fi","potentialAction":[{"@type":"ReadAction","target":["https:\/\/tilk.bio\/fi\/verkkokauppa\/matkakokoinen-tinted-me-ihon-varia-tasoittava-kasvovoide\/"]}]},{"@type":"ImageObject","inLanguage":"fi","@id":"https:\/\/tilk.bio\/fi\/verkkokauppa\/matkakokoinen-tinted-me-ihon-varia-tasoittava-kasvovoide\/#primaryimage","url":"https:\/\/tilk.bio\/wp-content\/uploads\/2016\/01\/tinted-reisikas.png","contentUrl":"https:\/\/tilk.bio\/wp-content\/uploads\/2016\/01\/tinted-reisikas.png","width":920,"height":1100,"caption":"bio face cream"},{"@type":"BreadcrumbList","@id":"https:\/\/tilk.bio\/fi\/verkkokauppa\/matkakokoinen-tinted-me-ihon-varia-tasoittava-kasvovoide\/#breadcrumb","itemListElement":[{"@type":"ListItem","position":1,"name":"Home","item":"https:\/\/tilk.bio\/fi\/"},{"@type":"ListItem","position":2,"name":"Verkkokauppa","item":"https:\/\/tilk.bio\/fi\/verkkokauppa\/"},{"@type":"ListItem","position":3,"name":"Matkakokoinen Tinted Me ihon v\u00e4ri\u00e4 tasoittava kasvovoide"}]},{"@type":"WebSite","@id":"https:\/\/tilk.bio\/et\/#website","url":"https:\/\/tilk.bio\/et\/","name":"Tilk!","description":"Natural and sustainable skincare!","potentialAction":[{"@type":"SearchAction","target":{"@type":"EntryPoint","urlTemplate":"https:\/\/tilk.bio\/et\/?s={search_term_string}"},"query-input":{"@type":"PropertyValueSpecification","valueRequired":true,"valueName":"search_term_string"}}],"inLanguage":"fi"}]}},"_links":{"self":[{"href":"https:\/\/tilk.bio\/fi\/wp-json\/wp\/v2\/product\/22858","targetHints":{"allow":["GET"]}}],"collection":[{"href":"https:\/\/tilk.bio\/fi\/wp-json\/wp\/v2\/product"}],"about":[{"href":"https:\/\/tilk.bio\/fi\/wp-json\/wp\/v2\/types\/product"}],"replies":[{"embeddable":true,"href":"https:\/\/tilk.bio\/fi\/wp-json\/wp\/v2\/comments?post=22858"}],"wp:featuredmedia":[{"embeddable":true,"href":"https:\/\/tilk.bio\/fi\/wp-json\/wp\/v2\/media\/23692"}],"wp:attachment":[{"href":"https:\/\/tilk.bio\/fi\/wp-json\/wp\/v2\/media?parent=22858"}],"wp:term":[{"taxonomy":"product_brand","embeddable":true,"href":"https:\/\/tilk.bio\/fi\/wp-json\/wp\/v2\/product_brand?post=22858"},{"taxonomy":"product_cat","embeddable":true,"href":"https:\/\/tilk.bio\/fi\/wp-json\/wp\/v2\/product_cat?post=22858"},{"taxonomy":"product_tag","embeddable":true,"href":"https:\/\/tilk.bio\/fi\/wp-json\/wp\/v2\/product_tag?post=22858"}],"curies":[{"name":"wp","href":"https:\/\/api.w.org\/{rel}","templated":true}]}}