{"id":22861,"date":"2018-04-25T08:52:04","date_gmt":"2018-04-25T05:52:04","guid":{"rendered":"https:\/\/tilk.bio\/shop\/tinted-me-ihon-varia-tasoittava-kasvovoide\/"},"modified":"2026-04-10T14:00:19","modified_gmt":"2026-04-10T11:00:19","slug":"tinted-me-ihon-varia-tasoittava-kasvovoide","status":"publish","type":"product","link":"https:\/\/tilk.bio\/fi\/verkkokauppa\/tinted-me-ihon-varia-tasoittava-kasvovoide\/","title":{"rendered":"Tinted Me ihon v\u00e4ri\u00e4 tasoittava kasvovoide"},"content":{"rendered":"<p>PALKITUSTI PARAS<\/p>\n<p>Tinted Me on kevyt ja raikas kasvovoide, joka kosteuttaa ja s\u00e4vytt\u00e4\u00e4 ihoa. Ihanteellinen normaalille ja sekaiholle, vaalealle ja keskivaalealle ihon s\u00e4vylle. Kuivalle iholle suosittelemme k\u00e4ytt\u00e4m\u00e4\u00e4n yhdess\u00e4 kosteusvoiteen kanssa. Koostumukseltaan kevyt voide ei tuki ihohuokosia.<\/p>\n<p>Porkkana- ja manteli\u00f6ljyt ravitsevat ja pehment\u00e4v\u00e4t ihoa sek\u00e4 suojaavat sit\u00e4 ulkoisilta rasituksilta, kuten \u00e4\u00e4ril\u00e4mp\u00f6tiloilta, ilmansaasteilta ja UV-s\u00e4teilt\u00e4. Ruusunsiemen\u00f6ljy sis\u00e4lt\u00e4\u00e4 runsaasti A-vitamiinia ja antioksidantteja, jotka tukevat ihon uudistumista ja parantavat sen s\u00e4vy\u00e4. Runsaasti beetakaroteenia sek\u00e4 A-, B-, C-, D-, E- ja F-vitamiineja sis\u00e4lt\u00e4v\u00e4 porkkana\u00f6ljy kosteuttaa ihoa tehokkaasti sek\u00e4 antaa sille kauniin ja hehkuvan s\u00e4vyn. Sis\u00e4lt\u00e4miens\u00e4 mineraalijauheiden ansiosta voide antaa my\u00f6s kevyen luonnollisen aurinkosuojan. Kookos- ja sheavoit tukevat ihon kosteustasapainoa. Sheavoi my\u00f6s v\u00e4hent\u00e4\u00e4 ryppyj\u00e4, uudistaa ihosoluja ja lis\u00e4\u00e4 ihon kimmoisuutta. Voiteen tuoksu on sekoitus laventelia ja kev\u00e4tesikkoa.<\/p>\n<p>K\u00e4ytt\u00f6: Levit\u00e4 puhdistetuille kasvoille. Kuivalle iholle suosittelemme k\u00e4ytt\u00e4m\u00e4\u00e4n ensin kosteuttavaa kasvovoidetta. Lis\u00e4\u00e4 Tinted Me kasvovoiteen imeydytty\u00e4.<\/p>\n<p>Tuotteen kaikki ainesosat ovat luontaista ja vegaanista alkuper\u00e4\u00e4. Tuotteessa on k\u00e4ytetty Saarenmaalta k\u00e4sin poimituista kasveista saatuja \u00f6ljyj\u00e4.<\/p>\n<p>S\u00e4ilytys huoneenl\u00e4mm\u00f6ss\u00e4.<\/p>\n<p>Koko: 10ml\/50ml<\/p>\n<p><a ref=\"magnificPopup\" href=\"https:\/\/tilk.bio\/wp-content\/uploads\/2016\/01\/Vegan_sign-07.png\"><img loading=\"lazy\" decoding=\"async\" class=\"alignnone wp-image-22658\" src=\"https:\/\/tilk.bio\/wp-content\/uploads\/2016\/01\/Vegan_sign-07.png\" alt=\"\" width=\"94\" height=\"94\" srcset=\"https:\/\/tilk.bio\/wp-content\/uploads\/2016\/01\/Vegan_sign-07.png 165w, https:\/\/tilk.bio\/wp-content\/uploads\/2016\/01\/Vegan_sign-07-150x150.png 150w\" sizes=\"auto, (max-width: 94px) 100vw, 94px\" \/>\u00a0\u00a0<\/a><a ref=\"magnificPopup\" href=\"https:\/\/tilk.bio\/wp-content\/uploads\/2015\/11\/sisaltaa_puisen_lastan_anim.gif\"><img loading=\"lazy\" decoding=\"async\" class=\"alignnone wp-image-23764\" src=\"https:\/\/tilk.bio\/wp-content\/uploads\/2015\/11\/sisaltaa_puisen_lastan_anim.gif\" alt=\"\" width=\"99\" height=\"86\" \/><\/a><a ref=\"magnificPopup\" href=\"https:\/\/tilk.bio\/wp-content\/uploads\/2018\/08\/package_anim_FIN.gif\"><img loading=\"lazy\" decoding=\"async\" class=\"alignnone size-full wp-image-23966\" src=\"https:\/\/tilk.bio\/wp-content\/uploads\/2018\/08\/package_anim_FIN.gif\" alt=\"\" width=\"125\" height=\"100\" \/><\/a><\/p>\n","protected":false},"excerpt":{"rendered":"<p>PALKITUSTI PARAS Tinted Me on kevyt ja raikas kasvovoide, joka kosteuttaa ja s\u00e4vytt\u00e4\u00e4 ihoa. Ihanteellinen normaalille ja sekaiholle, vaalealle ja keskivaalealle ihon s\u00e4vylle. Kuivalle iholle suosittelemme k\u00e4ytt\u00e4m\u00e4\u00e4n yhdess\u00e4 kosteusvoiteen kanssa. Koostumukseltaan kevyt voide ei tuki ihohuokosia. Porkkana- ja manteli\u00f6ljyt ravitsevat ja pehment\u00e4v\u00e4t ihoa sek\u00e4 suojaavat sit\u00e4 ulkoisilta rasituksilta, kuten \u00e4\u00e4ril\u00e4mp\u00f6tiloilta, ilmansaasteilta ja UV-s\u00e4teilt\u00e4. Ruusunsiemen\u00f6ljy sis\u00e4lt\u00e4\u00e4&#8230;<\/p>\n","protected":false},"featured_media":67444,"comment_status":"open","ping_status":"closed","template":"","meta":{"_acf_changed":false},"product_brand":[],"product_cat":[747,741,501,512,630,768,502,742,979,671,730],"product_tag":[414,413],"class_list":{"0":"post-22861","1":"product","2":"type-product","3":"status-publish","4":"has-post-thumbnail","6":"product_cat-akne-ja-rasvainen-iho","7":"product_cat-epatasainen-iho","8":"product_cat-kaikki-tuotteet","9":"product_cat-kasvohoito","10":"product_cat-kasvovoiteet","11":"product_cat-meikit","12":"product_cat-myydyimmat","13":"product_cat-normaali-ja-sekaiho","14":"product_cat-shea-butter","15":"product_cat-spaattelin-mahdollisuus","16":"product_cat-tilk-herbal-fi","17":"product_tag-sekaiho-fi","18":"product_tag-normaali-iho","20":"first","21":"instock","22":"taxable","23":"shipping-taxable","24":"purchasable","25":"product-type-variable"},"acf":[],"yoast_head":"<!-- This site is optimized with the Yoast SEO plugin v27.3 - https:\/\/yoast.com\/product\/yoast-seo-wordpress\/ -->\n<title>Ihon v\u00e4ri\u00e4 tasoittava voide<\/title>\n<meta name=\"description\" content=\"Tinted Me on kevyt ja raikas kasvovoide, joka kosteuttaa ja s\u00e4vytt\u00e4\u00e4 ihoa. Ihanteellinen normaalille ja sekaiholle, vaalealle ja keskivaalealle ihon s\u00e4vyl..\" \/>\n<meta name=\"robots\" content=\"index, follow, max-snippet:-1, max-image-preview:large, max-video-preview:-1\" \/>\n<link rel=\"canonical\" href=\"https:\/\/tilk.bio\/verkkokauppa\/tinted-me-tinted-face-moisturiser\/\" \/>\n<meta property=\"og:locale\" content=\"fi_FI\" \/>\n<meta property=\"og:type\" content=\"article\" \/>\n<meta property=\"og:title\" content=\"Ihon v\u00e4ri\u00e4 tasoittava voide\" \/>\n<meta property=\"og:description\" content=\"Tinted Me on kevyt ja raikas kasvovoide, joka kosteuttaa ja s\u00e4vytt\u00e4\u00e4 ihoa. Ihanteellinen normaalille ja sekaiholle, vaalealle ja keskivaalealle ihon s\u00e4vyl..\" \/>\n<meta property=\"og:url\" content=\"https:\/\/tilk.bio\/verkkokauppa\/tinted-me-tinted-face-moisturiser\/\" \/>\n<meta property=\"og:site_name\" content=\"Tilk!\" \/>\n<meta property=\"article:publisher\" content=\"https:\/\/www.facebook.com\/tilk.bio\/\" \/>\n<meta property=\"article:modified_time\" content=\"2026-04-10T11:00:19+00:00\" \/>\n<meta property=\"og:image\" content=\"https:\/\/tilk.bio\/wp-content\/uploads\/2018\/08\/IMG_7017.png\" \/>\n\t<meta property=\"og:image:width\" content=\"900\" \/>\n\t<meta property=\"og:image:height\" content=\"900\" \/>\n\t<meta property=\"og:image:type\" content=\"image\/png\" \/>\n<meta name=\"twitter:card\" content=\"summary_large_image\" \/>\n<meta name=\"twitter:label1\" content=\"Arvioitu lukuaika\" \/>\n\t<meta name=\"twitter:data1\" content=\"2 minuuttia\" \/>\n<script type=\"application\/ld+json\" class=\"yoast-schema-graph\">{\"@context\":\"https:\\\/\\\/schema.org\",\"@graph\":[{\"@type\":\"WebPage\",\"@id\":\"https:\\\/\\\/tilk.bio\\\/verkkokauppa\\\/tinted-me-tinted-face-moisturiser\\\/\",\"url\":\"https:\\\/\\\/tilk.bio\\\/verkkokauppa\\\/tinted-me-tinted-face-moisturiser\\\/\",\"name\":\"Ihon v\u00e4ri\u00e4 tasoittava voide\",\"isPartOf\":{\"@id\":\"https:\\\/\\\/tilk.bio\\\/et\\\/#website\"},\"primaryImageOfPage\":{\"@id\":\"https:\\\/\\\/tilk.bio\\\/verkkokauppa\\\/tinted-me-tinted-face-moisturiser\\\/#primaryimage\"},\"image\":{\"@id\":\"https:\\\/\\\/tilk.bio\\\/verkkokauppa\\\/tinted-me-tinted-face-moisturiser\\\/#primaryimage\"},\"thumbnailUrl\":\"https:\\\/\\\/tilk.bio\\\/wp-content\\\/uploads\\\/2018\\\/08\\\/8.jpg\",\"datePublished\":\"2018-04-25T05:52:04+00:00\",\"dateModified\":\"2026-04-10T11:00:19+00:00\",\"description\":\"Tinted Me on kevyt ja raikas kasvovoide, joka kosteuttaa ja s\u00e4vytt\u00e4\u00e4 ihoa. Ihanteellinen normaalille ja sekaiholle, vaalealle ja keskivaalealle ihon s\u00e4vyl..\",\"breadcrumb\":{\"@id\":\"https:\\\/\\\/tilk.bio\\\/verkkokauppa\\\/tinted-me-tinted-face-moisturiser\\\/#breadcrumb\"},\"inLanguage\":\"fi\",\"potentialAction\":[{\"@type\":\"ReadAction\",\"target\":[\"https:\\\/\\\/tilk.bio\\\/verkkokauppa\\\/tinted-me-tinted-face-moisturiser\\\/\"]}]},{\"@type\":\"ImageObject\",\"inLanguage\":\"fi\",\"@id\":\"https:\\\/\\\/tilk.bio\\\/verkkokauppa\\\/tinted-me-tinted-face-moisturiser\\\/#primaryimage\",\"url\":\"https:\\\/\\\/tilk.bio\\\/wp-content\\\/uploads\\\/2018\\\/08\\\/8.jpg\",\"contentUrl\":\"https:\\\/\\\/tilk.bio\\\/wp-content\\\/uploads\\\/2018\\\/08\\\/8.jpg\",\"width\":1200,\"height\":1200},{\"@type\":\"BreadcrumbList\",\"@id\":\"https:\\\/\\\/tilk.bio\\\/verkkokauppa\\\/tinted-me-tinted-face-moisturiser\\\/#breadcrumb\",\"itemListElement\":[{\"@type\":\"ListItem\",\"position\":1,\"name\":\"Home\",\"item\":\"https:\\\/\\\/tilk.bio\\\/fi\\\/\"},{\"@type\":\"ListItem\",\"position\":2,\"name\":\"Verkkokauppa\",\"item\":\"https:\\\/\\\/tilk.bio\\\/fi\\\/verkkokauppa\\\/\"},{\"@type\":\"ListItem\",\"position\":3,\"name\":\"Tinted Me ihon v\u00e4ri\u00e4 tasoittava kasvovoide\"}]},{\"@type\":\"WebSite\",\"@id\":\"https:\\\/\\\/tilk.bio\\\/et\\\/#website\",\"url\":\"https:\\\/\\\/tilk.bio\\\/et\\\/\",\"name\":\"Tilk!\",\"description\":\"Natural and sustainable skincare!\",\"potentialAction\":[{\"@type\":\"SearchAction\",\"target\":{\"@type\":\"EntryPoint\",\"urlTemplate\":\"https:\\\/\\\/tilk.bio\\\/et\\\/?s={search_term_string}\"},\"query-input\":{\"@type\":\"PropertyValueSpecification\",\"valueRequired\":true,\"valueName\":\"search_term_string\"}}],\"inLanguage\":\"fi\"}]}<\/script>\n<!-- \/ Yoast SEO plugin. -->","yoast_head_json":{"title":"Ihon v\u00e4ri\u00e4 tasoittava voide","description":"Tinted Me on kevyt ja raikas kasvovoide, joka kosteuttaa ja s\u00e4vytt\u00e4\u00e4 ihoa. Ihanteellinen normaalille ja sekaiholle, vaalealle ja keskivaalealle ihon s\u00e4vyl..","robots":{"index":"index","follow":"follow","max-snippet":"max-snippet:-1","max-image-preview":"max-image-preview:large","max-video-preview":"max-video-preview:-1"},"canonical":"https:\/\/tilk.bio\/verkkokauppa\/tinted-me-tinted-face-moisturiser\/","og_locale":"fi_FI","og_type":"article","og_title":"Ihon v\u00e4ri\u00e4 tasoittava voide","og_description":"Tinted Me on kevyt ja raikas kasvovoide, joka kosteuttaa ja s\u00e4vytt\u00e4\u00e4 ihoa. Ihanteellinen normaalille ja sekaiholle, vaalealle ja keskivaalealle ihon s\u00e4vyl..","og_url":"https:\/\/tilk.bio\/verkkokauppa\/tinted-me-tinted-face-moisturiser\/","og_site_name":"Tilk!","article_publisher":"https:\/\/www.facebook.com\/tilk.bio\/","article_modified_time":"2026-04-10T11:00:19+00:00","og_image":[{"width":900,"height":900,"url":"https:\/\/tilk.bio\/wp-content\/uploads\/2018\/08\/IMG_7017.png","type":"image\/png"}],"twitter_card":"summary_large_image","twitter_misc":{"Arvioitu lukuaika":"2 minuuttia"},"schema":{"@context":"https:\/\/schema.org","@graph":[{"@type":"WebPage","@id":"https:\/\/tilk.bio\/verkkokauppa\/tinted-me-tinted-face-moisturiser\/","url":"https:\/\/tilk.bio\/verkkokauppa\/tinted-me-tinted-face-moisturiser\/","name":"Ihon v\u00e4ri\u00e4 tasoittava voide","isPartOf":{"@id":"https:\/\/tilk.bio\/et\/#website"},"primaryImageOfPage":{"@id":"https:\/\/tilk.bio\/verkkokauppa\/tinted-me-tinted-face-moisturiser\/#primaryimage"},"image":{"@id":"https:\/\/tilk.bio\/verkkokauppa\/tinted-me-tinted-face-moisturiser\/#primaryimage"},"thumbnailUrl":"https:\/\/tilk.bio\/wp-content\/uploads\/2018\/08\/8.jpg","datePublished":"2018-04-25T05:52:04+00:00","dateModified":"2026-04-10T11:00:19+00:00","description":"Tinted Me on kevyt ja raikas kasvovoide, joka kosteuttaa ja s\u00e4vytt\u00e4\u00e4 ihoa. Ihanteellinen normaalille ja sekaiholle, vaalealle ja keskivaalealle ihon s\u00e4vyl..","breadcrumb":{"@id":"https:\/\/tilk.bio\/verkkokauppa\/tinted-me-tinted-face-moisturiser\/#breadcrumb"},"inLanguage":"fi","potentialAction":[{"@type":"ReadAction","target":["https:\/\/tilk.bio\/verkkokauppa\/tinted-me-tinted-face-moisturiser\/"]}]},{"@type":"ImageObject","inLanguage":"fi","@id":"https:\/\/tilk.bio\/verkkokauppa\/tinted-me-tinted-face-moisturiser\/#primaryimage","url":"https:\/\/tilk.bio\/wp-content\/uploads\/2018\/08\/8.jpg","contentUrl":"https:\/\/tilk.bio\/wp-content\/uploads\/2018\/08\/8.jpg","width":1200,"height":1200},{"@type":"BreadcrumbList","@id":"https:\/\/tilk.bio\/verkkokauppa\/tinted-me-tinted-face-moisturiser\/#breadcrumb","itemListElement":[{"@type":"ListItem","position":1,"name":"Home","item":"https:\/\/tilk.bio\/fi\/"},{"@type":"ListItem","position":2,"name":"Verkkokauppa","item":"https:\/\/tilk.bio\/fi\/verkkokauppa\/"},{"@type":"ListItem","position":3,"name":"Tinted Me ihon v\u00e4ri\u00e4 tasoittava kasvovoide"}]},{"@type":"WebSite","@id":"https:\/\/tilk.bio\/et\/#website","url":"https:\/\/tilk.bio\/et\/","name":"Tilk!","description":"Natural and sustainable skincare!","potentialAction":[{"@type":"SearchAction","target":{"@type":"EntryPoint","urlTemplate":"https:\/\/tilk.bio\/et\/?s={search_term_string}"},"query-input":{"@type":"PropertyValueSpecification","valueRequired":true,"valueName":"search_term_string"}}],"inLanguage":"fi"}]}},"_links":{"self":[{"href":"https:\/\/tilk.bio\/fi\/wp-json\/wp\/v2\/product\/22861","targetHints":{"allow":["GET"]}}],"collection":[{"href":"https:\/\/tilk.bio\/fi\/wp-json\/wp\/v2\/product"}],"about":[{"href":"https:\/\/tilk.bio\/fi\/wp-json\/wp\/v2\/types\/product"}],"replies":[{"embeddable":true,"href":"https:\/\/tilk.bio\/fi\/wp-json\/wp\/v2\/comments?post=22861"}],"wp:featuredmedia":[{"embeddable":true,"href":"https:\/\/tilk.bio\/fi\/wp-json\/wp\/v2\/media\/67444"}],"wp:attachment":[{"href":"https:\/\/tilk.bio\/fi\/wp-json\/wp\/v2\/media?parent=22861"}],"wp:term":[{"taxonomy":"product_brand","embeddable":true,"href":"https:\/\/tilk.bio\/fi\/wp-json\/wp\/v2\/product_brand?post=22861"},{"taxonomy":"product_cat","embeddable":true,"href":"https:\/\/tilk.bio\/fi\/wp-json\/wp\/v2\/product_cat?post=22861"},{"taxonomy":"product_tag","embeddable":true,"href":"https:\/\/tilk.bio\/fi\/wp-json\/wp\/v2\/product_tag?post=22861"}],"curies":[{"name":"wp","href":"https:\/\/api.w.org\/{rel}","templated":true}]}}