{"id":23042,"date":"2017-04-15T20:04:53","date_gmt":"2016-04-15T20:04:53","guid":{"rendered":"https:\/\/tilk.bio\/shop\/power-me-kasvovoide\/"},"modified":"2026-04-19T21:15:11","modified_gmt":"2026-04-19T18:15:11","slug":"power-me-kasvovoide","status":"publish","type":"product","link":"https:\/\/tilk.bio\/fi\/verkkokauppa\/power-me-kasvovoide\/","title":{"rendered":"Power Me &#8211; aloe veraa sis\u00e4lt\u00e4v\u00e4 rauhoittava kasvovoide miehille"},"content":{"rendered":"<p>PALKITUSTI PARAS<\/p>\n<p>Power Me on ihanteellinen kasvovoide miehille. Se on tarkoitettu ihon p\u00e4ivitt\u00e4iseen kosteuttamiseen, hoitamiseen ja rauhoittamiseen, ja se ravitsee my\u00f6s kuivaa tai hilseilev\u00e4\u00e4 ihoa. Voide sopii my\u00f6s parranajon j\u00e4lkeen k\u00e4ytett\u00e4v\u00e4ksi \u2013 sen ainesosat rauhoittavat, uudistavat ja vahvistavat parranajon kuivattamaa tai vahingoittamaa ihoa.<\/p>\n<p>Voiteen sis\u00e4lt\u00e4m\u00e4t kamomilla, aloe vera ja keh\u00e4kukka edesauttavat pienten haavojen parantumista ja rauhoittavat ihoa. Kookos- ja manteli\u00f6ljyt takaavat ihon kosteustasapainon. Manteli\u00f6ljyn ja mehil\u00e4isvahan bioaktiiviset ainesosat ravitsevat ja kosteuttavat ihoa, tasoittavat juonteita ja muodostavat iholle suojaavan kerroksen. Tuotteeseen ei ole lis\u00e4tty hajusteita \u2013 mieto tuoksu on per\u00e4isin voiteen raikkaista ainesosista.<\/p>\n<p><strong>K\u00e4ytt\u00f6:<\/strong> Levit\u00e4 iholle parranajon j\u00e4lkeen \u2013 parranajoon suosittelemme <a href=\"https:\/\/tilk.bio\/fi\/verkkokauppa\/shave-me-aloe-veraa-ja-kehakukkaa-sisaltava-voide-parran-ja-ihokarvojen-ajoon\/\"><strong>Shave Me -parranajovoidetta<\/strong><\/a> \u2013 tai k\u00e4yt\u00e4 p\u00e4iv\u00e4voiteena puhdistetuille kasvoille.<\/p>\n<p>Tuotteen kaikki ainesosat ovat luontaista alkuper\u00e4\u00e4. Tuotteessa on k\u00e4ytetty Saarenmaalta k\u00e4sin poimituista kasveista saatuja \u00f6ljyj\u00e4.<\/p>\n<p>S\u00e4ilytys huoneenl\u00e4mm\u00f6ss\u00e4.<\/p>\n<p>Koko: 10ml\/50ml<\/p>\n<p><a ref=\"magnificPopup\" href=\"https:\/\/tilk.bio\/wp-content\/uploads\/2015\/11\/sisaltaa_puisen_lastan_anim.gif\"><img loading=\"lazy\" decoding=\"async\" class=\"alignnone size-full wp-image-23764\" src=\"https:\/\/tilk.bio\/wp-content\/uploads\/2015\/11\/sisaltaa_puisen_lastan_anim.gif\" alt=\"\" width=\"115\" height=\"100\" \/><\/a><a ref=\"magnificPopup\" href=\"https:\/\/tilk.bio\/wp-content\/uploads\/2018\/08\/package_anim_FIN.gif\"><img loading=\"lazy\" decoding=\"async\" class=\"alignnone size-full wp-image-23966\" src=\"https:\/\/tilk.bio\/wp-content\/uploads\/2018\/08\/package_anim_FIN.gif\" alt=\"\" width=\"125\" height=\"100\" \/><\/a><\/p>\n","protected":false},"excerpt":{"rendered":"<p>PALKITUSTI PARAS Power Me on ihanteellinen kasvovoide miehille. Se on tarkoitettu ihon p\u00e4ivitt\u00e4iseen kosteuttamiseen, hoitamiseen ja rauhoittamiseen, ja se ravitsee my\u00f6s kuivaa tai hilseilev\u00e4\u00e4 ihoa. Voide sopii my\u00f6s parranajon j\u00e4lkeen k\u00e4ytett\u00e4v\u00e4ksi \u2013 sen ainesosat rauhoittavat, uudistavat ja vahvistavat parranajon kuivattamaa tai vahingoittamaa ihoa. Voiteen sis\u00e4lt\u00e4m\u00e4t kamomilla, aloe vera ja keh\u00e4kukka edesauttavat pienten haavojen parantumista ja&#8230;<\/p>\n","protected":false},"featured_media":67424,"comment_status":"open","ping_status":"closed","template":"","meta":{"_acf_changed":false},"product_brand":[],"product_cat":[501,512,630,737,634,742,671,730],"product_tag":[425,751,413],"class_list":{"0":"post-23042","1":"product","2":"type-product","3":"status-publish","4":"has-post-thumbnail","6":"product_cat-kaikki-tuotteet","7":"product_cat-kasvohoito","8":"product_cat-kasvovoiteet","9":"product_cat-kuiva-iho","10":"product_cat-miehille","11":"product_cat-normaali-ja-sekaiho","12":"product_cat-spaattelin-mahdollisuus","13":"product_cat-tilk-herbal-fi","14":"product_tag-kasvovoide-fi","15":"product_tag-miehille","16":"product_tag-normaali-iho","18":"first","19":"instock","20":"taxable","21":"shipping-taxable","22":"purchasable","23":"product-type-variable"},"acf":[],"yoast_head":"<!-- This site is optimized with the Yoast SEO plugin v27.4 - https:\/\/yoast.com\/product\/yoast-seo-wordpress\/ -->\n<title>Power Me - aloe veraa sis\u00e4lt\u00e4v\u00e4 rauhoittava kasvovoide miehille - Tilk!<\/title>\n<meta name=\"robots\" content=\"index, follow, max-snippet:-1, max-image-preview:large, max-video-preview:-1\" \/>\n<link rel=\"canonical\" href=\"https:\/\/tilk.bio\/fi\/verkkokauppa\/power-me-kasvovoide\/\" \/>\n<meta property=\"og:locale\" content=\"fi_FI\" \/>\n<meta property=\"og:type\" content=\"article\" \/>\n<meta property=\"og:title\" content=\"Power Me kasvovoide miehille\" \/>\n<meta property=\"og:description\" content=\"Power Me on ihanteellinen voide miehille. Bioaktiiviset ainesosat kasvovoiteessa ravitsevat ja kosteuttavat ihoa, samanaikaisesti silloittaen ryppyj\u00e4. Kasvovoide luo iholle my\u00f6s suojaavan kerroksen. Voide on ihanteellinen partavesi, koska se sis\u00e4lt\u00e4\u00e4 Aloe Veraa, kamomillaa ja kookos\u00f6ljy\u00e4, jotka vahvistavat, palauttavat ja rauhoittavat ihoa. Kasvovoiteella ei ole lis\u00e4tty\u00e4 hajustetta- liev\u00e4 tuoksu tulee luonnollisista ja puhtaista ainesosista.\" \/>\n<meta property=\"og:url\" content=\"https:\/\/tilk.bio\/fi\/verkkokauppa\/power-me-kasvovoide\/\" \/>\n<meta property=\"og:site_name\" content=\"Tilk!\" \/>\n<meta property=\"article:publisher\" content=\"https:\/\/www.facebook.com\/tilk.bio\/\" \/>\n<meta property=\"article:modified_time\" content=\"2026-04-19T18:15:11+00:00\" \/>\n<meta property=\"og:image\" content=\"https:\/\/tilk.bio\/wp-content\/uploads\/2014\/11\/facial-cream-for-men-tilk.jpg\" \/>\n\t<meta property=\"og:image:width\" content=\"1000\" \/>\n\t<meta property=\"og:image:height\" content=\"1000\" \/>\n\t<meta property=\"og:image:type\" content=\"image\/jpeg\" \/>\n<meta name=\"twitter:card\" content=\"summary_large_image\" \/>\n<meta name=\"twitter:label1\" content=\"Arvioitu lukuaika\" \/>\n\t<meta name=\"twitter:data1\" content=\"1 minuutti\" \/>\n<script type=\"application\/ld+json\" class=\"yoast-schema-graph\">{\"@context\":\"https:\\\/\\\/schema.org\",\"@graph\":[{\"@type\":\"WebPage\",\"@id\":\"https:\\\/\\\/tilk.bio\\\/fi\\\/verkkokauppa\\\/power-me-kasvovoide\\\/\",\"url\":\"https:\\\/\\\/tilk.bio\\\/fi\\\/verkkokauppa\\\/power-me-kasvovoide\\\/\",\"name\":\"Power Me - aloe veraa sis\u00e4lt\u00e4v\u00e4 rauhoittava kasvovoide miehille - Tilk!\",\"isPartOf\":{\"@id\":\"https:\\\/\\\/tilk.bio\\\/et\\\/#website\"},\"primaryImageOfPage\":{\"@id\":\"https:\\\/\\\/tilk.bio\\\/fi\\\/verkkokauppa\\\/power-me-kasvovoide\\\/#primaryimage\"},\"image\":{\"@id\":\"https:\\\/\\\/tilk.bio\\\/fi\\\/verkkokauppa\\\/power-me-kasvovoide\\\/#primaryimage\"},\"thumbnailUrl\":\"https:\\\/\\\/tilk.bio\\\/wp-content\\\/uploads\\\/2018\\\/08\\\/3.jpg\",\"datePublished\":\"2016-04-15T20:04:53+00:00\",\"dateModified\":\"2026-04-19T18:15:11+00:00\",\"breadcrumb\":{\"@id\":\"https:\\\/\\\/tilk.bio\\\/fi\\\/verkkokauppa\\\/power-me-kasvovoide\\\/#breadcrumb\"},\"inLanguage\":\"fi\",\"potentialAction\":[{\"@type\":\"ReadAction\",\"target\":[\"https:\\\/\\\/tilk.bio\\\/fi\\\/verkkokauppa\\\/power-me-kasvovoide\\\/\"]}]},{\"@type\":\"ImageObject\",\"inLanguage\":\"fi\",\"@id\":\"https:\\\/\\\/tilk.bio\\\/fi\\\/verkkokauppa\\\/power-me-kasvovoide\\\/#primaryimage\",\"url\":\"https:\\\/\\\/tilk.bio\\\/wp-content\\\/uploads\\\/2018\\\/08\\\/3.jpg\",\"contentUrl\":\"https:\\\/\\\/tilk.bio\\\/wp-content\\\/uploads\\\/2018\\\/08\\\/3.jpg\",\"width\":1200,\"height\":1200},{\"@type\":\"BreadcrumbList\",\"@id\":\"https:\\\/\\\/tilk.bio\\\/fi\\\/verkkokauppa\\\/power-me-kasvovoide\\\/#breadcrumb\",\"itemListElement\":[{\"@type\":\"ListItem\",\"position\":1,\"name\":\"Home\",\"item\":\"https:\\\/\\\/tilk.bio\\\/fi\\\/\"},{\"@type\":\"ListItem\",\"position\":2,\"name\":\"Verkkokauppa\",\"item\":\"https:\\\/\\\/tilk.bio\\\/fi\\\/verkkokauppa\\\/\"},{\"@type\":\"ListItem\",\"position\":3,\"name\":\"Power Me &#8211; aloe veraa sis\u00e4lt\u00e4v\u00e4 rauhoittava kasvovoide miehille\"}]},{\"@type\":\"WebSite\",\"@id\":\"https:\\\/\\\/tilk.bio\\\/et\\\/#website\",\"url\":\"https:\\\/\\\/tilk.bio\\\/et\\\/\",\"name\":\"Tilk!\",\"description\":\"Natural and sustainable skincare!\",\"potentialAction\":[{\"@type\":\"SearchAction\",\"target\":{\"@type\":\"EntryPoint\",\"urlTemplate\":\"https:\\\/\\\/tilk.bio\\\/et\\\/?s={search_term_string}\"},\"query-input\":{\"@type\":\"PropertyValueSpecification\",\"valueRequired\":true,\"valueName\":\"search_term_string\"}}],\"inLanguage\":\"fi\"}]}<\/script>\n<!-- \/ Yoast SEO plugin. -->","yoast_head_json":{"title":"Power Me - aloe veraa sis\u00e4lt\u00e4v\u00e4 rauhoittava kasvovoide miehille - Tilk!","robots":{"index":"index","follow":"follow","max-snippet":"max-snippet:-1","max-image-preview":"max-image-preview:large","max-video-preview":"max-video-preview:-1"},"canonical":"https:\/\/tilk.bio\/fi\/verkkokauppa\/power-me-kasvovoide\/","og_locale":"fi_FI","og_type":"article","og_title":"Power Me kasvovoide miehille","og_description":"Power Me on ihanteellinen voide miehille. Bioaktiiviset ainesosat kasvovoiteessa ravitsevat ja kosteuttavat ihoa, samanaikaisesti silloittaen ryppyj\u00e4. Kasvovoide luo iholle my\u00f6s suojaavan kerroksen. Voide on ihanteellinen partavesi, koska se sis\u00e4lt\u00e4\u00e4 Aloe Veraa, kamomillaa ja kookos\u00f6ljy\u00e4, jotka vahvistavat, palauttavat ja rauhoittavat ihoa. Kasvovoiteella ei ole lis\u00e4tty\u00e4 hajustetta- liev\u00e4 tuoksu tulee luonnollisista ja puhtaista ainesosista.","og_url":"https:\/\/tilk.bio\/fi\/verkkokauppa\/power-me-kasvovoide\/","og_site_name":"Tilk!","article_publisher":"https:\/\/www.facebook.com\/tilk.bio\/","article_modified_time":"2026-04-19T18:15:11+00:00","og_image":[{"width":1000,"height":1000,"url":"https:\/\/tilk.bio\/wp-content\/uploads\/2014\/11\/facial-cream-for-men-tilk.jpg","type":"image\/jpeg"}],"twitter_card":"summary_large_image","twitter_misc":{"Arvioitu lukuaika":"1 minuutti"},"schema":{"@context":"https:\/\/schema.org","@graph":[{"@type":"WebPage","@id":"https:\/\/tilk.bio\/fi\/verkkokauppa\/power-me-kasvovoide\/","url":"https:\/\/tilk.bio\/fi\/verkkokauppa\/power-me-kasvovoide\/","name":"Power Me - aloe veraa sis\u00e4lt\u00e4v\u00e4 rauhoittava kasvovoide miehille - Tilk!","isPartOf":{"@id":"https:\/\/tilk.bio\/et\/#website"},"primaryImageOfPage":{"@id":"https:\/\/tilk.bio\/fi\/verkkokauppa\/power-me-kasvovoide\/#primaryimage"},"image":{"@id":"https:\/\/tilk.bio\/fi\/verkkokauppa\/power-me-kasvovoide\/#primaryimage"},"thumbnailUrl":"https:\/\/tilk.bio\/wp-content\/uploads\/2018\/08\/3.jpg","datePublished":"2016-04-15T20:04:53+00:00","dateModified":"2026-04-19T18:15:11+00:00","breadcrumb":{"@id":"https:\/\/tilk.bio\/fi\/verkkokauppa\/power-me-kasvovoide\/#breadcrumb"},"inLanguage":"fi","potentialAction":[{"@type":"ReadAction","target":["https:\/\/tilk.bio\/fi\/verkkokauppa\/power-me-kasvovoide\/"]}]},{"@type":"ImageObject","inLanguage":"fi","@id":"https:\/\/tilk.bio\/fi\/verkkokauppa\/power-me-kasvovoide\/#primaryimage","url":"https:\/\/tilk.bio\/wp-content\/uploads\/2018\/08\/3.jpg","contentUrl":"https:\/\/tilk.bio\/wp-content\/uploads\/2018\/08\/3.jpg","width":1200,"height":1200},{"@type":"BreadcrumbList","@id":"https:\/\/tilk.bio\/fi\/verkkokauppa\/power-me-kasvovoide\/#breadcrumb","itemListElement":[{"@type":"ListItem","position":1,"name":"Home","item":"https:\/\/tilk.bio\/fi\/"},{"@type":"ListItem","position":2,"name":"Verkkokauppa","item":"https:\/\/tilk.bio\/fi\/verkkokauppa\/"},{"@type":"ListItem","position":3,"name":"Power Me &#8211; aloe veraa sis\u00e4lt\u00e4v\u00e4 rauhoittava kasvovoide miehille"}]},{"@type":"WebSite","@id":"https:\/\/tilk.bio\/et\/#website","url":"https:\/\/tilk.bio\/et\/","name":"Tilk!","description":"Natural and sustainable skincare!","potentialAction":[{"@type":"SearchAction","target":{"@type":"EntryPoint","urlTemplate":"https:\/\/tilk.bio\/et\/?s={search_term_string}"},"query-input":{"@type":"PropertyValueSpecification","valueRequired":true,"valueName":"search_term_string"}}],"inLanguage":"fi"}]}},"_links":{"self":[{"href":"https:\/\/tilk.bio\/fi\/wp-json\/wp\/v2\/product\/23042","targetHints":{"allow":["GET"]}}],"collection":[{"href":"https:\/\/tilk.bio\/fi\/wp-json\/wp\/v2\/product"}],"about":[{"href":"https:\/\/tilk.bio\/fi\/wp-json\/wp\/v2\/types\/product"}],"replies":[{"embeddable":true,"href":"https:\/\/tilk.bio\/fi\/wp-json\/wp\/v2\/comments?post=23042"}],"wp:featuredmedia":[{"embeddable":true,"href":"https:\/\/tilk.bio\/fi\/wp-json\/wp\/v2\/media\/67424"}],"wp:attachment":[{"href":"https:\/\/tilk.bio\/fi\/wp-json\/wp\/v2\/media?parent=23042"}],"wp:term":[{"taxonomy":"product_brand","embeddable":true,"href":"https:\/\/tilk.bio\/fi\/wp-json\/wp\/v2\/product_brand?post=23042"},{"taxonomy":"product_cat","embeddable":true,"href":"https:\/\/tilk.bio\/fi\/wp-json\/wp\/v2\/product_cat?post=23042"},{"taxonomy":"product_tag","embeddable":true,"href":"https:\/\/tilk.bio\/fi\/wp-json\/wp\/v2\/product_tag?post=23042"}],"curies":[{"name":"wp","href":"https:\/\/api.w.org\/{rel}","templated":true}]}}