{"id":23330,"date":"2018-08-27T14:18:48","date_gmt":"2018-08-27T14:18:48","guid":{"rendered":"https:\/\/tilk.bio\/shop\/spoil-me\/"},"modified":"2026-04-14T16:45:26","modified_gmt":"2026-04-14T13:45:26","slug":"spoil-me-anti-age-seerumi","status":"publish","type":"product","link":"https:\/\/tilk.bio\/fi\/verkkokauppa\/spoil-me-anti-age-seerumi\/","title":{"rendered":"Spoil Me  \u2013 Q10:t\u00e4 sis\u00e4lt\u00e4v\u00e4 anti-age -kasvoseerumi"},"content":{"rendered":"","protected":false},"excerpt":{"rendered":"","protected":false},"featured_media":67452,"comment_status":"open","ping_status":"closed","template":"","meta":{"_acf_changed":false},"product_brand":[],"product_cat":[741,740,501,512,632,737,502,742,963,730],"product_tag":[759,739,745,743,744],"class_list":{"0":"post-23330","1":"product","2":"type-product","3":"status-publish","4":"has-post-thumbnail","6":"product_cat-epatasainen-iho","7":"product_cat-ikaantyva-iho","8":"product_cat-kaikki-tuotteet","9":"product_cat-kasvohoito","10":"product_cat-kasvooljyt-seerumit","11":"product_cat-kuiva-iho","12":"product_cat-myydyimmat","13":"product_cat-normaali-ja-sekaiho","14":"product_cat-q10-fi","15":"product_cat-tilk-herbal-fi","16":"product_tag-anti-aging-fi","17":"product_tag-elainkokeeton","18":"product_tag-lasi","19":"product_tag-palmuoljyton","20":"product_tag-vegaaninen","22":"first","23":"instock","24":"taxable","25":"shipping-taxable","26":"purchasable","27":"product-type-variable"},"acf":[],"yoast_head":"<!-- This site is optimized with the Yoast SEO plugin v27.4 - https:\/\/yoast.com\/product\/yoast-seo-wordpress\/ -->\n<title>Spoil Me \u2013 Q10:t\u00e4 sis\u00e4lt\u00e4v\u00e4 anti-age -kasvoseerumi - Tilk! bioactive skincare<\/title>\n<meta name=\"description\" content=\"Spoil Me is specially enriched anti-aging face serum that nourishes the skin and has rejuvenating effect. Cleanses, calms and moisturizes the skin.\" \/>\n<meta name=\"robots\" content=\"index, follow, max-snippet:-1, max-image-preview:large, max-video-preview:-1\" \/>\n<link rel=\"canonical\" href=\"https:\/\/tilk.bio\/verkkokauppa\/spoil-me-facial-serum\/\" \/>\n<meta property=\"og:locale\" content=\"fi_FI\" \/>\n<meta property=\"og:type\" content=\"article\" \/>\n<meta property=\"og:title\" content=\"Spoil Me \u2013 Q10:t\u00e4 sis\u00e4lt\u00e4v\u00e4 anti-age -kasvoseerumi - Tilk! bioactive skincare\" \/>\n<meta property=\"og:description\" content=\"Spoil Me is specially enriched anti-aging face serum that nourishes the skin and has rejuvenating effect. Cleanses, calms and moisturizes the skin.\" \/>\n<meta property=\"og:url\" content=\"https:\/\/tilk.bio\/verkkokauppa\/spoil-me-facial-serum\/\" \/>\n<meta property=\"og:site_name\" content=\"Tilk!\" \/>\n<meta property=\"article:publisher\" content=\"https:\/\/www.facebook.com\/tilk.bio\/\" \/>\n<meta property=\"article:modified_time\" content=\"2026-04-14T13:45:26+00:00\" \/>\n<meta property=\"og:image\" content=\"https:\/\/tilk.bio\/wp-content\/uploads\/2018\/08\/10.jpg\" \/>\n\t<meta property=\"og:image:width\" content=\"1200\" \/>\n\t<meta property=\"og:image:height\" content=\"1200\" \/>\n\t<meta property=\"og:image:type\" content=\"image\/jpeg\" \/>\n<meta name=\"twitter:card\" content=\"summary_large_image\" \/>\n<meta name=\"twitter:label1\" content=\"Arvioitu lukuaika\" \/>\n\t<meta name=\"twitter:data1\" content=\"1 minuutti\" \/>\n<script type=\"application\/ld+json\" class=\"yoast-schema-graph\">{\"@context\":\"https:\\\/\\\/schema.org\",\"@graph\":[{\"@type\":\"WebPage\",\"@id\":\"https:\\\/\\\/tilk.bio\\\/verkkokauppa\\\/spoil-me-facial-serum\\\/\",\"url\":\"https:\\\/\\\/tilk.bio\\\/verkkokauppa\\\/spoil-me-facial-serum\\\/\",\"name\":\"Spoil Me \u2013 Q10:t\u00e4 sis\u00e4lt\u00e4v\u00e4 anti-age -kasvoseerumi - Tilk! bioactive skincare\",\"isPartOf\":{\"@id\":\"https:\\\/\\\/tilk.bio\\\/et\\\/#website\"},\"primaryImageOfPage\":{\"@id\":\"https:\\\/\\\/tilk.bio\\\/verkkokauppa\\\/spoil-me-facial-serum\\\/#primaryimage\"},\"image\":{\"@id\":\"https:\\\/\\\/tilk.bio\\\/verkkokauppa\\\/spoil-me-facial-serum\\\/#primaryimage\"},\"thumbnailUrl\":\"https:\\\/\\\/tilk.bio\\\/wp-content\\\/uploads\\\/2018\\\/08\\\/10.jpg\",\"datePublished\":\"2018-08-27T14:18:48+00:00\",\"dateModified\":\"2026-04-14T13:45:26+00:00\",\"description\":\"Spoil Me is specially enriched anti-aging face serum that nourishes the skin and has rejuvenating effect. Cleanses, calms and moisturizes the skin.\",\"breadcrumb\":{\"@id\":\"https:\\\/\\\/tilk.bio\\\/verkkokauppa\\\/spoil-me-facial-serum\\\/#breadcrumb\"},\"inLanguage\":\"fi\",\"potentialAction\":[{\"@type\":\"ReadAction\",\"target\":[\"https:\\\/\\\/tilk.bio\\\/verkkokauppa\\\/spoil-me-facial-serum\\\/\"]}]},{\"@type\":\"ImageObject\",\"inLanguage\":\"fi\",\"@id\":\"https:\\\/\\\/tilk.bio\\\/verkkokauppa\\\/spoil-me-facial-serum\\\/#primaryimage\",\"url\":\"https:\\\/\\\/tilk.bio\\\/wp-content\\\/uploads\\\/2018\\\/08\\\/10.jpg\",\"contentUrl\":\"https:\\\/\\\/tilk.bio\\\/wp-content\\\/uploads\\\/2018\\\/08\\\/10.jpg\",\"width\":1200,\"height\":1200},{\"@type\":\"BreadcrumbList\",\"@id\":\"https:\\\/\\\/tilk.bio\\\/verkkokauppa\\\/spoil-me-facial-serum\\\/#breadcrumb\",\"itemListElement\":[{\"@type\":\"ListItem\",\"position\":1,\"name\":\"Home\",\"item\":\"https:\\\/\\\/tilk.bio\\\/fi\\\/\"},{\"@type\":\"ListItem\",\"position\":2,\"name\":\"Verkkokauppa\",\"item\":\"https:\\\/\\\/tilk.bio\\\/fi\\\/verkkokauppa\\\/\"},{\"@type\":\"ListItem\",\"position\":3,\"name\":\"Spoil Me \u2013 Q10:t\u00e4 sis\u00e4lt\u00e4v\u00e4 anti-age -kasvoseerumi\"}]},{\"@type\":\"WebSite\",\"@id\":\"https:\\\/\\\/tilk.bio\\\/et\\\/#website\",\"url\":\"https:\\\/\\\/tilk.bio\\\/et\\\/\",\"name\":\"Tilk!\",\"description\":\"Natural and sustainable skincare!\",\"potentialAction\":[{\"@type\":\"SearchAction\",\"target\":{\"@type\":\"EntryPoint\",\"urlTemplate\":\"https:\\\/\\\/tilk.bio\\\/et\\\/?s={search_term_string}\"},\"query-input\":{\"@type\":\"PropertyValueSpecification\",\"valueRequired\":true,\"valueName\":\"search_term_string\"}}],\"inLanguage\":\"fi\"}]}<\/script>\n<!-- \/ Yoast SEO plugin. -->","yoast_head_json":{"title":"Spoil Me \u2013 Q10:t\u00e4 sis\u00e4lt\u00e4v\u00e4 anti-age -kasvoseerumi - Tilk! bioactive skincare","description":"Spoil Me is specially enriched anti-aging face serum that nourishes the skin and has rejuvenating effect. Cleanses, calms and moisturizes the skin.","robots":{"index":"index","follow":"follow","max-snippet":"max-snippet:-1","max-image-preview":"max-image-preview:large","max-video-preview":"max-video-preview:-1"},"canonical":"https:\/\/tilk.bio\/verkkokauppa\/spoil-me-facial-serum\/","og_locale":"fi_FI","og_type":"article","og_title":"Spoil Me \u2013 Q10:t\u00e4 sis\u00e4lt\u00e4v\u00e4 anti-age -kasvoseerumi - Tilk! bioactive skincare","og_description":"Spoil Me is specially enriched anti-aging face serum that nourishes the skin and has rejuvenating effect. Cleanses, calms and moisturizes the skin.","og_url":"https:\/\/tilk.bio\/verkkokauppa\/spoil-me-facial-serum\/","og_site_name":"Tilk!","article_publisher":"https:\/\/www.facebook.com\/tilk.bio\/","article_modified_time":"2026-04-14T13:45:26+00:00","og_image":[{"width":1200,"height":1200,"url":"https:\/\/tilk.bio\/wp-content\/uploads\/2018\/08\/10.jpg","type":"image\/jpeg"}],"twitter_card":"summary_large_image","twitter_misc":{"Arvioitu lukuaika":"1 minuutti"},"schema":{"@context":"https:\/\/schema.org","@graph":[{"@type":"WebPage","@id":"https:\/\/tilk.bio\/verkkokauppa\/spoil-me-facial-serum\/","url":"https:\/\/tilk.bio\/verkkokauppa\/spoil-me-facial-serum\/","name":"Spoil Me \u2013 Q10:t\u00e4 sis\u00e4lt\u00e4v\u00e4 anti-age -kasvoseerumi - Tilk! bioactive skincare","isPartOf":{"@id":"https:\/\/tilk.bio\/et\/#website"},"primaryImageOfPage":{"@id":"https:\/\/tilk.bio\/verkkokauppa\/spoil-me-facial-serum\/#primaryimage"},"image":{"@id":"https:\/\/tilk.bio\/verkkokauppa\/spoil-me-facial-serum\/#primaryimage"},"thumbnailUrl":"https:\/\/tilk.bio\/wp-content\/uploads\/2018\/08\/10.jpg","datePublished":"2018-08-27T14:18:48+00:00","dateModified":"2026-04-14T13:45:26+00:00","description":"Spoil Me is specially enriched anti-aging face serum that nourishes the skin and has rejuvenating effect. Cleanses, calms and moisturizes the skin.","breadcrumb":{"@id":"https:\/\/tilk.bio\/verkkokauppa\/spoil-me-facial-serum\/#breadcrumb"},"inLanguage":"fi","potentialAction":[{"@type":"ReadAction","target":["https:\/\/tilk.bio\/verkkokauppa\/spoil-me-facial-serum\/"]}]},{"@type":"ImageObject","inLanguage":"fi","@id":"https:\/\/tilk.bio\/verkkokauppa\/spoil-me-facial-serum\/#primaryimage","url":"https:\/\/tilk.bio\/wp-content\/uploads\/2018\/08\/10.jpg","contentUrl":"https:\/\/tilk.bio\/wp-content\/uploads\/2018\/08\/10.jpg","width":1200,"height":1200},{"@type":"BreadcrumbList","@id":"https:\/\/tilk.bio\/verkkokauppa\/spoil-me-facial-serum\/#breadcrumb","itemListElement":[{"@type":"ListItem","position":1,"name":"Home","item":"https:\/\/tilk.bio\/fi\/"},{"@type":"ListItem","position":2,"name":"Verkkokauppa","item":"https:\/\/tilk.bio\/fi\/verkkokauppa\/"},{"@type":"ListItem","position":3,"name":"Spoil Me \u2013 Q10:t\u00e4 sis\u00e4lt\u00e4v\u00e4 anti-age -kasvoseerumi"}]},{"@type":"WebSite","@id":"https:\/\/tilk.bio\/et\/#website","url":"https:\/\/tilk.bio\/et\/","name":"Tilk!","description":"Natural and sustainable skincare!","potentialAction":[{"@type":"SearchAction","target":{"@type":"EntryPoint","urlTemplate":"https:\/\/tilk.bio\/et\/?s={search_term_string}"},"query-input":{"@type":"PropertyValueSpecification","valueRequired":true,"valueName":"search_term_string"}}],"inLanguage":"fi"}]}},"_links":{"self":[{"href":"https:\/\/tilk.bio\/fi\/wp-json\/wp\/v2\/product\/23330","targetHints":{"allow":["GET"]}}],"collection":[{"href":"https:\/\/tilk.bio\/fi\/wp-json\/wp\/v2\/product"}],"about":[{"href":"https:\/\/tilk.bio\/fi\/wp-json\/wp\/v2\/types\/product"}],"replies":[{"embeddable":true,"href":"https:\/\/tilk.bio\/fi\/wp-json\/wp\/v2\/comments?post=23330"}],"wp:featuredmedia":[{"embeddable":true,"href":"https:\/\/tilk.bio\/fi\/wp-json\/wp\/v2\/media\/67452"}],"wp:attachment":[{"href":"https:\/\/tilk.bio\/fi\/wp-json\/wp\/v2\/media?parent=23330"}],"wp:term":[{"taxonomy":"product_brand","embeddable":true,"href":"https:\/\/tilk.bio\/fi\/wp-json\/wp\/v2\/product_brand?post=23330"},{"taxonomy":"product_cat","embeddable":true,"href":"https:\/\/tilk.bio\/fi\/wp-json\/wp\/v2\/product_cat?post=23330"},{"taxonomy":"product_tag","embeddable":true,"href":"https:\/\/tilk.bio\/fi\/wp-json\/wp\/v2\/product_tag?post=23330"}],"curies":[{"name":"wp","href":"https:\/\/api.w.org\/{rel}","templated":true}]}}