{"id":24007,"date":"2010-11-01T13:56:05","date_gmt":"2010-11-01T11:56:05","guid":{"rendered":"https:\/\/tilk.bio\/?post_type=product&#038;p=24007"},"modified":"2026-02-04T13:28:59","modified_gmt":"2026-02-04T11:28:59","slug":"erikoissarja-christmas-scrubber-kit-2","status":"publish","type":"product","link":"https:\/\/tilk.bio\/fi\/verkkokauppa\/erikoissarja-christmas-scrubber-kit-2\/","title":{"rendered":"Erikoissarja &#8221;Christmas Scrubber Kit&#8221;"},"content":{"rendered":"<section class=\"l-section wpb_row height_medium\"><div class=\"l-section-h i-cf\"><div class=\"g-cols vc_row via_flex valign_top type_default stacking_default\"><div class=\"vc_col-sm-4 wpb_column vc_column_container\"><div class=\"vc_column-inner\"><div class=\"wpb_wrapper\"><div class=\"w-image align_none\"><div class=\"w-image-h\"><img decoding=\"async\" width=\"251\" height=\"300\" src=\"https:\/\/tilk.bio\/wp-content\/uploads\/2018\/08\/scrub3-251x300.png\" class=\"attachment-medium size-medium\" alt=\"bio facial cream\" loading=\"lazy\" srcset=\"https:\/\/tilk.bio\/wp-content\/uploads\/2018\/08\/scrub3-251x300.png 251w, https:\/\/tilk.bio\/wp-content\/uploads\/2018\/08\/scrub3-768x918.png 768w, https:\/\/tilk.bio\/wp-content\/uploads\/2018\/08\/scrub3-856x1024.png 856w, https:\/\/tilk.bio\/wp-content\/uploads\/2018\/08\/scrub3-430x514.png 430w, https:\/\/tilk.bio\/wp-content\/uploads\/2018\/08\/scrub3-860x1028.png 860w, https:\/\/tilk.bio\/wp-content\/uploads\/2018\/08\/scrub3.png 920w\" sizes=\"auto, (max-width: 251px) 100vw, 251px\" \/><\/div><\/div><div class=\"wpb_text_column\"><div class=\"wpb_wrapper\"><p style=\"text-align: left;\"><strong>Scrub Me kasvokuorinta<\/strong><\/p>\n<p style=\"text-align: left;\">Scrub Me kasvokuorinta auttaa sinua uudistamaan ihon soluja, samanaikaisesti syv\u00e4kosteuttaen ihoa. Kevyet ja luonnolliset ainesosat parantavat ihosi kuntoa poistamalla ihosta toksiineja ja myrkkyj\u00e4, joka auttaa v\u00e4hent\u00e4m\u00e4\u00e4n ep\u00e4puhtauksia ihossa. Mandariinin tuoksuinen ihonkuorinta sopii kaikille ihotyypeille.<\/p>\n<\/div><\/div><\/div><\/div><\/div><div class=\"vc_col-sm-4 wpb_column vc_column_container\"><div class=\"vc_column-inner\"><div class=\"wpb_wrapper\"><div class=\"w-image align_none\"><div class=\"w-image-h\"><img decoding=\"async\" width=\"251\" height=\"300\" src=\"https:\/\/tilk.bio\/wp-content\/uploads\/2015\/11\/love3-251x300.png\" class=\"attachment-medium size-medium\" alt=\"bio hand cream\" loading=\"lazy\" srcset=\"https:\/\/tilk.bio\/wp-content\/uploads\/2015\/11\/love3-251x300.png 251w, https:\/\/tilk.bio\/wp-content\/uploads\/2015\/11\/love3-768x918.png 768w, https:\/\/tilk.bio\/wp-content\/uploads\/2015\/11\/love3-856x1024.png 856w, https:\/\/tilk.bio\/wp-content\/uploads\/2015\/11\/love3-430x514.png 430w, https:\/\/tilk.bio\/wp-content\/uploads\/2015\/11\/love3-860x1028.png 860w, https:\/\/tilk.bio\/wp-content\/uploads\/2015\/11\/love3.png 920w\" sizes=\"auto, (max-width: 251px) 100vw, 251px\" \/><\/div><\/div><div class=\"wpb_text_column\"><div class=\"wpb_wrapper\"><p style=\"text-align: left;\"><strong>K\u00e4sivoide<\/strong><\/p>\n<p style=\"text-align: left;\">K\u00e4sivoide tekee ihostasi silkkisen ja pehme\u00e4n. Kortteen bioaktiiviset ainesosat uudistavat ihon hydrolipidikalvon\u00a0\u00a0ja vahvistavat ihoa. Mangovoi ja tyrni\u00f6ljy pehment\u00e4v\u00e4t ja syv\u00e4kosteuttavat ihoa, joka saa ihosi silkkisen sile\u00e4ksi. Se on ihana sitruksen tuoksuinen hoito kuiville k\u00e4sille.<\/p>\n<\/div><\/div><\/div><\/div><\/div><div class=\"vc_col-sm-4 wpb_column vc_column_container\"><div class=\"vc_column-inner\"><div class=\"wpb_wrapper\"><div class=\"w-image align_none\"><div class=\"w-image-h\"><img decoding=\"async\" width=\"251\" height=\"300\" src=\"https:\/\/tilk.bio\/wp-content\/uploads\/2015\/11\/kiss-251x300.png\" class=\"attachment-medium size-medium\" alt=\"herbal lip balm\" loading=\"lazy\" srcset=\"https:\/\/tilk.bio\/wp-content\/uploads\/2015\/11\/kiss-251x300.png 251w, https:\/\/tilk.bio\/wp-content\/uploads\/2015\/11\/kiss-768x918.png 768w, https:\/\/tilk.bio\/wp-content\/uploads\/2015\/11\/kiss-856x1024.png 856w, https:\/\/tilk.bio\/wp-content\/uploads\/2015\/11\/kiss-430x514.png 430w, https:\/\/tilk.bio\/wp-content\/uploads\/2015\/11\/kiss-860x1028.png 860w, https:\/\/tilk.bio\/wp-content\/uploads\/2015\/11\/kiss.png 920w\" sizes=\"auto, (max-width: 251px) 100vw, 251px\" \/><\/div><\/div><div class=\"wpb_text_column\"><div class=\"wpb_wrapper\"><p style=\"text-align: left;\"><strong>Yrttinen huulivoide<\/strong><\/p>\n<p class=\"p1\" style=\"text-align: left;\">Yrttinen huulivoide kosteuttaa huulia ja antaa kevyen kiillon. Hunaja ja bioaktiiviset aineet keh\u00e4kukasta tekev\u00e4t huulista ihanan pehme\u00e4t ja makeat. Sheavoi ja mehil\u00e4isvaha ravitsevat huulia ja luovat niille suojaavan kerroksen. Se on ihana \u2013 Kiss Me!<\/p>\n<\/div><\/div><\/div><\/div><\/div><\/div><\/div><\/section>\n","protected":false},"excerpt":{"rendered":"<p class=\"p1\" style=\"text-align: left;\">Erikoissarjana valmistettu Tilk! Christmas Scrubber Kit on joulua varten tuotettu lahjasetti, joka on t\u00e4ydellinen hemmottelu itsellesi tai ihana tapa muistaa yst\u00e4v\u00e4\u00e4.\u00a0Matkakokoiset tuotteet ovat oiva ratkaisu tuotteiden testaamiseksi, omien suosikkien l\u00f6yt\u00e4miseksi ja lis\u00e4ksi voit muistaa rakkaan tulevaa matkaa tuotteilla jotka mahtuvat jopa k\u00e4simatkatavaroihin.\u00a0Lahjasettiin kuuluu\u00a0kasvokuorinta (10ml), yrttinen huulivoide (4,8ml) ja k\u00e4sivoide (10ml).<\/p>\n","protected":false},"featured_media":67540,"comment_status":"open","ping_status":"closed","template":"","meta":{"_acf_changed":false},"product_brand":[],"product_cat":[501,512,506,508,730],"product_tag":[427,424,425,402,422,414,423,413,428,426],"class_list":{"0":"post-24007","1":"product","2":"type-product","3":"status-publish","4":"has-post-thumbnail","6":"product_cat-kaikki-tuotteet","7":"product_cat-kasvohoito","8":"product_cat-lahjasetit","9":"product_cat-matkalle-mukaan","10":"product_cat-tilk-herbal-fi","11":"product_tag-ekologinen-kosmetiikka","12":"product_tag-herkka-iho","13":"product_tag-kasvovoide-fi","14":"product_tag-kuiva-iho","15":"product_tag-moisturise-me","16":"product_tag-sekaiho-fi","17":"product_tag-rasvainen-iho","18":"product_tag-normaali-iho","19":"product_tag-tuotesarja","20":"product_tag-voide-fi","22":"first","23":"instock","24":"taxable","25":"shipping-taxable","26":"purchasable","27":"product-type-variable"},"acf":[],"yoast_head":"<!-- This site is optimized with the Yoast SEO plugin v27.4 - https:\/\/yoast.com\/product\/yoast-seo-wordpress\/ -->\n<title>Erikoissarja &quot;Christmas Scrubber Kit&quot; - Tilk!<\/title>\n<meta name=\"description\" content=\"Tilk! Scrubber Kit on uskollinen matkakumppani, jonka tuotteisiin kuuluvat matkakokoiset tuotteet. Se on my\u00f6s ihanteellinen tapa kokeilla meid\u00e4n voiteita ja l\u00f6yt\u00e4\u00e4 omat kestosuosikit. Tuotesarjaan sis\u00e4ltyy kasvokuorinta (10ml), yrttinen huulivoide (4,8ml) ja k\u00e4sivoide (10ml).\" \/>\n<meta name=\"robots\" content=\"index, follow, max-snippet:-1, max-image-preview:large, max-video-preview:-1\" \/>\n<link rel=\"canonical\" href=\"https:\/\/tilk.bio\/fi\/verkkokauppa\/erikoissarja-christmas-scrubber-kit-2\/\" \/>\n<meta property=\"og:locale\" content=\"fi_FI\" \/>\n<meta property=\"og:type\" content=\"article\" \/>\n<meta property=\"og:title\" content=\"Erikoissarja &quot;Christmas Scrubber Kit&quot; - Tilk!\" \/>\n<meta property=\"og:description\" content=\"Tilk! Scrubber Kit on uskollinen matkakumppani, jonka tuotteisiin kuuluvat matkakokoiset tuotteet. Se on my\u00f6s ihanteellinen tapa kokeilla meid\u00e4n voiteita ja l\u00f6yt\u00e4\u00e4 omat kestosuosikit. Tuotesarjaan sis\u00e4ltyy kasvokuorinta (10ml), yrttinen huulivoide (4,8ml) ja k\u00e4sivoide (10ml).\" \/>\n<meta property=\"og:url\" content=\"https:\/\/tilk.bio\/fi\/verkkokauppa\/erikoissarja-christmas-scrubber-kit-2\/\" \/>\n<meta property=\"og:site_name\" content=\"Tilk!\" \/>\n<meta property=\"article:publisher\" content=\"https:\/\/www.facebook.com\/tilk.bio\/\" \/>\n<meta property=\"article:modified_time\" content=\"2026-02-04T11:28:59+00:00\" \/>\n<meta property=\"og:image\" content=\"https:\/\/tilk.bio\/wp-content\/uploads\/2010\/11\/Untitled-design-73.jpg\" \/>\n\t<meta property=\"og:image:width\" content=\"1200\" \/>\n\t<meta property=\"og:image:height\" content=\"1200\" \/>\n\t<meta property=\"og:image:type\" content=\"image\/jpeg\" \/>\n<meta name=\"twitter:card\" content=\"summary_large_image\" \/>\n<meta name=\"twitter:label1\" content=\"Arvioitu lukuaika\" \/>\n\t<meta name=\"twitter:data1\" content=\"1 minuutti\" \/>\n<script type=\"application\/ld+json\" class=\"yoast-schema-graph\">{\"@context\":\"https:\\\/\\\/schema.org\",\"@graph\":[{\"@type\":\"WebPage\",\"@id\":\"https:\\\/\\\/tilk.bio\\\/fi\\\/verkkokauppa\\\/erikoissarja-christmas-scrubber-kit-2\\\/\",\"url\":\"https:\\\/\\\/tilk.bio\\\/fi\\\/verkkokauppa\\\/erikoissarja-christmas-scrubber-kit-2\\\/\",\"name\":\"Erikoissarja \\\"Christmas Scrubber Kit\\\" - Tilk!\",\"isPartOf\":{\"@id\":\"https:\\\/\\\/tilk.bio\\\/et\\\/#website\"},\"primaryImageOfPage\":{\"@id\":\"https:\\\/\\\/tilk.bio\\\/fi\\\/verkkokauppa\\\/erikoissarja-christmas-scrubber-kit-2\\\/#primaryimage\"},\"image\":{\"@id\":\"https:\\\/\\\/tilk.bio\\\/fi\\\/verkkokauppa\\\/erikoissarja-christmas-scrubber-kit-2\\\/#primaryimage\"},\"thumbnailUrl\":\"https:\\\/\\\/tilk.bio\\\/wp-content\\\/uploads\\\/2010\\\/11\\\/Untitled-design-73.jpg\",\"datePublished\":\"2010-11-01T11:56:05+00:00\",\"dateModified\":\"2026-02-04T11:28:59+00:00\",\"description\":\"Tilk! Scrubber Kit on uskollinen matkakumppani, jonka tuotteisiin kuuluvat matkakokoiset tuotteet. Se on my\u00f6s ihanteellinen tapa kokeilla meid\u00e4n voiteita ja l\u00f6yt\u00e4\u00e4 omat kestosuosikit. Tuotesarjaan sis\u00e4ltyy kasvokuorinta (10ml), yrttinen huulivoide (4,8ml) ja k\u00e4sivoide (10ml).\",\"breadcrumb\":{\"@id\":\"https:\\\/\\\/tilk.bio\\\/fi\\\/verkkokauppa\\\/erikoissarja-christmas-scrubber-kit-2\\\/#breadcrumb\"},\"inLanguage\":\"fi\",\"potentialAction\":[{\"@type\":\"ReadAction\",\"target\":[\"https:\\\/\\\/tilk.bio\\\/fi\\\/verkkokauppa\\\/erikoissarja-christmas-scrubber-kit-2\\\/\"]}]},{\"@type\":\"ImageObject\",\"inLanguage\":\"fi\",\"@id\":\"https:\\\/\\\/tilk.bio\\\/fi\\\/verkkokauppa\\\/erikoissarja-christmas-scrubber-kit-2\\\/#primaryimage\",\"url\":\"https:\\\/\\\/tilk.bio\\\/wp-content\\\/uploads\\\/2010\\\/11\\\/Untitled-design-73.jpg\",\"contentUrl\":\"https:\\\/\\\/tilk.bio\\\/wp-content\\\/uploads\\\/2010\\\/11\\\/Untitled-design-73.jpg\",\"width\":1200,\"height\":1200},{\"@type\":\"BreadcrumbList\",\"@id\":\"https:\\\/\\\/tilk.bio\\\/fi\\\/verkkokauppa\\\/erikoissarja-christmas-scrubber-kit-2\\\/#breadcrumb\",\"itemListElement\":[{\"@type\":\"ListItem\",\"position\":1,\"name\":\"Home\",\"item\":\"https:\\\/\\\/tilk.bio\\\/fi\\\/\"},{\"@type\":\"ListItem\",\"position\":2,\"name\":\"Verkkokauppa\",\"item\":\"https:\\\/\\\/tilk.bio\\\/fi\\\/verkkokauppa\\\/\"},{\"@type\":\"ListItem\",\"position\":3,\"name\":\"Erikoissarja &#8220;Christmas Scrubber Kit&#8221;\"}]},{\"@type\":\"WebSite\",\"@id\":\"https:\\\/\\\/tilk.bio\\\/et\\\/#website\",\"url\":\"https:\\\/\\\/tilk.bio\\\/et\\\/\",\"name\":\"Tilk!\",\"description\":\"Natural and sustainable skincare!\",\"potentialAction\":[{\"@type\":\"SearchAction\",\"target\":{\"@type\":\"EntryPoint\",\"urlTemplate\":\"https:\\\/\\\/tilk.bio\\\/et\\\/?s={search_term_string}\"},\"query-input\":{\"@type\":\"PropertyValueSpecification\",\"valueRequired\":true,\"valueName\":\"search_term_string\"}}],\"inLanguage\":\"fi\"}]}<\/script>\n<!-- \/ Yoast SEO plugin. -->","yoast_head_json":{"title":"Erikoissarja \"Christmas Scrubber Kit\" - Tilk!","description":"Tilk! Scrubber Kit on uskollinen matkakumppani, jonka tuotteisiin kuuluvat matkakokoiset tuotteet. Se on my\u00f6s ihanteellinen tapa kokeilla meid\u00e4n voiteita ja l\u00f6yt\u00e4\u00e4 omat kestosuosikit. Tuotesarjaan sis\u00e4ltyy kasvokuorinta (10ml), yrttinen huulivoide (4,8ml) ja k\u00e4sivoide (10ml).","robots":{"index":"index","follow":"follow","max-snippet":"max-snippet:-1","max-image-preview":"max-image-preview:large","max-video-preview":"max-video-preview:-1"},"canonical":"https:\/\/tilk.bio\/fi\/verkkokauppa\/erikoissarja-christmas-scrubber-kit-2\/","og_locale":"fi_FI","og_type":"article","og_title":"Erikoissarja \"Christmas Scrubber Kit\" - Tilk!","og_description":"Tilk! Scrubber Kit on uskollinen matkakumppani, jonka tuotteisiin kuuluvat matkakokoiset tuotteet. Se on my\u00f6s ihanteellinen tapa kokeilla meid\u00e4n voiteita ja l\u00f6yt\u00e4\u00e4 omat kestosuosikit. Tuotesarjaan sis\u00e4ltyy kasvokuorinta (10ml), yrttinen huulivoide (4,8ml) ja k\u00e4sivoide (10ml).","og_url":"https:\/\/tilk.bio\/fi\/verkkokauppa\/erikoissarja-christmas-scrubber-kit-2\/","og_site_name":"Tilk!","article_publisher":"https:\/\/www.facebook.com\/tilk.bio\/","article_modified_time":"2026-02-04T11:28:59+00:00","og_image":[{"width":1200,"height":1200,"url":"https:\/\/tilk.bio\/wp-content\/uploads\/2010\/11\/Untitled-design-73.jpg","type":"image\/jpeg"}],"twitter_card":"summary_large_image","twitter_misc":{"Arvioitu lukuaika":"1 minuutti"},"schema":{"@context":"https:\/\/schema.org","@graph":[{"@type":"WebPage","@id":"https:\/\/tilk.bio\/fi\/verkkokauppa\/erikoissarja-christmas-scrubber-kit-2\/","url":"https:\/\/tilk.bio\/fi\/verkkokauppa\/erikoissarja-christmas-scrubber-kit-2\/","name":"Erikoissarja \"Christmas Scrubber Kit\" - Tilk!","isPartOf":{"@id":"https:\/\/tilk.bio\/et\/#website"},"primaryImageOfPage":{"@id":"https:\/\/tilk.bio\/fi\/verkkokauppa\/erikoissarja-christmas-scrubber-kit-2\/#primaryimage"},"image":{"@id":"https:\/\/tilk.bio\/fi\/verkkokauppa\/erikoissarja-christmas-scrubber-kit-2\/#primaryimage"},"thumbnailUrl":"https:\/\/tilk.bio\/wp-content\/uploads\/2010\/11\/Untitled-design-73.jpg","datePublished":"2010-11-01T11:56:05+00:00","dateModified":"2026-02-04T11:28:59+00:00","description":"Tilk! Scrubber Kit on uskollinen matkakumppani, jonka tuotteisiin kuuluvat matkakokoiset tuotteet. Se on my\u00f6s ihanteellinen tapa kokeilla meid\u00e4n voiteita ja l\u00f6yt\u00e4\u00e4 omat kestosuosikit. Tuotesarjaan sis\u00e4ltyy kasvokuorinta (10ml), yrttinen huulivoide (4,8ml) ja k\u00e4sivoide (10ml).","breadcrumb":{"@id":"https:\/\/tilk.bio\/fi\/verkkokauppa\/erikoissarja-christmas-scrubber-kit-2\/#breadcrumb"},"inLanguage":"fi","potentialAction":[{"@type":"ReadAction","target":["https:\/\/tilk.bio\/fi\/verkkokauppa\/erikoissarja-christmas-scrubber-kit-2\/"]}]},{"@type":"ImageObject","inLanguage":"fi","@id":"https:\/\/tilk.bio\/fi\/verkkokauppa\/erikoissarja-christmas-scrubber-kit-2\/#primaryimage","url":"https:\/\/tilk.bio\/wp-content\/uploads\/2010\/11\/Untitled-design-73.jpg","contentUrl":"https:\/\/tilk.bio\/wp-content\/uploads\/2010\/11\/Untitled-design-73.jpg","width":1200,"height":1200},{"@type":"BreadcrumbList","@id":"https:\/\/tilk.bio\/fi\/verkkokauppa\/erikoissarja-christmas-scrubber-kit-2\/#breadcrumb","itemListElement":[{"@type":"ListItem","position":1,"name":"Home","item":"https:\/\/tilk.bio\/fi\/"},{"@type":"ListItem","position":2,"name":"Verkkokauppa","item":"https:\/\/tilk.bio\/fi\/verkkokauppa\/"},{"@type":"ListItem","position":3,"name":"Erikoissarja &#8220;Christmas Scrubber Kit&#8221;"}]},{"@type":"WebSite","@id":"https:\/\/tilk.bio\/et\/#website","url":"https:\/\/tilk.bio\/et\/","name":"Tilk!","description":"Natural and sustainable skincare!","potentialAction":[{"@type":"SearchAction","target":{"@type":"EntryPoint","urlTemplate":"https:\/\/tilk.bio\/et\/?s={search_term_string}"},"query-input":{"@type":"PropertyValueSpecification","valueRequired":true,"valueName":"search_term_string"}}],"inLanguage":"fi"}]}},"_links":{"self":[{"href":"https:\/\/tilk.bio\/fi\/wp-json\/wp\/v2\/product\/24007","targetHints":{"allow":["GET"]}}],"collection":[{"href":"https:\/\/tilk.bio\/fi\/wp-json\/wp\/v2\/product"}],"about":[{"href":"https:\/\/tilk.bio\/fi\/wp-json\/wp\/v2\/types\/product"}],"replies":[{"embeddable":true,"href":"https:\/\/tilk.bio\/fi\/wp-json\/wp\/v2\/comments?post=24007"}],"wp:featuredmedia":[{"embeddable":true,"href":"https:\/\/tilk.bio\/fi\/wp-json\/wp\/v2\/media\/67540"}],"wp:attachment":[{"href":"https:\/\/tilk.bio\/fi\/wp-json\/wp\/v2\/media?parent=24007"}],"wp:term":[{"taxonomy":"product_brand","embeddable":true,"href":"https:\/\/tilk.bio\/fi\/wp-json\/wp\/v2\/product_brand?post=24007"},{"taxonomy":"product_cat","embeddable":true,"href":"https:\/\/tilk.bio\/fi\/wp-json\/wp\/v2\/product_cat?post=24007"},{"taxonomy":"product_tag","embeddable":true,"href":"https:\/\/tilk.bio\/fi\/wp-json\/wp\/v2\/product_tag?post=24007"}],"curies":[{"name":"wp","href":"https:\/\/api.w.org\/{rel}","templated":true}]}}