{"id":24032,"date":"2010-11-01T14:22:52","date_gmt":"2018-11-08T14:22:59","guid":{"rendered":"https:\/\/tilk.bio\/?post_type=product&#038;p=24032"},"modified":"2021-12-20T12:41:24","modified_gmt":"2021-12-20T10:41:24","slug":"jouluinen-voidepaketti","status":"publish","type":"product","link":"https:\/\/tilk.bio\/fi\/verkkokauppa\/jouluinen-voidepaketti\/","title":{"rendered":"Jouluinen voidepaketti"},"content":{"rendered":"","protected":false},"excerpt":{"rendered":"<p>Punaisesta paketista paljastuvat voiteet ovat t\u00e4ydellinen lahja yst\u00e4v\u00e4lle! Paketissa on matkakokoisia kasvo- ja k\u00e4sivoiteita, joiden avulla on my\u00f6s helppo l\u00f6yt\u00e4\u00e4 omat tilk!-suosikkituotteet.<\/p>\n<p>Koska me kaikki olemme erilaisia, voit valita pakettiin juuri sinun yst\u00e4v\u00e4llesi sopivimman kasvovoiteen (10 ml). Lis\u00e4ksi paketissa on ennalta valittu huulivoide (4,8 ml) ja k\u00e4sivoide (10 ml).<\/p>\n<p><a href=\"https:\/\/tilk.bio\/fi\/verkkokauppa\/love-me-kasivoide\/\"><b>Love Me (10 ml)<\/b><\/a> on kosteuttava k\u00e4sivoide, joka tekee k\u00e4sist\u00e4 silkinpehme\u00e4t, pehmitt\u00e4\u00e4 kuivaa ihoa ja ravitsee sit\u00e4 runsailla vitamiineilla. Kasvojen lis\u00e4ksi my\u00f6s k\u00e4det kertovat i\u00e4st\u00e4mme \u2013 k\u00e4sivoiteen s\u00e4\u00e4nn\u00f6llinen k\u00e4ytt\u00f6 vahvistaa k\u00e4sien herkk\u00e4\u00e4 ihoa ja ehk\u00e4isee ryppyjen muodostumista.<\/p>\n<p><a href=\"https:\/\/tilk.bio\/fi\/verkkokauppa\/smooch-me-suojaava-ja-pehmentava-yrttinen-huulivoide\/\"><b>Huulivoide (4,8 ml)<\/b><\/a> suojaa ja pehmitt\u00e4\u00e4 huulia ja antaa niille kevyen kiillon. Se suojaa huulia my\u00f6s tuulelta ja pakkaselta sek\u00e4 hoitaa vaurioitunutta ihoa.<\/p>\n<p>Monipuolisesta <a href=\"https:\/\/tilk.bio\/fi\/tuote-ryhm%C3%A4\/ihonhoito\/kasvovoiteet\/\"><b>kasvovoidevalikoimastamme<\/b><\/a>\u00a0 l\u00f6yd\u00e4t ihanteellisen kosteuttajan jokaiselle ihotyypille. Eri ihotyypeist\u00e4 ja niiden tarpeista voit lukea <a href=\"https:\/\/tilk.bio\/fi\/sinun-ihotyyppisi\/\"><b>lis\u00e4\u00e4 t\u00e4\u00e4lt\u00e4<\/b><\/a>.<\/p>\n<p>Lue tuotteista tarkemmin klikkaamalla niiden linkkej\u00e4.<\/p>\n","protected":false},"featured_media":67520,"comment_status":"open","ping_status":"closed","template":"","meta":{"_acf_changed":false},"product_brand":[],"product_cat":[501,512,506,508,730],"product_tag":[427,424,425,402,422,414,423,413,428,426],"class_list":{"0":"post-24032","1":"product","2":"type-product","3":"status-publish","4":"has-post-thumbnail","6":"product_cat-kaikki-tuotteet","7":"product_cat-kasvohoito","8":"product_cat-lahjasetit","9":"product_cat-matkalle-mukaan","10":"product_cat-tilk-herbal-fi","11":"product_tag-ekologinen-kosmetiikka","12":"product_tag-herkka-iho","13":"product_tag-kasvovoide-fi","14":"product_tag-kuiva-iho","15":"product_tag-moisturise-me","16":"product_tag-sekaiho-fi","17":"product_tag-rasvainen-iho","18":"product_tag-normaali-iho","19":"product_tag-tuotesarja","20":"product_tag-voide-fi","22":"first","23":"instock","24":"taxable","25":"shipping-taxable","26":"purchasable","27":"product-type-variable"},"acf":[],"yoast_head":"<!-- This site is optimized with the Yoast SEO plugin v27.3 - https:\/\/yoast.com\/product\/yoast-seo-wordpress\/ -->\n<title>Jouluinen voidepaketti - Tilk!<\/title>\n<meta name=\"description\" content=\"Tilk! Nordica Kit on suunniteltu tilausty\u00f6n\u00e4 Nordica lentoyhti\u00f6lle. Tilk! Nordica Kit on uskollinen matkakumppani, jonka tuotteisiin kuuluvat matkakokoiset tuotteet. Se on my\u00f6s ihanteellinen tapa kokeilla meid\u00e4n voiteita ja l\u00f6yt\u00e4\u00e4 omat kestosuosikit. Tuotesarjaan sis\u00e4ltyy vapaavalintainen p\u00e4iv\u00e4voide (10ml), yrttinen huulivoide (4,8ml) ja k\u00e4sivoide (10ml).\" \/>\n<meta name=\"robots\" content=\"index, follow, max-snippet:-1, max-image-preview:large, max-video-preview:-1\" \/>\n<link rel=\"canonical\" href=\"https:\/\/tilk.bio\/fi\/verkkokauppa\/jouluinen-voidepaketti\/\" \/>\n<meta property=\"og:locale\" content=\"fi_FI\" \/>\n<meta property=\"og:type\" content=\"article\" \/>\n<meta property=\"og:title\" content=\"Jouluinen voidepaketti - Tilk!\" \/>\n<meta property=\"og:description\" content=\"Tilk! Nordica Kit on suunniteltu tilausty\u00f6n\u00e4 Nordica lentoyhti\u00f6lle. Tilk! Nordica Kit on uskollinen matkakumppani, jonka tuotteisiin kuuluvat matkakokoiset tuotteet. Se on my\u00f6s ihanteellinen tapa kokeilla meid\u00e4n voiteita ja l\u00f6yt\u00e4\u00e4 omat kestosuosikit. Tuotesarjaan sis\u00e4ltyy vapaavalintainen p\u00e4iv\u00e4voide (10ml), yrttinen huulivoide (4,8ml) ja k\u00e4sivoide (10ml).\" \/>\n<meta property=\"og:url\" content=\"https:\/\/tilk.bio\/fi\/verkkokauppa\/jouluinen-voidepaketti\/\" \/>\n<meta property=\"og:site_name\" content=\"Tilk!\" \/>\n<meta property=\"article:publisher\" content=\"https:\/\/www.facebook.com\/tilk.bio\/\" \/>\n<meta property=\"article:modified_time\" content=\"2021-12-20T10:41:24+00:00\" \/>\n<meta property=\"og:image\" content=\"https:\/\/tilk.bio\/wp-content\/uploads\/2018\/11\/IMG_9869-2-PS-scaled.jpg\" \/>\n\t<meta property=\"og:image:width\" content=\"2560\" \/>\n\t<meta property=\"og:image:height\" content=\"1707\" \/>\n\t<meta property=\"og:image:type\" content=\"image\/jpeg\" \/>\n<meta name=\"twitter:card\" content=\"summary_large_image\" \/>\n<meta name=\"twitter:image\" content=\"https:\/\/tilk.bio\/wp-content\/uploads\/2016\/01\/naturaln-hand-cream-love-me.jpg\" \/>\n<script type=\"application\/ld+json\" class=\"yoast-schema-graph\">{\"@context\":\"https:\\\/\\\/schema.org\",\"@graph\":[{\"@type\":\"WebPage\",\"@id\":\"https:\\\/\\\/tilk.bio\\\/fi\\\/verkkokauppa\\\/jouluinen-voidepaketti\\\/\",\"url\":\"https:\\\/\\\/tilk.bio\\\/fi\\\/verkkokauppa\\\/jouluinen-voidepaketti\\\/\",\"name\":\"Jouluinen voidepaketti - Tilk!\",\"isPartOf\":{\"@id\":\"https:\\\/\\\/tilk.bio\\\/et\\\/#website\"},\"primaryImageOfPage\":{\"@id\":\"https:\\\/\\\/tilk.bio\\\/fi\\\/verkkokauppa\\\/jouluinen-voidepaketti\\\/#primaryimage\"},\"image\":{\"@id\":\"https:\\\/\\\/tilk.bio\\\/fi\\\/verkkokauppa\\\/jouluinen-voidepaketti\\\/#primaryimage\"},\"thumbnailUrl\":\"https:\\\/\\\/tilk.bio\\\/wp-content\\\/uploads\\\/2010\\\/12\\\/1-1.jpg\",\"datePublished\":\"2018-11-08T14:22:59+00:00\",\"dateModified\":\"2021-12-20T10:41:24+00:00\",\"description\":\"Tilk! Nordica Kit on suunniteltu tilausty\u00f6n\u00e4 Nordica lentoyhti\u00f6lle. Tilk! Nordica Kit on uskollinen matkakumppani, jonka tuotteisiin kuuluvat matkakokoiset tuotteet. Se on my\u00f6s ihanteellinen tapa kokeilla meid\u00e4n voiteita ja l\u00f6yt\u00e4\u00e4 omat kestosuosikit. Tuotesarjaan sis\u00e4ltyy vapaavalintainen p\u00e4iv\u00e4voide (10ml), yrttinen huulivoide (4,8ml) ja k\u00e4sivoide (10ml).\",\"breadcrumb\":{\"@id\":\"https:\\\/\\\/tilk.bio\\\/fi\\\/verkkokauppa\\\/jouluinen-voidepaketti\\\/#breadcrumb\"},\"inLanguage\":\"fi\",\"potentialAction\":[{\"@type\":\"ReadAction\",\"target\":[\"https:\\\/\\\/tilk.bio\\\/fi\\\/verkkokauppa\\\/jouluinen-voidepaketti\\\/\"]}]},{\"@type\":\"ImageObject\",\"inLanguage\":\"fi\",\"@id\":\"https:\\\/\\\/tilk.bio\\\/fi\\\/verkkokauppa\\\/jouluinen-voidepaketti\\\/#primaryimage\",\"url\":\"https:\\\/\\\/tilk.bio\\\/wp-content\\\/uploads\\\/2010\\\/12\\\/1-1.jpg\",\"contentUrl\":\"https:\\\/\\\/tilk.bio\\\/wp-content\\\/uploads\\\/2010\\\/12\\\/1-1.jpg\",\"width\":1200,\"height\":1200},{\"@type\":\"BreadcrumbList\",\"@id\":\"https:\\\/\\\/tilk.bio\\\/fi\\\/verkkokauppa\\\/jouluinen-voidepaketti\\\/#breadcrumb\",\"itemListElement\":[{\"@type\":\"ListItem\",\"position\":1,\"name\":\"Home\",\"item\":\"https:\\\/\\\/tilk.bio\\\/fi\\\/\"},{\"@type\":\"ListItem\",\"position\":2,\"name\":\"Verkkokauppa\",\"item\":\"https:\\\/\\\/tilk.bio\\\/fi\\\/verkkokauppa\\\/\"},{\"@type\":\"ListItem\",\"position\":3,\"name\":\"Jouluinen voidepaketti\"}]},{\"@type\":\"WebSite\",\"@id\":\"https:\\\/\\\/tilk.bio\\\/et\\\/#website\",\"url\":\"https:\\\/\\\/tilk.bio\\\/et\\\/\",\"name\":\"Tilk!\",\"description\":\"Natural and sustainable skincare!\",\"potentialAction\":[{\"@type\":\"SearchAction\",\"target\":{\"@type\":\"EntryPoint\",\"urlTemplate\":\"https:\\\/\\\/tilk.bio\\\/et\\\/?s={search_term_string}\"},\"query-input\":{\"@type\":\"PropertyValueSpecification\",\"valueRequired\":true,\"valueName\":\"search_term_string\"}}],\"inLanguage\":\"fi\"}]}<\/script>\n<!-- \/ Yoast SEO plugin. -->","yoast_head_json":{"title":"Jouluinen voidepaketti - Tilk!","description":"Tilk! Nordica Kit on suunniteltu tilausty\u00f6n\u00e4 Nordica lentoyhti\u00f6lle. Tilk! Nordica Kit on uskollinen matkakumppani, jonka tuotteisiin kuuluvat matkakokoiset tuotteet. Se on my\u00f6s ihanteellinen tapa kokeilla meid\u00e4n voiteita ja l\u00f6yt\u00e4\u00e4 omat kestosuosikit. Tuotesarjaan sis\u00e4ltyy vapaavalintainen p\u00e4iv\u00e4voide (10ml), yrttinen huulivoide (4,8ml) ja k\u00e4sivoide (10ml).","robots":{"index":"index","follow":"follow","max-snippet":"max-snippet:-1","max-image-preview":"max-image-preview:large","max-video-preview":"max-video-preview:-1"},"canonical":"https:\/\/tilk.bio\/fi\/verkkokauppa\/jouluinen-voidepaketti\/","og_locale":"fi_FI","og_type":"article","og_title":"Jouluinen voidepaketti - Tilk!","og_description":"Tilk! Nordica Kit on suunniteltu tilausty\u00f6n\u00e4 Nordica lentoyhti\u00f6lle. Tilk! Nordica Kit on uskollinen matkakumppani, jonka tuotteisiin kuuluvat matkakokoiset tuotteet. Se on my\u00f6s ihanteellinen tapa kokeilla meid\u00e4n voiteita ja l\u00f6yt\u00e4\u00e4 omat kestosuosikit. Tuotesarjaan sis\u00e4ltyy vapaavalintainen p\u00e4iv\u00e4voide (10ml), yrttinen huulivoide (4,8ml) ja k\u00e4sivoide (10ml).","og_url":"https:\/\/tilk.bio\/fi\/verkkokauppa\/jouluinen-voidepaketti\/","og_site_name":"Tilk!","article_publisher":"https:\/\/www.facebook.com\/tilk.bio\/","article_modified_time":"2021-12-20T10:41:24+00:00","og_image":[{"width":2560,"height":1707,"url":"https:\/\/tilk.bio\/wp-content\/uploads\/2018\/11\/IMG_9869-2-PS-scaled.jpg","type":"image\/jpeg"}],"twitter_card":"summary_large_image","twitter_image":"https:\/\/tilk.bio\/wp-content\/uploads\/2016\/01\/naturaln-hand-cream-love-me.jpg","schema":{"@context":"https:\/\/schema.org","@graph":[{"@type":"WebPage","@id":"https:\/\/tilk.bio\/fi\/verkkokauppa\/jouluinen-voidepaketti\/","url":"https:\/\/tilk.bio\/fi\/verkkokauppa\/jouluinen-voidepaketti\/","name":"Jouluinen voidepaketti - Tilk!","isPartOf":{"@id":"https:\/\/tilk.bio\/et\/#website"},"primaryImageOfPage":{"@id":"https:\/\/tilk.bio\/fi\/verkkokauppa\/jouluinen-voidepaketti\/#primaryimage"},"image":{"@id":"https:\/\/tilk.bio\/fi\/verkkokauppa\/jouluinen-voidepaketti\/#primaryimage"},"thumbnailUrl":"https:\/\/tilk.bio\/wp-content\/uploads\/2010\/12\/1-1.jpg","datePublished":"2018-11-08T14:22:59+00:00","dateModified":"2021-12-20T10:41:24+00:00","description":"Tilk! Nordica Kit on suunniteltu tilausty\u00f6n\u00e4 Nordica lentoyhti\u00f6lle. Tilk! Nordica Kit on uskollinen matkakumppani, jonka tuotteisiin kuuluvat matkakokoiset tuotteet. Se on my\u00f6s ihanteellinen tapa kokeilla meid\u00e4n voiteita ja l\u00f6yt\u00e4\u00e4 omat kestosuosikit. Tuotesarjaan sis\u00e4ltyy vapaavalintainen p\u00e4iv\u00e4voide (10ml), yrttinen huulivoide (4,8ml) ja k\u00e4sivoide (10ml).","breadcrumb":{"@id":"https:\/\/tilk.bio\/fi\/verkkokauppa\/jouluinen-voidepaketti\/#breadcrumb"},"inLanguage":"fi","potentialAction":[{"@type":"ReadAction","target":["https:\/\/tilk.bio\/fi\/verkkokauppa\/jouluinen-voidepaketti\/"]}]},{"@type":"ImageObject","inLanguage":"fi","@id":"https:\/\/tilk.bio\/fi\/verkkokauppa\/jouluinen-voidepaketti\/#primaryimage","url":"https:\/\/tilk.bio\/wp-content\/uploads\/2010\/12\/1-1.jpg","contentUrl":"https:\/\/tilk.bio\/wp-content\/uploads\/2010\/12\/1-1.jpg","width":1200,"height":1200},{"@type":"BreadcrumbList","@id":"https:\/\/tilk.bio\/fi\/verkkokauppa\/jouluinen-voidepaketti\/#breadcrumb","itemListElement":[{"@type":"ListItem","position":1,"name":"Home","item":"https:\/\/tilk.bio\/fi\/"},{"@type":"ListItem","position":2,"name":"Verkkokauppa","item":"https:\/\/tilk.bio\/fi\/verkkokauppa\/"},{"@type":"ListItem","position":3,"name":"Jouluinen voidepaketti"}]},{"@type":"WebSite","@id":"https:\/\/tilk.bio\/et\/#website","url":"https:\/\/tilk.bio\/et\/","name":"Tilk!","description":"Natural and sustainable skincare!","potentialAction":[{"@type":"SearchAction","target":{"@type":"EntryPoint","urlTemplate":"https:\/\/tilk.bio\/et\/?s={search_term_string}"},"query-input":{"@type":"PropertyValueSpecification","valueRequired":true,"valueName":"search_term_string"}}],"inLanguage":"fi"}]}},"_links":{"self":[{"href":"https:\/\/tilk.bio\/fi\/wp-json\/wp\/v2\/product\/24032","targetHints":{"allow":["GET"]}}],"collection":[{"href":"https:\/\/tilk.bio\/fi\/wp-json\/wp\/v2\/product"}],"about":[{"href":"https:\/\/tilk.bio\/fi\/wp-json\/wp\/v2\/types\/product"}],"replies":[{"embeddable":true,"href":"https:\/\/tilk.bio\/fi\/wp-json\/wp\/v2\/comments?post=24032"}],"wp:featuredmedia":[{"embeddable":true,"href":"https:\/\/tilk.bio\/fi\/wp-json\/wp\/v2\/media\/67520"}],"wp:attachment":[{"href":"https:\/\/tilk.bio\/fi\/wp-json\/wp\/v2\/media?parent=24032"}],"wp:term":[{"taxonomy":"product_brand","embeddable":true,"href":"https:\/\/tilk.bio\/fi\/wp-json\/wp\/v2\/product_brand?post=24032"},{"taxonomy":"product_cat","embeddable":true,"href":"https:\/\/tilk.bio\/fi\/wp-json\/wp\/v2\/product_cat?post=24032"},{"taxonomy":"product_tag","embeddable":true,"href":"https:\/\/tilk.bio\/fi\/wp-json\/wp\/v2\/product_tag?post=24032"}],"curies":[{"name":"wp","href":"https:\/\/api.w.org\/{rel}","templated":true}]}}