{"id":24097,"date":"2010-11-01T18:18:10","date_gmt":"2010-11-01T16:18:10","guid":{"rendered":"https:\/\/tilk.bio\/shop\/erikoissarja-christmas-travel-kit\/"},"modified":"2026-02-04T13:36:01","modified_gmt":"2026-02-04T11:36:01","slug":"jouluinen-paiva-ja-yovoidepaketti","status":"publish","type":"product","link":"https:\/\/tilk.bio\/fi\/verkkokauppa\/jouluinen-paiva-ja-yovoidepaketti\/","title":{"rendered":"Jouluinen p\u00e4iv\u00e4- ja y\u00f6voidepaketti"},"content":{"rendered":"","protected":false},"excerpt":{"rendered":"<p>Punaisesta paketista paljastuvat voiteet ovat t\u00e4ydellinen lahja yst\u00e4v\u00e4lle! Paketissa on matkakokoisia kasvo- ja k\u00e4sivoiteita, joiden avulla on my\u00f6s helppo l\u00f6yt\u00e4\u00e4 omat tilk!-suosikkituotteet.<\/p>\n<p>Koska me kaikki olemme erilaisia, voit valita pakettiin juuri sinun yst\u00e4v\u00e4llesi sopivimman kasvovoiteen (10 ml). Lis\u00e4ksi paketissa on ennalta valittu y\u00f6voide (10 ml) ja k\u00e4sivoide (10 ml).<\/p>\n<p><a href=\"https:\/\/tilk.bio\/fi\/verkkokauppa\/love-me-kasivoide\/\"><b>Love Me (10 ml)<\/b><\/a> on kosteuttava k\u00e4sivoide, joka tekee k\u00e4sist\u00e4 silkinpehme\u00e4t, pehmitt\u00e4\u00e4 kuivaa ihoa ja ravitsee sit\u00e4 runsailla vitamiineilla. Kasvojen lis\u00e4ksi my\u00f6s k\u00e4det kertovat i\u00e4st\u00e4mme \u2013 k\u00e4sivoiteen s\u00e4\u00e4nn\u00f6llinen k\u00e4ytt\u00f6 vahvistaa k\u00e4sien herkk\u00e4\u00e4 ihoa ja ehk\u00e4isee ryppyjen muodostumista.<\/p>\n<p><a href=\"https:\/\/tilk.bio\/fi\/verkkokauppa\/spoon-me-ravitseva-yovoide\/\"><b>Spoon Me \u2013 avokado\u00f6ljy\u00e4 sis\u00e4lt\u00e4v\u00e4 anti-age -y\u00f6voide (10 ml)<\/b><\/a> ravitsee ja kosteuttaa ihoa. T\u00e4ytel\u00e4inen voide soveltuu my\u00f6s kyps\u00e4n ja eritt\u00e4in kuivan ihon p\u00e4iv\u00e4voiteeksi. Suosittelemme y\u00f6voiteita yli 35-vuotiaille sek\u00e4 kuivasta ja elottomasta ihosta k\u00e4rsiville.<\/p>\n<p>Monipuolisesta <a href=\"https:\/\/tilk.bio\/fi\/tuote-ryhm%C3%A4\/ihonhoito\/kasvovoiteet\/\"><b>kasvovoidevalikoimastamme<\/b><\/a>\u00a0 l\u00f6yd\u00e4t ihanteellisen kosteuttajan jokaiselle ihotyypille. Eri ihotyypeist\u00e4 ja niiden tarpeista voit lukea <a href=\"https:\/\/tilk.bio\/fi\/sinun-ihotyyppisi\/\"><b>lis\u00e4\u00e4 t\u00e4\u00e4lt\u00e4<\/b><\/a>.<\/p>\n<p>Lue tuotteista tarkemmin klikkaamalla niiden linkkej\u00e4.<\/p>\n","protected":false},"featured_media":23677,"comment_status":"open","ping_status":"closed","template":"","meta":{"_acf_changed":false},"product_brand":[],"product_cat":[501,506,508,730],"product_tag":[427,424,425,402,414,423,413,428,426],"class_list":{"0":"post-24097","1":"product","2":"type-product","3":"status-publish","4":"has-post-thumbnail","6":"product_cat-kaikki-tuotteet","7":"product_cat-lahjasetit","8":"product_cat-matkalle-mukaan","9":"product_cat-tilk-herbal-fi","10":"product_tag-ekologinen-kosmetiikka","11":"product_tag-herkka-iho","12":"product_tag-kasvovoide-fi","13":"product_tag-kuiva-iho","14":"product_tag-sekaiho-fi","15":"product_tag-rasvainen-iho","16":"product_tag-normaali-iho","17":"product_tag-tuotesarja","18":"product_tag-voide-fi","20":"first","21":"instock","22":"taxable","23":"shipping-taxable","24":"purchasable","25":"product-type-variable"},"acf":[],"yoast_head":"<!-- This site is optimized with the Yoast SEO plugin v27.3 - https:\/\/yoast.com\/product\/yoast-seo-wordpress\/ -->\n<title>Jouluinen p\u00e4iv\u00e4- ja y\u00f6voidepaketti - Tilk!<\/title>\n<meta name=\"description\" content=\"This Tilk! christmas travel kit contains of great choice of fresh and natural face creams that make you feel gorgeous. It is an ideal option for those who would like to receive a selection of our creams at once! Among this set you will find a day cream (10ml) at your own choice, night cream Spoon Me (10ml) and a hand cream (10ml).\" \/>\n<meta name=\"robots\" content=\"index, follow, max-snippet:-1, max-image-preview:large, max-video-preview:-1\" \/>\n<link rel=\"canonical\" href=\"https:\/\/tilk.bio\/fi\/verkkokauppa\/jouluinen-paiva-ja-yovoidepaketti\/\" \/>\n<meta property=\"og:locale\" content=\"fi_FI\" \/>\n<meta property=\"og:type\" content=\"article\" \/>\n<meta property=\"og:title\" content=\"Jouluinen p\u00e4iv\u00e4- ja y\u00f6voidepaketti - Tilk!\" \/>\n<meta property=\"og:description\" content=\"This Tilk! golden kit contains of great choice of fresh and natural face creams that make you feel gorgeous. It is an ideal option for those who would like to receive a selection of our creams at once! Among this set you will find a day cream (10ml) at your own choice, night cream Spoon Me (10ml) and a hand cream (10ml). Please specify your face cream choice in the comments.\" \/>\n<meta property=\"og:url\" content=\"https:\/\/tilk.bio\/fi\/verkkokauppa\/jouluinen-paiva-ja-yovoidepaketti\/\" \/>\n<meta property=\"og:site_name\" content=\"Tilk!\" \/>\n<meta property=\"article:publisher\" content=\"https:\/\/www.facebook.com\/tilk.bio\/\" \/>\n<meta property=\"article:modified_time\" content=\"2026-02-04T11:36:01+00:00\" \/>\n<meta property=\"og:image\" content=\"https:\/\/tilk.bio\/wp-content\/uploads\/2018\/07\/travelkit2.png\" \/>\n\t<meta property=\"og:image:width\" content=\"920\" \/>\n\t<meta property=\"og:image:height\" content=\"1100\" \/>\n\t<meta property=\"og:image:type\" content=\"image\/png\" \/>\n<meta name=\"twitter:card\" content=\"summary_large_image\" \/>\n<script type=\"application\/ld+json\" class=\"yoast-schema-graph\">{\"@context\":\"https:\\\/\\\/schema.org\",\"@graph\":[{\"@type\":\"WebPage\",\"@id\":\"https:\\\/\\\/tilk.bio\\\/fi\\\/verkkokauppa\\\/jouluinen-paiva-ja-yovoidepaketti\\\/\",\"url\":\"https:\\\/\\\/tilk.bio\\\/fi\\\/verkkokauppa\\\/jouluinen-paiva-ja-yovoidepaketti\\\/\",\"name\":\"Jouluinen p\u00e4iv\u00e4- ja y\u00f6voidepaketti - Tilk!\",\"isPartOf\":{\"@id\":\"https:\\\/\\\/tilk.bio\\\/et\\\/#website\"},\"primaryImageOfPage\":{\"@id\":\"https:\\\/\\\/tilk.bio\\\/fi\\\/verkkokauppa\\\/jouluinen-paiva-ja-yovoidepaketti\\\/#primaryimage\"},\"image\":{\"@id\":\"https:\\\/\\\/tilk.bio\\\/fi\\\/verkkokauppa\\\/jouluinen-paiva-ja-yovoidepaketti\\\/#primaryimage\"},\"thumbnailUrl\":\"https:\\\/\\\/tilk.bio\\\/wp-content\\\/uploads\\\/2018\\\/07\\\/travelkit2.png\",\"datePublished\":\"2010-11-01T16:18:10+00:00\",\"dateModified\":\"2026-02-04T11:36:01+00:00\",\"description\":\"This Tilk! christmas travel kit contains of great choice of fresh and natural face creams that make you feel gorgeous. It is an ideal option for those who would like to receive a selection of our creams at once! Among this set you will find a day cream (10ml) at your own choice, night cream Spoon Me (10ml) and a hand cream (10ml).\",\"breadcrumb\":{\"@id\":\"https:\\\/\\\/tilk.bio\\\/fi\\\/verkkokauppa\\\/jouluinen-paiva-ja-yovoidepaketti\\\/#breadcrumb\"},\"inLanguage\":\"fi\",\"potentialAction\":[{\"@type\":\"ReadAction\",\"target\":[\"https:\\\/\\\/tilk.bio\\\/fi\\\/verkkokauppa\\\/jouluinen-paiva-ja-yovoidepaketti\\\/\"]}]},{\"@type\":\"ImageObject\",\"inLanguage\":\"fi\",\"@id\":\"https:\\\/\\\/tilk.bio\\\/fi\\\/verkkokauppa\\\/jouluinen-paiva-ja-yovoidepaketti\\\/#primaryimage\",\"url\":\"https:\\\/\\\/tilk.bio\\\/wp-content\\\/uploads\\\/2018\\\/07\\\/travelkit2.png\",\"contentUrl\":\"https:\\\/\\\/tilk.bio\\\/wp-content\\\/uploads\\\/2018\\\/07\\\/travelkit2.png\",\"width\":920,\"height\":1100,\"caption\":\"skincare travel kit\"},{\"@type\":\"BreadcrumbList\",\"@id\":\"https:\\\/\\\/tilk.bio\\\/fi\\\/verkkokauppa\\\/jouluinen-paiva-ja-yovoidepaketti\\\/#breadcrumb\",\"itemListElement\":[{\"@type\":\"ListItem\",\"position\":1,\"name\":\"Home\",\"item\":\"https:\\\/\\\/tilk.bio\\\/fi\\\/\"},{\"@type\":\"ListItem\",\"position\":2,\"name\":\"Verkkokauppa\",\"item\":\"https:\\\/\\\/tilk.bio\\\/fi\\\/verkkokauppa\\\/\"},{\"@type\":\"ListItem\",\"position\":3,\"name\":\"Jouluinen p\u00e4iv\u00e4- ja y\u00f6voidepaketti\"}]},{\"@type\":\"WebSite\",\"@id\":\"https:\\\/\\\/tilk.bio\\\/et\\\/#website\",\"url\":\"https:\\\/\\\/tilk.bio\\\/et\\\/\",\"name\":\"Tilk!\",\"description\":\"Natural and sustainable skincare!\",\"potentialAction\":[{\"@type\":\"SearchAction\",\"target\":{\"@type\":\"EntryPoint\",\"urlTemplate\":\"https:\\\/\\\/tilk.bio\\\/et\\\/?s={search_term_string}\"},\"query-input\":{\"@type\":\"PropertyValueSpecification\",\"valueRequired\":true,\"valueName\":\"search_term_string\"}}],\"inLanguage\":\"fi\"}]}<\/script>\n<!-- \/ Yoast SEO plugin. -->","yoast_head_json":{"title":"Jouluinen p\u00e4iv\u00e4- ja y\u00f6voidepaketti - Tilk!","description":"This Tilk! christmas travel kit contains of great choice of fresh and natural face creams that make you feel gorgeous. It is an ideal option for those who would like to receive a selection of our creams at once! Among this set you will find a day cream (10ml) at your own choice, night cream Spoon Me (10ml) and a hand cream (10ml).","robots":{"index":"index","follow":"follow","max-snippet":"max-snippet:-1","max-image-preview":"max-image-preview:large","max-video-preview":"max-video-preview:-1"},"canonical":"https:\/\/tilk.bio\/fi\/verkkokauppa\/jouluinen-paiva-ja-yovoidepaketti\/","og_locale":"fi_FI","og_type":"article","og_title":"Jouluinen p\u00e4iv\u00e4- ja y\u00f6voidepaketti - Tilk!","og_description":"This Tilk! golden kit contains of great choice of fresh and natural face creams that make you feel gorgeous. It is an ideal option for those who would like to receive a selection of our creams at once! Among this set you will find a day cream (10ml) at your own choice, night cream Spoon Me (10ml) and a hand cream (10ml). Please specify your face cream choice in the comments.","og_url":"https:\/\/tilk.bio\/fi\/verkkokauppa\/jouluinen-paiva-ja-yovoidepaketti\/","og_site_name":"Tilk!","article_publisher":"https:\/\/www.facebook.com\/tilk.bio\/","article_modified_time":"2026-02-04T11:36:01+00:00","og_image":[{"width":920,"height":1100,"url":"https:\/\/tilk.bio\/wp-content\/uploads\/2018\/07\/travelkit2.png","type":"image\/png"}],"twitter_card":"summary_large_image","schema":{"@context":"https:\/\/schema.org","@graph":[{"@type":"WebPage","@id":"https:\/\/tilk.bio\/fi\/verkkokauppa\/jouluinen-paiva-ja-yovoidepaketti\/","url":"https:\/\/tilk.bio\/fi\/verkkokauppa\/jouluinen-paiva-ja-yovoidepaketti\/","name":"Jouluinen p\u00e4iv\u00e4- ja y\u00f6voidepaketti - Tilk!","isPartOf":{"@id":"https:\/\/tilk.bio\/et\/#website"},"primaryImageOfPage":{"@id":"https:\/\/tilk.bio\/fi\/verkkokauppa\/jouluinen-paiva-ja-yovoidepaketti\/#primaryimage"},"image":{"@id":"https:\/\/tilk.bio\/fi\/verkkokauppa\/jouluinen-paiva-ja-yovoidepaketti\/#primaryimage"},"thumbnailUrl":"https:\/\/tilk.bio\/wp-content\/uploads\/2018\/07\/travelkit2.png","datePublished":"2010-11-01T16:18:10+00:00","dateModified":"2026-02-04T11:36:01+00:00","description":"This Tilk! christmas travel kit contains of great choice of fresh and natural face creams that make you feel gorgeous. It is an ideal option for those who would like to receive a selection of our creams at once! Among this set you will find a day cream (10ml) at your own choice, night cream Spoon Me (10ml) and a hand cream (10ml).","breadcrumb":{"@id":"https:\/\/tilk.bio\/fi\/verkkokauppa\/jouluinen-paiva-ja-yovoidepaketti\/#breadcrumb"},"inLanguage":"fi","potentialAction":[{"@type":"ReadAction","target":["https:\/\/tilk.bio\/fi\/verkkokauppa\/jouluinen-paiva-ja-yovoidepaketti\/"]}]},{"@type":"ImageObject","inLanguage":"fi","@id":"https:\/\/tilk.bio\/fi\/verkkokauppa\/jouluinen-paiva-ja-yovoidepaketti\/#primaryimage","url":"https:\/\/tilk.bio\/wp-content\/uploads\/2018\/07\/travelkit2.png","contentUrl":"https:\/\/tilk.bio\/wp-content\/uploads\/2018\/07\/travelkit2.png","width":920,"height":1100,"caption":"skincare travel kit"},{"@type":"BreadcrumbList","@id":"https:\/\/tilk.bio\/fi\/verkkokauppa\/jouluinen-paiva-ja-yovoidepaketti\/#breadcrumb","itemListElement":[{"@type":"ListItem","position":1,"name":"Home","item":"https:\/\/tilk.bio\/fi\/"},{"@type":"ListItem","position":2,"name":"Verkkokauppa","item":"https:\/\/tilk.bio\/fi\/verkkokauppa\/"},{"@type":"ListItem","position":3,"name":"Jouluinen p\u00e4iv\u00e4- ja y\u00f6voidepaketti"}]},{"@type":"WebSite","@id":"https:\/\/tilk.bio\/et\/#website","url":"https:\/\/tilk.bio\/et\/","name":"Tilk!","description":"Natural and sustainable skincare!","potentialAction":[{"@type":"SearchAction","target":{"@type":"EntryPoint","urlTemplate":"https:\/\/tilk.bio\/et\/?s={search_term_string}"},"query-input":{"@type":"PropertyValueSpecification","valueRequired":true,"valueName":"search_term_string"}}],"inLanguage":"fi"}]}},"_links":{"self":[{"href":"https:\/\/tilk.bio\/fi\/wp-json\/wp\/v2\/product\/24097","targetHints":{"allow":["GET"]}}],"collection":[{"href":"https:\/\/tilk.bio\/fi\/wp-json\/wp\/v2\/product"}],"about":[{"href":"https:\/\/tilk.bio\/fi\/wp-json\/wp\/v2\/types\/product"}],"replies":[{"embeddable":true,"href":"https:\/\/tilk.bio\/fi\/wp-json\/wp\/v2\/comments?post=24097"}],"wp:featuredmedia":[{"embeddable":true,"href":"https:\/\/tilk.bio\/fi\/wp-json\/wp\/v2\/media\/23677"}],"wp:attachment":[{"href":"https:\/\/tilk.bio\/fi\/wp-json\/wp\/v2\/media?parent=24097"}],"wp:term":[{"taxonomy":"product_brand","embeddable":true,"href":"https:\/\/tilk.bio\/fi\/wp-json\/wp\/v2\/product_brand?post=24097"},{"taxonomy":"product_cat","embeddable":true,"href":"https:\/\/tilk.bio\/fi\/wp-json\/wp\/v2\/product_cat?post=24097"},{"taxonomy":"product_tag","embeddable":true,"href":"https:\/\/tilk.bio\/fi\/wp-json\/wp\/v2\/product_tag?post=24097"}],"curies":[{"name":"wp","href":"https:\/\/api.w.org\/{rel}","templated":true}]}}