{"id":24117,"date":"2019-11-13T00:38:40","date_gmt":"2019-11-12T22:38:40","guid":{"rendered":"https:\/\/tilk.bio\/?post_type=product&#038;p=24117"},"modified":"2026-04-13T11:45:32","modified_gmt":"2026-04-13T08:45:32","slug":"brighten-me-silmanymparysvoide","status":"publish","type":"product","link":"https:\/\/tilk.bio\/fi\/verkkokauppa\/brighten-me-silmanymparysvoide\/","title":{"rendered":"Brighten Me &#8211; hyaluronihappoa sis\u00e4lt\u00e4v\u00e4 kosteuttava ja ravitseva silm\u00e4nymp\u00e4rysvoide"},"content":{"rendered":"<p>Brighten Me on hell\u00e4varaisesti kosteuttava ja vahvistava silm\u00e4nymp\u00e4rysvoide, joka uudistaa silm\u00e4nymp\u00e4rysihoa ja tasoittaa juonteita. Hyaluronihappo on tehokas kosteuttaja, joka kuljettaa happea ja ravinteita ihosoluihin sek\u00e4 osallistuu iholle kimmoisuutta antavan kollageenin tuotantoon. Suosittelemme silm\u00e4nymp\u00e4rysvoiteen k\u00e4ytt\u00f6\u00e4 yli 35-vuotiaille.<\/p>\n<p>Ruusuvesi kosteuttaa ja raikastaa, kurkunsiemen\u00f6ljy viilent\u00e4\u00e4, rauhoittaa, vahvistaa ja ravitsee herkk\u00e4\u00e4 silm\u00e4nymp\u00e4rysihoa sek\u00e4 parantaa sen aineenvaihduntaa. Keh\u00e4kukan, poimulehden ja peltokortteen bioaktiiviset ainesosat rauhoittavat ja ehk\u00e4isev\u00e4t tulehduksia, puhdistavat ihoa, tasoittavat juonteita, laskevat turvotusta ja edesauttavat hormonaalista tasapainoa. Voiteen tuoksussa yhdistyv\u00e4t frankinsensi ja kurjenpolvi.<\/p>\n<p>K\u00e4ytt\u00f6: K\u00e4yt\u00e4 puhdistetulle iholle p\u00e4ivitt\u00e4in kasvovoiteen kanssa.<\/p>\n<p>Tuotteen kaikki ainesosat ovat luontaista ja vegaanista alkuper\u00e4\u00e4. Tuotteessa on k\u00e4ytetty Saarenmaalta k\u00e4sin poimituista kasveista saatuja \u00f6ljyj\u00e4.<\/p>\n<p>S\u00e4ilytys huoneenl\u00e4mm\u00f6ss\u00e4.<\/p>\n<p>Koko 15 ml<\/p>\n<p><a ref=\"magnificPopup\" href=\"https:\/\/tilk.bio\/wp-content\/uploads\/2016\/01\/Vegan_sign-07.png\"><img loading=\"lazy\" decoding=\"async\" class=\"alignnone wp-image-22658\" src=\"https:\/\/tilk.bio\/wp-content\/uploads\/2016\/01\/Vegan_sign-07.png\" alt=\"\" width=\"90\" height=\"90\" srcset=\"https:\/\/tilk.bio\/wp-content\/uploads\/2016\/01\/Vegan_sign-07.png 165w, https:\/\/tilk.bio\/wp-content\/uploads\/2016\/01\/Vegan_sign-07-150x150.png 150w\" sizes=\"auto, (max-width: 90px) 100vw, 90px\" \/><\/a><a ref=\"magnificPopup\" href=\"https:\/\/tilk.bio\/wp-content\/uploads\/2015\/11\/sisaltaa_puisen_lastan_anim.gif\"><img loading=\"lazy\" decoding=\"async\" class=\"alignnone size-full wp-image-23764\" src=\"https:\/\/tilk.bio\/wp-content\/uploads\/2015\/11\/sisaltaa_puisen_lastan_anim.gif\" alt=\"\" width=\"115\" height=\"100\" \/><\/a><a ref=\"magnificPopup\" href=\"https:\/\/tilk.bio\/wp-content\/uploads\/2018\/08\/package_anim_FIN.gif\"><img loading=\"lazy\" decoding=\"async\" class=\"alignnone size-full wp-image-23966\" src=\"https:\/\/tilk.bio\/wp-content\/uploads\/2018\/08\/package_anim_FIN.gif\" alt=\"\" width=\"125\" height=\"100\" \/><\/a><\/p>\n","protected":false},"excerpt":{"rendered":"<p>Brighten Me on hell\u00e4varaisesti kosteuttava ja vahvistava silm\u00e4nymp\u00e4rysvoide, joka uudistaa silm\u00e4nymp\u00e4rysihoa ja tasoittaa juonteita. Hyaluronihappo on tehokas kosteuttaja, joka kuljettaa happea ja ravinteita ihosoluihin sek\u00e4 osallistuu iholle kimmoisuutta antavan kollageenin tuotantoon. Suosittelemme silm\u00e4nymp\u00e4rysvoiteen k\u00e4ytt\u00f6\u00e4 yli 35-vuotiaille. Ruusuvesi kosteuttaa ja raikastaa, kurkunsiemen\u00f6ljy viilent\u00e4\u00e4, rauhoittaa, vahvistaa ja ravitsee herkk\u00e4\u00e4 silm\u00e4nymp\u00e4rysihoa sek\u00e4 parantaa sen aineenvaihduntaa. Keh\u00e4kukan, poimulehden ja&#8230;<\/p>\n","protected":false},"featured_media":69593,"comment_status":"open","ping_status":"closed","template":"","meta":{"_acf_changed":false},"product_brand":[],"product_cat":[741,729,740,501,512,737,742,627,631,671],"product_tag":[759,760],"class_list":{"0":"post-24117","1":"product","2":"type-product","3":"status-publish","4":"has-post-thumbnail","6":"product_cat-epatasainen-iho","7":"product_cat-herkka-iho","8":"product_cat-ikaantyva-iho","9":"product_cat-kaikki-tuotteet","10":"product_cat-kasvohoito","11":"product_cat-kuiva-iho","12":"product_cat-normaali-ja-sekaiho","13":"product_cat-pure-luxury-fi","14":"product_cat-silmavoiteet","15":"product_cat-spaattelin-mahdollisuus","16":"product_tag-anti-aging-fi","17":"product_tag-seerumi","19":"first","20":"instock","21":"taxable","22":"shipping-taxable","23":"purchasable","24":"product-type-variable"},"acf":[],"yoast_head":"<!-- This site is optimized with the Yoast SEO plugin v27.3 - https:\/\/yoast.com\/product\/yoast-seo-wordpress\/ -->\n<title>Brighten Me silm\u00e4nymp\u00e4rysvoide<\/title>\n<meta name=\"description\" content=\"Brighten Me on silm\u00e4nymp\u00e4rysvoite. kosteuttava ja vahvistava silm\u00e4nymp\u00e4rysvoide, joka uudistaa silm\u00e4nymp\u00e4rysihoa ja tasoittaa juonteita. Tuotteen kaikki ainesosat ovat luontaista ja vegaanista alkuper\u00e4\u00e4\" \/>\n<meta name=\"robots\" content=\"index, follow, max-snippet:-1, max-image-preview:large, max-video-preview:-1\" \/>\n<link rel=\"canonical\" href=\"https:\/\/tilk.bio\/verkkokauppa\/brighten-me-eye-cream\/\" \/>\n<meta property=\"og:locale\" content=\"fi_FI\" \/>\n<meta property=\"og:type\" content=\"article\" \/>\n<meta property=\"og:title\" content=\"Brighten Me silm\u00e4nymp\u00e4rysvoide\" \/>\n<meta property=\"og:description\" content=\"Brighten Me on silm\u00e4nymp\u00e4rysvoite. kosteuttava ja vahvistava silm\u00e4nymp\u00e4rysvoide, joka uudistaa silm\u00e4nymp\u00e4rysihoa ja tasoittaa juonteita. Tuotteen kaikki ainesosat ovat luontaista ja vegaanista alkuper\u00e4\u00e4\" \/>\n<meta property=\"og:url\" content=\"https:\/\/tilk.bio\/verkkokauppa\/brighten-me-eye-cream\/\" \/>\n<meta property=\"og:site_name\" content=\"Tilk!\" \/>\n<meta property=\"article:publisher\" content=\"https:\/\/www.facebook.com\/tilk.bio\/\" \/>\n<meta property=\"article:modified_time\" content=\"2026-04-13T08:45:32+00:00\" \/>\n<meta property=\"og:image\" content=\"https:\/\/tilk.bio\/wp-content\/uploads\/2019\/11\/3-1.jpg\" \/>\n\t<meta property=\"og:image:width\" content=\"1200\" \/>\n\t<meta property=\"og:image:height\" content=\"1200\" \/>\n\t<meta property=\"og:image:type\" content=\"image\/jpeg\" \/>\n<meta name=\"twitter:card\" content=\"summary_large_image\" \/>\n<meta name=\"twitter:label1\" content=\"Arvioitu lukuaika\" \/>\n\t<meta name=\"twitter:data1\" content=\"1 minuutti\" \/>\n<script type=\"application\/ld+json\" class=\"yoast-schema-graph\">{\"@context\":\"https:\\\/\\\/schema.org\",\"@graph\":[{\"@type\":\"WebPage\",\"@id\":\"https:\\\/\\\/tilk.bio\\\/verkkokauppa\\\/brighten-me-eye-cream\\\/\",\"url\":\"https:\\\/\\\/tilk.bio\\\/verkkokauppa\\\/brighten-me-eye-cream\\\/\",\"name\":\"Brighten Me silm\u00e4nymp\u00e4rysvoide\",\"isPartOf\":{\"@id\":\"https:\\\/\\\/tilk.bio\\\/et\\\/#website\"},\"primaryImageOfPage\":{\"@id\":\"https:\\\/\\\/tilk.bio\\\/verkkokauppa\\\/brighten-me-eye-cream\\\/#primaryimage\"},\"image\":{\"@id\":\"https:\\\/\\\/tilk.bio\\\/verkkokauppa\\\/brighten-me-eye-cream\\\/#primaryimage\"},\"thumbnailUrl\":\"https:\\\/\\\/tilk.bio\\\/wp-content\\\/uploads\\\/2019\\\/11\\\/3-1.jpg\",\"datePublished\":\"2019-11-12T22:38:40+00:00\",\"dateModified\":\"2026-04-13T08:45:32+00:00\",\"description\":\"Brighten Me on silm\u00e4nymp\u00e4rysvoite. kosteuttava ja vahvistava silm\u00e4nymp\u00e4rysvoide, joka uudistaa silm\u00e4nymp\u00e4rysihoa ja tasoittaa juonteita. Tuotteen kaikki ainesosat ovat luontaista ja vegaanista alkuper\u00e4\u00e4\",\"breadcrumb\":{\"@id\":\"https:\\\/\\\/tilk.bio\\\/verkkokauppa\\\/brighten-me-eye-cream\\\/#breadcrumb\"},\"inLanguage\":\"fi\",\"potentialAction\":[{\"@type\":\"ReadAction\",\"target\":[\"https:\\\/\\\/tilk.bio\\\/verkkokauppa\\\/brighten-me-eye-cream\\\/\"]}]},{\"@type\":\"ImageObject\",\"inLanguage\":\"fi\",\"@id\":\"https:\\\/\\\/tilk.bio\\\/verkkokauppa\\\/brighten-me-eye-cream\\\/#primaryimage\",\"url\":\"https:\\\/\\\/tilk.bio\\\/wp-content\\\/uploads\\\/2019\\\/11\\\/3-1.jpg\",\"contentUrl\":\"https:\\\/\\\/tilk.bio\\\/wp-content\\\/uploads\\\/2019\\\/11\\\/3-1.jpg\",\"width\":1200,\"height\":1200},{\"@type\":\"BreadcrumbList\",\"@id\":\"https:\\\/\\\/tilk.bio\\\/verkkokauppa\\\/brighten-me-eye-cream\\\/#breadcrumb\",\"itemListElement\":[{\"@type\":\"ListItem\",\"position\":1,\"name\":\"Home\",\"item\":\"https:\\\/\\\/tilk.bio\\\/fi\\\/\"},{\"@type\":\"ListItem\",\"position\":2,\"name\":\"Verkkokauppa\",\"item\":\"https:\\\/\\\/tilk.bio\\\/fi\\\/verkkokauppa\\\/\"},{\"@type\":\"ListItem\",\"position\":3,\"name\":\"Brighten Me &#8211; hyaluronihappoa sis\u00e4lt\u00e4v\u00e4 kosteuttava ja ravitseva silm\u00e4nymp\u00e4rysvoide\"}]},{\"@type\":\"WebSite\",\"@id\":\"https:\\\/\\\/tilk.bio\\\/et\\\/#website\",\"url\":\"https:\\\/\\\/tilk.bio\\\/et\\\/\",\"name\":\"Tilk!\",\"description\":\"Natural and sustainable skincare!\",\"potentialAction\":[{\"@type\":\"SearchAction\",\"target\":{\"@type\":\"EntryPoint\",\"urlTemplate\":\"https:\\\/\\\/tilk.bio\\\/et\\\/?s={search_term_string}\"},\"query-input\":{\"@type\":\"PropertyValueSpecification\",\"valueRequired\":true,\"valueName\":\"search_term_string\"}}],\"inLanguage\":\"fi\"}]}<\/script>\n<!-- \/ Yoast SEO plugin. -->","yoast_head_json":{"title":"Brighten Me silm\u00e4nymp\u00e4rysvoide","description":"Brighten Me on silm\u00e4nymp\u00e4rysvoite. kosteuttava ja vahvistava silm\u00e4nymp\u00e4rysvoide, joka uudistaa silm\u00e4nymp\u00e4rysihoa ja tasoittaa juonteita. Tuotteen kaikki ainesosat ovat luontaista ja vegaanista alkuper\u00e4\u00e4","robots":{"index":"index","follow":"follow","max-snippet":"max-snippet:-1","max-image-preview":"max-image-preview:large","max-video-preview":"max-video-preview:-1"},"canonical":"https:\/\/tilk.bio\/verkkokauppa\/brighten-me-eye-cream\/","og_locale":"fi_FI","og_type":"article","og_title":"Brighten Me silm\u00e4nymp\u00e4rysvoide","og_description":"Brighten Me on silm\u00e4nymp\u00e4rysvoite. kosteuttava ja vahvistava silm\u00e4nymp\u00e4rysvoide, joka uudistaa silm\u00e4nymp\u00e4rysihoa ja tasoittaa juonteita. Tuotteen kaikki ainesosat ovat luontaista ja vegaanista alkuper\u00e4\u00e4","og_url":"https:\/\/tilk.bio\/verkkokauppa\/brighten-me-eye-cream\/","og_site_name":"Tilk!","article_publisher":"https:\/\/www.facebook.com\/tilk.bio\/","article_modified_time":"2026-04-13T08:45:32+00:00","og_image":[{"width":1200,"height":1200,"url":"https:\/\/tilk.bio\/wp-content\/uploads\/2019\/11\/3-1.jpg","type":"image\/jpeg"}],"twitter_card":"summary_large_image","twitter_misc":{"Arvioitu lukuaika":"1 minuutti"},"schema":{"@context":"https:\/\/schema.org","@graph":[{"@type":"WebPage","@id":"https:\/\/tilk.bio\/verkkokauppa\/brighten-me-eye-cream\/","url":"https:\/\/tilk.bio\/verkkokauppa\/brighten-me-eye-cream\/","name":"Brighten Me silm\u00e4nymp\u00e4rysvoide","isPartOf":{"@id":"https:\/\/tilk.bio\/et\/#website"},"primaryImageOfPage":{"@id":"https:\/\/tilk.bio\/verkkokauppa\/brighten-me-eye-cream\/#primaryimage"},"image":{"@id":"https:\/\/tilk.bio\/verkkokauppa\/brighten-me-eye-cream\/#primaryimage"},"thumbnailUrl":"https:\/\/tilk.bio\/wp-content\/uploads\/2019\/11\/3-1.jpg","datePublished":"2019-11-12T22:38:40+00:00","dateModified":"2026-04-13T08:45:32+00:00","description":"Brighten Me on silm\u00e4nymp\u00e4rysvoite. kosteuttava ja vahvistava silm\u00e4nymp\u00e4rysvoide, joka uudistaa silm\u00e4nymp\u00e4rysihoa ja tasoittaa juonteita. Tuotteen kaikki ainesosat ovat luontaista ja vegaanista alkuper\u00e4\u00e4","breadcrumb":{"@id":"https:\/\/tilk.bio\/verkkokauppa\/brighten-me-eye-cream\/#breadcrumb"},"inLanguage":"fi","potentialAction":[{"@type":"ReadAction","target":["https:\/\/tilk.bio\/verkkokauppa\/brighten-me-eye-cream\/"]}]},{"@type":"ImageObject","inLanguage":"fi","@id":"https:\/\/tilk.bio\/verkkokauppa\/brighten-me-eye-cream\/#primaryimage","url":"https:\/\/tilk.bio\/wp-content\/uploads\/2019\/11\/3-1.jpg","contentUrl":"https:\/\/tilk.bio\/wp-content\/uploads\/2019\/11\/3-1.jpg","width":1200,"height":1200},{"@type":"BreadcrumbList","@id":"https:\/\/tilk.bio\/verkkokauppa\/brighten-me-eye-cream\/#breadcrumb","itemListElement":[{"@type":"ListItem","position":1,"name":"Home","item":"https:\/\/tilk.bio\/fi\/"},{"@type":"ListItem","position":2,"name":"Verkkokauppa","item":"https:\/\/tilk.bio\/fi\/verkkokauppa\/"},{"@type":"ListItem","position":3,"name":"Brighten Me &#8211; hyaluronihappoa sis\u00e4lt\u00e4v\u00e4 kosteuttava ja ravitseva silm\u00e4nymp\u00e4rysvoide"}]},{"@type":"WebSite","@id":"https:\/\/tilk.bio\/et\/#website","url":"https:\/\/tilk.bio\/et\/","name":"Tilk!","description":"Natural and sustainable skincare!","potentialAction":[{"@type":"SearchAction","target":{"@type":"EntryPoint","urlTemplate":"https:\/\/tilk.bio\/et\/?s={search_term_string}"},"query-input":{"@type":"PropertyValueSpecification","valueRequired":true,"valueName":"search_term_string"}}],"inLanguage":"fi"}]}},"_links":{"self":[{"href":"https:\/\/tilk.bio\/fi\/wp-json\/wp\/v2\/product\/24117","targetHints":{"allow":["GET"]}}],"collection":[{"href":"https:\/\/tilk.bio\/fi\/wp-json\/wp\/v2\/product"}],"about":[{"href":"https:\/\/tilk.bio\/fi\/wp-json\/wp\/v2\/types\/product"}],"replies":[{"embeddable":true,"href":"https:\/\/tilk.bio\/fi\/wp-json\/wp\/v2\/comments?post=24117"}],"wp:featuredmedia":[{"embeddable":true,"href":"https:\/\/tilk.bio\/fi\/wp-json\/wp\/v2\/media\/69593"}],"wp:attachment":[{"href":"https:\/\/tilk.bio\/fi\/wp-json\/wp\/v2\/media?parent=24117"}],"wp:term":[{"taxonomy":"product_brand","embeddable":true,"href":"https:\/\/tilk.bio\/fi\/wp-json\/wp\/v2\/product_brand?post=24117"},{"taxonomy":"product_cat","embeddable":true,"href":"https:\/\/tilk.bio\/fi\/wp-json\/wp\/v2\/product_cat?post=24117"},{"taxonomy":"product_tag","embeddable":true,"href":"https:\/\/tilk.bio\/fi\/wp-json\/wp\/v2\/product_tag?post=24117"}],"curies":[{"name":"wp","href":"https:\/\/api.w.org\/{rel}","templated":true}]}}