{"id":26380,"date":"2020-05-18T16:49:36","date_gmt":"2020-05-18T16:49:36","guid":{"rendered":"https:\/\/tilk.bio\/shop\/refresh-me-kasvovesi-orgaanisella-ruusuvedella-ja-probiooteilla\/"},"modified":"2026-04-05T16:45:04","modified_gmt":"2026-04-05T13:45:04","slug":"refresh-me-kasvovesi-orgaanisella-ruusuvedella-ja-probiooteilla","status":"publish","type":"product","link":"https:\/\/tilk.bio\/fi\/verkkokauppa\/refresh-me-kasvovesi-orgaanisella-ruusuvedella-ja-probiooteilla\/","title":{"rendered":"Refresh Me \u2013 ruusua ja probiootteja sis\u00e4lt\u00e4v\u00e4 kasvovesi"},"content":{"rendered":"<p>Refresh Me on probiootteja ja ruusuvett\u00e4 sis\u00e4lt\u00e4v\u00e4 innovatiivinen kasvovesi. Kevyen ja hennosti tuoksuvan kasvoveden s\u00e4\u00e4nn\u00f6llinen k\u00e4ytt\u00f6 auttaa saavuttamaan hehkuvan ja puhtaan ihon. Kasvoveden sis\u00e4lt\u00e4m\u00e4t probiootit tasapainottavat mikroflooraa, edesauttavat kosteustasapainon s\u00e4ilymist\u00e4 ja hidastavat ihon ik\u00e4\u00e4ntymist\u00e4. Kasvovesi sopii sek\u00e4 ihon puhdistamiseen ett\u00e4 sen virkist\u00e4miseen.<\/p>\n<p>Antioksidanttipitoisen, syv\u00e4lle ihoon imeytyv\u00e4n ruusunsiemen\u00f6ljyn sis\u00e4lt\u00e4m\u00e4t rasvahapot tukevat ihon uudistumista ja v\u00e4hent\u00e4v\u00e4t arpien muodostumista. A-vitamiini auttaa parantamaan ihon rakennetta ja s\u00e4vy\u00e4, ruusuvesi puolestaan kosteuttaa ja virkist\u00e4\u00e4 ihoa. Kasvovesi ei sis\u00e4ll\u00e4 eteerisi\u00e4 \u00f6ljyj\u00e4, vaan tuotteen tuoksu syntyy ruusuvedest\u00e4.<\/p>\n<p>K\u00e4ytt\u00f6: Puhdista iho kasvoveteen kostutetulla pumpulilla tai uudelleenk\u00e4ytett\u00e4v\u00e4ll\u00e4 puhdistuslapulla. Kasvovett\u00e4 voi my\u00f6s suihkuttaa iholle puhdistuksen j\u00e4lkeen ennen kasvovoiteen levitt\u00e4mist\u00e4.<\/p>\n<p>Tuotteen kaikki ainesosat ovat luontaista ja vegaanista alkuper\u00e4\u00e4. Tuotteessa on k\u00e4ytetty Saarenmaalta poimituista ruusunmarjoista saatua uutetta.<\/p>\n<p>S\u00e4ilytys huoneenl\u00e4mm\u00f6ss\u00e4.<\/p>\n<p>Koko: 50ml<\/p>\n<p><a ref=\"magnificPopup\" href=\"https:\/\/tilk.bio\/wp-content\/uploads\/2016\/01\/Vegan_sign-07.png\"><img loading=\"lazy\" decoding=\"async\" class=\"alignnone wp-image-22658\" src=\"https:\/\/tilk.bio\/wp-content\/uploads\/2016\/01\/Vegan_sign-07.png\" alt=\"\" width=\"59\" height=\"59\" srcset=\"https:\/\/tilk.bio\/wp-content\/uploads\/2016\/01\/Vegan_sign-07.png 165w, https:\/\/tilk.bio\/wp-content\/uploads\/2016\/01\/Vegan_sign-07-150x150.png 150w\" sizes=\"auto, (max-width: 59px) 100vw, 59px\" \/>\u00a0<\/a><a ref=\"magnificPopup\" href=\"https:\/\/tilk.bio\/wp-content\/uploads\/2018\/08\/package_anim_FIN.gif\"><img loading=\"lazy\" decoding=\"async\" class=\"alignnone size-full wp-image-23966 alignleft\" src=\"https:\/\/tilk.bio\/wp-content\/uploads\/2018\/08\/package_anim_FIN.gif\" alt=\"\" width=\"125\" height=\"100\" \/><\/a><\/p>\n","protected":false},"excerpt":{"rendered":"<p>Refresh Me on probiootteja ja ruusuvett\u00e4 sis\u00e4lt\u00e4v\u00e4 innovatiivinen kasvovesi. Kevyen ja hennosti tuoksuvan kasvoveden s\u00e4\u00e4nn\u00f6llinen k\u00e4ytt\u00f6 auttaa saavuttamaan hehkuvan ja puhtaan ihon. Kasvoveden sis\u00e4lt\u00e4m\u00e4t probiootit tasapainottavat mikroflooraa, edesauttavat kosteustasapainon s\u00e4ilymist\u00e4 ja hidastavat ihon ik\u00e4\u00e4ntymist\u00e4. Kasvovesi sopii sek\u00e4 ihon puhdistamiseen ett\u00e4 sen virkist\u00e4miseen. Antioksidanttipitoisen, syv\u00e4lle ihoon imeytyv\u00e4n ruusunsiemen\u00f6ljyn sis\u00e4lt\u00e4m\u00e4t rasvahapot tukevat ihon uudistumista ja v\u00e4hent\u00e4v\u00e4t arpien&#8230;<\/p>\n","protected":false},"featured_media":66411,"comment_status":"open","ping_status":"closed","template":"","meta":{"_acf_changed":false},"product_brand":[],"product_cat":[741,729,740,501,512,755,737,502,742,910,909],"product_tag":[],"class_list":{"0":"post-26380","1":"product","2":"type-product","3":"status-publish","4":"has-post-thumbnail","6":"product_cat-epatasainen-iho","7":"product_cat-herkka-iho","8":"product_cat-ikaantyva-iho","9":"product_cat-kaikki-tuotteet","10":"product_cat-kasvohoito","11":"product_cat-kasvovedet","12":"product_cat-kuiva-iho","13":"product_cat-myydyimmat","14":"product_cat-normaali-ja-sekaiho","15":"product_cat-probiooteista","16":"product_cat-tilk-biotic-fi","18":"first","19":"instock","20":"taxable","21":"shipping-taxable","22":"purchasable","23":"product-type-variable"},"acf":[],"yoast_head":"<!-- This site is optimized with the Yoast SEO plugin v27.4 - https:\/\/yoast.com\/product\/yoast-seo-wordpress\/ -->\n<title>Probiotic facial toner with organic rose water<\/title>\n<meta name=\"description\" content=\"Refresh Me is an innovative refreshing facial mist with probiotics and organic rose water. It helps You get a naturally beautiful complexion and pure skin.\" \/>\n<meta name=\"robots\" content=\"index, follow, max-snippet:-1, max-image-preview:large, max-video-preview:-1\" \/>\n<link rel=\"canonical\" href=\"https:\/\/tilk.bio\/fi\/verkkokauppa\/refresh-me-kasvovesi-orgaanisella-ruusuvedella-ja-probiooteilla\/\" \/>\n<meta property=\"og:locale\" content=\"fi_FI\" \/>\n<meta property=\"og:type\" content=\"article\" \/>\n<meta property=\"og:title\" content=\"Probiotic facial toner with organic rose water\" \/>\n<meta property=\"og:description\" content=\"Refresh Me is an innovative refreshing facial mist with probiotics and organic rose water. It helps You get a naturally beautiful complexion and pure skin.\" \/>\n<meta property=\"og:url\" content=\"https:\/\/tilk.bio\/fi\/verkkokauppa\/refresh-me-kasvovesi-orgaanisella-ruusuvedella-ja-probiooteilla\/\" \/>\n<meta property=\"og:site_name\" content=\"Tilk!\" \/>\n<meta property=\"article:publisher\" content=\"https:\/\/www.facebook.com\/tilk.bio\/\" \/>\n<meta property=\"article:modified_time\" content=\"2026-04-05T13:45:04+00:00\" \/>\n<meta property=\"og:image\" content=\"https:\/\/tilk.bio\/wp-content\/uploads\/2020\/05\/refreshklaas1200x628.png\" \/>\n<meta name=\"twitter:card\" content=\"summary_large_image\" \/>\n<meta name=\"twitter:label1\" content=\"Arvioitu lukuaika\" \/>\n\t<meta name=\"twitter:data1\" content=\"1 minuutti\" \/>\n<script type=\"application\/ld+json\" class=\"yoast-schema-graph\">{\"@context\":\"https:\\\/\\\/schema.org\",\"@graph\":[{\"@type\":\"WebPage\",\"@id\":\"https:\\\/\\\/tilk.bio\\\/fi\\\/verkkokauppa\\\/refresh-me-kasvovesi-orgaanisella-ruusuvedella-ja-probiooteilla\\\/\",\"url\":\"https:\\\/\\\/tilk.bio\\\/fi\\\/verkkokauppa\\\/refresh-me-kasvovesi-orgaanisella-ruusuvedella-ja-probiooteilla\\\/\",\"name\":\"Probiotic facial toner with organic rose water\",\"isPartOf\":{\"@id\":\"https:\\\/\\\/tilk.bio\\\/et\\\/#website\"},\"primaryImageOfPage\":{\"@id\":\"https:\\\/\\\/tilk.bio\\\/fi\\\/verkkokauppa\\\/refresh-me-kasvovesi-orgaanisella-ruusuvedella-ja-probiooteilla\\\/#primaryimage\"},\"image\":{\"@id\":\"https:\\\/\\\/tilk.bio\\\/fi\\\/verkkokauppa\\\/refresh-me-kasvovesi-orgaanisella-ruusuvedella-ja-probiooteilla\\\/#primaryimage\"},\"thumbnailUrl\":\"https:\\\/\\\/tilk.bio\\\/wp-content\\\/uploads\\\/2020\\\/05\\\/refreshbuduaar-1.jpg\",\"datePublished\":\"2020-05-18T16:49:36+00:00\",\"dateModified\":\"2026-04-05T13:45:04+00:00\",\"description\":\"Refresh Me is an innovative refreshing facial mist with probiotics and organic rose water. It helps You get a naturally beautiful complexion and pure skin.\",\"breadcrumb\":{\"@id\":\"https:\\\/\\\/tilk.bio\\\/fi\\\/verkkokauppa\\\/refresh-me-kasvovesi-orgaanisella-ruusuvedella-ja-probiooteilla\\\/#breadcrumb\"},\"inLanguage\":\"fi\",\"potentialAction\":[{\"@type\":\"ReadAction\",\"target\":[\"https:\\\/\\\/tilk.bio\\\/fi\\\/verkkokauppa\\\/refresh-me-kasvovesi-orgaanisella-ruusuvedella-ja-probiooteilla\\\/\"]}]},{\"@type\":\"ImageObject\",\"inLanguage\":\"fi\",\"@id\":\"https:\\\/\\\/tilk.bio\\\/fi\\\/verkkokauppa\\\/refresh-me-kasvovesi-orgaanisella-ruusuvedella-ja-probiooteilla\\\/#primaryimage\",\"url\":\"https:\\\/\\\/tilk.bio\\\/wp-content\\\/uploads\\\/2020\\\/05\\\/refreshbuduaar-1.jpg\",\"contentUrl\":\"https:\\\/\\\/tilk.bio\\\/wp-content\\\/uploads\\\/2020\\\/05\\\/refreshbuduaar-1.jpg\",\"width\":1200,\"height\":1200,\"caption\":\"probiotic facial toner\"},{\"@type\":\"BreadcrumbList\",\"@id\":\"https:\\\/\\\/tilk.bio\\\/fi\\\/verkkokauppa\\\/refresh-me-kasvovesi-orgaanisella-ruusuvedella-ja-probiooteilla\\\/#breadcrumb\",\"itemListElement\":[{\"@type\":\"ListItem\",\"position\":1,\"name\":\"Home\",\"item\":\"https:\\\/\\\/tilk.bio\\\/fi\\\/\"},{\"@type\":\"ListItem\",\"position\":2,\"name\":\"Verkkokauppa\",\"item\":\"https:\\\/\\\/tilk.bio\\\/fi\\\/verkkokauppa\\\/\"},{\"@type\":\"ListItem\",\"position\":3,\"name\":\"Refresh Me \u2013 ruusua ja probiootteja sis\u00e4lt\u00e4v\u00e4 kasvovesi\"}]},{\"@type\":\"WebSite\",\"@id\":\"https:\\\/\\\/tilk.bio\\\/et\\\/#website\",\"url\":\"https:\\\/\\\/tilk.bio\\\/et\\\/\",\"name\":\"Tilk!\",\"description\":\"Natural and sustainable skincare!\",\"potentialAction\":[{\"@type\":\"SearchAction\",\"target\":{\"@type\":\"EntryPoint\",\"urlTemplate\":\"https:\\\/\\\/tilk.bio\\\/et\\\/?s={search_term_string}\"},\"query-input\":{\"@type\":\"PropertyValueSpecification\",\"valueRequired\":true,\"valueName\":\"search_term_string\"}}],\"inLanguage\":\"fi\"}]}<\/script>\n<!-- \/ Yoast SEO plugin. -->","yoast_head_json":{"title":"Probiotic facial toner with organic rose water","description":"Refresh Me is an innovative refreshing facial mist with probiotics and organic rose water. It helps You get a naturally beautiful complexion and pure skin.","robots":{"index":"index","follow":"follow","max-snippet":"max-snippet:-1","max-image-preview":"max-image-preview:large","max-video-preview":"max-video-preview:-1"},"canonical":"https:\/\/tilk.bio\/fi\/verkkokauppa\/refresh-me-kasvovesi-orgaanisella-ruusuvedella-ja-probiooteilla\/","og_locale":"fi_FI","og_type":"article","og_title":"Probiotic facial toner with organic rose water","og_description":"Refresh Me is an innovative refreshing facial mist with probiotics and organic rose water. It helps You get a naturally beautiful complexion and pure skin.","og_url":"https:\/\/tilk.bio\/fi\/verkkokauppa\/refresh-me-kasvovesi-orgaanisella-ruusuvedella-ja-probiooteilla\/","og_site_name":"Tilk!","article_publisher":"https:\/\/www.facebook.com\/tilk.bio\/","article_modified_time":"2026-04-05T13:45:04+00:00","og_image":[{"url":"https:\/\/tilk.bio\/wp-content\/uploads\/2020\/05\/refreshklaas1200x628.png","type":"","width":"","height":""}],"twitter_card":"summary_large_image","twitter_misc":{"Arvioitu lukuaika":"1 minuutti"},"schema":{"@context":"https:\/\/schema.org","@graph":[{"@type":"WebPage","@id":"https:\/\/tilk.bio\/fi\/verkkokauppa\/refresh-me-kasvovesi-orgaanisella-ruusuvedella-ja-probiooteilla\/","url":"https:\/\/tilk.bio\/fi\/verkkokauppa\/refresh-me-kasvovesi-orgaanisella-ruusuvedella-ja-probiooteilla\/","name":"Probiotic facial toner with organic rose water","isPartOf":{"@id":"https:\/\/tilk.bio\/et\/#website"},"primaryImageOfPage":{"@id":"https:\/\/tilk.bio\/fi\/verkkokauppa\/refresh-me-kasvovesi-orgaanisella-ruusuvedella-ja-probiooteilla\/#primaryimage"},"image":{"@id":"https:\/\/tilk.bio\/fi\/verkkokauppa\/refresh-me-kasvovesi-orgaanisella-ruusuvedella-ja-probiooteilla\/#primaryimage"},"thumbnailUrl":"https:\/\/tilk.bio\/wp-content\/uploads\/2020\/05\/refreshbuduaar-1.jpg","datePublished":"2020-05-18T16:49:36+00:00","dateModified":"2026-04-05T13:45:04+00:00","description":"Refresh Me is an innovative refreshing facial mist with probiotics and organic rose water. It helps You get a naturally beautiful complexion and pure skin.","breadcrumb":{"@id":"https:\/\/tilk.bio\/fi\/verkkokauppa\/refresh-me-kasvovesi-orgaanisella-ruusuvedella-ja-probiooteilla\/#breadcrumb"},"inLanguage":"fi","potentialAction":[{"@type":"ReadAction","target":["https:\/\/tilk.bio\/fi\/verkkokauppa\/refresh-me-kasvovesi-orgaanisella-ruusuvedella-ja-probiooteilla\/"]}]},{"@type":"ImageObject","inLanguage":"fi","@id":"https:\/\/tilk.bio\/fi\/verkkokauppa\/refresh-me-kasvovesi-orgaanisella-ruusuvedella-ja-probiooteilla\/#primaryimage","url":"https:\/\/tilk.bio\/wp-content\/uploads\/2020\/05\/refreshbuduaar-1.jpg","contentUrl":"https:\/\/tilk.bio\/wp-content\/uploads\/2020\/05\/refreshbuduaar-1.jpg","width":1200,"height":1200,"caption":"probiotic facial toner"},{"@type":"BreadcrumbList","@id":"https:\/\/tilk.bio\/fi\/verkkokauppa\/refresh-me-kasvovesi-orgaanisella-ruusuvedella-ja-probiooteilla\/#breadcrumb","itemListElement":[{"@type":"ListItem","position":1,"name":"Home","item":"https:\/\/tilk.bio\/fi\/"},{"@type":"ListItem","position":2,"name":"Verkkokauppa","item":"https:\/\/tilk.bio\/fi\/verkkokauppa\/"},{"@type":"ListItem","position":3,"name":"Refresh Me \u2013 ruusua ja probiootteja sis\u00e4lt\u00e4v\u00e4 kasvovesi"}]},{"@type":"WebSite","@id":"https:\/\/tilk.bio\/et\/#website","url":"https:\/\/tilk.bio\/et\/","name":"Tilk!","description":"Natural and sustainable skincare!","potentialAction":[{"@type":"SearchAction","target":{"@type":"EntryPoint","urlTemplate":"https:\/\/tilk.bio\/et\/?s={search_term_string}"},"query-input":{"@type":"PropertyValueSpecification","valueRequired":true,"valueName":"search_term_string"}}],"inLanguage":"fi"}]}},"_links":{"self":[{"href":"https:\/\/tilk.bio\/fi\/wp-json\/wp\/v2\/product\/26380","targetHints":{"allow":["GET"]}}],"collection":[{"href":"https:\/\/tilk.bio\/fi\/wp-json\/wp\/v2\/product"}],"about":[{"href":"https:\/\/tilk.bio\/fi\/wp-json\/wp\/v2\/types\/product"}],"replies":[{"embeddable":true,"href":"https:\/\/tilk.bio\/fi\/wp-json\/wp\/v2\/comments?post=26380"}],"wp:featuredmedia":[{"embeddable":true,"href":"https:\/\/tilk.bio\/fi\/wp-json\/wp\/v2\/media\/66411"}],"wp:attachment":[{"href":"https:\/\/tilk.bio\/fi\/wp-json\/wp\/v2\/media?parent=26380"}],"wp:term":[{"taxonomy":"product_brand","embeddable":true,"href":"https:\/\/tilk.bio\/fi\/wp-json\/wp\/v2\/product_brand?post=26380"},{"taxonomy":"product_cat","embeddable":true,"href":"https:\/\/tilk.bio\/fi\/wp-json\/wp\/v2\/product_cat?post=26380"},{"taxonomy":"product_tag","embeddable":true,"href":"https:\/\/tilk.bio\/fi\/wp-json\/wp\/v2\/product_tag?post=26380"}],"curies":[{"name":"wp","href":"https:\/\/api.w.org\/{rel}","templated":true}]}}