{"id":27490,"date":"2021-01-30T21:55:14","date_gmt":"2021-01-30T19:55:14","guid":{"rendered":"https:\/\/tilk.bio\/shop\/hug-me-vartalovoide\/"},"modified":"2026-04-14T23:15:03","modified_gmt":"2026-04-14T20:15:03","slug":"hug-me-vartalovoide","status":"publish","type":"product","link":"https:\/\/tilk.bio\/fi\/verkkokauppa\/hug-me-vartalovoide\/","title":{"rendered":"Hug Me \u2013 porkkana\u00f6ljy\u00e4 sis\u00e4lt\u00e4v\u00e4 kosteuttava ja tasoittava vartalovoide"},"content":{"rendered":"<p>Vaahtomainen Hug Me-vartalovoide tekee ihosta kosteutetun ja kimmoisan. Sitruksentuoksuinen voide hellii koko kehoa ja hoitaa my\u00f6s kuivaa ihoa. Kevyt voide ei j\u00e4t\u00e4 ihoa rasvaiseksi.<\/p>\n<p>Porkkana\u00f6ljyn sis\u00e4lt\u00e4m\u00e4 beetakaroteeni tekee ihosta hehkuvan, kookos\u00f6ljy puolestaan tasoittaa, vahvistaa ja kosteuttaa ihoa. Nokkosen, peltokortteen ja siank\u00e4rs\u00e4m\u00f6n bioaktiiviset ainesosat vilkastuttavat verenkiertoa ja vahvistavat ihon rakennetta. Syv\u00e4kosteuttava sheavoi lis\u00e4\u00e4 ihon hohdetta ja kimmoisuutta sek\u00e4 auttaa ehk\u00e4isem\u00e4\u00e4n tulehduksia.<\/p>\n<p>Tuotteen kaikki ainesosat ovat luontaista ja vegaanista alkuper\u00e4\u00e4. Tuotteessa on k\u00e4ytetty Saarenmaalta k\u00e4sin poimituista kasveista saatuja \u00f6ljyj\u00e4.<\/p>\n<p>S\u00e4ilytys huoneenl\u00e4mm\u00f6ss\u00e4.<\/p>\n<p>Koko: 200ml<\/p>\n<p><a ref=\"magnificPopup\" href=\"https:\/\/tilk.bio\/wp-content\/uploads\/2016\/01\/Vegan_sign-07.png\"><img loading=\"lazy\" decoding=\"async\" class=\"alignnone wp-image-22658\" src=\"https:\/\/tilk.bio\/wp-content\/uploads\/2016\/01\/Vegan_sign-07.png\" alt=\"\" width=\"88\" height=\"88\" srcset=\"https:\/\/tilk.bio\/wp-content\/uploads\/2016\/01\/Vegan_sign-07.png 165w, https:\/\/tilk.bio\/wp-content\/uploads\/2016\/01\/Vegan_sign-07-150x150.png 150w\" sizes=\"auto, (max-width: 88px) 100vw, 88px\" \/><\/a><\/p>\n","protected":false},"excerpt":{"rendered":"<p>Vaahtomainen Hug Me-vartalovoide tekee ihosta kosteutetun ja kimmoisan. Sitruksentuoksuinen voide hellii koko kehoa ja hoitaa my\u00f6s kuivaa ihoa. Kevyt voide ei j\u00e4t\u00e4 ihoa rasvaiseksi. Porkkana\u00f6ljyn sis\u00e4lt\u00e4m\u00e4 beetakaroteeni tekee ihosta hehkuvan, kookos\u00f6ljy puolestaan tasoittaa, vahvistaa ja kosteuttaa ihoa. Nokkosen, peltokortteen ja siank\u00e4rs\u00e4m\u00f6n bioaktiiviset ainesosat vilkastuttavat verenkiertoa ja vahvistavat ihon rakennetta. Syv\u00e4kosteuttava sheavoi lis\u00e4\u00e4 ihon hohdetta ja&#8230;<\/p>\n","protected":false},"featured_media":67302,"comment_status":"open","ping_status":"closed","template":"","meta":{"_acf_changed":false},"product_brand":[],"product_cat":[501,737,979,730,503,626],"product_tag":[739,743,744],"class_list":{"0":"post-27490","1":"product","2":"type-product","3":"status-publish","4":"has-post-thumbnail","6":"product_cat-kaikki-tuotteet","7":"product_cat-kuiva-iho","8":"product_cat-shea-butter","9":"product_cat-tilk-herbal-fi","10":"product_cat-vartalo","11":"product_cat-vartalovoiteet-ja-voit","12":"product_tag-elainkokeeton","13":"product_tag-palmuoljyton","14":"product_tag-vegaaninen","16":"first","17":"instock","18":"taxable","19":"shipping-taxable","20":"purchasable","21":"product-type-variable"},"acf":[],"yoast_head":"<!-- This site is optimized with the Yoast SEO plugin v27.4 - https:\/\/yoast.com\/product\/yoast-seo-wordpress\/ -->\n<title>Hug Me \u2013 porkkana\u00f6ljy\u00e4 sis\u00e4lt\u00e4v\u00e4 kosteuttava ja tasoittava vartalovoide - Tilk!<\/title>\n<meta name=\"description\" content=\"Hug Me foamy body cream moisturizes and improves the skin\u2019s elasticity. Beta-carotene in the carrot oil gives your skin a beautiful glow.\" \/>\n<meta name=\"robots\" content=\"index, follow, max-snippet:-1, max-image-preview:large, max-video-preview:-1\" \/>\n<link rel=\"canonical\" href=\"https:\/\/tilk.bio\/fi\/verkkokauppa\/hug-me-vartalovoide\/\" \/>\n<meta property=\"og:locale\" content=\"fi_FI\" \/>\n<meta property=\"og:type\" content=\"article\" \/>\n<meta property=\"og:title\" content=\"Hug Me \u2013 porkkana\u00f6ljy\u00e4 sis\u00e4lt\u00e4v\u00e4 kosteuttava ja tasoittava vartalovoide - Tilk!\" \/>\n<meta property=\"og:description\" content=\"Hug Me foamy body cream moisturizes and improves the skin\u2019s elasticity. Beta-carotene in the carrot oil gives your skin a beautiful glow.\" \/>\n<meta property=\"og:url\" content=\"https:\/\/tilk.bio\/fi\/verkkokauppa\/hug-me-vartalovoide\/\" \/>\n<meta property=\"og:site_name\" content=\"Tilk!\" \/>\n<meta property=\"article:publisher\" content=\"https:\/\/www.facebook.com\/tilk.bio\/\" \/>\n<meta property=\"article:modified_time\" content=\"2026-04-14T20:15:03+00:00\" \/>\n<meta property=\"og:image\" content=\"https:\/\/tilk.bio\/wp-content\/uploads\/2021\/01\/1.jpg\" \/>\n\t<meta property=\"og:image:width\" content=\"1200\" \/>\n\t<meta property=\"og:image:height\" content=\"1200\" \/>\n\t<meta property=\"og:image:type\" content=\"image\/jpeg\" \/>\n<meta name=\"twitter:card\" content=\"summary_large_image\" \/>\n<meta name=\"twitter:label1\" content=\"Arvioitu lukuaika\" \/>\n\t<meta name=\"twitter:data1\" content=\"1 minuutti\" \/>\n<script type=\"application\/ld+json\" class=\"yoast-schema-graph\">{\"@context\":\"https:\\\/\\\/schema.org\",\"@graph\":[{\"@type\":\"WebPage\",\"@id\":\"https:\\\/\\\/tilk.bio\\\/fi\\\/verkkokauppa\\\/hug-me-vartalovoide\\\/\",\"url\":\"https:\\\/\\\/tilk.bio\\\/fi\\\/verkkokauppa\\\/hug-me-vartalovoide\\\/\",\"name\":\"Hug Me \u2013 porkkana\u00f6ljy\u00e4 sis\u00e4lt\u00e4v\u00e4 kosteuttava ja tasoittava vartalovoide - Tilk!\",\"isPartOf\":{\"@id\":\"https:\\\/\\\/tilk.bio\\\/et\\\/#website\"},\"primaryImageOfPage\":{\"@id\":\"https:\\\/\\\/tilk.bio\\\/fi\\\/verkkokauppa\\\/hug-me-vartalovoide\\\/#primaryimage\"},\"image\":{\"@id\":\"https:\\\/\\\/tilk.bio\\\/fi\\\/verkkokauppa\\\/hug-me-vartalovoide\\\/#primaryimage\"},\"thumbnailUrl\":\"https:\\\/\\\/tilk.bio\\\/wp-content\\\/uploads\\\/2021\\\/01\\\/1.jpg\",\"datePublished\":\"2021-01-30T19:55:14+00:00\",\"dateModified\":\"2026-04-14T20:15:03+00:00\",\"description\":\"Hug Me foamy body cream moisturizes and improves the skin\u2019s elasticity. Beta-carotene in the carrot oil gives your skin a beautiful glow.\",\"breadcrumb\":{\"@id\":\"https:\\\/\\\/tilk.bio\\\/fi\\\/verkkokauppa\\\/hug-me-vartalovoide\\\/#breadcrumb\"},\"inLanguage\":\"fi\",\"potentialAction\":[{\"@type\":\"ReadAction\",\"target\":[\"https:\\\/\\\/tilk.bio\\\/fi\\\/verkkokauppa\\\/hug-me-vartalovoide\\\/\"]}]},{\"@type\":\"ImageObject\",\"inLanguage\":\"fi\",\"@id\":\"https:\\\/\\\/tilk.bio\\\/fi\\\/verkkokauppa\\\/hug-me-vartalovoide\\\/#primaryimage\",\"url\":\"https:\\\/\\\/tilk.bio\\\/wp-content\\\/uploads\\\/2021\\\/01\\\/1.jpg\",\"contentUrl\":\"https:\\\/\\\/tilk.bio\\\/wp-content\\\/uploads\\\/2021\\\/01\\\/1.jpg\",\"width\":1200,\"height\":1200},{\"@type\":\"BreadcrumbList\",\"@id\":\"https:\\\/\\\/tilk.bio\\\/fi\\\/verkkokauppa\\\/hug-me-vartalovoide\\\/#breadcrumb\",\"itemListElement\":[{\"@type\":\"ListItem\",\"position\":1,\"name\":\"Home\",\"item\":\"https:\\\/\\\/tilk.bio\\\/fi\\\/\"},{\"@type\":\"ListItem\",\"position\":2,\"name\":\"Verkkokauppa\",\"item\":\"https:\\\/\\\/tilk.bio\\\/fi\\\/verkkokauppa\\\/\"},{\"@type\":\"ListItem\",\"position\":3,\"name\":\"Hug Me \u2013 porkkana\u00f6ljy\u00e4 sis\u00e4lt\u00e4v\u00e4 kosteuttava ja tasoittava vartalovoide\"}]},{\"@type\":\"WebSite\",\"@id\":\"https:\\\/\\\/tilk.bio\\\/et\\\/#website\",\"url\":\"https:\\\/\\\/tilk.bio\\\/et\\\/\",\"name\":\"Tilk!\",\"description\":\"Natural and sustainable skincare!\",\"potentialAction\":[{\"@type\":\"SearchAction\",\"target\":{\"@type\":\"EntryPoint\",\"urlTemplate\":\"https:\\\/\\\/tilk.bio\\\/et\\\/?s={search_term_string}\"},\"query-input\":{\"@type\":\"PropertyValueSpecification\",\"valueRequired\":true,\"valueName\":\"search_term_string\"}}],\"inLanguage\":\"fi\"}]}<\/script>\n<!-- \/ Yoast SEO plugin. -->","yoast_head_json":{"title":"Hug Me \u2013 porkkana\u00f6ljy\u00e4 sis\u00e4lt\u00e4v\u00e4 kosteuttava ja tasoittava vartalovoide - Tilk!","description":"Hug Me foamy body cream moisturizes and improves the skin\u2019s elasticity. Beta-carotene in the carrot oil gives your skin a beautiful glow.","robots":{"index":"index","follow":"follow","max-snippet":"max-snippet:-1","max-image-preview":"max-image-preview:large","max-video-preview":"max-video-preview:-1"},"canonical":"https:\/\/tilk.bio\/fi\/verkkokauppa\/hug-me-vartalovoide\/","og_locale":"fi_FI","og_type":"article","og_title":"Hug Me \u2013 porkkana\u00f6ljy\u00e4 sis\u00e4lt\u00e4v\u00e4 kosteuttava ja tasoittava vartalovoide - Tilk!","og_description":"Hug Me foamy body cream moisturizes and improves the skin\u2019s elasticity. Beta-carotene in the carrot oil gives your skin a beautiful glow.","og_url":"https:\/\/tilk.bio\/fi\/verkkokauppa\/hug-me-vartalovoide\/","og_site_name":"Tilk!","article_publisher":"https:\/\/www.facebook.com\/tilk.bio\/","article_modified_time":"2026-04-14T20:15:03+00:00","og_image":[{"width":1200,"height":1200,"url":"https:\/\/tilk.bio\/wp-content\/uploads\/2021\/01\/1.jpg","type":"image\/jpeg"}],"twitter_card":"summary_large_image","twitter_misc":{"Arvioitu lukuaika":"1 minuutti"},"schema":{"@context":"https:\/\/schema.org","@graph":[{"@type":"WebPage","@id":"https:\/\/tilk.bio\/fi\/verkkokauppa\/hug-me-vartalovoide\/","url":"https:\/\/tilk.bio\/fi\/verkkokauppa\/hug-me-vartalovoide\/","name":"Hug Me \u2013 porkkana\u00f6ljy\u00e4 sis\u00e4lt\u00e4v\u00e4 kosteuttava ja tasoittava vartalovoide - Tilk!","isPartOf":{"@id":"https:\/\/tilk.bio\/et\/#website"},"primaryImageOfPage":{"@id":"https:\/\/tilk.bio\/fi\/verkkokauppa\/hug-me-vartalovoide\/#primaryimage"},"image":{"@id":"https:\/\/tilk.bio\/fi\/verkkokauppa\/hug-me-vartalovoide\/#primaryimage"},"thumbnailUrl":"https:\/\/tilk.bio\/wp-content\/uploads\/2021\/01\/1.jpg","datePublished":"2021-01-30T19:55:14+00:00","dateModified":"2026-04-14T20:15:03+00:00","description":"Hug Me foamy body cream moisturizes and improves the skin\u2019s elasticity. Beta-carotene in the carrot oil gives your skin a beautiful glow.","breadcrumb":{"@id":"https:\/\/tilk.bio\/fi\/verkkokauppa\/hug-me-vartalovoide\/#breadcrumb"},"inLanguage":"fi","potentialAction":[{"@type":"ReadAction","target":["https:\/\/tilk.bio\/fi\/verkkokauppa\/hug-me-vartalovoide\/"]}]},{"@type":"ImageObject","inLanguage":"fi","@id":"https:\/\/tilk.bio\/fi\/verkkokauppa\/hug-me-vartalovoide\/#primaryimage","url":"https:\/\/tilk.bio\/wp-content\/uploads\/2021\/01\/1.jpg","contentUrl":"https:\/\/tilk.bio\/wp-content\/uploads\/2021\/01\/1.jpg","width":1200,"height":1200},{"@type":"BreadcrumbList","@id":"https:\/\/tilk.bio\/fi\/verkkokauppa\/hug-me-vartalovoide\/#breadcrumb","itemListElement":[{"@type":"ListItem","position":1,"name":"Home","item":"https:\/\/tilk.bio\/fi\/"},{"@type":"ListItem","position":2,"name":"Verkkokauppa","item":"https:\/\/tilk.bio\/fi\/verkkokauppa\/"},{"@type":"ListItem","position":3,"name":"Hug Me \u2013 porkkana\u00f6ljy\u00e4 sis\u00e4lt\u00e4v\u00e4 kosteuttava ja tasoittava vartalovoide"}]},{"@type":"WebSite","@id":"https:\/\/tilk.bio\/et\/#website","url":"https:\/\/tilk.bio\/et\/","name":"Tilk!","description":"Natural and sustainable skincare!","potentialAction":[{"@type":"SearchAction","target":{"@type":"EntryPoint","urlTemplate":"https:\/\/tilk.bio\/et\/?s={search_term_string}"},"query-input":{"@type":"PropertyValueSpecification","valueRequired":true,"valueName":"search_term_string"}}],"inLanguage":"fi"}]}},"_links":{"self":[{"href":"https:\/\/tilk.bio\/fi\/wp-json\/wp\/v2\/product\/27490","targetHints":{"allow":["GET"]}}],"collection":[{"href":"https:\/\/tilk.bio\/fi\/wp-json\/wp\/v2\/product"}],"about":[{"href":"https:\/\/tilk.bio\/fi\/wp-json\/wp\/v2\/types\/product"}],"replies":[{"embeddable":true,"href":"https:\/\/tilk.bio\/fi\/wp-json\/wp\/v2\/comments?post=27490"}],"wp:featuredmedia":[{"embeddable":true,"href":"https:\/\/tilk.bio\/fi\/wp-json\/wp\/v2\/media\/67302"}],"wp:attachment":[{"href":"https:\/\/tilk.bio\/fi\/wp-json\/wp\/v2\/media?parent=27490"}],"wp:term":[{"taxonomy":"product_brand","embeddable":true,"href":"https:\/\/tilk.bio\/fi\/wp-json\/wp\/v2\/product_brand?post=27490"},{"taxonomy":"product_cat","embeddable":true,"href":"https:\/\/tilk.bio\/fi\/wp-json\/wp\/v2\/product_cat?post=27490"},{"taxonomy":"product_tag","embeddable":true,"href":"https:\/\/tilk.bio\/fi\/wp-json\/wp\/v2\/product_tag?post=27490"}],"curies":[{"name":"wp","href":"https:\/\/api.w.org\/{rel}","templated":true}]}}