{"id":30668,"date":"2019-06-13T14:52:10","date_gmt":"2019-06-13T14:52:10","guid":{"rendered":"https:\/\/tilk.bio\/shop\/gloss-me-lip-juice-huulioljy\/"},"modified":"2026-02-08T21:45:03","modified_gmt":"2026-02-08T19:45:03","slug":"gloss-me-lip-juice-huulioljy","status":"publish","type":"product","link":"https:\/\/tilk.bio\/fi\/verkkokauppa\/gloss-me-lip-juice-huulioljy\/","title":{"rendered":"Gloss Me \u2013 punalev\u00e4uutetta sis\u00e4lt\u00e4v\u00e4 huuli\u00f6ljy"},"content":{"rendered":"<p>Gloss Me on ainutlaatuista punalev\u00e4uutetta sis\u00e4lt\u00e4v\u00e4 huuli\u00f6ljy, joka kosteuttaa huulia ja antaa niille kevyen kiillon. Nopeatehoista, riittoisaa ja raikkaan mintun tuoksuista huuli\u00f6ljy\u00e4 voi k\u00e4ytt\u00e4\u00e4 ymp\u00e4ri vuoden.<\/p>\n<p>Runsaasti beetakaroteenia sek\u00e4 A-, B-, C-, D-, E- ja F-vitamiineja sis\u00e4lt\u00e4v\u00e4 porkkana\u00f6ljy on tehokas kosteuttaja, joka suojaa ihoa my\u00f6s ulkoisilta rasituksilta, kuten \u00e4\u00e4ril\u00e4mp\u00f6tiloilta, ilmansaasteilta ja UV-s\u00e4teilt\u00e4. Vadelmansiemen- ja kookos\u00f6ljyt kosteuttavat huulia ja sis\u00e4lt\u00e4v\u00e4t luonnollisen aurinkosuojan. Jojoba\u00f6ljy kosteuttaa, ravitsee ja taistelee vapaita radikaaleja vastaan.<\/p>\n<p>Tuotteen kaikki ainesosat ovat luontaista ja vegaanista alkuper\u00e4\u00e4. Tuotteessa on k\u00e4ytetty Saarenmaan rannoilta ker\u00e4tyst\u00e4 punalev\u00e4st\u00e4 saatua uutetta.<\/p>\n<p>S\u00e4ilytys suoralta p\u00e4iv\u00e4nvalolta suojattuna.<\/p>\n<p>Koko: 5ml<\/p>\n<p><a ref=\"magnificPopup\" href=\"https:\/\/tilk.bio\/wp-content\/uploads\/2016\/01\/Vegan_sign-07.png\"><img loading=\"lazy\" decoding=\"async\" class=\"alignnone wp-image-22658\" src=\"https:\/\/tilk.bio\/wp-content\/uploads\/2016\/01\/Vegan_sign-07.png\" alt=\"\" width=\"76\" height=\"76\" srcset=\"https:\/\/tilk.bio\/wp-content\/uploads\/2016\/01\/Vegan_sign-07.png 165w, https:\/\/tilk.bio\/wp-content\/uploads\/2016\/01\/Vegan_sign-07-150x150.png 150w\" sizes=\"auto, (max-width: 76px) 100vw, 76px\" \/><\/a><\/p>\n","protected":false},"excerpt":{"rendered":"<p>Gloss Me on ainutlaatuista punalev\u00e4uutetta sis\u00e4lt\u00e4v\u00e4 huuli\u00f6ljy, joka kosteuttaa huulia ja antaa niille kevyen kiillon. Nopeatehoista, riittoisaa ja raikkaan mintun tuoksuista huuli\u00f6ljy\u00e4 voi k\u00e4ytt\u00e4\u00e4 ymp\u00e4ri vuoden. Runsaasti beetakaroteenia sek\u00e4 A-, B-, C-, D-, E- ja F-vitamiineja sis\u00e4lt\u00e4v\u00e4 porkkana\u00f6ljy on tehokas kosteuttaja, joka suojaa ihoa my\u00f6s ulkoisilta rasituksilta, kuten \u00e4\u00e4ril\u00e4mp\u00f6tiloilta, ilmansaasteilta ja UV-s\u00e4teilt\u00e4. Vadelmansiemen- ja kookos\u00f6ljyt&#8230;<\/p>\n","protected":false},"featured_media":67388,"comment_status":"open","ping_status":"closed","template":"","meta":{"_acf_changed":false},"product_brand":[],"product_cat":[507,501,748,730],"product_tag":[],"class_list":{"0":"post-30668","1":"product","2":"type-product","3":"status-publish","4":"has-post-thumbnail","6":"product_cat-huulille","7":"product_cat-kaikki-tuotteet","8":"product_cat-kesa-tuotteet","9":"product_cat-tilk-herbal-fi","11":"first","12":"instock","13":"taxable","14":"shipping-taxable","15":"purchasable","16":"product-type-simple"},"acf":[],"yoast_head":"<!-- This site is optimized with the Yoast SEO plugin v27.3 - https:\/\/yoast.com\/product\/yoast-seo-wordpress\/ -->\n<title>Gloss Me \u2013 punalev\u00e4uutetta sis\u00e4lt\u00e4v\u00e4 huuli\u00f6ljy - Tilk!<\/title>\n<meta name=\"robots\" content=\"index, follow, max-snippet:-1, max-image-preview:large, max-video-preview:-1\" \/>\n<link rel=\"canonical\" href=\"https:\/\/tilk.bio\/verkkokauppa\/gloss-me-lip-juice\/\" \/>\n<meta property=\"og:locale\" content=\"fi_FI\" \/>\n<meta property=\"og:type\" content=\"article\" \/>\n<meta property=\"og:title\" content=\"Gloss Me \u2013 punalev\u00e4uutetta sis\u00e4lt\u00e4v\u00e4 huuli\u00f6ljy - Tilk!\" \/>\n<meta property=\"og:description\" content=\"Gloss Me on ainutlaatuista punalev\u00e4uutetta sis\u00e4lt\u00e4v\u00e4 huuli\u00f6ljy, joka kosteuttaa huulia ja antaa niille kevyen kiillon. Nopeatehoista, riittoisaa ja raikkaan mintun tuoksuista huuli\u00f6ljy\u00e4 voi k\u00e4ytt\u00e4\u00e4 ymp\u00e4ri vuoden. Runsaasti beetakaroteenia sek\u00e4 A-, B-, C-, D-, E- ja F-vitamiineja sis\u00e4lt\u00e4v\u00e4 porkkana\u00f6ljy on tehokas kosteuttaja, joka suojaa ihoa my\u00f6s ulkoisilta rasituksilta, kuten \u00e4\u00e4ril\u00e4mp\u00f6tiloilta, ilmansaasteilta ja UV-s\u00e4teilt\u00e4. Vadelmansiemen- ja kookos\u00f6ljyt...\" \/>\n<meta property=\"og:url\" content=\"https:\/\/tilk.bio\/verkkokauppa\/gloss-me-lip-juice\/\" \/>\n<meta property=\"og:site_name\" content=\"Tilk!\" \/>\n<meta property=\"article:publisher\" content=\"https:\/\/www.facebook.com\/tilk.bio\/\" \/>\n<meta property=\"article:modified_time\" content=\"2026-02-08T19:45:03+00:00\" \/>\n<meta property=\"og:image\" content=\"https:\/\/tilk.bio\/wp-content\/uploads\/2019\/11\/2.jpg\" \/>\n\t<meta property=\"og:image:width\" content=\"1200\" \/>\n\t<meta property=\"og:image:height\" content=\"1200\" \/>\n\t<meta property=\"og:image:type\" content=\"image\/jpeg\" \/>\n<meta name=\"twitter:card\" content=\"summary_large_image\" \/>\n<meta name=\"twitter:label1\" content=\"Arvioitu lukuaika\" \/>\n\t<meta name=\"twitter:data1\" content=\"1 minuutti\" \/>\n<script type=\"application\/ld+json\" class=\"yoast-schema-graph\">{\"@context\":\"https:\\\/\\\/schema.org\",\"@graph\":[{\"@type\":\"WebPage\",\"@id\":\"https:\\\/\\\/tilk.bio\\\/verkkokauppa\\\/gloss-me-lip-juice\\\/\",\"url\":\"https:\\\/\\\/tilk.bio\\\/verkkokauppa\\\/gloss-me-lip-juice\\\/\",\"name\":\"Gloss Me \u2013 punalev\u00e4uutetta sis\u00e4lt\u00e4v\u00e4 huuli\u00f6ljy - Tilk!\",\"isPartOf\":{\"@id\":\"https:\\\/\\\/tilk.bio\\\/et\\\/#website\"},\"primaryImageOfPage\":{\"@id\":\"https:\\\/\\\/tilk.bio\\\/verkkokauppa\\\/gloss-me-lip-juice\\\/#primaryimage\"},\"image\":{\"@id\":\"https:\\\/\\\/tilk.bio\\\/verkkokauppa\\\/gloss-me-lip-juice\\\/#primaryimage\"},\"thumbnailUrl\":\"https:\\\/\\\/tilk.bio\\\/wp-content\\\/uploads\\\/2019\\\/11\\\/2.jpg\",\"datePublished\":\"2019-06-13T14:52:10+00:00\",\"dateModified\":\"2026-02-08T19:45:03+00:00\",\"breadcrumb\":{\"@id\":\"https:\\\/\\\/tilk.bio\\\/verkkokauppa\\\/gloss-me-lip-juice\\\/#breadcrumb\"},\"inLanguage\":\"fi\",\"potentialAction\":[{\"@type\":\"ReadAction\",\"target\":[\"https:\\\/\\\/tilk.bio\\\/verkkokauppa\\\/gloss-me-lip-juice\\\/\"]}]},{\"@type\":\"ImageObject\",\"inLanguage\":\"fi\",\"@id\":\"https:\\\/\\\/tilk.bio\\\/verkkokauppa\\\/gloss-me-lip-juice\\\/#primaryimage\",\"url\":\"https:\\\/\\\/tilk.bio\\\/wp-content\\\/uploads\\\/2019\\\/11\\\/2.jpg\",\"contentUrl\":\"https:\\\/\\\/tilk.bio\\\/wp-content\\\/uploads\\\/2019\\\/11\\\/2.jpg\",\"width\":1200,\"height\":1200},{\"@type\":\"BreadcrumbList\",\"@id\":\"https:\\\/\\\/tilk.bio\\\/verkkokauppa\\\/gloss-me-lip-juice\\\/#breadcrumb\",\"itemListElement\":[{\"@type\":\"ListItem\",\"position\":1,\"name\":\"Home\",\"item\":\"https:\\\/\\\/tilk.bio\\\/fi\\\/\"},{\"@type\":\"ListItem\",\"position\":2,\"name\":\"Verkkokauppa\",\"item\":\"https:\\\/\\\/tilk.bio\\\/fi\\\/verkkokauppa\\\/\"},{\"@type\":\"ListItem\",\"position\":3,\"name\":\"Gloss Me \u2013 punalev\u00e4uutetta sis\u00e4lt\u00e4v\u00e4 huuli\u00f6ljy\"}]},{\"@type\":\"WebSite\",\"@id\":\"https:\\\/\\\/tilk.bio\\\/et\\\/#website\",\"url\":\"https:\\\/\\\/tilk.bio\\\/et\\\/\",\"name\":\"Tilk!\",\"description\":\"Natural and sustainable skincare!\",\"potentialAction\":[{\"@type\":\"SearchAction\",\"target\":{\"@type\":\"EntryPoint\",\"urlTemplate\":\"https:\\\/\\\/tilk.bio\\\/et\\\/?s={search_term_string}\"},\"query-input\":{\"@type\":\"PropertyValueSpecification\",\"valueRequired\":true,\"valueName\":\"search_term_string\"}}],\"inLanguage\":\"fi\"}]}<\/script>\n<!-- \/ Yoast SEO plugin. -->","yoast_head_json":{"title":"Gloss Me \u2013 punalev\u00e4uutetta sis\u00e4lt\u00e4v\u00e4 huuli\u00f6ljy - Tilk!","robots":{"index":"index","follow":"follow","max-snippet":"max-snippet:-1","max-image-preview":"max-image-preview:large","max-video-preview":"max-video-preview:-1"},"canonical":"https:\/\/tilk.bio\/verkkokauppa\/gloss-me-lip-juice\/","og_locale":"fi_FI","og_type":"article","og_title":"Gloss Me \u2013 punalev\u00e4uutetta sis\u00e4lt\u00e4v\u00e4 huuli\u00f6ljy - Tilk!","og_description":"Gloss Me on ainutlaatuista punalev\u00e4uutetta sis\u00e4lt\u00e4v\u00e4 huuli\u00f6ljy, joka kosteuttaa huulia ja antaa niille kevyen kiillon. Nopeatehoista, riittoisaa ja raikkaan mintun tuoksuista huuli\u00f6ljy\u00e4 voi k\u00e4ytt\u00e4\u00e4 ymp\u00e4ri vuoden. Runsaasti beetakaroteenia sek\u00e4 A-, B-, C-, D-, E- ja F-vitamiineja sis\u00e4lt\u00e4v\u00e4 porkkana\u00f6ljy on tehokas kosteuttaja, joka suojaa ihoa my\u00f6s ulkoisilta rasituksilta, kuten \u00e4\u00e4ril\u00e4mp\u00f6tiloilta, ilmansaasteilta ja UV-s\u00e4teilt\u00e4. Vadelmansiemen- ja kookos\u00f6ljyt...","og_url":"https:\/\/tilk.bio\/verkkokauppa\/gloss-me-lip-juice\/","og_site_name":"Tilk!","article_publisher":"https:\/\/www.facebook.com\/tilk.bio\/","article_modified_time":"2026-02-08T19:45:03+00:00","og_image":[{"width":1200,"height":1200,"url":"https:\/\/tilk.bio\/wp-content\/uploads\/2019\/11\/2.jpg","type":"image\/jpeg"}],"twitter_card":"summary_large_image","twitter_misc":{"Arvioitu lukuaika":"1 minuutti"},"schema":{"@context":"https:\/\/schema.org","@graph":[{"@type":"WebPage","@id":"https:\/\/tilk.bio\/verkkokauppa\/gloss-me-lip-juice\/","url":"https:\/\/tilk.bio\/verkkokauppa\/gloss-me-lip-juice\/","name":"Gloss Me \u2013 punalev\u00e4uutetta sis\u00e4lt\u00e4v\u00e4 huuli\u00f6ljy - Tilk!","isPartOf":{"@id":"https:\/\/tilk.bio\/et\/#website"},"primaryImageOfPage":{"@id":"https:\/\/tilk.bio\/verkkokauppa\/gloss-me-lip-juice\/#primaryimage"},"image":{"@id":"https:\/\/tilk.bio\/verkkokauppa\/gloss-me-lip-juice\/#primaryimage"},"thumbnailUrl":"https:\/\/tilk.bio\/wp-content\/uploads\/2019\/11\/2.jpg","datePublished":"2019-06-13T14:52:10+00:00","dateModified":"2026-02-08T19:45:03+00:00","breadcrumb":{"@id":"https:\/\/tilk.bio\/verkkokauppa\/gloss-me-lip-juice\/#breadcrumb"},"inLanguage":"fi","potentialAction":[{"@type":"ReadAction","target":["https:\/\/tilk.bio\/verkkokauppa\/gloss-me-lip-juice\/"]}]},{"@type":"ImageObject","inLanguage":"fi","@id":"https:\/\/tilk.bio\/verkkokauppa\/gloss-me-lip-juice\/#primaryimage","url":"https:\/\/tilk.bio\/wp-content\/uploads\/2019\/11\/2.jpg","contentUrl":"https:\/\/tilk.bio\/wp-content\/uploads\/2019\/11\/2.jpg","width":1200,"height":1200},{"@type":"BreadcrumbList","@id":"https:\/\/tilk.bio\/verkkokauppa\/gloss-me-lip-juice\/#breadcrumb","itemListElement":[{"@type":"ListItem","position":1,"name":"Home","item":"https:\/\/tilk.bio\/fi\/"},{"@type":"ListItem","position":2,"name":"Verkkokauppa","item":"https:\/\/tilk.bio\/fi\/verkkokauppa\/"},{"@type":"ListItem","position":3,"name":"Gloss Me \u2013 punalev\u00e4uutetta sis\u00e4lt\u00e4v\u00e4 huuli\u00f6ljy"}]},{"@type":"WebSite","@id":"https:\/\/tilk.bio\/et\/#website","url":"https:\/\/tilk.bio\/et\/","name":"Tilk!","description":"Natural and sustainable skincare!","potentialAction":[{"@type":"SearchAction","target":{"@type":"EntryPoint","urlTemplate":"https:\/\/tilk.bio\/et\/?s={search_term_string}"},"query-input":{"@type":"PropertyValueSpecification","valueRequired":true,"valueName":"search_term_string"}}],"inLanguage":"fi"}]}},"_links":{"self":[{"href":"https:\/\/tilk.bio\/fi\/wp-json\/wp\/v2\/product\/30668","targetHints":{"allow":["GET"]}}],"collection":[{"href":"https:\/\/tilk.bio\/fi\/wp-json\/wp\/v2\/product"}],"about":[{"href":"https:\/\/tilk.bio\/fi\/wp-json\/wp\/v2\/types\/product"}],"replies":[{"embeddable":true,"href":"https:\/\/tilk.bio\/fi\/wp-json\/wp\/v2\/comments?post=30668"}],"wp:featuredmedia":[{"embeddable":true,"href":"https:\/\/tilk.bio\/fi\/wp-json\/wp\/v2\/media\/67388"}],"wp:attachment":[{"href":"https:\/\/tilk.bio\/fi\/wp-json\/wp\/v2\/media?parent=30668"}],"wp:term":[{"taxonomy":"product_brand","embeddable":true,"href":"https:\/\/tilk.bio\/fi\/wp-json\/wp\/v2\/product_brand?post=30668"},{"taxonomy":"product_cat","embeddable":true,"href":"https:\/\/tilk.bio\/fi\/wp-json\/wp\/v2\/product_cat?post=30668"},{"taxonomy":"product_tag","embeddable":true,"href":"https:\/\/tilk.bio\/fi\/wp-json\/wp\/v2\/product_tag?post=30668"}],"curies":[{"name":"wp","href":"https:\/\/api.w.org\/{rel}","templated":true}]}}