{"id":30669,"date":"2020-12-02T22:22:43","date_gmt":"2020-12-02T20:22:43","guid":{"rendered":"https:\/\/tilk.bio\/shop\/shimmer-me\/"},"modified":"2026-04-17T17:15:04","modified_gmt":"2026-04-17T14:15:04","slug":"renew-me","status":"publish","type":"product","link":"https:\/\/tilk.bio\/fi\/verkkokauppa\/renew-me\/","title":{"rendered":"Renew Me \u2013 punalev\u00e4uutetta, porkkanaa ja vadelmaa sis\u00e4lt\u00e4v\u00e4 raikas vartalo\u00f6ljy"},"content":{"rendered":"<p>Renew Me on punalev\u00e4uutteella rikastettu raikas porkkana-vadelma\u00f6ljy, jonka luontaiset ainesosat kosteuttavat, hoitavat ja suojaavat vartalon ihoa.<\/p>\n<p>Ainutlaatuisen punalev\u00e4uutteen bioaktiiviset ainesosat ja antioksidantit auttavat hidastamaan ihon ik\u00e4\u00e4ntymist\u00e4. Porkkana\u00f6ljy antaa iholle kauniisti hohtavan s\u00e4vyn, kookos\u00f6ljy puolestaan kosteuttaa, vahvistaa ja tasoittaa. Runsaasti E-vitamiinia sis\u00e4lt\u00e4v\u00e4 venh\u00e4nalkio\u00f6ljy syv\u00e4kosteuttaa ihoa ja v\u00e4hent\u00e4\u00e4 sen \u00e4rsytyst\u00e4.<\/p>\n<p>Vartalo\u00f6ljy sopii ihon kosteuttamisen lis\u00e4ksi my\u00f6s auringonottoon, sill\u00e4 vadelmansiemen-, vehn\u00e4nalkio- ja kookos\u00f6ljyt sek\u00e4 lev\u00e4uute antavat luontaista aurinkosuojaa ja v\u00e4hent\u00e4v\u00e4t ihon liiallista melaniinin tuotantoa.<\/p>\n<p><strong>K\u00e4ytt\u00f6:<\/strong> Parhaan tuloksen saat levitt\u00e4m\u00e4ll\u00e4 \u00f6ljyn kostealle iholle, jolloin kosteus sitoutuu ihoon paremmin. Anna imeyty\u00e4 ennen pukeutumista. Taputtele ylim\u00e4\u00e4r\u00e4inen \u00f6ljy pois talouspaperilla.<\/p>\n<p>Tuotteen kaikki ainesosat ovat luontaista ja vegaanista alkuper\u00e4\u00e4. Tuotteessa on k\u00e4ytetty Saarenmaan rannoilta ker\u00e4tyst\u00e4 punalev\u00e4st\u00e4 saatua uutetta.<br \/>\nS\u00e4ilytys suoralta p\u00e4iv\u00e4nvalolta suojattuna.<\/p>\n<p>Koko: 50ml<\/p>\n<p><a ref=\"magnificPopup\" href=\"https:\/\/tilk.bio\/wp-content\/uploads\/2016\/01\/Vegan_sign-07.png\"><img loading=\"lazy\" decoding=\"async\" class=\"alignnone wp-image-22658\" src=\"https:\/\/tilk.bio\/wp-content\/uploads\/2016\/01\/Vegan_sign-07.png\" alt=\"\" width=\"60\" height=\"60\" srcset=\"https:\/\/tilk.bio\/wp-content\/uploads\/2016\/01\/Vegan_sign-07.png 165w, https:\/\/tilk.bio\/wp-content\/uploads\/2016\/01\/Vegan_sign-07-150x150.png 150w\" sizes=\"auto, (max-width: 60px) 100vw, 60px\" \/><\/a><\/p>\n","protected":false},"excerpt":{"rendered":"<p>Renew Me on punalev\u00e4uutteella rikastettu raikas porkkana-vadelma\u00f6ljy, jonka luontaiset ainesosat kosteuttavat, hoitavat ja suojaavat vartalon ihoa. Ainutlaatuisen punalev\u00e4uutteen bioaktiiviset ainesosat ja antioksidantit auttavat hidastamaan ihon ik\u00e4\u00e4ntymist\u00e4. Porkkana\u00f6ljy antaa iholle kauniisti hohtavan s\u00e4vyn, kookos\u00f6ljy puolestaan kosteuttaa, vahvistaa ja tasoittaa. Runsaasti E-vitamiinia sis\u00e4lt\u00e4v\u00e4 venh\u00e4nalkio\u00f6ljy syv\u00e4kosteuttaa ihoa ja v\u00e4hent\u00e4\u00e4 sen \u00e4rsytyst\u00e4. Vartalo\u00f6ljy sopii ihon kosteuttamisen lis\u00e4ksi my\u00f6s auringonottoon,&#8230;<\/p>\n","protected":false},"featured_media":67314,"comment_status":"open","ping_status":"closed","template":"","meta":{"_acf_changed":false},"product_brand":[],"product_cat":[966,741,501,748,730,503,621],"product_tag":[],"class_list":{"0":"post-30669","1":"product","2":"type-product","3":"status-publish","4":"has-post-thumbnail","6":"product_cat-clearance-sale-fi","7":"product_cat-epatasainen-iho","8":"product_cat-kaikki-tuotteet","9":"product_cat-kesa-tuotteet","10":"product_cat-tilk-herbal-fi","11":"product_cat-vartalo","12":"product_cat-vartalooljyt","14":"first","15":"instock","16":"sale","17":"taxable","18":"shipping-taxable","19":"purchasable","20":"product-type-simple"},"acf":[],"yoast_head":"<!-- This site is optimized with the Yoast SEO plugin v27.5 - https:\/\/yoast.com\/product\/yoast-seo-wordpress\/ -->\n<title>Renew Me \u2013 punalev\u00e4uutetta, porkkanaa ja vadelmaa sis\u00e4lt\u00e4v\u00e4 raikas vartalo\u00f6ljy - Tilk!<\/title>\n<meta name=\"robots\" content=\"index, follow, max-snippet:-1, max-image-preview:large, max-video-preview:-1\" \/>\n<link rel=\"canonical\" href=\"https:\/\/tilk.bio\/verkkokauppa\/renew-me-fresh-carrot-mint-scented-body-oil-with-red-algae-extract\/\" \/>\n<meta property=\"og:locale\" content=\"fi_FI\" \/>\n<meta property=\"og:type\" content=\"article\" \/>\n<meta property=\"og:title\" content=\"Renew Me \u2013 punalev\u00e4uutetta, porkkanaa ja vadelmaa sis\u00e4lt\u00e4v\u00e4 raikas vartalo\u00f6ljy - Tilk!\" \/>\n<meta property=\"og:description\" content=\"Renew Me on punalev\u00e4uutteella rikastettu raikas porkkana-vadelma\u00f6ljy, jonka luontaiset ainesosat kosteuttavat, hoitavat ja suojaavat vartalon ihoa. Ainutlaatuisen punalev\u00e4uutteen bioaktiiviset ainesosat ja antioksidantit auttavat hidastamaan ihon ik\u00e4\u00e4ntymist\u00e4. Porkkana\u00f6ljy antaa iholle kauniisti hohtavan s\u00e4vyn, kookos\u00f6ljy puolestaan kosteuttaa, vahvistaa ja tasoittaa. Runsaasti E-vitamiinia sis\u00e4lt\u00e4v\u00e4 venh\u00e4nalkio\u00f6ljy syv\u00e4kosteuttaa ihoa ja v\u00e4hent\u00e4\u00e4 sen \u00e4rsytyst\u00e4. Vartalo\u00f6ljy sopii ihon kosteuttamisen lis\u00e4ksi my\u00f6s auringonottoon,...\" \/>\n<meta property=\"og:url\" content=\"https:\/\/tilk.bio\/verkkokauppa\/renew-me-fresh-carrot-mint-scented-body-oil-with-red-algae-extract\/\" \/>\n<meta property=\"og:site_name\" content=\"Tilk!\" \/>\n<meta property=\"article:publisher\" content=\"https:\/\/www.facebook.com\/tilk.bio\/\" \/>\n<meta property=\"article:modified_time\" content=\"2026-04-17T14:15:04+00:00\" \/>\n<meta property=\"og:image\" content=\"https:\/\/tilk.bio\/wp-content\/uploads\/2021\/01\/4.jpg\" \/>\n\t<meta property=\"og:image:width\" content=\"1200\" \/>\n\t<meta property=\"og:image:height\" content=\"1200\" \/>\n\t<meta property=\"og:image:type\" content=\"image\/jpeg\" \/>\n<meta name=\"twitter:card\" content=\"summary_large_image\" \/>\n<meta name=\"twitter:label1\" content=\"Arvioitu lukuaika\" \/>\n\t<meta name=\"twitter:data1\" content=\"1 minuutti\" \/>\n<script type=\"application\/ld+json\" class=\"yoast-schema-graph\">{\"@context\":\"https:\\\/\\\/schema.org\",\"@graph\":[{\"@type\":\"WebPage\",\"@id\":\"https:\\\/\\\/tilk.bio\\\/verkkokauppa\\\/renew-me-fresh-carrot-mint-scented-body-oil-with-red-algae-extract\\\/\",\"url\":\"https:\\\/\\\/tilk.bio\\\/verkkokauppa\\\/renew-me-fresh-carrot-mint-scented-body-oil-with-red-algae-extract\\\/\",\"name\":\"Renew Me \u2013 punalev\u00e4uutetta, porkkanaa ja vadelmaa sis\u00e4lt\u00e4v\u00e4 raikas vartalo\u00f6ljy - Tilk!\",\"isPartOf\":{\"@id\":\"https:\\\/\\\/tilk.bio\\\/et\\\/#website\"},\"primaryImageOfPage\":{\"@id\":\"https:\\\/\\\/tilk.bio\\\/verkkokauppa\\\/renew-me-fresh-carrot-mint-scented-body-oil-with-red-algae-extract\\\/#primaryimage\"},\"image\":{\"@id\":\"https:\\\/\\\/tilk.bio\\\/verkkokauppa\\\/renew-me-fresh-carrot-mint-scented-body-oil-with-red-algae-extract\\\/#primaryimage\"},\"thumbnailUrl\":\"https:\\\/\\\/tilk.bio\\\/wp-content\\\/uploads\\\/2021\\\/01\\\/4.jpg\",\"datePublished\":\"2020-12-02T20:22:43+00:00\",\"dateModified\":\"2026-04-17T14:15:04+00:00\",\"breadcrumb\":{\"@id\":\"https:\\\/\\\/tilk.bio\\\/verkkokauppa\\\/renew-me-fresh-carrot-mint-scented-body-oil-with-red-algae-extract\\\/#breadcrumb\"},\"inLanguage\":\"fi\",\"potentialAction\":[{\"@type\":\"ReadAction\",\"target\":[\"https:\\\/\\\/tilk.bio\\\/verkkokauppa\\\/renew-me-fresh-carrot-mint-scented-body-oil-with-red-algae-extract\\\/\"]}]},{\"@type\":\"ImageObject\",\"inLanguage\":\"fi\",\"@id\":\"https:\\\/\\\/tilk.bio\\\/verkkokauppa\\\/renew-me-fresh-carrot-mint-scented-body-oil-with-red-algae-extract\\\/#primaryimage\",\"url\":\"https:\\\/\\\/tilk.bio\\\/wp-content\\\/uploads\\\/2021\\\/01\\\/4.jpg\",\"contentUrl\":\"https:\\\/\\\/tilk.bio\\\/wp-content\\\/uploads\\\/2021\\\/01\\\/4.jpg\",\"width\":1200,\"height\":1200},{\"@type\":\"BreadcrumbList\",\"@id\":\"https:\\\/\\\/tilk.bio\\\/verkkokauppa\\\/renew-me-fresh-carrot-mint-scented-body-oil-with-red-algae-extract\\\/#breadcrumb\",\"itemListElement\":[{\"@type\":\"ListItem\",\"position\":1,\"name\":\"Home\",\"item\":\"https:\\\/\\\/tilk.bio\\\/fi\\\/\"},{\"@type\":\"ListItem\",\"position\":2,\"name\":\"Verkkokauppa\",\"item\":\"https:\\\/\\\/tilk.bio\\\/fi\\\/verkkokauppa\\\/\"},{\"@type\":\"ListItem\",\"position\":3,\"name\":\"Renew Me \u2013 punalev\u00e4uutetta, porkkanaa ja vadelmaa sis\u00e4lt\u00e4v\u00e4 raikas vartalo\u00f6ljy\"}]},{\"@type\":\"WebSite\",\"@id\":\"https:\\\/\\\/tilk.bio\\\/et\\\/#website\",\"url\":\"https:\\\/\\\/tilk.bio\\\/et\\\/\",\"name\":\"Tilk!\",\"description\":\"Natural and sustainable skincare!\",\"potentialAction\":[{\"@type\":\"SearchAction\",\"target\":{\"@type\":\"EntryPoint\",\"urlTemplate\":\"https:\\\/\\\/tilk.bio\\\/et\\\/?s={search_term_string}\"},\"query-input\":{\"@type\":\"PropertyValueSpecification\",\"valueRequired\":true,\"valueName\":\"search_term_string\"}}],\"inLanguage\":\"fi\"}]}<\/script>\n<!-- \/ Yoast SEO plugin. -->","yoast_head_json":{"title":"Renew Me \u2013 punalev\u00e4uutetta, porkkanaa ja vadelmaa sis\u00e4lt\u00e4v\u00e4 raikas vartalo\u00f6ljy - Tilk!","robots":{"index":"index","follow":"follow","max-snippet":"max-snippet:-1","max-image-preview":"max-image-preview:large","max-video-preview":"max-video-preview:-1"},"canonical":"https:\/\/tilk.bio\/verkkokauppa\/renew-me-fresh-carrot-mint-scented-body-oil-with-red-algae-extract\/","og_locale":"fi_FI","og_type":"article","og_title":"Renew Me \u2013 punalev\u00e4uutetta, porkkanaa ja vadelmaa sis\u00e4lt\u00e4v\u00e4 raikas vartalo\u00f6ljy - Tilk!","og_description":"Renew Me on punalev\u00e4uutteella rikastettu raikas porkkana-vadelma\u00f6ljy, jonka luontaiset ainesosat kosteuttavat, hoitavat ja suojaavat vartalon ihoa. Ainutlaatuisen punalev\u00e4uutteen bioaktiiviset ainesosat ja antioksidantit auttavat hidastamaan ihon ik\u00e4\u00e4ntymist\u00e4. Porkkana\u00f6ljy antaa iholle kauniisti hohtavan s\u00e4vyn, kookos\u00f6ljy puolestaan kosteuttaa, vahvistaa ja tasoittaa. Runsaasti E-vitamiinia sis\u00e4lt\u00e4v\u00e4 venh\u00e4nalkio\u00f6ljy syv\u00e4kosteuttaa ihoa ja v\u00e4hent\u00e4\u00e4 sen \u00e4rsytyst\u00e4. Vartalo\u00f6ljy sopii ihon kosteuttamisen lis\u00e4ksi my\u00f6s auringonottoon,...","og_url":"https:\/\/tilk.bio\/verkkokauppa\/renew-me-fresh-carrot-mint-scented-body-oil-with-red-algae-extract\/","og_site_name":"Tilk!","article_publisher":"https:\/\/www.facebook.com\/tilk.bio\/","article_modified_time":"2026-04-17T14:15:04+00:00","og_image":[{"width":1200,"height":1200,"url":"https:\/\/tilk.bio\/wp-content\/uploads\/2021\/01\/4.jpg","type":"image\/jpeg"}],"twitter_card":"summary_large_image","twitter_misc":{"Arvioitu lukuaika":"1 minuutti"},"schema":{"@context":"https:\/\/schema.org","@graph":[{"@type":"WebPage","@id":"https:\/\/tilk.bio\/verkkokauppa\/renew-me-fresh-carrot-mint-scented-body-oil-with-red-algae-extract\/","url":"https:\/\/tilk.bio\/verkkokauppa\/renew-me-fresh-carrot-mint-scented-body-oil-with-red-algae-extract\/","name":"Renew Me \u2013 punalev\u00e4uutetta, porkkanaa ja vadelmaa sis\u00e4lt\u00e4v\u00e4 raikas vartalo\u00f6ljy - Tilk!","isPartOf":{"@id":"https:\/\/tilk.bio\/et\/#website"},"primaryImageOfPage":{"@id":"https:\/\/tilk.bio\/verkkokauppa\/renew-me-fresh-carrot-mint-scented-body-oil-with-red-algae-extract\/#primaryimage"},"image":{"@id":"https:\/\/tilk.bio\/verkkokauppa\/renew-me-fresh-carrot-mint-scented-body-oil-with-red-algae-extract\/#primaryimage"},"thumbnailUrl":"https:\/\/tilk.bio\/wp-content\/uploads\/2021\/01\/4.jpg","datePublished":"2020-12-02T20:22:43+00:00","dateModified":"2026-04-17T14:15:04+00:00","breadcrumb":{"@id":"https:\/\/tilk.bio\/verkkokauppa\/renew-me-fresh-carrot-mint-scented-body-oil-with-red-algae-extract\/#breadcrumb"},"inLanguage":"fi","potentialAction":[{"@type":"ReadAction","target":["https:\/\/tilk.bio\/verkkokauppa\/renew-me-fresh-carrot-mint-scented-body-oil-with-red-algae-extract\/"]}]},{"@type":"ImageObject","inLanguage":"fi","@id":"https:\/\/tilk.bio\/verkkokauppa\/renew-me-fresh-carrot-mint-scented-body-oil-with-red-algae-extract\/#primaryimage","url":"https:\/\/tilk.bio\/wp-content\/uploads\/2021\/01\/4.jpg","contentUrl":"https:\/\/tilk.bio\/wp-content\/uploads\/2021\/01\/4.jpg","width":1200,"height":1200},{"@type":"BreadcrumbList","@id":"https:\/\/tilk.bio\/verkkokauppa\/renew-me-fresh-carrot-mint-scented-body-oil-with-red-algae-extract\/#breadcrumb","itemListElement":[{"@type":"ListItem","position":1,"name":"Home","item":"https:\/\/tilk.bio\/fi\/"},{"@type":"ListItem","position":2,"name":"Verkkokauppa","item":"https:\/\/tilk.bio\/fi\/verkkokauppa\/"},{"@type":"ListItem","position":3,"name":"Renew Me \u2013 punalev\u00e4uutetta, porkkanaa ja vadelmaa sis\u00e4lt\u00e4v\u00e4 raikas vartalo\u00f6ljy"}]},{"@type":"WebSite","@id":"https:\/\/tilk.bio\/et\/#website","url":"https:\/\/tilk.bio\/et\/","name":"Tilk!","description":"Natural and sustainable skincare!","potentialAction":[{"@type":"SearchAction","target":{"@type":"EntryPoint","urlTemplate":"https:\/\/tilk.bio\/et\/?s={search_term_string}"},"query-input":{"@type":"PropertyValueSpecification","valueRequired":true,"valueName":"search_term_string"}}],"inLanguage":"fi"}]}},"_links":{"self":[{"href":"https:\/\/tilk.bio\/fi\/wp-json\/wp\/v2\/product\/30669","targetHints":{"allow":["GET"]}}],"collection":[{"href":"https:\/\/tilk.bio\/fi\/wp-json\/wp\/v2\/product"}],"about":[{"href":"https:\/\/tilk.bio\/fi\/wp-json\/wp\/v2\/types\/product"}],"replies":[{"embeddable":true,"href":"https:\/\/tilk.bio\/fi\/wp-json\/wp\/v2\/comments?post=30669"}],"wp:featuredmedia":[{"embeddable":true,"href":"https:\/\/tilk.bio\/fi\/wp-json\/wp\/v2\/media\/67314"}],"wp:attachment":[{"href":"https:\/\/tilk.bio\/fi\/wp-json\/wp\/v2\/media?parent=30669"}],"wp:term":[{"taxonomy":"product_brand","embeddable":true,"href":"https:\/\/tilk.bio\/fi\/wp-json\/wp\/v2\/product_brand?post=30669"},{"taxonomy":"product_cat","embeddable":true,"href":"https:\/\/tilk.bio\/fi\/wp-json\/wp\/v2\/product_cat?post=30669"},{"taxonomy":"product_tag","embeddable":true,"href":"https:\/\/tilk.bio\/fi\/wp-json\/wp\/v2\/product_tag?post=30669"}],"curies":[{"name":"wp","href":"https:\/\/api.w.org\/{rel}","templated":true}]}}