{"id":31916,"date":"2019-09-11T16:05:18","date_gmt":"2019-09-11T16:05:19","guid":{"rendered":"https:\/\/tilk.bio\/?post_type=product&#038;p=31916"},"modified":"2026-04-08T21:15:09","modified_gmt":"2026-04-08T18:15:09","slug":"matkakokoinen-smooth-me-kasvooljy-katajanmarjauuteella","status":"publish","type":"product","link":"https:\/\/tilk.bio\/fi\/verkkokauppa\/matkakokoinen-smooth-me-kasvooljy-katajanmarjauuteella\/","title":{"rendered":"Matkakokoinen Smooth Me kasvo\u00f6ljy katajanmarjauuteella"},"content":{"rendered":"<p><strong>Ainesosat:<\/strong> Caprylic\/Capric Triglyceride; Medium Chain Triglyceride, Urtica Dioica Extract, Juniperus communis Extract, Simmondsia Chinensis Seed Oil, Tocopherol, Lavandula Latifolia Herb Oil, Juniperus communis fruit oil.<\/p>\n","protected":false},"excerpt":{"rendered":"<p class=\"p1\"><span class=\"s1\">Smooth Me<span style=\"font-weight: 400;\"> on kevyt unisex kasvo\u00f6ljy, joka auttaa sinua saavuttamaan silkkisen sile\u00e4n ihon ja luonnollisen kauniin hehkun. P-vitamiini, jota l\u00f6ytyy <\/span>katajanmarjasta<span style=\"font-weight: 400;\">, auttaa taistelemaan ihon tulehdustiloja vastaan. Katajanmarja lis\u00e4\u00e4 verenkiertoa ja poistaa toksiineja ja myrkkyj\u00e4. Meid\u00e4n k\u00e4sin poimitut katajanmarjat pehmitt\u00e4v\u00e4t ja raikastavat ihoa. Jojoba\u00f6ljyss\u00e4 ja kookos\u00f6ljyss\u00e4 sis\u00e4ltyv\u00e4 E-vitamiini <\/span>silottaa ihoa ja auttaa ihoa s\u00e4ilytt\u00e4m\u00e4\u00e4n joustavuuden, joka on nuoren ihon salaisuus.<span style=\"font-weight: 400;\"> Kookos\u00f6ljyss\u00e4 sis\u00e4ltyv\u00e4 triglyseridi<\/span> kosteuttaa ja pehment\u00e4\u00e4 ihoa<span style=\"font-weight: 400;\">. Kaikki ainesosat ovat <\/span>luonnollisia ja vegaanisia.<span style=\"font-weight: 400;\"> K\u00e4yt\u00e4mme kaikissa luonnonkosmetiikkatuotteissamme Saarenmaalta k\u00e4sin poimittujen yrttien \u00f6ljyj\u00e4.<\/span><br \/>\nKoko: 5ml<\/span><\/p>\n<p><a href=\"https:\/\/tilk.bio\/wp-content\/uploads\/2016\/01\/Vegan_sign-07.png\"><img loading=\"lazy\" decoding=\"async\" class=\"alignnone wp-image-17805\" src=\"https:\/\/tilk.bio\/wp-content\/uploads\/2016\/01\/Vegan_sign-07.png\" alt=\"\" width=\"84\" height=\"84\" srcset=\"https:\/\/tilk.bio\/wp-content\/uploads\/2016\/01\/Vegan_sign-07.png 165w, https:\/\/tilk.bio\/wp-content\/uploads\/2016\/01\/Vegan_sign-07-150x150.png 150w\" sizes=\"auto, (max-width: 84px) 100vw, 84px\" \/><\/a><a href=\"https:\/\/tilk.bio\/wp-content\/uploads\/2017\/09\/AnneStiil_2017_Transparent.png\"><img loading=\"lazy\" decoding=\"async\" class=\"alignnone wp-image-20512\" src=\"https:\/\/tilk.bio\/wp-content\/uploads\/2017\/09\/AnneStiil_2017_Transparent.png\" alt=\"\" width=\"78\" height=\"78\" srcset=\"https:\/\/tilk.bio\/wp-content\/uploads\/2017\/09\/AnneStiil_2017_Transparent.png 165w, https:\/\/tilk.bio\/wp-content\/uploads\/2017\/09\/AnneStiil_2017_Transparent-150x150.png 150w\" sizes=\"auto, (max-width: 78px) 100vw, 78px\" \/><\/a><a href=\"https:\/\/tilk.bio\/wp-content\/uploads\/2017\/10\/Catwalk_kleeps_14x145_ymmargune_2.jpg\"><img loading=\"lazy\" decoding=\"async\" class=\"alignnone wp-image-19994\" src=\"https:\/\/tilk.bio\/wp-content\/uploads\/2017\/10\/Catwalk_kleeps_14x145_ymmargune_2.jpg\" alt=\"\" width=\"74\" height=\"74\" \/><\/a><\/p>\n","protected":false},"featured_media":31911,"comment_status":"open","ping_status":"closed","template":"","meta":{"_acf_changed":false},"product_brand":[],"product_cat":[501,512,632,508,502],"product_tag":[415,430],"class_list":{"0":"post-31916","1":"product","2":"type-product","3":"status-publish","4":"has-post-thumbnail","6":"product_cat-kaikki-tuotteet","7":"product_cat-kasvohoito","8":"product_cat-kasvooljyt-seerumit","9":"product_cat-matkalle-mukaan","10":"product_cat-myydyimmat","11":"product_tag-kaikki-ihotyypit","12":"product_tag-unisex-fi","14":"first","15":"instock","16":"taxable","17":"shipping-taxable","18":"purchasable","19":"product-type-simple"},"acf":[],"yoast_head":"<!-- This site is optimized with the Yoast SEO plugin v27.3 - https:\/\/yoast.com\/product\/yoast-seo-wordpress\/ -->\n<title>Matkakokoinen Smooth Me kasvo\u00f6ljy katajanmarjauuteella - Tilk!<\/title>\n<meta name=\"description\" content=\"kasvo\u00f6ljy\" \/>\n<meta name=\"robots\" content=\"index, follow, max-snippet:-1, max-image-preview:large, max-video-preview:-1\" \/>\n<link rel=\"canonical\" href=\"https:\/\/tilk.bio\/fi\/verkkokauppa\/matkakokoinen-smooth-me-kasvooljy-katajanmarjauuteella\/\" \/>\n<meta property=\"og:locale\" content=\"fi_FI\" \/>\n<meta property=\"og:type\" content=\"article\" \/>\n<meta property=\"og:title\" content=\"Matkakokoinen Smooth Me kasvo\u00f6ljy katajanmarjauuteella - Tilk!\" \/>\n<meta property=\"og:description\" content=\"Smooth Me on kevyt unisex kasvo\u00f6ljy, joka auttaa sinua saavuttamaan silkkisen sile\u00e4n ihon ja luonnollisen kauniin hehkun.\" \/>\n<meta property=\"og:url\" content=\"https:\/\/tilk.bio\/fi\/verkkokauppa\/matkakokoinen-smooth-me-kasvooljy-katajanmarjauuteella\/\" \/>\n<meta property=\"og:site_name\" content=\"Tilk!\" \/>\n<meta property=\"article:publisher\" content=\"https:\/\/www.facebook.com\/tilk.bio\/\" \/>\n<meta property=\"article:modified_time\" content=\"2026-04-08T18:15:09+00:00\" \/>\n<meta property=\"og:image\" content=\"https:\/\/tilk.bio\/wp-content\/uploads\/2017\/09\/Smooth-Me-face-oil-e1506459293756.jpg\" \/>\n\t<meta property=\"og:image:width\" content=\"1200\" \/>\n\t<meta property=\"og:image:height\" content=\"1200\" \/>\n\t<meta property=\"og:image:type\" content=\"image\/jpeg\" \/>\n<meta name=\"twitter:card\" content=\"summary_large_image\" \/>\n<meta name=\"twitter:title\" content=\"Smooth Me on kevyt unisex kasvo\u00f6ljy, joka auttaa sinua saavuttamaan silkkisen sile\u00e4n ihon ja luonnollisen kauniin hehkun.\" \/>\n<meta name=\"twitter:description\" content=\"Smooth Me on kevyt unisex kasvo\u00f6ljy, joka auttaa sinua saavuttamaan silkkisen sile\u00e4n ihon ja luonnollisen kauniin hehkun.\" \/>\n<meta name=\"twitter:label1\" content=\"Arvioitu lukuaika\" \/>\n\t<meta name=\"twitter:data1\" content=\"1 minuutti\" \/>\n<script type=\"application\/ld+json\" class=\"yoast-schema-graph\">{\"@context\":\"https:\\\/\\\/schema.org\",\"@graph\":[{\"@type\":\"WebPage\",\"@id\":\"https:\\\/\\\/tilk.bio\\\/fi\\\/verkkokauppa\\\/matkakokoinen-smooth-me-kasvooljy-katajanmarjauuteella\\\/\",\"url\":\"https:\\\/\\\/tilk.bio\\\/fi\\\/verkkokauppa\\\/matkakokoinen-smooth-me-kasvooljy-katajanmarjauuteella\\\/\",\"name\":\"Matkakokoinen Smooth Me kasvo\u00f6ljy katajanmarjauuteella - Tilk!\",\"isPartOf\":{\"@id\":\"https:\\\/\\\/tilk.bio\\\/et\\\/#website\"},\"primaryImageOfPage\":{\"@id\":\"https:\\\/\\\/tilk.bio\\\/fi\\\/verkkokauppa\\\/matkakokoinen-smooth-me-kasvooljy-katajanmarjauuteella\\\/#primaryimage\"},\"image\":{\"@id\":\"https:\\\/\\\/tilk.bio\\\/fi\\\/verkkokauppa\\\/matkakokoinen-smooth-me-kasvooljy-katajanmarjauuteella\\\/#primaryimage\"},\"thumbnailUrl\":\"https:\\\/\\\/tilk.bio\\\/wp-content\\\/uploads\\\/2017\\\/09\\\/smoothva\u0308ike1.png\",\"datePublished\":\"2019-09-11T16:05:19+00:00\",\"dateModified\":\"2026-04-08T18:15:09+00:00\",\"description\":\"kasvo\u00f6ljy\",\"breadcrumb\":{\"@id\":\"https:\\\/\\\/tilk.bio\\\/fi\\\/verkkokauppa\\\/matkakokoinen-smooth-me-kasvooljy-katajanmarjauuteella\\\/#breadcrumb\"},\"inLanguage\":\"fi\",\"potentialAction\":[{\"@type\":\"ReadAction\",\"target\":[\"https:\\\/\\\/tilk.bio\\\/fi\\\/verkkokauppa\\\/matkakokoinen-smooth-me-kasvooljy-katajanmarjauuteella\\\/\"]}]},{\"@type\":\"ImageObject\",\"inLanguage\":\"fi\",\"@id\":\"https:\\\/\\\/tilk.bio\\\/fi\\\/verkkokauppa\\\/matkakokoinen-smooth-me-kasvooljy-katajanmarjauuteella\\\/#primaryimage\",\"url\":\"https:\\\/\\\/tilk.bio\\\/wp-content\\\/uploads\\\/2017\\\/09\\\/smoothva\u0308ike1.png\",\"contentUrl\":\"https:\\\/\\\/tilk.bio\\\/wp-content\\\/uploads\\\/2017\\\/09\\\/smoothva\u0308ike1.png\",\"width\":920,\"height\":1100,\"caption\":\"the best face oil\"},{\"@type\":\"BreadcrumbList\",\"@id\":\"https:\\\/\\\/tilk.bio\\\/fi\\\/verkkokauppa\\\/matkakokoinen-smooth-me-kasvooljy-katajanmarjauuteella\\\/#breadcrumb\",\"itemListElement\":[{\"@type\":\"ListItem\",\"position\":1,\"name\":\"Home\",\"item\":\"https:\\\/\\\/tilk.bio\\\/fi\\\/\"},{\"@type\":\"ListItem\",\"position\":2,\"name\":\"Verkkokauppa\",\"item\":\"https:\\\/\\\/tilk.bio\\\/fi\\\/verkkokauppa\\\/\"},{\"@type\":\"ListItem\",\"position\":3,\"name\":\"Matkakokoinen Smooth Me kasvo\u00f6ljy katajanmarjauuteella\"}]},{\"@type\":\"WebSite\",\"@id\":\"https:\\\/\\\/tilk.bio\\\/et\\\/#website\",\"url\":\"https:\\\/\\\/tilk.bio\\\/et\\\/\",\"name\":\"Tilk!\",\"description\":\"Natural and sustainable skincare!\",\"potentialAction\":[{\"@type\":\"SearchAction\",\"target\":{\"@type\":\"EntryPoint\",\"urlTemplate\":\"https:\\\/\\\/tilk.bio\\\/et\\\/?s={search_term_string}\"},\"query-input\":{\"@type\":\"PropertyValueSpecification\",\"valueRequired\":true,\"valueName\":\"search_term_string\"}}],\"inLanguage\":\"fi\"}]}<\/script>\n<!-- \/ Yoast SEO plugin. -->","yoast_head_json":{"title":"Matkakokoinen Smooth Me kasvo\u00f6ljy katajanmarjauuteella - Tilk!","description":"kasvo\u00f6ljy","robots":{"index":"index","follow":"follow","max-snippet":"max-snippet:-1","max-image-preview":"max-image-preview:large","max-video-preview":"max-video-preview:-1"},"canonical":"https:\/\/tilk.bio\/fi\/verkkokauppa\/matkakokoinen-smooth-me-kasvooljy-katajanmarjauuteella\/","og_locale":"fi_FI","og_type":"article","og_title":"Matkakokoinen Smooth Me kasvo\u00f6ljy katajanmarjauuteella - Tilk!","og_description":"Smooth Me on kevyt unisex kasvo\u00f6ljy, joka auttaa sinua saavuttamaan silkkisen sile\u00e4n ihon ja luonnollisen kauniin hehkun.","og_url":"https:\/\/tilk.bio\/fi\/verkkokauppa\/matkakokoinen-smooth-me-kasvooljy-katajanmarjauuteella\/","og_site_name":"Tilk!","article_publisher":"https:\/\/www.facebook.com\/tilk.bio\/","article_modified_time":"2026-04-08T18:15:09+00:00","og_image":[{"width":1200,"height":1200,"url":"https:\/\/tilk.bio\/wp-content\/uploads\/2017\/09\/Smooth-Me-face-oil-e1506459293756.jpg","type":"image\/jpeg"}],"twitter_card":"summary_large_image","twitter_title":"Smooth Me on kevyt unisex kasvo\u00f6ljy, joka auttaa sinua saavuttamaan silkkisen sile\u00e4n ihon ja luonnollisen kauniin hehkun.","twitter_description":"Smooth Me on kevyt unisex kasvo\u00f6ljy, joka auttaa sinua saavuttamaan silkkisen sile\u00e4n ihon ja luonnollisen kauniin hehkun.","twitter_misc":{"Arvioitu lukuaika":"1 minuutti"},"schema":{"@context":"https:\/\/schema.org","@graph":[{"@type":"WebPage","@id":"https:\/\/tilk.bio\/fi\/verkkokauppa\/matkakokoinen-smooth-me-kasvooljy-katajanmarjauuteella\/","url":"https:\/\/tilk.bio\/fi\/verkkokauppa\/matkakokoinen-smooth-me-kasvooljy-katajanmarjauuteella\/","name":"Matkakokoinen Smooth Me kasvo\u00f6ljy katajanmarjauuteella - Tilk!","isPartOf":{"@id":"https:\/\/tilk.bio\/et\/#website"},"primaryImageOfPage":{"@id":"https:\/\/tilk.bio\/fi\/verkkokauppa\/matkakokoinen-smooth-me-kasvooljy-katajanmarjauuteella\/#primaryimage"},"image":{"@id":"https:\/\/tilk.bio\/fi\/verkkokauppa\/matkakokoinen-smooth-me-kasvooljy-katajanmarjauuteella\/#primaryimage"},"thumbnailUrl":"https:\/\/tilk.bio\/wp-content\/uploads\/2017\/09\/smoothva\u0308ike1.png","datePublished":"2019-09-11T16:05:19+00:00","dateModified":"2026-04-08T18:15:09+00:00","description":"kasvo\u00f6ljy","breadcrumb":{"@id":"https:\/\/tilk.bio\/fi\/verkkokauppa\/matkakokoinen-smooth-me-kasvooljy-katajanmarjauuteella\/#breadcrumb"},"inLanguage":"fi","potentialAction":[{"@type":"ReadAction","target":["https:\/\/tilk.bio\/fi\/verkkokauppa\/matkakokoinen-smooth-me-kasvooljy-katajanmarjauuteella\/"]}]},{"@type":"ImageObject","inLanguage":"fi","@id":"https:\/\/tilk.bio\/fi\/verkkokauppa\/matkakokoinen-smooth-me-kasvooljy-katajanmarjauuteella\/#primaryimage","url":"https:\/\/tilk.bio\/wp-content\/uploads\/2017\/09\/smoothva\u0308ike1.png","contentUrl":"https:\/\/tilk.bio\/wp-content\/uploads\/2017\/09\/smoothva\u0308ike1.png","width":920,"height":1100,"caption":"the best face oil"},{"@type":"BreadcrumbList","@id":"https:\/\/tilk.bio\/fi\/verkkokauppa\/matkakokoinen-smooth-me-kasvooljy-katajanmarjauuteella\/#breadcrumb","itemListElement":[{"@type":"ListItem","position":1,"name":"Home","item":"https:\/\/tilk.bio\/fi\/"},{"@type":"ListItem","position":2,"name":"Verkkokauppa","item":"https:\/\/tilk.bio\/fi\/verkkokauppa\/"},{"@type":"ListItem","position":3,"name":"Matkakokoinen Smooth Me kasvo\u00f6ljy katajanmarjauuteella"}]},{"@type":"WebSite","@id":"https:\/\/tilk.bio\/et\/#website","url":"https:\/\/tilk.bio\/et\/","name":"Tilk!","description":"Natural and sustainable skincare!","potentialAction":[{"@type":"SearchAction","target":{"@type":"EntryPoint","urlTemplate":"https:\/\/tilk.bio\/et\/?s={search_term_string}"},"query-input":{"@type":"PropertyValueSpecification","valueRequired":true,"valueName":"search_term_string"}}],"inLanguage":"fi"}]}},"_links":{"self":[{"href":"https:\/\/tilk.bio\/fi\/wp-json\/wp\/v2\/product\/31916","targetHints":{"allow":["GET"]}}],"collection":[{"href":"https:\/\/tilk.bio\/fi\/wp-json\/wp\/v2\/product"}],"about":[{"href":"https:\/\/tilk.bio\/fi\/wp-json\/wp\/v2\/types\/product"}],"replies":[{"embeddable":true,"href":"https:\/\/tilk.bio\/fi\/wp-json\/wp\/v2\/comments?post=31916"}],"wp:featuredmedia":[{"embeddable":true,"href":"https:\/\/tilk.bio\/fi\/wp-json\/wp\/v2\/media\/31911"}],"wp:attachment":[{"href":"https:\/\/tilk.bio\/fi\/wp-json\/wp\/v2\/media?parent=31916"}],"wp:term":[{"taxonomy":"product_brand","embeddable":true,"href":"https:\/\/tilk.bio\/fi\/wp-json\/wp\/v2\/product_brand?post=31916"},{"taxonomy":"product_cat","embeddable":true,"href":"https:\/\/tilk.bio\/fi\/wp-json\/wp\/v2\/product_cat?post=31916"},{"taxonomy":"product_tag","embeddable":true,"href":"https:\/\/tilk.bio\/fi\/wp-json\/wp\/v2\/product_tag?post=31916"}],"curies":[{"name":"wp","href":"https:\/\/api.w.org\/{rel}","templated":true}]}}