{"id":47478,"date":"2021-11-30T13:28:35","date_gmt":"2021-11-30T11:28:35","guid":{"rendered":"https:\/\/tilk.bio\/shop\/puhdistava-ja-kosteuttava-kasvonaamio-detox-me\/"},"modified":"2026-04-09T10:00:09","modified_gmt":"2026-04-09T07:00:09","slug":"puhdistava-ja-kosteuttava-kasvonaamio-detox-me","status":"publish","type":"product","link":"https:\/\/tilk.bio\/fi\/verkkokauppa\/puhdistava-ja-kosteuttava-kasvonaamio-detox-me\/","title":{"rendered":"Detox Me \u2013 syv\u00e4puhdistava ja kosteuttava turvenaamio kasvoille"},"content":{"rendered":"<p>Detox Me on syv\u00e4puhdistava ja kosteuttava kasvonaamio, joka vaikuttaa syv\u00e4ll\u00e4 ihon kerroksissa puhdistaen ihon sinne kertyneist\u00e4 toksiineista. Samalla se kosteuttaa ihoa ja vilkastaa verenkiertoa. Naamio sopii kaikille ihotyypeille, my\u00f6s ongelmaiholle.<\/p>\n<p>Naamion sis\u00e4lt\u00e4m\u00e4 balneologinen turve sis\u00e4lt\u00e4\u00e4 runsaasti fulvo-, humus- ja hymatomelaanihappoja, jotka vahvistavat ja tasapainottavat ihoa ja v\u00e4hent\u00e4v\u00e4t ryppyj\u00e4.<\/p>\n<p>Naamio on tehokas apu my\u00f6s psoriasikseen ja akneen \u2013 se s\u00e4\u00e4telee ihon luontaista talinerityst\u00e4 ja vaikuttaa tulehduksia ehk\u00e4isev\u00e4sti. Naamion sis\u00e4lt\u00e4m\u00e4 katajahydrosoli tunnetaan antibakteerisista ja ihoa vahvistavista ominaisuuksistaan. Risiini\u00f6ljyn syv\u00e4kosteuttavaa vaikutusta tukevat kookos\u00f6ljy sek\u00e4 Saarenmaan puhtaasta luonnosta ker\u00e4tyt keh\u00e4kukka, poimulehti ja peltokorte. Naamion tuoksussa on luonnon hento kosketus.<\/p>\n<p>K\u00e4ytt\u00f6: Levit\u00e4 naamio puhdistetuille kasvoille ja dekolteelle 10\u201315 minuutiksi. Huuhtele l\u00e4mpim\u00e4ll\u00e4 vedell\u00e4. Naamiota ei tarvitse kostuttaa, sill\u00e4 se ei kuivu k\u00e4yt\u00f6n aikana.<\/p>\n<p>Eritt\u00e4in tehokkaan syv\u00e4puhdistavan vaikutuksen saat k\u00e4ytt\u00e4m\u00e4ll\u00e4 ennen naamiota <a href=\"https:\/\/tilk.bio\/fi\/verkkokauppa\/scrub-me-kasvokuorinta-kaikille-ihotyypeille\/\">Scrub Me -kasvokuorintaa<\/a>. Naamion j\u00e4lkeen suosittelemme lis\u00e4kosteutukseksi kasvo\u00f6ljy\u00e4 tai -voidetta. Naamion voi tehd\u00e4 1\u20132 kertaa viikossa.<\/p>\n<p>Tuotteen kaikki ainesosat ovat luontaista ja vegaanista alkuper\u00e4\u00e4. Tuotteessa on k\u00e4ytetty Saarenmaalta k\u00e4sin poimituista kasveista saatuja \u00f6ljyj\u00e4.<\/p>\n<p>S\u00e4ilytys huoneenl\u00e4mm\u00f6ss\u00e4.<\/p>\n<p>Koko: 50ml<br \/>\n<a ref=\"magnificPopup\" href=\"https:\/\/tilk.bio\/wp-content\/uploads\/2016\/01\/Vegan_sign-07.png\"><img loading=\"lazy\" decoding=\"async\" class=\"alignnone wp-image-22658\" src=\"https:\/\/tilk.bio\/wp-content\/uploads\/2016\/01\/Vegan_sign-07.png\" alt=\"\" width=\"110\" height=\"110\" srcset=\"https:\/\/tilk.bio\/wp-content\/uploads\/2016\/01\/Vegan_sign-07.png 165w, https:\/\/tilk.bio\/wp-content\/uploads\/2016\/01\/Vegan_sign-07-150x150.png 150w\" sizes=\"auto, (max-width: 110px) 100vw, 110px\" \/><\/a><\/p>\n","protected":false},"excerpt":{"rendered":"<p>Detox Me on syv\u00e4puhdistava ja kosteuttava kasvonaamio, joka vaikuttaa syv\u00e4ll\u00e4 ihon kerroksissa puhdistaen ihon sinne kertyneist\u00e4 toksiineista. Samalla se kosteuttaa ihoa ja vilkastaa verenkiertoa. Naamio sopii kaikille ihotyypeille, my\u00f6s ongelmaiholle. Naamion sis\u00e4lt\u00e4m\u00e4 balneologinen turve sis\u00e4lt\u00e4\u00e4 runsaasti fulvo-, humus- ja hymatomelaanihappoja, jotka vahvistavat ja tasapainottavat ihoa ja v\u00e4hent\u00e4v\u00e4t ryppyj\u00e4. Naamio on tehokas apu my\u00f6s psoriasikseen ja&#8230;<\/p>\n","protected":false},"featured_media":65012,"comment_status":"open","ping_status":"closed","template":"","meta":{"_acf_changed":false},"product_brand":[],"product_cat":[747,741,729,501,512,764,737,502,742,627,671],"product_tag":[],"class_list":{"0":"post-47478","1":"product","2":"type-product","3":"status-publish","4":"has-post-thumbnail","6":"product_cat-akne-ja-rasvainen-iho","7":"product_cat-epatasainen-iho","8":"product_cat-herkka-iho","9":"product_cat-kaikki-tuotteet","10":"product_cat-kasvohoito","11":"product_cat-kasvnaamio","12":"product_cat-kuiva-iho","13":"product_cat-myydyimmat","14":"product_cat-normaali-ja-sekaiho","15":"product_cat-pure-luxury-fi","16":"product_cat-spaattelin-mahdollisuus","18":"first","19":"instock","20":"taxable","21":"shipping-taxable","22":"purchasable","23":"product-type-variable"},"acf":[],"yoast_head":"<!-- This site is optimized with the Yoast SEO plugin v27.3 - https:\/\/yoast.com\/product\/yoast-seo-wordpress\/ -->\n<title>Detox Me \u2013 syv\u00e4puhdistava naamio<\/title>\n<meta name=\"description\" content=\"Detox Me on syv\u00e4puhdistava naamio, joka vaikuttaa syv\u00e4ll\u00e4 ihon kerroksissa puhdistaen ihon sinne kertyneist\u00e4 toksiineista.\" \/>\n<meta name=\"robots\" content=\"index, follow, max-snippet:-1, max-image-preview:large, max-video-preview:-1\" \/>\n<link rel=\"canonical\" href=\"https:\/\/tilk.bio\/fi\/verkkokauppa\/puhdistava-ja-kosteuttava-kasvonaamio-detox-me\/\" \/>\n<meta property=\"og:locale\" content=\"fi_FI\" \/>\n<meta property=\"og:type\" content=\"article\" \/>\n<meta property=\"og:title\" content=\"Detox Me \u2013 syv\u00e4puhdistava ja kosteuttava turvenaamio kasvoille\" \/>\n<meta property=\"og:description\" content=\"Detox Me on syv\u00e4puhdistava naamio, joka vaikuttaa syv\u00e4ll\u00e4 ihon kerroksissa puhdistaen ihon sinne kertyneist\u00e4 toksiineista.\" \/>\n<meta property=\"og:url\" content=\"https:\/\/tilk.bio\/fi\/verkkokauppa\/puhdistava-ja-kosteuttava-kasvonaamio-detox-me\/\" \/>\n<meta property=\"og:site_name\" content=\"Tilk!\" \/>\n<meta property=\"article:publisher\" content=\"https:\/\/www.facebook.com\/tilk.bio\/\" \/>\n<meta property=\"article:modified_time\" content=\"2026-04-09T07:00:09+00:00\" \/>\n<meta property=\"og:image\" content=\"https:\/\/tilk.bio\/wp-content\/uploads\/2019\/11\/mask1.png\" \/>\n\t<meta property=\"og:image:width\" content=\"920\" \/>\n\t<meta property=\"og:image:height\" content=\"1100\" \/>\n\t<meta property=\"og:image:type\" content=\"image\/png\" \/>\n<meta name=\"twitter:card\" content=\"summary_large_image\" \/>\n<meta name=\"twitter:label1\" content=\"Arvioitu lukuaika\" \/>\n\t<meta name=\"twitter:data1\" content=\"1 minuutti\" \/>\n<script type=\"application\/ld+json\" class=\"yoast-schema-graph\">{\"@context\":\"https:\\\/\\\/schema.org\",\"@graph\":[{\"@type\":\"WebPage\",\"@id\":\"https:\\\/\\\/tilk.bio\\\/fi\\\/verkkokauppa\\\/puhdistava-ja-kosteuttava-kasvonaamio-detox-me\\\/\",\"url\":\"https:\\\/\\\/tilk.bio\\\/fi\\\/verkkokauppa\\\/puhdistava-ja-kosteuttava-kasvonaamio-detox-me\\\/\",\"name\":\"Detox Me \u2013 syv\u00e4puhdistava naamio\",\"isPartOf\":{\"@id\":\"https:\\\/\\\/tilk.bio\\\/et\\\/#website\"},\"primaryImageOfPage\":{\"@id\":\"https:\\\/\\\/tilk.bio\\\/fi\\\/verkkokauppa\\\/puhdistava-ja-kosteuttava-kasvonaamio-detox-me\\\/#primaryimage\"},\"image\":{\"@id\":\"https:\\\/\\\/tilk.bio\\\/fi\\\/verkkokauppa\\\/puhdistava-ja-kosteuttava-kasvonaamio-detox-me\\\/#primaryimage\"},\"thumbnailUrl\":\"https:\\\/\\\/tilk.bio\\\/wp-content\\\/uploads\\\/2020\\\/11\\\/detoxme2.jpg\",\"datePublished\":\"2021-11-30T11:28:35+00:00\",\"dateModified\":\"2026-04-09T07:00:09+00:00\",\"description\":\"Detox Me on syv\u00e4puhdistava naamio, joka vaikuttaa syv\u00e4ll\u00e4 ihon kerroksissa puhdistaen ihon sinne kertyneist\u00e4 toksiineista.\",\"breadcrumb\":{\"@id\":\"https:\\\/\\\/tilk.bio\\\/fi\\\/verkkokauppa\\\/puhdistava-ja-kosteuttava-kasvonaamio-detox-me\\\/#breadcrumb\"},\"inLanguage\":\"fi\",\"potentialAction\":[{\"@type\":\"ReadAction\",\"target\":[\"https:\\\/\\\/tilk.bio\\\/fi\\\/verkkokauppa\\\/puhdistava-ja-kosteuttava-kasvonaamio-detox-me\\\/\"]}]},{\"@type\":\"ImageObject\",\"inLanguage\":\"fi\",\"@id\":\"https:\\\/\\\/tilk.bio\\\/fi\\\/verkkokauppa\\\/puhdistava-ja-kosteuttava-kasvonaamio-detox-me\\\/#primaryimage\",\"url\":\"https:\\\/\\\/tilk.bio\\\/wp-content\\\/uploads\\\/2020\\\/11\\\/detoxme2.jpg\",\"contentUrl\":\"https:\\\/\\\/tilk.bio\\\/wp-content\\\/uploads\\\/2020\\\/11\\\/detoxme2.jpg\",\"width\":1200,\"height\":1200,\"caption\":\"tilk! detox me akneravi\"},{\"@type\":\"BreadcrumbList\",\"@id\":\"https:\\\/\\\/tilk.bio\\\/fi\\\/verkkokauppa\\\/puhdistava-ja-kosteuttava-kasvonaamio-detox-me\\\/#breadcrumb\",\"itemListElement\":[{\"@type\":\"ListItem\",\"position\":1,\"name\":\"Home\",\"item\":\"https:\\\/\\\/tilk.bio\\\/fi\\\/\"},{\"@type\":\"ListItem\",\"position\":2,\"name\":\"Verkkokauppa\",\"item\":\"https:\\\/\\\/tilk.bio\\\/fi\\\/verkkokauppa\\\/\"},{\"@type\":\"ListItem\",\"position\":3,\"name\":\"Detox Me \u2013 syv\u00e4puhdistava ja kosteuttava turvenaamio kasvoille\"}]},{\"@type\":\"WebSite\",\"@id\":\"https:\\\/\\\/tilk.bio\\\/et\\\/#website\",\"url\":\"https:\\\/\\\/tilk.bio\\\/et\\\/\",\"name\":\"Tilk!\",\"description\":\"Natural and sustainable skincare!\",\"potentialAction\":[{\"@type\":\"SearchAction\",\"target\":{\"@type\":\"EntryPoint\",\"urlTemplate\":\"https:\\\/\\\/tilk.bio\\\/et\\\/?s={search_term_string}\"},\"query-input\":{\"@type\":\"PropertyValueSpecification\",\"valueRequired\":true,\"valueName\":\"search_term_string\"}}],\"inLanguage\":\"fi\"}]}<\/script>\n<!-- \/ Yoast SEO plugin. -->","yoast_head_json":{"title":"Detox Me \u2013 syv\u00e4puhdistava naamio","description":"Detox Me on syv\u00e4puhdistava naamio, joka vaikuttaa syv\u00e4ll\u00e4 ihon kerroksissa puhdistaen ihon sinne kertyneist\u00e4 toksiineista.","robots":{"index":"index","follow":"follow","max-snippet":"max-snippet:-1","max-image-preview":"max-image-preview:large","max-video-preview":"max-video-preview:-1"},"canonical":"https:\/\/tilk.bio\/fi\/verkkokauppa\/puhdistava-ja-kosteuttava-kasvonaamio-detox-me\/","og_locale":"fi_FI","og_type":"article","og_title":"Detox Me \u2013 syv\u00e4puhdistava ja kosteuttava turvenaamio kasvoille","og_description":"Detox Me on syv\u00e4puhdistava naamio, joka vaikuttaa syv\u00e4ll\u00e4 ihon kerroksissa puhdistaen ihon sinne kertyneist\u00e4 toksiineista.","og_url":"https:\/\/tilk.bio\/fi\/verkkokauppa\/puhdistava-ja-kosteuttava-kasvonaamio-detox-me\/","og_site_name":"Tilk!","article_publisher":"https:\/\/www.facebook.com\/tilk.bio\/","article_modified_time":"2026-04-09T07:00:09+00:00","og_image":[{"width":920,"height":1100,"url":"https:\/\/tilk.bio\/wp-content\/uploads\/2019\/11\/mask1.png","type":"image\/png"}],"twitter_card":"summary_large_image","twitter_misc":{"Arvioitu lukuaika":"1 minuutti"},"schema":{"@context":"https:\/\/schema.org","@graph":[{"@type":"WebPage","@id":"https:\/\/tilk.bio\/fi\/verkkokauppa\/puhdistava-ja-kosteuttava-kasvonaamio-detox-me\/","url":"https:\/\/tilk.bio\/fi\/verkkokauppa\/puhdistava-ja-kosteuttava-kasvonaamio-detox-me\/","name":"Detox Me \u2013 syv\u00e4puhdistava naamio","isPartOf":{"@id":"https:\/\/tilk.bio\/et\/#website"},"primaryImageOfPage":{"@id":"https:\/\/tilk.bio\/fi\/verkkokauppa\/puhdistava-ja-kosteuttava-kasvonaamio-detox-me\/#primaryimage"},"image":{"@id":"https:\/\/tilk.bio\/fi\/verkkokauppa\/puhdistava-ja-kosteuttava-kasvonaamio-detox-me\/#primaryimage"},"thumbnailUrl":"https:\/\/tilk.bio\/wp-content\/uploads\/2020\/11\/detoxme2.jpg","datePublished":"2021-11-30T11:28:35+00:00","dateModified":"2026-04-09T07:00:09+00:00","description":"Detox Me on syv\u00e4puhdistava naamio, joka vaikuttaa syv\u00e4ll\u00e4 ihon kerroksissa puhdistaen ihon sinne kertyneist\u00e4 toksiineista.","breadcrumb":{"@id":"https:\/\/tilk.bio\/fi\/verkkokauppa\/puhdistava-ja-kosteuttava-kasvonaamio-detox-me\/#breadcrumb"},"inLanguage":"fi","potentialAction":[{"@type":"ReadAction","target":["https:\/\/tilk.bio\/fi\/verkkokauppa\/puhdistava-ja-kosteuttava-kasvonaamio-detox-me\/"]}]},{"@type":"ImageObject","inLanguage":"fi","@id":"https:\/\/tilk.bio\/fi\/verkkokauppa\/puhdistava-ja-kosteuttava-kasvonaamio-detox-me\/#primaryimage","url":"https:\/\/tilk.bio\/wp-content\/uploads\/2020\/11\/detoxme2.jpg","contentUrl":"https:\/\/tilk.bio\/wp-content\/uploads\/2020\/11\/detoxme2.jpg","width":1200,"height":1200,"caption":"tilk! detox me akneravi"},{"@type":"BreadcrumbList","@id":"https:\/\/tilk.bio\/fi\/verkkokauppa\/puhdistava-ja-kosteuttava-kasvonaamio-detox-me\/#breadcrumb","itemListElement":[{"@type":"ListItem","position":1,"name":"Home","item":"https:\/\/tilk.bio\/fi\/"},{"@type":"ListItem","position":2,"name":"Verkkokauppa","item":"https:\/\/tilk.bio\/fi\/verkkokauppa\/"},{"@type":"ListItem","position":3,"name":"Detox Me \u2013 syv\u00e4puhdistava ja kosteuttava turvenaamio kasvoille"}]},{"@type":"WebSite","@id":"https:\/\/tilk.bio\/et\/#website","url":"https:\/\/tilk.bio\/et\/","name":"Tilk!","description":"Natural and sustainable skincare!","potentialAction":[{"@type":"SearchAction","target":{"@type":"EntryPoint","urlTemplate":"https:\/\/tilk.bio\/et\/?s={search_term_string}"},"query-input":{"@type":"PropertyValueSpecification","valueRequired":true,"valueName":"search_term_string"}}],"inLanguage":"fi"}]}},"_links":{"self":[{"href":"https:\/\/tilk.bio\/fi\/wp-json\/wp\/v2\/product\/47478","targetHints":{"allow":["GET"]}}],"collection":[{"href":"https:\/\/tilk.bio\/fi\/wp-json\/wp\/v2\/product"}],"about":[{"href":"https:\/\/tilk.bio\/fi\/wp-json\/wp\/v2\/types\/product"}],"replies":[{"embeddable":true,"href":"https:\/\/tilk.bio\/fi\/wp-json\/wp\/v2\/comments?post=47478"}],"wp:featuredmedia":[{"embeddable":true,"href":"https:\/\/tilk.bio\/fi\/wp-json\/wp\/v2\/media\/65012"}],"wp:attachment":[{"href":"https:\/\/tilk.bio\/fi\/wp-json\/wp\/v2\/media?parent=47478"}],"wp:term":[{"taxonomy":"product_brand","embeddable":true,"href":"https:\/\/tilk.bio\/fi\/wp-json\/wp\/v2\/product_brand?post=47478"},{"taxonomy":"product_cat","embeddable":true,"href":"https:\/\/tilk.bio\/fi\/wp-json\/wp\/v2\/product_cat?post=47478"},{"taxonomy":"product_tag","embeddable":true,"href":"https:\/\/tilk.bio\/fi\/wp-json\/wp\/v2\/product_tag?post=47478"}],"curies":[{"name":"wp","href":"https:\/\/api.w.org\/{rel}","templated":true}]}}