{"id":47487,"date":"2019-11-30T14:30:22","date_gmt":"2019-11-30T14:30:22","guid":{"rendered":"https:\/\/tilk.bio\/shop\/rauhoittava-ja-hoitava-kasvooljy-cleanse-me-rasvaiselle-iholle\/"},"modified":"2026-03-09T10:45:05","modified_gmt":"2026-03-09T08:45:05","slug":"rauhoittava-ja-hoitava-kasvooljy-cleanse-me-rasvaiselle-iholle","status":"publish","type":"product","link":"https:\/\/tilk.bio\/fi\/verkkokauppa\/rauhoittava-ja-hoitava-kasvooljy-cleanse-me-rasvaiselle-iholle\/","title":{"rendered":"Cleanse Me \u2013 siank\u00e4rs\u00e4m\u00f6\u00e4 sis\u00e4lt\u00e4v\u00e4 hoitava ja rauhoittava kasvo\u00f6ljy rasvaiselle ja ongelmaiholle"},"content":{"rendered":"<p>Runsaasti vitamiineja ja mineraaleja sis\u00e4lt\u00e4v\u00e4, raikkaan tasapainottava Cleanse Me -kasvo\u00f6ljy ravitsee ja kosteuttaa ihoa antaen sille kauniin hehkun. Lis\u00e4ksi antioksidanttipitoinen \u00f6ljy auttaa pit\u00e4m\u00e4\u00e4n ihon nuorena. Tuote on suunniteltu ennen kaikkea rasvaiselle ja ongelmaiholle.<\/p>\n<p>Runsaasti E-vitamiinia, sinkki\u00e4 sek\u00e4 omega-3- ja omega-5 -rasvahappoja sis\u00e4lt\u00e4v\u00e4t hamppu- ja kurpitsansiemen\u00f6ljyt kosteuttavat ihoa tehden siit\u00e4 kauniin ja raikkaan. Oreganon bioaktiiviset ainesosat hoitavat tulehtunutta ihoa ja lis\u00e4\u00e4v\u00e4t sen puolustuskyky\u00e4. Siank\u00e4rs\u00e4m\u00f6n kukkien sis\u00e4lt\u00e4m\u00e4 kamatsuleeni supistaa ihohuokosia, piparminttu puolestaan raikastaa ihoa. Manteli\u00f6ljy rauhoittaa, pehment\u00e4\u00e4 ja kosteuttaa sek\u00e4 tukee ihon uudistumista. Kasvo\u00f6ljy vilkastuttaa mikroverenkiertoa ja auttaa ihoa puhdistumaan. Teepuu\u00f6ljyn tulehduksia est\u00e4vien ja antibakteeristen ominaisuuksien ansiosta \u00f6ljy sopii my\u00f6s akneihon hoitoon.<\/p>\n<p>K\u00e4ytt\u00f6: Levit\u00e4 puhdistetulle iholle y\u00f6voiteen sijaan pari kertaa viikossa. Poista ylim\u00e4\u00e4r\u00e4inen \u00f6ljy painelemalla ihoa kevyesti kasvopaperilla. Suosittelemme ihonhoitorutiiniin my\u00f6s <a href=\"https:\/\/tilk.bio\/fi\/verkkokauppa\/cleanse-me-kasvovoide-rasvaiselle-iholle\/\">Cleanse Me<\/a>&#8211; tai <a href=\"https:\/\/tilk.bio\/fi\/verkkokauppa\/calm-me-teepuuoljya-sisaltava-kevyt-ja-rauhoittava-paivavoide\/\">Calm Me -kasvovoidetta<\/a>.<\/p>\n<p>Tuotteen kaikki ainesosat ovat luontaista ja vegaanista alkuper\u00e4\u00e4. Tuotteessa on k\u00e4ytetty Saarenmaalta k\u00e4sin poimituista kasveista saatuja \u00f6ljyj\u00e4.<\/p>\n<p>S\u00e4ilytys suoralta p\u00e4iv\u00e4nvalolta suojattuna.<\/p>\n<p>Koko: 5ml<\/p>\n<p><a ref=\"magnificPopup\" href=\"https:\/\/tilk.bio\/wp-content\/uploads\/2018\/08\/package_anim_FIN.gif\">\u00a0 <\/a><a ref=\"magnificPopup\" href=\"https:\/\/tilk.bio\/wp-content\/uploads\/2016\/01\/Vegan_sign-07.png\"><img loading=\"lazy\" decoding=\"async\" class=\"alignnone wp-image-22658\" src=\"https:\/\/tilk.bio\/wp-content\/uploads\/2016\/01\/Vegan_sign-07.png\" alt=\"\" width=\"75\" height=\"75\" srcset=\"https:\/\/tilk.bio\/wp-content\/uploads\/2016\/01\/Vegan_sign-07.png 165w, https:\/\/tilk.bio\/wp-content\/uploads\/2016\/01\/Vegan_sign-07-150x150.png 150w\" sizes=\"auto, (max-width: 75px) 100vw, 75px\" \/><\/a><\/p>\n","protected":false},"excerpt":{"rendered":"<p>Runsaasti vitamiineja ja mineraaleja sis\u00e4lt\u00e4v\u00e4, raikkaan tasapainottava Cleanse Me -kasvo\u00f6ljy ravitsee ja kosteuttaa ihoa antaen sille kauniin hehkun. Lis\u00e4ksi antioksidanttipitoinen \u00f6ljy auttaa pit\u00e4m\u00e4\u00e4n ihon nuorena. Tuote on suunniteltu ennen kaikkea rasvaiselle ja ongelmaiholle. Runsaasti E-vitamiinia, sinkki\u00e4 sek\u00e4 omega-3- ja omega-5 -rasvahappoja sis\u00e4lt\u00e4v\u00e4t hamppu- ja kurpitsansiemen\u00f6ljyt kosteuttavat ihoa tehden siit\u00e4 kauniin ja raikkaan. Oreganon bioaktiiviset ainesosat&#8230;<\/p>\n","protected":false},"featured_media":72056,"comment_status":"open","ping_status":"closed","template":"","meta":{"_acf_changed":false},"product_brand":[],"product_cat":[747,741,501,512,632,627],"product_tag":[739,743,744],"class_list":{"0":"post-47487","1":"product","2":"type-product","3":"status-publish","4":"has-post-thumbnail","6":"product_cat-akne-ja-rasvainen-iho","7":"product_cat-epatasainen-iho","8":"product_cat-kaikki-tuotteet","9":"product_cat-kasvohoito","10":"product_cat-kasvooljyt-seerumit","11":"product_cat-pure-luxury-fi","12":"product_tag-elainkokeeton","13":"product_tag-palmuoljyton","14":"product_tag-vegaaninen","16":"first","17":"instock","18":"taxable","19":"shipping-taxable","20":"purchasable","21":"product-type-simple"},"acf":[],"yoast_head":"<!-- This site is optimized with the Yoast SEO plugin v27.3 - https:\/\/yoast.com\/product\/yoast-seo-wordpress\/ -->\n<title>Cleanse Me \u2013 siank\u00e4rs\u00e4m\u00f6\u00e4 sis\u00e4lt\u00e4v\u00e4 hoitava ja rauhoittava kasvo\u00f6ljy rasvaiselle ja ongelmaiholle - Tilk!<\/title>\n<meta name=\"robots\" content=\"index, follow, max-snippet:-1, max-image-preview:large, max-video-preview:-1\" \/>\n<link rel=\"canonical\" href=\"https:\/\/tilk.bio\/fi\/verkkokauppa\/rauhoittava-ja-hoitava-kasvooljy-cleanse-me-rasvaiselle-iholle\/\" \/>\n<meta property=\"og:locale\" content=\"fi_FI\" \/>\n<meta property=\"og:type\" content=\"article\" \/>\n<meta property=\"og:title\" content=\"Cleanse Me \u2013 hoitava ja rauhoittava kasvo\u00f6ljy rasvaiselle ja ongelmaiholle\" \/>\n<meta property=\"og:description\" content=\"Runsaasti vitamiineja ja mineraaleja sis\u00e4lt\u00e4v\u00e4, raikkaan tasapainottava Cleanse Me -kasvo\u00f6ljy ravitsee ja kosteuttaa ihoa antaen sille kauniin hehkun. Lis\u00e4ksi antioksidanttipitoinen \u00f6ljy auttaa pit\u00e4m\u00e4\u00e4n ihon nuorena. Tuote on suunniteltu ennen kaikkea rasvaiselle ja ongelmaiholle. Runsaasti E-vitamiinia, sinkki\u00e4 sek\u00e4 omega-3- ja omega-5 -rasvahappoja sis\u00e4lt\u00e4v\u00e4t hamppu- ja kurpitsansiemen\u00f6ljyt kosteuttavat ihoa tehden siit\u00e4 kauniin ja raikkaan. Oreganon bioaktiiviset ainesosat...\" \/>\n<meta property=\"og:url\" content=\"https:\/\/tilk.bio\/fi\/verkkokauppa\/rauhoittava-ja-hoitava-kasvooljy-cleanse-me-rasvaiselle-iholle\/\" \/>\n<meta property=\"og:site_name\" content=\"Tilk!\" \/>\n<meta property=\"article:publisher\" content=\"https:\/\/www.facebook.com\/tilk.bio\/\" \/>\n<meta property=\"article:modified_time\" content=\"2026-03-09T08:45:05+00:00\" \/>\n<meta property=\"og:image\" content=\"https:\/\/tilk.bio\/wp-content\/uploads\/2019\/11\/cleanse-o\u0303li.png\" \/>\n\t<meta property=\"og:image:width\" content=\"920\" \/>\n\t<meta property=\"og:image:height\" content=\"1100\" \/>\n\t<meta property=\"og:image:type\" content=\"image\/png\" \/>\n<meta name=\"twitter:card\" content=\"summary_large_image\" \/>\n<meta name=\"twitter:label1\" content=\"Arvioitu lukuaika\" \/>\n\t<meta name=\"twitter:data1\" content=\"1 minuutti\" \/>\n<script type=\"application\/ld+json\" class=\"yoast-schema-graph\">{\"@context\":\"https:\\\/\\\/schema.org\",\"@graph\":[{\"@type\":\"WebPage\",\"@id\":\"https:\\\/\\\/tilk.bio\\\/fi\\\/verkkokauppa\\\/rauhoittava-ja-hoitava-kasvooljy-cleanse-me-rasvaiselle-iholle\\\/\",\"url\":\"https:\\\/\\\/tilk.bio\\\/fi\\\/verkkokauppa\\\/rauhoittava-ja-hoitava-kasvooljy-cleanse-me-rasvaiselle-iholle\\\/\",\"name\":\"Cleanse Me \u2013 siank\u00e4rs\u00e4m\u00f6\u00e4 sis\u00e4lt\u00e4v\u00e4 hoitava ja rauhoittava kasvo\u00f6ljy rasvaiselle ja ongelmaiholle - Tilk!\",\"isPartOf\":{\"@id\":\"https:\\\/\\\/tilk.bio\\\/et\\\/#website\"},\"primaryImageOfPage\":{\"@id\":\"https:\\\/\\\/tilk.bio\\\/fi\\\/verkkokauppa\\\/rauhoittava-ja-hoitava-kasvooljy-cleanse-me-rasvaiselle-iholle\\\/#primaryimage\"},\"image\":{\"@id\":\"https:\\\/\\\/tilk.bio\\\/fi\\\/verkkokauppa\\\/rauhoittava-ja-hoitava-kasvooljy-cleanse-me-rasvaiselle-iholle\\\/#primaryimage\"},\"thumbnailUrl\":\"https:\\\/\\\/tilk.bio\\\/wp-content\\\/uploads\\\/2019\\\/11\\\/1-3.jpg\",\"datePublished\":\"2019-11-30T14:30:22+00:00\",\"dateModified\":\"2026-03-09T08:45:05+00:00\",\"breadcrumb\":{\"@id\":\"https:\\\/\\\/tilk.bio\\\/fi\\\/verkkokauppa\\\/rauhoittava-ja-hoitava-kasvooljy-cleanse-me-rasvaiselle-iholle\\\/#breadcrumb\"},\"inLanguage\":\"fi\",\"potentialAction\":[{\"@type\":\"ReadAction\",\"target\":[\"https:\\\/\\\/tilk.bio\\\/fi\\\/verkkokauppa\\\/rauhoittava-ja-hoitava-kasvooljy-cleanse-me-rasvaiselle-iholle\\\/\"]}]},{\"@type\":\"ImageObject\",\"inLanguage\":\"fi\",\"@id\":\"https:\\\/\\\/tilk.bio\\\/fi\\\/verkkokauppa\\\/rauhoittava-ja-hoitava-kasvooljy-cleanse-me-rasvaiselle-iholle\\\/#primaryimage\",\"url\":\"https:\\\/\\\/tilk.bio\\\/wp-content\\\/uploads\\\/2019\\\/11\\\/1-3.jpg\",\"contentUrl\":\"https:\\\/\\\/tilk.bio\\\/wp-content\\\/uploads\\\/2019\\\/11\\\/1-3.jpg\",\"width\":1080,\"height\":1080},{\"@type\":\"BreadcrumbList\",\"@id\":\"https:\\\/\\\/tilk.bio\\\/fi\\\/verkkokauppa\\\/rauhoittava-ja-hoitava-kasvooljy-cleanse-me-rasvaiselle-iholle\\\/#breadcrumb\",\"itemListElement\":[{\"@type\":\"ListItem\",\"position\":1,\"name\":\"Home\",\"item\":\"https:\\\/\\\/tilk.bio\\\/fi\\\/\"},{\"@type\":\"ListItem\",\"position\":2,\"name\":\"Verkkokauppa\",\"item\":\"https:\\\/\\\/tilk.bio\\\/fi\\\/verkkokauppa\\\/\"},{\"@type\":\"ListItem\",\"position\":3,\"name\":\"Cleanse Me \u2013 siank\u00e4rs\u00e4m\u00f6\u00e4 sis\u00e4lt\u00e4v\u00e4 hoitava ja rauhoittava kasvo\u00f6ljy rasvaiselle ja ongelmaiholle\"}]},{\"@type\":\"WebSite\",\"@id\":\"https:\\\/\\\/tilk.bio\\\/et\\\/#website\",\"url\":\"https:\\\/\\\/tilk.bio\\\/et\\\/\",\"name\":\"Tilk!\",\"description\":\"Natural and sustainable skincare!\",\"potentialAction\":[{\"@type\":\"SearchAction\",\"target\":{\"@type\":\"EntryPoint\",\"urlTemplate\":\"https:\\\/\\\/tilk.bio\\\/et\\\/?s={search_term_string}\"},\"query-input\":{\"@type\":\"PropertyValueSpecification\",\"valueRequired\":true,\"valueName\":\"search_term_string\"}}],\"inLanguage\":\"fi\"}]}<\/script>\n<!-- \/ Yoast SEO plugin. -->","yoast_head_json":{"title":"Cleanse Me \u2013 siank\u00e4rs\u00e4m\u00f6\u00e4 sis\u00e4lt\u00e4v\u00e4 hoitava ja rauhoittava kasvo\u00f6ljy rasvaiselle ja ongelmaiholle - Tilk!","robots":{"index":"index","follow":"follow","max-snippet":"max-snippet:-1","max-image-preview":"max-image-preview:large","max-video-preview":"max-video-preview:-1"},"canonical":"https:\/\/tilk.bio\/fi\/verkkokauppa\/rauhoittava-ja-hoitava-kasvooljy-cleanse-me-rasvaiselle-iholle\/","og_locale":"fi_FI","og_type":"article","og_title":"Cleanse Me \u2013 hoitava ja rauhoittava kasvo\u00f6ljy rasvaiselle ja ongelmaiholle","og_description":"Runsaasti vitamiineja ja mineraaleja sis\u00e4lt\u00e4v\u00e4, raikkaan tasapainottava Cleanse Me -kasvo\u00f6ljy ravitsee ja kosteuttaa ihoa antaen sille kauniin hehkun. Lis\u00e4ksi antioksidanttipitoinen \u00f6ljy auttaa pit\u00e4m\u00e4\u00e4n ihon nuorena. Tuote on suunniteltu ennen kaikkea rasvaiselle ja ongelmaiholle. Runsaasti E-vitamiinia, sinkki\u00e4 sek\u00e4 omega-3- ja omega-5 -rasvahappoja sis\u00e4lt\u00e4v\u00e4t hamppu- ja kurpitsansiemen\u00f6ljyt kosteuttavat ihoa tehden siit\u00e4 kauniin ja raikkaan. Oreganon bioaktiiviset ainesosat...","og_url":"https:\/\/tilk.bio\/fi\/verkkokauppa\/rauhoittava-ja-hoitava-kasvooljy-cleanse-me-rasvaiselle-iholle\/","og_site_name":"Tilk!","article_publisher":"https:\/\/www.facebook.com\/tilk.bio\/","article_modified_time":"2026-03-09T08:45:05+00:00","og_image":[{"width":920,"height":1100,"url":"https:\/\/tilk.bio\/wp-content\/uploads\/2019\/11\/cleanse-o\u0303li.png","type":"image\/png"}],"twitter_card":"summary_large_image","twitter_misc":{"Arvioitu lukuaika":"1 minuutti"},"schema":{"@context":"https:\/\/schema.org","@graph":[{"@type":"WebPage","@id":"https:\/\/tilk.bio\/fi\/verkkokauppa\/rauhoittava-ja-hoitava-kasvooljy-cleanse-me-rasvaiselle-iholle\/","url":"https:\/\/tilk.bio\/fi\/verkkokauppa\/rauhoittava-ja-hoitava-kasvooljy-cleanse-me-rasvaiselle-iholle\/","name":"Cleanse Me \u2013 siank\u00e4rs\u00e4m\u00f6\u00e4 sis\u00e4lt\u00e4v\u00e4 hoitava ja rauhoittava kasvo\u00f6ljy rasvaiselle ja ongelmaiholle - Tilk!","isPartOf":{"@id":"https:\/\/tilk.bio\/et\/#website"},"primaryImageOfPage":{"@id":"https:\/\/tilk.bio\/fi\/verkkokauppa\/rauhoittava-ja-hoitava-kasvooljy-cleanse-me-rasvaiselle-iholle\/#primaryimage"},"image":{"@id":"https:\/\/tilk.bio\/fi\/verkkokauppa\/rauhoittava-ja-hoitava-kasvooljy-cleanse-me-rasvaiselle-iholle\/#primaryimage"},"thumbnailUrl":"https:\/\/tilk.bio\/wp-content\/uploads\/2019\/11\/1-3.jpg","datePublished":"2019-11-30T14:30:22+00:00","dateModified":"2026-03-09T08:45:05+00:00","breadcrumb":{"@id":"https:\/\/tilk.bio\/fi\/verkkokauppa\/rauhoittava-ja-hoitava-kasvooljy-cleanse-me-rasvaiselle-iholle\/#breadcrumb"},"inLanguage":"fi","potentialAction":[{"@type":"ReadAction","target":["https:\/\/tilk.bio\/fi\/verkkokauppa\/rauhoittava-ja-hoitava-kasvooljy-cleanse-me-rasvaiselle-iholle\/"]}]},{"@type":"ImageObject","inLanguage":"fi","@id":"https:\/\/tilk.bio\/fi\/verkkokauppa\/rauhoittava-ja-hoitava-kasvooljy-cleanse-me-rasvaiselle-iholle\/#primaryimage","url":"https:\/\/tilk.bio\/wp-content\/uploads\/2019\/11\/1-3.jpg","contentUrl":"https:\/\/tilk.bio\/wp-content\/uploads\/2019\/11\/1-3.jpg","width":1080,"height":1080},{"@type":"BreadcrumbList","@id":"https:\/\/tilk.bio\/fi\/verkkokauppa\/rauhoittava-ja-hoitava-kasvooljy-cleanse-me-rasvaiselle-iholle\/#breadcrumb","itemListElement":[{"@type":"ListItem","position":1,"name":"Home","item":"https:\/\/tilk.bio\/fi\/"},{"@type":"ListItem","position":2,"name":"Verkkokauppa","item":"https:\/\/tilk.bio\/fi\/verkkokauppa\/"},{"@type":"ListItem","position":3,"name":"Cleanse Me \u2013 siank\u00e4rs\u00e4m\u00f6\u00e4 sis\u00e4lt\u00e4v\u00e4 hoitava ja rauhoittava kasvo\u00f6ljy rasvaiselle ja ongelmaiholle"}]},{"@type":"WebSite","@id":"https:\/\/tilk.bio\/et\/#website","url":"https:\/\/tilk.bio\/et\/","name":"Tilk!","description":"Natural and sustainable skincare!","potentialAction":[{"@type":"SearchAction","target":{"@type":"EntryPoint","urlTemplate":"https:\/\/tilk.bio\/et\/?s={search_term_string}"},"query-input":{"@type":"PropertyValueSpecification","valueRequired":true,"valueName":"search_term_string"}}],"inLanguage":"fi"}]}},"_links":{"self":[{"href":"https:\/\/tilk.bio\/fi\/wp-json\/wp\/v2\/product\/47487","targetHints":{"allow":["GET"]}}],"collection":[{"href":"https:\/\/tilk.bio\/fi\/wp-json\/wp\/v2\/product"}],"about":[{"href":"https:\/\/tilk.bio\/fi\/wp-json\/wp\/v2\/types\/product"}],"replies":[{"embeddable":true,"href":"https:\/\/tilk.bio\/fi\/wp-json\/wp\/v2\/comments?post=47487"}],"wp:featuredmedia":[{"embeddable":true,"href":"https:\/\/tilk.bio\/fi\/wp-json\/wp\/v2\/media\/72056"}],"wp:attachment":[{"href":"https:\/\/tilk.bio\/fi\/wp-json\/wp\/v2\/media?parent=47487"}],"wp:term":[{"taxonomy":"product_brand","embeddable":true,"href":"https:\/\/tilk.bio\/fi\/wp-json\/wp\/v2\/product_brand?post=47487"},{"taxonomy":"product_cat","embeddable":true,"href":"https:\/\/tilk.bio\/fi\/wp-json\/wp\/v2\/product_cat?post=47487"},{"taxonomy":"product_tag","embeddable":true,"href":"https:\/\/tilk.bio\/fi\/wp-json\/wp\/v2\/product_tag?post=47487"}],"curies":[{"name":"wp","href":"https:\/\/api.w.org\/{rel}","templated":true}]}}