{"id":47492,"date":"2019-11-30T14:07:21","date_gmt":"2019-11-30T14:07:21","guid":{"rendered":"https:\/\/tilk.bio\/shop\/ravitseva-kasvooljy-kuivalle-iholle-spoon-me\/"},"modified":"2026-04-14T16:30:16","modified_gmt":"2026-04-14T13:30:16","slug":"ravitseva-kasvooljy-kuivalle-iholle-spoon-me","status":"publish","type":"product","link":"https:\/\/tilk.bio\/fi\/verkkokauppa\/ravitseva-kasvooljy-kuivalle-iholle-spoon-me\/","title":{"rendered":"Spoon Me \u2013 runsas ja ravitseva anti-age -vitamiini\u00f6ljy kuiville kasvoille"},"content":{"rendered":"<p>PALKITUSTI PARAS<\/p>\n<p>Runsas ja ravitseva Spoon Me -vitamiini\u00f6ljy on ihanteellinen kumppani kuivalle iholle. Kasvo\u00f6ljyn kosteuttavat ja ravitsevat ainesosat antavat iholle elinvoimaa ja hohdetta. Ihon ik\u00e4\u00e4ntymist\u00e4 est\u00e4v\u00e4 \u00f6ljy auttaa ihoa uudistumaan, taistelee vapaita radikaaleja vastaan sek\u00e4 auttaa tekem\u00e4\u00e4n ihosta nuorekkaamman ja kirkkaamman.<\/p>\n<p>Ylellinen jojoba\u00f6ljy kosteuttaa ihoa ja ravitsee sit\u00e4 vitamiineilla. Ruusunsiemen- ja vehn\u00e4nalkio\u00f6ljyjen bioaktiiviset ainesosat elvytt\u00e4v\u00e4t, vahvistavat ja uudistavat ihoa. Niiden antioksidantit my\u00f6s parantavat ihon rakennetta muuttaen sen pehme\u00e4ksi ja kimmoisaksi. Lis\u00e4ksi ruusu ennaltaehk\u00e4isee pigmenttil\u00e4iskien synty\u00e4.<\/p>\n<p>Avokado\u00f6ljy vilkastaa kollageenin tuotantoa ja suojaa ihoa tehokkaasti. Ruusunsiemen\u00f6ljyn rasvahapot ja A-vitamiini parantavat ihon rakennetta ja tukevat solujen uudistumista. Kookos\u00f6ljy tekee ihosta kauniin ja silkinpehme\u00e4n. Keh\u00e4kukan, kamomillan ja kev\u00e4tesikon bioaktiiviset ainesosat rauhoittavat kuivaa ihoa lis\u00e4ten sen luontaista hehkua.<\/p>\n<p><strong>K\u00e4ytt\u00f6:<\/strong> K\u00e4yt\u00e4 yhdess\u00e4 p\u00e4iv\u00e4- ja y\u00f6voiteen kanssa. Poista ylim\u00e4\u00e4r\u00e4inen \u00f6ljy painelemalla ihoa kevyesti kasvopaperilla.<\/p>\n<p>Tuotteen kaikki ainesosat ovat luontaista ja vegaanista alkuper\u00e4\u00e4. Tuotteessa on k\u00e4ytetty Saarenmaalta k\u00e4sin poimituista kasveista saatuja \u00f6ljyj\u00e4.<\/p>\n<p>S\u00e4ilytys suoralta p\u00e4iv\u00e4nvalolta suojattuna.<\/p>\n<p>Koko: 5ml<\/p>\n<p><a ref=\"magnificPopup\" href=\"https:\/\/tilk.bio\/wp-content\/uploads\/2018\/08\/package_anim_FIN.gif\"><img loading=\"lazy\" decoding=\"async\" class=\"alignnone wp-image-23966\" src=\"https:\/\/tilk.bio\/wp-content\/uploads\/2018\/08\/package_anim_FIN.gif\" alt=\"\" width=\"123\" height=\"98\" \/><\/a><a ref=\"magnificPopup\" href=\"https:\/\/tilk.bio\/wp-content\/uploads\/2016\/01\/Vegan_sign-07.png\"> \u00a0 <img loading=\"lazy\" decoding=\"async\" class=\"alignnone wp-image-22658\" src=\"https:\/\/tilk.bio\/wp-content\/uploads\/2016\/01\/Vegan_sign-07.png\" alt=\"\" width=\"110\" height=\"110\" srcset=\"https:\/\/tilk.bio\/wp-content\/uploads\/2016\/01\/Vegan_sign-07.png 165w, https:\/\/tilk.bio\/wp-content\/uploads\/2016\/01\/Vegan_sign-07-150x150.png 150w\" sizes=\"auto, (max-width: 110px) 100vw, 110px\" \/><\/a><\/p>\n","protected":false},"excerpt":{"rendered":"<p>PALKITUSTI PARAS Runsas ja ravitseva Spoon Me -vitamiini\u00f6ljy on ihanteellinen kumppani kuivalle iholle. Kasvo\u00f6ljyn kosteuttavat ja ravitsevat ainesosat antavat iholle elinvoimaa ja hohdetta. Ihon ik\u00e4\u00e4ntymist\u00e4 est\u00e4v\u00e4 \u00f6ljy auttaa ihoa uudistumaan, taistelee vapaita radikaaleja vastaan sek\u00e4 auttaa tekem\u00e4\u00e4n ihosta nuorekkaamman ja kirkkaamman. Ylellinen jojoba\u00f6ljy kosteuttaa ihoa ja ravitsee sit\u00e4 vitamiineilla. Ruusunsiemen- ja vehn\u00e4nalkio\u00f6ljyjen bioaktiiviset ainesosat elvytt\u00e4v\u00e4t,&#8230;<\/p>\n","protected":false},"featured_media":69334,"comment_status":"open","ping_status":"closed","template":"","meta":{"_acf_changed":false},"product_brand":[],"product_cat":[966,741,740,501,512,632,737,502,627],"product_tag":[],"class_list":{"0":"post-47492","1":"product","2":"type-product","3":"status-publish","4":"has-post-thumbnail","6":"product_cat-clearance-sale-fi","7":"product_cat-epatasainen-iho","8":"product_cat-ikaantyva-iho","9":"product_cat-kaikki-tuotteet","10":"product_cat-kasvohoito","11":"product_cat-kasvooljyt-seerumit","12":"product_cat-kuiva-iho","13":"product_cat-myydyimmat","14":"product_cat-pure-luxury-fi","16":"first","17":"onbackorder","18":"sale","19":"taxable","20":"shipping-taxable","21":"purchasable","22":"product-type-variable"},"acf":[],"yoast_head":"<!-- This site is optimized with the Yoast SEO plugin v27.3 - https:\/\/yoast.com\/product\/yoast-seo-wordpress\/ -->\n<title>Spoon Me \u2013 runsas ja ravitseva anti-age -vitamiini\u00f6ljy kuiville kasvoille - Tilk!<\/title>\n<meta name=\"robots\" content=\"index, follow, max-snippet:-1, max-image-preview:large, max-video-preview:-1\" \/>\n<link rel=\"canonical\" href=\"https:\/\/tilk.bio\/fi\/verkkokauppa\/ravitseva-kasvooljy-kuivalle-iholle-spoon-me\/\" \/>\n<meta property=\"og:locale\" content=\"fi_FI\" \/>\n<meta property=\"og:type\" content=\"article\" \/>\n<meta property=\"og:title\" content=\"Spoon Me \u2013 runsas ja ravitseva anti-age -vitamiini\u00f6ljy kuiville kasvoille\" \/>\n<meta property=\"og:description\" content=\"PALKITUSTI PARAS Runsas ja ravitseva Spoon Me -vitamiini\u00f6ljy on ihanteellinen kumppani kuivalle iholle. Kasvo\u00f6ljyn kosteuttavat ja ravitsevat ainesosat antavat iholle elinvoimaa ja hohdetta. Ihon ik\u00e4\u00e4ntymist\u00e4 est\u00e4v\u00e4 \u00f6ljy auttaa ihoa uudistumaan, taistelee vapaita radikaaleja vastaan sek\u00e4 auttaa tekem\u00e4\u00e4n ihosta nuorekkaamman ja kirkkaamman. Ylellinen jojoba\u00f6ljy kosteuttaa ihoa ja ravitsee sit\u00e4 vitamiineilla. Ruusunsiemen- ja vehn\u00e4nalkio\u00f6ljyjen bioaktiiviset ainesosat elvytt\u00e4v\u00e4t,...\" \/>\n<meta property=\"og:url\" content=\"https:\/\/tilk.bio\/fi\/verkkokauppa\/ravitseva-kasvooljy-kuivalle-iholle-spoon-me\/\" \/>\n<meta property=\"og:site_name\" content=\"Tilk!\" \/>\n<meta property=\"article:publisher\" content=\"https:\/\/www.facebook.com\/tilk.bio\/\" \/>\n<meta property=\"article:modified_time\" content=\"2026-04-14T13:30:16+00:00\" \/>\n<meta property=\"og:image\" content=\"https:\/\/tilk.bio\/wp-content\/uploads\/2019\/11\/spooon1200.png\" \/>\n\t<meta property=\"og:image:width\" content=\"1200\" \/>\n\t<meta property=\"og:image:height\" content=\"628\" \/>\n\t<meta property=\"og:image:type\" content=\"image\/png\" \/>\n<meta name=\"twitter:card\" content=\"summary_large_image\" \/>\n<meta name=\"twitter:label1\" content=\"Arvioitu lukuaika\" \/>\n\t<meta name=\"twitter:data1\" content=\"1 minuutti\" \/>\n<script type=\"application\/ld+json\" class=\"yoast-schema-graph\">{\"@context\":\"https:\\\/\\\/schema.org\",\"@graph\":[{\"@type\":\"WebPage\",\"@id\":\"https:\\\/\\\/tilk.bio\\\/fi\\\/verkkokauppa\\\/ravitseva-kasvooljy-kuivalle-iholle-spoon-me\\\/\",\"url\":\"https:\\\/\\\/tilk.bio\\\/fi\\\/verkkokauppa\\\/ravitseva-kasvooljy-kuivalle-iholle-spoon-me\\\/\",\"name\":\"Spoon Me \u2013 runsas ja ravitseva anti-age -vitamiini\u00f6ljy kuiville kasvoille - Tilk!\",\"isPartOf\":{\"@id\":\"https:\\\/\\\/tilk.bio\\\/et\\\/#website\"},\"primaryImageOfPage\":{\"@id\":\"https:\\\/\\\/tilk.bio\\\/fi\\\/verkkokauppa\\\/ravitseva-kasvooljy-kuivalle-iholle-spoon-me\\\/#primaryimage\"},\"image\":{\"@id\":\"https:\\\/\\\/tilk.bio\\\/fi\\\/verkkokauppa\\\/ravitseva-kasvooljy-kuivalle-iholle-spoon-me\\\/#primaryimage\"},\"thumbnailUrl\":\"https:\\\/\\\/tilk.bio\\\/wp-content\\\/uploads\\\/2019\\\/11\\\/Untitled-design-2.jpg\",\"datePublished\":\"2019-11-30T14:07:21+00:00\",\"dateModified\":\"2026-04-14T13:30:16+00:00\",\"breadcrumb\":{\"@id\":\"https:\\\/\\\/tilk.bio\\\/fi\\\/verkkokauppa\\\/ravitseva-kasvooljy-kuivalle-iholle-spoon-me\\\/#breadcrumb\"},\"inLanguage\":\"fi\",\"potentialAction\":[{\"@type\":\"ReadAction\",\"target\":[\"https:\\\/\\\/tilk.bio\\\/fi\\\/verkkokauppa\\\/ravitseva-kasvooljy-kuivalle-iholle-spoon-me\\\/\"]}]},{\"@type\":\"ImageObject\",\"inLanguage\":\"fi\",\"@id\":\"https:\\\/\\\/tilk.bio\\\/fi\\\/verkkokauppa\\\/ravitseva-kasvooljy-kuivalle-iholle-spoon-me\\\/#primaryimage\",\"url\":\"https:\\\/\\\/tilk.bio\\\/wp-content\\\/uploads\\\/2019\\\/11\\\/Untitled-design-2.jpg\",\"contentUrl\":\"https:\\\/\\\/tilk.bio\\\/wp-content\\\/uploads\\\/2019\\\/11\\\/Untitled-design-2.jpg\",\"width\":1200,\"height\":1200,\"caption\":\"n\u00e4o\u00f5li\"},{\"@type\":\"BreadcrumbList\",\"@id\":\"https:\\\/\\\/tilk.bio\\\/fi\\\/verkkokauppa\\\/ravitseva-kasvooljy-kuivalle-iholle-spoon-me\\\/#breadcrumb\",\"itemListElement\":[{\"@type\":\"ListItem\",\"position\":1,\"name\":\"Home\",\"item\":\"https:\\\/\\\/tilk.bio\\\/fi\\\/\"},{\"@type\":\"ListItem\",\"position\":2,\"name\":\"Verkkokauppa\",\"item\":\"https:\\\/\\\/tilk.bio\\\/fi\\\/verkkokauppa\\\/\"},{\"@type\":\"ListItem\",\"position\":3,\"name\":\"Spoon Me \u2013 runsas ja ravitseva anti-age -vitamiini\u00f6ljy kuiville kasvoille\"}]},{\"@type\":\"WebSite\",\"@id\":\"https:\\\/\\\/tilk.bio\\\/et\\\/#website\",\"url\":\"https:\\\/\\\/tilk.bio\\\/et\\\/\",\"name\":\"Tilk!\",\"description\":\"Natural and sustainable skincare!\",\"potentialAction\":[{\"@type\":\"SearchAction\",\"target\":{\"@type\":\"EntryPoint\",\"urlTemplate\":\"https:\\\/\\\/tilk.bio\\\/et\\\/?s={search_term_string}\"},\"query-input\":{\"@type\":\"PropertyValueSpecification\",\"valueRequired\":true,\"valueName\":\"search_term_string\"}}],\"inLanguage\":\"fi\"}]}<\/script>\n<!-- \/ Yoast SEO plugin. -->","yoast_head_json":{"title":"Spoon Me \u2013 runsas ja ravitseva anti-age -vitamiini\u00f6ljy kuiville kasvoille - Tilk!","robots":{"index":"index","follow":"follow","max-snippet":"max-snippet:-1","max-image-preview":"max-image-preview:large","max-video-preview":"max-video-preview:-1"},"canonical":"https:\/\/tilk.bio\/fi\/verkkokauppa\/ravitseva-kasvooljy-kuivalle-iholle-spoon-me\/","og_locale":"fi_FI","og_type":"article","og_title":"Spoon Me \u2013 runsas ja ravitseva anti-age -vitamiini\u00f6ljy kuiville kasvoille","og_description":"PALKITUSTI PARAS Runsas ja ravitseva Spoon Me -vitamiini\u00f6ljy on ihanteellinen kumppani kuivalle iholle. Kasvo\u00f6ljyn kosteuttavat ja ravitsevat ainesosat antavat iholle elinvoimaa ja hohdetta. Ihon ik\u00e4\u00e4ntymist\u00e4 est\u00e4v\u00e4 \u00f6ljy auttaa ihoa uudistumaan, taistelee vapaita radikaaleja vastaan sek\u00e4 auttaa tekem\u00e4\u00e4n ihosta nuorekkaamman ja kirkkaamman. Ylellinen jojoba\u00f6ljy kosteuttaa ihoa ja ravitsee sit\u00e4 vitamiineilla. Ruusunsiemen- ja vehn\u00e4nalkio\u00f6ljyjen bioaktiiviset ainesosat elvytt\u00e4v\u00e4t,...","og_url":"https:\/\/tilk.bio\/fi\/verkkokauppa\/ravitseva-kasvooljy-kuivalle-iholle-spoon-me\/","og_site_name":"Tilk!","article_publisher":"https:\/\/www.facebook.com\/tilk.bio\/","article_modified_time":"2026-04-14T13:30:16+00:00","og_image":[{"width":1200,"height":628,"url":"https:\/\/tilk.bio\/wp-content\/uploads\/2019\/11\/spooon1200.png","type":"image\/png"}],"twitter_card":"summary_large_image","twitter_misc":{"Arvioitu lukuaika":"1 minuutti"},"schema":{"@context":"https:\/\/schema.org","@graph":[{"@type":"WebPage","@id":"https:\/\/tilk.bio\/fi\/verkkokauppa\/ravitseva-kasvooljy-kuivalle-iholle-spoon-me\/","url":"https:\/\/tilk.bio\/fi\/verkkokauppa\/ravitseva-kasvooljy-kuivalle-iholle-spoon-me\/","name":"Spoon Me \u2013 runsas ja ravitseva anti-age -vitamiini\u00f6ljy kuiville kasvoille - Tilk!","isPartOf":{"@id":"https:\/\/tilk.bio\/et\/#website"},"primaryImageOfPage":{"@id":"https:\/\/tilk.bio\/fi\/verkkokauppa\/ravitseva-kasvooljy-kuivalle-iholle-spoon-me\/#primaryimage"},"image":{"@id":"https:\/\/tilk.bio\/fi\/verkkokauppa\/ravitseva-kasvooljy-kuivalle-iholle-spoon-me\/#primaryimage"},"thumbnailUrl":"https:\/\/tilk.bio\/wp-content\/uploads\/2019\/11\/Untitled-design-2.jpg","datePublished":"2019-11-30T14:07:21+00:00","dateModified":"2026-04-14T13:30:16+00:00","breadcrumb":{"@id":"https:\/\/tilk.bio\/fi\/verkkokauppa\/ravitseva-kasvooljy-kuivalle-iholle-spoon-me\/#breadcrumb"},"inLanguage":"fi","potentialAction":[{"@type":"ReadAction","target":["https:\/\/tilk.bio\/fi\/verkkokauppa\/ravitseva-kasvooljy-kuivalle-iholle-spoon-me\/"]}]},{"@type":"ImageObject","inLanguage":"fi","@id":"https:\/\/tilk.bio\/fi\/verkkokauppa\/ravitseva-kasvooljy-kuivalle-iholle-spoon-me\/#primaryimage","url":"https:\/\/tilk.bio\/wp-content\/uploads\/2019\/11\/Untitled-design-2.jpg","contentUrl":"https:\/\/tilk.bio\/wp-content\/uploads\/2019\/11\/Untitled-design-2.jpg","width":1200,"height":1200,"caption":"n\u00e4o\u00f5li"},{"@type":"BreadcrumbList","@id":"https:\/\/tilk.bio\/fi\/verkkokauppa\/ravitseva-kasvooljy-kuivalle-iholle-spoon-me\/#breadcrumb","itemListElement":[{"@type":"ListItem","position":1,"name":"Home","item":"https:\/\/tilk.bio\/fi\/"},{"@type":"ListItem","position":2,"name":"Verkkokauppa","item":"https:\/\/tilk.bio\/fi\/verkkokauppa\/"},{"@type":"ListItem","position":3,"name":"Spoon Me \u2013 runsas ja ravitseva anti-age -vitamiini\u00f6ljy kuiville kasvoille"}]},{"@type":"WebSite","@id":"https:\/\/tilk.bio\/et\/#website","url":"https:\/\/tilk.bio\/et\/","name":"Tilk!","description":"Natural and sustainable skincare!","potentialAction":[{"@type":"SearchAction","target":{"@type":"EntryPoint","urlTemplate":"https:\/\/tilk.bio\/et\/?s={search_term_string}"},"query-input":{"@type":"PropertyValueSpecification","valueRequired":true,"valueName":"search_term_string"}}],"inLanguage":"fi"}]}},"_links":{"self":[{"href":"https:\/\/tilk.bio\/fi\/wp-json\/wp\/v2\/product\/47492","targetHints":{"allow":["GET"]}}],"collection":[{"href":"https:\/\/tilk.bio\/fi\/wp-json\/wp\/v2\/product"}],"about":[{"href":"https:\/\/tilk.bio\/fi\/wp-json\/wp\/v2\/types\/product"}],"replies":[{"embeddable":true,"href":"https:\/\/tilk.bio\/fi\/wp-json\/wp\/v2\/comments?post=47492"}],"wp:featuredmedia":[{"embeddable":true,"href":"https:\/\/tilk.bio\/fi\/wp-json\/wp\/v2\/media\/69334"}],"wp:attachment":[{"href":"https:\/\/tilk.bio\/fi\/wp-json\/wp\/v2\/media?parent=47492"}],"wp:term":[{"taxonomy":"product_brand","embeddable":true,"href":"https:\/\/tilk.bio\/fi\/wp-json\/wp\/v2\/product_brand?post=47492"},{"taxonomy":"product_cat","embeddable":true,"href":"https:\/\/tilk.bio\/fi\/wp-json\/wp\/v2\/product_cat?post=47492"},{"taxonomy":"product_tag","embeddable":true,"href":"https:\/\/tilk.bio\/fi\/wp-json\/wp\/v2\/product_tag?post=47492"}],"curies":[{"name":"wp","href":"https:\/\/api.w.org\/{rel}","templated":true}]}}