{"id":47498,"date":"2019-11-30T14:50:35","date_gmt":"2019-11-30T14:50:35","guid":{"rendered":"https:\/\/tilk.bio\/shop\/uudistava-ja-kosteuttava-kasvooljy-sekaiholle-regenerate-me\/"},"modified":"2026-04-01T00:45:06","modified_gmt":"2026-03-31T21:45:06","slug":"uudistava-ja-kosteuttava-kasvooljy-sekaiholle-regenerate-me","status":"publish","type":"product","link":"https:\/\/tilk.bio\/fi\/verkkokauppa\/uudistava-ja-kosteuttava-kasvooljy-sekaiholle-regenerate-me\/","title":{"rendered":"Regenerate Me \u2013 uudistava ja kosteuttava kasvo\u00f6ljy normaalille ja sekaiholle"},"content":{"rendered":"<p>Regenerate Me on uudistava ja kosteuttava kasvo\u00f6ljy, joka lis\u00e4\u00e4 ihon kimmoisuutta ja parantaa sen s\u00e4vy\u00e4. Normaalille ja sekaiholle suunniteltu \u00f6ljy syv\u00e4ravitsee ihoa vitamiinein ja antaa sille elinvoimaa. Kevyt \u00f6ljy imeytyy helposti, eik\u00e4 j\u00e4t\u00e4 ihoa rasvaiseksi tai kiilt\u00e4v\u00e4ksi.<\/p>\n<p>Jojoba-, vadelmansiemen-, kookos- ja manteli\u00f6ljyt kosteuttavat, uudistavat ja pehment\u00e4v\u00e4t ihoa sek\u00e4 suojaavat sit\u00e4 ulkoisilta rasituksilta. Tulehduksia est\u00e4v\u00e4t luontaiset rasvahapot ja kasvisterolit hoitavat my\u00f6s kuivaa ja punoittavaa ihoa. Runsaasti A-vitamiinia ja antioksidantteja sis\u00e4lt\u00e4v\u00e4 ruusunsiemen\u00f6ljy auttaa ihoa uudistumaan ja parantaa sen s\u00e4vy\u00e4. Kasvo\u00f6ljy auttaa my\u00f6s taistelussa ihoa ennenaikaisesti vanhentavaa oksidatiivista stressi\u00e4 vastaan.<\/p>\n<p><strong>K\u00e4ytt\u00f6:<\/strong> K\u00e4yt\u00e4 puhdistetulla iholla silloin t\u00e4ll\u00f6in kasvo- tai y\u00f6voiteen sijaan. Kuivaa ja elotonta ihoa voi kosteuttaa ja ravita my\u00f6s pidemm\u00e4ll\u00e4 \u00f6ljykuurilla.<\/p>\n<p>Tuotteen kaikki ainesosat ovat luontaista ja vegaanista alkuper\u00e4\u00e4. Tuotteessa on k\u00e4ytetty Saarenmaalta k\u00e4sin poimituista kasveista saatuja \u00f6ljyj\u00e4.<\/p>\n<p>S\u00e4ilytys suoralta p\u00e4iv\u00e4nvalolta suojattuna.<\/p>\n<p>Koko: 5ml\/30m<\/p>\n<p><a ref=\"magnificPopup\" href=\"https:\/\/tilk.bio\/wp-content\/uploads\/2018\/08\/package_anim_FIN.gif\"><img loading=\"lazy\" decoding=\"async\" class=\"alignnone wp-image-23966\" src=\"https:\/\/tilk.bio\/wp-content\/uploads\/2018\/08\/package_anim_FIN.gif\" alt=\"\" width=\"123\" height=\"98\" \/><\/a><a ref=\"magnificPopup\" href=\"https:\/\/tilk.bio\/wp-content\/uploads\/2016\/01\/Vegan_sign-07.png\"> \u00a0 \u00a0 <img loading=\"lazy\" decoding=\"async\" class=\"alignnone wp-image-22658\" src=\"https:\/\/tilk.bio\/wp-content\/uploads\/2016\/01\/Vegan_sign-07.png\" alt=\"\" width=\"109\" height=\"109\" srcset=\"https:\/\/tilk.bio\/wp-content\/uploads\/2016\/01\/Vegan_sign-07.png 165w, https:\/\/tilk.bio\/wp-content\/uploads\/2016\/01\/Vegan_sign-07-150x150.png 150w\" sizes=\"auto, (max-width: 109px) 100vw, 109px\" \/>\u00a0<\/a><\/p>\n","protected":false},"excerpt":{"rendered":"<p>Regenerate Me on uudistava ja kosteuttava kasvo\u00f6ljy, joka lis\u00e4\u00e4 ihon kimmoisuutta ja parantaa sen s\u00e4vy\u00e4. Normaalille ja sekaiholle suunniteltu \u00f6ljy syv\u00e4ravitsee ihoa vitamiinein ja antaa sille elinvoimaa. Kevyt \u00f6ljy imeytyy helposti, eik\u00e4 j\u00e4t\u00e4 ihoa rasvaiseksi tai kiilt\u00e4v\u00e4ksi. Jojoba-, vadelmansiemen-, kookos- ja manteli\u00f6ljyt kosteuttavat, uudistavat ja pehment\u00e4v\u00e4t ihoa sek\u00e4 suojaavat sit\u00e4 ulkoisilta rasituksilta. Tulehduksia est\u00e4v\u00e4t luontaiset&#8230;<\/p>\n","protected":false},"featured_media":69209,"comment_status":"open","ping_status":"closed","template":"","meta":{"_acf_changed":false},"product_brand":[],"product_cat":[741,729,501,512,632,742,627],"product_tag":[],"class_list":{"0":"post-47498","1":"product","2":"type-product","3":"status-publish","4":"has-post-thumbnail","6":"product_cat-epatasainen-iho","7":"product_cat-herkka-iho","8":"product_cat-kaikki-tuotteet","9":"product_cat-kasvohoito","10":"product_cat-kasvooljyt-seerumit","11":"product_cat-normaali-ja-sekaiho","12":"product_cat-pure-luxury-fi","14":"first","15":"instock","16":"sale","17":"taxable","18":"shipping-taxable","19":"purchasable","20":"product-type-variable"},"acf":[],"yoast_head":"<!-- This site is optimized with the Yoast SEO plugin v27.3 - https:\/\/yoast.com\/product\/yoast-seo-wordpress\/ -->\n<title>Regenerate Me \u2013 uudistava ja kosteuttava kasvo\u00f6ljy normaalille ja sekaiholle - Tilk!<\/title>\n<meta name=\"robots\" content=\"index, follow, max-snippet:-1, max-image-preview:large, max-video-preview:-1\" \/>\n<link rel=\"canonical\" href=\"https:\/\/tilk.bio\/fi\/verkkokauppa\/uudistava-ja-kosteuttava-kasvooljy-sekaiholle-regenerate-me\/\" \/>\n<meta property=\"og:locale\" content=\"fi_FI\" \/>\n<meta property=\"og:type\" content=\"article\" \/>\n<meta property=\"og:title\" content=\"Regenerate Me \u2013 uudistava ja kosteuttava kasvo\u00f6ljy normaalille ja sekaiholle\" \/>\n<meta property=\"og:description\" content=\"Regenerate Me on uudistava ja kosteuttava kasvo\u00f6ljy, joka lis\u00e4\u00e4 ihon kimmoisuutta ja parantaa sen s\u00e4vy\u00e4. Normaalille ja sekaiholle suunniteltu \u00f6ljy syv\u00e4ravitsee ihoa vitamiinein ja antaa sille elinvoimaa. Kevyt \u00f6ljy imeytyy helposti, eik\u00e4 j\u00e4t\u00e4 ihoa rasvaiseksi tai kiilt\u00e4v\u00e4ksi. Jojoba-, vadelmansiemen-, kookos- ja manteli\u00f6ljyt kosteuttavat, uudistavat ja pehment\u00e4v\u00e4t ihoa sek\u00e4 suojaavat sit\u00e4 ulkoisilta rasituksilta. Tulehduksia est\u00e4v\u00e4t luontaiset...\" \/>\n<meta property=\"og:url\" content=\"https:\/\/tilk.bio\/fi\/verkkokauppa\/uudistava-ja-kosteuttava-kasvooljy-sekaiholle-regenerate-me\/\" \/>\n<meta property=\"og:site_name\" content=\"Tilk!\" \/>\n<meta property=\"article:publisher\" content=\"https:\/\/www.facebook.com\/tilk.bio\/\" \/>\n<meta property=\"article:modified_time\" content=\"2026-03-31T21:45:06+00:00\" \/>\n<meta property=\"og:image\" content=\"https:\/\/tilk.bio\/wp-content\/uploads\/2019\/11\/reg-o\u0303li.png\" \/>\n\t<meta property=\"og:image:width\" content=\"920\" \/>\n\t<meta property=\"og:image:height\" content=\"1100\" \/>\n\t<meta property=\"og:image:type\" content=\"image\/png\" \/>\n<meta name=\"twitter:card\" content=\"summary_large_image\" \/>\n<meta name=\"twitter:label1\" content=\"Arvioitu lukuaika\" \/>\n\t<meta name=\"twitter:data1\" content=\"1 minuutti\" \/>\n<script type=\"application\/ld+json\" class=\"yoast-schema-graph\">{\"@context\":\"https:\\\/\\\/schema.org\",\"@graph\":[{\"@type\":\"WebPage\",\"@id\":\"https:\\\/\\\/tilk.bio\\\/fi\\\/verkkokauppa\\\/uudistava-ja-kosteuttava-kasvooljy-sekaiholle-regenerate-me\\\/\",\"url\":\"https:\\\/\\\/tilk.bio\\\/fi\\\/verkkokauppa\\\/uudistava-ja-kosteuttava-kasvooljy-sekaiholle-regenerate-me\\\/\",\"name\":\"Regenerate Me \u2013 uudistava ja kosteuttava kasvo\u00f6ljy normaalille ja sekaiholle - Tilk!\",\"isPartOf\":{\"@id\":\"https:\\\/\\\/tilk.bio\\\/et\\\/#website\"},\"primaryImageOfPage\":{\"@id\":\"https:\\\/\\\/tilk.bio\\\/fi\\\/verkkokauppa\\\/uudistava-ja-kosteuttava-kasvooljy-sekaiholle-regenerate-me\\\/#primaryimage\"},\"image\":{\"@id\":\"https:\\\/\\\/tilk.bio\\\/fi\\\/verkkokauppa\\\/uudistava-ja-kosteuttava-kasvooljy-sekaiholle-regenerate-me\\\/#primaryimage\"},\"thumbnailUrl\":\"https:\\\/\\\/tilk.bio\\\/wp-content\\\/uploads\\\/2019\\\/11\\\/regluxoli30ml.jpg\",\"datePublished\":\"2019-11-30T14:50:35+00:00\",\"dateModified\":\"2026-03-31T21:45:06+00:00\",\"breadcrumb\":{\"@id\":\"https:\\\/\\\/tilk.bio\\\/fi\\\/verkkokauppa\\\/uudistava-ja-kosteuttava-kasvooljy-sekaiholle-regenerate-me\\\/#breadcrumb\"},\"inLanguage\":\"fi\",\"potentialAction\":[{\"@type\":\"ReadAction\",\"target\":[\"https:\\\/\\\/tilk.bio\\\/fi\\\/verkkokauppa\\\/uudistava-ja-kosteuttava-kasvooljy-sekaiholle-regenerate-me\\\/\"]}]},{\"@type\":\"ImageObject\",\"inLanguage\":\"fi\",\"@id\":\"https:\\\/\\\/tilk.bio\\\/fi\\\/verkkokauppa\\\/uudistava-ja-kosteuttava-kasvooljy-sekaiholle-regenerate-me\\\/#primaryimage\",\"url\":\"https:\\\/\\\/tilk.bio\\\/wp-content\\\/uploads\\\/2019\\\/11\\\/regluxoli30ml.jpg\",\"contentUrl\":\"https:\\\/\\\/tilk.bio\\\/wp-content\\\/uploads\\\/2019\\\/11\\\/regluxoli30ml.jpg\",\"width\":1200,\"height\":1200},{\"@type\":\"BreadcrumbList\",\"@id\":\"https:\\\/\\\/tilk.bio\\\/fi\\\/verkkokauppa\\\/uudistava-ja-kosteuttava-kasvooljy-sekaiholle-regenerate-me\\\/#breadcrumb\",\"itemListElement\":[{\"@type\":\"ListItem\",\"position\":1,\"name\":\"Home\",\"item\":\"https:\\\/\\\/tilk.bio\\\/fi\\\/\"},{\"@type\":\"ListItem\",\"position\":2,\"name\":\"Verkkokauppa\",\"item\":\"https:\\\/\\\/tilk.bio\\\/fi\\\/verkkokauppa\\\/\"},{\"@type\":\"ListItem\",\"position\":3,\"name\":\"Regenerate Me \u2013 uudistava ja kosteuttava kasvo\u00f6ljy normaalille ja sekaiholle\"}]},{\"@type\":\"WebSite\",\"@id\":\"https:\\\/\\\/tilk.bio\\\/et\\\/#website\",\"url\":\"https:\\\/\\\/tilk.bio\\\/et\\\/\",\"name\":\"Tilk!\",\"description\":\"Natural and sustainable skincare!\",\"potentialAction\":[{\"@type\":\"SearchAction\",\"target\":{\"@type\":\"EntryPoint\",\"urlTemplate\":\"https:\\\/\\\/tilk.bio\\\/et\\\/?s={search_term_string}\"},\"query-input\":{\"@type\":\"PropertyValueSpecification\",\"valueRequired\":true,\"valueName\":\"search_term_string\"}}],\"inLanguage\":\"fi\"}]}<\/script>\n<!-- \/ Yoast SEO plugin. -->","yoast_head_json":{"title":"Regenerate Me \u2013 uudistava ja kosteuttava kasvo\u00f6ljy normaalille ja sekaiholle - Tilk!","robots":{"index":"index","follow":"follow","max-snippet":"max-snippet:-1","max-image-preview":"max-image-preview:large","max-video-preview":"max-video-preview:-1"},"canonical":"https:\/\/tilk.bio\/fi\/verkkokauppa\/uudistava-ja-kosteuttava-kasvooljy-sekaiholle-regenerate-me\/","og_locale":"fi_FI","og_type":"article","og_title":"Regenerate Me \u2013 uudistava ja kosteuttava kasvo\u00f6ljy normaalille ja sekaiholle","og_description":"Regenerate Me on uudistava ja kosteuttava kasvo\u00f6ljy, joka lis\u00e4\u00e4 ihon kimmoisuutta ja parantaa sen s\u00e4vy\u00e4. Normaalille ja sekaiholle suunniteltu \u00f6ljy syv\u00e4ravitsee ihoa vitamiinein ja antaa sille elinvoimaa. Kevyt \u00f6ljy imeytyy helposti, eik\u00e4 j\u00e4t\u00e4 ihoa rasvaiseksi tai kiilt\u00e4v\u00e4ksi. Jojoba-, vadelmansiemen-, kookos- ja manteli\u00f6ljyt kosteuttavat, uudistavat ja pehment\u00e4v\u00e4t ihoa sek\u00e4 suojaavat sit\u00e4 ulkoisilta rasituksilta. Tulehduksia est\u00e4v\u00e4t luontaiset...","og_url":"https:\/\/tilk.bio\/fi\/verkkokauppa\/uudistava-ja-kosteuttava-kasvooljy-sekaiholle-regenerate-me\/","og_site_name":"Tilk!","article_publisher":"https:\/\/www.facebook.com\/tilk.bio\/","article_modified_time":"2026-03-31T21:45:06+00:00","og_image":[{"width":920,"height":1100,"url":"https:\/\/tilk.bio\/wp-content\/uploads\/2019\/11\/reg-o\u0303li.png","type":"image\/png"}],"twitter_card":"summary_large_image","twitter_misc":{"Arvioitu lukuaika":"1 minuutti"},"schema":{"@context":"https:\/\/schema.org","@graph":[{"@type":"WebPage","@id":"https:\/\/tilk.bio\/fi\/verkkokauppa\/uudistava-ja-kosteuttava-kasvooljy-sekaiholle-regenerate-me\/","url":"https:\/\/tilk.bio\/fi\/verkkokauppa\/uudistava-ja-kosteuttava-kasvooljy-sekaiholle-regenerate-me\/","name":"Regenerate Me \u2013 uudistava ja kosteuttava kasvo\u00f6ljy normaalille ja sekaiholle - Tilk!","isPartOf":{"@id":"https:\/\/tilk.bio\/et\/#website"},"primaryImageOfPage":{"@id":"https:\/\/tilk.bio\/fi\/verkkokauppa\/uudistava-ja-kosteuttava-kasvooljy-sekaiholle-regenerate-me\/#primaryimage"},"image":{"@id":"https:\/\/tilk.bio\/fi\/verkkokauppa\/uudistava-ja-kosteuttava-kasvooljy-sekaiholle-regenerate-me\/#primaryimage"},"thumbnailUrl":"https:\/\/tilk.bio\/wp-content\/uploads\/2019\/11\/regluxoli30ml.jpg","datePublished":"2019-11-30T14:50:35+00:00","dateModified":"2026-03-31T21:45:06+00:00","breadcrumb":{"@id":"https:\/\/tilk.bio\/fi\/verkkokauppa\/uudistava-ja-kosteuttava-kasvooljy-sekaiholle-regenerate-me\/#breadcrumb"},"inLanguage":"fi","potentialAction":[{"@type":"ReadAction","target":["https:\/\/tilk.bio\/fi\/verkkokauppa\/uudistava-ja-kosteuttava-kasvooljy-sekaiholle-regenerate-me\/"]}]},{"@type":"ImageObject","inLanguage":"fi","@id":"https:\/\/tilk.bio\/fi\/verkkokauppa\/uudistava-ja-kosteuttava-kasvooljy-sekaiholle-regenerate-me\/#primaryimage","url":"https:\/\/tilk.bio\/wp-content\/uploads\/2019\/11\/regluxoli30ml.jpg","contentUrl":"https:\/\/tilk.bio\/wp-content\/uploads\/2019\/11\/regluxoli30ml.jpg","width":1200,"height":1200},{"@type":"BreadcrumbList","@id":"https:\/\/tilk.bio\/fi\/verkkokauppa\/uudistava-ja-kosteuttava-kasvooljy-sekaiholle-regenerate-me\/#breadcrumb","itemListElement":[{"@type":"ListItem","position":1,"name":"Home","item":"https:\/\/tilk.bio\/fi\/"},{"@type":"ListItem","position":2,"name":"Verkkokauppa","item":"https:\/\/tilk.bio\/fi\/verkkokauppa\/"},{"@type":"ListItem","position":3,"name":"Regenerate Me \u2013 uudistava ja kosteuttava kasvo\u00f6ljy normaalille ja sekaiholle"}]},{"@type":"WebSite","@id":"https:\/\/tilk.bio\/et\/#website","url":"https:\/\/tilk.bio\/et\/","name":"Tilk!","description":"Natural and sustainable skincare!","potentialAction":[{"@type":"SearchAction","target":{"@type":"EntryPoint","urlTemplate":"https:\/\/tilk.bio\/et\/?s={search_term_string}"},"query-input":{"@type":"PropertyValueSpecification","valueRequired":true,"valueName":"search_term_string"}}],"inLanguage":"fi"}]}},"_links":{"self":[{"href":"https:\/\/tilk.bio\/fi\/wp-json\/wp\/v2\/product\/47498","targetHints":{"allow":["GET"]}}],"collection":[{"href":"https:\/\/tilk.bio\/fi\/wp-json\/wp\/v2\/product"}],"about":[{"href":"https:\/\/tilk.bio\/fi\/wp-json\/wp\/v2\/types\/product"}],"replies":[{"embeddable":true,"href":"https:\/\/tilk.bio\/fi\/wp-json\/wp\/v2\/comments?post=47498"}],"wp:featuredmedia":[{"embeddable":true,"href":"https:\/\/tilk.bio\/fi\/wp-json\/wp\/v2\/media\/69209"}],"wp:attachment":[{"href":"https:\/\/tilk.bio\/fi\/wp-json\/wp\/v2\/media?parent=47498"}],"wp:term":[{"taxonomy":"product_brand","embeddable":true,"href":"https:\/\/tilk.bio\/fi\/wp-json\/wp\/v2\/product_brand?post=47498"},{"taxonomy":"product_cat","embeddable":true,"href":"https:\/\/tilk.bio\/fi\/wp-json\/wp\/v2\/product_cat?post=47498"},{"taxonomy":"product_tag","embeddable":true,"href":"https:\/\/tilk.bio\/fi\/wp-json\/wp\/v2\/product_tag?post=47498"}],"curies":[{"name":"wp","href":"https:\/\/api.w.org\/{rel}","templated":true}]}}