{"id":51807,"date":"2020-07-28T18:25:03","date_gmt":"2020-07-28T18:25:08","guid":{"rendered":"https:\/\/tilk.bio\/?post_type=product&#038;p=51807"},"modified":"2026-04-14T16:45:09","modified_gmt":"2026-04-14T13:45:09","slug":"hold-me-luonnollinen-deodorantti-2x30ml","status":"publish","type":"product","link":"https:\/\/tilk.bio\/fi\/verkkokauppa\/hold-me-luonnollinen-deodorantti-2x30ml\/","title":{"rendered":"Hold Me \u2013 patsulia ja laventelia sis\u00e4lt\u00e4v\u00e4 alumiiniton deodorantti 2x30ml"},"content":{"rendered":"","protected":false},"excerpt":{"rendered":"<p>Hold Me on alumiiniton deodorantti, joka auttaa liialliseen hikoiluun ja neutralisoi ep\u00e4miellytt\u00e4vi\u00e4 hajuja. Luontaisista ainesosista valmistettu deodorantti antaa raikkaan tunteen koko p\u00e4iv\u00e4ksi.<\/p>\n<p>Sooda poistaa ep\u00e4miellytt\u00e4vi\u00e4 hajuja ja kuona-aineita, h\u00e4vitt\u00e4\u00e4 bakteereita ja imee kosteutta. Sheavoi ja kookos\u00f6ljy kosteuttavat ihoa ja auttavat antibakteeristen ainesosiensa avulla niin ik\u00e4\u00e4n h\u00e4vitt\u00e4m\u00e4\u00e4n haitallisia mikrobeja ja bakteereita. Nuolijuurijauheen hell\u00e4varainen koostumus imee ylim\u00e4\u00e4r\u00e4ist\u00e4 kosteutta. Kexh\u00e4kukan, poimulehden ja peltokortteen bioaktiiviset ainesosat puhdistavat ihoa ja ehk\u00e4isev\u00e4t tulehduksia. Patsulin eteerinen \u00f6ljy auttaa tasapainottamaan hikoilua ja sekoittuu deodorantin tuoksussa raikkaaseen laventeliin.<\/p>\n<p>K\u00e4ytt\u00f6: Levit\u00e4 pieni m\u00e4\u00e4r\u00e4 voidemaista deodoranttia kainaloon ja hiero hell\u00e4varaisesti sormenp\u00e4ill\u00e4 tai k\u00e4mmenell\u00e4. Deodorantti pit\u00e4\u00e4 sinut raikkaana koko p\u00e4iv\u00e4n.<\/p>\n<p>Tuotteen kaikki ainesosat ovat luontaista ja vegaanista alkuper\u00e4\u00e4. Tuotteessa on k\u00e4ytetty Saarenmaalta k\u00e4sin poimituista kasveista saatuja \u00f6ljyj\u00e4.<\/p>\n<p>S\u00e4ilytys suoralta p\u00e4iv\u00e4nvalolta suojattuna alle 25 asteessa.<\/p>\n<p>Koko: 2 x 30ml<\/p>\n<p><a href=\"https:\/\/tilk.bio\/wp-content\/uploads\/2016\/01\/Vegan_sign-07.png\"><img loading=\"lazy\" decoding=\"async\" class=\"alignnone wp-image-17805\" src=\"https:\/\/tilk.bio\/wp-content\/uploads\/2016\/01\/Vegan_sign-07.png\" alt=\"\" width=\"67\" height=\"67\" srcset=\"https:\/\/tilk.bio\/wp-content\/uploads\/2016\/01\/Vegan_sign-07.png 165w, https:\/\/tilk.bio\/wp-content\/uploads\/2016\/01\/Vegan_sign-07-150x150.png 150w\" sizes=\"auto, (max-width: 67px) 100vw, 67px\" \/><\/a><a href=\"https:\/\/tilk.bio\/wp-content\/uploads\/2015\/11\/sisaltaa_puisen_lastan_anim.gif\"><img loading=\"lazy\" decoding=\"async\" class=\"alignnone wp-image-23762\" src=\"https:\/\/tilk.bio\/wp-content\/uploads\/2015\/11\/sisaltaa_puisen_lastan_anim.gif\" alt=\"\" width=\"86\" height=\"75\" \/><\/a><a href=\"https:\/\/tilk.bio\/wp-content\/uploads\/2018\/08\/package_anim_FIN.gif\"><img loading=\"lazy\" decoding=\"async\" class=\"alignnone wp-image-23964 alignleft\" src=\"https:\/\/tilk.bio\/wp-content\/uploads\/2018\/08\/package_anim_FIN.gif\" alt=\"\" width=\"84\" height=\"67\" \/><\/a><\/p>\n","protected":false},"featured_media":63570,"comment_status":"open","ping_status":"closed","template":"","meta":{"_acf_changed":false},"product_brand":[],"product_cat":[625,501,502,979,671,730,503],"product_tag":[731,427,486],"class_list":{"0":"post-51807","1":"product","2":"type-product","3":"status-publish","4":"has-post-thumbnail","6":"product_cat-deodorantit","7":"product_cat-kaikki-tuotteet","8":"product_cat-myydyimmat","9":"product_cat-shea-butter","10":"product_cat-spaattelin-mahdollisuus","11":"product_cat-tilk-herbal-fi","12":"product_cat-vartalo","13":"product_tag-deodorantti","14":"product_tag-ekologinen-kosmetiikka","15":"product_tag-ekologinen-kosmetiikka-fi","17":"first","18":"instock","19":"sale","20":"taxable","21":"shipping-taxable","22":"purchasable","23":"product-type-simple"},"acf":[],"yoast_head":"<!-- This site is optimized with the Yoast SEO plugin v27.3 - https:\/\/yoast.com\/product\/yoast-seo-wordpress\/ -->\n<title>Hold Me \u2013 patsulia ja laventelia sis\u00e4lt\u00e4v\u00e4 alumiiniton deodorantti 2x30ml - Tilk! bioactive skincare<\/title>\n<meta name=\"description\" content=\"Hold me is an innovative aluminium free deocream, that helps to regulate excessive sweating, neutralizes strong odor and makes you feeling fresh.\" \/>\n<meta name=\"robots\" content=\"index, follow, max-snippet:-1, max-image-preview:large, max-video-preview:-1\" \/>\n<link rel=\"canonical\" href=\"https:\/\/tilk.bio\/fi\/verkkokauppa\/hold-me-luonnollinen-deodorantti-2x30ml\/\" \/>\n<meta property=\"og:locale\" content=\"fi_FI\" \/>\n<meta property=\"og:type\" content=\"article\" \/>\n<meta property=\"og:title\" content=\"Hold Me \u2013 patsulia ja laventelia sis\u00e4lt\u00e4v\u00e4 alumiiniton deodorantti 2x30ml - Tilk! bioactive skincare\" \/>\n<meta property=\"og:description\" content=\"Hold me is an innovative aluminium free deocream, that helps to regulate excessive sweating, neutralizes strong odor and makes you feeling fresh.\" \/>\n<meta property=\"og:url\" content=\"https:\/\/tilk.bio\/fi\/verkkokauppa\/hold-me-luonnollinen-deodorantti-2x30ml\/\" \/>\n<meta property=\"og:site_name\" content=\"Tilk!\" \/>\n<meta property=\"article:publisher\" content=\"https:\/\/www.facebook.com\/tilk.bio\/\" \/>\n<meta property=\"article:modified_time\" content=\"2026-04-14T13:45:09+00:00\" \/>\n<meta property=\"og:image\" content=\"https:\/\/tilk.bio\/wp-content\/uploads\/2020\/07\/holdme-duubel.jpg\" \/>\n\t<meta property=\"og:image:width\" content=\"1200\" \/>\n\t<meta property=\"og:image:height\" content=\"1200\" \/>\n\t<meta property=\"og:image:type\" content=\"image\/jpeg\" \/>\n<meta name=\"twitter:card\" content=\"summary_large_image\" \/>\n<script type=\"application\/ld+json\" class=\"yoast-schema-graph\">{\"@context\":\"https:\\\/\\\/schema.org\",\"@graph\":[{\"@type\":\"WebPage\",\"@id\":\"https:\\\/\\\/tilk.bio\\\/fi\\\/verkkokauppa\\\/hold-me-luonnollinen-deodorantti-2x30ml\\\/\",\"url\":\"https:\\\/\\\/tilk.bio\\\/fi\\\/verkkokauppa\\\/hold-me-luonnollinen-deodorantti-2x30ml\\\/\",\"name\":\"Hold Me \u2013 patsulia ja laventelia sis\u00e4lt\u00e4v\u00e4 alumiiniton deodorantti 2x30ml - Tilk! bioactive skincare\",\"isPartOf\":{\"@id\":\"https:\\\/\\\/tilk.bio\\\/et\\\/#website\"},\"primaryImageOfPage\":{\"@id\":\"https:\\\/\\\/tilk.bio\\\/fi\\\/verkkokauppa\\\/hold-me-luonnollinen-deodorantti-2x30ml\\\/#primaryimage\"},\"image\":{\"@id\":\"https:\\\/\\\/tilk.bio\\\/fi\\\/verkkokauppa\\\/hold-me-luonnollinen-deodorantti-2x30ml\\\/#primaryimage\"},\"thumbnailUrl\":\"https:\\\/\\\/tilk.bio\\\/wp-content\\\/uploads\\\/2020\\\/07\\\/holdme-duubel.jpg\",\"datePublished\":\"2020-07-28T18:25:08+00:00\",\"dateModified\":\"2026-04-14T13:45:09+00:00\",\"description\":\"Hold me is an innovative aluminium free deocream, that helps to regulate excessive sweating, neutralizes strong odor and makes you feeling fresh.\",\"breadcrumb\":{\"@id\":\"https:\\\/\\\/tilk.bio\\\/fi\\\/verkkokauppa\\\/hold-me-luonnollinen-deodorantti-2x30ml\\\/#breadcrumb\"},\"inLanguage\":\"fi\",\"potentialAction\":[{\"@type\":\"ReadAction\",\"target\":[\"https:\\\/\\\/tilk.bio\\\/fi\\\/verkkokauppa\\\/hold-me-luonnollinen-deodorantti-2x30ml\\\/\"]}]},{\"@type\":\"ImageObject\",\"inLanguage\":\"fi\",\"@id\":\"https:\\\/\\\/tilk.bio\\\/fi\\\/verkkokauppa\\\/hold-me-luonnollinen-deodorantti-2x30ml\\\/#primaryimage\",\"url\":\"https:\\\/\\\/tilk.bio\\\/wp-content\\\/uploads\\\/2020\\\/07\\\/holdme-duubel.jpg\",\"contentUrl\":\"https:\\\/\\\/tilk.bio\\\/wp-content\\\/uploads\\\/2020\\\/07\\\/holdme-duubel.jpg\",\"width\":1200,\"height\":1200},{\"@type\":\"BreadcrumbList\",\"@id\":\"https:\\\/\\\/tilk.bio\\\/fi\\\/verkkokauppa\\\/hold-me-luonnollinen-deodorantti-2x30ml\\\/#breadcrumb\",\"itemListElement\":[{\"@type\":\"ListItem\",\"position\":1,\"name\":\"Home\",\"item\":\"https:\\\/\\\/tilk.bio\\\/fi\\\/\"},{\"@type\":\"ListItem\",\"position\":2,\"name\":\"Verkkokauppa\",\"item\":\"https:\\\/\\\/tilk.bio\\\/fi\\\/verkkokauppa\\\/\"},{\"@type\":\"ListItem\",\"position\":3,\"name\":\"Hold Me \u2013 patsulia ja laventelia sis\u00e4lt\u00e4v\u00e4 alumiiniton deodorantti 2x30ml\"}]},{\"@type\":\"WebSite\",\"@id\":\"https:\\\/\\\/tilk.bio\\\/et\\\/#website\",\"url\":\"https:\\\/\\\/tilk.bio\\\/et\\\/\",\"name\":\"Tilk!\",\"description\":\"Natural and sustainable skincare!\",\"potentialAction\":[{\"@type\":\"SearchAction\",\"target\":{\"@type\":\"EntryPoint\",\"urlTemplate\":\"https:\\\/\\\/tilk.bio\\\/et\\\/?s={search_term_string}\"},\"query-input\":{\"@type\":\"PropertyValueSpecification\",\"valueRequired\":true,\"valueName\":\"search_term_string\"}}],\"inLanguage\":\"fi\"}]}<\/script>\n<!-- \/ Yoast SEO plugin. -->","yoast_head_json":{"title":"Hold Me \u2013 patsulia ja laventelia sis\u00e4lt\u00e4v\u00e4 alumiiniton deodorantti 2x30ml - Tilk! bioactive skincare","description":"Hold me is an innovative aluminium free deocream, that helps to regulate excessive sweating, neutralizes strong odor and makes you feeling fresh.","robots":{"index":"index","follow":"follow","max-snippet":"max-snippet:-1","max-image-preview":"max-image-preview:large","max-video-preview":"max-video-preview:-1"},"canonical":"https:\/\/tilk.bio\/fi\/verkkokauppa\/hold-me-luonnollinen-deodorantti-2x30ml\/","og_locale":"fi_FI","og_type":"article","og_title":"Hold Me \u2013 patsulia ja laventelia sis\u00e4lt\u00e4v\u00e4 alumiiniton deodorantti 2x30ml - Tilk! bioactive skincare","og_description":"Hold me is an innovative aluminium free deocream, that helps to regulate excessive sweating, neutralizes strong odor and makes you feeling fresh.","og_url":"https:\/\/tilk.bio\/fi\/verkkokauppa\/hold-me-luonnollinen-deodorantti-2x30ml\/","og_site_name":"Tilk!","article_publisher":"https:\/\/www.facebook.com\/tilk.bio\/","article_modified_time":"2026-04-14T13:45:09+00:00","og_image":[{"width":1200,"height":1200,"url":"https:\/\/tilk.bio\/wp-content\/uploads\/2020\/07\/holdme-duubel.jpg","type":"image\/jpeg"}],"twitter_card":"summary_large_image","schema":{"@context":"https:\/\/schema.org","@graph":[{"@type":"WebPage","@id":"https:\/\/tilk.bio\/fi\/verkkokauppa\/hold-me-luonnollinen-deodorantti-2x30ml\/","url":"https:\/\/tilk.bio\/fi\/verkkokauppa\/hold-me-luonnollinen-deodorantti-2x30ml\/","name":"Hold Me \u2013 patsulia ja laventelia sis\u00e4lt\u00e4v\u00e4 alumiiniton deodorantti 2x30ml - Tilk! bioactive skincare","isPartOf":{"@id":"https:\/\/tilk.bio\/et\/#website"},"primaryImageOfPage":{"@id":"https:\/\/tilk.bio\/fi\/verkkokauppa\/hold-me-luonnollinen-deodorantti-2x30ml\/#primaryimage"},"image":{"@id":"https:\/\/tilk.bio\/fi\/verkkokauppa\/hold-me-luonnollinen-deodorantti-2x30ml\/#primaryimage"},"thumbnailUrl":"https:\/\/tilk.bio\/wp-content\/uploads\/2020\/07\/holdme-duubel.jpg","datePublished":"2020-07-28T18:25:08+00:00","dateModified":"2026-04-14T13:45:09+00:00","description":"Hold me is an innovative aluminium free deocream, that helps to regulate excessive sweating, neutralizes strong odor and makes you feeling fresh.","breadcrumb":{"@id":"https:\/\/tilk.bio\/fi\/verkkokauppa\/hold-me-luonnollinen-deodorantti-2x30ml\/#breadcrumb"},"inLanguage":"fi","potentialAction":[{"@type":"ReadAction","target":["https:\/\/tilk.bio\/fi\/verkkokauppa\/hold-me-luonnollinen-deodorantti-2x30ml\/"]}]},{"@type":"ImageObject","inLanguage":"fi","@id":"https:\/\/tilk.bio\/fi\/verkkokauppa\/hold-me-luonnollinen-deodorantti-2x30ml\/#primaryimage","url":"https:\/\/tilk.bio\/wp-content\/uploads\/2020\/07\/holdme-duubel.jpg","contentUrl":"https:\/\/tilk.bio\/wp-content\/uploads\/2020\/07\/holdme-duubel.jpg","width":1200,"height":1200},{"@type":"BreadcrumbList","@id":"https:\/\/tilk.bio\/fi\/verkkokauppa\/hold-me-luonnollinen-deodorantti-2x30ml\/#breadcrumb","itemListElement":[{"@type":"ListItem","position":1,"name":"Home","item":"https:\/\/tilk.bio\/fi\/"},{"@type":"ListItem","position":2,"name":"Verkkokauppa","item":"https:\/\/tilk.bio\/fi\/verkkokauppa\/"},{"@type":"ListItem","position":3,"name":"Hold Me \u2013 patsulia ja laventelia sis\u00e4lt\u00e4v\u00e4 alumiiniton deodorantti 2x30ml"}]},{"@type":"WebSite","@id":"https:\/\/tilk.bio\/et\/#website","url":"https:\/\/tilk.bio\/et\/","name":"Tilk!","description":"Natural and sustainable skincare!","potentialAction":[{"@type":"SearchAction","target":{"@type":"EntryPoint","urlTemplate":"https:\/\/tilk.bio\/et\/?s={search_term_string}"},"query-input":{"@type":"PropertyValueSpecification","valueRequired":true,"valueName":"search_term_string"}}],"inLanguage":"fi"}]}},"_links":{"self":[{"href":"https:\/\/tilk.bio\/fi\/wp-json\/wp\/v2\/product\/51807","targetHints":{"allow":["GET"]}}],"collection":[{"href":"https:\/\/tilk.bio\/fi\/wp-json\/wp\/v2\/product"}],"about":[{"href":"https:\/\/tilk.bio\/fi\/wp-json\/wp\/v2\/types\/product"}],"replies":[{"embeddable":true,"href":"https:\/\/tilk.bio\/fi\/wp-json\/wp\/v2\/comments?post=51807"}],"wp:featuredmedia":[{"embeddable":true,"href":"https:\/\/tilk.bio\/fi\/wp-json\/wp\/v2\/media\/63570"}],"wp:attachment":[{"href":"https:\/\/tilk.bio\/fi\/wp-json\/wp\/v2\/media?parent=51807"}],"wp:term":[{"taxonomy":"product_brand","embeddable":true,"href":"https:\/\/tilk.bio\/fi\/wp-json\/wp\/v2\/product_brand?post=51807"},{"taxonomy":"product_cat","embeddable":true,"href":"https:\/\/tilk.bio\/fi\/wp-json\/wp\/v2\/product_cat?post=51807"},{"taxonomy":"product_tag","embeddable":true,"href":"https:\/\/tilk.bio\/fi\/wp-json\/wp\/v2\/product_tag?post=51807"}],"curies":[{"name":"wp","href":"https:\/\/api.w.org\/{rel}","templated":true}]}}