{"id":57156,"date":"2020-04-28T22:22:33","date_gmt":"2020-04-28T22:22:33","guid":{"rendered":"https:\/\/tilk.bio\/shop\/nourish-me-hyaluronihappoa-sisaltava-ravitseva-ja-kosteuttava-paivavoide\/"},"modified":"2026-04-14T10:15:10","modified_gmt":"2026-04-14T07:15:10","slug":"nourish-me-hyaluronihappoa-sisaltava-ravitseva-ja-kosteuttava-paivavoide","status":"publish","type":"product","link":"https:\/\/tilk.bio\/fi\/verkkokauppa\/nourish-me-hyaluronihappoa-sisaltava-ravitseva-ja-kosteuttava-paivavoide\/","title":{"rendered":"Nourish Me  &#8211; hyaluronihappoa sis\u00e4lt\u00e4v\u00e4 ravitseva ja kosteuttava p\u00e4iv\u00e4voide"},"content":{"rendered":"<p>Nourish Me on koostumukseltaan runsas, kosteuttava ja ravitseva p\u00e4iv\u00e4voide. Sen sis\u00e4lt\u00e4m\u00e4 hyaluronihappo sitoo kosteutta, tukee hapen ja ravinteiden kulkua ihosoluihin sek\u00e4 auttaa yhdess\u00e4 kurpitsansiemen\u00f6ljyn kanssa tasoittamaan juonteita.\u00a0 Lis\u00e4ksi hyaluronihappo osallistuu iholle kimmoisuutta antavan kollageenin tuotantoon.<\/p>\n<p>Voiteen salainen ase on Marokon juoksevaksi kullaksi kutsuttu argaani\u00f6ljy, joka sis\u00e4lt\u00e4\u00e4 runsaasti E-vitamiinia ja hy\u00f6dyllisi\u00e4 rasvahappoja. Se kosteuttaa ihoa tehokkaasti v\u00e4hent\u00e4en my\u00f6s kuivan ihon punoitusta ja \u00e4rsytyst\u00e4. Ruusunsiemen-, vehn\u00e4nalkio- ja jojoba\u00f6ljyjen bioaktiiviset ainesosat kosteuttavat, elvytt\u00e4v\u00e4t, vahvistavat ja uudistavat ihoa. Niiden antioksidantit my\u00f6s parantavat ihon rakennetta muuttaen sen pehme\u00e4ksi ja kimmoisaksi. Ruusunsiemen\u00f6ljyn sis\u00e4lt\u00e4m\u00e4t rasvahapot ja A-vitamiini ovat t\u00e4rkeit\u00e4 ihon rakenteen ja s\u00e4vyn parantajia, lis\u00e4ksi \u00f6ljy tukee ihon uudistumista. Vaahtomaisen voiteen tuoksussa yhdistyv\u00e4t laventeli, frankinsensi ja ylang-ylang.<\/p>\n<p>K\u00e4ytt\u00f6: Levit\u00e4 puhdistetuille kasvoille osana aamun ihonhoitorutiinia.<\/p>\n<p>Tuotteen kaikki ainesosat ovat luontaista ja vegaanista alkuper\u00e4\u00e4. Tuotteessa on k\u00e4ytetty\u00a0Saarenmaalta k\u00e4sin poimituista kasveista saatuja \u00f6ljyj\u00e4.<\/p>\n<p>S\u00e4ilytys huoneenl\u00e4mm\u00f6ss\u00e4.<\/p>\n<p>Koko: 10ml\/50ml<br \/>\n<a ref=\"magnificPopup\" href=\"https:\/\/tilk.bio\/wp-content\/uploads\/2016\/01\/Vegan_sign-07.png\"><img loading=\"lazy\" decoding=\"async\" class=\"alignnone wp-image-22658\" src=\"https:\/\/tilk.bio\/wp-content\/uploads\/2016\/01\/Vegan_sign-07.png\" alt=\"\" width=\"100\" height=\"100\" srcset=\"https:\/\/tilk.bio\/wp-content\/uploads\/2016\/01\/Vegan_sign-07.png 165w, https:\/\/tilk.bio\/wp-content\/uploads\/2016\/01\/Vegan_sign-07-150x150.png 150w\" sizes=\"auto, (max-width: 100px) 100vw, 100px\" \/><\/a><\/p>\n","protected":false},"excerpt":{"rendered":"<p>Nourish Me on koostumukseltaan runsas, kosteuttava ja ravitseva p\u00e4iv\u00e4voide. Sen sis\u00e4lt\u00e4m\u00e4 hyaluronihappo sitoo kosteutta, tukee hapen ja ravinteiden kulkua ihosoluihin sek\u00e4 auttaa yhdess\u00e4 kurpitsansiemen\u00f6ljyn kanssa tasoittamaan juonteita.\u00a0 Lis\u00e4ksi hyaluronihappo osallistuu iholle kimmoisuutta antavan kollageenin tuotantoon. Voiteen salainen ase on Marokon juoksevaksi kullaksi kutsuttu argaani\u00f6ljy, joka sis\u00e4lt\u00e4\u00e4 runsaasti E-vitamiinia ja hy\u00f6dyllisi\u00e4 rasvahappoja. Se kosteuttaa ihoa tehokkaasti&#8230;<\/p>\n","protected":false},"featured_media":71771,"comment_status":"open","ping_status":"closed","template":"","meta":{"_acf_changed":false},"product_brand":[],"product_cat":[741,729,740,501,512,630,737,742,671,730],"product_tag":[739,745,743,744],"class_list":{"0":"post-57156","1":"product","2":"type-product","3":"status-publish","4":"has-post-thumbnail","6":"product_cat-epatasainen-iho","7":"product_cat-herkka-iho","8":"product_cat-ikaantyva-iho","9":"product_cat-kaikki-tuotteet","10":"product_cat-kasvohoito","11":"product_cat-kasvovoiteet","12":"product_cat-kuiva-iho","13":"product_cat-normaali-ja-sekaiho","14":"product_cat-spaattelin-mahdollisuus","15":"product_cat-tilk-herbal-fi","16":"product_tag-elainkokeeton","17":"product_tag-lasi","18":"product_tag-palmuoljyton","19":"product_tag-vegaaninen","21":"first","22":"instock","23":"taxable","24":"shipping-taxable","25":"purchasable","26":"product-type-variable"},"acf":[],"yoast_head":"<!-- This site is optimized with the Yoast SEO plugin v27.3 - https:\/\/yoast.com\/product\/yoast-seo-wordpress\/ -->\n<title>Nourish Me - hyaluronihappoa sis\u00e4lt\u00e4v\u00e4 ravitseva ja kosteuttava p\u00e4iv\u00e4voide - Tilk!<\/title>\n<meta name=\"robots\" content=\"index, follow, max-snippet:-1, max-image-preview:large, max-video-preview:-1\" \/>\n<link rel=\"canonical\" href=\"https:\/\/tilk.bio\/fi\/verkkokauppa\/nourish-me-hyaluronihappoa-sisaltava-ravitseva-ja-kosteuttava-paivavoide\/\" \/>\n<meta property=\"og:locale\" content=\"fi_FI\" \/>\n<meta property=\"og:type\" content=\"article\" \/>\n<meta property=\"og:title\" content=\"Nourish Me - hyaluronihappoa sis\u00e4lt\u00e4v\u00e4 ravitseva ja kosteuttava p\u00e4iv\u00e4voide - Tilk!\" \/>\n<meta property=\"og:description\" content=\"Nourish Me on koostumukseltaan runsas, kosteuttava ja ravitseva p\u00e4iv\u00e4voide. Sen sis\u00e4lt\u00e4m\u00e4 hyaluronihappo sitoo kosteutta, tukee hapen ja ravinteiden kulkua ihosoluihin sek\u00e4 auttaa yhdess\u00e4 kurpitsansiemen\u00f6ljyn kanssa tasoittamaan juonteita.\u00a0 Lis\u00e4ksi hyaluronihappo osallistuu iholle kimmoisuutta antavan kollageenin tuotantoon. Voiteen salainen ase on Marokon juoksevaksi kullaksi kutsuttu argaani\u00f6ljy, joka sis\u00e4lt\u00e4\u00e4 runsaasti E-vitamiinia ja hy\u00f6dyllisi\u00e4 rasvahappoja. Se kosteuttaa ihoa tehokkaasti...\" \/>\n<meta property=\"og:url\" content=\"https:\/\/tilk.bio\/fi\/verkkokauppa\/nourish-me-hyaluronihappoa-sisaltava-ravitseva-ja-kosteuttava-paivavoide\/\" \/>\n<meta property=\"og:site_name\" content=\"Tilk!\" \/>\n<meta property=\"article:publisher\" content=\"https:\/\/www.facebook.com\/tilk.bio\/\" \/>\n<meta property=\"article:modified_time\" content=\"2026-04-14T07:15:10+00:00\" \/>\n<meta property=\"og:image\" content=\"https:\/\/tilk.bio\/wp-content\/uploads\/2020\/12\/1.jpg\" \/>\n\t<meta property=\"og:image:width\" content=\"1200\" \/>\n\t<meta property=\"og:image:height\" content=\"1200\" \/>\n\t<meta property=\"og:image:type\" content=\"image\/jpeg\" \/>\n<meta name=\"twitter:card\" content=\"summary_large_image\" \/>\n<meta name=\"twitter:label1\" content=\"Arvioitu lukuaika\" \/>\n\t<meta name=\"twitter:data1\" content=\"1 minuutti\" \/>\n<script type=\"application\/ld+json\" class=\"yoast-schema-graph\">{\"@context\":\"https:\\\/\\\/schema.org\",\"@graph\":[{\"@type\":\"WebPage\",\"@id\":\"https:\\\/\\\/tilk.bio\\\/fi\\\/verkkokauppa\\\/nourish-me-hyaluronihappoa-sisaltava-ravitseva-ja-kosteuttava-paivavoide\\\/\",\"url\":\"https:\\\/\\\/tilk.bio\\\/fi\\\/verkkokauppa\\\/nourish-me-hyaluronihappoa-sisaltava-ravitseva-ja-kosteuttava-paivavoide\\\/\",\"name\":\"Nourish Me - hyaluronihappoa sis\u00e4lt\u00e4v\u00e4 ravitseva ja kosteuttava p\u00e4iv\u00e4voide - Tilk!\",\"isPartOf\":{\"@id\":\"https:\\\/\\\/tilk.bio\\\/et\\\/#website\"},\"primaryImageOfPage\":{\"@id\":\"https:\\\/\\\/tilk.bio\\\/fi\\\/verkkokauppa\\\/nourish-me-hyaluronihappoa-sisaltava-ravitseva-ja-kosteuttava-paivavoide\\\/#primaryimage\"},\"image\":{\"@id\":\"https:\\\/\\\/tilk.bio\\\/fi\\\/verkkokauppa\\\/nourish-me-hyaluronihappoa-sisaltava-ravitseva-ja-kosteuttava-paivavoide\\\/#primaryimage\"},\"thumbnailUrl\":\"https:\\\/\\\/tilk.bio\\\/wp-content\\\/uploads\\\/2020\\\/12\\\/1.jpg\",\"datePublished\":\"2020-04-28T22:22:33+00:00\",\"dateModified\":\"2026-04-14T07:15:10+00:00\",\"breadcrumb\":{\"@id\":\"https:\\\/\\\/tilk.bio\\\/fi\\\/verkkokauppa\\\/nourish-me-hyaluronihappoa-sisaltava-ravitseva-ja-kosteuttava-paivavoide\\\/#breadcrumb\"},\"inLanguage\":\"fi\",\"potentialAction\":[{\"@type\":\"ReadAction\",\"target\":[\"https:\\\/\\\/tilk.bio\\\/fi\\\/verkkokauppa\\\/nourish-me-hyaluronihappoa-sisaltava-ravitseva-ja-kosteuttava-paivavoide\\\/\"]}]},{\"@type\":\"ImageObject\",\"inLanguage\":\"fi\",\"@id\":\"https:\\\/\\\/tilk.bio\\\/fi\\\/verkkokauppa\\\/nourish-me-hyaluronihappoa-sisaltava-ravitseva-ja-kosteuttava-paivavoide\\\/#primaryimage\",\"url\":\"https:\\\/\\\/tilk.bio\\\/wp-content\\\/uploads\\\/2020\\\/12\\\/1.jpg\",\"contentUrl\":\"https:\\\/\\\/tilk.bio\\\/wp-content\\\/uploads\\\/2020\\\/12\\\/1.jpg\",\"width\":1200,\"height\":1200},{\"@type\":\"BreadcrumbList\",\"@id\":\"https:\\\/\\\/tilk.bio\\\/fi\\\/verkkokauppa\\\/nourish-me-hyaluronihappoa-sisaltava-ravitseva-ja-kosteuttava-paivavoide\\\/#breadcrumb\",\"itemListElement\":[{\"@type\":\"ListItem\",\"position\":1,\"name\":\"Home\",\"item\":\"https:\\\/\\\/tilk.bio\\\/fi\\\/\"},{\"@type\":\"ListItem\",\"position\":2,\"name\":\"Verkkokauppa\",\"item\":\"https:\\\/\\\/tilk.bio\\\/fi\\\/verkkokauppa\\\/\"},{\"@type\":\"ListItem\",\"position\":3,\"name\":\"Nourish Me &#8211; hyaluronihappoa sis\u00e4lt\u00e4v\u00e4 ravitseva ja kosteuttava p\u00e4iv\u00e4voide\"}]},{\"@type\":\"WebSite\",\"@id\":\"https:\\\/\\\/tilk.bio\\\/et\\\/#website\",\"url\":\"https:\\\/\\\/tilk.bio\\\/et\\\/\",\"name\":\"Tilk!\",\"description\":\"Natural and sustainable skincare!\",\"potentialAction\":[{\"@type\":\"SearchAction\",\"target\":{\"@type\":\"EntryPoint\",\"urlTemplate\":\"https:\\\/\\\/tilk.bio\\\/et\\\/?s={search_term_string}\"},\"query-input\":{\"@type\":\"PropertyValueSpecification\",\"valueRequired\":true,\"valueName\":\"search_term_string\"}}],\"inLanguage\":\"fi\"}]}<\/script>\n<!-- \/ Yoast SEO plugin. -->","yoast_head_json":{"title":"Nourish Me - hyaluronihappoa sis\u00e4lt\u00e4v\u00e4 ravitseva ja kosteuttava p\u00e4iv\u00e4voide - Tilk!","robots":{"index":"index","follow":"follow","max-snippet":"max-snippet:-1","max-image-preview":"max-image-preview:large","max-video-preview":"max-video-preview:-1"},"canonical":"https:\/\/tilk.bio\/fi\/verkkokauppa\/nourish-me-hyaluronihappoa-sisaltava-ravitseva-ja-kosteuttava-paivavoide\/","og_locale":"fi_FI","og_type":"article","og_title":"Nourish Me - hyaluronihappoa sis\u00e4lt\u00e4v\u00e4 ravitseva ja kosteuttava p\u00e4iv\u00e4voide - Tilk!","og_description":"Nourish Me on koostumukseltaan runsas, kosteuttava ja ravitseva p\u00e4iv\u00e4voide. Sen sis\u00e4lt\u00e4m\u00e4 hyaluronihappo sitoo kosteutta, tukee hapen ja ravinteiden kulkua ihosoluihin sek\u00e4 auttaa yhdess\u00e4 kurpitsansiemen\u00f6ljyn kanssa tasoittamaan juonteita.\u00a0 Lis\u00e4ksi hyaluronihappo osallistuu iholle kimmoisuutta antavan kollageenin tuotantoon. Voiteen salainen ase on Marokon juoksevaksi kullaksi kutsuttu argaani\u00f6ljy, joka sis\u00e4lt\u00e4\u00e4 runsaasti E-vitamiinia ja hy\u00f6dyllisi\u00e4 rasvahappoja. Se kosteuttaa ihoa tehokkaasti...","og_url":"https:\/\/tilk.bio\/fi\/verkkokauppa\/nourish-me-hyaluronihappoa-sisaltava-ravitseva-ja-kosteuttava-paivavoide\/","og_site_name":"Tilk!","article_publisher":"https:\/\/www.facebook.com\/tilk.bio\/","article_modified_time":"2026-04-14T07:15:10+00:00","og_image":[{"width":1200,"height":1200,"url":"https:\/\/tilk.bio\/wp-content\/uploads\/2020\/12\/1.jpg","type":"image\/jpeg"}],"twitter_card":"summary_large_image","twitter_misc":{"Arvioitu lukuaika":"1 minuutti"},"schema":{"@context":"https:\/\/schema.org","@graph":[{"@type":"WebPage","@id":"https:\/\/tilk.bio\/fi\/verkkokauppa\/nourish-me-hyaluronihappoa-sisaltava-ravitseva-ja-kosteuttava-paivavoide\/","url":"https:\/\/tilk.bio\/fi\/verkkokauppa\/nourish-me-hyaluronihappoa-sisaltava-ravitseva-ja-kosteuttava-paivavoide\/","name":"Nourish Me - hyaluronihappoa sis\u00e4lt\u00e4v\u00e4 ravitseva ja kosteuttava p\u00e4iv\u00e4voide - Tilk!","isPartOf":{"@id":"https:\/\/tilk.bio\/et\/#website"},"primaryImageOfPage":{"@id":"https:\/\/tilk.bio\/fi\/verkkokauppa\/nourish-me-hyaluronihappoa-sisaltava-ravitseva-ja-kosteuttava-paivavoide\/#primaryimage"},"image":{"@id":"https:\/\/tilk.bio\/fi\/verkkokauppa\/nourish-me-hyaluronihappoa-sisaltava-ravitseva-ja-kosteuttava-paivavoide\/#primaryimage"},"thumbnailUrl":"https:\/\/tilk.bio\/wp-content\/uploads\/2020\/12\/1.jpg","datePublished":"2020-04-28T22:22:33+00:00","dateModified":"2026-04-14T07:15:10+00:00","breadcrumb":{"@id":"https:\/\/tilk.bio\/fi\/verkkokauppa\/nourish-me-hyaluronihappoa-sisaltava-ravitseva-ja-kosteuttava-paivavoide\/#breadcrumb"},"inLanguage":"fi","potentialAction":[{"@type":"ReadAction","target":["https:\/\/tilk.bio\/fi\/verkkokauppa\/nourish-me-hyaluronihappoa-sisaltava-ravitseva-ja-kosteuttava-paivavoide\/"]}]},{"@type":"ImageObject","inLanguage":"fi","@id":"https:\/\/tilk.bio\/fi\/verkkokauppa\/nourish-me-hyaluronihappoa-sisaltava-ravitseva-ja-kosteuttava-paivavoide\/#primaryimage","url":"https:\/\/tilk.bio\/wp-content\/uploads\/2020\/12\/1.jpg","contentUrl":"https:\/\/tilk.bio\/wp-content\/uploads\/2020\/12\/1.jpg","width":1200,"height":1200},{"@type":"BreadcrumbList","@id":"https:\/\/tilk.bio\/fi\/verkkokauppa\/nourish-me-hyaluronihappoa-sisaltava-ravitseva-ja-kosteuttava-paivavoide\/#breadcrumb","itemListElement":[{"@type":"ListItem","position":1,"name":"Home","item":"https:\/\/tilk.bio\/fi\/"},{"@type":"ListItem","position":2,"name":"Verkkokauppa","item":"https:\/\/tilk.bio\/fi\/verkkokauppa\/"},{"@type":"ListItem","position":3,"name":"Nourish Me &#8211; hyaluronihappoa sis\u00e4lt\u00e4v\u00e4 ravitseva ja kosteuttava p\u00e4iv\u00e4voide"}]},{"@type":"WebSite","@id":"https:\/\/tilk.bio\/et\/#website","url":"https:\/\/tilk.bio\/et\/","name":"Tilk!","description":"Natural and sustainable skincare!","potentialAction":[{"@type":"SearchAction","target":{"@type":"EntryPoint","urlTemplate":"https:\/\/tilk.bio\/et\/?s={search_term_string}"},"query-input":{"@type":"PropertyValueSpecification","valueRequired":true,"valueName":"search_term_string"}}],"inLanguage":"fi"}]}},"_links":{"self":[{"href":"https:\/\/tilk.bio\/fi\/wp-json\/wp\/v2\/product\/57156","targetHints":{"allow":["GET"]}}],"collection":[{"href":"https:\/\/tilk.bio\/fi\/wp-json\/wp\/v2\/product"}],"about":[{"href":"https:\/\/tilk.bio\/fi\/wp-json\/wp\/v2\/types\/product"}],"replies":[{"embeddable":true,"href":"https:\/\/tilk.bio\/fi\/wp-json\/wp\/v2\/comments?post=57156"}],"wp:featuredmedia":[{"embeddable":true,"href":"https:\/\/tilk.bio\/fi\/wp-json\/wp\/v2\/media\/71771"}],"wp:attachment":[{"href":"https:\/\/tilk.bio\/fi\/wp-json\/wp\/v2\/media?parent=57156"}],"wp:term":[{"taxonomy":"product_brand","embeddable":true,"href":"https:\/\/tilk.bio\/fi\/wp-json\/wp\/v2\/product_brand?post=57156"},{"taxonomy":"product_cat","embeddable":true,"href":"https:\/\/tilk.bio\/fi\/wp-json\/wp\/v2\/product_cat?post=57156"},{"taxonomy":"product_tag","embeddable":true,"href":"https:\/\/tilk.bio\/fi\/wp-json\/wp\/v2\/product_tag?post=57156"}],"curies":[{"name":"wp","href":"https:\/\/api.w.org\/{rel}","templated":true}]}}