{"id":57161,"date":"2020-06-08T13:37:27","date_gmt":"2020-06-08T13:37:27","guid":{"rendered":"https:\/\/tilk.bio\/shop\/blossom-me-poimulehtea-ja-hyaluronihappoa-sisaltava-nuorentava-paivavoide\/"},"modified":"2026-04-12T16:15:04","modified_gmt":"2026-04-12T13:15:04","slug":"blossom-me-poimulehtea-ja-hyaluronihappoa-sisaltava-nuorentava-paivavoide","status":"publish","type":"product","link":"https:\/\/tilk.bio\/fi\/verkkokauppa\/blossom-me-poimulehtea-ja-hyaluronihappoa-sisaltava-nuorentava-paivavoide\/","title":{"rendered":"Blossom Me \u2013 poimulehte\u00e4 ja hyaluronihappoa sis\u00e4lt\u00e4v\u00e4 nuorentava p\u00e4iv\u00e4voide"},"content":{"rendered":"<p>Blossom Me on nuorentava ja ravitseva p\u00e4iv\u00e4voide, joka sis\u00e4lt\u00e4\u00e4 iholle kauniin s\u00e4vyn ja hohteen antavaa hyaluronihappoa. Soveltuu kuivalle iholle ja ennenaikaisia ik\u00e4\u00e4ntymisen merkkej\u00e4 vastaan.<\/p>\n<p>Koostumukseltaan runsas ja antioksidanttipitoinen poimulehti-salviauute nuorentaa ja rauhoittaa ihoa. Poimulehte\u00e4 on pidetty kautta aikojen kauniin ihon ja nuoruuden l\u00e4hteen\u00e4. Sen sis\u00e4lt\u00e4m\u00e4t antioksidantit auttavat taistelussa vapaita radikaaleja vastaan sek\u00e4 tekev\u00e4t ihosta kauniin ja kimmoisan. Poimulehti my\u00f6s supistaa ihohuokosia ja tasoittaa ihoa. Salvian bioaktiiviset ainesosat rauhoittavat \u00e4rtynytt\u00e4 ihoa ja v\u00e4hent\u00e4v\u00e4t punoitusta, sen antioksidantit taas auttavat s\u00e4ilytt\u00e4m\u00e4\u00e4n ihon nuorekkuuden.<\/p>\n<p>Hyaluronihappo on tehokas kosteuttaja, joka my\u00f6s kuljettaa happea ja ravinteita ihosoluihin. Lis\u00e4ksi hyaluronihappo osallistuu iholle kimmoisuutta antavan ja juonteita tasoittavan kollageenin tuotantoon. Kurpitsansiemen\u00f6ljyn sis\u00e4lt\u00e4m\u00e4t antioksidantit ja vitamiinit suojaavat ihoa ik\u00e4\u00e4ntymiselt\u00e4 ja auttavat v\u00e4hent\u00e4m\u00e4\u00e4n ryppyjen syntymist\u00e4. E-vitamiinia ja hy\u00f6dyllisi\u00e4 rasvahappoja sis\u00e4lt\u00e4v\u00e4 argaani\u00f6ljy kosteuttaa ihoa sek\u00e4 v\u00e4hent\u00e4\u00e4 kuivan ihon punoitusta ja \u00e4rsytyst\u00e4. Ruusunsiemen-, vehn\u00e4nalkio- ja jojoba\u00f6ljyjen bioaktiiviset ainesosat kosteuttavat, elvytt\u00e4v\u00e4t, vahvistavat ja uudistavat ihoa. Niiden antioksidantit my\u00f6s parantavat ihon rakennetta muuttaen sen pehme\u00e4ksi ja kimmoisaksi. Ruusunsiemen\u00f6ljyn sis\u00e4lt\u00e4m\u00e4t rasvahapot ja A-vitamiini ovat t\u00e4rkeit\u00e4 ihon rakenteen ja s\u00e4vyn parantajia. Voiteen tuoksussa yhdistyv\u00e4t laventeli, frankinsensi ja ylang-ylang.<\/p>\n<p>K\u00e4ytt\u00f6: Levit\u00e4 puhdistetuille kasvoille osana aamun ihonhoitorutiinia. Nuorentava ja ravitseva voide soveltuu kuivan ja ik\u00e4\u00e4ntymisen merkkej\u00e4 osoittavan ihon kosteutukseen. T\u00e4ydent\u00e4v\u00e4ksi y\u00f6voiteeksi soveltuu <a href=\"https:\/\/tilk.bio\/fi\/verkkokauppa\/spoon-me-ravitseva-yovoide\/\">Spoon Me<\/a>.<\/p>\n<p>Tuotteen kaikki ainesosat ovat luontaista ja vegaanista alkuper\u00e4\u00e4. Tuotteessa on k\u00e4ytetty Saarenmaalta k\u00e4sin poimituista kasveista saatuja \u00f6ljyj\u00e4.<\/p>\n<p>S\u00e4ilytys huoneenl\u00e4mm\u00f6ss\u00e4.<\/p>\n<p>Koko: 10ml\/50ml<\/p>\n<p><a ref=\"magnificPopup\" href=\"https:\/\/tilk.bio\/wp-content\/uploads\/2016\/01\/Vegan_sign-07.png\"><img loading=\"lazy\" decoding=\"async\" class=\"alignnone wp-image-22658\" src=\"https:\/\/tilk.bio\/wp-content\/uploads\/2016\/01\/Vegan_sign-07.png\" alt=\"\" width=\"84\" height=\"84\" srcset=\"https:\/\/tilk.bio\/wp-content\/uploads\/2016\/01\/Vegan_sign-07.png 165w, https:\/\/tilk.bio\/wp-content\/uploads\/2016\/01\/Vegan_sign-07-150x150.png 150w\" sizes=\"auto, (max-width: 84px) 100vw, 84px\" \/><\/a><\/p>\n","protected":false},"excerpt":{"rendered":"<p>Blossom Me on nuorentava ja ravitseva p\u00e4iv\u00e4voide, joka sis\u00e4lt\u00e4\u00e4 iholle kauniin s\u00e4vyn ja hohteen antavaa hyaluronihappoa. Soveltuu kuivalle iholle ja ennenaikaisia ik\u00e4\u00e4ntymisen merkkej\u00e4 vastaan. Koostumukseltaan runsas ja antioksidanttipitoinen poimulehti-salviauute nuorentaa ja rauhoittaa ihoa. Poimulehte\u00e4 on pidetty kautta aikojen kauniin ihon ja nuoruuden l\u00e4hteen\u00e4. Sen sis\u00e4lt\u00e4m\u00e4t antioksidantit auttavat taistelussa vapaita radikaaleja vastaan sek\u00e4 tekev\u00e4t ihosta kauniin&#8230;<\/p>\n","protected":false},"featured_media":71254,"comment_status":"open","ping_status":"closed","template":"","meta":{"_acf_changed":false},"product_brand":[],"product_cat":[741,729,740,501,512,630,737,502,742,730],"product_tag":[739,746,743,744],"class_list":{"0":"post-57161","1":"product","2":"type-product","3":"status-publish","4":"has-post-thumbnail","6":"product_cat-epatasainen-iho","7":"product_cat-herkka-iho","8":"product_cat-ikaantyva-iho","9":"product_cat-kaikki-tuotteet","10":"product_cat-kasvohoito","11":"product_cat-kasvovoiteet","12":"product_cat-kuiva-iho","13":"product_cat-myydyimmat","14":"product_cat-normaali-ja-sekaiho","15":"product_cat-tilk-herbal-fi","16":"product_tag-elainkokeeton","17":"product_tag-kestava","18":"product_tag-palmuoljyton","19":"product_tag-vegaaninen","21":"first","22":"instock","23":"taxable","24":"shipping-taxable","25":"purchasable","26":"product-type-variable"},"acf":[],"yoast_head":"<!-- This site is optimized with the Yoast SEO plugin v27.3 - https:\/\/yoast.com\/product\/yoast-seo-wordpress\/ -->\n<title>Blossom Me \u2013 poimulehte\u00e4 ja hyaluronihappoa sis\u00e4lt\u00e4v\u00e4 nuorentava p\u00e4iv\u00e4voide - Tilk!<\/title>\n<meta name=\"robots\" content=\"index, follow, max-snippet:-1, max-image-preview:large, max-video-preview:-1\" \/>\n<link rel=\"canonical\" href=\"https:\/\/tilk.bio\/fi\/verkkokauppa\/blossom-me-poimulehtea-ja-hyaluronihappoa-sisaltava-nuorentava-paivavoide\/\" \/>\n<meta property=\"og:locale\" content=\"fi_FI\" \/>\n<meta property=\"og:type\" content=\"article\" \/>\n<meta property=\"og:title\" content=\"Blossom Me \u2013 poimulehte\u00e4 ja hyaluronihappoa sis\u00e4lt\u00e4v\u00e4 nuorentava p\u00e4iv\u00e4voide - Tilk!\" \/>\n<meta property=\"og:description\" content=\"Blossom Me on nuorentava ja ravitseva p\u00e4iv\u00e4voide, joka sis\u00e4lt\u00e4\u00e4 iholle kauniin s\u00e4vyn ja hohteen antavaa hyaluronihappoa. Soveltuu kuivalle iholle ja ennenaikaisia ik\u00e4\u00e4ntymisen merkkej\u00e4 vastaan. Koostumukseltaan runsas ja antioksidanttipitoinen poimulehti-salviauute nuorentaa ja rauhoittaa ihoa. Poimulehte\u00e4 on pidetty kautta aikojen kauniin ihon ja nuoruuden l\u00e4hteen\u00e4. Sen sis\u00e4lt\u00e4m\u00e4t antioksidantit auttavat taistelussa vapaita radikaaleja vastaan sek\u00e4 tekev\u00e4t ihosta kauniin...\" \/>\n<meta property=\"og:url\" content=\"https:\/\/tilk.bio\/fi\/verkkokauppa\/blossom-me-poimulehtea-ja-hyaluronihappoa-sisaltava-nuorentava-paivavoide\/\" \/>\n<meta property=\"og:site_name\" content=\"Tilk!\" \/>\n<meta property=\"article:publisher\" content=\"https:\/\/www.facebook.com\/tilk.bio\/\" \/>\n<meta property=\"article:modified_time\" content=\"2026-04-12T13:15:04+00:00\" \/>\n<meta property=\"og:image\" content=\"https:\/\/tilk.bio\/wp-content\/uploads\/2020\/06\/blossom1200x628.png\" \/>\n<meta name=\"twitter:card\" content=\"summary_large_image\" \/>\n<meta name=\"twitter:label1\" content=\"Arvioitu lukuaika\" \/>\n\t<meta name=\"twitter:data1\" content=\"1 minuutti\" \/>\n<script type=\"application\/ld+json\" class=\"yoast-schema-graph\">{\"@context\":\"https:\\\/\\\/schema.org\",\"@graph\":[{\"@type\":\"WebPage\",\"@id\":\"https:\\\/\\\/tilk.bio\\\/fi\\\/verkkokauppa\\\/blossom-me-poimulehtea-ja-hyaluronihappoa-sisaltava-nuorentava-paivavoide\\\/\",\"url\":\"https:\\\/\\\/tilk.bio\\\/fi\\\/verkkokauppa\\\/blossom-me-poimulehtea-ja-hyaluronihappoa-sisaltava-nuorentava-paivavoide\\\/\",\"name\":\"Blossom Me \u2013 poimulehte\u00e4 ja hyaluronihappoa sis\u00e4lt\u00e4v\u00e4 nuorentava p\u00e4iv\u00e4voide - Tilk!\",\"isPartOf\":{\"@id\":\"https:\\\/\\\/tilk.bio\\\/et\\\/#website\"},\"primaryImageOfPage\":{\"@id\":\"https:\\\/\\\/tilk.bio\\\/fi\\\/verkkokauppa\\\/blossom-me-poimulehtea-ja-hyaluronihappoa-sisaltava-nuorentava-paivavoide\\\/#primaryimage\"},\"image\":{\"@id\":\"https:\\\/\\\/tilk.bio\\\/fi\\\/verkkokauppa\\\/blossom-me-poimulehtea-ja-hyaluronihappoa-sisaltava-nuorentava-paivavoide\\\/#primaryimage\"},\"thumbnailUrl\":\"https:\\\/\\\/tilk.bio\\\/wp-content\\\/uploads\\\/2020\\\/06\\\/Untitled-design-58.jpg\",\"datePublished\":\"2020-06-08T13:37:27+00:00\",\"dateModified\":\"2026-04-12T13:15:04+00:00\",\"breadcrumb\":{\"@id\":\"https:\\\/\\\/tilk.bio\\\/fi\\\/verkkokauppa\\\/blossom-me-poimulehtea-ja-hyaluronihappoa-sisaltava-nuorentava-paivavoide\\\/#breadcrumb\"},\"inLanguage\":\"fi\",\"potentialAction\":[{\"@type\":\"ReadAction\",\"target\":[\"https:\\\/\\\/tilk.bio\\\/fi\\\/verkkokauppa\\\/blossom-me-poimulehtea-ja-hyaluronihappoa-sisaltava-nuorentava-paivavoide\\\/\"]}]},{\"@type\":\"ImageObject\",\"inLanguage\":\"fi\",\"@id\":\"https:\\\/\\\/tilk.bio\\\/fi\\\/verkkokauppa\\\/blossom-me-poimulehtea-ja-hyaluronihappoa-sisaltava-nuorentava-paivavoide\\\/#primaryimage\",\"url\":\"https:\\\/\\\/tilk.bio\\\/wp-content\\\/uploads\\\/2020\\\/06\\\/Untitled-design-58.jpg\",\"contentUrl\":\"https:\\\/\\\/tilk.bio\\\/wp-content\\\/uploads\\\/2020\\\/06\\\/Untitled-design-58.jpg\",\"width\":1200,\"height\":1200,\"caption\":\"Blossom Me\"},{\"@type\":\"BreadcrumbList\",\"@id\":\"https:\\\/\\\/tilk.bio\\\/fi\\\/verkkokauppa\\\/blossom-me-poimulehtea-ja-hyaluronihappoa-sisaltava-nuorentava-paivavoide\\\/#breadcrumb\",\"itemListElement\":[{\"@type\":\"ListItem\",\"position\":1,\"name\":\"Home\",\"item\":\"https:\\\/\\\/tilk.bio\\\/fi\\\/\"},{\"@type\":\"ListItem\",\"position\":2,\"name\":\"Verkkokauppa\",\"item\":\"https:\\\/\\\/tilk.bio\\\/fi\\\/verkkokauppa\\\/\"},{\"@type\":\"ListItem\",\"position\":3,\"name\":\"Blossom Me \u2013 poimulehte\u00e4 ja hyaluronihappoa sis\u00e4lt\u00e4v\u00e4 nuorentava p\u00e4iv\u00e4voide\"}]},{\"@type\":\"WebSite\",\"@id\":\"https:\\\/\\\/tilk.bio\\\/et\\\/#website\",\"url\":\"https:\\\/\\\/tilk.bio\\\/et\\\/\",\"name\":\"Tilk!\",\"description\":\"Natural and sustainable skincare!\",\"potentialAction\":[{\"@type\":\"SearchAction\",\"target\":{\"@type\":\"EntryPoint\",\"urlTemplate\":\"https:\\\/\\\/tilk.bio\\\/et\\\/?s={search_term_string}\"},\"query-input\":{\"@type\":\"PropertyValueSpecification\",\"valueRequired\":true,\"valueName\":\"search_term_string\"}}],\"inLanguage\":\"fi\"}]}<\/script>\n<!-- \/ Yoast SEO plugin. -->","yoast_head_json":{"title":"Blossom Me \u2013 poimulehte\u00e4 ja hyaluronihappoa sis\u00e4lt\u00e4v\u00e4 nuorentava p\u00e4iv\u00e4voide - Tilk!","robots":{"index":"index","follow":"follow","max-snippet":"max-snippet:-1","max-image-preview":"max-image-preview:large","max-video-preview":"max-video-preview:-1"},"canonical":"https:\/\/tilk.bio\/fi\/verkkokauppa\/blossom-me-poimulehtea-ja-hyaluronihappoa-sisaltava-nuorentava-paivavoide\/","og_locale":"fi_FI","og_type":"article","og_title":"Blossom Me \u2013 poimulehte\u00e4 ja hyaluronihappoa sis\u00e4lt\u00e4v\u00e4 nuorentava p\u00e4iv\u00e4voide - Tilk!","og_description":"Blossom Me on nuorentava ja ravitseva p\u00e4iv\u00e4voide, joka sis\u00e4lt\u00e4\u00e4 iholle kauniin s\u00e4vyn ja hohteen antavaa hyaluronihappoa. Soveltuu kuivalle iholle ja ennenaikaisia ik\u00e4\u00e4ntymisen merkkej\u00e4 vastaan. Koostumukseltaan runsas ja antioksidanttipitoinen poimulehti-salviauute nuorentaa ja rauhoittaa ihoa. Poimulehte\u00e4 on pidetty kautta aikojen kauniin ihon ja nuoruuden l\u00e4hteen\u00e4. Sen sis\u00e4lt\u00e4m\u00e4t antioksidantit auttavat taistelussa vapaita radikaaleja vastaan sek\u00e4 tekev\u00e4t ihosta kauniin...","og_url":"https:\/\/tilk.bio\/fi\/verkkokauppa\/blossom-me-poimulehtea-ja-hyaluronihappoa-sisaltava-nuorentava-paivavoide\/","og_site_name":"Tilk!","article_publisher":"https:\/\/www.facebook.com\/tilk.bio\/","article_modified_time":"2026-04-12T13:15:04+00:00","og_image":[{"url":"https:\/\/tilk.bio\/wp-content\/uploads\/2020\/06\/blossom1200x628.png","type":"","width":"","height":""}],"twitter_card":"summary_large_image","twitter_misc":{"Arvioitu lukuaika":"1 minuutti"},"schema":{"@context":"https:\/\/schema.org","@graph":[{"@type":"WebPage","@id":"https:\/\/tilk.bio\/fi\/verkkokauppa\/blossom-me-poimulehtea-ja-hyaluronihappoa-sisaltava-nuorentava-paivavoide\/","url":"https:\/\/tilk.bio\/fi\/verkkokauppa\/blossom-me-poimulehtea-ja-hyaluronihappoa-sisaltava-nuorentava-paivavoide\/","name":"Blossom Me \u2013 poimulehte\u00e4 ja hyaluronihappoa sis\u00e4lt\u00e4v\u00e4 nuorentava p\u00e4iv\u00e4voide - Tilk!","isPartOf":{"@id":"https:\/\/tilk.bio\/et\/#website"},"primaryImageOfPage":{"@id":"https:\/\/tilk.bio\/fi\/verkkokauppa\/blossom-me-poimulehtea-ja-hyaluronihappoa-sisaltava-nuorentava-paivavoide\/#primaryimage"},"image":{"@id":"https:\/\/tilk.bio\/fi\/verkkokauppa\/blossom-me-poimulehtea-ja-hyaluronihappoa-sisaltava-nuorentava-paivavoide\/#primaryimage"},"thumbnailUrl":"https:\/\/tilk.bio\/wp-content\/uploads\/2020\/06\/Untitled-design-58.jpg","datePublished":"2020-06-08T13:37:27+00:00","dateModified":"2026-04-12T13:15:04+00:00","breadcrumb":{"@id":"https:\/\/tilk.bio\/fi\/verkkokauppa\/blossom-me-poimulehtea-ja-hyaluronihappoa-sisaltava-nuorentava-paivavoide\/#breadcrumb"},"inLanguage":"fi","potentialAction":[{"@type":"ReadAction","target":["https:\/\/tilk.bio\/fi\/verkkokauppa\/blossom-me-poimulehtea-ja-hyaluronihappoa-sisaltava-nuorentava-paivavoide\/"]}]},{"@type":"ImageObject","inLanguage":"fi","@id":"https:\/\/tilk.bio\/fi\/verkkokauppa\/blossom-me-poimulehtea-ja-hyaluronihappoa-sisaltava-nuorentava-paivavoide\/#primaryimage","url":"https:\/\/tilk.bio\/wp-content\/uploads\/2020\/06\/Untitled-design-58.jpg","contentUrl":"https:\/\/tilk.bio\/wp-content\/uploads\/2020\/06\/Untitled-design-58.jpg","width":1200,"height":1200,"caption":"Blossom Me"},{"@type":"BreadcrumbList","@id":"https:\/\/tilk.bio\/fi\/verkkokauppa\/blossom-me-poimulehtea-ja-hyaluronihappoa-sisaltava-nuorentava-paivavoide\/#breadcrumb","itemListElement":[{"@type":"ListItem","position":1,"name":"Home","item":"https:\/\/tilk.bio\/fi\/"},{"@type":"ListItem","position":2,"name":"Verkkokauppa","item":"https:\/\/tilk.bio\/fi\/verkkokauppa\/"},{"@type":"ListItem","position":3,"name":"Blossom Me \u2013 poimulehte\u00e4 ja hyaluronihappoa sis\u00e4lt\u00e4v\u00e4 nuorentava p\u00e4iv\u00e4voide"}]},{"@type":"WebSite","@id":"https:\/\/tilk.bio\/et\/#website","url":"https:\/\/tilk.bio\/et\/","name":"Tilk!","description":"Natural and sustainable skincare!","potentialAction":[{"@type":"SearchAction","target":{"@type":"EntryPoint","urlTemplate":"https:\/\/tilk.bio\/et\/?s={search_term_string}"},"query-input":{"@type":"PropertyValueSpecification","valueRequired":true,"valueName":"search_term_string"}}],"inLanguage":"fi"}]}},"_links":{"self":[{"href":"https:\/\/tilk.bio\/fi\/wp-json\/wp\/v2\/product\/57161","targetHints":{"allow":["GET"]}}],"collection":[{"href":"https:\/\/tilk.bio\/fi\/wp-json\/wp\/v2\/product"}],"about":[{"href":"https:\/\/tilk.bio\/fi\/wp-json\/wp\/v2\/types\/product"}],"replies":[{"embeddable":true,"href":"https:\/\/tilk.bio\/fi\/wp-json\/wp\/v2\/comments?post=57161"}],"wp:featuredmedia":[{"embeddable":true,"href":"https:\/\/tilk.bio\/fi\/wp-json\/wp\/v2\/media\/71254"}],"wp:attachment":[{"href":"https:\/\/tilk.bio\/fi\/wp-json\/wp\/v2\/media?parent=57161"}],"wp:term":[{"taxonomy":"product_brand","embeddable":true,"href":"https:\/\/tilk.bio\/fi\/wp-json\/wp\/v2\/product_brand?post=57161"},{"taxonomy":"product_cat","embeddable":true,"href":"https:\/\/tilk.bio\/fi\/wp-json\/wp\/v2\/product_cat?post=57161"},{"taxonomy":"product_tag","embeddable":true,"href":"https:\/\/tilk.bio\/fi\/wp-json\/wp\/v2\/product_tag?post=57161"}],"curies":[{"name":"wp","href":"https:\/\/api.w.org\/{rel}","templated":true}]}}