{"id":57168,"date":"2021-11-27T20:21:19","date_gmt":"2021-11-27T18:21:19","guid":{"rendered":"https:\/\/tilk.bio\/shop\/calm-me-teepuuoljya-sisaltava-kevyt-ja-rauhoittava-paivavoide\/"},"modified":"2026-04-09T12:45:04","modified_gmt":"2026-04-09T09:45:04","slug":"calm-me-teepuuoljya-sisaltava-kevyt-ja-rauhoittava-paivavoide","status":"publish","type":"product","link":"https:\/\/tilk.bio\/fi\/verkkokauppa\/calm-me-teepuuoljya-sisaltava-kevyt-ja-rauhoittava-paivavoide\/","title":{"rendered":"Calm Me \u2013 teepuu\u00f6ljy\u00e4 sis\u00e4lt\u00e4v\u00e4 kevyt ja rauhoittava p\u00e4iv\u00e4voide"},"content":{"rendered":"<p>PALKITUSTI PARAS<\/p>\n<p>Calm Me -p\u00e4iv\u00e4voide sis\u00e4lt\u00e4\u00e4 runsaasti vitamiineja ja mineraaleja, jotka ravitsevat ja kosteuttavat ihoa sek\u00e4 antavat sille kauniin s\u00e4vyn. Voide yhdist\u00e4\u00e4 virolaiset yrttiuutteet ja maailman parhaat luonnon ihonhoito\u00f6ljyt \u2013 esimerkiksi virolainen tyrni- ja eksoottinen aprikoosi\u00f6ljy rauhoittavat, pehment\u00e4v\u00e4t, ravitsevat ja uudistavat ihoa. Runsaasti antioksidantteja sis\u00e4lt\u00e4v\u00e4 voide pit\u00e4\u00e4 ihon nuorena ja silkkisen pehme\u00e4n\u00e4.<\/p>\n<p>Teepuu\u00f6ljy tunnetaan tulehduksia hoitavista ja antibakteerisista ominaisuuksistaan, mink\u00e4 vuoksi se sopii my\u00f6s monien iho-ongelmien hoitoon. Runsaasti E-vitamiinia, sinkki\u00e4 sek\u00e4 omega-3- ja omega-5 -rasvahappoja sis\u00e4lt\u00e4v\u00e4 kurpitsansiemen\u00f6ljy on ainutlaatuinen ihon kosteuttaja ja kimmoisuuden lis\u00e4\u00e4j\u00e4. Voide sis\u00e4lt\u00e4\u00e4 my\u00f6s tehokkaita yrtti\u00f6ljyj\u00e4, jotka uudistavat ihoa. Oreganon bioaktiiviset ainesosat hoitavat tulehtunutta ihoa ja lis\u00e4\u00e4v\u00e4t sen vastustuskyky\u00e4. Siank\u00e4rs\u00e4m\u00f6n kukkien sis\u00e4lt\u00e4m\u00e4 kamatsuleeni supistaa ihohuokosia ja piparminttu antaa iholle raikkaan tunnun.<\/p>\n<p>K\u00e4ytt\u00f6: Soveltuu kasvojen p\u00e4ivitt\u00e4iseen hoitoon ja kosteutukseen. K\u00e4yt\u00e4 kasvojen puhdistuksen j\u00e4lkeen.<\/p>\n<p>Tuotteen kaikki ainesosat ovat luontaista ja vegaanista alkuper\u00e4\u00e4. Tuotteessa on k\u00e4ytetty Saarenmaalta k\u00e4sin poimituista kasveista saatuja \u00f6ljyj\u00e4.<\/p>\n<p>S\u00e4ilytys huoneenl\u00e4mm\u00f6ss\u00e4.<\/p>\n<p>Koko: 10ml\/50ml<\/p>\n<p><a ref=\"magnificPopup\" href=\"https:\/\/tilk.bio\/wp-content\/uploads\/2016\/01\/Vegan_sign-07.png\"><img loading=\"lazy\" decoding=\"async\" class=\"alignnone wp-image-22658\" src=\"https:\/\/tilk.bio\/wp-content\/uploads\/2016\/01\/Vegan_sign-07.png\" alt=\"\" width=\"71\" height=\"71\" srcset=\"https:\/\/tilk.bio\/wp-content\/uploads\/2016\/01\/Vegan_sign-07.png 165w, https:\/\/tilk.bio\/wp-content\/uploads\/2016\/01\/Vegan_sign-07-150x150.png 150w\" sizes=\"auto, (max-width: 71px) 100vw, 71px\" \/><\/a><\/p>\n","protected":false},"excerpt":{"rendered":"<p>PALKITUSTI PARAS Calm Me -p\u00e4iv\u00e4voide sis\u00e4lt\u00e4\u00e4 runsaasti vitamiineja ja mineraaleja, jotka ravitsevat ja kosteuttavat ihoa sek\u00e4 antavat sille kauniin s\u00e4vyn. Voide yhdist\u00e4\u00e4 virolaiset yrttiuutteet ja maailman parhaat luonnon ihonhoito\u00f6ljyt \u2013 esimerkiksi virolainen tyrni- ja eksoottinen aprikoosi\u00f6ljy rauhoittavat, pehment\u00e4v\u00e4t, ravitsevat ja uudistavat ihoa. Runsaasti antioksidantteja sis\u00e4lt\u00e4v\u00e4 voide pit\u00e4\u00e4 ihon nuorena ja silkkisen pehme\u00e4n\u00e4. Teepuu\u00f6ljy tunnetaan tulehduksia&#8230;<\/p>\n","protected":false},"featured_media":67604,"comment_status":"open","ping_status":"closed","template":"","meta":{"_acf_changed":false},"product_brand":[],"product_cat":[747,741,512,630,730],"product_tag":[739,745,743,744],"class_list":{"0":"post-57168","1":"product","2":"type-product","3":"status-publish","4":"has-post-thumbnail","6":"product_cat-akne-ja-rasvainen-iho","7":"product_cat-epatasainen-iho","8":"product_cat-kasvohoito","9":"product_cat-kasvovoiteet","10":"product_cat-tilk-herbal-fi","11":"product_tag-elainkokeeton","12":"product_tag-lasi","13":"product_tag-palmuoljyton","14":"product_tag-vegaaninen","16":"first","17":"instock","18":"taxable","19":"shipping-taxable","20":"purchasable","21":"product-type-variable"},"acf":[],"yoast_head":"<!-- This site is optimized with the Yoast SEO plugin v27.3 - https:\/\/yoast.com\/product\/yoast-seo-wordpress\/ -->\n<title>Calm Me \u2013 teepuu\u00f6ljy\u00e4 sis\u00e4lt\u00e4v\u00e4 kevyt ja rauhoittava p\u00e4iv\u00e4voide - Tilk!<\/title>\n<meta name=\"robots\" content=\"index, follow, max-snippet:-1, max-image-preview:large, max-video-preview:-1\" \/>\n<link rel=\"canonical\" href=\"https:\/\/tilk.bio\/fi\/verkkokauppa\/calm-me-teepuuoljya-sisaltava-kevyt-ja-rauhoittava-paivavoide\/\" \/>\n<meta property=\"og:locale\" content=\"fi_FI\" \/>\n<meta property=\"og:type\" content=\"article\" \/>\n<meta property=\"og:title\" content=\"Calm Me \u2013 teepuu\u00f6ljy\u00e4 sis\u00e4lt\u00e4v\u00e4 kevyt ja rauhoittava p\u00e4iv\u00e4voide - Tilk!\" \/>\n<meta property=\"og:description\" content=\"PALKITUSTI PARAS Calm Me -p\u00e4iv\u00e4voide sis\u00e4lt\u00e4\u00e4 runsaasti vitamiineja ja mineraaleja, jotka ravitsevat ja kosteuttavat ihoa sek\u00e4 antavat sille kauniin s\u00e4vyn. Voide yhdist\u00e4\u00e4 virolaiset yrttiuutteet ja maailman parhaat luonnon ihonhoito\u00f6ljyt \u2013 esimerkiksi virolainen tyrni- ja eksoottinen aprikoosi\u00f6ljy rauhoittavat, pehment\u00e4v\u00e4t, ravitsevat ja uudistavat ihoa. Runsaasti antioksidantteja sis\u00e4lt\u00e4v\u00e4 voide pit\u00e4\u00e4 ihon nuorena ja silkkisen pehme\u00e4n\u00e4. Teepuu\u00f6ljy tunnetaan tulehduksia...\" \/>\n<meta property=\"og:url\" content=\"https:\/\/tilk.bio\/fi\/verkkokauppa\/calm-me-teepuuoljya-sisaltava-kevyt-ja-rauhoittava-paivavoide\/\" \/>\n<meta property=\"og:site_name\" content=\"Tilk!\" \/>\n<meta property=\"article:publisher\" content=\"https:\/\/www.facebook.com\/tilk.bio\/\" \/>\n<meta property=\"article:modified_time\" content=\"2026-04-09T09:45:04+00:00\" \/>\n<meta property=\"og:image\" content=\"https:\/\/tilk.bio\/wp-content\/uploads\/2021\/07\/3.jpg\" \/>\n\t<meta property=\"og:image:width\" content=\"1200\" \/>\n\t<meta property=\"og:image:height\" content=\"1200\" \/>\n\t<meta property=\"og:image:type\" content=\"image\/jpeg\" \/>\n<meta name=\"twitter:card\" content=\"summary_large_image\" \/>\n<meta name=\"twitter:label1\" content=\"Arvioitu lukuaika\" \/>\n\t<meta name=\"twitter:data1\" content=\"1 minuutti\" \/>\n<script type=\"application\/ld+json\" class=\"yoast-schema-graph\">{\"@context\":\"https:\\\/\\\/schema.org\",\"@graph\":[{\"@type\":\"WebPage\",\"@id\":\"https:\\\/\\\/tilk.bio\\\/fi\\\/verkkokauppa\\\/calm-me-teepuuoljya-sisaltava-kevyt-ja-rauhoittava-paivavoide\\\/\",\"url\":\"https:\\\/\\\/tilk.bio\\\/fi\\\/verkkokauppa\\\/calm-me-teepuuoljya-sisaltava-kevyt-ja-rauhoittava-paivavoide\\\/\",\"name\":\"Calm Me \u2013 teepuu\u00f6ljy\u00e4 sis\u00e4lt\u00e4v\u00e4 kevyt ja rauhoittava p\u00e4iv\u00e4voide - Tilk!\",\"isPartOf\":{\"@id\":\"https:\\\/\\\/tilk.bio\\\/et\\\/#website\"},\"primaryImageOfPage\":{\"@id\":\"https:\\\/\\\/tilk.bio\\\/fi\\\/verkkokauppa\\\/calm-me-teepuuoljya-sisaltava-kevyt-ja-rauhoittava-paivavoide\\\/#primaryimage\"},\"image\":{\"@id\":\"https:\\\/\\\/tilk.bio\\\/fi\\\/verkkokauppa\\\/calm-me-teepuuoljya-sisaltava-kevyt-ja-rauhoittava-paivavoide\\\/#primaryimage\"},\"thumbnailUrl\":\"https:\\\/\\\/tilk.bio\\\/wp-content\\\/uploads\\\/2021\\\/07\\\/3.jpg\",\"datePublished\":\"2021-11-27T18:21:19+00:00\",\"dateModified\":\"2026-04-09T09:45:04+00:00\",\"breadcrumb\":{\"@id\":\"https:\\\/\\\/tilk.bio\\\/fi\\\/verkkokauppa\\\/calm-me-teepuuoljya-sisaltava-kevyt-ja-rauhoittava-paivavoide\\\/#breadcrumb\"},\"inLanguage\":\"fi\",\"potentialAction\":[{\"@type\":\"ReadAction\",\"target\":[\"https:\\\/\\\/tilk.bio\\\/fi\\\/verkkokauppa\\\/calm-me-teepuuoljya-sisaltava-kevyt-ja-rauhoittava-paivavoide\\\/\"]}]},{\"@type\":\"ImageObject\",\"inLanguage\":\"fi\",\"@id\":\"https:\\\/\\\/tilk.bio\\\/fi\\\/verkkokauppa\\\/calm-me-teepuuoljya-sisaltava-kevyt-ja-rauhoittava-paivavoide\\\/#primaryimage\",\"url\":\"https:\\\/\\\/tilk.bio\\\/wp-content\\\/uploads\\\/2021\\\/07\\\/3.jpg\",\"contentUrl\":\"https:\\\/\\\/tilk.bio\\\/wp-content\\\/uploads\\\/2021\\\/07\\\/3.jpg\",\"width\":1200,\"height\":1200},{\"@type\":\"BreadcrumbList\",\"@id\":\"https:\\\/\\\/tilk.bio\\\/fi\\\/verkkokauppa\\\/calm-me-teepuuoljya-sisaltava-kevyt-ja-rauhoittava-paivavoide\\\/#breadcrumb\",\"itemListElement\":[{\"@type\":\"ListItem\",\"position\":1,\"name\":\"Home\",\"item\":\"https:\\\/\\\/tilk.bio\\\/fi\\\/\"},{\"@type\":\"ListItem\",\"position\":2,\"name\":\"Verkkokauppa\",\"item\":\"https:\\\/\\\/tilk.bio\\\/fi\\\/verkkokauppa\\\/\"},{\"@type\":\"ListItem\",\"position\":3,\"name\":\"Calm Me \u2013 teepuu\u00f6ljy\u00e4 sis\u00e4lt\u00e4v\u00e4 kevyt ja rauhoittava p\u00e4iv\u00e4voide\"}]},{\"@type\":\"WebSite\",\"@id\":\"https:\\\/\\\/tilk.bio\\\/et\\\/#website\",\"url\":\"https:\\\/\\\/tilk.bio\\\/et\\\/\",\"name\":\"Tilk!\",\"description\":\"Natural and sustainable skincare!\",\"potentialAction\":[{\"@type\":\"SearchAction\",\"target\":{\"@type\":\"EntryPoint\",\"urlTemplate\":\"https:\\\/\\\/tilk.bio\\\/et\\\/?s={search_term_string}\"},\"query-input\":{\"@type\":\"PropertyValueSpecification\",\"valueRequired\":true,\"valueName\":\"search_term_string\"}}],\"inLanguage\":\"fi\"}]}<\/script>\n<!-- \/ Yoast SEO plugin. -->","yoast_head_json":{"title":"Calm Me \u2013 teepuu\u00f6ljy\u00e4 sis\u00e4lt\u00e4v\u00e4 kevyt ja rauhoittava p\u00e4iv\u00e4voide - Tilk!","robots":{"index":"index","follow":"follow","max-snippet":"max-snippet:-1","max-image-preview":"max-image-preview:large","max-video-preview":"max-video-preview:-1"},"canonical":"https:\/\/tilk.bio\/fi\/verkkokauppa\/calm-me-teepuuoljya-sisaltava-kevyt-ja-rauhoittava-paivavoide\/","og_locale":"fi_FI","og_type":"article","og_title":"Calm Me \u2013 teepuu\u00f6ljy\u00e4 sis\u00e4lt\u00e4v\u00e4 kevyt ja rauhoittava p\u00e4iv\u00e4voide - Tilk!","og_description":"PALKITUSTI PARAS Calm Me -p\u00e4iv\u00e4voide sis\u00e4lt\u00e4\u00e4 runsaasti vitamiineja ja mineraaleja, jotka ravitsevat ja kosteuttavat ihoa sek\u00e4 antavat sille kauniin s\u00e4vyn. Voide yhdist\u00e4\u00e4 virolaiset yrttiuutteet ja maailman parhaat luonnon ihonhoito\u00f6ljyt \u2013 esimerkiksi virolainen tyrni- ja eksoottinen aprikoosi\u00f6ljy rauhoittavat, pehment\u00e4v\u00e4t, ravitsevat ja uudistavat ihoa. Runsaasti antioksidantteja sis\u00e4lt\u00e4v\u00e4 voide pit\u00e4\u00e4 ihon nuorena ja silkkisen pehme\u00e4n\u00e4. Teepuu\u00f6ljy tunnetaan tulehduksia...","og_url":"https:\/\/tilk.bio\/fi\/verkkokauppa\/calm-me-teepuuoljya-sisaltava-kevyt-ja-rauhoittava-paivavoide\/","og_site_name":"Tilk!","article_publisher":"https:\/\/www.facebook.com\/tilk.bio\/","article_modified_time":"2026-04-09T09:45:04+00:00","og_image":[{"width":1200,"height":1200,"url":"https:\/\/tilk.bio\/wp-content\/uploads\/2021\/07\/3.jpg","type":"image\/jpeg"}],"twitter_card":"summary_large_image","twitter_misc":{"Arvioitu lukuaika":"1 minuutti"},"schema":{"@context":"https:\/\/schema.org","@graph":[{"@type":"WebPage","@id":"https:\/\/tilk.bio\/fi\/verkkokauppa\/calm-me-teepuuoljya-sisaltava-kevyt-ja-rauhoittava-paivavoide\/","url":"https:\/\/tilk.bio\/fi\/verkkokauppa\/calm-me-teepuuoljya-sisaltava-kevyt-ja-rauhoittava-paivavoide\/","name":"Calm Me \u2013 teepuu\u00f6ljy\u00e4 sis\u00e4lt\u00e4v\u00e4 kevyt ja rauhoittava p\u00e4iv\u00e4voide - Tilk!","isPartOf":{"@id":"https:\/\/tilk.bio\/et\/#website"},"primaryImageOfPage":{"@id":"https:\/\/tilk.bio\/fi\/verkkokauppa\/calm-me-teepuuoljya-sisaltava-kevyt-ja-rauhoittava-paivavoide\/#primaryimage"},"image":{"@id":"https:\/\/tilk.bio\/fi\/verkkokauppa\/calm-me-teepuuoljya-sisaltava-kevyt-ja-rauhoittava-paivavoide\/#primaryimage"},"thumbnailUrl":"https:\/\/tilk.bio\/wp-content\/uploads\/2021\/07\/3.jpg","datePublished":"2021-11-27T18:21:19+00:00","dateModified":"2026-04-09T09:45:04+00:00","breadcrumb":{"@id":"https:\/\/tilk.bio\/fi\/verkkokauppa\/calm-me-teepuuoljya-sisaltava-kevyt-ja-rauhoittava-paivavoide\/#breadcrumb"},"inLanguage":"fi","potentialAction":[{"@type":"ReadAction","target":["https:\/\/tilk.bio\/fi\/verkkokauppa\/calm-me-teepuuoljya-sisaltava-kevyt-ja-rauhoittava-paivavoide\/"]}]},{"@type":"ImageObject","inLanguage":"fi","@id":"https:\/\/tilk.bio\/fi\/verkkokauppa\/calm-me-teepuuoljya-sisaltava-kevyt-ja-rauhoittava-paivavoide\/#primaryimage","url":"https:\/\/tilk.bio\/wp-content\/uploads\/2021\/07\/3.jpg","contentUrl":"https:\/\/tilk.bio\/wp-content\/uploads\/2021\/07\/3.jpg","width":1200,"height":1200},{"@type":"BreadcrumbList","@id":"https:\/\/tilk.bio\/fi\/verkkokauppa\/calm-me-teepuuoljya-sisaltava-kevyt-ja-rauhoittava-paivavoide\/#breadcrumb","itemListElement":[{"@type":"ListItem","position":1,"name":"Home","item":"https:\/\/tilk.bio\/fi\/"},{"@type":"ListItem","position":2,"name":"Verkkokauppa","item":"https:\/\/tilk.bio\/fi\/verkkokauppa\/"},{"@type":"ListItem","position":3,"name":"Calm Me \u2013 teepuu\u00f6ljy\u00e4 sis\u00e4lt\u00e4v\u00e4 kevyt ja rauhoittava p\u00e4iv\u00e4voide"}]},{"@type":"WebSite","@id":"https:\/\/tilk.bio\/et\/#website","url":"https:\/\/tilk.bio\/et\/","name":"Tilk!","description":"Natural and sustainable skincare!","potentialAction":[{"@type":"SearchAction","target":{"@type":"EntryPoint","urlTemplate":"https:\/\/tilk.bio\/et\/?s={search_term_string}"},"query-input":{"@type":"PropertyValueSpecification","valueRequired":true,"valueName":"search_term_string"}}],"inLanguage":"fi"}]}},"_links":{"self":[{"href":"https:\/\/tilk.bio\/fi\/wp-json\/wp\/v2\/product\/57168","targetHints":{"allow":["GET"]}}],"collection":[{"href":"https:\/\/tilk.bio\/fi\/wp-json\/wp\/v2\/product"}],"about":[{"href":"https:\/\/tilk.bio\/fi\/wp-json\/wp\/v2\/types\/product"}],"replies":[{"embeddable":true,"href":"https:\/\/tilk.bio\/fi\/wp-json\/wp\/v2\/comments?post=57168"}],"wp:featuredmedia":[{"embeddable":true,"href":"https:\/\/tilk.bio\/fi\/wp-json\/wp\/v2\/media\/67604"}],"wp:attachment":[{"href":"https:\/\/tilk.bio\/fi\/wp-json\/wp\/v2\/media?parent=57168"}],"wp:term":[{"taxonomy":"product_brand","embeddable":true,"href":"https:\/\/tilk.bio\/fi\/wp-json\/wp\/v2\/product_brand?post=57168"},{"taxonomy":"product_cat","embeddable":true,"href":"https:\/\/tilk.bio\/fi\/wp-json\/wp\/v2\/product_cat?post=57168"},{"taxonomy":"product_tag","embeddable":true,"href":"https:\/\/tilk.bio\/fi\/wp-json\/wp\/v2\/product_tag?post=57168"}],"curies":[{"name":"wp","href":"https:\/\/api.w.org\/{rel}","templated":true}]}}