{"id":57174,"date":"2020-12-02T12:49:29","date_gmt":"2020-12-02T12:49:29","guid":{"rendered":"https:\/\/tilk.bio\/shop\/shave-me-aloe-veraa-ja-kehakukkaa-sisaltava-voide-parran-ja-ihokarvojen-ajoon\/"},"modified":"2026-04-14T18:45:05","modified_gmt":"2026-04-14T15:45:05","slug":"shave-me-aloe-veraa-ja-kehakukkaa-sisaltava-voide-parran-ja-ihokarvojen-ajoon","status":"publish","type":"product","link":"https:\/\/tilk.bio\/fi\/verkkokauppa\/shave-me-aloe-veraa-ja-kehakukkaa-sisaltava-voide-parran-ja-ihokarvojen-ajoon\/","title":{"rendered":"Shave Me \u2013 aloe veraa ja keh\u00e4kukkaa sis\u00e4lt\u00e4v\u00e4 voide parran ja ihokarvojen ajoon"},"content":{"rendered":"<p>PALKITUSTI PARAS<\/p>\n<p>Shave Me on hell\u00e4varainen ja kosteuttava parranajovoide, jonka pehme\u00e4n vaahtoava koostumus helpottaa partater\u00e4n liukumista ja suojaa ihoa \u00e4rsytykselt\u00e4. Tuote soveltuu sek\u00e4 miehille ett\u00e4 naisille kaikenlaisten ihokarvojen (my\u00f6s intiimialueiden) ajeluun.<\/p>\n<p>Kookos\u00f6ljy on erinomainen kosteuttaja ja pehment\u00e4j\u00e4, risiini\u00f6ljy puolestaan nopeuttaa haavojen paranemista ja rauhoittaa ihoa. Keh\u00e4kukan, poimulehden ja peltokortteen bioaktiiviset ainesosat vahvistavat ihon rakennetta ja parantavat mikrohaavoja. Runsaasti antioksidantteja sis\u00e4lt\u00e4v\u00e4 aloe vera viilent\u00e4\u00e4 ja rauhoittaa ihoa. Laventelin eteerinen \u00f6ljy edesauttaa ihon nopeaa uudistumista ja rentouttaa my\u00f6s tuoksullaan.<\/p>\n<p>K\u00e4ytt\u00f6: Levit\u00e4 iholle, aja parta\/karvat partater\u00e4ll\u00e4, huuhtele ja lis\u00e4\u00e4 kosteusvoide. Parranajon j\u00e4lkeen kosteuta iho <a href=\"https:\/\/tilk.bio\/fi\/verkkokauppa\/power-me-kasvovoide\/\">Power Me<\/a>&#8211; tai <a href=\"https:\/\/tilk.bio\/fi\/verkkokauppa\/masculine-me-aloe-veraa-ja-teepuuoljya-sisaltava-hoitava-kasvovoide-miehille\/\">Masculine Me<\/a> -kasvovoiteella, hyv\u00e4 valinta on my\u00f6s katajanmarjauutetta sis\u00e4lt\u00e4v\u00e4 kasvo\u00f6ljy <a href=\"https:\/\/tilk.bio\/fi\/verkkokauppa\/smooth-me-kasvooljy-katajanmarjauuteella\/\">Smooth Me<\/a>. Sopii hyvin suihkussa k\u00e4ytett\u00e4v\u00e4ksi.<\/p>\n<p>Tuotteen kaikki ainesosat ovat luontaista ja vegaanista alkuper\u00e4\u00e4. Tuotteessa on k\u00e4ytetty Saarenmaalta k\u00e4sin poimituista kasveista saatuja \u00f6ljyj\u00e4.<\/p>\n<p>S\u00e4ilytys huoneenl\u00e4mm\u00f6ss\u00e4.<\/p>\n<p>Koko: 120 ml\/50ml<\/p>\n<p><a ref=\"magnificPopup\" href=\"https:\/\/tilk.bio\/wp-content\/uploads\/2016\/01\/Vegan_sign-07.png\"><img loading=\"lazy\" decoding=\"async\" class=\"alignnone wp-image-22658\" src=\"https:\/\/tilk.bio\/wp-content\/uploads\/2016\/01\/Vegan_sign-07.png\" alt=\"\" width=\"86\" height=\"86\" srcset=\"https:\/\/tilk.bio\/wp-content\/uploads\/2016\/01\/Vegan_sign-07.png 165w, https:\/\/tilk.bio\/wp-content\/uploads\/2016\/01\/Vegan_sign-07-150x150.png 150w\" sizes=\"auto, (max-width: 86px) 100vw, 86px\" \/><\/a><\/p>\n","protected":false},"excerpt":{"rendered":"<p>PALKITUSTI PARAS Shave Me on hell\u00e4varainen ja kosteuttava parranajovoide, jonka pehme\u00e4n vaahtoava koostumus helpottaa partater\u00e4n liukumista ja suojaa ihoa \u00e4rsytykselt\u00e4. Tuote soveltuu sek\u00e4 miehille ett\u00e4 naisille kaikenlaisten ihokarvojen (my\u00f6s intiimialueiden) ajeluun. Kookos\u00f6ljy on erinomainen kosteuttaja ja pehment\u00e4j\u00e4, risiini\u00f6ljy puolestaan nopeuttaa haavojen paranemista ja rauhoittaa ihoa. Keh\u00e4kukan, poimulehden ja peltokortteen bioaktiiviset ainesosat vahvistavat ihon rakennetta ja&#8230;<\/p>\n","protected":false},"featured_media":65688,"comment_status":"open","ping_status":"closed","template":"","meta":{"_acf_changed":false},"product_brand":[],"product_cat":[501,512,634,730,503,749,750],"product_tag":[739,752,432,402,751,753,430],"class_list":{"0":"post-57174","1":"product","2":"type-product","3":"status-publish","4":"has-post-thumbnail","6":"product_cat-kaikki-tuotteet","7":"product_cat-kasvohoito","8":"product_cat-miehille","9":"product_cat-tilk-herbal-fi","10":"product_cat-vartalo","11":"product_cat-voide-parran-ja-ihokarvojen-ajoon","12":"product_cat-voide-parran-ja-ihokarvojen-ajoon-fi","13":"product_tag-elainkokeeton","14":"product_tag-ihokarvojen-ajoon","15":"product_tag-ihonhoito","16":"product_tag-kuiva-iho","17":"product_tag-miehille","18":"product_tag-naisille","19":"product_tag-unisex-fi","21":"first","22":"instock","23":"taxable","24":"shipping-taxable","25":"purchasable","26":"product-type-simple"},"acf":[],"yoast_head":"<!-- This site is optimized with the Yoast SEO plugin v27.4 - https:\/\/yoast.com\/product\/yoast-seo-wordpress\/ -->\n<title>Shave Me \u2013 aloe veraa ja keh\u00e4kukkaa sis\u00e4lt\u00e4v\u00e4 voide parran ja ihokarvojen ajoon - Tilk!<\/title>\n<meta name=\"robots\" content=\"index, follow, max-snippet:-1, max-image-preview:large, max-video-preview:-1\" \/>\n<link rel=\"canonical\" href=\"https:\/\/tilk.bio\/fi\/verkkokauppa\/shave-me-aloe-veraa-ja-kehakukkaa-sisaltava-voide-parran-ja-ihokarvojen-ajoon\/\" \/>\n<meta property=\"og:locale\" content=\"fi_FI\" \/>\n<meta property=\"og:type\" content=\"article\" \/>\n<meta property=\"og:title\" content=\"Shave Me \u2013 aloe veraa ja keh\u00e4kukkaa sis\u00e4lt\u00e4v\u00e4 voide parran ja ihokarvojen ajoon - Tilk!\" \/>\n<meta property=\"og:description\" content=\"PALKITUSTI PARAS Shave Me on hell\u00e4varainen ja kosteuttava parranajovoide, jonka pehme\u00e4n vaahtoava koostumus helpottaa partater\u00e4n liukumista ja suojaa ihoa \u00e4rsytykselt\u00e4. Tuote soveltuu sek\u00e4 miehille ett\u00e4 naisille kaikenlaisten ihokarvojen (my\u00f6s intiimialueiden) ajeluun. Kookos\u00f6ljy on erinomainen kosteuttaja ja pehment\u00e4j\u00e4, risiini\u00f6ljy puolestaan nopeuttaa haavojen paranemista ja rauhoittaa ihoa. Keh\u00e4kukan, poimulehden ja peltokortteen bioaktiiviset ainesosat vahvistavat ihon rakennetta ja...\" \/>\n<meta property=\"og:url\" content=\"https:\/\/tilk.bio\/fi\/verkkokauppa\/shave-me-aloe-veraa-ja-kehakukkaa-sisaltava-voide-parran-ja-ihokarvojen-ajoon\/\" \/>\n<meta property=\"og:site_name\" content=\"Tilk!\" \/>\n<meta property=\"article:publisher\" content=\"https:\/\/www.facebook.com\/tilk.bio\/\" \/>\n<meta property=\"article:modified_time\" content=\"2026-04-14T15:45:05+00:00\" \/>\n<meta property=\"og:image\" content=\"https:\/\/tilk.bio\/wp-content\/uploads\/2020\/12\/shavemebuduaar.png\" \/>\n\t<meta property=\"og:image:width\" content=\"920\" \/>\n\t<meta property=\"og:image:height\" content=\"1100\" \/>\n\t<meta property=\"og:image:type\" content=\"image\/png\" \/>\n<meta name=\"twitter:card\" content=\"summary_large_image\" \/>\n<meta name=\"twitter:label1\" content=\"Arvioitu lukuaika\" \/>\n\t<meta name=\"twitter:data1\" content=\"1 minuutti\" \/>\n<script type=\"application\/ld+json\" class=\"yoast-schema-graph\">{\"@context\":\"https:\\\/\\\/schema.org\",\"@graph\":[{\"@type\":\"WebPage\",\"@id\":\"https:\\\/\\\/tilk.bio\\\/fi\\\/verkkokauppa\\\/shave-me-aloe-veraa-ja-kehakukkaa-sisaltava-voide-parran-ja-ihokarvojen-ajoon\\\/\",\"url\":\"https:\\\/\\\/tilk.bio\\\/fi\\\/verkkokauppa\\\/shave-me-aloe-veraa-ja-kehakukkaa-sisaltava-voide-parran-ja-ihokarvojen-ajoon\\\/\",\"name\":\"Shave Me \u2013 aloe veraa ja keh\u00e4kukkaa sis\u00e4lt\u00e4v\u00e4 voide parran ja ihokarvojen ajoon - Tilk!\",\"isPartOf\":{\"@id\":\"https:\\\/\\\/tilk.bio\\\/et\\\/#website\"},\"primaryImageOfPage\":{\"@id\":\"https:\\\/\\\/tilk.bio\\\/fi\\\/verkkokauppa\\\/shave-me-aloe-veraa-ja-kehakukkaa-sisaltava-voide-parran-ja-ihokarvojen-ajoon\\\/#primaryimage\"},\"image\":{\"@id\":\"https:\\\/\\\/tilk.bio\\\/fi\\\/verkkokauppa\\\/shave-me-aloe-veraa-ja-kehakukkaa-sisaltava-voide-parran-ja-ihokarvojen-ajoon\\\/#primaryimage\"},\"thumbnailUrl\":\"https:\\\/\\\/tilk.bio\\\/wp-content\\\/uploads\\\/2020\\\/12\\\/shavemebuduaar.png\",\"datePublished\":\"2020-12-02T12:49:29+00:00\",\"dateModified\":\"2026-04-14T15:45:05+00:00\",\"breadcrumb\":{\"@id\":\"https:\\\/\\\/tilk.bio\\\/fi\\\/verkkokauppa\\\/shave-me-aloe-veraa-ja-kehakukkaa-sisaltava-voide-parran-ja-ihokarvojen-ajoon\\\/#breadcrumb\"},\"inLanguage\":\"fi\",\"potentialAction\":[{\"@type\":\"ReadAction\",\"target\":[\"https:\\\/\\\/tilk.bio\\\/fi\\\/verkkokauppa\\\/shave-me-aloe-veraa-ja-kehakukkaa-sisaltava-voide-parran-ja-ihokarvojen-ajoon\\\/\"]}]},{\"@type\":\"ImageObject\",\"inLanguage\":\"fi\",\"@id\":\"https:\\\/\\\/tilk.bio\\\/fi\\\/verkkokauppa\\\/shave-me-aloe-veraa-ja-kehakukkaa-sisaltava-voide-parran-ja-ihokarvojen-ajoon\\\/#primaryimage\",\"url\":\"https:\\\/\\\/tilk.bio\\\/wp-content\\\/uploads\\\/2020\\\/12\\\/shavemebuduaar.png\",\"contentUrl\":\"https:\\\/\\\/tilk.bio\\\/wp-content\\\/uploads\\\/2020\\\/12\\\/shavemebuduaar.png\",\"width\":920,\"height\":1100,\"caption\":\"shaving cream\"},{\"@type\":\"BreadcrumbList\",\"@id\":\"https:\\\/\\\/tilk.bio\\\/fi\\\/verkkokauppa\\\/shave-me-aloe-veraa-ja-kehakukkaa-sisaltava-voide-parran-ja-ihokarvojen-ajoon\\\/#breadcrumb\",\"itemListElement\":[{\"@type\":\"ListItem\",\"position\":1,\"name\":\"Home\",\"item\":\"https:\\\/\\\/tilk.bio\\\/fi\\\/\"},{\"@type\":\"ListItem\",\"position\":2,\"name\":\"Verkkokauppa\",\"item\":\"https:\\\/\\\/tilk.bio\\\/fi\\\/verkkokauppa\\\/\"},{\"@type\":\"ListItem\",\"position\":3,\"name\":\"Shave Me \u2013 aloe veraa ja keh\u00e4kukkaa sis\u00e4lt\u00e4v\u00e4 voide parran ja ihokarvojen ajoon\"}]},{\"@type\":\"WebSite\",\"@id\":\"https:\\\/\\\/tilk.bio\\\/et\\\/#website\",\"url\":\"https:\\\/\\\/tilk.bio\\\/et\\\/\",\"name\":\"Tilk!\",\"description\":\"Natural and sustainable skincare!\",\"potentialAction\":[{\"@type\":\"SearchAction\",\"target\":{\"@type\":\"EntryPoint\",\"urlTemplate\":\"https:\\\/\\\/tilk.bio\\\/et\\\/?s={search_term_string}\"},\"query-input\":{\"@type\":\"PropertyValueSpecification\",\"valueRequired\":true,\"valueName\":\"search_term_string\"}}],\"inLanguage\":\"fi\"}]}<\/script>\n<!-- \/ Yoast SEO plugin. -->","yoast_head_json":{"title":"Shave Me \u2013 aloe veraa ja keh\u00e4kukkaa sis\u00e4lt\u00e4v\u00e4 voide parran ja ihokarvojen ajoon - Tilk!","robots":{"index":"index","follow":"follow","max-snippet":"max-snippet:-1","max-image-preview":"max-image-preview:large","max-video-preview":"max-video-preview:-1"},"canonical":"https:\/\/tilk.bio\/fi\/verkkokauppa\/shave-me-aloe-veraa-ja-kehakukkaa-sisaltava-voide-parran-ja-ihokarvojen-ajoon\/","og_locale":"fi_FI","og_type":"article","og_title":"Shave Me \u2013 aloe veraa ja keh\u00e4kukkaa sis\u00e4lt\u00e4v\u00e4 voide parran ja ihokarvojen ajoon - Tilk!","og_description":"PALKITUSTI PARAS Shave Me on hell\u00e4varainen ja kosteuttava parranajovoide, jonka pehme\u00e4n vaahtoava koostumus helpottaa partater\u00e4n liukumista ja suojaa ihoa \u00e4rsytykselt\u00e4. Tuote soveltuu sek\u00e4 miehille ett\u00e4 naisille kaikenlaisten ihokarvojen (my\u00f6s intiimialueiden) ajeluun. Kookos\u00f6ljy on erinomainen kosteuttaja ja pehment\u00e4j\u00e4, risiini\u00f6ljy puolestaan nopeuttaa haavojen paranemista ja rauhoittaa ihoa. Keh\u00e4kukan, poimulehden ja peltokortteen bioaktiiviset ainesosat vahvistavat ihon rakennetta ja...","og_url":"https:\/\/tilk.bio\/fi\/verkkokauppa\/shave-me-aloe-veraa-ja-kehakukkaa-sisaltava-voide-parran-ja-ihokarvojen-ajoon\/","og_site_name":"Tilk!","article_publisher":"https:\/\/www.facebook.com\/tilk.bio\/","article_modified_time":"2026-04-14T15:45:05+00:00","og_image":[{"width":920,"height":1100,"url":"https:\/\/tilk.bio\/wp-content\/uploads\/2020\/12\/shavemebuduaar.png","type":"image\/png"}],"twitter_card":"summary_large_image","twitter_misc":{"Arvioitu lukuaika":"1 minuutti"},"schema":{"@context":"https:\/\/schema.org","@graph":[{"@type":"WebPage","@id":"https:\/\/tilk.bio\/fi\/verkkokauppa\/shave-me-aloe-veraa-ja-kehakukkaa-sisaltava-voide-parran-ja-ihokarvojen-ajoon\/","url":"https:\/\/tilk.bio\/fi\/verkkokauppa\/shave-me-aloe-veraa-ja-kehakukkaa-sisaltava-voide-parran-ja-ihokarvojen-ajoon\/","name":"Shave Me \u2013 aloe veraa ja keh\u00e4kukkaa sis\u00e4lt\u00e4v\u00e4 voide parran ja ihokarvojen ajoon - Tilk!","isPartOf":{"@id":"https:\/\/tilk.bio\/et\/#website"},"primaryImageOfPage":{"@id":"https:\/\/tilk.bio\/fi\/verkkokauppa\/shave-me-aloe-veraa-ja-kehakukkaa-sisaltava-voide-parran-ja-ihokarvojen-ajoon\/#primaryimage"},"image":{"@id":"https:\/\/tilk.bio\/fi\/verkkokauppa\/shave-me-aloe-veraa-ja-kehakukkaa-sisaltava-voide-parran-ja-ihokarvojen-ajoon\/#primaryimage"},"thumbnailUrl":"https:\/\/tilk.bio\/wp-content\/uploads\/2020\/12\/shavemebuduaar.png","datePublished":"2020-12-02T12:49:29+00:00","dateModified":"2026-04-14T15:45:05+00:00","breadcrumb":{"@id":"https:\/\/tilk.bio\/fi\/verkkokauppa\/shave-me-aloe-veraa-ja-kehakukkaa-sisaltava-voide-parran-ja-ihokarvojen-ajoon\/#breadcrumb"},"inLanguage":"fi","potentialAction":[{"@type":"ReadAction","target":["https:\/\/tilk.bio\/fi\/verkkokauppa\/shave-me-aloe-veraa-ja-kehakukkaa-sisaltava-voide-parran-ja-ihokarvojen-ajoon\/"]}]},{"@type":"ImageObject","inLanguage":"fi","@id":"https:\/\/tilk.bio\/fi\/verkkokauppa\/shave-me-aloe-veraa-ja-kehakukkaa-sisaltava-voide-parran-ja-ihokarvojen-ajoon\/#primaryimage","url":"https:\/\/tilk.bio\/wp-content\/uploads\/2020\/12\/shavemebuduaar.png","contentUrl":"https:\/\/tilk.bio\/wp-content\/uploads\/2020\/12\/shavemebuduaar.png","width":920,"height":1100,"caption":"shaving cream"},{"@type":"BreadcrumbList","@id":"https:\/\/tilk.bio\/fi\/verkkokauppa\/shave-me-aloe-veraa-ja-kehakukkaa-sisaltava-voide-parran-ja-ihokarvojen-ajoon\/#breadcrumb","itemListElement":[{"@type":"ListItem","position":1,"name":"Home","item":"https:\/\/tilk.bio\/fi\/"},{"@type":"ListItem","position":2,"name":"Verkkokauppa","item":"https:\/\/tilk.bio\/fi\/verkkokauppa\/"},{"@type":"ListItem","position":3,"name":"Shave Me \u2013 aloe veraa ja keh\u00e4kukkaa sis\u00e4lt\u00e4v\u00e4 voide parran ja ihokarvojen ajoon"}]},{"@type":"WebSite","@id":"https:\/\/tilk.bio\/et\/#website","url":"https:\/\/tilk.bio\/et\/","name":"Tilk!","description":"Natural and sustainable skincare!","potentialAction":[{"@type":"SearchAction","target":{"@type":"EntryPoint","urlTemplate":"https:\/\/tilk.bio\/et\/?s={search_term_string}"},"query-input":{"@type":"PropertyValueSpecification","valueRequired":true,"valueName":"search_term_string"}}],"inLanguage":"fi"}]}},"_links":{"self":[{"href":"https:\/\/tilk.bio\/fi\/wp-json\/wp\/v2\/product\/57174","targetHints":{"allow":["GET"]}}],"collection":[{"href":"https:\/\/tilk.bio\/fi\/wp-json\/wp\/v2\/product"}],"about":[{"href":"https:\/\/tilk.bio\/fi\/wp-json\/wp\/v2\/types\/product"}],"replies":[{"embeddable":true,"href":"https:\/\/tilk.bio\/fi\/wp-json\/wp\/v2\/comments?post=57174"}],"wp:featuredmedia":[{"embeddable":true,"href":"https:\/\/tilk.bio\/fi\/wp-json\/wp\/v2\/media\/65688"}],"wp:attachment":[{"href":"https:\/\/tilk.bio\/fi\/wp-json\/wp\/v2\/media?parent=57174"}],"wp:term":[{"taxonomy":"product_brand","embeddable":true,"href":"https:\/\/tilk.bio\/fi\/wp-json\/wp\/v2\/product_brand?post=57174"},{"taxonomy":"product_cat","embeddable":true,"href":"https:\/\/tilk.bio\/fi\/wp-json\/wp\/v2\/product_cat?post=57174"},{"taxonomy":"product_tag","embeddable":true,"href":"https:\/\/tilk.bio\/fi\/wp-json\/wp\/v2\/product_tag?post=57174"}],"curies":[{"name":"wp","href":"https:\/\/api.w.org\/{rel}","templated":true}]}}