{"id":57185,"date":"2020-12-07T21:34:15","date_gmt":"2020-12-07T21:34:15","guid":{"rendered":"https:\/\/tilk.bio\/shop\/fresh-kiss-kaakaota-sisaltava-huulikuorinta\/"},"modified":"2026-04-17T17:15:04","modified_gmt":"2026-04-17T14:15:04","slug":"fresh-kiss-kaakaota-sisaltava-huulikuorinta","status":"publish","type":"product","link":"https:\/\/tilk.bio\/fi\/verkkokauppa\/fresh-kiss-kaakaota-sisaltava-huulikuorinta\/","title":{"rendered":"Fresh Kiss \u2013 kaakaota sis\u00e4lt\u00e4v\u00e4 huulikuorinta"},"content":{"rendered":"<p>Fresh Kiss on kaakaota ja hunajaa sis\u00e4lt\u00e4v\u00e4 virkist\u00e4v\u00e4 huulikuorinta, joka poistaa kuolleen ihosolukon, vilkastaa verenkiertoa sek\u00e4 ravitsee ja kaunistaa huulia. Huulten s\u00e4\u00e4nn\u00f6llinen kuoriminen my\u00f6s auttaa niit\u00e4 pysym\u00e4\u00e4n pehmein\u00e4.<br \/>\nKeh\u00e4kukan bioaktiiviset ainesosat tasoittavat, pehment\u00e4v\u00e4t ja vahvistavat huulia. Sheavoi, kaakaovoi ja hunaja syv\u00e4ravitsevat huulten herkk\u00e4\u00e4 ihoa ja suojaavat sit\u00e4 kuivumiselta. Mehil\u00e4isvaha muodostaa huulille suojaavan kerroksen ja est\u00e4\u00e4 ihoa tulehtumasta.<\/p>\n<p>K\u00e4ytt\u00f6: Levit\u00e4 kosteille huulille py\u00f6rivin liikkein, hiero kevyesti ja huuhdo l\u00e4mpim\u00e4ll\u00e4 vedell\u00e4. Tue kuorinnan kosteuttavaa vaikutusta esimerkiksi <a href=\"https:\/\/tilk.bio\/fi\/verkkokauppa\/yrttinen-huulivoide-kiss-me\/\">Kiss Me -huulivoiteella<\/a> tai <a href=\"https:\/\/tilk.bio\/fi\/verkkokauppa\/gloss-me-lip-juice-huulioljy\/\">Gloss Me -huuli\u00f6ljyll\u00e4<\/a>.<\/p>\n<p>Tuotteen kaikki ainesosat ovat luontaista alkuper\u00e4\u00e4. Tuotteessa on k\u00e4ytetty Saarenmaalta k\u00e4sin poimituista kasveista saatuja \u00f6ljyj\u00e4.<br \/>\nS\u00e4ilytys suoralta p\u00e4iv\u00e4nvalolta suojattuna alle 25 asteessa.<\/p>\n<p>Koko: 15ml<\/p>\n","protected":false},"excerpt":{"rendered":"<p>Fresh Kiss on kaakaota ja hunajaa sis\u00e4lt\u00e4v\u00e4 virkist\u00e4v\u00e4 huulikuorinta, joka poistaa kuolleen ihosolukon, vilkastaa verenkiertoa sek\u00e4 ravitsee ja kaunistaa huulia. Huulten s\u00e4\u00e4nn\u00f6llinen kuoriminen my\u00f6s auttaa niit\u00e4 pysym\u00e4\u00e4n pehmein\u00e4. Keh\u00e4kukan bioaktiiviset ainesosat tasoittavat, pehment\u00e4v\u00e4t ja vahvistavat huulia. Sheavoi, kaakaovoi ja hunaja syv\u00e4ravitsevat huulten herkk\u00e4\u00e4 ihoa ja suojaavat sit\u00e4 kuivumiselta. Mehil\u00e4isvaha muodostaa huulille suojaavan kerroksen ja est\u00e4\u00e4&#8230;<\/p>\n","protected":false},"featured_media":67318,"comment_status":"open","ping_status":"closed","template":"","meta":{"_acf_changed":false},"product_brand":[],"product_cat":[507,501,512,633,979,730],"product_tag":[],"class_list":{"0":"post-57185","1":"product","2":"type-product","3":"status-publish","4":"has-post-thumbnail","6":"product_cat-huulille","7":"product_cat-kaikki-tuotteet","8":"product_cat-kasvohoito","9":"product_cat-kasvokuorinta","10":"product_cat-shea-butter","11":"product_cat-tilk-herbal-fi","13":"first","14":"instock","15":"taxable","16":"shipping-taxable","17":"purchasable","18":"product-type-variable"},"acf":[],"yoast_head":"<!-- This site is optimized with the Yoast SEO plugin v27.4 - https:\/\/yoast.com\/product\/yoast-seo-wordpress\/ -->\n<title>Fresh Kiss \u2013 kaakaota sis\u00e4lt\u00e4v\u00e4 huulikuorinta - Tilk!<\/title>\n<meta name=\"robots\" content=\"index, follow, max-snippet:-1, max-image-preview:large, max-video-preview:-1\" \/>\n<link rel=\"canonical\" href=\"https:\/\/tilk.bio\/fi\/verkkokauppa\/fresh-kiss-kaakaota-sisaltava-huulikuorinta\/\" \/>\n<meta property=\"og:locale\" content=\"fi_FI\" \/>\n<meta property=\"og:type\" content=\"article\" \/>\n<meta property=\"og:title\" content=\"Fresh Kiss \u2013 kaakaota sis\u00e4lt\u00e4v\u00e4 huulikuorinta - Tilk!\" \/>\n<meta property=\"og:description\" content=\"Fresh Kiss on kaakaota ja hunajaa sis\u00e4lt\u00e4v\u00e4 virkist\u00e4v\u00e4 huulikuorinta, joka poistaa kuolleen ihosolukon, vilkastaa verenkiertoa sek\u00e4 ravitsee ja kaunistaa huulia. Huulten s\u00e4\u00e4nn\u00f6llinen kuoriminen my\u00f6s auttaa niit\u00e4 pysym\u00e4\u00e4n pehmein\u00e4. Keh\u00e4kukan bioaktiiviset ainesosat tasoittavat, pehment\u00e4v\u00e4t ja vahvistavat huulia. Sheavoi, kaakaovoi ja hunaja syv\u00e4ravitsevat huulten herkk\u00e4\u00e4 ihoa ja suojaavat sit\u00e4 kuivumiselta. Mehil\u00e4isvaha muodostaa huulille suojaavan kerroksen ja est\u00e4\u00e4...\" \/>\n<meta property=\"og:url\" content=\"https:\/\/tilk.bio\/fi\/verkkokauppa\/fresh-kiss-kaakaota-sisaltava-huulikuorinta\/\" \/>\n<meta property=\"og:site_name\" content=\"Tilk!\" \/>\n<meta property=\"article:publisher\" content=\"https:\/\/www.facebook.com\/tilk.bio\/\" \/>\n<meta property=\"article:modified_time\" content=\"2026-04-17T14:15:04+00:00\" \/>\n<meta property=\"og:image\" content=\"https:\/\/tilk.bio\/wp-content\/uploads\/2021\/01\/5.jpg\" \/>\n\t<meta property=\"og:image:width\" content=\"1200\" \/>\n\t<meta property=\"og:image:height\" content=\"1200\" \/>\n\t<meta property=\"og:image:type\" content=\"image\/jpeg\" \/>\n<meta name=\"twitter:card\" content=\"summary_large_image\" \/>\n<meta name=\"twitter:label1\" content=\"Arvioitu lukuaika\" \/>\n\t<meta name=\"twitter:data1\" content=\"1 minuutti\" \/>\n<script type=\"application\/ld+json\" class=\"yoast-schema-graph\">{\"@context\":\"https:\\\/\\\/schema.org\",\"@graph\":[{\"@type\":\"WebPage\",\"@id\":\"https:\\\/\\\/tilk.bio\\\/fi\\\/verkkokauppa\\\/fresh-kiss-kaakaota-sisaltava-huulikuorinta\\\/\",\"url\":\"https:\\\/\\\/tilk.bio\\\/fi\\\/verkkokauppa\\\/fresh-kiss-kaakaota-sisaltava-huulikuorinta\\\/\",\"name\":\"Fresh Kiss \u2013 kaakaota sis\u00e4lt\u00e4v\u00e4 huulikuorinta - Tilk!\",\"isPartOf\":{\"@id\":\"https:\\\/\\\/tilk.bio\\\/et\\\/#website\"},\"primaryImageOfPage\":{\"@id\":\"https:\\\/\\\/tilk.bio\\\/fi\\\/verkkokauppa\\\/fresh-kiss-kaakaota-sisaltava-huulikuorinta\\\/#primaryimage\"},\"image\":{\"@id\":\"https:\\\/\\\/tilk.bio\\\/fi\\\/verkkokauppa\\\/fresh-kiss-kaakaota-sisaltava-huulikuorinta\\\/#primaryimage\"},\"thumbnailUrl\":\"https:\\\/\\\/tilk.bio\\\/wp-content\\\/uploads\\\/2021\\\/01\\\/5.jpg\",\"datePublished\":\"2020-12-07T21:34:15+00:00\",\"dateModified\":\"2026-04-17T14:15:04+00:00\",\"breadcrumb\":{\"@id\":\"https:\\\/\\\/tilk.bio\\\/fi\\\/verkkokauppa\\\/fresh-kiss-kaakaota-sisaltava-huulikuorinta\\\/#breadcrumb\"},\"inLanguage\":\"fi\",\"potentialAction\":[{\"@type\":\"ReadAction\",\"target\":[\"https:\\\/\\\/tilk.bio\\\/fi\\\/verkkokauppa\\\/fresh-kiss-kaakaota-sisaltava-huulikuorinta\\\/\"]}]},{\"@type\":\"ImageObject\",\"inLanguage\":\"fi\",\"@id\":\"https:\\\/\\\/tilk.bio\\\/fi\\\/verkkokauppa\\\/fresh-kiss-kaakaota-sisaltava-huulikuorinta\\\/#primaryimage\",\"url\":\"https:\\\/\\\/tilk.bio\\\/wp-content\\\/uploads\\\/2021\\\/01\\\/5.jpg\",\"contentUrl\":\"https:\\\/\\\/tilk.bio\\\/wp-content\\\/uploads\\\/2021\\\/01\\\/5.jpg\",\"width\":1200,\"height\":1200},{\"@type\":\"BreadcrumbList\",\"@id\":\"https:\\\/\\\/tilk.bio\\\/fi\\\/verkkokauppa\\\/fresh-kiss-kaakaota-sisaltava-huulikuorinta\\\/#breadcrumb\",\"itemListElement\":[{\"@type\":\"ListItem\",\"position\":1,\"name\":\"Home\",\"item\":\"https:\\\/\\\/tilk.bio\\\/fi\\\/\"},{\"@type\":\"ListItem\",\"position\":2,\"name\":\"Verkkokauppa\",\"item\":\"https:\\\/\\\/tilk.bio\\\/fi\\\/verkkokauppa\\\/\"},{\"@type\":\"ListItem\",\"position\":3,\"name\":\"Fresh Kiss \u2013 kaakaota sis\u00e4lt\u00e4v\u00e4 huulikuorinta\"}]},{\"@type\":\"WebSite\",\"@id\":\"https:\\\/\\\/tilk.bio\\\/et\\\/#website\",\"url\":\"https:\\\/\\\/tilk.bio\\\/et\\\/\",\"name\":\"Tilk!\",\"description\":\"Natural and sustainable skincare!\",\"potentialAction\":[{\"@type\":\"SearchAction\",\"target\":{\"@type\":\"EntryPoint\",\"urlTemplate\":\"https:\\\/\\\/tilk.bio\\\/et\\\/?s={search_term_string}\"},\"query-input\":{\"@type\":\"PropertyValueSpecification\",\"valueRequired\":true,\"valueName\":\"search_term_string\"}}],\"inLanguage\":\"fi\"}]}<\/script>\n<!-- \/ Yoast SEO plugin. -->","yoast_head_json":{"title":"Fresh Kiss \u2013 kaakaota sis\u00e4lt\u00e4v\u00e4 huulikuorinta - Tilk!","robots":{"index":"index","follow":"follow","max-snippet":"max-snippet:-1","max-image-preview":"max-image-preview:large","max-video-preview":"max-video-preview:-1"},"canonical":"https:\/\/tilk.bio\/fi\/verkkokauppa\/fresh-kiss-kaakaota-sisaltava-huulikuorinta\/","og_locale":"fi_FI","og_type":"article","og_title":"Fresh Kiss \u2013 kaakaota sis\u00e4lt\u00e4v\u00e4 huulikuorinta - Tilk!","og_description":"Fresh Kiss on kaakaota ja hunajaa sis\u00e4lt\u00e4v\u00e4 virkist\u00e4v\u00e4 huulikuorinta, joka poistaa kuolleen ihosolukon, vilkastaa verenkiertoa sek\u00e4 ravitsee ja kaunistaa huulia. Huulten s\u00e4\u00e4nn\u00f6llinen kuoriminen my\u00f6s auttaa niit\u00e4 pysym\u00e4\u00e4n pehmein\u00e4. Keh\u00e4kukan bioaktiiviset ainesosat tasoittavat, pehment\u00e4v\u00e4t ja vahvistavat huulia. Sheavoi, kaakaovoi ja hunaja syv\u00e4ravitsevat huulten herkk\u00e4\u00e4 ihoa ja suojaavat sit\u00e4 kuivumiselta. Mehil\u00e4isvaha muodostaa huulille suojaavan kerroksen ja est\u00e4\u00e4...","og_url":"https:\/\/tilk.bio\/fi\/verkkokauppa\/fresh-kiss-kaakaota-sisaltava-huulikuorinta\/","og_site_name":"Tilk!","article_publisher":"https:\/\/www.facebook.com\/tilk.bio\/","article_modified_time":"2026-04-17T14:15:04+00:00","og_image":[{"width":1200,"height":1200,"url":"https:\/\/tilk.bio\/wp-content\/uploads\/2021\/01\/5.jpg","type":"image\/jpeg"}],"twitter_card":"summary_large_image","twitter_misc":{"Arvioitu lukuaika":"1 minuutti"},"schema":{"@context":"https:\/\/schema.org","@graph":[{"@type":"WebPage","@id":"https:\/\/tilk.bio\/fi\/verkkokauppa\/fresh-kiss-kaakaota-sisaltava-huulikuorinta\/","url":"https:\/\/tilk.bio\/fi\/verkkokauppa\/fresh-kiss-kaakaota-sisaltava-huulikuorinta\/","name":"Fresh Kiss \u2013 kaakaota sis\u00e4lt\u00e4v\u00e4 huulikuorinta - Tilk!","isPartOf":{"@id":"https:\/\/tilk.bio\/et\/#website"},"primaryImageOfPage":{"@id":"https:\/\/tilk.bio\/fi\/verkkokauppa\/fresh-kiss-kaakaota-sisaltava-huulikuorinta\/#primaryimage"},"image":{"@id":"https:\/\/tilk.bio\/fi\/verkkokauppa\/fresh-kiss-kaakaota-sisaltava-huulikuorinta\/#primaryimage"},"thumbnailUrl":"https:\/\/tilk.bio\/wp-content\/uploads\/2021\/01\/5.jpg","datePublished":"2020-12-07T21:34:15+00:00","dateModified":"2026-04-17T14:15:04+00:00","breadcrumb":{"@id":"https:\/\/tilk.bio\/fi\/verkkokauppa\/fresh-kiss-kaakaota-sisaltava-huulikuorinta\/#breadcrumb"},"inLanguage":"fi","potentialAction":[{"@type":"ReadAction","target":["https:\/\/tilk.bio\/fi\/verkkokauppa\/fresh-kiss-kaakaota-sisaltava-huulikuorinta\/"]}]},{"@type":"ImageObject","inLanguage":"fi","@id":"https:\/\/tilk.bio\/fi\/verkkokauppa\/fresh-kiss-kaakaota-sisaltava-huulikuorinta\/#primaryimage","url":"https:\/\/tilk.bio\/wp-content\/uploads\/2021\/01\/5.jpg","contentUrl":"https:\/\/tilk.bio\/wp-content\/uploads\/2021\/01\/5.jpg","width":1200,"height":1200},{"@type":"BreadcrumbList","@id":"https:\/\/tilk.bio\/fi\/verkkokauppa\/fresh-kiss-kaakaota-sisaltava-huulikuorinta\/#breadcrumb","itemListElement":[{"@type":"ListItem","position":1,"name":"Home","item":"https:\/\/tilk.bio\/fi\/"},{"@type":"ListItem","position":2,"name":"Verkkokauppa","item":"https:\/\/tilk.bio\/fi\/verkkokauppa\/"},{"@type":"ListItem","position":3,"name":"Fresh Kiss \u2013 kaakaota sis\u00e4lt\u00e4v\u00e4 huulikuorinta"}]},{"@type":"WebSite","@id":"https:\/\/tilk.bio\/et\/#website","url":"https:\/\/tilk.bio\/et\/","name":"Tilk!","description":"Natural and sustainable skincare!","potentialAction":[{"@type":"SearchAction","target":{"@type":"EntryPoint","urlTemplate":"https:\/\/tilk.bio\/et\/?s={search_term_string}"},"query-input":{"@type":"PropertyValueSpecification","valueRequired":true,"valueName":"search_term_string"}}],"inLanguage":"fi"}]}},"_links":{"self":[{"href":"https:\/\/tilk.bio\/fi\/wp-json\/wp\/v2\/product\/57185","targetHints":{"allow":["GET"]}}],"collection":[{"href":"https:\/\/tilk.bio\/fi\/wp-json\/wp\/v2\/product"}],"about":[{"href":"https:\/\/tilk.bio\/fi\/wp-json\/wp\/v2\/types\/product"}],"replies":[{"embeddable":true,"href":"https:\/\/tilk.bio\/fi\/wp-json\/wp\/v2\/comments?post=57185"}],"wp:featuredmedia":[{"embeddable":true,"href":"https:\/\/tilk.bio\/fi\/wp-json\/wp\/v2\/media\/67318"}],"wp:attachment":[{"href":"https:\/\/tilk.bio\/fi\/wp-json\/wp\/v2\/media?parent=57185"}],"wp:term":[{"taxonomy":"product_brand","embeddable":true,"href":"https:\/\/tilk.bio\/fi\/wp-json\/wp\/v2\/product_brand?post=57185"},{"taxonomy":"product_cat","embeddable":true,"href":"https:\/\/tilk.bio\/fi\/wp-json\/wp\/v2\/product_cat?post=57185"},{"taxonomy":"product_tag","embeddable":true,"href":"https:\/\/tilk.bio\/fi\/wp-json\/wp\/v2\/product_tag?post=57185"}],"curies":[{"name":"wp","href":"https:\/\/api.w.org\/{rel}","templated":true}]}}