{"id":57190,"date":"2020-05-30T08:37:17","date_gmt":"2020-05-30T08:37:17","guid":{"rendered":"https:\/\/tilk.bio\/shop\/scrub-me-teepuuoljya-sisaltava-puhdistava-kasvokuorinta-normaalille-ja-ongelmaiholle\/"},"modified":"2026-04-11T21:15:04","modified_gmt":"2026-04-11T18:15:04","slug":"scrub-me-teepuuoljya-sisaltava-puhdistava-kasvokuorinta-normaalille-ja-ongelmaiholle","status":"publish","type":"product","link":"https:\/\/tilk.bio\/fi\/verkkokauppa\/scrub-me-teepuuoljya-sisaltava-puhdistava-kasvokuorinta-normaalille-ja-ongelmaiholle\/","title":{"rendered":"Scrub Me  \u2013 teepuu\u00f6ljy\u00e4 sis\u00e4lt\u00e4v\u00e4 puhdistava kasvokuorinta normaalille ja ongelmaiholle"},"content":{"rendered":"<p>Antibakteerista ja puhdistavaa teepuu\u00f6ljy\u00e4 sis\u00e4lt\u00e4v\u00e4 Scrub Me -kasvokuorinta hoitaa ja virkist\u00e4\u00e4 ihoa. Sek\u00e4 normaalille ett\u00e4 ongelmaiholle sopiva koostumukseltaan runsas kuorinta syv\u00e4kosteuttaa ihoa ja auttaa ihosolukkoa uudistumaan.<\/p>\n<p>Aprikoosinkivijauhe auttaa poistamaan kuolleen ihosolukon ihoa vahingoittamatta. Risiini\u00f6ljyn sis\u00e4lt\u00e4m\u00e4 risiinihappo on tehokas kosteuttaja, mink\u00e4 lis\u00e4ksi \u00f6ljy edesauttaa ihoa pehment\u00e4vien kollageenin ja elastiinin tuotantoa sek\u00e4 lievitt\u00e4\u00e4 iho-ongelmia ja \u00e4rsytyst\u00e4. My\u00f6s kookos\u00f6ljy kosteuttaa, lis\u00e4\u00e4 ihon kimmoisuutta ja v\u00e4hent\u00e4\u00e4 sen \u00e4rsytyst\u00e4. Keh\u00e4kukan ja peltokortteen bioaktiiviset ainesosat rauhoittavat ihoa ja vahvistavat sen rakennetta. Peltokorte my\u00f6s puhdistaa ihoa tehokkaasti kuona-aineista ja huokosiin kertyneest\u00e4 liasta. Kasvokuorinta tuoksuu teepuu\u00f6ljylt\u00e4.<\/p>\n<p>K\u00e4ytt\u00f6: Kasvokuorinnan luontaiset ainesosat ovat hell\u00e4varaisia, joten tuotetta voi k\u00e4ytt\u00e4\u00e4 tarpeen mukaan my\u00f6s useamman kerran viikossa. Levit\u00e4 kuorinta kosteille kasvoille, hiero kevyesti py\u00f6rivin liikkein ja huuhdo haalealla vedell\u00e4. Kuorinnan j\u00e4lkeen voit helli\u00e4 ihoa kosteuttavalla naamiolla \u2013 kokeile esimerkiksi <a href=\"https:\/\/tilk.bio\/fi\/verkkokauppa\/puhdistava-ja-kosteuttava-kasvonaamio-detox-me\/\">Detox Me<\/a> -kasvonaamiota.<\/p>\n<p>Tuotteen kaikki ainesosat ovat luontaista ja vegaanista alkuper\u00e4\u00e4. Tuotteessa on k\u00e4ytetty Saarenmaalta k\u00e4sin poimituista kasveista saatuja \u00f6ljyj\u00e4.<\/p>\n<p>S\u00e4ilytys huoneenl\u00e4mm\u00f6ss\u00e4.<\/p>\n<p>Koko: 10ml\/50ml<\/p>\n<p><a ref=\"magnificPopup\" href=\"https:\/\/tilk.bio\/wp-content\/uploads\/2016\/01\/Vegan_sign-07.png\"><img loading=\"lazy\" decoding=\"async\" class=\"alignnone wp-image-22658\" src=\"https:\/\/tilk.bio\/wp-content\/uploads\/2016\/01\/Vegan_sign-07.png\" alt=\"\" width=\"91\" height=\"91\" srcset=\"https:\/\/tilk.bio\/wp-content\/uploads\/2016\/01\/Vegan_sign-07.png 165w, https:\/\/tilk.bio\/wp-content\/uploads\/2016\/01\/Vegan_sign-07-150x150.png 150w\" sizes=\"auto, (max-width: 91px) 100vw, 91px\" \/><\/a><\/p>\n","protected":false},"excerpt":{"rendered":"<p>Antibakteerista ja puhdistavaa teepuu\u00f6ljy\u00e4 sis\u00e4lt\u00e4v\u00e4 Scrub Me -kasvokuorinta hoitaa ja virkist\u00e4\u00e4 ihoa. Sek\u00e4 normaalille ett\u00e4 ongelmaiholle sopiva koostumukseltaan runsas kuorinta syv\u00e4kosteuttaa ihoa ja auttaa ihosolukkoa uudistumaan. Aprikoosinkivijauhe auttaa poistamaan kuolleen ihosolukon ihoa vahingoittamatta. Risiini\u00f6ljyn sis\u00e4lt\u00e4m\u00e4 risiinihappo on tehokas kosteuttaja, mink\u00e4 lis\u00e4ksi \u00f6ljy edesauttaa ihoa pehment\u00e4vien kollageenin ja elastiinin tuotantoa sek\u00e4 lievitt\u00e4\u00e4 iho-ongelmia ja \u00e4rsytyst\u00e4. My\u00f6s&#8230;<\/p>\n","protected":false},"featured_media":67358,"comment_status":"open","ping_status":"closed","template":"","meta":{"_acf_changed":false},"product_brand":[],"product_cat":[747,741,501,512,633,742,730],"product_tag":[739,743,744],"class_list":{"0":"post-57190","1":"product","2":"type-product","3":"status-publish","4":"has-post-thumbnail","6":"product_cat-akne-ja-rasvainen-iho","7":"product_cat-epatasainen-iho","8":"product_cat-kaikki-tuotteet","9":"product_cat-kasvohoito","10":"product_cat-kasvokuorinta","11":"product_cat-normaali-ja-sekaiho","12":"product_cat-tilk-herbal-fi","13":"product_tag-elainkokeeton","14":"product_tag-palmuoljyton","15":"product_tag-vegaaninen","17":"first","18":"instock","19":"taxable","20":"shipping-taxable","21":"purchasable","22":"product-type-variable"},"acf":[],"yoast_head":"<!-- This site is optimized with the Yoast SEO plugin v27.3 - https:\/\/yoast.com\/product\/yoast-seo-wordpress\/ -->\n<title>Scrub Me \u2013 teepuu\u00f6ljy\u00e4 sis\u00e4lt\u00e4v\u00e4 puhdistava kasvokuorinta normaalille ja ongelmaiholle - Tilk!<\/title>\n<meta name=\"robots\" content=\"index, follow, max-snippet:-1, max-image-preview:large, max-video-preview:-1\" \/>\n<link rel=\"canonical\" href=\"https:\/\/tilk.bio\/fi\/verkkokauppa\/scrub-me-teepuuoljya-sisaltava-puhdistava-kasvokuorinta-normaalille-ja-ongelmaiholle\/\" \/>\n<meta property=\"og:locale\" content=\"fi_FI\" \/>\n<meta property=\"og:type\" content=\"article\" \/>\n<meta property=\"og:title\" content=\"Scrub Me \u2013 teepuu\u00f6ljy\u00e4 sis\u00e4lt\u00e4v\u00e4 puhdistava kasvokuorinta normaalille ja ongelmaiholle - Tilk!\" \/>\n<meta property=\"og:description\" content=\"Antibakteerista ja puhdistavaa teepuu\u00f6ljy\u00e4 sis\u00e4lt\u00e4v\u00e4 Scrub Me -kasvokuorinta hoitaa ja virkist\u00e4\u00e4 ihoa. Sek\u00e4 normaalille ett\u00e4 ongelmaiholle sopiva koostumukseltaan runsas kuorinta syv\u00e4kosteuttaa ihoa ja auttaa ihosolukkoa uudistumaan. Aprikoosinkivijauhe auttaa poistamaan kuolleen ihosolukon ihoa vahingoittamatta. Risiini\u00f6ljyn sis\u00e4lt\u00e4m\u00e4 risiinihappo on tehokas kosteuttaja, mink\u00e4 lis\u00e4ksi \u00f6ljy edesauttaa ihoa pehment\u00e4vien kollageenin ja elastiinin tuotantoa sek\u00e4 lievitt\u00e4\u00e4 iho-ongelmia ja \u00e4rsytyst\u00e4. My\u00f6s...\" \/>\n<meta property=\"og:url\" content=\"https:\/\/tilk.bio\/fi\/verkkokauppa\/scrub-me-teepuuoljya-sisaltava-puhdistava-kasvokuorinta-normaalille-ja-ongelmaiholle\/\" \/>\n<meta property=\"og:site_name\" content=\"Tilk!\" \/>\n<meta property=\"article:publisher\" content=\"https:\/\/www.facebook.com\/tilk.bio\/\" \/>\n<meta property=\"article:modified_time\" content=\"2026-04-11T18:15:04+00:00\" \/>\n<meta property=\"og:image\" content=\"https:\/\/tilk.bio\/wp-content\/uploads\/2020\/05\/2.jpg\" \/>\n\t<meta property=\"og:image:width\" content=\"1200\" \/>\n\t<meta property=\"og:image:height\" content=\"1200\" \/>\n\t<meta property=\"og:image:type\" content=\"image\/jpeg\" \/>\n<meta name=\"twitter:card\" content=\"summary_large_image\" \/>\n<meta name=\"twitter:label1\" content=\"Arvioitu lukuaika\" \/>\n\t<meta name=\"twitter:data1\" content=\"1 minuutti\" \/>\n<script type=\"application\/ld+json\" class=\"yoast-schema-graph\">{\"@context\":\"https:\\\/\\\/schema.org\",\"@graph\":[{\"@type\":\"WebPage\",\"@id\":\"https:\\\/\\\/tilk.bio\\\/fi\\\/verkkokauppa\\\/scrub-me-teepuuoljya-sisaltava-puhdistava-kasvokuorinta-normaalille-ja-ongelmaiholle\\\/\",\"url\":\"https:\\\/\\\/tilk.bio\\\/fi\\\/verkkokauppa\\\/scrub-me-teepuuoljya-sisaltava-puhdistava-kasvokuorinta-normaalille-ja-ongelmaiholle\\\/\",\"name\":\"Scrub Me \u2013 teepuu\u00f6ljy\u00e4 sis\u00e4lt\u00e4v\u00e4 puhdistava kasvokuorinta normaalille ja ongelmaiholle - Tilk!\",\"isPartOf\":{\"@id\":\"https:\\\/\\\/tilk.bio\\\/et\\\/#website\"},\"primaryImageOfPage\":{\"@id\":\"https:\\\/\\\/tilk.bio\\\/fi\\\/verkkokauppa\\\/scrub-me-teepuuoljya-sisaltava-puhdistava-kasvokuorinta-normaalille-ja-ongelmaiholle\\\/#primaryimage\"},\"image\":{\"@id\":\"https:\\\/\\\/tilk.bio\\\/fi\\\/verkkokauppa\\\/scrub-me-teepuuoljya-sisaltava-puhdistava-kasvokuorinta-normaalille-ja-ongelmaiholle\\\/#primaryimage\"},\"thumbnailUrl\":\"https:\\\/\\\/tilk.bio\\\/wp-content\\\/uploads\\\/2020\\\/05\\\/2.jpg\",\"datePublished\":\"2020-05-30T08:37:17+00:00\",\"dateModified\":\"2026-04-11T18:15:04+00:00\",\"breadcrumb\":{\"@id\":\"https:\\\/\\\/tilk.bio\\\/fi\\\/verkkokauppa\\\/scrub-me-teepuuoljya-sisaltava-puhdistava-kasvokuorinta-normaalille-ja-ongelmaiholle\\\/#breadcrumb\"},\"inLanguage\":\"fi\",\"potentialAction\":[{\"@type\":\"ReadAction\",\"target\":[\"https:\\\/\\\/tilk.bio\\\/fi\\\/verkkokauppa\\\/scrub-me-teepuuoljya-sisaltava-puhdistava-kasvokuorinta-normaalille-ja-ongelmaiholle\\\/\"]}]},{\"@type\":\"ImageObject\",\"inLanguage\":\"fi\",\"@id\":\"https:\\\/\\\/tilk.bio\\\/fi\\\/verkkokauppa\\\/scrub-me-teepuuoljya-sisaltava-puhdistava-kasvokuorinta-normaalille-ja-ongelmaiholle\\\/#primaryimage\",\"url\":\"https:\\\/\\\/tilk.bio\\\/wp-content\\\/uploads\\\/2020\\\/05\\\/2.jpg\",\"contentUrl\":\"https:\\\/\\\/tilk.bio\\\/wp-content\\\/uploads\\\/2020\\\/05\\\/2.jpg\",\"width\":1200,\"height\":1200},{\"@type\":\"BreadcrumbList\",\"@id\":\"https:\\\/\\\/tilk.bio\\\/fi\\\/verkkokauppa\\\/scrub-me-teepuuoljya-sisaltava-puhdistava-kasvokuorinta-normaalille-ja-ongelmaiholle\\\/#breadcrumb\",\"itemListElement\":[{\"@type\":\"ListItem\",\"position\":1,\"name\":\"Home\",\"item\":\"https:\\\/\\\/tilk.bio\\\/fi\\\/\"},{\"@type\":\"ListItem\",\"position\":2,\"name\":\"Verkkokauppa\",\"item\":\"https:\\\/\\\/tilk.bio\\\/fi\\\/verkkokauppa\\\/\"},{\"@type\":\"ListItem\",\"position\":3,\"name\":\"Scrub Me \u2013 teepuu\u00f6ljy\u00e4 sis\u00e4lt\u00e4v\u00e4 puhdistava kasvokuorinta normaalille ja ongelmaiholle\"}]},{\"@type\":\"WebSite\",\"@id\":\"https:\\\/\\\/tilk.bio\\\/et\\\/#website\",\"url\":\"https:\\\/\\\/tilk.bio\\\/et\\\/\",\"name\":\"Tilk!\",\"description\":\"Natural and sustainable skincare!\",\"potentialAction\":[{\"@type\":\"SearchAction\",\"target\":{\"@type\":\"EntryPoint\",\"urlTemplate\":\"https:\\\/\\\/tilk.bio\\\/et\\\/?s={search_term_string}\"},\"query-input\":{\"@type\":\"PropertyValueSpecification\",\"valueRequired\":true,\"valueName\":\"search_term_string\"}}],\"inLanguage\":\"fi\"}]}<\/script>\n<!-- \/ Yoast SEO plugin. -->","yoast_head_json":{"title":"Scrub Me \u2013 teepuu\u00f6ljy\u00e4 sis\u00e4lt\u00e4v\u00e4 puhdistava kasvokuorinta normaalille ja ongelmaiholle - Tilk!","robots":{"index":"index","follow":"follow","max-snippet":"max-snippet:-1","max-image-preview":"max-image-preview:large","max-video-preview":"max-video-preview:-1"},"canonical":"https:\/\/tilk.bio\/fi\/verkkokauppa\/scrub-me-teepuuoljya-sisaltava-puhdistava-kasvokuorinta-normaalille-ja-ongelmaiholle\/","og_locale":"fi_FI","og_type":"article","og_title":"Scrub Me \u2013 teepuu\u00f6ljy\u00e4 sis\u00e4lt\u00e4v\u00e4 puhdistava kasvokuorinta normaalille ja ongelmaiholle - Tilk!","og_description":"Antibakteerista ja puhdistavaa teepuu\u00f6ljy\u00e4 sis\u00e4lt\u00e4v\u00e4 Scrub Me -kasvokuorinta hoitaa ja virkist\u00e4\u00e4 ihoa. Sek\u00e4 normaalille ett\u00e4 ongelmaiholle sopiva koostumukseltaan runsas kuorinta syv\u00e4kosteuttaa ihoa ja auttaa ihosolukkoa uudistumaan. Aprikoosinkivijauhe auttaa poistamaan kuolleen ihosolukon ihoa vahingoittamatta. Risiini\u00f6ljyn sis\u00e4lt\u00e4m\u00e4 risiinihappo on tehokas kosteuttaja, mink\u00e4 lis\u00e4ksi \u00f6ljy edesauttaa ihoa pehment\u00e4vien kollageenin ja elastiinin tuotantoa sek\u00e4 lievitt\u00e4\u00e4 iho-ongelmia ja \u00e4rsytyst\u00e4. My\u00f6s...","og_url":"https:\/\/tilk.bio\/fi\/verkkokauppa\/scrub-me-teepuuoljya-sisaltava-puhdistava-kasvokuorinta-normaalille-ja-ongelmaiholle\/","og_site_name":"Tilk!","article_publisher":"https:\/\/www.facebook.com\/tilk.bio\/","article_modified_time":"2026-04-11T18:15:04+00:00","og_image":[{"width":1200,"height":1200,"url":"https:\/\/tilk.bio\/wp-content\/uploads\/2020\/05\/2.jpg","type":"image\/jpeg"}],"twitter_card":"summary_large_image","twitter_misc":{"Arvioitu lukuaika":"1 minuutti"},"schema":{"@context":"https:\/\/schema.org","@graph":[{"@type":"WebPage","@id":"https:\/\/tilk.bio\/fi\/verkkokauppa\/scrub-me-teepuuoljya-sisaltava-puhdistava-kasvokuorinta-normaalille-ja-ongelmaiholle\/","url":"https:\/\/tilk.bio\/fi\/verkkokauppa\/scrub-me-teepuuoljya-sisaltava-puhdistava-kasvokuorinta-normaalille-ja-ongelmaiholle\/","name":"Scrub Me \u2013 teepuu\u00f6ljy\u00e4 sis\u00e4lt\u00e4v\u00e4 puhdistava kasvokuorinta normaalille ja ongelmaiholle - Tilk!","isPartOf":{"@id":"https:\/\/tilk.bio\/et\/#website"},"primaryImageOfPage":{"@id":"https:\/\/tilk.bio\/fi\/verkkokauppa\/scrub-me-teepuuoljya-sisaltava-puhdistava-kasvokuorinta-normaalille-ja-ongelmaiholle\/#primaryimage"},"image":{"@id":"https:\/\/tilk.bio\/fi\/verkkokauppa\/scrub-me-teepuuoljya-sisaltava-puhdistava-kasvokuorinta-normaalille-ja-ongelmaiholle\/#primaryimage"},"thumbnailUrl":"https:\/\/tilk.bio\/wp-content\/uploads\/2020\/05\/2.jpg","datePublished":"2020-05-30T08:37:17+00:00","dateModified":"2026-04-11T18:15:04+00:00","breadcrumb":{"@id":"https:\/\/tilk.bio\/fi\/verkkokauppa\/scrub-me-teepuuoljya-sisaltava-puhdistava-kasvokuorinta-normaalille-ja-ongelmaiholle\/#breadcrumb"},"inLanguage":"fi","potentialAction":[{"@type":"ReadAction","target":["https:\/\/tilk.bio\/fi\/verkkokauppa\/scrub-me-teepuuoljya-sisaltava-puhdistava-kasvokuorinta-normaalille-ja-ongelmaiholle\/"]}]},{"@type":"ImageObject","inLanguage":"fi","@id":"https:\/\/tilk.bio\/fi\/verkkokauppa\/scrub-me-teepuuoljya-sisaltava-puhdistava-kasvokuorinta-normaalille-ja-ongelmaiholle\/#primaryimage","url":"https:\/\/tilk.bio\/wp-content\/uploads\/2020\/05\/2.jpg","contentUrl":"https:\/\/tilk.bio\/wp-content\/uploads\/2020\/05\/2.jpg","width":1200,"height":1200},{"@type":"BreadcrumbList","@id":"https:\/\/tilk.bio\/fi\/verkkokauppa\/scrub-me-teepuuoljya-sisaltava-puhdistava-kasvokuorinta-normaalille-ja-ongelmaiholle\/#breadcrumb","itemListElement":[{"@type":"ListItem","position":1,"name":"Home","item":"https:\/\/tilk.bio\/fi\/"},{"@type":"ListItem","position":2,"name":"Verkkokauppa","item":"https:\/\/tilk.bio\/fi\/verkkokauppa\/"},{"@type":"ListItem","position":3,"name":"Scrub Me \u2013 teepuu\u00f6ljy\u00e4 sis\u00e4lt\u00e4v\u00e4 puhdistava kasvokuorinta normaalille ja ongelmaiholle"}]},{"@type":"WebSite","@id":"https:\/\/tilk.bio\/et\/#website","url":"https:\/\/tilk.bio\/et\/","name":"Tilk!","description":"Natural and sustainable skincare!","potentialAction":[{"@type":"SearchAction","target":{"@type":"EntryPoint","urlTemplate":"https:\/\/tilk.bio\/et\/?s={search_term_string}"},"query-input":{"@type":"PropertyValueSpecification","valueRequired":true,"valueName":"search_term_string"}}],"inLanguage":"fi"}]}},"_links":{"self":[{"href":"https:\/\/tilk.bio\/fi\/wp-json\/wp\/v2\/product\/57190","targetHints":{"allow":["GET"]}}],"collection":[{"href":"https:\/\/tilk.bio\/fi\/wp-json\/wp\/v2\/product"}],"about":[{"href":"https:\/\/tilk.bio\/fi\/wp-json\/wp\/v2\/types\/product"}],"replies":[{"embeddable":true,"href":"https:\/\/tilk.bio\/fi\/wp-json\/wp\/v2\/comments?post=57190"}],"wp:featuredmedia":[{"embeddable":true,"href":"https:\/\/tilk.bio\/fi\/wp-json\/wp\/v2\/media\/67358"}],"wp:attachment":[{"href":"https:\/\/tilk.bio\/fi\/wp-json\/wp\/v2\/media?parent=57190"}],"wp:term":[{"taxonomy":"product_brand","embeddable":true,"href":"https:\/\/tilk.bio\/fi\/wp-json\/wp\/v2\/product_brand?post=57190"},{"taxonomy":"product_cat","embeddable":true,"href":"https:\/\/tilk.bio\/fi\/wp-json\/wp\/v2\/product_cat?post=57190"},{"taxonomy":"product_tag","embeddable":true,"href":"https:\/\/tilk.bio\/fi\/wp-json\/wp\/v2\/product_tag?post=57190"}],"curies":[{"name":"wp","href":"https:\/\/api.w.org\/{rel}","templated":true}]}}