{"id":57195,"date":"2021-06-25T10:38:19","date_gmt":"2021-06-25T07:38:19","guid":{"rendered":"https:\/\/tilk.bio\/shop\/peel-me-passionoljya-sisaltava-kuoriva-aha-naamio-kasvoille\/"},"modified":"2026-04-13T12:45:11","modified_gmt":"2026-04-13T09:45:11","slug":"peel-me-passionoljya-sisaltava-kuoriva-aha-naamio-kasvoille","status":"publish","type":"product","link":"https:\/\/tilk.bio\/fi\/verkkokauppa\/peel-me-passionoljya-sisaltava-kuoriva-aha-naamio-kasvoille\/","title":{"rendered":"Peel Me \u2013 passion\u00f6ljy\u00e4 sis\u00e4lt\u00e4v\u00e4 kuoriva AHA-naamio kasvoille"},"content":{"rendered":"<p>Kuoriva AHA-naamio sis\u00e4lt\u00e4\u00e4 kosteuttavia, vitamiinipitoisia \u00f6ljyj\u00e4 ja ihoa kuorivia AHA-hedelm\u00e4happoja. Naamio tasoittaa ihon s\u00e4vy\u00e4 ja rakennetta, silottaa juonteita sek\u00e4 uudistaa, kirkastaa ja kosteuttaa ihoa. Lis\u00e4ksi kuorinta edist\u00e4\u00e4 kollageenin tuotantoa ja muiden kasvojenhoitotuotteiden imeytymist\u00e4. Naamio sopii kaikille ihotyypeille.<\/p>\n<p>Naamion vaikuttava ainesosa on hell\u00e4varaisesti kuoriva AHA- eli alfahydroksihappo. Naamio poistaa ihosolukon p\u00e4\u00e4llimm\u00e4isen kerroksen ja auttaa ihoa uudistumaan nopeammin ja tehokkaammin.<\/p>\n<p>Passionhedelm\u00e4n karoteenit, riboflaviinit sek\u00e4 C- ja A-vitamiinit kosteuttavat ihoa, hidastavat sen ennenaikaista ik\u00e4\u00e4ntymist\u00e4 ja lis\u00e4\u00e4v\u00e4t sen verensaantia. Lis\u00e4ksi aloe vera ja tyrni\u00f6ljy uudistavat ihon rakennetta, parantavat sen s\u00e4vy\u00e4 sek\u00e4 ravitsevat ihoa sen tarvitsemilla vitamiineilla, mineraaleilla ja rasvahapoilla. Kookos\u00f6ljy, keh\u00e4kukka, poimulehti ja peltokorte rauhoittavat ja syv\u00e4ravitsevat ihoa. Naamion raikas tuoksu on sekoitus appelsiinia, limetti\u00e4 ja sitruunaa.<\/p>\n<p><strong>K\u00e4ytt\u00f6:<\/strong> Levit\u00e4 naamiota ohuelti puhdistetulle iholle. Anna vaikuttaa 4\u20138 minuuttia ja huuhdo l\u00e4mpim\u00e4ll\u00e4 vedell\u00e4. Hapot voivat aiheuttaa iholle kevyesti kirvelev\u00e4n tunteen, mutta mik\u00e4li ihosi \u00e4rtyy huomattavasti, pese naamio pois saman tien. Naamion k\u00e4yt\u00f6n j\u00e4lkeen ei suositella auringossa oleskelua. Levit\u00e4 iholle kosteusvoidetta naamion k\u00e4yt\u00f6n j\u00e4lkeen.<\/p>\n<p>Tuotteen kaikki ainesosat ovat luontaista ja vegaanista alkuper\u00e4\u00e4. Tuotteessa on k\u00e4ytetty Saarenmaalta k\u00e4sin poimituista kasveista saatuja \u00f6ljyj\u00e4.<\/p>\n<p>S\u00e4ilytys huoneenl\u00e4mm\u00f6ss\u00e4.<\/p>\n<p>Koko: 10ml\/50ml<\/p>\n","protected":false},"excerpt":{"rendered":"<p>Kuoriva AHA-naamio sis\u00e4lt\u00e4\u00e4 kosteuttavia, vitamiinipitoisia \u00f6ljyj\u00e4 ja ihoa kuorivia AHA-hedelm\u00e4happoja. Naamio tasoittaa ihon s\u00e4vy\u00e4 ja rakennetta, silottaa juonteita sek\u00e4 uudistaa, kirkastaa ja kosteuttaa ihoa. Lis\u00e4ksi kuorinta edist\u00e4\u00e4 kollageenin tuotantoa ja muiden kasvojenhoitotuotteiden imeytymist\u00e4. Naamio sopii kaikille ihotyypeille. Naamion vaikuttava ainesosa on hell\u00e4varaisesti kuoriva AHA- eli alfahydroksihappo. Naamio poistaa ihosolukon p\u00e4\u00e4llimm\u00e4isen kerroksen ja auttaa ihoa uudistumaan&#8230;<\/p>\n","protected":false},"featured_media":67270,"comment_status":"open","ping_status":"closed","template":"","meta":{"_acf_changed":false},"product_brand":[],"product_cat":[741,729,740,501,512,633,764,737,742,635,730],"product_tag":[],"class_list":{"0":"post-57195","1":"product","2":"type-product","3":"status-publish","4":"has-post-thumbnail","6":"product_cat-epatasainen-iho","7":"product_cat-herkka-iho","8":"product_cat-ikaantyva-iho","9":"product_cat-kaikki-tuotteet","10":"product_cat-kasvohoito","11":"product_cat-kasvokuorinta","12":"product_cat-kasvnaamio","13":"product_cat-kuiva-iho","14":"product_cat-normaali-ja-sekaiho","15":"product_cat-puhdistajat","16":"product_cat-tilk-herbal-fi","18":"first","19":"outofstock","20":"taxable","21":"shipping-taxable","22":"purchasable","23":"product-type-variable"},"acf":[],"yoast_head":"<!-- This site is optimized with the Yoast SEO plugin v27.3 - https:\/\/yoast.com\/product\/yoast-seo-wordpress\/ -->\n<title>Peel Me \u2013 passion\u00f6ljy\u00e4 sis\u00e4lt\u00e4v\u00e4 kuoriva AHA-naamio kasvoille - Tilk!<\/title>\n<meta name=\"robots\" content=\"index, follow, max-snippet:-1, max-image-preview:large, max-video-preview:-1\" \/>\n<link rel=\"canonical\" href=\"https:\/\/tilk.bio\/fi\/verkkokauppa\/peel-me-passionoljya-sisaltava-kuoriva-aha-naamio-kasvoille\/\" \/>\n<meta property=\"og:locale\" content=\"fi_FI\" \/>\n<meta property=\"og:type\" content=\"article\" \/>\n<meta property=\"og:title\" content=\"Peel Me \u2013 passion\u00f6ljy\u00e4 sis\u00e4lt\u00e4v\u00e4 kuoriva AHA-naamio kasvoille - Tilk!\" \/>\n<meta property=\"og:description\" content=\"Kuoriva AHA-naamio sis\u00e4lt\u00e4\u00e4 kosteuttavia, vitamiinipitoisia \u00f6ljyj\u00e4 ja ihoa kuorivia AHA-hedelm\u00e4happoja. Naamio tasoittaa ihon s\u00e4vy\u00e4 ja rakennetta, silottaa juonteita sek\u00e4 uudistaa, kirkastaa ja kosteuttaa ihoa. Lis\u00e4ksi kuorinta edist\u00e4\u00e4 kollageenin tuotantoa ja muiden kasvojenhoitotuotteiden imeytymist\u00e4. Naamio sopii kaikille ihotyypeille. Naamion vaikuttava ainesosa on hell\u00e4varaisesti kuoriva AHA- eli alfahydroksihappo. Naamio poistaa ihosolukon p\u00e4\u00e4llimm\u00e4isen kerroksen ja auttaa ihoa uudistumaan...\" \/>\n<meta property=\"og:url\" content=\"https:\/\/tilk.bio\/fi\/verkkokauppa\/peel-me-passionoljya-sisaltava-kuoriva-aha-naamio-kasvoille\/\" \/>\n<meta property=\"og:site_name\" content=\"Tilk!\" \/>\n<meta property=\"article:publisher\" content=\"https:\/\/www.facebook.com\/tilk.bio\/\" \/>\n<meta property=\"article:modified_time\" content=\"2026-04-13T09:45:11+00:00\" \/>\n<meta property=\"og:image\" content=\"https:\/\/tilk.bio\/wp-content\/uploads\/2021\/06\/Untitled-design-61.jpg\" \/>\n\t<meta property=\"og:image:width\" content=\"1200\" \/>\n\t<meta property=\"og:image:height\" content=\"1200\" \/>\n\t<meta property=\"og:image:type\" content=\"image\/jpeg\" \/>\n<meta name=\"twitter:card\" content=\"summary_large_image\" \/>\n<meta name=\"twitter:label1\" content=\"Arvioitu lukuaika\" \/>\n\t<meta name=\"twitter:data1\" content=\"1 minuutti\" \/>\n<script type=\"application\/ld+json\" class=\"yoast-schema-graph\">{\"@context\":\"https:\\\/\\\/schema.org\",\"@graph\":[{\"@type\":\"WebPage\",\"@id\":\"https:\\\/\\\/tilk.bio\\\/fi\\\/verkkokauppa\\\/peel-me-passionoljya-sisaltava-kuoriva-aha-naamio-kasvoille\\\/\",\"url\":\"https:\\\/\\\/tilk.bio\\\/fi\\\/verkkokauppa\\\/peel-me-passionoljya-sisaltava-kuoriva-aha-naamio-kasvoille\\\/\",\"name\":\"Peel Me \u2013 passion\u00f6ljy\u00e4 sis\u00e4lt\u00e4v\u00e4 kuoriva AHA-naamio kasvoille - Tilk!\",\"isPartOf\":{\"@id\":\"https:\\\/\\\/tilk.bio\\\/et\\\/#website\"},\"primaryImageOfPage\":{\"@id\":\"https:\\\/\\\/tilk.bio\\\/fi\\\/verkkokauppa\\\/peel-me-passionoljya-sisaltava-kuoriva-aha-naamio-kasvoille\\\/#primaryimage\"},\"image\":{\"@id\":\"https:\\\/\\\/tilk.bio\\\/fi\\\/verkkokauppa\\\/peel-me-passionoljya-sisaltava-kuoriva-aha-naamio-kasvoille\\\/#primaryimage\"},\"thumbnailUrl\":\"https:\\\/\\\/tilk.bio\\\/wp-content\\\/uploads\\\/2021\\\/06\\\/Untitled-design-61.jpg\",\"datePublished\":\"2021-06-25T07:38:19+00:00\",\"dateModified\":\"2026-04-13T09:45:11+00:00\",\"breadcrumb\":{\"@id\":\"https:\\\/\\\/tilk.bio\\\/fi\\\/verkkokauppa\\\/peel-me-passionoljya-sisaltava-kuoriva-aha-naamio-kasvoille\\\/#breadcrumb\"},\"inLanguage\":\"fi\",\"potentialAction\":[{\"@type\":\"ReadAction\",\"target\":[\"https:\\\/\\\/tilk.bio\\\/fi\\\/verkkokauppa\\\/peel-me-passionoljya-sisaltava-kuoriva-aha-naamio-kasvoille\\\/\"]}]},{\"@type\":\"ImageObject\",\"inLanguage\":\"fi\",\"@id\":\"https:\\\/\\\/tilk.bio\\\/fi\\\/verkkokauppa\\\/peel-me-passionoljya-sisaltava-kuoriva-aha-naamio-kasvoille\\\/#primaryimage\",\"url\":\"https:\\\/\\\/tilk.bio\\\/wp-content\\\/uploads\\\/2021\\\/06\\\/Untitled-design-61.jpg\",\"contentUrl\":\"https:\\\/\\\/tilk.bio\\\/wp-content\\\/uploads\\\/2021\\\/06\\\/Untitled-design-61.jpg\",\"width\":1200,\"height\":1200},{\"@type\":\"BreadcrumbList\",\"@id\":\"https:\\\/\\\/tilk.bio\\\/fi\\\/verkkokauppa\\\/peel-me-passionoljya-sisaltava-kuoriva-aha-naamio-kasvoille\\\/#breadcrumb\",\"itemListElement\":[{\"@type\":\"ListItem\",\"position\":1,\"name\":\"Home\",\"item\":\"https:\\\/\\\/tilk.bio\\\/fi\\\/\"},{\"@type\":\"ListItem\",\"position\":2,\"name\":\"Verkkokauppa\",\"item\":\"https:\\\/\\\/tilk.bio\\\/fi\\\/verkkokauppa\\\/\"},{\"@type\":\"ListItem\",\"position\":3,\"name\":\"Peel Me \u2013 passion\u00f6ljy\u00e4 sis\u00e4lt\u00e4v\u00e4 kuoriva AHA-naamio kasvoille\"}]},{\"@type\":\"WebSite\",\"@id\":\"https:\\\/\\\/tilk.bio\\\/et\\\/#website\",\"url\":\"https:\\\/\\\/tilk.bio\\\/et\\\/\",\"name\":\"Tilk!\",\"description\":\"Natural and sustainable skincare!\",\"potentialAction\":[{\"@type\":\"SearchAction\",\"target\":{\"@type\":\"EntryPoint\",\"urlTemplate\":\"https:\\\/\\\/tilk.bio\\\/et\\\/?s={search_term_string}\"},\"query-input\":{\"@type\":\"PropertyValueSpecification\",\"valueRequired\":true,\"valueName\":\"search_term_string\"}}],\"inLanguage\":\"fi\"}]}<\/script>\n<!-- \/ Yoast SEO plugin. -->","yoast_head_json":{"title":"Peel Me \u2013 passion\u00f6ljy\u00e4 sis\u00e4lt\u00e4v\u00e4 kuoriva AHA-naamio kasvoille - Tilk!","robots":{"index":"index","follow":"follow","max-snippet":"max-snippet:-1","max-image-preview":"max-image-preview:large","max-video-preview":"max-video-preview:-1"},"canonical":"https:\/\/tilk.bio\/fi\/verkkokauppa\/peel-me-passionoljya-sisaltava-kuoriva-aha-naamio-kasvoille\/","og_locale":"fi_FI","og_type":"article","og_title":"Peel Me \u2013 passion\u00f6ljy\u00e4 sis\u00e4lt\u00e4v\u00e4 kuoriva AHA-naamio kasvoille - Tilk!","og_description":"Kuoriva AHA-naamio sis\u00e4lt\u00e4\u00e4 kosteuttavia, vitamiinipitoisia \u00f6ljyj\u00e4 ja ihoa kuorivia AHA-hedelm\u00e4happoja. Naamio tasoittaa ihon s\u00e4vy\u00e4 ja rakennetta, silottaa juonteita sek\u00e4 uudistaa, kirkastaa ja kosteuttaa ihoa. Lis\u00e4ksi kuorinta edist\u00e4\u00e4 kollageenin tuotantoa ja muiden kasvojenhoitotuotteiden imeytymist\u00e4. Naamio sopii kaikille ihotyypeille. Naamion vaikuttava ainesosa on hell\u00e4varaisesti kuoriva AHA- eli alfahydroksihappo. Naamio poistaa ihosolukon p\u00e4\u00e4llimm\u00e4isen kerroksen ja auttaa ihoa uudistumaan...","og_url":"https:\/\/tilk.bio\/fi\/verkkokauppa\/peel-me-passionoljya-sisaltava-kuoriva-aha-naamio-kasvoille\/","og_site_name":"Tilk!","article_publisher":"https:\/\/www.facebook.com\/tilk.bio\/","article_modified_time":"2026-04-13T09:45:11+00:00","og_image":[{"width":1200,"height":1200,"url":"https:\/\/tilk.bio\/wp-content\/uploads\/2021\/06\/Untitled-design-61.jpg","type":"image\/jpeg"}],"twitter_card":"summary_large_image","twitter_misc":{"Arvioitu lukuaika":"1 minuutti"},"schema":{"@context":"https:\/\/schema.org","@graph":[{"@type":"WebPage","@id":"https:\/\/tilk.bio\/fi\/verkkokauppa\/peel-me-passionoljya-sisaltava-kuoriva-aha-naamio-kasvoille\/","url":"https:\/\/tilk.bio\/fi\/verkkokauppa\/peel-me-passionoljya-sisaltava-kuoriva-aha-naamio-kasvoille\/","name":"Peel Me \u2013 passion\u00f6ljy\u00e4 sis\u00e4lt\u00e4v\u00e4 kuoriva AHA-naamio kasvoille - Tilk!","isPartOf":{"@id":"https:\/\/tilk.bio\/et\/#website"},"primaryImageOfPage":{"@id":"https:\/\/tilk.bio\/fi\/verkkokauppa\/peel-me-passionoljya-sisaltava-kuoriva-aha-naamio-kasvoille\/#primaryimage"},"image":{"@id":"https:\/\/tilk.bio\/fi\/verkkokauppa\/peel-me-passionoljya-sisaltava-kuoriva-aha-naamio-kasvoille\/#primaryimage"},"thumbnailUrl":"https:\/\/tilk.bio\/wp-content\/uploads\/2021\/06\/Untitled-design-61.jpg","datePublished":"2021-06-25T07:38:19+00:00","dateModified":"2026-04-13T09:45:11+00:00","breadcrumb":{"@id":"https:\/\/tilk.bio\/fi\/verkkokauppa\/peel-me-passionoljya-sisaltava-kuoriva-aha-naamio-kasvoille\/#breadcrumb"},"inLanguage":"fi","potentialAction":[{"@type":"ReadAction","target":["https:\/\/tilk.bio\/fi\/verkkokauppa\/peel-me-passionoljya-sisaltava-kuoriva-aha-naamio-kasvoille\/"]}]},{"@type":"ImageObject","inLanguage":"fi","@id":"https:\/\/tilk.bio\/fi\/verkkokauppa\/peel-me-passionoljya-sisaltava-kuoriva-aha-naamio-kasvoille\/#primaryimage","url":"https:\/\/tilk.bio\/wp-content\/uploads\/2021\/06\/Untitled-design-61.jpg","contentUrl":"https:\/\/tilk.bio\/wp-content\/uploads\/2021\/06\/Untitled-design-61.jpg","width":1200,"height":1200},{"@type":"BreadcrumbList","@id":"https:\/\/tilk.bio\/fi\/verkkokauppa\/peel-me-passionoljya-sisaltava-kuoriva-aha-naamio-kasvoille\/#breadcrumb","itemListElement":[{"@type":"ListItem","position":1,"name":"Home","item":"https:\/\/tilk.bio\/fi\/"},{"@type":"ListItem","position":2,"name":"Verkkokauppa","item":"https:\/\/tilk.bio\/fi\/verkkokauppa\/"},{"@type":"ListItem","position":3,"name":"Peel Me \u2013 passion\u00f6ljy\u00e4 sis\u00e4lt\u00e4v\u00e4 kuoriva AHA-naamio kasvoille"}]},{"@type":"WebSite","@id":"https:\/\/tilk.bio\/et\/#website","url":"https:\/\/tilk.bio\/et\/","name":"Tilk!","description":"Natural and sustainable skincare!","potentialAction":[{"@type":"SearchAction","target":{"@type":"EntryPoint","urlTemplate":"https:\/\/tilk.bio\/et\/?s={search_term_string}"},"query-input":{"@type":"PropertyValueSpecification","valueRequired":true,"valueName":"search_term_string"}}],"inLanguage":"fi"}]}},"_links":{"self":[{"href":"https:\/\/tilk.bio\/fi\/wp-json\/wp\/v2\/product\/57195","targetHints":{"allow":["GET"]}}],"collection":[{"href":"https:\/\/tilk.bio\/fi\/wp-json\/wp\/v2\/product"}],"about":[{"href":"https:\/\/tilk.bio\/fi\/wp-json\/wp\/v2\/types\/product"}],"replies":[{"embeddable":true,"href":"https:\/\/tilk.bio\/fi\/wp-json\/wp\/v2\/comments?post=57195"}],"wp:featuredmedia":[{"embeddable":true,"href":"https:\/\/tilk.bio\/fi\/wp-json\/wp\/v2\/media\/67270"}],"wp:attachment":[{"href":"https:\/\/tilk.bio\/fi\/wp-json\/wp\/v2\/media?parent=57195"}],"wp:term":[{"taxonomy":"product_brand","embeddable":true,"href":"https:\/\/tilk.bio\/fi\/wp-json\/wp\/v2\/product_brand?post=57195"},{"taxonomy":"product_cat","embeddable":true,"href":"https:\/\/tilk.bio\/fi\/wp-json\/wp\/v2\/product_cat?post=57195"},{"taxonomy":"product_tag","embeddable":true,"href":"https:\/\/tilk.bio\/fi\/wp-json\/wp\/v2\/product_tag?post=57195"}],"curies":[{"name":"wp","href":"https:\/\/api.w.org\/{rel}","templated":true}]}}