{"id":57199,"date":"2021-11-28T18:43:38","date_gmt":"2021-11-28T16:43:38","guid":{"rendered":"https:\/\/tilk.bio\/shop\/spray-me-aloe-veraa-probiootteja-ja-teepuuoljya-sisaltava-virkistava-monitoimisuihke\/"},"modified":"2026-04-14T16:30:06","modified_gmt":"2026-04-14T13:30:06","slug":"spray-me-aloe-veraa-probiootteja-ja-teepuuoljya-sisaltava-virkistava-monitoimisuihke","status":"publish","type":"product","link":"https:\/\/tilk.bio\/fi\/verkkokauppa\/spray-me-aloe-veraa-probiootteja-ja-teepuuoljya-sisaltava-virkistava-monitoimisuihke\/","title":{"rendered":"Spray Me \u2013 aloe veraa, probiootteja ja teepuu\u00f6ljy\u00e4 sis\u00e4lt\u00e4v\u00e4 virkist\u00e4v\u00e4 monitoimisuihke"},"content":{"rendered":"<p>Aloe veraa, probiootteja ja teepuun eteerist\u00e4 \u00f6ljy\u00e4 sis\u00e4lt\u00e4v\u00e4 Spray Me on todellinen monitoimisuihke. Virkist\u00e4v\u00e4, viilent\u00e4v\u00e4 ja miellytt\u00e4v\u00e4n tuoksuinen aloe vera tekee suihkeesta kevyen hajuveden, vartalon virkist\u00e4j\u00e4n ja ihon kosteuttajan. Ihoa pehment\u00e4v\u00e4 ja rauhoittava suihke on erinomainen apu my\u00f6s erilaisiin iho-ongelmiin, iho\u00e4rsytykseen, mikrohaavoihin ja akneen.<\/p>\n<p>Aloe veran sis\u00e4lt\u00e4m\u00e4t probiootit auttavat ihon luontaisen kosteustasapainon ja mikroflooran yll\u00e4pit\u00e4misess\u00e4 sek\u00e4 hidastavat ihon ennenaikaista ik\u00e4\u00e4ntymist\u00e4. Runsaasti luontaisia antioksidantteja sis\u00e4lt\u00e4v\u00e4 aloe vera on my\u00f6s tehokas viilent\u00e4j\u00e4 ja syv\u00e4kosteuttaja.<\/p>\n<p><strong>K\u00e4ytt\u00f6:<\/strong> Tuotetta voi k\u00e4ytt\u00e4\u00e4 lukuisin eri tavoin. Virkist\u00e4 ja kosteuta ihoa suihkuttamalla tuotetta suoraan pullosta tai lis\u00e4\u00e4 sit\u00e4 pumpulilla \u00e4rtyneelle iholle ja haavoille. Puhdistetuille kasvoille suihkutettuna tuote tasapainottaa ihon luontaista pH-arvoa.<\/p>\n<p>Tuote on ihanteellinen my\u00f6s kevyen meikin ja lian puhdistamiseen \u2013 puhdista iho tuotteeseen kostutetulla pumpulilla tai uudelleenk\u00e4ytett\u00e4v\u00e4ll\u00e4 puhdistuslapulla. Tuotetta voi my\u00f6s suihkuttaa keholle tai vaatteille raikkaan tunteen ja tuoksun saavuttamiseksi. Lis\u00e4ksi suihke on ihanteellinen mielialan pirist\u00e4j\u00e4.<\/p>\n<p>Tuote soveltuu:<\/p>\n<ul>\n<li>Ihon kosteuttamiseen<\/li>\n<li>Luonnolliseksi hajuvedeksi<\/li>\n<li>Kehon virkist\u00e4miseen ja raikastamiseen<\/li>\n<li>Kuivan ihon kosteuttamiseen<\/li>\n<li>Arville ja raskausarville<\/li>\n<li>Ongelmaiholle<\/li>\n<li>Auringonoton j\u00e4lkeen<\/li>\n<li>Mikrohaavoille\u2028Iho\u00e4rsytyksen v\u00e4hent\u00e4miseksi<\/li>\n<li>Ep\u00e4miellytt\u00e4vien tuoksujen poistoon<\/li>\n<li>Hyttysten karkottamiseen<\/li>\n<li>Aknen, psoriasiksen ja ihottumien hoitoon<\/li>\n<\/ul>\n<p>Tuotteen kaikki ainesosat ovat luontaista ja vegaanista alkuper\u00e4\u00e4.<\/p>\n<p>S\u00e4ilytys huoneenl\u00e4mm\u00f6ss\u00e4.<\/p>\n<p>Koko: 50ml<\/p>\n<p><a ref=\"magnificPopup\" href=\"https:\/\/tilk.bio\/wp-content\/uploads\/2016\/01\/Vegan_sign-07.png\"><img loading=\"lazy\" decoding=\"async\" class=\"alignnone wp-image-22658\" src=\"https:\/\/tilk.bio\/wp-content\/uploads\/2016\/01\/Vegan_sign-07.png\" alt=\"\" width=\"110\" height=\"110\" srcset=\"https:\/\/tilk.bio\/wp-content\/uploads\/2016\/01\/Vegan_sign-07.png 165w, https:\/\/tilk.bio\/wp-content\/uploads\/2016\/01\/Vegan_sign-07-150x150.png 150w\" sizes=\"auto, (max-width: 110px) 100vw, 110px\" \/><\/a><\/p>\n","protected":false},"excerpt":{"rendered":"<p>Aloe veraa, probiootteja ja teepuun eteerist\u00e4 \u00f6ljy\u00e4 sis\u00e4lt\u00e4v\u00e4 Spray Me on todellinen monitoimisuihke. Virkist\u00e4v\u00e4, viilent\u00e4v\u00e4 ja miellytt\u00e4v\u00e4n tuoksuinen aloe vera tekee suihkeesta kevyen hajuveden, vartalon virkist\u00e4j\u00e4n ja ihon kosteuttajan. Ihoa pehment\u00e4v\u00e4 ja rauhoittava suihke on erinomainen apu my\u00f6s erilaisiin iho-ongelmiin, iho\u00e4rsytykseen, mikrohaavoihin ja akneen. Aloe veran sis\u00e4lt\u00e4m\u00e4t probiootit auttavat ihon luontaisen kosteustasapainon ja mikroflooran yll\u00e4pit\u00e4misess\u00e4&#8230;<\/p>\n","protected":false},"featured_media":65682,"comment_status":"open","ping_status":"closed","template":"","meta":{"_acf_changed":false},"product_brand":[],"product_cat":[747,729,501,512,755,737,742,910,909],"product_tag":[739,746,743,744],"class_list":{"0":"post-57199","1":"product","2":"type-product","3":"status-publish","4":"has-post-thumbnail","6":"product_cat-akne-ja-rasvainen-iho","7":"product_cat-herkka-iho","8":"product_cat-kaikki-tuotteet","9":"product_cat-kasvohoito","10":"product_cat-kasvovedet","11":"product_cat-kuiva-iho","12":"product_cat-normaali-ja-sekaiho","13":"product_cat-probiooteista","14":"product_cat-tilk-biotic-fi","15":"product_tag-elainkokeeton","16":"product_tag-kestava","17":"product_tag-palmuoljyton","18":"product_tag-vegaaninen","20":"first","21":"instock","22":"taxable","23":"shipping-taxable","24":"purchasable","25":"product-type-simple"},"acf":[],"yoast_head":"<!-- This site is optimized with the Yoast SEO plugin v27.4 - https:\/\/yoast.com\/product\/yoast-seo-wordpress\/ -->\n<title>Spray Me \u2013 aloe veraa, probiootteja ja teepuu\u00f6ljy\u00e4 sis\u00e4lt\u00e4v\u00e4 virkist\u00e4v\u00e4 monitoimisuihke - Tilk!<\/title>\n<meta name=\"robots\" content=\"index, follow, max-snippet:-1, max-image-preview:large, max-video-preview:-1\" \/>\n<link rel=\"canonical\" href=\"https:\/\/tilk.bio\/fi\/verkkokauppa\/spray-me-aloe-veraa-probiootteja-ja-teepuuoljya-sisaltava-virkistava-monitoimisuihke\/\" \/>\n<meta property=\"og:locale\" content=\"fi_FI\" \/>\n<meta property=\"og:type\" content=\"article\" \/>\n<meta property=\"og:title\" content=\"Spray Me \u2013 aloe veraa, probiootteja ja teepuu\u00f6ljy\u00e4 sis\u00e4lt\u00e4v\u00e4 virkist\u00e4v\u00e4 monitoimisuihke - Tilk!\" \/>\n<meta property=\"og:description\" content=\"Aloe veraa, probiootteja ja teepuun eteerist\u00e4 \u00f6ljy\u00e4 sis\u00e4lt\u00e4v\u00e4 Spray Me on todellinen monitoimisuihke. Virkist\u00e4v\u00e4, viilent\u00e4v\u00e4 ja miellytt\u00e4v\u00e4n tuoksuinen aloe vera tekee suihkeesta kevyen hajuveden, vartalon virkist\u00e4j\u00e4n ja ihon kosteuttajan. Ihoa pehment\u00e4v\u00e4 ja rauhoittava suihke on erinomainen apu my\u00f6s erilaisiin iho-ongelmiin, iho\u00e4rsytykseen, mikrohaavoihin ja akneen. Aloe veran sis\u00e4lt\u00e4m\u00e4t probiootit auttavat ihon luontaisen kosteustasapainon ja mikroflooran yll\u00e4pit\u00e4misess\u00e4...\" \/>\n<meta property=\"og:url\" content=\"https:\/\/tilk.bio\/fi\/verkkokauppa\/spray-me-aloe-veraa-probiootteja-ja-teepuuoljya-sisaltava-virkistava-monitoimisuihke\/\" \/>\n<meta property=\"og:site_name\" content=\"Tilk!\" \/>\n<meta property=\"article:publisher\" content=\"https:\/\/www.facebook.com\/tilk.bio\/\" \/>\n<meta property=\"article:modified_time\" content=\"2026-04-14T13:30:06+00:00\" \/>\n<meta property=\"og:image\" content=\"https:\/\/tilk.bio\/wp-content\/uploads\/2020\/05\/sprayteepuu.jpg\" \/>\n\t<meta property=\"og:image:width\" content=\"1200\" \/>\n\t<meta property=\"og:image:height\" content=\"1200\" \/>\n\t<meta property=\"og:image:type\" content=\"image\/jpeg\" \/>\n<meta name=\"twitter:card\" content=\"summary_large_image\" \/>\n<meta name=\"twitter:label1\" content=\"Arvioitu lukuaika\" \/>\n\t<meta name=\"twitter:data1\" content=\"1 minuutti\" \/>\n<script type=\"application\/ld+json\" class=\"yoast-schema-graph\">{\"@context\":\"https:\\\/\\\/schema.org\",\"@graph\":[{\"@type\":\"WebPage\",\"@id\":\"https:\\\/\\\/tilk.bio\\\/fi\\\/verkkokauppa\\\/spray-me-aloe-veraa-probiootteja-ja-teepuuoljya-sisaltava-virkistava-monitoimisuihke\\\/\",\"url\":\"https:\\\/\\\/tilk.bio\\\/fi\\\/verkkokauppa\\\/spray-me-aloe-veraa-probiootteja-ja-teepuuoljya-sisaltava-virkistava-monitoimisuihke\\\/\",\"name\":\"Spray Me \u2013 aloe veraa, probiootteja ja teepuu\u00f6ljy\u00e4 sis\u00e4lt\u00e4v\u00e4 virkist\u00e4v\u00e4 monitoimisuihke - Tilk!\",\"isPartOf\":{\"@id\":\"https:\\\/\\\/tilk.bio\\\/et\\\/#website\"},\"primaryImageOfPage\":{\"@id\":\"https:\\\/\\\/tilk.bio\\\/fi\\\/verkkokauppa\\\/spray-me-aloe-veraa-probiootteja-ja-teepuuoljya-sisaltava-virkistava-monitoimisuihke\\\/#primaryimage\"},\"image\":{\"@id\":\"https:\\\/\\\/tilk.bio\\\/fi\\\/verkkokauppa\\\/spray-me-aloe-veraa-probiootteja-ja-teepuuoljya-sisaltava-virkistava-monitoimisuihke\\\/#primaryimage\"},\"thumbnailUrl\":\"https:\\\/\\\/tilk.bio\\\/wp-content\\\/uploads\\\/2020\\\/05\\\/sprayteepuu.jpg\",\"datePublished\":\"2021-11-28T16:43:38+00:00\",\"dateModified\":\"2026-04-14T13:30:06+00:00\",\"breadcrumb\":{\"@id\":\"https:\\\/\\\/tilk.bio\\\/fi\\\/verkkokauppa\\\/spray-me-aloe-veraa-probiootteja-ja-teepuuoljya-sisaltava-virkistava-monitoimisuihke\\\/#breadcrumb\"},\"inLanguage\":\"fi\",\"potentialAction\":[{\"@type\":\"ReadAction\",\"target\":[\"https:\\\/\\\/tilk.bio\\\/fi\\\/verkkokauppa\\\/spray-me-aloe-veraa-probiootteja-ja-teepuuoljya-sisaltava-virkistava-monitoimisuihke\\\/\"]}]},{\"@type\":\"ImageObject\",\"inLanguage\":\"fi\",\"@id\":\"https:\\\/\\\/tilk.bio\\\/fi\\\/verkkokauppa\\\/spray-me-aloe-veraa-probiootteja-ja-teepuuoljya-sisaltava-virkistava-monitoimisuihke\\\/#primaryimage\",\"url\":\"https:\\\/\\\/tilk.bio\\\/wp-content\\\/uploads\\\/2020\\\/05\\\/sprayteepuu.jpg\",\"contentUrl\":\"https:\\\/\\\/tilk.bio\\\/wp-content\\\/uploads\\\/2020\\\/05\\\/sprayteepuu.jpg\",\"width\":1200,\"height\":1200,\"caption\":\"spray teepuu\"},{\"@type\":\"BreadcrumbList\",\"@id\":\"https:\\\/\\\/tilk.bio\\\/fi\\\/verkkokauppa\\\/spray-me-aloe-veraa-probiootteja-ja-teepuuoljya-sisaltava-virkistava-monitoimisuihke\\\/#breadcrumb\",\"itemListElement\":[{\"@type\":\"ListItem\",\"position\":1,\"name\":\"Home\",\"item\":\"https:\\\/\\\/tilk.bio\\\/fi\\\/\"},{\"@type\":\"ListItem\",\"position\":2,\"name\":\"Verkkokauppa\",\"item\":\"https:\\\/\\\/tilk.bio\\\/fi\\\/verkkokauppa\\\/\"},{\"@type\":\"ListItem\",\"position\":3,\"name\":\"Spray Me \u2013 aloe veraa, probiootteja ja teepuu\u00f6ljy\u00e4 sis\u00e4lt\u00e4v\u00e4 virkist\u00e4v\u00e4 monitoimisuihke\"}]},{\"@type\":\"WebSite\",\"@id\":\"https:\\\/\\\/tilk.bio\\\/et\\\/#website\",\"url\":\"https:\\\/\\\/tilk.bio\\\/et\\\/\",\"name\":\"Tilk!\",\"description\":\"Natural and sustainable skincare!\",\"potentialAction\":[{\"@type\":\"SearchAction\",\"target\":{\"@type\":\"EntryPoint\",\"urlTemplate\":\"https:\\\/\\\/tilk.bio\\\/et\\\/?s={search_term_string}\"},\"query-input\":{\"@type\":\"PropertyValueSpecification\",\"valueRequired\":true,\"valueName\":\"search_term_string\"}}],\"inLanguage\":\"fi\"}]}<\/script>\n<!-- \/ Yoast SEO plugin. -->","yoast_head_json":{"title":"Spray Me \u2013 aloe veraa, probiootteja ja teepuu\u00f6ljy\u00e4 sis\u00e4lt\u00e4v\u00e4 virkist\u00e4v\u00e4 monitoimisuihke - Tilk!","robots":{"index":"index","follow":"follow","max-snippet":"max-snippet:-1","max-image-preview":"max-image-preview:large","max-video-preview":"max-video-preview:-1"},"canonical":"https:\/\/tilk.bio\/fi\/verkkokauppa\/spray-me-aloe-veraa-probiootteja-ja-teepuuoljya-sisaltava-virkistava-monitoimisuihke\/","og_locale":"fi_FI","og_type":"article","og_title":"Spray Me \u2013 aloe veraa, probiootteja ja teepuu\u00f6ljy\u00e4 sis\u00e4lt\u00e4v\u00e4 virkist\u00e4v\u00e4 monitoimisuihke - Tilk!","og_description":"Aloe veraa, probiootteja ja teepuun eteerist\u00e4 \u00f6ljy\u00e4 sis\u00e4lt\u00e4v\u00e4 Spray Me on todellinen monitoimisuihke. Virkist\u00e4v\u00e4, viilent\u00e4v\u00e4 ja miellytt\u00e4v\u00e4n tuoksuinen aloe vera tekee suihkeesta kevyen hajuveden, vartalon virkist\u00e4j\u00e4n ja ihon kosteuttajan. Ihoa pehment\u00e4v\u00e4 ja rauhoittava suihke on erinomainen apu my\u00f6s erilaisiin iho-ongelmiin, iho\u00e4rsytykseen, mikrohaavoihin ja akneen. Aloe veran sis\u00e4lt\u00e4m\u00e4t probiootit auttavat ihon luontaisen kosteustasapainon ja mikroflooran yll\u00e4pit\u00e4misess\u00e4...","og_url":"https:\/\/tilk.bio\/fi\/verkkokauppa\/spray-me-aloe-veraa-probiootteja-ja-teepuuoljya-sisaltava-virkistava-monitoimisuihke\/","og_site_name":"Tilk!","article_publisher":"https:\/\/www.facebook.com\/tilk.bio\/","article_modified_time":"2026-04-14T13:30:06+00:00","og_image":[{"width":1200,"height":1200,"url":"https:\/\/tilk.bio\/wp-content\/uploads\/2020\/05\/sprayteepuu.jpg","type":"image\/jpeg"}],"twitter_card":"summary_large_image","twitter_misc":{"Arvioitu lukuaika":"1 minuutti"},"schema":{"@context":"https:\/\/schema.org","@graph":[{"@type":"WebPage","@id":"https:\/\/tilk.bio\/fi\/verkkokauppa\/spray-me-aloe-veraa-probiootteja-ja-teepuuoljya-sisaltava-virkistava-monitoimisuihke\/","url":"https:\/\/tilk.bio\/fi\/verkkokauppa\/spray-me-aloe-veraa-probiootteja-ja-teepuuoljya-sisaltava-virkistava-monitoimisuihke\/","name":"Spray Me \u2013 aloe veraa, probiootteja ja teepuu\u00f6ljy\u00e4 sis\u00e4lt\u00e4v\u00e4 virkist\u00e4v\u00e4 monitoimisuihke - Tilk!","isPartOf":{"@id":"https:\/\/tilk.bio\/et\/#website"},"primaryImageOfPage":{"@id":"https:\/\/tilk.bio\/fi\/verkkokauppa\/spray-me-aloe-veraa-probiootteja-ja-teepuuoljya-sisaltava-virkistava-monitoimisuihke\/#primaryimage"},"image":{"@id":"https:\/\/tilk.bio\/fi\/verkkokauppa\/spray-me-aloe-veraa-probiootteja-ja-teepuuoljya-sisaltava-virkistava-monitoimisuihke\/#primaryimage"},"thumbnailUrl":"https:\/\/tilk.bio\/wp-content\/uploads\/2020\/05\/sprayteepuu.jpg","datePublished":"2021-11-28T16:43:38+00:00","dateModified":"2026-04-14T13:30:06+00:00","breadcrumb":{"@id":"https:\/\/tilk.bio\/fi\/verkkokauppa\/spray-me-aloe-veraa-probiootteja-ja-teepuuoljya-sisaltava-virkistava-monitoimisuihke\/#breadcrumb"},"inLanguage":"fi","potentialAction":[{"@type":"ReadAction","target":["https:\/\/tilk.bio\/fi\/verkkokauppa\/spray-me-aloe-veraa-probiootteja-ja-teepuuoljya-sisaltava-virkistava-monitoimisuihke\/"]}]},{"@type":"ImageObject","inLanguage":"fi","@id":"https:\/\/tilk.bio\/fi\/verkkokauppa\/spray-me-aloe-veraa-probiootteja-ja-teepuuoljya-sisaltava-virkistava-monitoimisuihke\/#primaryimage","url":"https:\/\/tilk.bio\/wp-content\/uploads\/2020\/05\/sprayteepuu.jpg","contentUrl":"https:\/\/tilk.bio\/wp-content\/uploads\/2020\/05\/sprayteepuu.jpg","width":1200,"height":1200,"caption":"spray teepuu"},{"@type":"BreadcrumbList","@id":"https:\/\/tilk.bio\/fi\/verkkokauppa\/spray-me-aloe-veraa-probiootteja-ja-teepuuoljya-sisaltava-virkistava-monitoimisuihke\/#breadcrumb","itemListElement":[{"@type":"ListItem","position":1,"name":"Home","item":"https:\/\/tilk.bio\/fi\/"},{"@type":"ListItem","position":2,"name":"Verkkokauppa","item":"https:\/\/tilk.bio\/fi\/verkkokauppa\/"},{"@type":"ListItem","position":3,"name":"Spray Me \u2013 aloe veraa, probiootteja ja teepuu\u00f6ljy\u00e4 sis\u00e4lt\u00e4v\u00e4 virkist\u00e4v\u00e4 monitoimisuihke"}]},{"@type":"WebSite","@id":"https:\/\/tilk.bio\/et\/#website","url":"https:\/\/tilk.bio\/et\/","name":"Tilk!","description":"Natural and sustainable skincare!","potentialAction":[{"@type":"SearchAction","target":{"@type":"EntryPoint","urlTemplate":"https:\/\/tilk.bio\/et\/?s={search_term_string}"},"query-input":{"@type":"PropertyValueSpecification","valueRequired":true,"valueName":"search_term_string"}}],"inLanguage":"fi"}]}},"_links":{"self":[{"href":"https:\/\/tilk.bio\/fi\/wp-json\/wp\/v2\/product\/57199","targetHints":{"allow":["GET"]}}],"collection":[{"href":"https:\/\/tilk.bio\/fi\/wp-json\/wp\/v2\/product"}],"about":[{"href":"https:\/\/tilk.bio\/fi\/wp-json\/wp\/v2\/types\/product"}],"replies":[{"embeddable":true,"href":"https:\/\/tilk.bio\/fi\/wp-json\/wp\/v2\/comments?post=57199"}],"wp:featuredmedia":[{"embeddable":true,"href":"https:\/\/tilk.bio\/fi\/wp-json\/wp\/v2\/media\/65682"}],"wp:attachment":[{"href":"https:\/\/tilk.bio\/fi\/wp-json\/wp\/v2\/media?parent=57199"}],"wp:term":[{"taxonomy":"product_brand","embeddable":true,"href":"https:\/\/tilk.bio\/fi\/wp-json\/wp\/v2\/product_brand?post=57199"},{"taxonomy":"product_cat","embeddable":true,"href":"https:\/\/tilk.bio\/fi\/wp-json\/wp\/v2\/product_cat?post=57199"},{"taxonomy":"product_tag","embeddable":true,"href":"https:\/\/tilk.bio\/fi\/wp-json\/wp\/v2\/product_tag?post=57199"}],"curies":[{"name":"wp","href":"https:\/\/api.w.org\/{rel}","templated":true}]}}