{"id":57204,"date":"2020-05-12T22:56:03","date_gmt":"2020-05-12T22:56:03","guid":{"rendered":"https:\/\/tilk.bio\/shop\/fresh-clean-probiootteja-sisaltava-hella-ja-raikastava-kasvojenpuhdistusvoide\/"},"modified":"2026-04-13T20:15:03","modified_gmt":"2026-04-13T17:15:03","slug":"fresh-clean-probiootteja-sisaltava-hella-ja-raikastava-kasvojenpuhdistusvoide","status":"publish","type":"product","link":"https:\/\/tilk.bio\/fi\/verkkokauppa\/fresh-clean-probiootteja-sisaltava-hella-ja-raikastava-kasvojenpuhdistusvoide\/","title":{"rendered":"Fresh &amp; Clean \u2013 probiootteja sis\u00e4lt\u00e4v\u00e4 hell\u00e4 ja raikastava kasvojenpuhdistusvoide"},"content":{"rendered":"<p>Fresh &amp; Clean on hell\u00e4varainen ja raikastava kasvojenpuhdistusvoide, joka poistaa iholta meikin, talin ja lian. Tuotteen sis\u00e4lt\u00e4m\u00e4t probiootit auttavat ihon luontaisen kosteustasapainon ja mikroflooran yll\u00e4pit\u00e4misess\u00e4 sek\u00e4 hidastavat ihon ennenaikaista ik\u00e4\u00e4ntymist\u00e4.<\/p>\n<p>Risiini\u00f6ljyn sis\u00e4lt\u00e4m\u00e4 risiinihappo on tehokas kosteuttaja, mink\u00e4 lis\u00e4ksi \u00f6ljy edesauttaa ihoa pehment\u00e4vien kollageenin ja elastiinin tuotantoa sek\u00e4 lievitt\u00e4\u00e4 iho-ongelmia ja \u00e4rsytyst\u00e4. My\u00f6s aloe vera tukee kollageenin tuotantoa, kosteuttaa ja v\u00e4hent\u00e4\u00e4 ihon punoitusta. Kookos\u00f6ljy tekee ihosta kimmoisan ja v\u00e4hent\u00e4\u00e4 \u00e4rsytyst\u00e4. Lev\u00e4uutteen bioaktiiviset ainesosat, kuten polysakkaridit, proteiinit, lipidit, pigmentit, vitamiinit ja antioksidantit ravitsevat ihoa ja taistelevat sen ennenaikaista ik\u00e4\u00e4ntymist\u00e4 vastaan. Tuotteen tuoksussa yhdistyv\u00e4t kurjenpolvi ja laventeli.<\/p>\n<p><strong>K\u00e4ytt\u00f6:<\/strong> Levit\u00e4 pieni m\u00e4\u00e4r\u00e4 puhdistusvoidetta kasvoille ja kaulalle. Hiero kevyin ja py\u00f6rivin liikkein alhaalta yl\u00f6s ja kasvojen keskelt\u00e4 kohti korvia, jotta lymfanesteet liikkuvat oikeaan suuntaan. Huuhtele l\u00e4mpim\u00e4ll\u00e4 vedell\u00e4 tai poista meikinpoistolapulla.<\/p>\n<p>Tuotteen kaikki ainesosat ovat luontaista ja vegaanista alkuper\u00e4\u00e4. Tuotteessa on k\u00e4ytetty Saarenmaan rannoilta ker\u00e4tyst\u00e4 punalev\u00e4st\u00e4 saatua uutetta.<\/p>\n<p>S\u00e4ilytys huoneenl\u00e4mm\u00f6ss\u00e4.<\/p>\n<p>Koko: 120 ml<\/p>\n<p><a ref=\"magnificPopup\" href=\"https:\/\/tilk.bio\/wp-content\/uploads\/2016\/01\/Vegan_sign-07.png\"><img loading=\"lazy\" decoding=\"async\" class=\"alignnone wp-image-22658\" src=\"https:\/\/tilk.bio\/wp-content\/uploads\/2016\/01\/Vegan_sign-07.png\" alt=\"\" width=\"91\" height=\"91\" srcset=\"https:\/\/tilk.bio\/wp-content\/uploads\/2016\/01\/Vegan_sign-07.png 165w, https:\/\/tilk.bio\/wp-content\/uploads\/2016\/01\/Vegan_sign-07-150x150.png 150w\" sizes=\"auto, (max-width: 91px) 100vw, 91px\" \/><\/a><\/p>\n","protected":false},"excerpt":{"rendered":"<p>Fresh &amp; Clean on hell\u00e4varainen ja raikastava kasvojenpuhdistusvoide, joka poistaa iholta meikin, talin ja lian. Tuotteen sis\u00e4lt\u00e4m\u00e4t probiootit auttavat ihon luontaisen kosteustasapainon ja mikroflooran yll\u00e4pit\u00e4misess\u00e4 sek\u00e4 hidastavat ihon ennenaikaista ik\u00e4\u00e4ntymist\u00e4. Risiini\u00f6ljyn sis\u00e4lt\u00e4m\u00e4 risiinihappo on tehokas kosteuttaja, mink\u00e4 lis\u00e4ksi \u00f6ljy edesauttaa ihoa pehment\u00e4vien kollageenin ja elastiinin tuotantoa sek\u00e4 lievitt\u00e4\u00e4 iho-ongelmia ja \u00e4rsytyst\u00e4. My\u00f6s aloe vera tukee&#8230;<\/p>\n","protected":false},"featured_media":65033,"comment_status":"open","ping_status":"closed","template":"","meta":{"_acf_changed":false},"product_brand":[],"product_cat":[747,741,729,501,512,737,634,742,910,635,909],"product_tag":[743,744],"class_list":{"0":"post-57204","1":"product","2":"type-product","3":"status-publish","4":"has-post-thumbnail","6":"product_cat-akne-ja-rasvainen-iho","7":"product_cat-epatasainen-iho","8":"product_cat-herkka-iho","9":"product_cat-kaikki-tuotteet","10":"product_cat-kasvohoito","11":"product_cat-kuiva-iho","12":"product_cat-miehille","13":"product_cat-normaali-ja-sekaiho","14":"product_cat-probiooteista","15":"product_cat-puhdistajat","16":"product_cat-tilk-biotic-fi","17":"product_tag-palmuoljyton","18":"product_tag-vegaaninen","20":"first","21":"instock","22":"taxable","23":"shipping-taxable","24":"purchasable","25":"product-type-simple"},"acf":[],"yoast_head":"<!-- This site is optimized with the Yoast SEO plugin v27.3 - https:\/\/yoast.com\/product\/yoast-seo-wordpress\/ -->\n<title>probiootteja sis\u00e4lt\u00e4v\u00e4 hell\u00e4 ja raikastava kasvojenpuhdistusvoide<\/title>\n<meta name=\"description\" content=\"Fresh &amp; Clean on hell\u00e4varainen ja raikastava kasvojenpuhdistusvoide, joka poistaa iholta meikin, talin ja lian. Tuotteen sis\u00e4lt\u00e4m\u00e4t probiootit...\" \/>\n<meta name=\"robots\" content=\"index, follow, max-snippet:-1, max-image-preview:large, max-video-preview:-1\" \/>\n<link rel=\"canonical\" href=\"https:\/\/tilk.bio\/fi\/verkkokauppa\/fresh-clean-probiootteja-sisaltava-hella-ja-raikastava-kasvojenpuhdistusvoide\/\" \/>\n<meta property=\"og:locale\" content=\"fi_FI\" \/>\n<meta property=\"og:type\" content=\"article\" \/>\n<meta property=\"og:title\" content=\"probiootteja sis\u00e4lt\u00e4v\u00e4 hell\u00e4 ja raikastava kasvojenpuhdistusvoide\" \/>\n<meta property=\"og:description\" content=\"Fresh &amp; Clean on hell\u00e4varainen ja raikastava kasvojenpuhdistusvoide, joka poistaa iholta meikin, talin ja lian. Tuotteen sis\u00e4lt\u00e4m\u00e4t probiootit...\" \/>\n<meta property=\"og:url\" content=\"https:\/\/tilk.bio\/fi\/verkkokauppa\/fresh-clean-probiootteja-sisaltava-hella-ja-raikastava-kasvojenpuhdistusvoide\/\" \/>\n<meta property=\"og:site_name\" content=\"Tilk!\" \/>\n<meta property=\"article:publisher\" content=\"https:\/\/www.facebook.com\/tilk.bio\/\" \/>\n<meta property=\"article:modified_time\" content=\"2026-04-13T17:15:03+00:00\" \/>\n<meta property=\"og:image\" content=\"https:\/\/tilk.bio\/wp-content\/uploads\/2020\/05\/freshclean1.jpg\" \/>\n\t<meta property=\"og:image:width\" content=\"1200\" \/>\n\t<meta property=\"og:image:height\" content=\"1200\" \/>\n\t<meta property=\"og:image:type\" content=\"image\/jpeg\" \/>\n<meta name=\"twitter:card\" content=\"summary_large_image\" \/>\n<meta name=\"twitter:label1\" content=\"Arvioitu lukuaika\" \/>\n\t<meta name=\"twitter:data1\" content=\"1 minuutti\" \/>\n<script type=\"application\/ld+json\" class=\"yoast-schema-graph\">{\"@context\":\"https:\\\/\\\/schema.org\",\"@graph\":[{\"@type\":\"WebPage\",\"@id\":\"https:\\\/\\\/tilk.bio\\\/fi\\\/verkkokauppa\\\/fresh-clean-probiootteja-sisaltava-hella-ja-raikastava-kasvojenpuhdistusvoide\\\/\",\"url\":\"https:\\\/\\\/tilk.bio\\\/fi\\\/verkkokauppa\\\/fresh-clean-probiootteja-sisaltava-hella-ja-raikastava-kasvojenpuhdistusvoide\\\/\",\"name\":\"probiootteja sis\u00e4lt\u00e4v\u00e4 hell\u00e4 ja raikastava kasvojenpuhdistusvoide\",\"isPartOf\":{\"@id\":\"https:\\\/\\\/tilk.bio\\\/et\\\/#website\"},\"primaryImageOfPage\":{\"@id\":\"https:\\\/\\\/tilk.bio\\\/fi\\\/verkkokauppa\\\/fresh-clean-probiootteja-sisaltava-hella-ja-raikastava-kasvojenpuhdistusvoide\\\/#primaryimage\"},\"image\":{\"@id\":\"https:\\\/\\\/tilk.bio\\\/fi\\\/verkkokauppa\\\/fresh-clean-probiootteja-sisaltava-hella-ja-raikastava-kasvojenpuhdistusvoide\\\/#primaryimage\"},\"thumbnailUrl\":\"https:\\\/\\\/tilk.bio\\\/wp-content\\\/uploads\\\/2020\\\/05\\\/freshclean1.jpg\",\"datePublished\":\"2020-05-12T22:56:03+00:00\",\"dateModified\":\"2026-04-13T17:15:03+00:00\",\"description\":\"Fresh & Clean on hell\u00e4varainen ja raikastava kasvojenpuhdistusvoide, joka poistaa iholta meikin, talin ja lian. Tuotteen sis\u00e4lt\u00e4m\u00e4t probiootit...\",\"breadcrumb\":{\"@id\":\"https:\\\/\\\/tilk.bio\\\/fi\\\/verkkokauppa\\\/fresh-clean-probiootteja-sisaltava-hella-ja-raikastava-kasvojenpuhdistusvoide\\\/#breadcrumb\"},\"inLanguage\":\"fi\",\"potentialAction\":[{\"@type\":\"ReadAction\",\"target\":[\"https:\\\/\\\/tilk.bio\\\/fi\\\/verkkokauppa\\\/fresh-clean-probiootteja-sisaltava-hella-ja-raikastava-kasvojenpuhdistusvoide\\\/\"]}]},{\"@type\":\"ImageObject\",\"inLanguage\":\"fi\",\"@id\":\"https:\\\/\\\/tilk.bio\\\/fi\\\/verkkokauppa\\\/fresh-clean-probiootteja-sisaltava-hella-ja-raikastava-kasvojenpuhdistusvoide\\\/#primaryimage\",\"url\":\"https:\\\/\\\/tilk.bio\\\/wp-content\\\/uploads\\\/2020\\\/05\\\/freshclean1.jpg\",\"contentUrl\":\"https:\\\/\\\/tilk.bio\\\/wp-content\\\/uploads\\\/2020\\\/05\\\/freshclean1.jpg\",\"width\":1200,\"height\":1200,\"caption\":\"Fresh&Clean - puhastuskreem n\u00e4ole\"},{\"@type\":\"BreadcrumbList\",\"@id\":\"https:\\\/\\\/tilk.bio\\\/fi\\\/verkkokauppa\\\/fresh-clean-probiootteja-sisaltava-hella-ja-raikastava-kasvojenpuhdistusvoide\\\/#breadcrumb\",\"itemListElement\":[{\"@type\":\"ListItem\",\"position\":1,\"name\":\"Home\",\"item\":\"https:\\\/\\\/tilk.bio\\\/fi\\\/\"},{\"@type\":\"ListItem\",\"position\":2,\"name\":\"Verkkokauppa\",\"item\":\"https:\\\/\\\/tilk.bio\\\/fi\\\/verkkokauppa\\\/\"},{\"@type\":\"ListItem\",\"position\":3,\"name\":\"Fresh &amp; Clean \u2013 probiootteja sis\u00e4lt\u00e4v\u00e4 hell\u00e4 ja raikastava kasvojenpuhdistusvoide\"}]},{\"@type\":\"WebSite\",\"@id\":\"https:\\\/\\\/tilk.bio\\\/et\\\/#website\",\"url\":\"https:\\\/\\\/tilk.bio\\\/et\\\/\",\"name\":\"Tilk!\",\"description\":\"Natural and sustainable skincare!\",\"potentialAction\":[{\"@type\":\"SearchAction\",\"target\":{\"@type\":\"EntryPoint\",\"urlTemplate\":\"https:\\\/\\\/tilk.bio\\\/et\\\/?s={search_term_string}\"},\"query-input\":{\"@type\":\"PropertyValueSpecification\",\"valueRequired\":true,\"valueName\":\"search_term_string\"}}],\"inLanguage\":\"fi\"}]}<\/script>\n<!-- \/ Yoast SEO plugin. -->","yoast_head_json":{"title":"probiootteja sis\u00e4lt\u00e4v\u00e4 hell\u00e4 ja raikastava kasvojenpuhdistusvoide","description":"Fresh & Clean on hell\u00e4varainen ja raikastava kasvojenpuhdistusvoide, joka poistaa iholta meikin, talin ja lian. Tuotteen sis\u00e4lt\u00e4m\u00e4t probiootit...","robots":{"index":"index","follow":"follow","max-snippet":"max-snippet:-1","max-image-preview":"max-image-preview:large","max-video-preview":"max-video-preview:-1"},"canonical":"https:\/\/tilk.bio\/fi\/verkkokauppa\/fresh-clean-probiootteja-sisaltava-hella-ja-raikastava-kasvojenpuhdistusvoide\/","og_locale":"fi_FI","og_type":"article","og_title":"probiootteja sis\u00e4lt\u00e4v\u00e4 hell\u00e4 ja raikastava kasvojenpuhdistusvoide","og_description":"Fresh & Clean on hell\u00e4varainen ja raikastava kasvojenpuhdistusvoide, joka poistaa iholta meikin, talin ja lian. Tuotteen sis\u00e4lt\u00e4m\u00e4t probiootit...","og_url":"https:\/\/tilk.bio\/fi\/verkkokauppa\/fresh-clean-probiootteja-sisaltava-hella-ja-raikastava-kasvojenpuhdistusvoide\/","og_site_name":"Tilk!","article_publisher":"https:\/\/www.facebook.com\/tilk.bio\/","article_modified_time":"2026-04-13T17:15:03+00:00","og_image":[{"width":1200,"height":1200,"url":"https:\/\/tilk.bio\/wp-content\/uploads\/2020\/05\/freshclean1.jpg","type":"image\/jpeg"}],"twitter_card":"summary_large_image","twitter_misc":{"Arvioitu lukuaika":"1 minuutti"},"schema":{"@context":"https:\/\/schema.org","@graph":[{"@type":"WebPage","@id":"https:\/\/tilk.bio\/fi\/verkkokauppa\/fresh-clean-probiootteja-sisaltava-hella-ja-raikastava-kasvojenpuhdistusvoide\/","url":"https:\/\/tilk.bio\/fi\/verkkokauppa\/fresh-clean-probiootteja-sisaltava-hella-ja-raikastava-kasvojenpuhdistusvoide\/","name":"probiootteja sis\u00e4lt\u00e4v\u00e4 hell\u00e4 ja raikastava kasvojenpuhdistusvoide","isPartOf":{"@id":"https:\/\/tilk.bio\/et\/#website"},"primaryImageOfPage":{"@id":"https:\/\/tilk.bio\/fi\/verkkokauppa\/fresh-clean-probiootteja-sisaltava-hella-ja-raikastava-kasvojenpuhdistusvoide\/#primaryimage"},"image":{"@id":"https:\/\/tilk.bio\/fi\/verkkokauppa\/fresh-clean-probiootteja-sisaltava-hella-ja-raikastava-kasvojenpuhdistusvoide\/#primaryimage"},"thumbnailUrl":"https:\/\/tilk.bio\/wp-content\/uploads\/2020\/05\/freshclean1.jpg","datePublished":"2020-05-12T22:56:03+00:00","dateModified":"2026-04-13T17:15:03+00:00","description":"Fresh & Clean on hell\u00e4varainen ja raikastava kasvojenpuhdistusvoide, joka poistaa iholta meikin, talin ja lian. Tuotteen sis\u00e4lt\u00e4m\u00e4t probiootit...","breadcrumb":{"@id":"https:\/\/tilk.bio\/fi\/verkkokauppa\/fresh-clean-probiootteja-sisaltava-hella-ja-raikastava-kasvojenpuhdistusvoide\/#breadcrumb"},"inLanguage":"fi","potentialAction":[{"@type":"ReadAction","target":["https:\/\/tilk.bio\/fi\/verkkokauppa\/fresh-clean-probiootteja-sisaltava-hella-ja-raikastava-kasvojenpuhdistusvoide\/"]}]},{"@type":"ImageObject","inLanguage":"fi","@id":"https:\/\/tilk.bio\/fi\/verkkokauppa\/fresh-clean-probiootteja-sisaltava-hella-ja-raikastava-kasvojenpuhdistusvoide\/#primaryimage","url":"https:\/\/tilk.bio\/wp-content\/uploads\/2020\/05\/freshclean1.jpg","contentUrl":"https:\/\/tilk.bio\/wp-content\/uploads\/2020\/05\/freshclean1.jpg","width":1200,"height":1200,"caption":"Fresh&Clean - puhastuskreem n\u00e4ole"},{"@type":"BreadcrumbList","@id":"https:\/\/tilk.bio\/fi\/verkkokauppa\/fresh-clean-probiootteja-sisaltava-hella-ja-raikastava-kasvojenpuhdistusvoide\/#breadcrumb","itemListElement":[{"@type":"ListItem","position":1,"name":"Home","item":"https:\/\/tilk.bio\/fi\/"},{"@type":"ListItem","position":2,"name":"Verkkokauppa","item":"https:\/\/tilk.bio\/fi\/verkkokauppa\/"},{"@type":"ListItem","position":3,"name":"Fresh &amp; Clean \u2013 probiootteja sis\u00e4lt\u00e4v\u00e4 hell\u00e4 ja raikastava kasvojenpuhdistusvoide"}]},{"@type":"WebSite","@id":"https:\/\/tilk.bio\/et\/#website","url":"https:\/\/tilk.bio\/et\/","name":"Tilk!","description":"Natural and sustainable skincare!","potentialAction":[{"@type":"SearchAction","target":{"@type":"EntryPoint","urlTemplate":"https:\/\/tilk.bio\/et\/?s={search_term_string}"},"query-input":{"@type":"PropertyValueSpecification","valueRequired":true,"valueName":"search_term_string"}}],"inLanguage":"fi"}]}},"_links":{"self":[{"href":"https:\/\/tilk.bio\/fi\/wp-json\/wp\/v2\/product\/57204","targetHints":{"allow":["GET"]}}],"collection":[{"href":"https:\/\/tilk.bio\/fi\/wp-json\/wp\/v2\/product"}],"about":[{"href":"https:\/\/tilk.bio\/fi\/wp-json\/wp\/v2\/types\/product"}],"replies":[{"embeddable":true,"href":"https:\/\/tilk.bio\/fi\/wp-json\/wp\/v2\/comments?post=57204"}],"wp:featuredmedia":[{"embeddable":true,"href":"https:\/\/tilk.bio\/fi\/wp-json\/wp\/v2\/media\/65033"}],"wp:attachment":[{"href":"https:\/\/tilk.bio\/fi\/wp-json\/wp\/v2\/media?parent=57204"}],"wp:term":[{"taxonomy":"product_brand","embeddable":true,"href":"https:\/\/tilk.bio\/fi\/wp-json\/wp\/v2\/product_brand?post=57204"},{"taxonomy":"product_cat","embeddable":true,"href":"https:\/\/tilk.bio\/fi\/wp-json\/wp\/v2\/product_cat?post=57204"},{"taxonomy":"product_tag","embeddable":true,"href":"https:\/\/tilk.bio\/fi\/wp-json\/wp\/v2\/product_tag?post=57204"}],"curies":[{"name":"wp","href":"https:\/\/api.w.org\/{rel}","templated":true}]}}