{"id":57209,"date":"2020-10-03T22:29:53","date_gmt":"2020-10-03T19:29:53","guid":{"rendered":"https:\/\/tilk.bio\/shop\/hold-me-teepuuoljya-ja-piparminttua-sisaltava-alumiiniton-deodorantti\/"},"modified":"2026-04-14T16:30:15","modified_gmt":"2026-04-14T13:30:15","slug":"hold-me-teepuuoljya-ja-piparminttua-sisaltava-alumiiniton-deodorantti","status":"publish","type":"product","link":"https:\/\/tilk.bio\/fi\/verkkokauppa\/hold-me-teepuuoljya-ja-piparminttua-sisaltava-alumiiniton-deodorantti\/","title":{"rendered":"Hold Me \u2013 teepuu\u00f6ljy\u00e4 ja piparminttua sis\u00e4lt\u00e4v\u00e4 alumiiniton deodorantti"},"content":{"rendered":"<p>Hold Me on alumiiniton deodorantti, joka auttaa liialliseen hikoiluun ja neutralisoi ep\u00e4miellytt\u00e4vi\u00e4 hajuja. Luontaisista ainesosista valmistettu deodorantti antaa raikkaan tunteen koko p\u00e4iv\u00e4ksi.<\/p>\n<p>Nuolijuurijauhe imee ylim\u00e4\u00e4r\u00e4ist\u00e4 kosteutta, eik\u00e4 j\u00e4t\u00e4 vaatteisiin valkoisia l\u00e4ikki\u00e4. Sooda poistaa ep\u00e4miellytt\u00e4vi\u00e4 hajuja, sheavoi ja kookos\u00f6ljy yll\u00e4pit\u00e4v\u00e4t ihon luontaista kosteustasapainoa. Keh\u00e4kukan, poimulehden ja peltokortteen bioaktiiviset ainesosat rauhoittavat kainalon herkk\u00e4\u00e4 ihoa. Deodorantin miellytt\u00e4v\u00e4n raikkaassa tuoksussa yhdistyv\u00e4t teepuu\u00f6ljy ja piparminttu.<\/p>\n<p>K\u00e4ytt\u00f6: Levit\u00e4 pieni m\u00e4\u00e4r\u00e4 voidemaista deodoranttia kainaloon ja hiero hell\u00e4varaisesti sormenp\u00e4ill\u00e4 tai k\u00e4mmenell\u00e4. Deodorantti pit\u00e4\u00e4 sinut raikkaana koko p\u00e4iv\u00e4n.<\/p>\n<p>Tuotteen kaikki ainesosat ovat luontaista ja vegaanista alkuper\u00e4\u00e4. Tuotteessa on k\u00e4ytetty Saarenmaalta k\u00e4sin poimituista kasveista saatuja \u00f6ljyj\u00e4.<\/p>\n<p>S\u00e4ilytys suoralta p\u00e4iv\u00e4nvalolta suojattuna alle 25 asteessa.<\/p>\n<p>Koko: 30ml<\/p>\n<p><a ref=\"magnificPopup\" href=\"https:\/\/tilk.bio\/wp-content\/uploads\/2016\/01\/Vegan_sign-07.png\"><img loading=\"lazy\" decoding=\"async\" class=\"alignnone wp-image-22658\" src=\"https:\/\/tilk.bio\/wp-content\/uploads\/2016\/01\/Vegan_sign-07.png\" alt=\"\" width=\"85\" height=\"85\" srcset=\"https:\/\/tilk.bio\/wp-content\/uploads\/2016\/01\/Vegan_sign-07.png 165w, https:\/\/tilk.bio\/wp-content\/uploads\/2016\/01\/Vegan_sign-07-150x150.png 150w\" sizes=\"auto, (max-width: 85px) 100vw, 85px\" \/><\/a><\/p>\n","protected":false},"excerpt":{"rendered":"<p>Hold Me on alumiiniton deodorantti, joka auttaa liialliseen hikoiluun ja neutralisoi ep\u00e4miellytt\u00e4vi\u00e4 hajuja. Luontaisista ainesosista valmistettu deodorantti antaa raikkaan tunteen koko p\u00e4iv\u00e4ksi. Nuolijuurijauhe imee ylim\u00e4\u00e4r\u00e4ist\u00e4 kosteutta, eik\u00e4 j\u00e4t\u00e4 vaatteisiin valkoisia l\u00e4ikki\u00e4. Sooda poistaa ep\u00e4miellytt\u00e4vi\u00e4 hajuja, sheavoi ja kookos\u00f6ljy yll\u00e4pit\u00e4v\u00e4t ihon luontaista kosteustasapainoa. Keh\u00e4kukan, poimulehden ja peltokortteen bioaktiiviset ainesosat rauhoittavat kainalon herkk\u00e4\u00e4 ihoa. Deodorantin miellytt\u00e4v\u00e4n raikkaassa&#8230;<\/p>\n","protected":false},"featured_media":67350,"comment_status":"open","ping_status":"closed","template":"","meta":{"_acf_changed":false},"product_brand":[],"product_cat":[625,501,979,671,730,503],"product_tag":[731,739,743,744],"class_list":{"0":"post-57209","1":"product","2":"type-product","3":"status-publish","4":"has-post-thumbnail","6":"product_cat-deodorantit","7":"product_cat-kaikki-tuotteet","8":"product_cat-shea-butter","9":"product_cat-spaattelin-mahdollisuus","10":"product_cat-tilk-herbal-fi","11":"product_cat-vartalo","12":"product_tag-deodorantti","13":"product_tag-elainkokeeton","14":"product_tag-palmuoljyton","15":"product_tag-vegaaninen","17":"first","18":"instock","19":"sale","20":"taxable","21":"shipping-taxable","22":"purchasable","23":"product-type-variable"},"acf":[],"yoast_head":"<!-- This site is optimized with the Yoast SEO plugin v27.3 - https:\/\/yoast.com\/product\/yoast-seo-wordpress\/ -->\n<title>Hold Me \u2013 teepuu\u00f6ljy\u00e4 ja piparminttua sis\u00e4lt\u00e4v\u00e4 alumiiniton deodorantti - Tilk!<\/title>\n<meta name=\"robots\" content=\"index, follow, max-snippet:-1, max-image-preview:large, max-video-preview:-1\" \/>\n<link rel=\"canonical\" href=\"https:\/\/tilk.bio\/fi\/verkkokauppa\/hold-me-teepuuoljya-ja-piparminttua-sisaltava-alumiiniton-deodorantti\/\" \/>\n<meta property=\"og:locale\" content=\"fi_FI\" \/>\n<meta property=\"og:type\" content=\"article\" \/>\n<meta property=\"og:title\" content=\"Hold Me \u2013 teepuu\u00f6ljy\u00e4 ja piparminttua sis\u00e4lt\u00e4v\u00e4 alumiiniton deodorantti - Tilk!\" \/>\n<meta property=\"og:description\" content=\"Hold Me on alumiiniton deodorantti, joka auttaa liialliseen hikoiluun ja neutralisoi ep\u00e4miellytt\u00e4vi\u00e4 hajuja. Luontaisista ainesosista valmistettu deodorantti antaa raikkaan tunteen koko p\u00e4iv\u00e4ksi. Nuolijuurijauhe imee ylim\u00e4\u00e4r\u00e4ist\u00e4 kosteutta, eik\u00e4 j\u00e4t\u00e4 vaatteisiin valkoisia l\u00e4ikki\u00e4. Sooda poistaa ep\u00e4miellytt\u00e4vi\u00e4 hajuja, sheavoi ja kookos\u00f6ljy yll\u00e4pit\u00e4v\u00e4t ihon luontaista kosteustasapainoa. Keh\u00e4kukan, poimulehden ja peltokortteen bioaktiiviset ainesosat rauhoittavat kainalon herkk\u00e4\u00e4 ihoa. Deodorantin miellytt\u00e4v\u00e4n raikkaassa...\" \/>\n<meta property=\"og:url\" content=\"https:\/\/tilk.bio\/fi\/verkkokauppa\/hold-me-teepuuoljya-ja-piparminttua-sisaltava-alumiiniton-deodorantti\/\" \/>\n<meta property=\"og:site_name\" content=\"Tilk!\" \/>\n<meta property=\"article:publisher\" content=\"https:\/\/www.facebook.com\/tilk.bio\/\" \/>\n<meta property=\"article:modified_time\" content=\"2026-04-14T13:30:15+00:00\" \/>\n<meta property=\"og:image\" content=\"https:\/\/tilk.bio\/wp-content\/uploads\/2020\/10\/Untitled-design-69.jpg\" \/>\n\t<meta property=\"og:image:width\" content=\"1200\" \/>\n\t<meta property=\"og:image:height\" content=\"1200\" \/>\n\t<meta property=\"og:image:type\" content=\"image\/jpeg\" \/>\n<meta name=\"twitter:card\" content=\"summary_large_image\" \/>\n<meta name=\"twitter:label1\" content=\"Arvioitu lukuaika\" \/>\n\t<meta name=\"twitter:data1\" content=\"1 minuutti\" \/>\n<script type=\"application\/ld+json\" class=\"yoast-schema-graph\">{\"@context\":\"https:\\\/\\\/schema.org\",\"@graph\":[{\"@type\":\"WebPage\",\"@id\":\"https:\\\/\\\/tilk.bio\\\/fi\\\/verkkokauppa\\\/hold-me-teepuuoljya-ja-piparminttua-sisaltava-alumiiniton-deodorantti\\\/\",\"url\":\"https:\\\/\\\/tilk.bio\\\/fi\\\/verkkokauppa\\\/hold-me-teepuuoljya-ja-piparminttua-sisaltava-alumiiniton-deodorantti\\\/\",\"name\":\"Hold Me \u2013 teepuu\u00f6ljy\u00e4 ja piparminttua sis\u00e4lt\u00e4v\u00e4 alumiiniton deodorantti - Tilk!\",\"isPartOf\":{\"@id\":\"https:\\\/\\\/tilk.bio\\\/et\\\/#website\"},\"primaryImageOfPage\":{\"@id\":\"https:\\\/\\\/tilk.bio\\\/fi\\\/verkkokauppa\\\/hold-me-teepuuoljya-ja-piparminttua-sisaltava-alumiiniton-deodorantti\\\/#primaryimage\"},\"image\":{\"@id\":\"https:\\\/\\\/tilk.bio\\\/fi\\\/verkkokauppa\\\/hold-me-teepuuoljya-ja-piparminttua-sisaltava-alumiiniton-deodorantti\\\/#primaryimage\"},\"thumbnailUrl\":\"https:\\\/\\\/tilk.bio\\\/wp-content\\\/uploads\\\/2020\\\/10\\\/Untitled-design-69.jpg\",\"datePublished\":\"2020-10-03T19:29:53+00:00\",\"dateModified\":\"2026-04-14T13:30:15+00:00\",\"breadcrumb\":{\"@id\":\"https:\\\/\\\/tilk.bio\\\/fi\\\/verkkokauppa\\\/hold-me-teepuuoljya-ja-piparminttua-sisaltava-alumiiniton-deodorantti\\\/#breadcrumb\"},\"inLanguage\":\"fi\",\"potentialAction\":[{\"@type\":\"ReadAction\",\"target\":[\"https:\\\/\\\/tilk.bio\\\/fi\\\/verkkokauppa\\\/hold-me-teepuuoljya-ja-piparminttua-sisaltava-alumiiniton-deodorantti\\\/\"]}]},{\"@type\":\"ImageObject\",\"inLanguage\":\"fi\",\"@id\":\"https:\\\/\\\/tilk.bio\\\/fi\\\/verkkokauppa\\\/hold-me-teepuuoljya-ja-piparminttua-sisaltava-alumiiniton-deodorantti\\\/#primaryimage\",\"url\":\"https:\\\/\\\/tilk.bio\\\/wp-content\\\/uploads\\\/2020\\\/10\\\/Untitled-design-69.jpg\",\"contentUrl\":\"https:\\\/\\\/tilk.bio\\\/wp-content\\\/uploads\\\/2020\\\/10\\\/Untitled-design-69.jpg\",\"width\":1200,\"height\":1200},{\"@type\":\"BreadcrumbList\",\"@id\":\"https:\\\/\\\/tilk.bio\\\/fi\\\/verkkokauppa\\\/hold-me-teepuuoljya-ja-piparminttua-sisaltava-alumiiniton-deodorantti\\\/#breadcrumb\",\"itemListElement\":[{\"@type\":\"ListItem\",\"position\":1,\"name\":\"Home\",\"item\":\"https:\\\/\\\/tilk.bio\\\/fi\\\/\"},{\"@type\":\"ListItem\",\"position\":2,\"name\":\"Verkkokauppa\",\"item\":\"https:\\\/\\\/tilk.bio\\\/fi\\\/verkkokauppa\\\/\"},{\"@type\":\"ListItem\",\"position\":3,\"name\":\"Hold Me \u2013 teepuu\u00f6ljy\u00e4 ja piparminttua sis\u00e4lt\u00e4v\u00e4 alumiiniton deodorantti\"}]},{\"@type\":\"WebSite\",\"@id\":\"https:\\\/\\\/tilk.bio\\\/et\\\/#website\",\"url\":\"https:\\\/\\\/tilk.bio\\\/et\\\/\",\"name\":\"Tilk!\",\"description\":\"Natural and sustainable skincare!\",\"potentialAction\":[{\"@type\":\"SearchAction\",\"target\":{\"@type\":\"EntryPoint\",\"urlTemplate\":\"https:\\\/\\\/tilk.bio\\\/et\\\/?s={search_term_string}\"},\"query-input\":{\"@type\":\"PropertyValueSpecification\",\"valueRequired\":true,\"valueName\":\"search_term_string\"}}],\"inLanguage\":\"fi\"}]}<\/script>\n<!-- \/ Yoast SEO plugin. -->","yoast_head_json":{"title":"Hold Me \u2013 teepuu\u00f6ljy\u00e4 ja piparminttua sis\u00e4lt\u00e4v\u00e4 alumiiniton deodorantti - Tilk!","robots":{"index":"index","follow":"follow","max-snippet":"max-snippet:-1","max-image-preview":"max-image-preview:large","max-video-preview":"max-video-preview:-1"},"canonical":"https:\/\/tilk.bio\/fi\/verkkokauppa\/hold-me-teepuuoljya-ja-piparminttua-sisaltava-alumiiniton-deodorantti\/","og_locale":"fi_FI","og_type":"article","og_title":"Hold Me \u2013 teepuu\u00f6ljy\u00e4 ja piparminttua sis\u00e4lt\u00e4v\u00e4 alumiiniton deodorantti - Tilk!","og_description":"Hold Me on alumiiniton deodorantti, joka auttaa liialliseen hikoiluun ja neutralisoi ep\u00e4miellytt\u00e4vi\u00e4 hajuja. Luontaisista ainesosista valmistettu deodorantti antaa raikkaan tunteen koko p\u00e4iv\u00e4ksi. Nuolijuurijauhe imee ylim\u00e4\u00e4r\u00e4ist\u00e4 kosteutta, eik\u00e4 j\u00e4t\u00e4 vaatteisiin valkoisia l\u00e4ikki\u00e4. Sooda poistaa ep\u00e4miellytt\u00e4vi\u00e4 hajuja, sheavoi ja kookos\u00f6ljy yll\u00e4pit\u00e4v\u00e4t ihon luontaista kosteustasapainoa. Keh\u00e4kukan, poimulehden ja peltokortteen bioaktiiviset ainesosat rauhoittavat kainalon herkk\u00e4\u00e4 ihoa. Deodorantin miellytt\u00e4v\u00e4n raikkaassa...","og_url":"https:\/\/tilk.bio\/fi\/verkkokauppa\/hold-me-teepuuoljya-ja-piparminttua-sisaltava-alumiiniton-deodorantti\/","og_site_name":"Tilk!","article_publisher":"https:\/\/www.facebook.com\/tilk.bio\/","article_modified_time":"2026-04-14T13:30:15+00:00","og_image":[{"width":1200,"height":1200,"url":"https:\/\/tilk.bio\/wp-content\/uploads\/2020\/10\/Untitled-design-69.jpg","type":"image\/jpeg"}],"twitter_card":"summary_large_image","twitter_misc":{"Arvioitu lukuaika":"1 minuutti"},"schema":{"@context":"https:\/\/schema.org","@graph":[{"@type":"WebPage","@id":"https:\/\/tilk.bio\/fi\/verkkokauppa\/hold-me-teepuuoljya-ja-piparminttua-sisaltava-alumiiniton-deodorantti\/","url":"https:\/\/tilk.bio\/fi\/verkkokauppa\/hold-me-teepuuoljya-ja-piparminttua-sisaltava-alumiiniton-deodorantti\/","name":"Hold Me \u2013 teepuu\u00f6ljy\u00e4 ja piparminttua sis\u00e4lt\u00e4v\u00e4 alumiiniton deodorantti - Tilk!","isPartOf":{"@id":"https:\/\/tilk.bio\/et\/#website"},"primaryImageOfPage":{"@id":"https:\/\/tilk.bio\/fi\/verkkokauppa\/hold-me-teepuuoljya-ja-piparminttua-sisaltava-alumiiniton-deodorantti\/#primaryimage"},"image":{"@id":"https:\/\/tilk.bio\/fi\/verkkokauppa\/hold-me-teepuuoljya-ja-piparminttua-sisaltava-alumiiniton-deodorantti\/#primaryimage"},"thumbnailUrl":"https:\/\/tilk.bio\/wp-content\/uploads\/2020\/10\/Untitled-design-69.jpg","datePublished":"2020-10-03T19:29:53+00:00","dateModified":"2026-04-14T13:30:15+00:00","breadcrumb":{"@id":"https:\/\/tilk.bio\/fi\/verkkokauppa\/hold-me-teepuuoljya-ja-piparminttua-sisaltava-alumiiniton-deodorantti\/#breadcrumb"},"inLanguage":"fi","potentialAction":[{"@type":"ReadAction","target":["https:\/\/tilk.bio\/fi\/verkkokauppa\/hold-me-teepuuoljya-ja-piparminttua-sisaltava-alumiiniton-deodorantti\/"]}]},{"@type":"ImageObject","inLanguage":"fi","@id":"https:\/\/tilk.bio\/fi\/verkkokauppa\/hold-me-teepuuoljya-ja-piparminttua-sisaltava-alumiiniton-deodorantti\/#primaryimage","url":"https:\/\/tilk.bio\/wp-content\/uploads\/2020\/10\/Untitled-design-69.jpg","contentUrl":"https:\/\/tilk.bio\/wp-content\/uploads\/2020\/10\/Untitled-design-69.jpg","width":1200,"height":1200},{"@type":"BreadcrumbList","@id":"https:\/\/tilk.bio\/fi\/verkkokauppa\/hold-me-teepuuoljya-ja-piparminttua-sisaltava-alumiiniton-deodorantti\/#breadcrumb","itemListElement":[{"@type":"ListItem","position":1,"name":"Home","item":"https:\/\/tilk.bio\/fi\/"},{"@type":"ListItem","position":2,"name":"Verkkokauppa","item":"https:\/\/tilk.bio\/fi\/verkkokauppa\/"},{"@type":"ListItem","position":3,"name":"Hold Me \u2013 teepuu\u00f6ljy\u00e4 ja piparminttua sis\u00e4lt\u00e4v\u00e4 alumiiniton deodorantti"}]},{"@type":"WebSite","@id":"https:\/\/tilk.bio\/et\/#website","url":"https:\/\/tilk.bio\/et\/","name":"Tilk!","description":"Natural and sustainable skincare!","potentialAction":[{"@type":"SearchAction","target":{"@type":"EntryPoint","urlTemplate":"https:\/\/tilk.bio\/et\/?s={search_term_string}"},"query-input":{"@type":"PropertyValueSpecification","valueRequired":true,"valueName":"search_term_string"}}],"inLanguage":"fi"}]}},"_links":{"self":[{"href":"https:\/\/tilk.bio\/fi\/wp-json\/wp\/v2\/product\/57209","targetHints":{"allow":["GET"]}}],"collection":[{"href":"https:\/\/tilk.bio\/fi\/wp-json\/wp\/v2\/product"}],"about":[{"href":"https:\/\/tilk.bio\/fi\/wp-json\/wp\/v2\/types\/product"}],"replies":[{"embeddable":true,"href":"https:\/\/tilk.bio\/fi\/wp-json\/wp\/v2\/comments?post=57209"}],"wp:featuredmedia":[{"embeddable":true,"href":"https:\/\/tilk.bio\/fi\/wp-json\/wp\/v2\/media\/67350"}],"wp:attachment":[{"href":"https:\/\/tilk.bio\/fi\/wp-json\/wp\/v2\/media?parent=57209"}],"wp:term":[{"taxonomy":"product_brand","embeddable":true,"href":"https:\/\/tilk.bio\/fi\/wp-json\/wp\/v2\/product_brand?post=57209"},{"taxonomy":"product_cat","embeddable":true,"href":"https:\/\/tilk.bio\/fi\/wp-json\/wp\/v2\/product_cat?post=57209"},{"taxonomy":"product_tag","embeddable":true,"href":"https:\/\/tilk.bio\/fi\/wp-json\/wp\/v2\/product_tag?post=57209"}],"curies":[{"name":"wp","href":"https:\/\/api.w.org\/{rel}","templated":true}]}}