{"id":57227,"date":"2020-11-06T11:11:53","date_gmt":"2020-11-06T09:11:53","guid":{"rendered":"https:\/\/tilk.bio\/shop\/soft-silky-eukalyptusta-ja-piparminttua-sisaltava-syvakosteuttava-jalkavoide\/"},"modified":"2026-03-20T08:45:04","modified_gmt":"2026-03-20T06:45:04","slug":"soft-silky-eukalyptusta-ja-piparminttua-sisaltava-syvakosteuttava-jalkavoide","status":"publish","type":"product","link":"https:\/\/tilk.bio\/fi\/verkkokauppa\/soft-silky-eukalyptusta-ja-piparminttua-sisaltava-syvakosteuttava-jalkavoide\/","title":{"rendered":"Soft &amp; Silky \u2013 eukalyptusta ja piparminttua sis\u00e4lt\u00e4v\u00e4 syv\u00e4kosteuttava jalkavoide"},"content":{"rendered":"<p>Soft &amp; Silky on syv\u00e4kosteuttava ja ihon rakennetta parantava jalkavoide, joka sis\u00e4lt\u00e4\u00e4 virkist\u00e4v\u00e4\u00e4 eukalyptusta ja piparminttua. Hoida jalkojasi s\u00e4\u00e4nn\u00f6llisesti \u2013 suosittelemme voiteen lis\u00e4ksi my\u00f6s <a href=\"https:\/\/tilk.bio\/fi\/verkkokauppa\/scrub-soothe-katajanmarja-ja-nokkosuutetta-sisaltava-uudistava-jalkakuorinta\/\">Scrub &amp; Soothe -jalkakuorintaa<\/a>.<\/p>\n<p>Keh\u00e4kukan, poimulehden ja peltokortteen bioaktiiviset ainesosat vahvistavat ihon rakennetta ja parantavat mikrohaavoja. Kookos\u00f6ljy kosteuttaa ja rauhoittaa ihoa sek\u00e4 hoitaa halkeilleita kantap\u00e4it\u00e4, jojoba\u00f6ljy taas kosteuttaa, elvytt\u00e4\u00e4, vahvistaa ja palauttaa ihon luonnollisen tasapainon. Voide sis\u00e4lt\u00e4\u00e4 my\u00f6s runsaasti tyrni\u00f6ljy\u00e4, jonka C-, E-, K- ja P-vitamiinit ravitsevat ja pehment\u00e4v\u00e4t ihoa. Luontaisten \u00f6ljyjen antioksidantit tekev\u00e4t ihosta silkinpehme\u00e4n ja kimmoisan. Voiteen tuoksussa yhdistyv\u00e4t teepuu, eukalyptus ja piparminttu.<\/p>\n<p><strong>K\u00e4ytt\u00f6<\/strong>: Levit\u00e4 voidetta jalkapohjiin, kantoihin, p\u00e4ki\u00f6ihin ja varpaisiin. Hiero kevyesti ja nauti virkist\u00e4v\u00e4st\u00e4 tunteesta.<\/p>\n<p>Tuotteen kaikki ainesosat ovat luontaista ja vegaanista alkuper\u00e4\u00e4. Tuotteessa on k\u00e4ytetty Saarenmaalta k\u00e4sin poimituista kasveista saatuja \u00f6ljyj\u00e4.<\/p>\n<p>S\u00e4ilytys huoneenl\u00e4mm\u00f6ss\u00e4.<\/p>\n<p>Koko: 50ml<\/p>\n<p><a ref=\"magnificPopup\" href=\"https:\/\/tilk.bio\/wp-content\/uploads\/2016\/01\/Vegan_sign-07.png\"><img loading=\"lazy\" decoding=\"async\" class=\"alignnone wp-image-22658\" src=\"https:\/\/tilk.bio\/wp-content\/uploads\/2016\/01\/Vegan_sign-07.png\" alt=\"\" width=\"88\" height=\"88\" srcset=\"https:\/\/tilk.bio\/wp-content\/uploads\/2016\/01\/Vegan_sign-07.png 165w, https:\/\/tilk.bio\/wp-content\/uploads\/2016\/01\/Vegan_sign-07-150x150.png 150w\" sizes=\"auto, (max-width: 88px) 100vw, 88px\" \/><\/a><\/p>\n","protected":false},"excerpt":{"rendered":"<p>Soft &amp; Silky on syv\u00e4kosteuttava ja ihon rakennetta parantava jalkavoide, joka sis\u00e4lt\u00e4\u00e4 virkist\u00e4v\u00e4\u00e4 eukalyptusta ja piparminttua. Hoida jalkojasi s\u00e4\u00e4nn\u00f6llisesti \u2013 suosittelemme voiteen lis\u00e4ksi my\u00f6s Scrub &amp; Soothe -jalkakuorintaa. Keh\u00e4kukan, poimulehden ja peltokortteen bioaktiiviset ainesosat vahvistavat ihon rakennetta ja parantavat mikrohaavoja. Kookos\u00f6ljy kosteuttaa ja rauhoittaa ihoa sek\u00e4 hoitaa halkeilleita kantap\u00e4it\u00e4, jojoba\u00f6ljy taas kosteuttaa, elvytt\u00e4\u00e4, vahvistaa ja&#8230;<\/p>\n","protected":false},"featured_media":52726,"comment_status":"open","ping_status":"closed","template":"","meta":{"_acf_changed":false},"product_brand":[],"product_cat":[763,761,501,730,503],"product_tag":[],"class_list":{"0":"post-57227","1":"product","2":"type-product","3":"status-publish","4":"has-post-thumbnail","6":"product_cat-jalkavoide","7":"product_cat-jalkojenhoito","8":"product_cat-kaikki-tuotteet","9":"product_cat-tilk-herbal-fi","10":"product_cat-vartalo","12":"first","13":"instock","14":"taxable","15":"shipping-taxable","16":"purchasable","17":"product-type-simple"},"acf":[],"yoast_head":"<!-- This site is optimized with the Yoast SEO plugin v27.4 - https:\/\/yoast.com\/product\/yoast-seo-wordpress\/ -->\n<title>Soft &amp; Silky \u2013 eukalyptusta ja piparminttua sis\u00e4lt\u00e4v\u00e4 syv\u00e4kosteuttava jalkavoide - Tilk!<\/title>\n<meta name=\"robots\" content=\"index, follow, max-snippet:-1, max-image-preview:large, max-video-preview:-1\" \/>\n<link rel=\"canonical\" href=\"https:\/\/tilk.bio\/verkkokauppa\/soft-silky-foot-cream-with-eucalyptus-and-peppermint\/\" \/>\n<meta property=\"og:locale\" content=\"fi_FI\" \/>\n<meta property=\"og:type\" content=\"article\" \/>\n<meta property=\"og:title\" content=\"Soft &amp; Silky \u2013 eukalyptusta ja piparminttua sis\u00e4lt\u00e4v\u00e4 syv\u00e4kosteuttava jalkavoide - Tilk!\" \/>\n<meta property=\"og:description\" content=\"Soft &amp; Silky on syv\u00e4kosteuttava ja ihon rakennetta parantava jalkavoide, joka sis\u00e4lt\u00e4\u00e4 virkist\u00e4v\u00e4\u00e4 eukalyptusta ja piparminttua. Hoida jalkojasi s\u00e4\u00e4nn\u00f6llisesti \u2013 suosittelemme voiteen lis\u00e4ksi my\u00f6s Scrub &amp; Soothe -jalkakuorintaa. Keh\u00e4kukan, poimulehden ja peltokortteen bioaktiiviset ainesosat vahvistavat ihon rakennetta ja parantavat mikrohaavoja. Kookos\u00f6ljy kosteuttaa ja rauhoittaa ihoa sek\u00e4 hoitaa halkeilleita kantap\u00e4it\u00e4, jojoba\u00f6ljy taas kosteuttaa, elvytt\u00e4\u00e4, vahvistaa ja...\" \/>\n<meta property=\"og:url\" content=\"https:\/\/tilk.bio\/verkkokauppa\/soft-silky-foot-cream-with-eucalyptus-and-peppermint\/\" \/>\n<meta property=\"og:site_name\" content=\"Tilk!\" \/>\n<meta property=\"article:publisher\" content=\"https:\/\/www.facebook.com\/tilk.bio\/\" \/>\n<meta property=\"article:modified_time\" content=\"2026-03-20T06:45:04+00:00\" \/>\n<meta property=\"og:image\" content=\"https:\/\/tilk.bio\/wp-content\/uploads\/2020\/11\/Untitled-design-9.jpg\" \/>\n\t<meta property=\"og:image:width\" content=\"1200\" \/>\n\t<meta property=\"og:image:height\" content=\"1200\" \/>\n\t<meta property=\"og:image:type\" content=\"image\/jpeg\" \/>\n<meta name=\"twitter:card\" content=\"summary_large_image\" \/>\n<meta name=\"twitter:label1\" content=\"Arvioitu lukuaika\" \/>\n\t<meta name=\"twitter:data1\" content=\"1 minuutti\" \/>\n<script type=\"application\/ld+json\" class=\"yoast-schema-graph\">{\"@context\":\"https:\\\/\\\/schema.org\",\"@graph\":[{\"@type\":\"WebPage\",\"@id\":\"https:\\\/\\\/tilk.bio\\\/verkkokauppa\\\/soft-silky-foot-cream-with-eucalyptus-and-peppermint\\\/\",\"url\":\"https:\\\/\\\/tilk.bio\\\/verkkokauppa\\\/soft-silky-foot-cream-with-eucalyptus-and-peppermint\\\/\",\"name\":\"Soft &amp; Silky \u2013 eukalyptusta ja piparminttua sis\u00e4lt\u00e4v\u00e4 syv\u00e4kosteuttava jalkavoide - Tilk!\",\"isPartOf\":{\"@id\":\"https:\\\/\\\/tilk.bio\\\/et\\\/#website\"},\"primaryImageOfPage\":{\"@id\":\"https:\\\/\\\/tilk.bio\\\/verkkokauppa\\\/soft-silky-foot-cream-with-eucalyptus-and-peppermint\\\/#primaryimage\"},\"image\":{\"@id\":\"https:\\\/\\\/tilk.bio\\\/verkkokauppa\\\/soft-silky-foot-cream-with-eucalyptus-and-peppermint\\\/#primaryimage\"},\"thumbnailUrl\":\"https:\\\/\\\/tilk.bio\\\/wp-content\\\/uploads\\\/2020\\\/11\\\/softsilky2.png\",\"datePublished\":\"2020-11-06T09:11:53+00:00\",\"dateModified\":\"2026-03-20T06:45:04+00:00\",\"breadcrumb\":{\"@id\":\"https:\\\/\\\/tilk.bio\\\/verkkokauppa\\\/soft-silky-foot-cream-with-eucalyptus-and-peppermint\\\/#breadcrumb\"},\"inLanguage\":\"fi\",\"potentialAction\":[{\"@type\":\"ReadAction\",\"target\":[\"https:\\\/\\\/tilk.bio\\\/verkkokauppa\\\/soft-silky-foot-cream-with-eucalyptus-and-peppermint\\\/\"]}]},{\"@type\":\"ImageObject\",\"inLanguage\":\"fi\",\"@id\":\"https:\\\/\\\/tilk.bio\\\/verkkokauppa\\\/soft-silky-foot-cream-with-eucalyptus-and-peppermint\\\/#primaryimage\",\"url\":\"https:\\\/\\\/tilk.bio\\\/wp-content\\\/uploads\\\/2020\\\/11\\\/softsilky2.png\",\"contentUrl\":\"https:\\\/\\\/tilk.bio\\\/wp-content\\\/uploads\\\/2020\\\/11\\\/softsilky2.png\",\"width\":920,\"height\":1100},{\"@type\":\"BreadcrumbList\",\"@id\":\"https:\\\/\\\/tilk.bio\\\/verkkokauppa\\\/soft-silky-foot-cream-with-eucalyptus-and-peppermint\\\/#breadcrumb\",\"itemListElement\":[{\"@type\":\"ListItem\",\"position\":1,\"name\":\"Home\",\"item\":\"https:\\\/\\\/tilk.bio\\\/fi\\\/\"},{\"@type\":\"ListItem\",\"position\":2,\"name\":\"Verkkokauppa\",\"item\":\"https:\\\/\\\/tilk.bio\\\/fi\\\/verkkokauppa\\\/\"},{\"@type\":\"ListItem\",\"position\":3,\"name\":\"Soft &amp; Silky \u2013 eukalyptusta ja piparminttua sis\u00e4lt\u00e4v\u00e4 syv\u00e4kosteuttava jalkavoide\"}]},{\"@type\":\"WebSite\",\"@id\":\"https:\\\/\\\/tilk.bio\\\/et\\\/#website\",\"url\":\"https:\\\/\\\/tilk.bio\\\/et\\\/\",\"name\":\"Tilk!\",\"description\":\"Natural and sustainable skincare!\",\"potentialAction\":[{\"@type\":\"SearchAction\",\"target\":{\"@type\":\"EntryPoint\",\"urlTemplate\":\"https:\\\/\\\/tilk.bio\\\/et\\\/?s={search_term_string}\"},\"query-input\":{\"@type\":\"PropertyValueSpecification\",\"valueRequired\":true,\"valueName\":\"search_term_string\"}}],\"inLanguage\":\"fi\"}]}<\/script>\n<!-- \/ Yoast SEO plugin. -->","yoast_head_json":{"title":"Soft &amp; Silky \u2013 eukalyptusta ja piparminttua sis\u00e4lt\u00e4v\u00e4 syv\u00e4kosteuttava jalkavoide - Tilk!","robots":{"index":"index","follow":"follow","max-snippet":"max-snippet:-1","max-image-preview":"max-image-preview:large","max-video-preview":"max-video-preview:-1"},"canonical":"https:\/\/tilk.bio\/verkkokauppa\/soft-silky-foot-cream-with-eucalyptus-and-peppermint\/","og_locale":"fi_FI","og_type":"article","og_title":"Soft &amp; Silky \u2013 eukalyptusta ja piparminttua sis\u00e4lt\u00e4v\u00e4 syv\u00e4kosteuttava jalkavoide - Tilk!","og_description":"Soft &amp; Silky on syv\u00e4kosteuttava ja ihon rakennetta parantava jalkavoide, joka sis\u00e4lt\u00e4\u00e4 virkist\u00e4v\u00e4\u00e4 eukalyptusta ja piparminttua. Hoida jalkojasi s\u00e4\u00e4nn\u00f6llisesti \u2013 suosittelemme voiteen lis\u00e4ksi my\u00f6s Scrub &amp; Soothe -jalkakuorintaa. Keh\u00e4kukan, poimulehden ja peltokortteen bioaktiiviset ainesosat vahvistavat ihon rakennetta ja parantavat mikrohaavoja. Kookos\u00f6ljy kosteuttaa ja rauhoittaa ihoa sek\u00e4 hoitaa halkeilleita kantap\u00e4it\u00e4, jojoba\u00f6ljy taas kosteuttaa, elvytt\u00e4\u00e4, vahvistaa ja...","og_url":"https:\/\/tilk.bio\/verkkokauppa\/soft-silky-foot-cream-with-eucalyptus-and-peppermint\/","og_site_name":"Tilk!","article_publisher":"https:\/\/www.facebook.com\/tilk.bio\/","article_modified_time":"2026-03-20T06:45:04+00:00","og_image":[{"width":1200,"height":1200,"url":"https:\/\/tilk.bio\/wp-content\/uploads\/2020\/11\/Untitled-design-9.jpg","type":"image\/jpeg"}],"twitter_card":"summary_large_image","twitter_misc":{"Arvioitu lukuaika":"1 minuutti"},"schema":{"@context":"https:\/\/schema.org","@graph":[{"@type":"WebPage","@id":"https:\/\/tilk.bio\/verkkokauppa\/soft-silky-foot-cream-with-eucalyptus-and-peppermint\/","url":"https:\/\/tilk.bio\/verkkokauppa\/soft-silky-foot-cream-with-eucalyptus-and-peppermint\/","name":"Soft &amp; Silky \u2013 eukalyptusta ja piparminttua sis\u00e4lt\u00e4v\u00e4 syv\u00e4kosteuttava jalkavoide - Tilk!","isPartOf":{"@id":"https:\/\/tilk.bio\/et\/#website"},"primaryImageOfPage":{"@id":"https:\/\/tilk.bio\/verkkokauppa\/soft-silky-foot-cream-with-eucalyptus-and-peppermint\/#primaryimage"},"image":{"@id":"https:\/\/tilk.bio\/verkkokauppa\/soft-silky-foot-cream-with-eucalyptus-and-peppermint\/#primaryimage"},"thumbnailUrl":"https:\/\/tilk.bio\/wp-content\/uploads\/2020\/11\/softsilky2.png","datePublished":"2020-11-06T09:11:53+00:00","dateModified":"2026-03-20T06:45:04+00:00","breadcrumb":{"@id":"https:\/\/tilk.bio\/verkkokauppa\/soft-silky-foot-cream-with-eucalyptus-and-peppermint\/#breadcrumb"},"inLanguage":"fi","potentialAction":[{"@type":"ReadAction","target":["https:\/\/tilk.bio\/verkkokauppa\/soft-silky-foot-cream-with-eucalyptus-and-peppermint\/"]}]},{"@type":"ImageObject","inLanguage":"fi","@id":"https:\/\/tilk.bio\/verkkokauppa\/soft-silky-foot-cream-with-eucalyptus-and-peppermint\/#primaryimage","url":"https:\/\/tilk.bio\/wp-content\/uploads\/2020\/11\/softsilky2.png","contentUrl":"https:\/\/tilk.bio\/wp-content\/uploads\/2020\/11\/softsilky2.png","width":920,"height":1100},{"@type":"BreadcrumbList","@id":"https:\/\/tilk.bio\/verkkokauppa\/soft-silky-foot-cream-with-eucalyptus-and-peppermint\/#breadcrumb","itemListElement":[{"@type":"ListItem","position":1,"name":"Home","item":"https:\/\/tilk.bio\/fi\/"},{"@type":"ListItem","position":2,"name":"Verkkokauppa","item":"https:\/\/tilk.bio\/fi\/verkkokauppa\/"},{"@type":"ListItem","position":3,"name":"Soft &amp; Silky \u2013 eukalyptusta ja piparminttua sis\u00e4lt\u00e4v\u00e4 syv\u00e4kosteuttava jalkavoide"}]},{"@type":"WebSite","@id":"https:\/\/tilk.bio\/et\/#website","url":"https:\/\/tilk.bio\/et\/","name":"Tilk!","description":"Natural and sustainable skincare!","potentialAction":[{"@type":"SearchAction","target":{"@type":"EntryPoint","urlTemplate":"https:\/\/tilk.bio\/et\/?s={search_term_string}"},"query-input":{"@type":"PropertyValueSpecification","valueRequired":true,"valueName":"search_term_string"}}],"inLanguage":"fi"}]}},"_links":{"self":[{"href":"https:\/\/tilk.bio\/fi\/wp-json\/wp\/v2\/product\/57227","targetHints":{"allow":["GET"]}}],"collection":[{"href":"https:\/\/tilk.bio\/fi\/wp-json\/wp\/v2\/product"}],"about":[{"href":"https:\/\/tilk.bio\/fi\/wp-json\/wp\/v2\/types\/product"}],"replies":[{"embeddable":true,"href":"https:\/\/tilk.bio\/fi\/wp-json\/wp\/v2\/comments?post=57227"}],"wp:featuredmedia":[{"embeddable":true,"href":"https:\/\/tilk.bio\/fi\/wp-json\/wp\/v2\/media\/52726"}],"wp:attachment":[{"href":"https:\/\/tilk.bio\/fi\/wp-json\/wp\/v2\/media?parent=57227"}],"wp:term":[{"taxonomy":"product_brand","embeddable":true,"href":"https:\/\/tilk.bio\/fi\/wp-json\/wp\/v2\/product_brand?post=57227"},{"taxonomy":"product_cat","embeddable":true,"href":"https:\/\/tilk.bio\/fi\/wp-json\/wp\/v2\/product_cat?post=57227"},{"taxonomy":"product_tag","embeddable":true,"href":"https:\/\/tilk.bio\/fi\/wp-json\/wp\/v2\/product_tag?post=57227"}],"curies":[{"name":"wp","href":"https:\/\/api.w.org\/{rel}","templated":true}]}}