{"id":57233,"date":"2021-05-14T20:00:46","date_gmt":"2021-05-14T17:00:46","guid":{"rendered":"https:\/\/tilk.bio\/shop\/blush-me-kosteuttava-2-in-1-huulikiilto-poskipuna\/"},"modified":"2026-04-14T16:15:03","modified_gmt":"2026-04-14T13:15:03","slug":"blush-me-kosteuttava-2-in-1-huulikiilto-poskipuna","status":"publish","type":"product","link":"https:\/\/tilk.bio\/fi\/verkkokauppa\/blush-me-kosteuttava-2-in-1-huulikiilto-poskipuna\/","title":{"rendered":"Blush Me \u2013 kosteuttava 2 in 1 -huulikiilto\/poskipuna"},"content":{"rendered":"<p>Blush Me on kosteuttava ja s\u00e4vytt\u00e4v\u00e4 2 in 1 -tuote, joka toimii sek\u00e4 huulikiiltona ett\u00e4 poskipunana. Hoitavana huulikiiltona se kosteuttaa ja ravitsee huulten herkk\u00e4\u00e4 ihoa, poskipunana antaa my\u00f6s poskille raikkaan ja hele\u00e4n s\u00e4vyn.<\/p>\n<p>Tuotteen koostumukseen on saatu inspiraatio Amazonin sademets\u00e4ss\u00e4 kasvavasta cupuacu-puusta. Puun hedelm\u00e4t sis\u00e4lt\u00e4v\u00e4t runsaasti ainutlaatuisia antioksidantteja, kasvisteroleja ja polyfenoleja, jotka kosteuttavat ihoa ja taistelevat vapaita radikaaleja vastaan. Runsaasti vitamiineja- ja antioksidantteja sis\u00e4lt\u00e4v\u00e4t shea- ja kaakaovoit ravitsevat ihoa ja suojaavat sit\u00e4 ulkoisilta rasituksilta. Kookos\u00f6ljy ravitsee ja kosteuttaa kuivaa ihoa, jojoba\u00f6ljy taas yll\u00e4pit\u00e4\u00e4 sen luontaista kosteutta. Tuote tuoksuu raikkaalta piparmintulta.<\/p>\n<p>Tuotteen kaikki ainesosat ovat luontaista ja vegaanista alkuper\u00e4\u00e4. Tuotteessa on k\u00e4ytetty Saarenmaalta k\u00e4sin poimituista kasveista saatuja \u00f6ljyj\u00e4.<\/p>\n<p>S\u00e4ilytys suoralta p\u00e4iv\u00e4nvalolta suojattuna alle 25 asteessa.<\/p>\n<p>Koko: 15ml<\/p>\n<p><a ref=\"magnificPopup\" href=\"https:\/\/tilk.bio\/wp-content\/uploads\/2016\/01\/Vegan_sign-07.png\"><img loading=\"lazy\" decoding=\"async\" class=\"alignnone wp-image-22658\" src=\"https:\/\/tilk.bio\/wp-content\/uploads\/2016\/01\/Vegan_sign-07.png\" alt=\"\" width=\"90\" height=\"90\" srcset=\"https:\/\/tilk.bio\/wp-content\/uploads\/2016\/01\/Vegan_sign-07.png 165w, https:\/\/tilk.bio\/wp-content\/uploads\/2016\/01\/Vegan_sign-07-150x150.png 150w\" sizes=\"auto, (max-width: 90px) 100vw, 90px\" \/><\/a><\/p>\n","protected":false},"excerpt":{"rendered":"<p>Blush Me on kosteuttava ja s\u00e4vytt\u00e4v\u00e4 2 in 1 -tuote, joka toimii sek\u00e4 huulikiiltona ett\u00e4 poskipunana. Hoitavana huulikiiltona se kosteuttaa ja ravitsee huulten herkk\u00e4\u00e4 ihoa, poskipunana antaa my\u00f6s poskille raikkaan ja hele\u00e4n s\u00e4vyn. Tuotteen koostumukseen on saatu inspiraatio Amazonin sademets\u00e4ss\u00e4 kasvavasta cupuacu-puusta. Puun hedelm\u00e4t sis\u00e4lt\u00e4v\u00e4t runsaasti ainutlaatuisia antioksidantteja, kasvisteroleja ja polyfenoleja, jotka kosteuttavat ihoa ja&#8230;<\/p>\n","protected":false},"featured_media":67274,"comment_status":"open","ping_status":"closed","template":"","meta":{"_acf_changed":false},"product_brand":[],"product_cat":[507,501,512,768,979,730],"product_tag":[],"class_list":{"0":"post-57233","1":"product","2":"type-product","3":"status-publish","4":"has-post-thumbnail","6":"product_cat-huulille","7":"product_cat-kaikki-tuotteet","8":"product_cat-kasvohoito","9":"product_cat-meikit","10":"product_cat-shea-butter","11":"product_cat-tilk-herbal-fi","13":"first","14":"instock","15":"taxable","16":"shipping-taxable","17":"purchasable","18":"product-type-simple"},"acf":[],"yoast_head":"<!-- This site is optimized with the Yoast SEO plugin v27.4 - https:\/\/yoast.com\/product\/yoast-seo-wordpress\/ -->\n<title>Blush Me \u2013 kosteuttava 2 in 1 -huulikiilto\/poskipuna - Tilk!<\/title>\n<meta name=\"robots\" content=\"index, follow, max-snippet:-1, max-image-preview:large, max-video-preview:-1\" \/>\n<link rel=\"canonical\" href=\"https:\/\/tilk.bio\/fi\/verkkokauppa\/blush-me-kosteuttava-2-in-1-huulikiilto-poskipuna\/\" \/>\n<meta property=\"og:locale\" content=\"fi_FI\" \/>\n<meta property=\"og:type\" content=\"article\" \/>\n<meta property=\"og:title\" content=\"Blush Me \u2013 kosteuttava 2 in 1 -huulikiilto\/poskipuna - Tilk!\" \/>\n<meta property=\"og:description\" content=\"Blush Me on kosteuttava ja s\u00e4vytt\u00e4v\u00e4 2 in 1 -tuote, joka toimii sek\u00e4 huulikiiltona ett\u00e4 poskipunana. Hoitavana huulikiiltona se kosteuttaa ja ravitsee huulten herkk\u00e4\u00e4 ihoa, poskipunana antaa my\u00f6s poskille raikkaan ja hele\u00e4n s\u00e4vyn. Tuotteen koostumukseen on saatu inspiraatio Amazonin sademets\u00e4ss\u00e4 kasvavasta cupuacu-puusta. Puun hedelm\u00e4t sis\u00e4lt\u00e4v\u00e4t runsaasti ainutlaatuisia antioksidantteja, kasvisteroleja ja polyfenoleja, jotka kosteuttavat ihoa ja...\" \/>\n<meta property=\"og:url\" content=\"https:\/\/tilk.bio\/fi\/verkkokauppa\/blush-me-kosteuttava-2-in-1-huulikiilto-poskipuna\/\" \/>\n<meta property=\"og:site_name\" content=\"Tilk!\" \/>\n<meta property=\"article:publisher\" content=\"https:\/\/www.facebook.com\/tilk.bio\/\" \/>\n<meta property=\"article:modified_time\" content=\"2026-04-14T13:15:03+00:00\" \/>\n<meta property=\"og:image\" content=\"https:\/\/tilk.bio\/wp-content\/uploads\/2021\/05\/blush-me-2.png\" \/>\n<meta name=\"twitter:card\" content=\"summary_large_image\" \/>\n<meta name=\"twitter:label1\" content=\"Arvioitu lukuaika\" \/>\n\t<meta name=\"twitter:data1\" content=\"1 minuutti\" \/>\n<script type=\"application\/ld+json\" class=\"yoast-schema-graph\">{\"@context\":\"https:\\\/\\\/schema.org\",\"@graph\":[{\"@type\":\"WebPage\",\"@id\":\"https:\\\/\\\/tilk.bio\\\/fi\\\/verkkokauppa\\\/blush-me-kosteuttava-2-in-1-huulikiilto-poskipuna\\\/\",\"url\":\"https:\\\/\\\/tilk.bio\\\/fi\\\/verkkokauppa\\\/blush-me-kosteuttava-2-in-1-huulikiilto-poskipuna\\\/\",\"name\":\"Blush Me \u2013 kosteuttava 2 in 1 -huulikiilto\\\/poskipuna - Tilk!\",\"isPartOf\":{\"@id\":\"https:\\\/\\\/tilk.bio\\\/et\\\/#website\"},\"primaryImageOfPage\":{\"@id\":\"https:\\\/\\\/tilk.bio\\\/fi\\\/verkkokauppa\\\/blush-me-kosteuttava-2-in-1-huulikiilto-poskipuna\\\/#primaryimage\"},\"image\":{\"@id\":\"https:\\\/\\\/tilk.bio\\\/fi\\\/verkkokauppa\\\/blush-me-kosteuttava-2-in-1-huulikiilto-poskipuna\\\/#primaryimage\"},\"thumbnailUrl\":\"https:\\\/\\\/tilk.bio\\\/wp-content\\\/uploads\\\/2021\\\/05\\\/Untitled-design-62.jpg\",\"datePublished\":\"2021-05-14T17:00:46+00:00\",\"dateModified\":\"2026-04-14T13:15:03+00:00\",\"breadcrumb\":{\"@id\":\"https:\\\/\\\/tilk.bio\\\/fi\\\/verkkokauppa\\\/blush-me-kosteuttava-2-in-1-huulikiilto-poskipuna\\\/#breadcrumb\"},\"inLanguage\":\"fi\",\"potentialAction\":[{\"@type\":\"ReadAction\",\"target\":[\"https:\\\/\\\/tilk.bio\\\/fi\\\/verkkokauppa\\\/blush-me-kosteuttava-2-in-1-huulikiilto-poskipuna\\\/\"]}]},{\"@type\":\"ImageObject\",\"inLanguage\":\"fi\",\"@id\":\"https:\\\/\\\/tilk.bio\\\/fi\\\/verkkokauppa\\\/blush-me-kosteuttava-2-in-1-huulikiilto-poskipuna\\\/#primaryimage\",\"url\":\"https:\\\/\\\/tilk.bio\\\/wp-content\\\/uploads\\\/2021\\\/05\\\/Untitled-design-62.jpg\",\"contentUrl\":\"https:\\\/\\\/tilk.bio\\\/wp-content\\\/uploads\\\/2021\\\/05\\\/Untitled-design-62.jpg\",\"width\":1200,\"height\":1200},{\"@type\":\"BreadcrumbList\",\"@id\":\"https:\\\/\\\/tilk.bio\\\/fi\\\/verkkokauppa\\\/blush-me-kosteuttava-2-in-1-huulikiilto-poskipuna\\\/#breadcrumb\",\"itemListElement\":[{\"@type\":\"ListItem\",\"position\":1,\"name\":\"Home\",\"item\":\"https:\\\/\\\/tilk.bio\\\/fi\\\/\"},{\"@type\":\"ListItem\",\"position\":2,\"name\":\"Verkkokauppa\",\"item\":\"https:\\\/\\\/tilk.bio\\\/fi\\\/verkkokauppa\\\/\"},{\"@type\":\"ListItem\",\"position\":3,\"name\":\"Blush Me \u2013 kosteuttava 2 in 1 -huulikiilto\\\/poskipuna\"}]},{\"@type\":\"WebSite\",\"@id\":\"https:\\\/\\\/tilk.bio\\\/et\\\/#website\",\"url\":\"https:\\\/\\\/tilk.bio\\\/et\\\/\",\"name\":\"Tilk!\",\"description\":\"Natural and sustainable skincare!\",\"potentialAction\":[{\"@type\":\"SearchAction\",\"target\":{\"@type\":\"EntryPoint\",\"urlTemplate\":\"https:\\\/\\\/tilk.bio\\\/et\\\/?s={search_term_string}\"},\"query-input\":{\"@type\":\"PropertyValueSpecification\",\"valueRequired\":true,\"valueName\":\"search_term_string\"}}],\"inLanguage\":\"fi\"}]}<\/script>\n<!-- \/ Yoast SEO plugin. -->","yoast_head_json":{"title":"Blush Me \u2013 kosteuttava 2 in 1 -huulikiilto\/poskipuna - Tilk!","robots":{"index":"index","follow":"follow","max-snippet":"max-snippet:-1","max-image-preview":"max-image-preview:large","max-video-preview":"max-video-preview:-1"},"canonical":"https:\/\/tilk.bio\/fi\/verkkokauppa\/blush-me-kosteuttava-2-in-1-huulikiilto-poskipuna\/","og_locale":"fi_FI","og_type":"article","og_title":"Blush Me \u2013 kosteuttava 2 in 1 -huulikiilto\/poskipuna - Tilk!","og_description":"Blush Me on kosteuttava ja s\u00e4vytt\u00e4v\u00e4 2 in 1 -tuote, joka toimii sek\u00e4 huulikiiltona ett\u00e4 poskipunana. Hoitavana huulikiiltona se kosteuttaa ja ravitsee huulten herkk\u00e4\u00e4 ihoa, poskipunana antaa my\u00f6s poskille raikkaan ja hele\u00e4n s\u00e4vyn. Tuotteen koostumukseen on saatu inspiraatio Amazonin sademets\u00e4ss\u00e4 kasvavasta cupuacu-puusta. Puun hedelm\u00e4t sis\u00e4lt\u00e4v\u00e4t runsaasti ainutlaatuisia antioksidantteja, kasvisteroleja ja polyfenoleja, jotka kosteuttavat ihoa ja...","og_url":"https:\/\/tilk.bio\/fi\/verkkokauppa\/blush-me-kosteuttava-2-in-1-huulikiilto-poskipuna\/","og_site_name":"Tilk!","article_publisher":"https:\/\/www.facebook.com\/tilk.bio\/","article_modified_time":"2026-04-14T13:15:03+00:00","og_image":[{"url":"https:\/\/tilk.bio\/wp-content\/uploads\/2021\/05\/blush-me-2.png","type":"","width":"","height":""}],"twitter_card":"summary_large_image","twitter_misc":{"Arvioitu lukuaika":"1 minuutti"},"schema":{"@context":"https:\/\/schema.org","@graph":[{"@type":"WebPage","@id":"https:\/\/tilk.bio\/fi\/verkkokauppa\/blush-me-kosteuttava-2-in-1-huulikiilto-poskipuna\/","url":"https:\/\/tilk.bio\/fi\/verkkokauppa\/blush-me-kosteuttava-2-in-1-huulikiilto-poskipuna\/","name":"Blush Me \u2013 kosteuttava 2 in 1 -huulikiilto\/poskipuna - Tilk!","isPartOf":{"@id":"https:\/\/tilk.bio\/et\/#website"},"primaryImageOfPage":{"@id":"https:\/\/tilk.bio\/fi\/verkkokauppa\/blush-me-kosteuttava-2-in-1-huulikiilto-poskipuna\/#primaryimage"},"image":{"@id":"https:\/\/tilk.bio\/fi\/verkkokauppa\/blush-me-kosteuttava-2-in-1-huulikiilto-poskipuna\/#primaryimage"},"thumbnailUrl":"https:\/\/tilk.bio\/wp-content\/uploads\/2021\/05\/Untitled-design-62.jpg","datePublished":"2021-05-14T17:00:46+00:00","dateModified":"2026-04-14T13:15:03+00:00","breadcrumb":{"@id":"https:\/\/tilk.bio\/fi\/verkkokauppa\/blush-me-kosteuttava-2-in-1-huulikiilto-poskipuna\/#breadcrumb"},"inLanguage":"fi","potentialAction":[{"@type":"ReadAction","target":["https:\/\/tilk.bio\/fi\/verkkokauppa\/blush-me-kosteuttava-2-in-1-huulikiilto-poskipuna\/"]}]},{"@type":"ImageObject","inLanguage":"fi","@id":"https:\/\/tilk.bio\/fi\/verkkokauppa\/blush-me-kosteuttava-2-in-1-huulikiilto-poskipuna\/#primaryimage","url":"https:\/\/tilk.bio\/wp-content\/uploads\/2021\/05\/Untitled-design-62.jpg","contentUrl":"https:\/\/tilk.bio\/wp-content\/uploads\/2021\/05\/Untitled-design-62.jpg","width":1200,"height":1200},{"@type":"BreadcrumbList","@id":"https:\/\/tilk.bio\/fi\/verkkokauppa\/blush-me-kosteuttava-2-in-1-huulikiilto-poskipuna\/#breadcrumb","itemListElement":[{"@type":"ListItem","position":1,"name":"Home","item":"https:\/\/tilk.bio\/fi\/"},{"@type":"ListItem","position":2,"name":"Verkkokauppa","item":"https:\/\/tilk.bio\/fi\/verkkokauppa\/"},{"@type":"ListItem","position":3,"name":"Blush Me \u2013 kosteuttava 2 in 1 -huulikiilto\/poskipuna"}]},{"@type":"WebSite","@id":"https:\/\/tilk.bio\/et\/#website","url":"https:\/\/tilk.bio\/et\/","name":"Tilk!","description":"Natural and sustainable skincare!","potentialAction":[{"@type":"SearchAction","target":{"@type":"EntryPoint","urlTemplate":"https:\/\/tilk.bio\/et\/?s={search_term_string}"},"query-input":{"@type":"PropertyValueSpecification","valueRequired":true,"valueName":"search_term_string"}}],"inLanguage":"fi"}]}},"_links":{"self":[{"href":"https:\/\/tilk.bio\/fi\/wp-json\/wp\/v2\/product\/57233","targetHints":{"allow":["GET"]}}],"collection":[{"href":"https:\/\/tilk.bio\/fi\/wp-json\/wp\/v2\/product"}],"about":[{"href":"https:\/\/tilk.bio\/fi\/wp-json\/wp\/v2\/types\/product"}],"replies":[{"embeddable":true,"href":"https:\/\/tilk.bio\/fi\/wp-json\/wp\/v2\/comments?post=57233"}],"wp:featuredmedia":[{"embeddable":true,"href":"https:\/\/tilk.bio\/fi\/wp-json\/wp\/v2\/media\/67274"}],"wp:attachment":[{"href":"https:\/\/tilk.bio\/fi\/wp-json\/wp\/v2\/media?parent=57233"}],"wp:term":[{"taxonomy":"product_brand","embeddable":true,"href":"https:\/\/tilk.bio\/fi\/wp-json\/wp\/v2\/product_brand?post=57233"},{"taxonomy":"product_cat","embeddable":true,"href":"https:\/\/tilk.bio\/fi\/wp-json\/wp\/v2\/product_cat?post=57233"},{"taxonomy":"product_tag","embeddable":true,"href":"https:\/\/tilk.bio\/fi\/wp-json\/wp\/v2\/product_tag?post=57233"}],"curies":[{"name":"wp","href":"https:\/\/api.w.org\/{rel}","templated":true}]}}