{"id":57244,"date":"2021-08-25T18:24:48","date_gmt":"2021-08-25T15:24:48","guid":{"rendered":"https:\/\/tilk.bio\/shop\/rauhoittava-kuusi-kookossalva\/"},"modified":"2026-04-09T12:45:04","modified_gmt":"2026-04-09T09:45:04","slug":"rauhoittava-kuusi-kookossalva","status":"publish","type":"product","link":"https:\/\/tilk.bio\/fi\/verkkokauppa\/rauhoittava-kuusi-kookossalva\/","title":{"rendered":"KUUSENPIHKASALVA"},"content":{"rendered":"<p>Kuusi-kookossalva lievent\u00e4\u00e4 iho\u00e4rsytyst\u00e4 ja kosteuttaa kuivaa ihoa. Salva soveltuu haavojen hoitoon ja tulehdusten lievitt\u00e4miseen. K\u00e4yt\u00e4 paikallisesti siell\u00e4, miss\u00e4 iho kaipaa hoitoa ja rauhoitusta.<\/p>\n<p>Salvan t\u00e4rkein ainesosa on <a href=\"https:\/\/tilk.bio\/et\/tootekategooria\/tooteseeriad-et\/tilk-forest\/\">kuusenpihka<\/a>, joka on antibakteeristen ominaisuuksiensa ansiosta tehokas iho-ongelmien hoitaja. Pihka my\u00f6s auttaa ihoa uudistumaan ja suojaa sit\u00e4 ulkoisilta rasituksilta. Kookos\u00f6ljy ja sheavoi kosteuttavat ihoa, lis\u00e4\u00e4v\u00e4t sen kimmoisuutta ja v\u00e4hent\u00e4v\u00e4t iho\u00e4rsytyst\u00e4. Mehil\u00e4isvaha on voimakkaasti antibakteerinen, mink\u00e4 lis\u00e4ksi se suojaa, kosteuttaa ja rauhoittaa ihoa. Tuote ei sis\u00e4ll\u00e4 eteerisi\u00e4 \u00f6ljyj\u00e4, vaan sen mieto tuoksu on per\u00e4isin luonnollisista ainesosista.<\/p>\n<p><strong>K\u00e4ytt\u00f6:<\/strong> K\u00e4yt\u00e4 paikallisesti ongelma-alueilla.<br \/>\nKuusenpihkaa sis\u00e4lt\u00e4v\u00e4t tuotteet ammentavat virolaisesta perim\u00e4tiedosta ja mets\u00e4n alkuvoimasta. tilk! Forest yhdist\u00e4\u00e4 esivanhempiemme viisauden ja nykytieteen tehden niist\u00e4 toimivaa luonnonkosmetiikkaa.<\/p>\n<p>S\u00e4ilytys suoralta p\u00e4iv\u00e4nvalolta suojattuna alle 25 asteessa.<\/p>\n<p>Koko: 15ml<\/p>\n","protected":false},"excerpt":{"rendered":"<p>Kuusi-kookossalva lievent\u00e4\u00e4 iho\u00e4rsytyst\u00e4 ja kosteuttaa kuivaa ihoa. Salva soveltuu haavojen hoitoon ja tulehdusten lievitt\u00e4miseen. K\u00e4yt\u00e4 paikallisesti siell\u00e4, miss\u00e4 iho kaipaa hoitoa ja rauhoitusta. Salvan t\u00e4rkein ainesosa on kuusenpihka, joka on antibakteeristen ominaisuuksiensa ansiosta tehokas iho-ongelmien hoitaja. Pihka my\u00f6s auttaa ihoa uudistumaan ja suojaa sit\u00e4 ulkoisilta rasituksilta. Kookos\u00f6ljy ja sheavoi kosteuttavat ihoa, lis\u00e4\u00e4v\u00e4t sen kimmoisuutta ja&#8230;<\/p>\n","protected":false},"featured_media":65055,"comment_status":"open","ping_status":"closed","template":"","meta":{"_acf_changed":false},"product_brand":[],"product_cat":[729,740,501,512,737,742,734,735,979,671,733],"product_tag":[],"class_list":{"0":"post-57244","1":"product","2":"type-product","3":"status-publish","4":"has-post-thumbnail","6":"product_cat-herkka-iho","7":"product_cat-ikaantyva-iho","8":"product_cat-kaikki-tuotteet","9":"product_cat-kasvohoito","10":"product_cat-kuiva-iho","11":"product_cat-normaali-ja-sekaiho","12":"product_cat-salvat","13":"product_cat-salvat-fi","14":"product_cat-shea-butter","15":"product_cat-spaattelin-mahdollisuus","16":"product_cat-tilk-forest-fi","18":"first","19":"instock","20":"sale","21":"taxable","22":"shipping-taxable","23":"purchasable","24":"product-type-simple"},"acf":[],"yoast_head":"<!-- This site is optimized with the Yoast SEO plugin v27.4 - https:\/\/yoast.com\/product\/yoast-seo-wordpress\/ -->\n<title>Kuusenpihka<\/title>\n<meta name=\"description\" content=\"Salvan t\u00e4rkein ainesosa on kuusenpihka, joka on antibakteeristen ominaisuuksiensa ansiosta tehokas iho-ongelmien hoitaja. Pihka my\u00f6s auttaa ihoa uudistumaan\" \/>\n<meta name=\"robots\" content=\"index, follow, max-snippet:-1, max-image-preview:large, max-video-preview:-1\" \/>\n<link rel=\"canonical\" href=\"https:\/\/tilk.bio\/fi\/verkkokauppa\/rauhoittava-kuusi-kookossalva\/\" \/>\n<meta property=\"og:locale\" content=\"fi_FI\" \/>\n<meta property=\"og:type\" content=\"article\" \/>\n<meta property=\"og:title\" content=\"Kuusenpihka\" \/>\n<meta property=\"og:description\" content=\"Salvan t\u00e4rkein ainesosa on kuusenpihka, joka on antibakteeristen ominaisuuksiensa ansiosta tehokas iho-ongelmien hoitaja. Pihka my\u00f6s auttaa ihoa uudistumaan\" \/>\n<meta property=\"og:url\" content=\"https:\/\/tilk.bio\/fi\/verkkokauppa\/rauhoittava-kuusi-kookossalva\/\" \/>\n<meta property=\"og:site_name\" content=\"Tilk!\" \/>\n<meta property=\"article:publisher\" content=\"https:\/\/www.facebook.com\/tilk.bio\/\" \/>\n<meta property=\"article:modified_time\" content=\"2026-04-09T09:45:04+00:00\" \/>\n<meta property=\"og:image\" content=\"https:\/\/tilk.bio\/wp-content\/uploads\/2021\/08\/forest-salv1.jpg\" \/>\n\t<meta property=\"og:image:width\" content=\"1200\" \/>\n\t<meta property=\"og:image:height\" content=\"1200\" \/>\n\t<meta property=\"og:image:type\" content=\"image\/jpeg\" \/>\n<meta name=\"twitter:card\" content=\"summary_large_image\" \/>\n<meta name=\"twitter:label1\" content=\"Arvioitu lukuaika\" \/>\n\t<meta name=\"twitter:data1\" content=\"1 minuutti\" \/>\n<script type=\"application\/ld+json\" class=\"yoast-schema-graph\">{\"@context\":\"https:\\\/\\\/schema.org\",\"@graph\":[{\"@type\":\"WebPage\",\"@id\":\"https:\\\/\\\/tilk.bio\\\/fi\\\/verkkokauppa\\\/rauhoittava-kuusi-kookossalva\\\/\",\"url\":\"https:\\\/\\\/tilk.bio\\\/fi\\\/verkkokauppa\\\/rauhoittava-kuusi-kookossalva\\\/\",\"name\":\"Kuusenpihka\",\"isPartOf\":{\"@id\":\"https:\\\/\\\/tilk.bio\\\/et\\\/#website\"},\"primaryImageOfPage\":{\"@id\":\"https:\\\/\\\/tilk.bio\\\/fi\\\/verkkokauppa\\\/rauhoittava-kuusi-kookossalva\\\/#primaryimage\"},\"image\":{\"@id\":\"https:\\\/\\\/tilk.bio\\\/fi\\\/verkkokauppa\\\/rauhoittava-kuusi-kookossalva\\\/#primaryimage\"},\"thumbnailUrl\":\"https:\\\/\\\/tilk.bio\\\/wp-content\\\/uploads\\\/2021\\\/08\\\/forest-salv1.jpg\",\"datePublished\":\"2021-08-25T15:24:48+00:00\",\"dateModified\":\"2026-04-09T09:45:04+00:00\",\"description\":\"Salvan t\u00e4rkein ainesosa on kuusenpihka, joka on antibakteeristen ominaisuuksiensa ansiosta tehokas iho-ongelmien hoitaja. Pihka my\u00f6s auttaa ihoa uudistumaan\",\"breadcrumb\":{\"@id\":\"https:\\\/\\\/tilk.bio\\\/fi\\\/verkkokauppa\\\/rauhoittava-kuusi-kookossalva\\\/#breadcrumb\"},\"inLanguage\":\"fi\",\"potentialAction\":[{\"@type\":\"ReadAction\",\"target\":[\"https:\\\/\\\/tilk.bio\\\/fi\\\/verkkokauppa\\\/rauhoittava-kuusi-kookossalva\\\/\"]}]},{\"@type\":\"ImageObject\",\"inLanguage\":\"fi\",\"@id\":\"https:\\\/\\\/tilk.bio\\\/fi\\\/verkkokauppa\\\/rauhoittava-kuusi-kookossalva\\\/#primaryimage\",\"url\":\"https:\\\/\\\/tilk.bio\\\/wp-content\\\/uploads\\\/2021\\\/08\\\/forest-salv1.jpg\",\"contentUrl\":\"https:\\\/\\\/tilk.bio\\\/wp-content\\\/uploads\\\/2021\\\/08\\\/forest-salv1.jpg\",\"width\":1200,\"height\":1200,\"caption\":\"salv\"},{\"@type\":\"BreadcrumbList\",\"@id\":\"https:\\\/\\\/tilk.bio\\\/fi\\\/verkkokauppa\\\/rauhoittava-kuusi-kookossalva\\\/#breadcrumb\",\"itemListElement\":[{\"@type\":\"ListItem\",\"position\":1,\"name\":\"Home\",\"item\":\"https:\\\/\\\/tilk.bio\\\/fi\\\/\"},{\"@type\":\"ListItem\",\"position\":2,\"name\":\"Verkkokauppa\",\"item\":\"https:\\\/\\\/tilk.bio\\\/fi\\\/verkkokauppa\\\/\"},{\"@type\":\"ListItem\",\"position\":3,\"name\":\"KUUSENPIHKASALVA\"}]},{\"@type\":\"WebSite\",\"@id\":\"https:\\\/\\\/tilk.bio\\\/et\\\/#website\",\"url\":\"https:\\\/\\\/tilk.bio\\\/et\\\/\",\"name\":\"Tilk!\",\"description\":\"Natural and sustainable skincare!\",\"potentialAction\":[{\"@type\":\"SearchAction\",\"target\":{\"@type\":\"EntryPoint\",\"urlTemplate\":\"https:\\\/\\\/tilk.bio\\\/et\\\/?s={search_term_string}\"},\"query-input\":{\"@type\":\"PropertyValueSpecification\",\"valueRequired\":true,\"valueName\":\"search_term_string\"}}],\"inLanguage\":\"fi\"}]}<\/script>\n<!-- \/ Yoast SEO plugin. -->","yoast_head_json":{"title":"Kuusenpihka","description":"Salvan t\u00e4rkein ainesosa on kuusenpihka, joka on antibakteeristen ominaisuuksiensa ansiosta tehokas iho-ongelmien hoitaja. Pihka my\u00f6s auttaa ihoa uudistumaan","robots":{"index":"index","follow":"follow","max-snippet":"max-snippet:-1","max-image-preview":"max-image-preview:large","max-video-preview":"max-video-preview:-1"},"canonical":"https:\/\/tilk.bio\/fi\/verkkokauppa\/rauhoittava-kuusi-kookossalva\/","og_locale":"fi_FI","og_type":"article","og_title":"Kuusenpihka","og_description":"Salvan t\u00e4rkein ainesosa on kuusenpihka, joka on antibakteeristen ominaisuuksiensa ansiosta tehokas iho-ongelmien hoitaja. Pihka my\u00f6s auttaa ihoa uudistumaan","og_url":"https:\/\/tilk.bio\/fi\/verkkokauppa\/rauhoittava-kuusi-kookossalva\/","og_site_name":"Tilk!","article_publisher":"https:\/\/www.facebook.com\/tilk.bio\/","article_modified_time":"2026-04-09T09:45:04+00:00","og_image":[{"width":1200,"height":1200,"url":"https:\/\/tilk.bio\/wp-content\/uploads\/2021\/08\/forest-salv1.jpg","type":"image\/jpeg"}],"twitter_card":"summary_large_image","twitter_misc":{"Arvioitu lukuaika":"1 minuutti"},"schema":{"@context":"https:\/\/schema.org","@graph":[{"@type":"WebPage","@id":"https:\/\/tilk.bio\/fi\/verkkokauppa\/rauhoittava-kuusi-kookossalva\/","url":"https:\/\/tilk.bio\/fi\/verkkokauppa\/rauhoittava-kuusi-kookossalva\/","name":"Kuusenpihka","isPartOf":{"@id":"https:\/\/tilk.bio\/et\/#website"},"primaryImageOfPage":{"@id":"https:\/\/tilk.bio\/fi\/verkkokauppa\/rauhoittava-kuusi-kookossalva\/#primaryimage"},"image":{"@id":"https:\/\/tilk.bio\/fi\/verkkokauppa\/rauhoittava-kuusi-kookossalva\/#primaryimage"},"thumbnailUrl":"https:\/\/tilk.bio\/wp-content\/uploads\/2021\/08\/forest-salv1.jpg","datePublished":"2021-08-25T15:24:48+00:00","dateModified":"2026-04-09T09:45:04+00:00","description":"Salvan t\u00e4rkein ainesosa on kuusenpihka, joka on antibakteeristen ominaisuuksiensa ansiosta tehokas iho-ongelmien hoitaja. Pihka my\u00f6s auttaa ihoa uudistumaan","breadcrumb":{"@id":"https:\/\/tilk.bio\/fi\/verkkokauppa\/rauhoittava-kuusi-kookossalva\/#breadcrumb"},"inLanguage":"fi","potentialAction":[{"@type":"ReadAction","target":["https:\/\/tilk.bio\/fi\/verkkokauppa\/rauhoittava-kuusi-kookossalva\/"]}]},{"@type":"ImageObject","inLanguage":"fi","@id":"https:\/\/tilk.bio\/fi\/verkkokauppa\/rauhoittava-kuusi-kookossalva\/#primaryimage","url":"https:\/\/tilk.bio\/wp-content\/uploads\/2021\/08\/forest-salv1.jpg","contentUrl":"https:\/\/tilk.bio\/wp-content\/uploads\/2021\/08\/forest-salv1.jpg","width":1200,"height":1200,"caption":"salv"},{"@type":"BreadcrumbList","@id":"https:\/\/tilk.bio\/fi\/verkkokauppa\/rauhoittava-kuusi-kookossalva\/#breadcrumb","itemListElement":[{"@type":"ListItem","position":1,"name":"Home","item":"https:\/\/tilk.bio\/fi\/"},{"@type":"ListItem","position":2,"name":"Verkkokauppa","item":"https:\/\/tilk.bio\/fi\/verkkokauppa\/"},{"@type":"ListItem","position":3,"name":"KUUSENPIHKASALVA"}]},{"@type":"WebSite","@id":"https:\/\/tilk.bio\/et\/#website","url":"https:\/\/tilk.bio\/et\/","name":"Tilk!","description":"Natural and sustainable skincare!","potentialAction":[{"@type":"SearchAction","target":{"@type":"EntryPoint","urlTemplate":"https:\/\/tilk.bio\/et\/?s={search_term_string}"},"query-input":{"@type":"PropertyValueSpecification","valueRequired":true,"valueName":"search_term_string"}}],"inLanguage":"fi"}]}},"_links":{"self":[{"href":"https:\/\/tilk.bio\/fi\/wp-json\/wp\/v2\/product\/57244","targetHints":{"allow":["GET"]}}],"collection":[{"href":"https:\/\/tilk.bio\/fi\/wp-json\/wp\/v2\/product"}],"about":[{"href":"https:\/\/tilk.bio\/fi\/wp-json\/wp\/v2\/types\/product"}],"replies":[{"embeddable":true,"href":"https:\/\/tilk.bio\/fi\/wp-json\/wp\/v2\/comments?post=57244"}],"wp:featuredmedia":[{"embeddable":true,"href":"https:\/\/tilk.bio\/fi\/wp-json\/wp\/v2\/media\/65055"}],"wp:attachment":[{"href":"https:\/\/tilk.bio\/fi\/wp-json\/wp\/v2\/media?parent=57244"}],"wp:term":[{"taxonomy":"product_brand","embeddable":true,"href":"https:\/\/tilk.bio\/fi\/wp-json\/wp\/v2\/product_brand?post=57244"},{"taxonomy":"product_cat","embeddable":true,"href":"https:\/\/tilk.bio\/fi\/wp-json\/wp\/v2\/product_cat?post=57244"},{"taxonomy":"product_tag","embeddable":true,"href":"https:\/\/tilk.bio\/fi\/wp-json\/wp\/v2\/product_tag?post=57244"}],"curies":[{"name":"wp","href":"https:\/\/api.w.org\/{rel}","templated":true}]}}