{"id":57251,"date":"2021-09-16T10:30:51","date_gmt":"2021-09-16T07:30:51","guid":{"rendered":"https:\/\/tilk.bio\/shop\/mustaa-valkosipulia-ja-katajaa-sisaltava-syvapuhdistava-kasvokuorinta-kaikille-ihotyypeille\/"},"modified":"2026-04-12T08:45:04","modified_gmt":"2026-04-12T05:45:04","slug":"mustaa-valkosipulia-ja-katajaa-sisaltava-syvapuhdistava-kasvokuorinta-kaikille-ihotyypeille","status":"publish","type":"product","link":"https:\/\/tilk.bio\/fi\/verkkokauppa\/mustaa-valkosipulia-ja-katajaa-sisaltava-syvapuhdistava-kasvokuorinta-kaikille-ihotyypeille\/","title":{"rendered":"Mustaa valkosipulia ja katajaa sis\u00e4lt\u00e4v\u00e4 syv\u00e4puhdistava kasvokuorinta kaikille ihotyypeille"},"content":{"rendered":"<p>Mustaa valkosipulia ja katajaa sis\u00e4lt\u00e4v\u00e4 hell\u00e4varainen kasvokuorinta syv\u00e4kosteuttaa ihoa ja edist\u00e4\u00e4 ihosolujen uudistumista. Kuorinta auttaa ehk\u00e4isem\u00e4\u00e4n ihon tukkeutumista ja puhdistamaan jo tukkeutuneita huokosia. Kuorinta poistaa kuolleen ihosolukon sek\u00e4 raikastaa ja kosteuttaa ihoa, lis\u00e4ksi sen sis\u00e4lt\u00e4m\u00e4t antioksidantit auttavat ihoa uudistumaan ja lievitt\u00e4v\u00e4t iho-ongelmia. Sopii sek\u00e4 normaalille ett\u00e4 ongelmaiholle.<\/p>\n<p>Mustan valkosipulin sis\u00e4lt\u00e4m\u00e4t antioksidantit tukevat ihon uudistumista ja suojaavat sit\u00e4 ulkoisilta rasituksilta. Kataja vaikuttaa tuotteessa maksimaalisesti niin hydrosolina, katajanmarjajauheena kuin eteerisen\u00e4 \u00f6ljyn\u00e4 ehk\u00e4isten tulehduksia, viilent\u00e4en, pehment\u00e4en ja raikastaen. Lis\u00e4ksi katajalla on antiseptinen ja verenkiertoa parantava vaikutus. Aprikoosinkivijauhe vilkastuttaa verenkiertoa ja auttaa poistamaan kuolleen ihosolukon. Kookos\u00f6ljy kosteuttaa, hoitaa, lis\u00e4\u00e4 ihon kimmoisuutta ja v\u00e4hent\u00e4\u00e4 iho\u00e4rsytyst\u00e4. Kuorinnan tuoksu on miellytt\u00e4v\u00e4n katajainen.<\/p>\n<p><strong>K\u00e4ytt\u00f6<\/strong>: Kasvokuorinnan luontaiset ainesosat ovat hell\u00e4varaisia, joten tuotetta voi k\u00e4ytt\u00e4\u00e4 tarpeen mukaan my\u00f6s useamman kerran viikossa. Levit\u00e4 kuorinta kosteille kasvoille, hiero kevyesti py\u00f6rivin liikkein ja huuhdo haalealla vedell\u00e4. Kuorinnan j\u00e4lkeen voit helli\u00e4 ihoa kosteuttavalla naamiolla \u2013 kokeile esimerkiksi <a href=\"https:\/\/tilk.bio\/fi\/verkkokauppa\/mustaa-valkosipulia-ja-salviaa-sisaltava-rauhoittava-kasvonaamio-rasvaiselle-ja-ongelmaiholle\/\">salviaa sis\u00e4lt\u00e4v\u00e4\u00e4 kasvonaamiotamme<\/a>.<\/p>\n<p>Tuotteen kaikki ainesosat ovat luontaista ja vegaanista alkuper\u00e4\u00e4. Yhdess\u00e4 TalTechin tutkijoiden kanssa valmistettu innovatiivinen ihonhoitotuote yhdist\u00e4\u00e4 korealaisten perinteiden mukaan fermentoidun virolaisen mustan valkosipulin ja nykytieteen tehden niist\u00e4 toimivaa luonnonkosmetiikkaa.<\/p>\n<p>S\u00e4ilytys huoneenl\u00e4mm\u00f6ss\u00e4.<\/p>\n<p>Koko: 10ml\/50ml<\/p>\n","protected":false},"excerpt":{"rendered":"<p>Mustaa valkosipulia ja katajaa sis\u00e4lt\u00e4v\u00e4 hell\u00e4varainen kasvokuorinta syv\u00e4kosteuttaa ihoa ja edist\u00e4\u00e4 ihosolujen uudistumista. Kuorinta auttaa ehk\u00e4isem\u00e4\u00e4n ihon tukkeutumista ja puhdistamaan jo tukkeutuneita huokosia. Kuorinta poistaa kuolleen ihosolukon sek\u00e4 raikastaa ja kosteuttaa ihoa, lis\u00e4ksi sen sis\u00e4lt\u00e4m\u00e4t antioksidantit auttavat ihoa uudistumaan ja lievitt\u00e4v\u00e4t iho-ongelmia. Sopii sek\u00e4 normaalille ett\u00e4 ongelmaiholle. Mustan valkosipulin sis\u00e4lt\u00e4m\u00e4t antioksidantit tukevat ihon uudistumista ja&#8230;<\/p>\n","protected":false},"featured_media":67233,"comment_status":"open","ping_status":"closed","template":"","meta":{"_acf_changed":false},"product_brand":[],"product_cat":[747,966,729,740,501,512,633,737,742,736],"product_tag":[],"class_list":{"0":"post-57251","1":"product","2":"type-product","3":"status-publish","4":"has-post-thumbnail","6":"product_cat-akne-ja-rasvainen-iho","7":"product_cat-clearance-sale-fi","8":"product_cat-herkka-iho","9":"product_cat-ikaantyva-iho","10":"product_cat-kaikki-tuotteet","11":"product_cat-kasvohoito","12":"product_cat-kasvokuorinta","13":"product_cat-kuiva-iho","14":"product_cat-normaali-ja-sekaiho","15":"product_cat-tilk-lab-fi","17":"first","18":"instock","19":"sale","20":"taxable","21":"shipping-taxable","22":"purchasable","23":"product-type-variable"},"acf":[],"yoast_head":"<!-- This site is optimized with the Yoast SEO plugin v27.3 - https:\/\/yoast.com\/product\/yoast-seo-wordpress\/ -->\n<title>Mustaa valkosipulia sis\u00e4lt\u00e4v\u00e4 syv\u00e4puhdistava kasvokuorinta<\/title>\n<meta name=\"description\" content=\"Mustaa valkosipulia ja katajaa sis\u00e4lt\u00e4v\u00e4 hell\u00e4varainen kasvokuorinta syv\u00e4kosteuttaa ihoa ja edist\u00e4\u00e4 ihosolujen uudistumista.\" \/>\n<meta name=\"robots\" content=\"index, follow, max-snippet:-1, max-image-preview:large, max-video-preview:-1\" \/>\n<link rel=\"canonical\" href=\"https:\/\/tilk.bio\/fi\/verkkokauppa\/mustaa-valkosipulia-ja-katajaa-sisaltava-syvapuhdistava-kasvokuorinta-kaikille-ihotyypeille\/\" \/>\n<meta property=\"og:locale\" content=\"fi_FI\" \/>\n<meta property=\"og:type\" content=\"article\" \/>\n<meta property=\"og:title\" content=\"Mustaa valkosipulia sis\u00e4lt\u00e4v\u00e4 syv\u00e4puhdistava kasvokuorinta\" \/>\n<meta property=\"og:description\" content=\"Mustaa valkosipulia ja katajaa sis\u00e4lt\u00e4v\u00e4 hell\u00e4varainen kasvokuorinta syv\u00e4kosteuttaa ihoa ja edist\u00e4\u00e4 ihosolujen uudistumista.\" \/>\n<meta property=\"og:url\" content=\"https:\/\/tilk.bio\/fi\/verkkokauppa\/mustaa-valkosipulia-ja-katajaa-sisaltava-syvapuhdistava-kasvokuorinta-kaikille-ihotyypeille\/\" \/>\n<meta property=\"og:site_name\" content=\"Tilk!\" \/>\n<meta property=\"article:publisher\" content=\"https:\/\/www.facebook.com\/tilk.bio\/\" \/>\n<meta property=\"article:modified_time\" content=\"2026-04-12T05:45:04+00:00\" \/>\n<meta property=\"og:image\" content=\"https:\/\/tilk.bio\/wp-content\/uploads\/2021\/09\/Untitled-design-57-1.jpg\" \/>\n\t<meta property=\"og:image:width\" content=\"1200\" \/>\n\t<meta property=\"og:image:height\" content=\"1200\" \/>\n\t<meta property=\"og:image:type\" content=\"image\/jpeg\" \/>\n<meta name=\"twitter:card\" content=\"summary_large_image\" \/>\n<meta name=\"twitter:label1\" content=\"Arvioitu lukuaika\" \/>\n\t<meta name=\"twitter:data1\" content=\"1 minuutti\" \/>\n<script type=\"application\/ld+json\" class=\"yoast-schema-graph\">{\"@context\":\"https:\\\/\\\/schema.org\",\"@graph\":[{\"@type\":\"WebPage\",\"@id\":\"https:\\\/\\\/tilk.bio\\\/fi\\\/verkkokauppa\\\/mustaa-valkosipulia-ja-katajaa-sisaltava-syvapuhdistava-kasvokuorinta-kaikille-ihotyypeille\\\/\",\"url\":\"https:\\\/\\\/tilk.bio\\\/fi\\\/verkkokauppa\\\/mustaa-valkosipulia-ja-katajaa-sisaltava-syvapuhdistava-kasvokuorinta-kaikille-ihotyypeille\\\/\",\"name\":\"Mustaa valkosipulia sis\u00e4lt\u00e4v\u00e4 syv\u00e4puhdistava kasvokuorinta\",\"isPartOf\":{\"@id\":\"https:\\\/\\\/tilk.bio\\\/et\\\/#website\"},\"primaryImageOfPage\":{\"@id\":\"https:\\\/\\\/tilk.bio\\\/fi\\\/verkkokauppa\\\/mustaa-valkosipulia-ja-katajaa-sisaltava-syvapuhdistava-kasvokuorinta-kaikille-ihotyypeille\\\/#primaryimage\"},\"image\":{\"@id\":\"https:\\\/\\\/tilk.bio\\\/fi\\\/verkkokauppa\\\/mustaa-valkosipulia-ja-katajaa-sisaltava-syvapuhdistava-kasvokuorinta-kaikille-ihotyypeille\\\/#primaryimage\"},\"thumbnailUrl\":\"https:\\\/\\\/tilk.bio\\\/wp-content\\\/uploads\\\/2021\\\/09\\\/Untitled-design-57-1.jpg\",\"datePublished\":\"2021-09-16T07:30:51+00:00\",\"dateModified\":\"2026-04-12T05:45:04+00:00\",\"description\":\"Mustaa valkosipulia ja katajaa sis\u00e4lt\u00e4v\u00e4 hell\u00e4varainen kasvokuorinta syv\u00e4kosteuttaa ihoa ja edist\u00e4\u00e4 ihosolujen uudistumista.\",\"breadcrumb\":{\"@id\":\"https:\\\/\\\/tilk.bio\\\/fi\\\/verkkokauppa\\\/mustaa-valkosipulia-ja-katajaa-sisaltava-syvapuhdistava-kasvokuorinta-kaikille-ihotyypeille\\\/#breadcrumb\"},\"inLanguage\":\"fi\",\"potentialAction\":[{\"@type\":\"ReadAction\",\"target\":[\"https:\\\/\\\/tilk.bio\\\/fi\\\/verkkokauppa\\\/mustaa-valkosipulia-ja-katajaa-sisaltava-syvapuhdistava-kasvokuorinta-kaikille-ihotyypeille\\\/\"]}]},{\"@type\":\"ImageObject\",\"inLanguage\":\"fi\",\"@id\":\"https:\\\/\\\/tilk.bio\\\/fi\\\/verkkokauppa\\\/mustaa-valkosipulia-ja-katajaa-sisaltava-syvapuhdistava-kasvokuorinta-kaikille-ihotyypeille\\\/#primaryimage\",\"url\":\"https:\\\/\\\/tilk.bio\\\/wp-content\\\/uploads\\\/2021\\\/09\\\/Untitled-design-57-1.jpg\",\"contentUrl\":\"https:\\\/\\\/tilk.bio\\\/wp-content\\\/uploads\\\/2021\\\/09\\\/Untitled-design-57-1.jpg\",\"width\":1200,\"height\":1200},{\"@type\":\"BreadcrumbList\",\"@id\":\"https:\\\/\\\/tilk.bio\\\/fi\\\/verkkokauppa\\\/mustaa-valkosipulia-ja-katajaa-sisaltava-syvapuhdistava-kasvokuorinta-kaikille-ihotyypeille\\\/#breadcrumb\",\"itemListElement\":[{\"@type\":\"ListItem\",\"position\":1,\"name\":\"Home\",\"item\":\"https:\\\/\\\/tilk.bio\\\/fi\\\/\"},{\"@type\":\"ListItem\",\"position\":2,\"name\":\"Verkkokauppa\",\"item\":\"https:\\\/\\\/tilk.bio\\\/fi\\\/verkkokauppa\\\/\"},{\"@type\":\"ListItem\",\"position\":3,\"name\":\"Mustaa valkosipulia ja katajaa sis\u00e4lt\u00e4v\u00e4 syv\u00e4puhdistava kasvokuorinta kaikille ihotyypeille\"}]},{\"@type\":\"WebSite\",\"@id\":\"https:\\\/\\\/tilk.bio\\\/et\\\/#website\",\"url\":\"https:\\\/\\\/tilk.bio\\\/et\\\/\",\"name\":\"Tilk!\",\"description\":\"Natural and sustainable skincare!\",\"potentialAction\":[{\"@type\":\"SearchAction\",\"target\":{\"@type\":\"EntryPoint\",\"urlTemplate\":\"https:\\\/\\\/tilk.bio\\\/et\\\/?s={search_term_string}\"},\"query-input\":{\"@type\":\"PropertyValueSpecification\",\"valueRequired\":true,\"valueName\":\"search_term_string\"}}],\"inLanguage\":\"fi\"}]}<\/script>\n<!-- \/ Yoast SEO plugin. -->","yoast_head_json":{"title":"Mustaa valkosipulia sis\u00e4lt\u00e4v\u00e4 syv\u00e4puhdistava kasvokuorinta","description":"Mustaa valkosipulia ja katajaa sis\u00e4lt\u00e4v\u00e4 hell\u00e4varainen kasvokuorinta syv\u00e4kosteuttaa ihoa ja edist\u00e4\u00e4 ihosolujen uudistumista.","robots":{"index":"index","follow":"follow","max-snippet":"max-snippet:-1","max-image-preview":"max-image-preview:large","max-video-preview":"max-video-preview:-1"},"canonical":"https:\/\/tilk.bio\/fi\/verkkokauppa\/mustaa-valkosipulia-ja-katajaa-sisaltava-syvapuhdistava-kasvokuorinta-kaikille-ihotyypeille\/","og_locale":"fi_FI","og_type":"article","og_title":"Mustaa valkosipulia sis\u00e4lt\u00e4v\u00e4 syv\u00e4puhdistava kasvokuorinta","og_description":"Mustaa valkosipulia ja katajaa sis\u00e4lt\u00e4v\u00e4 hell\u00e4varainen kasvokuorinta syv\u00e4kosteuttaa ihoa ja edist\u00e4\u00e4 ihosolujen uudistumista.","og_url":"https:\/\/tilk.bio\/fi\/verkkokauppa\/mustaa-valkosipulia-ja-katajaa-sisaltava-syvapuhdistava-kasvokuorinta-kaikille-ihotyypeille\/","og_site_name":"Tilk!","article_publisher":"https:\/\/www.facebook.com\/tilk.bio\/","article_modified_time":"2026-04-12T05:45:04+00:00","og_image":[{"width":1200,"height":1200,"url":"https:\/\/tilk.bio\/wp-content\/uploads\/2021\/09\/Untitled-design-57-1.jpg","type":"image\/jpeg"}],"twitter_card":"summary_large_image","twitter_misc":{"Arvioitu lukuaika":"1 minuutti"},"schema":{"@context":"https:\/\/schema.org","@graph":[{"@type":"WebPage","@id":"https:\/\/tilk.bio\/fi\/verkkokauppa\/mustaa-valkosipulia-ja-katajaa-sisaltava-syvapuhdistava-kasvokuorinta-kaikille-ihotyypeille\/","url":"https:\/\/tilk.bio\/fi\/verkkokauppa\/mustaa-valkosipulia-ja-katajaa-sisaltava-syvapuhdistava-kasvokuorinta-kaikille-ihotyypeille\/","name":"Mustaa valkosipulia sis\u00e4lt\u00e4v\u00e4 syv\u00e4puhdistava kasvokuorinta","isPartOf":{"@id":"https:\/\/tilk.bio\/et\/#website"},"primaryImageOfPage":{"@id":"https:\/\/tilk.bio\/fi\/verkkokauppa\/mustaa-valkosipulia-ja-katajaa-sisaltava-syvapuhdistava-kasvokuorinta-kaikille-ihotyypeille\/#primaryimage"},"image":{"@id":"https:\/\/tilk.bio\/fi\/verkkokauppa\/mustaa-valkosipulia-ja-katajaa-sisaltava-syvapuhdistava-kasvokuorinta-kaikille-ihotyypeille\/#primaryimage"},"thumbnailUrl":"https:\/\/tilk.bio\/wp-content\/uploads\/2021\/09\/Untitled-design-57-1.jpg","datePublished":"2021-09-16T07:30:51+00:00","dateModified":"2026-04-12T05:45:04+00:00","description":"Mustaa valkosipulia ja katajaa sis\u00e4lt\u00e4v\u00e4 hell\u00e4varainen kasvokuorinta syv\u00e4kosteuttaa ihoa ja edist\u00e4\u00e4 ihosolujen uudistumista.","breadcrumb":{"@id":"https:\/\/tilk.bio\/fi\/verkkokauppa\/mustaa-valkosipulia-ja-katajaa-sisaltava-syvapuhdistava-kasvokuorinta-kaikille-ihotyypeille\/#breadcrumb"},"inLanguage":"fi","potentialAction":[{"@type":"ReadAction","target":["https:\/\/tilk.bio\/fi\/verkkokauppa\/mustaa-valkosipulia-ja-katajaa-sisaltava-syvapuhdistava-kasvokuorinta-kaikille-ihotyypeille\/"]}]},{"@type":"ImageObject","inLanguage":"fi","@id":"https:\/\/tilk.bio\/fi\/verkkokauppa\/mustaa-valkosipulia-ja-katajaa-sisaltava-syvapuhdistava-kasvokuorinta-kaikille-ihotyypeille\/#primaryimage","url":"https:\/\/tilk.bio\/wp-content\/uploads\/2021\/09\/Untitled-design-57-1.jpg","contentUrl":"https:\/\/tilk.bio\/wp-content\/uploads\/2021\/09\/Untitled-design-57-1.jpg","width":1200,"height":1200},{"@type":"BreadcrumbList","@id":"https:\/\/tilk.bio\/fi\/verkkokauppa\/mustaa-valkosipulia-ja-katajaa-sisaltava-syvapuhdistava-kasvokuorinta-kaikille-ihotyypeille\/#breadcrumb","itemListElement":[{"@type":"ListItem","position":1,"name":"Home","item":"https:\/\/tilk.bio\/fi\/"},{"@type":"ListItem","position":2,"name":"Verkkokauppa","item":"https:\/\/tilk.bio\/fi\/verkkokauppa\/"},{"@type":"ListItem","position":3,"name":"Mustaa valkosipulia ja katajaa sis\u00e4lt\u00e4v\u00e4 syv\u00e4puhdistava kasvokuorinta kaikille ihotyypeille"}]},{"@type":"WebSite","@id":"https:\/\/tilk.bio\/et\/#website","url":"https:\/\/tilk.bio\/et\/","name":"Tilk!","description":"Natural and sustainable skincare!","potentialAction":[{"@type":"SearchAction","target":{"@type":"EntryPoint","urlTemplate":"https:\/\/tilk.bio\/et\/?s={search_term_string}"},"query-input":{"@type":"PropertyValueSpecification","valueRequired":true,"valueName":"search_term_string"}}],"inLanguage":"fi"}]}},"_links":{"self":[{"href":"https:\/\/tilk.bio\/fi\/wp-json\/wp\/v2\/product\/57251","targetHints":{"allow":["GET"]}}],"collection":[{"href":"https:\/\/tilk.bio\/fi\/wp-json\/wp\/v2\/product"}],"about":[{"href":"https:\/\/tilk.bio\/fi\/wp-json\/wp\/v2\/types\/product"}],"replies":[{"embeddable":true,"href":"https:\/\/tilk.bio\/fi\/wp-json\/wp\/v2\/comments?post=57251"}],"wp:featuredmedia":[{"embeddable":true,"href":"https:\/\/tilk.bio\/fi\/wp-json\/wp\/v2\/media\/67233"}],"wp:attachment":[{"href":"https:\/\/tilk.bio\/fi\/wp-json\/wp\/v2\/media?parent=57251"}],"wp:term":[{"taxonomy":"product_brand","embeddable":true,"href":"https:\/\/tilk.bio\/fi\/wp-json\/wp\/v2\/product_brand?post=57251"},{"taxonomy":"product_cat","embeddable":true,"href":"https:\/\/tilk.bio\/fi\/wp-json\/wp\/v2\/product_cat?post=57251"},{"taxonomy":"product_tag","embeddable":true,"href":"https:\/\/tilk.bio\/fi\/wp-json\/wp\/v2\/product_tag?post=57251"}],"curies":[{"name":"wp","href":"https:\/\/api.w.org\/{rel}","templated":true}]}}