{"id":57256,"date":"2021-09-16T10:30:31","date_gmt":"2021-09-16T07:30:31","guid":{"rendered":"https:\/\/tilk.bio\/shop\/mustaa-valkosipulia-ja-malvaa-sisaltava-kosteuttava-puhdistusvoide-kaikille-ihotyypeille\/"},"modified":"2026-04-07T18:15:06","modified_gmt":"2026-04-07T15:15:06","slug":"mustaa-valkosipulia-ja-malvaa-sisaltava-kosteuttava-puhdistusvoide-kaikille-ihotyypeille","status":"publish","type":"product","link":"https:\/\/tilk.bio\/fi\/verkkokauppa\/mustaa-valkosipulia-ja-malvaa-sisaltava-kosteuttava-puhdistusvoide-kaikille-ihotyypeille\/","title":{"rendered":"Mustaa valkosipulia ja malvaa sis\u00e4lt\u00e4v\u00e4 kosteuttava puhdistusvoide kaikille ihotyypeille"},"content":{"rendered":"<p>Mustaa valkosipulia ja malvaa sis\u00e4lt\u00e4v\u00e4 puhdistusvoide on ihon jokap\u00e4iv\u00e4inen puhdistaja. Kaikille ihotyypeille sopiva voide raikastaa ja puhdistaa sek\u00e4 tekee ihosta kosteutetun, ravitun ja hehkuvan.<\/p>\n<p>Antiseptinen ja antibakteerinen teepuu\u00f6ljy ehk\u00e4isee tulehduksia ja lievitt\u00e4\u00e4 iho-ongelmia. Musta valkosipuli ravitsee ihoa, edist\u00e4\u00e4 kollageenin tuotantoa ja suojaa ulkoisilta rasituksilta. Malva kosteuttaa ja vahvistaa, v\u00e4hent\u00e4\u00e4 UV-s\u00e4teilyn haittoja, tasoittaa pieni\u00e4 juonteita ja rauhoittaa \u00e4rtynytt\u00e4 ihoa. Risiini\u00f6ljyn sis\u00e4lt\u00e4m\u00e4 risiinihappo on erinomainen kosteuttaja ja puhdistaja, jonka vaikutusta kosteuttava kookos\u00f6ljy tehostaa.<\/p>\n<p><strong>K\u00e4ytt\u00f6:<\/strong> Levit\u00e4 pieni m\u00e4\u00e4r\u00e4 puhdistusvoidetta kasvoille ja kaulalle. Hiero kevyin ja py\u00f6rivin liikkein alhaalta yl\u00f6s ja kasvojen keskelt\u00e4 kohti korvia, jotta lymfanesteet liikkuvat oikeaan suuntaan. Huuhtele l\u00e4mpim\u00e4ll\u00e4 vedell\u00e4, k\u00e4yt\u00e4 tarvittaessa my\u00f6s meikinpoistolappua.<\/p>\n<p>Tuotteen kaikki ainesosat ovat luontaista ja vegaanista alkuper\u00e4\u00e4. Yhdess\u00e4 TalTechin tutkijoiden kanssa valmistettu innovatiivinen ihonhoitotuote yhdist\u00e4\u00e4 korealaisten perinteiden mukaan fermentoidun virolaisen mustan valkosipulin ja nykytieteen tehden niist\u00e4 toimivaa luonnonkosmetiikkaa.<\/p>\n<p>S\u00e4ilytys huoneenl\u00e4mm\u00f6ss\u00e4.<\/p>\n<p>Koko: 60ml<\/p>\n","protected":false},"excerpt":{"rendered":"<p>Mustaa valkosipulia ja malvaa sis\u00e4lt\u00e4v\u00e4 puhdistusvoide on ihon jokap\u00e4iv\u00e4inen puhdistaja. Kaikille ihotyypeille sopiva voide raikastaa ja puhdistaa sek\u00e4 tekee ihosta kosteutetun, ravitun ja hehkuvan. Antiseptinen ja antibakteerinen teepuu\u00f6ljy ehk\u00e4isee tulehduksia ja lievitt\u00e4\u00e4 iho-ongelmia. Musta valkosipuli ravitsee ihoa, edist\u00e4\u00e4 kollageenin tuotantoa ja suojaa ulkoisilta rasituksilta. Malva kosteuttaa ja vahvistaa, v\u00e4hent\u00e4\u00e4 UV-s\u00e4teilyn haittoja, tasoittaa pieni\u00e4 juonteita ja&#8230;<\/p>\n","protected":false},"featured_media":77082,"comment_status":"open","ping_status":"closed","template":"","meta":{"_acf_changed":false},"product_brand":[],"product_cat":[747,966,729,501,512,737,742,635,736],"product_tag":[],"class_list":{"0":"post-57256","1":"product","2":"type-product","3":"status-publish","4":"has-post-thumbnail","6":"product_cat-akne-ja-rasvainen-iho","7":"product_cat-clearance-sale-fi","8":"product_cat-herkka-iho","9":"product_cat-kaikki-tuotteet","10":"product_cat-kasvohoito","11":"product_cat-kuiva-iho","12":"product_cat-normaali-ja-sekaiho","13":"product_cat-puhdistajat","14":"product_cat-tilk-lab-fi","16":"first","17":"instock","18":"sale","19":"taxable","20":"shipping-taxable","21":"purchasable","22":"product-type-simple"},"acf":[],"yoast_head":"<!-- This site is optimized with the Yoast SEO plugin v27.4 - https:\/\/yoast.com\/product\/yoast-seo-wordpress\/ -->\n<title>Mustaa valkosipulia ja malvaa sis\u00e4lt\u00e4v\u00e4 kosteuttava puhdistusvoide kaikille ihotyypeille - Tilk!<\/title>\n<meta name=\"robots\" content=\"index, follow, max-snippet:-1, max-image-preview:large, max-video-preview:-1\" \/>\n<link rel=\"canonical\" href=\"https:\/\/tilk.bio\/fi\/verkkokauppa\/mustaa-valkosipulia-ja-malvaa-sisaltava-kosteuttava-puhdistusvoide-kaikille-ihotyypeille\/\" \/>\n<meta property=\"og:locale\" content=\"fi_FI\" \/>\n<meta property=\"og:type\" content=\"article\" \/>\n<meta property=\"og:title\" content=\"Mustaa valkosipulia ja malvaa sis\u00e4lt\u00e4v\u00e4 kosteuttava puhdistusvoide kaikille ihotyypeille - Tilk!\" \/>\n<meta property=\"og:description\" content=\"Mustaa valkosipulia ja malvaa sis\u00e4lt\u00e4v\u00e4 puhdistusvoide on ihon jokap\u00e4iv\u00e4inen puhdistaja. Kaikille ihotyypeille sopiva voide raikastaa ja puhdistaa sek\u00e4 tekee ihosta kosteutetun, ravitun ja hehkuvan. Antiseptinen ja antibakteerinen teepuu\u00f6ljy ehk\u00e4isee tulehduksia ja lievitt\u00e4\u00e4 iho-ongelmia. Musta valkosipuli ravitsee ihoa, edist\u00e4\u00e4 kollageenin tuotantoa ja suojaa ulkoisilta rasituksilta. Malva kosteuttaa ja vahvistaa, v\u00e4hent\u00e4\u00e4 UV-s\u00e4teilyn haittoja, tasoittaa pieni\u00e4 juonteita ja...\" \/>\n<meta property=\"og:url\" content=\"https:\/\/tilk.bio\/fi\/verkkokauppa\/mustaa-valkosipulia-ja-malvaa-sisaltava-kosteuttava-puhdistusvoide-kaikille-ihotyypeille\/\" \/>\n<meta property=\"og:site_name\" content=\"Tilk!\" \/>\n<meta property=\"article:publisher\" content=\"https:\/\/www.facebook.com\/tilk.bio\/\" \/>\n<meta property=\"article:modified_time\" content=\"2026-04-07T15:15:06+00:00\" \/>\n<meta property=\"og:image\" content=\"https:\/\/tilk.bio\/wp-content\/uploads\/2021\/09\/labpuhastuskreem.jpg\" \/>\n\t<meta property=\"og:image:width\" content=\"1200\" \/>\n\t<meta property=\"og:image:height\" content=\"1200\" \/>\n\t<meta property=\"og:image:type\" content=\"image\/jpeg\" \/>\n<meta name=\"twitter:card\" content=\"summary_large_image\" \/>\n<meta name=\"twitter:label1\" content=\"Arvioitu lukuaika\" \/>\n\t<meta name=\"twitter:data1\" content=\"1 minuutti\" \/>\n<script type=\"application\/ld+json\" class=\"yoast-schema-graph\">{\"@context\":\"https:\\\/\\\/schema.org\",\"@graph\":[{\"@type\":\"WebPage\",\"@id\":\"https:\\\/\\\/tilk.bio\\\/fi\\\/verkkokauppa\\\/mustaa-valkosipulia-ja-malvaa-sisaltava-kosteuttava-puhdistusvoide-kaikille-ihotyypeille\\\/\",\"url\":\"https:\\\/\\\/tilk.bio\\\/fi\\\/verkkokauppa\\\/mustaa-valkosipulia-ja-malvaa-sisaltava-kosteuttava-puhdistusvoide-kaikille-ihotyypeille\\\/\",\"name\":\"Mustaa valkosipulia ja malvaa sis\u00e4lt\u00e4v\u00e4 kosteuttava puhdistusvoide kaikille ihotyypeille - Tilk!\",\"isPartOf\":{\"@id\":\"https:\\\/\\\/tilk.bio\\\/et\\\/#website\"},\"primaryImageOfPage\":{\"@id\":\"https:\\\/\\\/tilk.bio\\\/fi\\\/verkkokauppa\\\/mustaa-valkosipulia-ja-malvaa-sisaltava-kosteuttava-puhdistusvoide-kaikille-ihotyypeille\\\/#primaryimage\"},\"image\":{\"@id\":\"https:\\\/\\\/tilk.bio\\\/fi\\\/verkkokauppa\\\/mustaa-valkosipulia-ja-malvaa-sisaltava-kosteuttava-puhdistusvoide-kaikille-ihotyypeille\\\/#primaryimage\"},\"thumbnailUrl\":\"https:\\\/\\\/tilk.bio\\\/wp-content\\\/uploads\\\/2021\\\/09\\\/E4R1026-ruut.jpg\",\"datePublished\":\"2021-09-16T07:30:31+00:00\",\"dateModified\":\"2026-04-07T15:15:06+00:00\",\"breadcrumb\":{\"@id\":\"https:\\\/\\\/tilk.bio\\\/fi\\\/verkkokauppa\\\/mustaa-valkosipulia-ja-malvaa-sisaltava-kosteuttava-puhdistusvoide-kaikille-ihotyypeille\\\/#breadcrumb\"},\"inLanguage\":\"fi\",\"potentialAction\":[{\"@type\":\"ReadAction\",\"target\":[\"https:\\\/\\\/tilk.bio\\\/fi\\\/verkkokauppa\\\/mustaa-valkosipulia-ja-malvaa-sisaltava-kosteuttava-puhdistusvoide-kaikille-ihotyypeille\\\/\"]}]},{\"@type\":\"ImageObject\",\"inLanguage\":\"fi\",\"@id\":\"https:\\\/\\\/tilk.bio\\\/fi\\\/verkkokauppa\\\/mustaa-valkosipulia-ja-malvaa-sisaltava-kosteuttava-puhdistusvoide-kaikille-ihotyypeille\\\/#primaryimage\",\"url\":\"https:\\\/\\\/tilk.bio\\\/wp-content\\\/uploads\\\/2021\\\/09\\\/E4R1026-ruut.jpg\",\"contentUrl\":\"https:\\\/\\\/tilk.bio\\\/wp-content\\\/uploads\\\/2021\\\/09\\\/E4R1026-ruut.jpg\",\"width\":2048,\"height\":2048},{\"@type\":\"BreadcrumbList\",\"@id\":\"https:\\\/\\\/tilk.bio\\\/fi\\\/verkkokauppa\\\/mustaa-valkosipulia-ja-malvaa-sisaltava-kosteuttava-puhdistusvoide-kaikille-ihotyypeille\\\/#breadcrumb\",\"itemListElement\":[{\"@type\":\"ListItem\",\"position\":1,\"name\":\"Home\",\"item\":\"https:\\\/\\\/tilk.bio\\\/fi\\\/\"},{\"@type\":\"ListItem\",\"position\":2,\"name\":\"Verkkokauppa\",\"item\":\"https:\\\/\\\/tilk.bio\\\/fi\\\/verkkokauppa\\\/\"},{\"@type\":\"ListItem\",\"position\":3,\"name\":\"Mustaa valkosipulia ja malvaa sis\u00e4lt\u00e4v\u00e4 kosteuttava puhdistusvoide kaikille ihotyypeille\"}]},{\"@type\":\"WebSite\",\"@id\":\"https:\\\/\\\/tilk.bio\\\/et\\\/#website\",\"url\":\"https:\\\/\\\/tilk.bio\\\/et\\\/\",\"name\":\"Tilk!\",\"description\":\"Natural and sustainable skincare!\",\"potentialAction\":[{\"@type\":\"SearchAction\",\"target\":{\"@type\":\"EntryPoint\",\"urlTemplate\":\"https:\\\/\\\/tilk.bio\\\/et\\\/?s={search_term_string}\"},\"query-input\":{\"@type\":\"PropertyValueSpecification\",\"valueRequired\":true,\"valueName\":\"search_term_string\"}}],\"inLanguage\":\"fi\"}]}<\/script>\n<!-- \/ Yoast SEO plugin. -->","yoast_head_json":{"title":"Mustaa valkosipulia ja malvaa sis\u00e4lt\u00e4v\u00e4 kosteuttava puhdistusvoide kaikille ihotyypeille - Tilk!","robots":{"index":"index","follow":"follow","max-snippet":"max-snippet:-1","max-image-preview":"max-image-preview:large","max-video-preview":"max-video-preview:-1"},"canonical":"https:\/\/tilk.bio\/fi\/verkkokauppa\/mustaa-valkosipulia-ja-malvaa-sisaltava-kosteuttava-puhdistusvoide-kaikille-ihotyypeille\/","og_locale":"fi_FI","og_type":"article","og_title":"Mustaa valkosipulia ja malvaa sis\u00e4lt\u00e4v\u00e4 kosteuttava puhdistusvoide kaikille ihotyypeille - Tilk!","og_description":"Mustaa valkosipulia ja malvaa sis\u00e4lt\u00e4v\u00e4 puhdistusvoide on ihon jokap\u00e4iv\u00e4inen puhdistaja. Kaikille ihotyypeille sopiva voide raikastaa ja puhdistaa sek\u00e4 tekee ihosta kosteutetun, ravitun ja hehkuvan. Antiseptinen ja antibakteerinen teepuu\u00f6ljy ehk\u00e4isee tulehduksia ja lievitt\u00e4\u00e4 iho-ongelmia. Musta valkosipuli ravitsee ihoa, edist\u00e4\u00e4 kollageenin tuotantoa ja suojaa ulkoisilta rasituksilta. Malva kosteuttaa ja vahvistaa, v\u00e4hent\u00e4\u00e4 UV-s\u00e4teilyn haittoja, tasoittaa pieni\u00e4 juonteita ja...","og_url":"https:\/\/tilk.bio\/fi\/verkkokauppa\/mustaa-valkosipulia-ja-malvaa-sisaltava-kosteuttava-puhdistusvoide-kaikille-ihotyypeille\/","og_site_name":"Tilk!","article_publisher":"https:\/\/www.facebook.com\/tilk.bio\/","article_modified_time":"2026-04-07T15:15:06+00:00","og_image":[{"width":1200,"height":1200,"url":"https:\/\/tilk.bio\/wp-content\/uploads\/2021\/09\/labpuhastuskreem.jpg","type":"image\/jpeg"}],"twitter_card":"summary_large_image","twitter_misc":{"Arvioitu lukuaika":"1 minuutti"},"schema":{"@context":"https:\/\/schema.org","@graph":[{"@type":"WebPage","@id":"https:\/\/tilk.bio\/fi\/verkkokauppa\/mustaa-valkosipulia-ja-malvaa-sisaltava-kosteuttava-puhdistusvoide-kaikille-ihotyypeille\/","url":"https:\/\/tilk.bio\/fi\/verkkokauppa\/mustaa-valkosipulia-ja-malvaa-sisaltava-kosteuttava-puhdistusvoide-kaikille-ihotyypeille\/","name":"Mustaa valkosipulia ja malvaa sis\u00e4lt\u00e4v\u00e4 kosteuttava puhdistusvoide kaikille ihotyypeille - Tilk!","isPartOf":{"@id":"https:\/\/tilk.bio\/et\/#website"},"primaryImageOfPage":{"@id":"https:\/\/tilk.bio\/fi\/verkkokauppa\/mustaa-valkosipulia-ja-malvaa-sisaltava-kosteuttava-puhdistusvoide-kaikille-ihotyypeille\/#primaryimage"},"image":{"@id":"https:\/\/tilk.bio\/fi\/verkkokauppa\/mustaa-valkosipulia-ja-malvaa-sisaltava-kosteuttava-puhdistusvoide-kaikille-ihotyypeille\/#primaryimage"},"thumbnailUrl":"https:\/\/tilk.bio\/wp-content\/uploads\/2021\/09\/E4R1026-ruut.jpg","datePublished":"2021-09-16T07:30:31+00:00","dateModified":"2026-04-07T15:15:06+00:00","breadcrumb":{"@id":"https:\/\/tilk.bio\/fi\/verkkokauppa\/mustaa-valkosipulia-ja-malvaa-sisaltava-kosteuttava-puhdistusvoide-kaikille-ihotyypeille\/#breadcrumb"},"inLanguage":"fi","potentialAction":[{"@type":"ReadAction","target":["https:\/\/tilk.bio\/fi\/verkkokauppa\/mustaa-valkosipulia-ja-malvaa-sisaltava-kosteuttava-puhdistusvoide-kaikille-ihotyypeille\/"]}]},{"@type":"ImageObject","inLanguage":"fi","@id":"https:\/\/tilk.bio\/fi\/verkkokauppa\/mustaa-valkosipulia-ja-malvaa-sisaltava-kosteuttava-puhdistusvoide-kaikille-ihotyypeille\/#primaryimage","url":"https:\/\/tilk.bio\/wp-content\/uploads\/2021\/09\/E4R1026-ruut.jpg","contentUrl":"https:\/\/tilk.bio\/wp-content\/uploads\/2021\/09\/E4R1026-ruut.jpg","width":2048,"height":2048},{"@type":"BreadcrumbList","@id":"https:\/\/tilk.bio\/fi\/verkkokauppa\/mustaa-valkosipulia-ja-malvaa-sisaltava-kosteuttava-puhdistusvoide-kaikille-ihotyypeille\/#breadcrumb","itemListElement":[{"@type":"ListItem","position":1,"name":"Home","item":"https:\/\/tilk.bio\/fi\/"},{"@type":"ListItem","position":2,"name":"Verkkokauppa","item":"https:\/\/tilk.bio\/fi\/verkkokauppa\/"},{"@type":"ListItem","position":3,"name":"Mustaa valkosipulia ja malvaa sis\u00e4lt\u00e4v\u00e4 kosteuttava puhdistusvoide kaikille ihotyypeille"}]},{"@type":"WebSite","@id":"https:\/\/tilk.bio\/et\/#website","url":"https:\/\/tilk.bio\/et\/","name":"Tilk!","description":"Natural and sustainable skincare!","potentialAction":[{"@type":"SearchAction","target":{"@type":"EntryPoint","urlTemplate":"https:\/\/tilk.bio\/et\/?s={search_term_string}"},"query-input":{"@type":"PropertyValueSpecification","valueRequired":true,"valueName":"search_term_string"}}],"inLanguage":"fi"}]}},"_links":{"self":[{"href":"https:\/\/tilk.bio\/fi\/wp-json\/wp\/v2\/product\/57256","targetHints":{"allow":["GET"]}}],"collection":[{"href":"https:\/\/tilk.bio\/fi\/wp-json\/wp\/v2\/product"}],"about":[{"href":"https:\/\/tilk.bio\/fi\/wp-json\/wp\/v2\/types\/product"}],"replies":[{"embeddable":true,"href":"https:\/\/tilk.bio\/fi\/wp-json\/wp\/v2\/comments?post=57256"}],"wp:featuredmedia":[{"embeddable":true,"href":"https:\/\/tilk.bio\/fi\/wp-json\/wp\/v2\/media\/77082"}],"wp:attachment":[{"href":"https:\/\/tilk.bio\/fi\/wp-json\/wp\/v2\/media?parent=57256"}],"wp:term":[{"taxonomy":"product_brand","embeddable":true,"href":"https:\/\/tilk.bio\/fi\/wp-json\/wp\/v2\/product_brand?post=57256"},{"taxonomy":"product_cat","embeddable":true,"href":"https:\/\/tilk.bio\/fi\/wp-json\/wp\/v2\/product_cat?post=57256"},{"taxonomy":"product_tag","embeddable":true,"href":"https:\/\/tilk.bio\/fi\/wp-json\/wp\/v2\/product_tag?post=57256"}],"curies":[{"name":"wp","href":"https:\/\/api.w.org\/{rel}","templated":true}]}}