{"id":57261,"date":"2021-09-16T10:30:00","date_gmt":"2021-09-16T07:30:00","guid":{"rendered":"https:\/\/tilk.bio\/shop\/rauhoittava-valkosipuli-kookossalva\/"},"modified":"2026-04-15T11:21:20","modified_gmt":"2026-04-15T08:21:20","slug":"rauhoittava-valkosipuli-kookossalva","status":"publish","type":"product","link":"https:\/\/tilk.bio\/fi\/verkkokauppa\/rauhoittava-valkosipuli-kookossalva\/","title":{"rendered":"Rauhoittava valkosipuli-kookossalva"},"content":{"rendered":"<p>Valkosipuli-kookossalva hoitaa, rauhoittaa ja kosteuttaa eritt\u00e4in kuivaa ihoa ja sen ongelmakohtia, kuten karheutta, psoriasista ja tulehduksia. K\u00e4yt\u00e4 paikallisesti siell\u00e4, miss\u00e4 iho kaipaa ensiapua.<\/p>\n<p>Salvan t\u00e4rkein ainesosa on musta valkosipuli, joka on sis\u00e4lt\u00e4miens\u00e4 antioksidanttien ansiosta tehokas iho-ongelmien hoitaja. Musta valkosipuli my\u00f6s auttaa ihoa uudistumaan ja suojaa sit\u00e4 ulkoisilta rasituksilta. Keh\u00e4kukka tasoittaa, pehment\u00e4\u00e4 ja vahvistaa ihoa, mink\u00e4 lis\u00e4ksi sill\u00e4 on tulehduksia ehk\u00e4isevi\u00e4 ja antibakteerisia ominaisuuksia. Se my\u00f6s rauhoittaa, puhdistaa ja hoitaa herkk\u00e4\u00e4, kuivaa ja kutiavaa ihoa. Keh\u00e4kukan sis\u00e4lt\u00e4m\u00e4t karotenoidit ehk\u00e4isev\u00e4t tulehduksia ja edesauttavat ihon pintahaavojen paranemista. Kookos\u00f6ljy ja sheavoi kosteuttavat ihoa, lis\u00e4\u00e4v\u00e4t sen kimmoisuutta ja v\u00e4hent\u00e4v\u00e4t iho\u00e4rsytyst\u00e4. Poimulehti puhdistaa ihoa, ravitsee ihosoluja, laskee turvotusta ja edesauttaa hormonaalista tasapainoa. My\u00f6s poimulehdess\u00e4 on runsaasti tulehdusta v\u00e4hent\u00e4vi\u00e4 ainesosia. Peltokorte parantaa ihoa sek\u00e4 puhdistaa ja supistaa ihohuokosia. Mehil\u00e4isvaha on voimakkaasti antibakteerinen, mink\u00e4 lis\u00e4ksi se suojaa, kosteuttaa ja rauhoittaa ihoa. Tuote ei sis\u00e4ll\u00e4 eteerisi\u00e4 \u00f6ljyj\u00e4, vaan sen mieto tuoksu on per\u00e4isin luonnollisista ainesosista.<\/p>\n<p><strong>K\u00e4ytt\u00f6:<\/strong> K\u00e4yt\u00e4 paikallisesti ongelma-alueilla.<\/p>\n<p>Tuotteen kaikki ainesosat ovat luontaista alkuper\u00e4\u00e4. Yhdess\u00e4 TalTechin tutkijoiden kanssa valmistettu innovatiivinen ihonhoitotuote yhdist\u00e4\u00e4 korealaisten perinteiden mukaan fermentoidun virolaisen mustan valkosipulin ja nykytieteen tehden niist\u00e4 toimivaa luonnonkosmetiikkaa.<\/p>\n<p>S\u00e4ilytys suoralta p\u00e4iv\u00e4nvalolta suojattuna alle 25 asteessa.<\/p>\n<p>Koko: 15ml<\/p>\n","protected":false},"excerpt":{"rendered":"<p>Valkosipuli-kookossalva hoitaa, rauhoittaa ja kosteuttaa eritt\u00e4in kuivaa ihoa ja sen ongelmakohtia, kuten karheutta, psoriasista ja tulehduksia. K\u00e4yt\u00e4 paikallisesti siell\u00e4, miss\u00e4 iho kaipaa ensiapua. Salvan t\u00e4rkein ainesosa on musta valkosipuli, joka on sis\u00e4lt\u00e4miens\u00e4 antioksidanttien ansiosta tehokas iho-ongelmien hoitaja. Musta valkosipuli my\u00f6s auttaa ihoa uudistumaan ja suojaa sit\u00e4 ulkoisilta rasituksilta. Keh\u00e4kukka tasoittaa, pehment\u00e4\u00e4 ja vahvistaa ihoa, mink\u00e4&#8230;<\/p>\n","protected":false},"featured_media":77069,"comment_status":"open","ping_status":"closed","template":"","meta":{"_acf_changed":false},"product_brand":[],"product_cat":[966,741,729,740,761,505,501,737,742,734,735,979,736,503],"product_tag":[],"class_list":{"0":"post-57261","1":"product","2":"type-product","3":"status-publish","4":"has-post-thumbnail","6":"product_cat-clearance-sale-fi","7":"product_cat-epatasainen-iho","8":"product_cat-herkka-iho","9":"product_cat-ikaantyva-iho","10":"product_cat-jalkojenhoito","11":"product_cat-kadet","12":"product_cat-kaikki-tuotteet","13":"product_cat-kuiva-iho","14":"product_cat-normaali-ja-sekaiho","15":"product_cat-salvat","16":"product_cat-salvat-fi","17":"product_cat-shea-butter","18":"product_cat-tilk-lab-fi","19":"product_cat-vartalo","21":"first","22":"instock","23":"sale","24":"taxable","25":"shipping-taxable","26":"purchasable","27":"product-type-simple"},"acf":[],"yoast_head":"<!-- This site is optimized with the Yoast SEO plugin v27.4 - https:\/\/yoast.com\/product\/yoast-seo-wordpress\/ -->\n<title>Rauhoittava valkosipuli-kookossalva - Tilk!<\/title>\n<meta name=\"robots\" content=\"index, follow, max-snippet:-1, max-image-preview:large, max-video-preview:-1\" \/>\n<link rel=\"canonical\" href=\"https:\/\/tilk.bio\/fi\/verkkokauppa\/rauhoittava-valkosipuli-kookossalva\/\" \/>\n<meta property=\"og:locale\" content=\"fi_FI\" \/>\n<meta property=\"og:type\" content=\"article\" \/>\n<meta property=\"og:title\" content=\"Rauhoittava valkosipuli-kookossalva - Tilk!\" \/>\n<meta property=\"og:description\" content=\"Valkosipuli-kookossalva hoitaa, rauhoittaa ja kosteuttaa eritt\u00e4in kuivaa ihoa ja sen ongelmakohtia, kuten karheutta, psoriasista ja tulehduksia. K\u00e4yt\u00e4 paikallisesti siell\u00e4, miss\u00e4 iho kaipaa ensiapua. Salvan t\u00e4rkein ainesosa on musta valkosipuli, joka on sis\u00e4lt\u00e4miens\u00e4 antioksidanttien ansiosta tehokas iho-ongelmien hoitaja. Musta valkosipuli my\u00f6s auttaa ihoa uudistumaan ja suojaa sit\u00e4 ulkoisilta rasituksilta. Keh\u00e4kukka tasoittaa, pehment\u00e4\u00e4 ja vahvistaa ihoa, mink\u00e4...\" \/>\n<meta property=\"og:url\" content=\"https:\/\/tilk.bio\/fi\/verkkokauppa\/rauhoittava-valkosipuli-kookossalva\/\" \/>\n<meta property=\"og:site_name\" content=\"Tilk!\" \/>\n<meta property=\"article:publisher\" content=\"https:\/\/www.facebook.com\/tilk.bio\/\" \/>\n<meta property=\"article:modified_time\" content=\"2026-04-15T08:21:20+00:00\" \/>\n<meta property=\"og:image\" content=\"https:\/\/tilk.bio\/wp-content\/uploads\/2021\/09\/3-1.jpg\" \/>\n\t<meta property=\"og:image:width\" content=\"1200\" \/>\n\t<meta property=\"og:image:height\" content=\"1200\" \/>\n\t<meta property=\"og:image:type\" content=\"image\/jpeg\" \/>\n<meta name=\"twitter:card\" content=\"summary_large_image\" \/>\n<meta name=\"twitter:label1\" content=\"Arvioitu lukuaika\" \/>\n\t<meta name=\"twitter:data1\" content=\"1 minuutti\" \/>\n<script type=\"application\/ld+json\" class=\"yoast-schema-graph\">{\"@context\":\"https:\\\/\\\/schema.org\",\"@graph\":[{\"@type\":\"WebPage\",\"@id\":\"https:\\\/\\\/tilk.bio\\\/fi\\\/verkkokauppa\\\/rauhoittava-valkosipuli-kookossalva\\\/\",\"url\":\"https:\\\/\\\/tilk.bio\\\/fi\\\/verkkokauppa\\\/rauhoittava-valkosipuli-kookossalva\\\/\",\"name\":\"Rauhoittava valkosipuli-kookossalva - Tilk!\",\"isPartOf\":{\"@id\":\"https:\\\/\\\/tilk.bio\\\/et\\\/#website\"},\"primaryImageOfPage\":{\"@id\":\"https:\\\/\\\/tilk.bio\\\/fi\\\/verkkokauppa\\\/rauhoittava-valkosipuli-kookossalva\\\/#primaryimage\"},\"image\":{\"@id\":\"https:\\\/\\\/tilk.bio\\\/fi\\\/verkkokauppa\\\/rauhoittava-valkosipuli-kookossalva\\\/#primaryimage\"},\"thumbnailUrl\":\"https:\\\/\\\/tilk.bio\\\/wp-content\\\/uploads\\\/2021\\\/09\\\/E4R1074-ruut.jpg\",\"datePublished\":\"2021-09-16T07:30:00+00:00\",\"dateModified\":\"2026-04-15T08:21:20+00:00\",\"breadcrumb\":{\"@id\":\"https:\\\/\\\/tilk.bio\\\/fi\\\/verkkokauppa\\\/rauhoittava-valkosipuli-kookossalva\\\/#breadcrumb\"},\"inLanguage\":\"fi\",\"potentialAction\":[{\"@type\":\"ReadAction\",\"target\":[\"https:\\\/\\\/tilk.bio\\\/fi\\\/verkkokauppa\\\/rauhoittava-valkosipuli-kookossalva\\\/\"]}]},{\"@type\":\"ImageObject\",\"inLanguage\":\"fi\",\"@id\":\"https:\\\/\\\/tilk.bio\\\/fi\\\/verkkokauppa\\\/rauhoittava-valkosipuli-kookossalva\\\/#primaryimage\",\"url\":\"https:\\\/\\\/tilk.bio\\\/wp-content\\\/uploads\\\/2021\\\/09\\\/E4R1074-ruut.jpg\",\"contentUrl\":\"https:\\\/\\\/tilk.bio\\\/wp-content\\\/uploads\\\/2021\\\/09\\\/E4R1074-ruut.jpg\",\"width\":2048,\"height\":2048,\"caption\":\"ointment\"},{\"@type\":\"BreadcrumbList\",\"@id\":\"https:\\\/\\\/tilk.bio\\\/fi\\\/verkkokauppa\\\/rauhoittava-valkosipuli-kookossalva\\\/#breadcrumb\",\"itemListElement\":[{\"@type\":\"ListItem\",\"position\":1,\"name\":\"Home\",\"item\":\"https:\\\/\\\/tilk.bio\\\/fi\\\/\"},{\"@type\":\"ListItem\",\"position\":2,\"name\":\"Verkkokauppa\",\"item\":\"https:\\\/\\\/tilk.bio\\\/fi\\\/verkkokauppa\\\/\"},{\"@type\":\"ListItem\",\"position\":3,\"name\":\"Rauhoittava valkosipuli-kookossalva\"}]},{\"@type\":\"WebSite\",\"@id\":\"https:\\\/\\\/tilk.bio\\\/et\\\/#website\",\"url\":\"https:\\\/\\\/tilk.bio\\\/et\\\/\",\"name\":\"Tilk!\",\"description\":\"Natural and sustainable skincare!\",\"potentialAction\":[{\"@type\":\"SearchAction\",\"target\":{\"@type\":\"EntryPoint\",\"urlTemplate\":\"https:\\\/\\\/tilk.bio\\\/et\\\/?s={search_term_string}\"},\"query-input\":{\"@type\":\"PropertyValueSpecification\",\"valueRequired\":true,\"valueName\":\"search_term_string\"}}],\"inLanguage\":\"fi\"}]}<\/script>\n<!-- \/ Yoast SEO plugin. -->","yoast_head_json":{"title":"Rauhoittava valkosipuli-kookossalva - Tilk!","robots":{"index":"index","follow":"follow","max-snippet":"max-snippet:-1","max-image-preview":"max-image-preview:large","max-video-preview":"max-video-preview:-1"},"canonical":"https:\/\/tilk.bio\/fi\/verkkokauppa\/rauhoittava-valkosipuli-kookossalva\/","og_locale":"fi_FI","og_type":"article","og_title":"Rauhoittava valkosipuli-kookossalva - Tilk!","og_description":"Valkosipuli-kookossalva hoitaa, rauhoittaa ja kosteuttaa eritt\u00e4in kuivaa ihoa ja sen ongelmakohtia, kuten karheutta, psoriasista ja tulehduksia. K\u00e4yt\u00e4 paikallisesti siell\u00e4, miss\u00e4 iho kaipaa ensiapua. Salvan t\u00e4rkein ainesosa on musta valkosipuli, joka on sis\u00e4lt\u00e4miens\u00e4 antioksidanttien ansiosta tehokas iho-ongelmien hoitaja. Musta valkosipuli my\u00f6s auttaa ihoa uudistumaan ja suojaa sit\u00e4 ulkoisilta rasituksilta. Keh\u00e4kukka tasoittaa, pehment\u00e4\u00e4 ja vahvistaa ihoa, mink\u00e4...","og_url":"https:\/\/tilk.bio\/fi\/verkkokauppa\/rauhoittava-valkosipuli-kookossalva\/","og_site_name":"Tilk!","article_publisher":"https:\/\/www.facebook.com\/tilk.bio\/","article_modified_time":"2026-04-15T08:21:20+00:00","og_image":[{"width":1200,"height":1200,"url":"https:\/\/tilk.bio\/wp-content\/uploads\/2021\/09\/3-1.jpg","type":"image\/jpeg"}],"twitter_card":"summary_large_image","twitter_misc":{"Arvioitu lukuaika":"1 minuutti"},"schema":{"@context":"https:\/\/schema.org","@graph":[{"@type":"WebPage","@id":"https:\/\/tilk.bio\/fi\/verkkokauppa\/rauhoittava-valkosipuli-kookossalva\/","url":"https:\/\/tilk.bio\/fi\/verkkokauppa\/rauhoittava-valkosipuli-kookossalva\/","name":"Rauhoittava valkosipuli-kookossalva - Tilk!","isPartOf":{"@id":"https:\/\/tilk.bio\/et\/#website"},"primaryImageOfPage":{"@id":"https:\/\/tilk.bio\/fi\/verkkokauppa\/rauhoittava-valkosipuli-kookossalva\/#primaryimage"},"image":{"@id":"https:\/\/tilk.bio\/fi\/verkkokauppa\/rauhoittava-valkosipuli-kookossalva\/#primaryimage"},"thumbnailUrl":"https:\/\/tilk.bio\/wp-content\/uploads\/2021\/09\/E4R1074-ruut.jpg","datePublished":"2021-09-16T07:30:00+00:00","dateModified":"2026-04-15T08:21:20+00:00","breadcrumb":{"@id":"https:\/\/tilk.bio\/fi\/verkkokauppa\/rauhoittava-valkosipuli-kookossalva\/#breadcrumb"},"inLanguage":"fi","potentialAction":[{"@type":"ReadAction","target":["https:\/\/tilk.bio\/fi\/verkkokauppa\/rauhoittava-valkosipuli-kookossalva\/"]}]},{"@type":"ImageObject","inLanguage":"fi","@id":"https:\/\/tilk.bio\/fi\/verkkokauppa\/rauhoittava-valkosipuli-kookossalva\/#primaryimage","url":"https:\/\/tilk.bio\/wp-content\/uploads\/2021\/09\/E4R1074-ruut.jpg","contentUrl":"https:\/\/tilk.bio\/wp-content\/uploads\/2021\/09\/E4R1074-ruut.jpg","width":2048,"height":2048,"caption":"ointment"},{"@type":"BreadcrumbList","@id":"https:\/\/tilk.bio\/fi\/verkkokauppa\/rauhoittava-valkosipuli-kookossalva\/#breadcrumb","itemListElement":[{"@type":"ListItem","position":1,"name":"Home","item":"https:\/\/tilk.bio\/fi\/"},{"@type":"ListItem","position":2,"name":"Verkkokauppa","item":"https:\/\/tilk.bio\/fi\/verkkokauppa\/"},{"@type":"ListItem","position":3,"name":"Rauhoittava valkosipuli-kookossalva"}]},{"@type":"WebSite","@id":"https:\/\/tilk.bio\/et\/#website","url":"https:\/\/tilk.bio\/et\/","name":"Tilk!","description":"Natural and sustainable skincare!","potentialAction":[{"@type":"SearchAction","target":{"@type":"EntryPoint","urlTemplate":"https:\/\/tilk.bio\/et\/?s={search_term_string}"},"query-input":{"@type":"PropertyValueSpecification","valueRequired":true,"valueName":"search_term_string"}}],"inLanguage":"fi"}]}},"_links":{"self":[{"href":"https:\/\/tilk.bio\/fi\/wp-json\/wp\/v2\/product\/57261","targetHints":{"allow":["GET"]}}],"collection":[{"href":"https:\/\/tilk.bio\/fi\/wp-json\/wp\/v2\/product"}],"about":[{"href":"https:\/\/tilk.bio\/fi\/wp-json\/wp\/v2\/types\/product"}],"replies":[{"embeddable":true,"href":"https:\/\/tilk.bio\/fi\/wp-json\/wp\/v2\/comments?post=57261"}],"wp:featuredmedia":[{"embeddable":true,"href":"https:\/\/tilk.bio\/fi\/wp-json\/wp\/v2\/media\/77069"}],"wp:attachment":[{"href":"https:\/\/tilk.bio\/fi\/wp-json\/wp\/v2\/media?parent=57261"}],"wp:term":[{"taxonomy":"product_brand","embeddable":true,"href":"https:\/\/tilk.bio\/fi\/wp-json\/wp\/v2\/product_brand?post=57261"},{"taxonomy":"product_cat","embeddable":true,"href":"https:\/\/tilk.bio\/fi\/wp-json\/wp\/v2\/product_cat?post=57261"},{"taxonomy":"product_tag","embeddable":true,"href":"https:\/\/tilk.bio\/fi\/wp-json\/wp\/v2\/product_tag?post=57261"}],"curies":[{"name":"wp","href":"https:\/\/api.w.org\/{rel}","templated":true}]}}