{"id":57265,"date":"2021-09-16T10:36:02","date_gmt":"2021-09-16T07:36:02","guid":{"rendered":"https:\/\/tilk.bio\/shop\/mustaa-valkosipulia-ja-tyrnia-sisaltava-anti-age-kasvoseerumi\/"},"modified":"2026-04-09T05:15:08","modified_gmt":"2026-04-09T02:15:08","slug":"mustaa-valkosipulia-ja-tyrnia-sisaltava-anti-age-kasvoseerumi","status":"publish","type":"product","link":"https:\/\/tilk.bio\/fi\/verkkokauppa\/mustaa-valkosipulia-ja-tyrnia-sisaltava-anti-age-kasvoseerumi\/","title":{"rendered":"Mustaa valkosipulia ja tyrni\u00e4 sis\u00e4lt\u00e4v\u00e4 anti-age -kasvoseerumi"},"content":{"rendered":"<p>Mustaa valkosipulia ja tyrni\u00e4 sis\u00e4lt\u00e4v\u00e4 kasvoseerumi kosteuttaa, ravitsee, raikastaa ja hillitsee ihon ik\u00e4\u00e4ntymist\u00e4. Seerumin sis\u00e4lt\u00e4m\u00e4t antioksidantit h\u00e4ivytt\u00e4v\u00e4t ik\u00e4\u00e4ntymisen merkkej\u00e4, uudistavat ihoa ja suojaavat sit\u00e4 ulkoisilta rasituksilta. Seerumi sis\u00e4lt\u00e4\u00e4 my\u00f6s runsaasti ihoa ravitsevia ja kosteuttavia vitamiineja ja \u00f6ljyj\u00e4.<\/p>\n<p>Musta valkosipuli on voimakas antioksidantti, jonka fenolisten yhdisteiden m\u00e4\u00e4r\u00e4 kasvaa erityisen fermentointiprosessin ansiosta. Fenoliset yhdisteet ovat t\u00e4rkeit\u00e4 antioksidantteja, jotka taistelevat vapaita radikaaleja vastaan ja auttavat siten hidastamaan ihon ennenaikaista ik\u00e4\u00e4ntymist\u00e4. Mustan valkosipulin vaikuttavat ainesosat my\u00f6s uudistavat ihoa ja suojaavat sit\u00e4 ulkoisilta rasituksilta. Ravinteikas ja E-vitamiinipitoinen vehn\u00e4nalkio\u00f6ljy syv\u00e4kosteuttaa ihoa ja hillitsee sen ik\u00e4\u00e4ntymist\u00e4. Luonnollisen aurinkosuojansa ansiosta \u00f6ljy my\u00f6s v\u00e4hent\u00e4\u00e4 iho\u00e4rsytyst\u00e4. Kookos\u00f6ljy kosteuttaa ja pehment\u00e4\u00e4 ihoa tehokkaasti, lis\u00e4ksi hamppu\u00f6ljyn rasvahapot ravitsevat ja kosteuttavat kuivaa ja herkk\u00e4\u00e4 ihoa. Seerumin sis\u00e4lt\u00e4m\u00e4 tyrni\u00f6ljy ravitsee ihoa C-, E-, K- ja P-vitamiineilla tehden siit\u00e4 silkinpehme\u00e4n. Runsas E-vitamiini hidastaa ihon ik\u00e4\u00e4ntymist\u00e4 edist\u00e4m\u00e4ll\u00e4 ihosolujen uudistumista ja auttamalla taistelussa vapaita radikaaleja vastaan.<\/p>\n<p><strong>K\u00e4ytt\u00f6:<\/strong> Levit\u00e4 seerumia otsaan ja poskille kasvojen puhdistuksen j\u00e4lkeen. Hiero kevyesti kaikkialle kasvoihin, kunnes seerumi on imeytynyt. K\u00e4yt\u00e4 aamuin ja\/tai illoin kasvovoiteen sijaan. Mik\u00e4li ihosi kaipaa enemm\u00e4n kosteutusta, lis\u00e4\u00e4 seerumin j\u00e4lkeen <a href=\"https:\/\/tilk.bio\/fi\/tuote-osasto\/ihonhoito\/kasvovoiteet\/\">kasvovoide<\/a>.<\/p>\n<p>Tuotteen kaikki ainesosat ovat luontaista ja vegaanista alkuper\u00e4\u00e4. Yhdess\u00e4 TalTechin tutkijoiden kanssa valmistettu innovatiivinen ihonhoitotuote yhdist\u00e4\u00e4 korealaisten perinteiden mukaan fermentoidun virolaisen mustan valkosipulin ja nykytieteen tehden niist\u00e4 toimivaa luonnonkosmetiikkaa.<\/p>\n<p>S\u00e4ilytys huoneenl\u00e4mm\u00f6ss\u00e4 suoralta p\u00e4iv\u00e4nvalolta suojattuna.<\/p>\n<p>Koko: 15ml<\/p>\n","protected":false},"excerpt":{"rendered":"<p>Mustaa valkosipulia ja tyrni\u00e4 sis\u00e4lt\u00e4v\u00e4 kasvoseerumi kosteuttaa, ravitsee, raikastaa ja hillitsee ihon ik\u00e4\u00e4ntymist\u00e4. Seerumin sis\u00e4lt\u00e4m\u00e4t antioksidantit h\u00e4ivytt\u00e4v\u00e4t ik\u00e4\u00e4ntymisen merkkej\u00e4, uudistavat ihoa ja suojaavat sit\u00e4 ulkoisilta rasituksilta. Seerumi sis\u00e4lt\u00e4\u00e4 my\u00f6s runsaasti ihoa ravitsevia ja kosteuttavia vitamiineja ja \u00f6ljyj\u00e4. Musta valkosipuli on voimakas antioksidantti, jonka fenolisten yhdisteiden m\u00e4\u00e4r\u00e4 kasvaa erityisen fermentointiprosessin ansiosta. Fenoliset yhdisteet ovat t\u00e4rkeit\u00e4 antioksidantteja,&#8230;<\/p>\n","protected":false},"featured_media":77061,"comment_status":"open","ping_status":"closed","template":"","meta":{"_acf_changed":false},"product_brand":[],"product_cat":[729,740,501,512,632,737,502,736],"product_tag":[],"class_list":{"0":"post-57265","1":"product","2":"type-product","3":"status-publish","4":"has-post-thumbnail","6":"product_cat-herkka-iho","7":"product_cat-ikaantyva-iho","8":"product_cat-kaikki-tuotteet","9":"product_cat-kasvohoito","10":"product_cat-kasvooljyt-seerumit","11":"product_cat-kuiva-iho","12":"product_cat-myydyimmat","13":"product_cat-tilk-lab-fi","15":"first","16":"instock","17":"taxable","18":"shipping-taxable","19":"purchasable","20":"product-type-simple"},"acf":[],"yoast_head":"<!-- This site is optimized with the Yoast SEO plugin v27.3 - https:\/\/yoast.com\/product\/yoast-seo-wordpress\/ -->\n<title>Mustaa valkosipulia ja tyrni\u00e4 sis\u00e4lt\u00e4v\u00e4 anti-age -kasvoseerumi - Tilk!<\/title>\n<meta name=\"robots\" content=\"index, follow, max-snippet:-1, max-image-preview:large, max-video-preview:-1\" \/>\n<link rel=\"canonical\" href=\"https:\/\/tilk.bio\/fi\/verkkokauppa\/mustaa-valkosipulia-ja-tyrnia-sisaltava-anti-age-kasvoseerumi\/\" \/>\n<meta property=\"og:locale\" content=\"fi_FI\" \/>\n<meta property=\"og:type\" content=\"article\" \/>\n<meta property=\"og:title\" content=\"Mustaa valkosipulia ja tyrni\u00e4 sis\u00e4lt\u00e4v\u00e4 anti-age -kasvoseerumi - Tilk!\" \/>\n<meta property=\"og:description\" content=\"Mustaa valkosipulia ja tyrni\u00e4 sis\u00e4lt\u00e4v\u00e4 kasvoseerumi kosteuttaa, ravitsee, raikastaa ja hillitsee ihon ik\u00e4\u00e4ntymist\u00e4. Seerumin sis\u00e4lt\u00e4m\u00e4t antioksidantit h\u00e4ivytt\u00e4v\u00e4t ik\u00e4\u00e4ntymisen merkkej\u00e4, uudistavat ihoa ja suojaavat sit\u00e4 ulkoisilta rasituksilta. Seerumi sis\u00e4lt\u00e4\u00e4 my\u00f6s runsaasti ihoa ravitsevia ja kosteuttavia vitamiineja ja \u00f6ljyj\u00e4. Musta valkosipuli on voimakas antioksidantti, jonka fenolisten yhdisteiden m\u00e4\u00e4r\u00e4 kasvaa erityisen fermentointiprosessin ansiosta. Fenoliset yhdisteet ovat t\u00e4rkeit\u00e4 antioksidantteja,...\" \/>\n<meta property=\"og:url\" content=\"https:\/\/tilk.bio\/fi\/verkkokauppa\/mustaa-valkosipulia-ja-tyrnia-sisaltava-anti-age-kasvoseerumi\/\" \/>\n<meta property=\"og:site_name\" content=\"Tilk!\" \/>\n<meta property=\"article:publisher\" content=\"https:\/\/www.facebook.com\/tilk.bio\/\" \/>\n<meta property=\"article:modified_time\" content=\"2026-04-09T02:15:08+00:00\" \/>\n<meta property=\"og:image\" content=\"https:\/\/tilk.bio\/wp-content\/uploads\/2021\/09\/Untitled-design-8.jpg\" \/>\n\t<meta property=\"og:image:width\" content=\"1200\" \/>\n\t<meta property=\"og:image:height\" content=\"1200\" \/>\n\t<meta property=\"og:image:type\" content=\"image\/jpeg\" \/>\n<meta name=\"twitter:card\" content=\"summary_large_image\" \/>\n<meta name=\"twitter:label1\" content=\"Arvioitu lukuaika\" \/>\n\t<meta name=\"twitter:data1\" content=\"1 minuutti\" \/>\n<script type=\"application\/ld+json\" class=\"yoast-schema-graph\">{\"@context\":\"https:\\\/\\\/schema.org\",\"@graph\":[{\"@type\":\"WebPage\",\"@id\":\"https:\\\/\\\/tilk.bio\\\/fi\\\/verkkokauppa\\\/mustaa-valkosipulia-ja-tyrnia-sisaltava-anti-age-kasvoseerumi\\\/\",\"url\":\"https:\\\/\\\/tilk.bio\\\/fi\\\/verkkokauppa\\\/mustaa-valkosipulia-ja-tyrnia-sisaltava-anti-age-kasvoseerumi\\\/\",\"name\":\"Mustaa valkosipulia ja tyrni\u00e4 sis\u00e4lt\u00e4v\u00e4 anti-age -kasvoseerumi - Tilk!\",\"isPartOf\":{\"@id\":\"https:\\\/\\\/tilk.bio\\\/et\\\/#website\"},\"primaryImageOfPage\":{\"@id\":\"https:\\\/\\\/tilk.bio\\\/fi\\\/verkkokauppa\\\/mustaa-valkosipulia-ja-tyrnia-sisaltava-anti-age-kasvoseerumi\\\/#primaryimage\"},\"image\":{\"@id\":\"https:\\\/\\\/tilk.bio\\\/fi\\\/verkkokauppa\\\/mustaa-valkosipulia-ja-tyrnia-sisaltava-anti-age-kasvoseerumi\\\/#primaryimage\"},\"thumbnailUrl\":\"https:\\\/\\\/tilk.bio\\\/wp-content\\\/uploads\\\/2021\\\/09\\\/Untitled-design-3.jpg\",\"datePublished\":\"2021-09-16T07:36:02+00:00\",\"dateModified\":\"2026-04-09T02:15:08+00:00\",\"breadcrumb\":{\"@id\":\"https:\\\/\\\/tilk.bio\\\/fi\\\/verkkokauppa\\\/mustaa-valkosipulia-ja-tyrnia-sisaltava-anti-age-kasvoseerumi\\\/#breadcrumb\"},\"inLanguage\":\"fi\",\"potentialAction\":[{\"@type\":\"ReadAction\",\"target\":[\"https:\\\/\\\/tilk.bio\\\/fi\\\/verkkokauppa\\\/mustaa-valkosipulia-ja-tyrnia-sisaltava-anti-age-kasvoseerumi\\\/\"]}]},{\"@type\":\"ImageObject\",\"inLanguage\":\"fi\",\"@id\":\"https:\\\/\\\/tilk.bio\\\/fi\\\/verkkokauppa\\\/mustaa-valkosipulia-ja-tyrnia-sisaltava-anti-age-kasvoseerumi\\\/#primaryimage\",\"url\":\"https:\\\/\\\/tilk.bio\\\/wp-content\\\/uploads\\\/2021\\\/09\\\/Untitled-design-3.jpg\",\"contentUrl\":\"https:\\\/\\\/tilk.bio\\\/wp-content\\\/uploads\\\/2021\\\/09\\\/Untitled-design-3.jpg\",\"width\":1200,\"height\":1200},{\"@type\":\"BreadcrumbList\",\"@id\":\"https:\\\/\\\/tilk.bio\\\/fi\\\/verkkokauppa\\\/mustaa-valkosipulia-ja-tyrnia-sisaltava-anti-age-kasvoseerumi\\\/#breadcrumb\",\"itemListElement\":[{\"@type\":\"ListItem\",\"position\":1,\"name\":\"Home\",\"item\":\"https:\\\/\\\/tilk.bio\\\/fi\\\/\"},{\"@type\":\"ListItem\",\"position\":2,\"name\":\"Verkkokauppa\",\"item\":\"https:\\\/\\\/tilk.bio\\\/fi\\\/verkkokauppa\\\/\"},{\"@type\":\"ListItem\",\"position\":3,\"name\":\"Mustaa valkosipulia ja tyrni\u00e4 sis\u00e4lt\u00e4v\u00e4 anti-age -kasvoseerumi\"}]},{\"@type\":\"WebSite\",\"@id\":\"https:\\\/\\\/tilk.bio\\\/et\\\/#website\",\"url\":\"https:\\\/\\\/tilk.bio\\\/et\\\/\",\"name\":\"Tilk!\",\"description\":\"Natural and sustainable skincare!\",\"potentialAction\":[{\"@type\":\"SearchAction\",\"target\":{\"@type\":\"EntryPoint\",\"urlTemplate\":\"https:\\\/\\\/tilk.bio\\\/et\\\/?s={search_term_string}\"},\"query-input\":{\"@type\":\"PropertyValueSpecification\",\"valueRequired\":true,\"valueName\":\"search_term_string\"}}],\"inLanguage\":\"fi\"}]}<\/script>\n<!-- \/ Yoast SEO plugin. -->","yoast_head_json":{"title":"Mustaa valkosipulia ja tyrni\u00e4 sis\u00e4lt\u00e4v\u00e4 anti-age -kasvoseerumi - Tilk!","robots":{"index":"index","follow":"follow","max-snippet":"max-snippet:-1","max-image-preview":"max-image-preview:large","max-video-preview":"max-video-preview:-1"},"canonical":"https:\/\/tilk.bio\/fi\/verkkokauppa\/mustaa-valkosipulia-ja-tyrnia-sisaltava-anti-age-kasvoseerumi\/","og_locale":"fi_FI","og_type":"article","og_title":"Mustaa valkosipulia ja tyrni\u00e4 sis\u00e4lt\u00e4v\u00e4 anti-age -kasvoseerumi - Tilk!","og_description":"Mustaa valkosipulia ja tyrni\u00e4 sis\u00e4lt\u00e4v\u00e4 kasvoseerumi kosteuttaa, ravitsee, raikastaa ja hillitsee ihon ik\u00e4\u00e4ntymist\u00e4. Seerumin sis\u00e4lt\u00e4m\u00e4t antioksidantit h\u00e4ivytt\u00e4v\u00e4t ik\u00e4\u00e4ntymisen merkkej\u00e4, uudistavat ihoa ja suojaavat sit\u00e4 ulkoisilta rasituksilta. Seerumi sis\u00e4lt\u00e4\u00e4 my\u00f6s runsaasti ihoa ravitsevia ja kosteuttavia vitamiineja ja \u00f6ljyj\u00e4. Musta valkosipuli on voimakas antioksidantti, jonka fenolisten yhdisteiden m\u00e4\u00e4r\u00e4 kasvaa erityisen fermentointiprosessin ansiosta. Fenoliset yhdisteet ovat t\u00e4rkeit\u00e4 antioksidantteja,...","og_url":"https:\/\/tilk.bio\/fi\/verkkokauppa\/mustaa-valkosipulia-ja-tyrnia-sisaltava-anti-age-kasvoseerumi\/","og_site_name":"Tilk!","article_publisher":"https:\/\/www.facebook.com\/tilk.bio\/","article_modified_time":"2026-04-09T02:15:08+00:00","og_image":[{"width":1200,"height":1200,"url":"https:\/\/tilk.bio\/wp-content\/uploads\/2021\/09\/Untitled-design-8.jpg","type":"image\/jpeg"}],"twitter_card":"summary_large_image","twitter_misc":{"Arvioitu lukuaika":"1 minuutti"},"schema":{"@context":"https:\/\/schema.org","@graph":[{"@type":"WebPage","@id":"https:\/\/tilk.bio\/fi\/verkkokauppa\/mustaa-valkosipulia-ja-tyrnia-sisaltava-anti-age-kasvoseerumi\/","url":"https:\/\/tilk.bio\/fi\/verkkokauppa\/mustaa-valkosipulia-ja-tyrnia-sisaltava-anti-age-kasvoseerumi\/","name":"Mustaa valkosipulia ja tyrni\u00e4 sis\u00e4lt\u00e4v\u00e4 anti-age -kasvoseerumi - Tilk!","isPartOf":{"@id":"https:\/\/tilk.bio\/et\/#website"},"primaryImageOfPage":{"@id":"https:\/\/tilk.bio\/fi\/verkkokauppa\/mustaa-valkosipulia-ja-tyrnia-sisaltava-anti-age-kasvoseerumi\/#primaryimage"},"image":{"@id":"https:\/\/tilk.bio\/fi\/verkkokauppa\/mustaa-valkosipulia-ja-tyrnia-sisaltava-anti-age-kasvoseerumi\/#primaryimage"},"thumbnailUrl":"https:\/\/tilk.bio\/wp-content\/uploads\/2021\/09\/Untitled-design-3.jpg","datePublished":"2021-09-16T07:36:02+00:00","dateModified":"2026-04-09T02:15:08+00:00","breadcrumb":{"@id":"https:\/\/tilk.bio\/fi\/verkkokauppa\/mustaa-valkosipulia-ja-tyrnia-sisaltava-anti-age-kasvoseerumi\/#breadcrumb"},"inLanguage":"fi","potentialAction":[{"@type":"ReadAction","target":["https:\/\/tilk.bio\/fi\/verkkokauppa\/mustaa-valkosipulia-ja-tyrnia-sisaltava-anti-age-kasvoseerumi\/"]}]},{"@type":"ImageObject","inLanguage":"fi","@id":"https:\/\/tilk.bio\/fi\/verkkokauppa\/mustaa-valkosipulia-ja-tyrnia-sisaltava-anti-age-kasvoseerumi\/#primaryimage","url":"https:\/\/tilk.bio\/wp-content\/uploads\/2021\/09\/Untitled-design-3.jpg","contentUrl":"https:\/\/tilk.bio\/wp-content\/uploads\/2021\/09\/Untitled-design-3.jpg","width":1200,"height":1200},{"@type":"BreadcrumbList","@id":"https:\/\/tilk.bio\/fi\/verkkokauppa\/mustaa-valkosipulia-ja-tyrnia-sisaltava-anti-age-kasvoseerumi\/#breadcrumb","itemListElement":[{"@type":"ListItem","position":1,"name":"Home","item":"https:\/\/tilk.bio\/fi\/"},{"@type":"ListItem","position":2,"name":"Verkkokauppa","item":"https:\/\/tilk.bio\/fi\/verkkokauppa\/"},{"@type":"ListItem","position":3,"name":"Mustaa valkosipulia ja tyrni\u00e4 sis\u00e4lt\u00e4v\u00e4 anti-age -kasvoseerumi"}]},{"@type":"WebSite","@id":"https:\/\/tilk.bio\/et\/#website","url":"https:\/\/tilk.bio\/et\/","name":"Tilk!","description":"Natural and sustainable skincare!","potentialAction":[{"@type":"SearchAction","target":{"@type":"EntryPoint","urlTemplate":"https:\/\/tilk.bio\/et\/?s={search_term_string}"},"query-input":{"@type":"PropertyValueSpecification","valueRequired":true,"valueName":"search_term_string"}}],"inLanguage":"fi"}]}},"_links":{"self":[{"href":"https:\/\/tilk.bio\/fi\/wp-json\/wp\/v2\/product\/57265","targetHints":{"allow":["GET"]}}],"collection":[{"href":"https:\/\/tilk.bio\/fi\/wp-json\/wp\/v2\/product"}],"about":[{"href":"https:\/\/tilk.bio\/fi\/wp-json\/wp\/v2\/types\/product"}],"replies":[{"embeddable":true,"href":"https:\/\/tilk.bio\/fi\/wp-json\/wp\/v2\/comments?post=57265"}],"wp:featuredmedia":[{"embeddable":true,"href":"https:\/\/tilk.bio\/fi\/wp-json\/wp\/v2\/media\/77061"}],"wp:attachment":[{"href":"https:\/\/tilk.bio\/fi\/wp-json\/wp\/v2\/media?parent=57265"}],"wp:term":[{"taxonomy":"product_brand","embeddable":true,"href":"https:\/\/tilk.bio\/fi\/wp-json\/wp\/v2\/product_brand?post=57265"},{"taxonomy":"product_cat","embeddable":true,"href":"https:\/\/tilk.bio\/fi\/wp-json\/wp\/v2\/product_cat?post=57265"},{"taxonomy":"product_tag","embeddable":true,"href":"https:\/\/tilk.bio\/fi\/wp-json\/wp\/v2\/product_tag?post=57265"}],"curies":[{"name":"wp","href":"https:\/\/api.w.org\/{rel}","templated":true}]}}