{"id":57266,"date":"2021-10-31T10:42:06","date_gmt":"2021-10-31T08:42:06","guid":{"rendered":"https:\/\/tilk.bio\/shop\/kurkumaa-ja-b5-vitamiinia-sisaltava-kosteuttava-kasvovesi\/"},"modified":"2026-04-14T16:45:26","modified_gmt":"2026-04-14T13:45:26","slug":"kurkumaa-ja-b5-vitamiinia-sisaltava-kosteuttava-kasvovesi","status":"publish","type":"product","link":"https:\/\/tilk.bio\/fi\/verkkokauppa\/kurkumaa-ja-b5-vitamiinia-sisaltava-kosteuttava-kasvovesi\/","title":{"rendered":"Kurkumaa ja B5-vitamiinia sis\u00e4lt\u00e4v\u00e4 kosteuttava kasvovesi"},"content":{"rendered":"<p>Kurkumaa ja B5-vitamiinia sis\u00e4lt\u00e4v\u00e4 kosteuttava <a href=\"https:\/\/tilk.bio\/fi\/tuote-ryhm%C3%A4\/ihonhoito\/kasvovedet\/\">kasvovesi<\/a> sis\u00e4lt\u00e4\u00e4 runsaasti antioksidantteja, mik\u00e4 tekee siit\u00e4 ihanteellisen anti-age -tuotteen. Sis\u00e4lt\u00e4m\u00e4ns\u00e4 kamomillan ansiosta kasvovesi on ihanteellinen ihon rauhoittaja ja uudistaja. Sopii erinomaisesti my\u00f6s ensimm\u00e4isi\u00e4 ik\u00e4\u00e4ntymisen merkkej\u00e4 osoittavan ihon hoitorutiiniin.<\/p>\n<p>Kamomillan sis\u00e4lt\u00e4m\u00e4 kamatsuleeni auttaa lievitt\u00e4m\u00e4\u00e4n tulehduksia ja kuivuutta sek\u00e4 korjaamaan vahingoittuneita kudoksia. Se my\u00f6s pehment\u00e4\u00e4 ja uudistaa ihoa sek\u00e4 hoitaa kutinaa, mustap\u00e4it\u00e4 ja aknea. Kurkuman sis\u00e4lt\u00e4m\u00e4 kurkumiini on vahvojen antioksidanttisten ominaisuuksiensa ansiosta erinomainen ase ihon ik\u00e4\u00e4ntymist\u00e4 vastaan. Kurkumalla on my\u00f6s tulehduksia ehk\u00e4isevi\u00e4 ja antibakteerisia ominaisuuksia, mink\u00e4 lis\u00e4ksi se osallistuu kollageenin tuotantoon \u2013 kaikki t\u00e4m\u00e4 tekee siit\u00e4 paitsi erinomaisen ik\u00e4\u00e4ntymisen hidastajan, my\u00f6s ihon tehokkaan parantajan, uudistajan ja rauhoittajan. B5-vitamiini syv\u00e4kosteuttaa, uudistaa ja rauhoittaa ihoa. Lis\u00e4ksi se auttaa ihoa pysym\u00e4\u00e4n kosteana, suojaa sit\u00e4 ja edesauttaa sen luonnollista toipumista. Kasvovesi puhdistaa ja raikastaa ihoa sek\u00e4 tasapainottaa sen pH-arvoa.<\/p>\n<p><strong>K\u00e4ytt\u00f6:<\/strong> Puhdista iho kasvoveteen kostutetulla pumpulilla tai uudelleenk\u00e4ytett\u00e4v\u00e4ll\u00e4 puhdistuslapulla. Kasvovett\u00e4 voi my\u00f6s suihkuttaa iholle puhdistuksen j\u00e4lkeen ennen kasvovoiteen levitt\u00e4mist\u00e4.<\/p>\n<p>Tuotteen kaikki ainesosat ovat luontaista ja vegaanista alkuper\u00e4\u00e4. Yhdess\u00e4 TalTechin tutkijoiden kanssa valmistettu innovatiivinen ihonhoitotuote yhdist\u00e4\u00e4 luonnon ainesosat ja nykytieteen tehden niist\u00e4 toimivaa luonnonkosmetiikkaa.<\/p>\n<p>S\u00e4ilytys huoneenl\u00e4mm\u00f6ss\u00e4.<\/p>\n<p>Koko: 60ml<\/p>\n","protected":false},"excerpt":{"rendered":"<p>Kurkumaa ja B5-vitamiinia sis\u00e4lt\u00e4v\u00e4 kosteuttava kasvovesi sis\u00e4lt\u00e4\u00e4 runsaasti antioksidantteja, mik\u00e4 tekee siit\u00e4 ihanteellisen anti-age -tuotteen. Sis\u00e4lt\u00e4m\u00e4ns\u00e4 kamomillan ansiosta kasvovesi on ihanteellinen ihon rauhoittaja ja uudistaja. Sopii erinomaisesti my\u00f6s ensimm\u00e4isi\u00e4 ik\u00e4\u00e4ntymisen merkkej\u00e4 osoittavan ihon hoitorutiiniin. Kamomillan sis\u00e4lt\u00e4m\u00e4 kamatsuleeni auttaa lievitt\u00e4m\u00e4\u00e4n tulehduksia ja kuivuutta sek\u00e4 korjaamaan vahingoittuneita kudoksia. Se my\u00f6s pehment\u00e4\u00e4 ja uudistaa ihoa sek\u00e4 hoitaa kutinaa,&#8230;<\/p>\n","protected":false},"featured_media":76916,"comment_status":"open","ping_status":"closed","template":"","meta":{"_acf_changed":false},"product_brand":[],"product_cat":[966,741,729,740,501,512,755,737,742,736],"product_tag":[],"class_list":{"0":"post-57266","1":"product","2":"type-product","3":"status-publish","4":"has-post-thumbnail","6":"product_cat-clearance-sale-fi","7":"product_cat-epatasainen-iho","8":"product_cat-herkka-iho","9":"product_cat-ikaantyva-iho","10":"product_cat-kaikki-tuotteet","11":"product_cat-kasvohoito","12":"product_cat-kasvovedet","13":"product_cat-kuiva-iho","14":"product_cat-normaali-ja-sekaiho","15":"product_cat-tilk-lab-fi","17":"first","18":"instock","19":"taxable","20":"shipping-taxable","21":"purchasable","22":"product-type-variable"},"acf":[],"yoast_head":"<!-- This site is optimized with the Yoast SEO plugin v27.4 - https:\/\/yoast.com\/product\/yoast-seo-wordpress\/ -->\n<title>Kurkumaa ja B5-vitamiinia sis\u00e4lt\u00e4v\u00e4 kosteuttava kasvovesi - Tilk!<\/title>\n<meta name=\"description\" content=\"Kurkumaa ja B5-vitamiinia sis\u00e4lt\u00e4v\u00e4 kosteuttava kasvovesi sis\u00e4lt\u00e4\u00e4 runsaasti antioksidantteja, mik\u00e4 tekee siit\u00e4 ihanteellisen anti-age -tuotteen.\" \/>\n<meta name=\"robots\" content=\"index, follow, max-snippet:-1, max-image-preview:large, max-video-preview:-1\" \/>\n<link rel=\"canonical\" href=\"https:\/\/tilk.bio\/fi\/verkkokauppa\/kurkumaa-ja-b5-vitamiinia-sisaltava-kosteuttava-kasvovesi\/\" \/>\n<meta property=\"og:locale\" content=\"fi_FI\" \/>\n<meta property=\"og:type\" content=\"article\" \/>\n<meta property=\"og:title\" content=\"Kurkumaa ja B5-vitamiinia sis\u00e4lt\u00e4v\u00e4 kosteuttava kasvovesi - Tilk!\" \/>\n<meta property=\"og:description\" content=\"Kurkumaa ja B5-vitamiinia sis\u00e4lt\u00e4v\u00e4 kosteuttava kasvovesi sis\u00e4lt\u00e4\u00e4 runsaasti antioksidantteja, mik\u00e4 tekee siit\u00e4 ihanteellisen anti-age -tuotteen.\" \/>\n<meta property=\"og:url\" content=\"https:\/\/tilk.bio\/fi\/verkkokauppa\/kurkumaa-ja-b5-vitamiinia-sisaltava-kosteuttava-kasvovesi\/\" \/>\n<meta property=\"og:site_name\" content=\"Tilk!\" \/>\n<meta property=\"article:publisher\" content=\"https:\/\/www.facebook.com\/tilk.bio\/\" \/>\n<meta property=\"article:modified_time\" content=\"2026-04-14T13:45:26+00:00\" \/>\n<meta property=\"og:image\" content=\"https:\/\/tilk.bio\/wp-content\/uploads\/2021\/10\/labtoonik-1.jpg\" \/>\n\t<meta property=\"og:image:width\" content=\"1200\" \/>\n\t<meta property=\"og:image:height\" content=\"1200\" \/>\n\t<meta property=\"og:image:type\" content=\"image\/jpeg\" \/>\n<meta name=\"twitter:card\" content=\"summary_large_image\" \/>\n<meta name=\"twitter:label1\" content=\"Arvioitu lukuaika\" \/>\n\t<meta name=\"twitter:data1\" content=\"1 minuutti\" \/>\n<script type=\"application\/ld+json\" class=\"yoast-schema-graph\">{\"@context\":\"https:\\\/\\\/schema.org\",\"@graph\":[{\"@type\":\"WebPage\",\"@id\":\"https:\\\/\\\/tilk.bio\\\/fi\\\/verkkokauppa\\\/kurkumaa-ja-b5-vitamiinia-sisaltava-kosteuttava-kasvovesi\\\/\",\"url\":\"https:\\\/\\\/tilk.bio\\\/fi\\\/verkkokauppa\\\/kurkumaa-ja-b5-vitamiinia-sisaltava-kosteuttava-kasvovesi\\\/\",\"name\":\"Kurkumaa ja B5-vitamiinia sis\u00e4lt\u00e4v\u00e4 kosteuttava kasvovesi - Tilk!\",\"isPartOf\":{\"@id\":\"https:\\\/\\\/tilk.bio\\\/et\\\/#website\"},\"primaryImageOfPage\":{\"@id\":\"https:\\\/\\\/tilk.bio\\\/fi\\\/verkkokauppa\\\/kurkumaa-ja-b5-vitamiinia-sisaltava-kosteuttava-kasvovesi\\\/#primaryimage\"},\"image\":{\"@id\":\"https:\\\/\\\/tilk.bio\\\/fi\\\/verkkokauppa\\\/kurkumaa-ja-b5-vitamiinia-sisaltava-kosteuttava-kasvovesi\\\/#primaryimage\"},\"thumbnailUrl\":\"https:\\\/\\\/tilk.bio\\\/wp-content\\\/uploads\\\/2021\\\/10\\\/E4R0961-ruut.jpg\",\"datePublished\":\"2021-10-31T08:42:06+00:00\",\"dateModified\":\"2026-04-14T13:45:26+00:00\",\"description\":\"Kurkumaa ja B5-vitamiinia sis\u00e4lt\u00e4v\u00e4 kosteuttava kasvovesi sis\u00e4lt\u00e4\u00e4 runsaasti antioksidantteja, mik\u00e4 tekee siit\u00e4 ihanteellisen anti-age -tuotteen.\",\"breadcrumb\":{\"@id\":\"https:\\\/\\\/tilk.bio\\\/fi\\\/verkkokauppa\\\/kurkumaa-ja-b5-vitamiinia-sisaltava-kosteuttava-kasvovesi\\\/#breadcrumb\"},\"inLanguage\":\"fi\",\"potentialAction\":[{\"@type\":\"ReadAction\",\"target\":[\"https:\\\/\\\/tilk.bio\\\/fi\\\/verkkokauppa\\\/kurkumaa-ja-b5-vitamiinia-sisaltava-kosteuttava-kasvovesi\\\/\"]}]},{\"@type\":\"ImageObject\",\"inLanguage\":\"fi\",\"@id\":\"https:\\\/\\\/tilk.bio\\\/fi\\\/verkkokauppa\\\/kurkumaa-ja-b5-vitamiinia-sisaltava-kosteuttava-kasvovesi\\\/#primaryimage\",\"url\":\"https:\\\/\\\/tilk.bio\\\/wp-content\\\/uploads\\\/2021\\\/10\\\/E4R0961-ruut.jpg\",\"contentUrl\":\"https:\\\/\\\/tilk.bio\\\/wp-content\\\/uploads\\\/2021\\\/10\\\/E4R0961-ruut.jpg\",\"width\":2048,\"height\":2048},{\"@type\":\"BreadcrumbList\",\"@id\":\"https:\\\/\\\/tilk.bio\\\/fi\\\/verkkokauppa\\\/kurkumaa-ja-b5-vitamiinia-sisaltava-kosteuttava-kasvovesi\\\/#breadcrumb\",\"itemListElement\":[{\"@type\":\"ListItem\",\"position\":1,\"name\":\"Home\",\"item\":\"https:\\\/\\\/tilk.bio\\\/fi\\\/\"},{\"@type\":\"ListItem\",\"position\":2,\"name\":\"Verkkokauppa\",\"item\":\"https:\\\/\\\/tilk.bio\\\/fi\\\/verkkokauppa\\\/\"},{\"@type\":\"ListItem\",\"position\":3,\"name\":\"Kurkumaa ja B5-vitamiinia sis\u00e4lt\u00e4v\u00e4 kosteuttava kasvovesi\"}]},{\"@type\":\"WebSite\",\"@id\":\"https:\\\/\\\/tilk.bio\\\/et\\\/#website\",\"url\":\"https:\\\/\\\/tilk.bio\\\/et\\\/\",\"name\":\"Tilk!\",\"description\":\"Natural and sustainable skincare!\",\"potentialAction\":[{\"@type\":\"SearchAction\",\"target\":{\"@type\":\"EntryPoint\",\"urlTemplate\":\"https:\\\/\\\/tilk.bio\\\/et\\\/?s={search_term_string}\"},\"query-input\":{\"@type\":\"PropertyValueSpecification\",\"valueRequired\":true,\"valueName\":\"search_term_string\"}}],\"inLanguage\":\"fi\"}]}<\/script>\n<!-- \/ Yoast SEO plugin. -->","yoast_head_json":{"title":"Kurkumaa ja B5-vitamiinia sis\u00e4lt\u00e4v\u00e4 kosteuttava kasvovesi - Tilk!","description":"Kurkumaa ja B5-vitamiinia sis\u00e4lt\u00e4v\u00e4 kosteuttava kasvovesi sis\u00e4lt\u00e4\u00e4 runsaasti antioksidantteja, mik\u00e4 tekee siit\u00e4 ihanteellisen anti-age -tuotteen.","robots":{"index":"index","follow":"follow","max-snippet":"max-snippet:-1","max-image-preview":"max-image-preview:large","max-video-preview":"max-video-preview:-1"},"canonical":"https:\/\/tilk.bio\/fi\/verkkokauppa\/kurkumaa-ja-b5-vitamiinia-sisaltava-kosteuttava-kasvovesi\/","og_locale":"fi_FI","og_type":"article","og_title":"Kurkumaa ja B5-vitamiinia sis\u00e4lt\u00e4v\u00e4 kosteuttava kasvovesi - Tilk!","og_description":"Kurkumaa ja B5-vitamiinia sis\u00e4lt\u00e4v\u00e4 kosteuttava kasvovesi sis\u00e4lt\u00e4\u00e4 runsaasti antioksidantteja, mik\u00e4 tekee siit\u00e4 ihanteellisen anti-age -tuotteen.","og_url":"https:\/\/tilk.bio\/fi\/verkkokauppa\/kurkumaa-ja-b5-vitamiinia-sisaltava-kosteuttava-kasvovesi\/","og_site_name":"Tilk!","article_publisher":"https:\/\/www.facebook.com\/tilk.bio\/","article_modified_time":"2026-04-14T13:45:26+00:00","og_image":[{"width":1200,"height":1200,"url":"https:\/\/tilk.bio\/wp-content\/uploads\/2021\/10\/labtoonik-1.jpg","type":"image\/jpeg"}],"twitter_card":"summary_large_image","twitter_misc":{"Arvioitu lukuaika":"1 minuutti"},"schema":{"@context":"https:\/\/schema.org","@graph":[{"@type":"WebPage","@id":"https:\/\/tilk.bio\/fi\/verkkokauppa\/kurkumaa-ja-b5-vitamiinia-sisaltava-kosteuttava-kasvovesi\/","url":"https:\/\/tilk.bio\/fi\/verkkokauppa\/kurkumaa-ja-b5-vitamiinia-sisaltava-kosteuttava-kasvovesi\/","name":"Kurkumaa ja B5-vitamiinia sis\u00e4lt\u00e4v\u00e4 kosteuttava kasvovesi - Tilk!","isPartOf":{"@id":"https:\/\/tilk.bio\/et\/#website"},"primaryImageOfPage":{"@id":"https:\/\/tilk.bio\/fi\/verkkokauppa\/kurkumaa-ja-b5-vitamiinia-sisaltava-kosteuttava-kasvovesi\/#primaryimage"},"image":{"@id":"https:\/\/tilk.bio\/fi\/verkkokauppa\/kurkumaa-ja-b5-vitamiinia-sisaltava-kosteuttava-kasvovesi\/#primaryimage"},"thumbnailUrl":"https:\/\/tilk.bio\/wp-content\/uploads\/2021\/10\/E4R0961-ruut.jpg","datePublished":"2021-10-31T08:42:06+00:00","dateModified":"2026-04-14T13:45:26+00:00","description":"Kurkumaa ja B5-vitamiinia sis\u00e4lt\u00e4v\u00e4 kosteuttava kasvovesi sis\u00e4lt\u00e4\u00e4 runsaasti antioksidantteja, mik\u00e4 tekee siit\u00e4 ihanteellisen anti-age -tuotteen.","breadcrumb":{"@id":"https:\/\/tilk.bio\/fi\/verkkokauppa\/kurkumaa-ja-b5-vitamiinia-sisaltava-kosteuttava-kasvovesi\/#breadcrumb"},"inLanguage":"fi","potentialAction":[{"@type":"ReadAction","target":["https:\/\/tilk.bio\/fi\/verkkokauppa\/kurkumaa-ja-b5-vitamiinia-sisaltava-kosteuttava-kasvovesi\/"]}]},{"@type":"ImageObject","inLanguage":"fi","@id":"https:\/\/tilk.bio\/fi\/verkkokauppa\/kurkumaa-ja-b5-vitamiinia-sisaltava-kosteuttava-kasvovesi\/#primaryimage","url":"https:\/\/tilk.bio\/wp-content\/uploads\/2021\/10\/E4R0961-ruut.jpg","contentUrl":"https:\/\/tilk.bio\/wp-content\/uploads\/2021\/10\/E4R0961-ruut.jpg","width":2048,"height":2048},{"@type":"BreadcrumbList","@id":"https:\/\/tilk.bio\/fi\/verkkokauppa\/kurkumaa-ja-b5-vitamiinia-sisaltava-kosteuttava-kasvovesi\/#breadcrumb","itemListElement":[{"@type":"ListItem","position":1,"name":"Home","item":"https:\/\/tilk.bio\/fi\/"},{"@type":"ListItem","position":2,"name":"Verkkokauppa","item":"https:\/\/tilk.bio\/fi\/verkkokauppa\/"},{"@type":"ListItem","position":3,"name":"Kurkumaa ja B5-vitamiinia sis\u00e4lt\u00e4v\u00e4 kosteuttava kasvovesi"}]},{"@type":"WebSite","@id":"https:\/\/tilk.bio\/et\/#website","url":"https:\/\/tilk.bio\/et\/","name":"Tilk!","description":"Natural and sustainable skincare!","potentialAction":[{"@type":"SearchAction","target":{"@type":"EntryPoint","urlTemplate":"https:\/\/tilk.bio\/et\/?s={search_term_string}"},"query-input":{"@type":"PropertyValueSpecification","valueRequired":true,"valueName":"search_term_string"}}],"inLanguage":"fi"}]}},"_links":{"self":[{"href":"https:\/\/tilk.bio\/fi\/wp-json\/wp\/v2\/product\/57266","targetHints":{"allow":["GET"]}}],"collection":[{"href":"https:\/\/tilk.bio\/fi\/wp-json\/wp\/v2\/product"}],"about":[{"href":"https:\/\/tilk.bio\/fi\/wp-json\/wp\/v2\/types\/product"}],"replies":[{"embeddable":true,"href":"https:\/\/tilk.bio\/fi\/wp-json\/wp\/v2\/comments?post=57266"}],"wp:featuredmedia":[{"embeddable":true,"href":"https:\/\/tilk.bio\/fi\/wp-json\/wp\/v2\/media\/76916"}],"wp:attachment":[{"href":"https:\/\/tilk.bio\/fi\/wp-json\/wp\/v2\/media?parent=57266"}],"wp:term":[{"taxonomy":"product_brand","embeddable":true,"href":"https:\/\/tilk.bio\/fi\/wp-json\/wp\/v2\/product_brand?post=57266"},{"taxonomy":"product_cat","embeddable":true,"href":"https:\/\/tilk.bio\/fi\/wp-json\/wp\/v2\/product_cat?post=57266"},{"taxonomy":"product_tag","embeddable":true,"href":"https:\/\/tilk.bio\/fi\/wp-json\/wp\/v2\/product_tag?post=57266"}],"curies":[{"name":"wp","href":"https:\/\/api.w.org\/{rel}","templated":true}]}}