{"id":57271,"date":"2021-09-16T10:30:51","date_gmt":"2021-09-16T07:30:51","guid":{"rendered":"https:\/\/tilk.bio\/shop\/mustaa-valkosipulia-ja-salviaa-sisaltava-rauhoittava-kasvovoide-rasvaiselle-ja-ongelmaiholle\/"},"modified":"2026-04-09T10:00:09","modified_gmt":"2026-04-09T07:00:09","slug":"mustaa-valkosipulia-ja-salviaa-sisaltava-rauhoittava-kasvovoide-rasvaiselle-ja-ongelmaiholle","status":"publish","type":"product","link":"https:\/\/tilk.bio\/fi\/verkkokauppa\/mustaa-valkosipulia-ja-salviaa-sisaltava-rauhoittava-kasvovoide-rasvaiselle-ja-ongelmaiholle\/","title":{"rendered":"Mustaa valkosipulia ja salviaa sis\u00e4lt\u00e4v\u00e4 kosteuttava kasvovoide sekaiholle"},"content":{"rendered":"<p>Mustaa valkosipulia ja salviaa sis\u00e4lt\u00e4v\u00e4 kosteuttava kasvovoide on sekaihon tehokas p\u00e4ivitt\u00e4inen hoitaja, joka ravitsee ja uudistaa ihosoluja. Salvia ja musta valkosipuli auttavat s\u00e4ilytt\u00e4m\u00e4\u00e4n ihon luontaisen tasapainon ja kauniin s\u00e4vyn. Voide imeytyy ihoon nopeasti j\u00e4tt\u00e4m\u00e4tt\u00e4 sit\u00e4 rasvaiseksi, kiilt\u00e4v\u00e4ksi tai raskaan tuntuiseksi. <\/p>\n<p>Mustan valkosipulin vaikuttavat ainesosat uudistavat ihoa ja suojaavat sit\u00e4 ulkoisilta rasituksilta. Mustan valkosipulin on my\u00f6s tieteellisesti todistettu taistelevan sieni-infektioita vastaan ja h\u00e4vitt\u00e4v\u00e4n haitallisia mikrobeja. Salvialla on tulehduksia ehk\u00e4isev\u00e4 ja antibakteerinen vaikutus, mink\u00e4 lis\u00e4ksi se vilkastuttaa ihon aineenvaihduntaa ja taistelee vapaita radikaaleja vastaan. Kurkumiinin antioksidantit hoitavat ja parantavat ihoa. Tyrni\u00f6ljy uudistaa ihoa, parantaa mikrohaavoja, suojaa auringon haitoilta ja auttaa hillitsem\u00e4\u00e4n UV-s\u00e4teiden aiheuttamaa tulehdusta. E-vitamiini suojaa ihosoluja vapailta radikaaleilta ja edist\u00e4\u00e4 niiden uudistumista. Voiteen tuoksussa yhdistyv\u00e4t teepuu ja laventeli \u2013 eteerisill\u00e4 \u00f6ljyill\u00e4 on lis\u00e4ksi suotuisa vaikutus akneihoon.<\/p>\n<p>K\u00e4ytt\u00f6: Soveltuu kasvojen p\u00e4ivitt\u00e4iseen hoitoon ja kosteutukseen. K\u00e4yt\u00e4 kasvojen puhdistuksen j\u00e4lkeen. Suosittelemme my\u00f6s <a href=\"https:\/\/tilk.bio\/fi\/verkkokauppa\/mustaa-valkosipulia-ja-salviaa-sisaltava-rauhoittava-kasvonaamio-rasvaiselle-ja-ongelmaiholle\/\">valkosipuli-salvianaamion<\/a> s\u00e4\u00e4nn\u00f6llist\u00e4 k\u00e4ytt\u00f6\u00e4.<\/p>\n<p>Tuotteen kaikki ainesosat ovat luontaista ja vegaanista alkuper\u00e4\u00e4. Yhdess\u00e4 TalTechin tutkijoiden kanssa valmistettu innovatiivinen ihonhoitotuote yhdist\u00e4\u00e4 korealaisten perinteiden mukaan fermentoidun virolaisen mustan valkosipulin ja nykytieteen tehden niist\u00e4 toimivaa luonnonkosmetiikkaa.<\/p>\n<p>S\u00e4ilytys huoneenl\u00e4mm\u00f6ss\u00e4.<\/p>\n<p>Koko: 10ml\/60ml<\/p>\n","protected":false},"excerpt":{"rendered":"<p>Mustaa valkosipulia ja salviaa sis\u00e4lt\u00e4v\u00e4 kosteuttava kasvovoide on sekaihon tehokas p\u00e4ivitt\u00e4inen hoitaja, joka ravitsee ja uudistaa ihosoluja. Salvia ja musta valkosipuli auttavat s\u00e4ilytt\u00e4m\u00e4\u00e4n ihon luontaisen tasapainon ja kauniin s\u00e4vyn. Voide imeytyy ihoon nopeasti j\u00e4tt\u00e4m\u00e4tt\u00e4 sit\u00e4 rasvaiseksi, kiilt\u00e4v\u00e4ksi tai raskaan tuntuiseksi. Mustan valkosipulin vaikuttavat ainesosat uudistavat ihoa ja suojaavat sit\u00e4 ulkoisilta rasituksilta. Mustan valkosipulin on my\u00f6s&#8230;<\/p>\n","protected":false},"featured_media":77077,"comment_status":"open","ping_status":"closed","template":"","meta":{"_acf_changed":false},"product_brand":[],"product_cat":[747,729,501,512,630,742,736],"product_tag":[],"class_list":{"0":"post-57271","1":"product","2":"type-product","3":"status-publish","4":"has-post-thumbnail","6":"product_cat-akne-ja-rasvainen-iho","7":"product_cat-herkka-iho","8":"product_cat-kaikki-tuotteet","9":"product_cat-kasvohoito","10":"product_cat-kasvovoiteet","11":"product_cat-normaali-ja-sekaiho","12":"product_cat-tilk-lab-fi","14":"first","15":"instock","16":"taxable","17":"shipping-taxable","18":"purchasable","19":"product-type-variable"},"acf":[],"yoast_head":"<!-- This site is optimized with the Yoast SEO plugin v27.4 - https:\/\/yoast.com\/product\/yoast-seo-wordpress\/ -->\n<title>Mustaa valkosipulia ja salviaa sis\u00e4lt\u00e4v\u00e4 kosteuttava kasvovoide sekaiholle - Tilk!<\/title>\n<meta name=\"robots\" content=\"index, follow, max-snippet:-1, max-image-preview:large, max-video-preview:-1\" \/>\n<link rel=\"canonical\" href=\"https:\/\/tilk.bio\/fi\/verkkokauppa\/mustaa-valkosipulia-ja-salviaa-sisaltava-rauhoittava-kasvovoide-rasvaiselle-ja-ongelmaiholle\/\" \/>\n<meta property=\"og:locale\" content=\"fi_FI\" \/>\n<meta property=\"og:type\" content=\"article\" \/>\n<meta property=\"og:title\" content=\"Mustaa valkosipulia ja salviaa sis\u00e4lt\u00e4v\u00e4 kosteuttava kasvovoide sekaiholle - Tilk!\" \/>\n<meta property=\"og:description\" content=\"Mustaa valkosipulia ja salviaa sis\u00e4lt\u00e4v\u00e4 kosteuttava kasvovoide on sekaihon tehokas p\u00e4ivitt\u00e4inen hoitaja, joka ravitsee ja uudistaa ihosoluja. Salvia ja musta valkosipuli auttavat s\u00e4ilytt\u00e4m\u00e4\u00e4n ihon luontaisen tasapainon ja kauniin s\u00e4vyn. Voide imeytyy ihoon nopeasti j\u00e4tt\u00e4m\u00e4tt\u00e4 sit\u00e4 rasvaiseksi, kiilt\u00e4v\u00e4ksi tai raskaan tuntuiseksi. Mustan valkosipulin vaikuttavat ainesosat uudistavat ihoa ja suojaavat sit\u00e4 ulkoisilta rasituksilta. Mustan valkosipulin on my\u00f6s...\" \/>\n<meta property=\"og:url\" content=\"https:\/\/tilk.bio\/fi\/verkkokauppa\/mustaa-valkosipulia-ja-salviaa-sisaltava-rauhoittava-kasvovoide-rasvaiselle-ja-ongelmaiholle\/\" \/>\n<meta property=\"og:site_name\" content=\"Tilk!\" \/>\n<meta property=\"article:publisher\" content=\"https:\/\/www.facebook.com\/tilk.bio\/\" \/>\n<meta property=\"article:modified_time\" content=\"2026-04-09T07:00:09+00:00\" \/>\n<meta property=\"og:image\" content=\"https:\/\/tilk.bio\/wp-content\/uploads\/2023\/12\/3-1.jpg\" \/>\n\t<meta property=\"og:image:width\" content=\"1200\" \/>\n\t<meta property=\"og:image:height\" content=\"1200\" \/>\n\t<meta property=\"og:image:type\" content=\"image\/jpeg\" \/>\n<meta name=\"twitter:card\" content=\"summary_large_image\" \/>\n<meta name=\"twitter:label1\" content=\"Arvioitu lukuaika\" \/>\n\t<meta name=\"twitter:data1\" content=\"1 minuutti\" \/>\n<script type=\"application\/ld+json\" class=\"yoast-schema-graph\">{\"@context\":\"https:\\\/\\\/schema.org\",\"@graph\":[{\"@type\":\"WebPage\",\"@id\":\"https:\\\/\\\/tilk.bio\\\/fi\\\/verkkokauppa\\\/mustaa-valkosipulia-ja-salviaa-sisaltava-rauhoittava-kasvovoide-rasvaiselle-ja-ongelmaiholle\\\/\",\"url\":\"https:\\\/\\\/tilk.bio\\\/fi\\\/verkkokauppa\\\/mustaa-valkosipulia-ja-salviaa-sisaltava-rauhoittava-kasvovoide-rasvaiselle-ja-ongelmaiholle\\\/\",\"name\":\"Mustaa valkosipulia ja salviaa sis\u00e4lt\u00e4v\u00e4 kosteuttava kasvovoide sekaiholle - Tilk!\",\"isPartOf\":{\"@id\":\"https:\\\/\\\/tilk.bio\\\/et\\\/#website\"},\"primaryImageOfPage\":{\"@id\":\"https:\\\/\\\/tilk.bio\\\/fi\\\/verkkokauppa\\\/mustaa-valkosipulia-ja-salviaa-sisaltava-rauhoittava-kasvovoide-rasvaiselle-ja-ongelmaiholle\\\/#primaryimage\"},\"image\":{\"@id\":\"https:\\\/\\\/tilk.bio\\\/fi\\\/verkkokauppa\\\/mustaa-valkosipulia-ja-salviaa-sisaltava-rauhoittava-kasvovoide-rasvaiselle-ja-ongelmaiholle\\\/#primaryimage\"},\"thumbnailUrl\":\"https:\\\/\\\/tilk.bio\\\/wp-content\\\/uploads\\\/2021\\\/09\\\/E4R1018-ruut.jpg\",\"datePublished\":\"2021-09-16T07:30:51+00:00\",\"dateModified\":\"2026-04-09T07:00:09+00:00\",\"breadcrumb\":{\"@id\":\"https:\\\/\\\/tilk.bio\\\/fi\\\/verkkokauppa\\\/mustaa-valkosipulia-ja-salviaa-sisaltava-rauhoittava-kasvovoide-rasvaiselle-ja-ongelmaiholle\\\/#breadcrumb\"},\"inLanguage\":\"fi\",\"potentialAction\":[{\"@type\":\"ReadAction\",\"target\":[\"https:\\\/\\\/tilk.bio\\\/fi\\\/verkkokauppa\\\/mustaa-valkosipulia-ja-salviaa-sisaltava-rauhoittava-kasvovoide-rasvaiselle-ja-ongelmaiholle\\\/\"]}]},{\"@type\":\"ImageObject\",\"inLanguage\":\"fi\",\"@id\":\"https:\\\/\\\/tilk.bio\\\/fi\\\/verkkokauppa\\\/mustaa-valkosipulia-ja-salviaa-sisaltava-rauhoittava-kasvovoide-rasvaiselle-ja-ongelmaiholle\\\/#primaryimage\",\"url\":\"https:\\\/\\\/tilk.bio\\\/wp-content\\\/uploads\\\/2021\\\/09\\\/E4R1018-ruut.jpg\",\"contentUrl\":\"https:\\\/\\\/tilk.bio\\\/wp-content\\\/uploads\\\/2021\\\/09\\\/E4R1018-ruut.jpg\",\"width\":2048,\"height\":2048},{\"@type\":\"BreadcrumbList\",\"@id\":\"https:\\\/\\\/tilk.bio\\\/fi\\\/verkkokauppa\\\/mustaa-valkosipulia-ja-salviaa-sisaltava-rauhoittava-kasvovoide-rasvaiselle-ja-ongelmaiholle\\\/#breadcrumb\",\"itemListElement\":[{\"@type\":\"ListItem\",\"position\":1,\"name\":\"Home\",\"item\":\"https:\\\/\\\/tilk.bio\\\/fi\\\/\"},{\"@type\":\"ListItem\",\"position\":2,\"name\":\"Verkkokauppa\",\"item\":\"https:\\\/\\\/tilk.bio\\\/fi\\\/verkkokauppa\\\/\"},{\"@type\":\"ListItem\",\"position\":3,\"name\":\"Mustaa valkosipulia ja salviaa sis\u00e4lt\u00e4v\u00e4 kosteuttava kasvovoide sekaiholle\"}]},{\"@type\":\"WebSite\",\"@id\":\"https:\\\/\\\/tilk.bio\\\/et\\\/#website\",\"url\":\"https:\\\/\\\/tilk.bio\\\/et\\\/\",\"name\":\"Tilk!\",\"description\":\"Natural and sustainable skincare!\",\"potentialAction\":[{\"@type\":\"SearchAction\",\"target\":{\"@type\":\"EntryPoint\",\"urlTemplate\":\"https:\\\/\\\/tilk.bio\\\/et\\\/?s={search_term_string}\"},\"query-input\":{\"@type\":\"PropertyValueSpecification\",\"valueRequired\":true,\"valueName\":\"search_term_string\"}}],\"inLanguage\":\"fi\"}]}<\/script>\n<!-- \/ Yoast SEO plugin. -->","yoast_head_json":{"title":"Mustaa valkosipulia ja salviaa sis\u00e4lt\u00e4v\u00e4 kosteuttava kasvovoide sekaiholle - Tilk!","robots":{"index":"index","follow":"follow","max-snippet":"max-snippet:-1","max-image-preview":"max-image-preview:large","max-video-preview":"max-video-preview:-1"},"canonical":"https:\/\/tilk.bio\/fi\/verkkokauppa\/mustaa-valkosipulia-ja-salviaa-sisaltava-rauhoittava-kasvovoide-rasvaiselle-ja-ongelmaiholle\/","og_locale":"fi_FI","og_type":"article","og_title":"Mustaa valkosipulia ja salviaa sis\u00e4lt\u00e4v\u00e4 kosteuttava kasvovoide sekaiholle - Tilk!","og_description":"Mustaa valkosipulia ja salviaa sis\u00e4lt\u00e4v\u00e4 kosteuttava kasvovoide on sekaihon tehokas p\u00e4ivitt\u00e4inen hoitaja, joka ravitsee ja uudistaa ihosoluja. Salvia ja musta valkosipuli auttavat s\u00e4ilytt\u00e4m\u00e4\u00e4n ihon luontaisen tasapainon ja kauniin s\u00e4vyn. Voide imeytyy ihoon nopeasti j\u00e4tt\u00e4m\u00e4tt\u00e4 sit\u00e4 rasvaiseksi, kiilt\u00e4v\u00e4ksi tai raskaan tuntuiseksi. Mustan valkosipulin vaikuttavat ainesosat uudistavat ihoa ja suojaavat sit\u00e4 ulkoisilta rasituksilta. Mustan valkosipulin on my\u00f6s...","og_url":"https:\/\/tilk.bio\/fi\/verkkokauppa\/mustaa-valkosipulia-ja-salviaa-sisaltava-rauhoittava-kasvovoide-rasvaiselle-ja-ongelmaiholle\/","og_site_name":"Tilk!","article_publisher":"https:\/\/www.facebook.com\/tilk.bio\/","article_modified_time":"2026-04-09T07:00:09+00:00","og_image":[{"width":1200,"height":1200,"url":"https:\/\/tilk.bio\/wp-content\/uploads\/2023\/12\/3-1.jpg","type":"image\/jpeg"}],"twitter_card":"summary_large_image","twitter_misc":{"Arvioitu lukuaika":"1 minuutti"},"schema":{"@context":"https:\/\/schema.org","@graph":[{"@type":"WebPage","@id":"https:\/\/tilk.bio\/fi\/verkkokauppa\/mustaa-valkosipulia-ja-salviaa-sisaltava-rauhoittava-kasvovoide-rasvaiselle-ja-ongelmaiholle\/","url":"https:\/\/tilk.bio\/fi\/verkkokauppa\/mustaa-valkosipulia-ja-salviaa-sisaltava-rauhoittava-kasvovoide-rasvaiselle-ja-ongelmaiholle\/","name":"Mustaa valkosipulia ja salviaa sis\u00e4lt\u00e4v\u00e4 kosteuttava kasvovoide sekaiholle - Tilk!","isPartOf":{"@id":"https:\/\/tilk.bio\/et\/#website"},"primaryImageOfPage":{"@id":"https:\/\/tilk.bio\/fi\/verkkokauppa\/mustaa-valkosipulia-ja-salviaa-sisaltava-rauhoittava-kasvovoide-rasvaiselle-ja-ongelmaiholle\/#primaryimage"},"image":{"@id":"https:\/\/tilk.bio\/fi\/verkkokauppa\/mustaa-valkosipulia-ja-salviaa-sisaltava-rauhoittava-kasvovoide-rasvaiselle-ja-ongelmaiholle\/#primaryimage"},"thumbnailUrl":"https:\/\/tilk.bio\/wp-content\/uploads\/2021\/09\/E4R1018-ruut.jpg","datePublished":"2021-09-16T07:30:51+00:00","dateModified":"2026-04-09T07:00:09+00:00","breadcrumb":{"@id":"https:\/\/tilk.bio\/fi\/verkkokauppa\/mustaa-valkosipulia-ja-salviaa-sisaltava-rauhoittava-kasvovoide-rasvaiselle-ja-ongelmaiholle\/#breadcrumb"},"inLanguage":"fi","potentialAction":[{"@type":"ReadAction","target":["https:\/\/tilk.bio\/fi\/verkkokauppa\/mustaa-valkosipulia-ja-salviaa-sisaltava-rauhoittava-kasvovoide-rasvaiselle-ja-ongelmaiholle\/"]}]},{"@type":"ImageObject","inLanguage":"fi","@id":"https:\/\/tilk.bio\/fi\/verkkokauppa\/mustaa-valkosipulia-ja-salviaa-sisaltava-rauhoittava-kasvovoide-rasvaiselle-ja-ongelmaiholle\/#primaryimage","url":"https:\/\/tilk.bio\/wp-content\/uploads\/2021\/09\/E4R1018-ruut.jpg","contentUrl":"https:\/\/tilk.bio\/wp-content\/uploads\/2021\/09\/E4R1018-ruut.jpg","width":2048,"height":2048},{"@type":"BreadcrumbList","@id":"https:\/\/tilk.bio\/fi\/verkkokauppa\/mustaa-valkosipulia-ja-salviaa-sisaltava-rauhoittava-kasvovoide-rasvaiselle-ja-ongelmaiholle\/#breadcrumb","itemListElement":[{"@type":"ListItem","position":1,"name":"Home","item":"https:\/\/tilk.bio\/fi\/"},{"@type":"ListItem","position":2,"name":"Verkkokauppa","item":"https:\/\/tilk.bio\/fi\/verkkokauppa\/"},{"@type":"ListItem","position":3,"name":"Mustaa valkosipulia ja salviaa sis\u00e4lt\u00e4v\u00e4 kosteuttava kasvovoide sekaiholle"}]},{"@type":"WebSite","@id":"https:\/\/tilk.bio\/et\/#website","url":"https:\/\/tilk.bio\/et\/","name":"Tilk!","description":"Natural and sustainable skincare!","potentialAction":[{"@type":"SearchAction","target":{"@type":"EntryPoint","urlTemplate":"https:\/\/tilk.bio\/et\/?s={search_term_string}"},"query-input":{"@type":"PropertyValueSpecification","valueRequired":true,"valueName":"search_term_string"}}],"inLanguage":"fi"}]}},"_links":{"self":[{"href":"https:\/\/tilk.bio\/fi\/wp-json\/wp\/v2\/product\/57271","targetHints":{"allow":["GET"]}}],"collection":[{"href":"https:\/\/tilk.bio\/fi\/wp-json\/wp\/v2\/product"}],"about":[{"href":"https:\/\/tilk.bio\/fi\/wp-json\/wp\/v2\/types\/product"}],"replies":[{"embeddable":true,"href":"https:\/\/tilk.bio\/fi\/wp-json\/wp\/v2\/comments?post=57271"}],"wp:featuredmedia":[{"embeddable":true,"href":"https:\/\/tilk.bio\/fi\/wp-json\/wp\/v2\/media\/77077"}],"wp:attachment":[{"href":"https:\/\/tilk.bio\/fi\/wp-json\/wp\/v2\/media?parent=57271"}],"wp:term":[{"taxonomy":"product_brand","embeddable":true,"href":"https:\/\/tilk.bio\/fi\/wp-json\/wp\/v2\/product_brand?post=57271"},{"taxonomy":"product_cat","embeddable":true,"href":"https:\/\/tilk.bio\/fi\/wp-json\/wp\/v2\/product_cat?post=57271"},{"taxonomy":"product_tag","embeddable":true,"href":"https:\/\/tilk.bio\/fi\/wp-json\/wp\/v2\/product_tag?post=57271"}],"curies":[{"name":"wp","href":"https:\/\/api.w.org\/{rel}","templated":true}]}}