{"id":57279,"date":"2021-09-16T10:33:46","date_gmt":"2021-09-16T07:33:46","guid":{"rendered":"https:\/\/tilk.bio\/shop\/mustaa-valkosipulia-c-vitamiinia-ja-kurkumaa-sisaltava-anti-age-kasvonaamio\/"},"modified":"2026-04-12T10:15:03","modified_gmt":"2026-04-12T07:15:03","slug":"mustaa-valkosipulia-c-vitamiinia-ja-kurkumaa-sisaltava-anti-age-kasvonaamio","status":"publish","type":"product","link":"https:\/\/tilk.bio\/fi\/verkkokauppa\/mustaa-valkosipulia-c-vitamiinia-ja-kurkumaa-sisaltava-anti-age-kasvonaamio\/","title":{"rendered":"Mustaa valkosipulia, C-vitamiinia ja kurkumaa sis\u00e4lt\u00e4v\u00e4 anti-age -kasvonaamio"},"content":{"rendered":"<p>Mustaa valkosipulia, C-vitamiinia ja kurkumaa sis\u00e4lt\u00e4v\u00e4 kasvonaamio on t\u00e4ynn\u00e4 ravitsevia \u00f6ljyj\u00e4, antioksidanttipitoisia raaka-aineita ja vitamiineja. Kuivalle, herk\u00e4lle ja sekaiholle tarkoitettu naamio lis\u00e4\u00e4 ihon vastustuskyky\u00e4, auttaa soluja uudistumaan ja ihovaurioita paranemaan. Runsaiden antioksidanttiensa ansiosta naamio toimii tehokkaasti ik\u00e4\u00e4ntymisen merkkej\u00e4 vastaan, mink\u00e4 lis\u00e4ksi se syv\u00e4kosteuttaa ihoa ja suojaa sit\u00e4 ulkoisilta rasituksilta.<\/p>\n<p>Naamion t\u00e4rkein ainesosa on antioksidanttipitoinen musta valkosipuli, joka auttaa taistelussa vapaita radikaaleja ja ihon ik\u00e4\u00e4ntymist\u00e4 vastaan. C-vitamiini suojaa ihoa ulkoisilta rasituksilta, kuten liialliselta auringolta ja saasteilta. Lis\u00e4ksi se tasoittaa ja kirkastaa ihon s\u00e4vy\u00e4 sek\u00e4 edist\u00e4\u00e4 kollageenin tuotantoa. Runsaasti vitamiineja, mineraaleja ja antioksidantteja sis\u00e4lt\u00e4v\u00e4 tyrni\u00f6ljy tukee edell\u00e4 mainittujen ainesosien vaikutusta: se auttaa ihoa uudistumaan ja parantaa vaurioita. Kookos\u00f6ljy ravitsee ja kosteuttaa ihoa tehden siit\u00e4 kimmoisamman, lis\u00e4kosteutusta antaa kasviper\u00e4inen glyseriini. E-vitamiini hidastaa ihon ik\u00e4\u00e4ntymist\u00e4 edist\u00e4m\u00e4ll\u00e4 ihosolujen uudistumista ja auttamalla taistelussa vapaita radikaaleja vastaan. Runsaasti beetakaroteenia ja vitamiineja sis\u00e4lt\u00e4v\u00e4 porkkan\u00e4\u00f6ljy ravitsee v\u00e4synytt\u00e4 ihoa antaen sille elinvoimaa ja kauniin s\u00e4vyn. Tuote tuoksuu raikkaalta appelsiinilta.<\/p>\n<p><strong>K\u00e4ytt\u00f6:<\/strong> Levit\u00e4 naamio puhdistetuille kasvoille ja dekolteelle 10\u201315 minuutiksi. Huuhtele l\u00e4mpim\u00e4ll\u00e4 vedell\u00e4 kasvosient\u00e4 apuna k\u00e4ytt\u00e4en.<\/p>\n<p>Eritt\u00e4in tehokkaan syv\u00e4puhdistavan vaikutuksen saat k\u00e4ytt\u00e4m\u00e4ll\u00e4 ennen naamiota <a href=\"https:\/\/tilk.bio\/fi\/verkkokauppa\/mustaa-valkosipulia-ja-katajaa-sisaltava-syvapuhdistava-kasvokuorinta-kaikille-ihotyypeille\/\">valkosipuli-katajakuorintaa<\/a>. Naamion j\u00e4lkeen suosittelemme lis\u00e4kosteutukseksi <a href=\"https:\/\/tilk.bio\/fi\/verkkokauppa\/mustaa-valkosipulia-ja-c-vitamiinia-sisaltava-ravitseva-anti-age-kasvovoide\/\">C-vitamiinivoidetta<\/a> ja <a href=\"https:\/\/tilk.bio\/fi\/verkkokauppa\/mustaa-valkosipulia-ja-tyrnia-sisaltava-anti-age-kasvoseerumi\/\">valkosipuliseerumia<\/a>. Suosittelemme k\u00e4ytt\u00e4m\u00e4\u00e4n naamiota 1\u20132 kertaa viikossa.<\/p>\n<p>Tuotteen kaikki ainesosat ovat luontaista ja vegaanista alkuper\u00e4\u00e4. Yhdess\u00e4 TalTechin tutkijoiden kanssa valmistettu innovatiivinen ihonhoitotuote yhdist\u00e4\u00e4 korealaisten perinteiden mukaan fermentoidun virolaisen mustan valkosipulin ja nykytieteen tehden niist\u00e4 toimivaa luonnonkosmetiikkaa.<\/p>\n<p>S\u00e4ilytys huoneenl\u00e4mm\u00f6ss\u00e4.<\/p>\n<p>Koko: 10ml\/50ml<\/p>\n","protected":false},"excerpt":{"rendered":"<p>Mustaa valkosipulia, C-vitamiinia ja kurkumaa sis\u00e4lt\u00e4v\u00e4 kasvonaamio on t\u00e4ynn\u00e4 ravitsevia \u00f6ljyj\u00e4, antioksidanttipitoisia raaka-aineita ja vitamiineja. Kuivalle, herk\u00e4lle ja sekaiholle tarkoitettu naamio lis\u00e4\u00e4 ihon vastustuskyky\u00e4, auttaa soluja uudistumaan ja ihovaurioita paranemaan. Runsaiden antioksidanttiensa ansiosta naamio toimii tehokkaasti ik\u00e4\u00e4ntymisen merkkej\u00e4 vastaan, mink\u00e4 lis\u00e4ksi se syv\u00e4kosteuttaa ihoa ja suojaa sit\u00e4 ulkoisilta rasituksilta. Naamion t\u00e4rkein ainesosa on antioksidanttipitoinen musta&#8230;<\/p>\n","protected":false},"featured_media":77065,"comment_status":"open","ping_status":"closed","template":"","meta":{"_acf_changed":false},"product_brand":[],"product_cat":[729,740,501,512,764,737,736],"product_tag":[],"class_list":{"0":"post-57279","1":"product","2":"type-product","3":"status-publish","4":"has-post-thumbnail","6":"product_cat-herkka-iho","7":"product_cat-ikaantyva-iho","8":"product_cat-kaikki-tuotteet","9":"product_cat-kasvohoito","10":"product_cat-kasvnaamio","11":"product_cat-kuiva-iho","12":"product_cat-tilk-lab-fi","14":"first","15":"instock","16":"taxable","17":"shipping-taxable","18":"purchasable","19":"product-type-variable"},"acf":[],"yoast_head":"<!-- This site is optimized with the Yoast SEO plugin v27.4 - https:\/\/yoast.com\/product\/yoast-seo-wordpress\/ -->\n<title>Mustaa valkosipulia, C-vitamiinia ja kurkumaa sis\u00e4lt\u00e4v\u00e4 anti-age -kasvonaamio - Tilk!<\/title>\n<meta name=\"robots\" content=\"index, follow, max-snippet:-1, max-image-preview:large, max-video-preview:-1\" \/>\n<link rel=\"canonical\" href=\"https:\/\/tilk.bio\/fi\/verkkokauppa\/mustaa-valkosipulia-c-vitamiinia-ja-kurkumaa-sisaltava-anti-age-kasvonaamio\/\" \/>\n<meta property=\"og:locale\" content=\"fi_FI\" \/>\n<meta property=\"og:type\" content=\"article\" \/>\n<meta property=\"og:title\" content=\"Mustaa valkosipulia, C-vitamiinia ja kurkumaa sis\u00e4lt\u00e4v\u00e4 anti-age -kasvonaamio - Tilk!\" \/>\n<meta property=\"og:description\" content=\"Mustaa valkosipulia, C-vitamiinia ja kurkumaa sis\u00e4lt\u00e4v\u00e4 kasvonaamio on t\u00e4ynn\u00e4 ravitsevia \u00f6ljyj\u00e4, antioksidanttipitoisia raaka-aineita ja vitamiineja. Kuivalle, herk\u00e4lle ja sekaiholle tarkoitettu naamio lis\u00e4\u00e4 ihon vastustuskyky\u00e4, auttaa soluja uudistumaan ja ihovaurioita paranemaan. Runsaiden antioksidanttiensa ansiosta naamio toimii tehokkaasti ik\u00e4\u00e4ntymisen merkkej\u00e4 vastaan, mink\u00e4 lis\u00e4ksi se syv\u00e4kosteuttaa ihoa ja suojaa sit\u00e4 ulkoisilta rasituksilta. Naamion t\u00e4rkein ainesosa on antioksidanttipitoinen musta...\" \/>\n<meta property=\"og:url\" content=\"https:\/\/tilk.bio\/fi\/verkkokauppa\/mustaa-valkosipulia-c-vitamiinia-ja-kurkumaa-sisaltava-anti-age-kasvonaamio\/\" \/>\n<meta property=\"og:site_name\" content=\"Tilk!\" \/>\n<meta property=\"article:publisher\" content=\"https:\/\/www.facebook.com\/tilk.bio\/\" \/>\n<meta property=\"article:modified_time\" content=\"2026-04-12T07:15:03+00:00\" \/>\n<meta property=\"og:image\" content=\"https:\/\/tilk.bio\/wp-content\/uploads\/2021\/09\/labcvitmask1-2.jpg\" \/>\n\t<meta property=\"og:image:width\" content=\"1200\" \/>\n\t<meta property=\"og:image:height\" content=\"1200\" \/>\n\t<meta property=\"og:image:type\" content=\"image\/jpeg\" \/>\n<meta name=\"twitter:card\" content=\"summary_large_image\" \/>\n<meta name=\"twitter:label1\" content=\"Arvioitu lukuaika\" \/>\n\t<meta name=\"twitter:data1\" content=\"1 minuutti\" \/>\n<script type=\"application\/ld+json\" class=\"yoast-schema-graph\">{\"@context\":\"https:\\\/\\\/schema.org\",\"@graph\":[{\"@type\":\"WebPage\",\"@id\":\"https:\\\/\\\/tilk.bio\\\/fi\\\/verkkokauppa\\\/mustaa-valkosipulia-c-vitamiinia-ja-kurkumaa-sisaltava-anti-age-kasvonaamio\\\/\",\"url\":\"https:\\\/\\\/tilk.bio\\\/fi\\\/verkkokauppa\\\/mustaa-valkosipulia-c-vitamiinia-ja-kurkumaa-sisaltava-anti-age-kasvonaamio\\\/\",\"name\":\"Mustaa valkosipulia, C-vitamiinia ja kurkumaa sis\u00e4lt\u00e4v\u00e4 anti-age -kasvonaamio - Tilk!\",\"isPartOf\":{\"@id\":\"https:\\\/\\\/tilk.bio\\\/et\\\/#website\"},\"primaryImageOfPage\":{\"@id\":\"https:\\\/\\\/tilk.bio\\\/fi\\\/verkkokauppa\\\/mustaa-valkosipulia-c-vitamiinia-ja-kurkumaa-sisaltava-anti-age-kasvonaamio\\\/#primaryimage\"},\"image\":{\"@id\":\"https:\\\/\\\/tilk.bio\\\/fi\\\/verkkokauppa\\\/mustaa-valkosipulia-c-vitamiinia-ja-kurkumaa-sisaltava-anti-age-kasvonaamio\\\/#primaryimage\"},\"thumbnailUrl\":\"https:\\\/\\\/tilk.bio\\\/wp-content\\\/uploads\\\/2021\\\/09\\\/E4R1037-ruut.jpg\",\"datePublished\":\"2021-09-16T07:33:46+00:00\",\"dateModified\":\"2026-04-12T07:15:03+00:00\",\"breadcrumb\":{\"@id\":\"https:\\\/\\\/tilk.bio\\\/fi\\\/verkkokauppa\\\/mustaa-valkosipulia-c-vitamiinia-ja-kurkumaa-sisaltava-anti-age-kasvonaamio\\\/#breadcrumb\"},\"inLanguage\":\"fi\",\"potentialAction\":[{\"@type\":\"ReadAction\",\"target\":[\"https:\\\/\\\/tilk.bio\\\/fi\\\/verkkokauppa\\\/mustaa-valkosipulia-c-vitamiinia-ja-kurkumaa-sisaltava-anti-age-kasvonaamio\\\/\"]}]},{\"@type\":\"ImageObject\",\"inLanguage\":\"fi\",\"@id\":\"https:\\\/\\\/tilk.bio\\\/fi\\\/verkkokauppa\\\/mustaa-valkosipulia-c-vitamiinia-ja-kurkumaa-sisaltava-anti-age-kasvonaamio\\\/#primaryimage\",\"url\":\"https:\\\/\\\/tilk.bio\\\/wp-content\\\/uploads\\\/2021\\\/09\\\/E4R1037-ruut.jpg\",\"contentUrl\":\"https:\\\/\\\/tilk.bio\\\/wp-content\\\/uploads\\\/2021\\\/09\\\/E4R1037-ruut.jpg\",\"width\":2048,\"height\":2048},{\"@type\":\"BreadcrumbList\",\"@id\":\"https:\\\/\\\/tilk.bio\\\/fi\\\/verkkokauppa\\\/mustaa-valkosipulia-c-vitamiinia-ja-kurkumaa-sisaltava-anti-age-kasvonaamio\\\/#breadcrumb\",\"itemListElement\":[{\"@type\":\"ListItem\",\"position\":1,\"name\":\"Home\",\"item\":\"https:\\\/\\\/tilk.bio\\\/fi\\\/\"},{\"@type\":\"ListItem\",\"position\":2,\"name\":\"Verkkokauppa\",\"item\":\"https:\\\/\\\/tilk.bio\\\/fi\\\/verkkokauppa\\\/\"},{\"@type\":\"ListItem\",\"position\":3,\"name\":\"Mustaa valkosipulia, C-vitamiinia ja kurkumaa sis\u00e4lt\u00e4v\u00e4 anti-age -kasvonaamio\"}]},{\"@type\":\"WebSite\",\"@id\":\"https:\\\/\\\/tilk.bio\\\/et\\\/#website\",\"url\":\"https:\\\/\\\/tilk.bio\\\/et\\\/\",\"name\":\"Tilk!\",\"description\":\"Natural and sustainable skincare!\",\"potentialAction\":[{\"@type\":\"SearchAction\",\"target\":{\"@type\":\"EntryPoint\",\"urlTemplate\":\"https:\\\/\\\/tilk.bio\\\/et\\\/?s={search_term_string}\"},\"query-input\":{\"@type\":\"PropertyValueSpecification\",\"valueRequired\":true,\"valueName\":\"search_term_string\"}}],\"inLanguage\":\"fi\"}]}<\/script>\n<!-- \/ Yoast SEO plugin. -->","yoast_head_json":{"title":"Mustaa valkosipulia, C-vitamiinia ja kurkumaa sis\u00e4lt\u00e4v\u00e4 anti-age -kasvonaamio - Tilk!","robots":{"index":"index","follow":"follow","max-snippet":"max-snippet:-1","max-image-preview":"max-image-preview:large","max-video-preview":"max-video-preview:-1"},"canonical":"https:\/\/tilk.bio\/fi\/verkkokauppa\/mustaa-valkosipulia-c-vitamiinia-ja-kurkumaa-sisaltava-anti-age-kasvonaamio\/","og_locale":"fi_FI","og_type":"article","og_title":"Mustaa valkosipulia, C-vitamiinia ja kurkumaa sis\u00e4lt\u00e4v\u00e4 anti-age -kasvonaamio - Tilk!","og_description":"Mustaa valkosipulia, C-vitamiinia ja kurkumaa sis\u00e4lt\u00e4v\u00e4 kasvonaamio on t\u00e4ynn\u00e4 ravitsevia \u00f6ljyj\u00e4, antioksidanttipitoisia raaka-aineita ja vitamiineja. Kuivalle, herk\u00e4lle ja sekaiholle tarkoitettu naamio lis\u00e4\u00e4 ihon vastustuskyky\u00e4, auttaa soluja uudistumaan ja ihovaurioita paranemaan. Runsaiden antioksidanttiensa ansiosta naamio toimii tehokkaasti ik\u00e4\u00e4ntymisen merkkej\u00e4 vastaan, mink\u00e4 lis\u00e4ksi se syv\u00e4kosteuttaa ihoa ja suojaa sit\u00e4 ulkoisilta rasituksilta. Naamion t\u00e4rkein ainesosa on antioksidanttipitoinen musta...","og_url":"https:\/\/tilk.bio\/fi\/verkkokauppa\/mustaa-valkosipulia-c-vitamiinia-ja-kurkumaa-sisaltava-anti-age-kasvonaamio\/","og_site_name":"Tilk!","article_publisher":"https:\/\/www.facebook.com\/tilk.bio\/","article_modified_time":"2026-04-12T07:15:03+00:00","og_image":[{"width":1200,"height":1200,"url":"https:\/\/tilk.bio\/wp-content\/uploads\/2021\/09\/labcvitmask1-2.jpg","type":"image\/jpeg"}],"twitter_card":"summary_large_image","twitter_misc":{"Arvioitu lukuaika":"1 minuutti"},"schema":{"@context":"https:\/\/schema.org","@graph":[{"@type":"WebPage","@id":"https:\/\/tilk.bio\/fi\/verkkokauppa\/mustaa-valkosipulia-c-vitamiinia-ja-kurkumaa-sisaltava-anti-age-kasvonaamio\/","url":"https:\/\/tilk.bio\/fi\/verkkokauppa\/mustaa-valkosipulia-c-vitamiinia-ja-kurkumaa-sisaltava-anti-age-kasvonaamio\/","name":"Mustaa valkosipulia, C-vitamiinia ja kurkumaa sis\u00e4lt\u00e4v\u00e4 anti-age -kasvonaamio - Tilk!","isPartOf":{"@id":"https:\/\/tilk.bio\/et\/#website"},"primaryImageOfPage":{"@id":"https:\/\/tilk.bio\/fi\/verkkokauppa\/mustaa-valkosipulia-c-vitamiinia-ja-kurkumaa-sisaltava-anti-age-kasvonaamio\/#primaryimage"},"image":{"@id":"https:\/\/tilk.bio\/fi\/verkkokauppa\/mustaa-valkosipulia-c-vitamiinia-ja-kurkumaa-sisaltava-anti-age-kasvonaamio\/#primaryimage"},"thumbnailUrl":"https:\/\/tilk.bio\/wp-content\/uploads\/2021\/09\/E4R1037-ruut.jpg","datePublished":"2021-09-16T07:33:46+00:00","dateModified":"2026-04-12T07:15:03+00:00","breadcrumb":{"@id":"https:\/\/tilk.bio\/fi\/verkkokauppa\/mustaa-valkosipulia-c-vitamiinia-ja-kurkumaa-sisaltava-anti-age-kasvonaamio\/#breadcrumb"},"inLanguage":"fi","potentialAction":[{"@type":"ReadAction","target":["https:\/\/tilk.bio\/fi\/verkkokauppa\/mustaa-valkosipulia-c-vitamiinia-ja-kurkumaa-sisaltava-anti-age-kasvonaamio\/"]}]},{"@type":"ImageObject","inLanguage":"fi","@id":"https:\/\/tilk.bio\/fi\/verkkokauppa\/mustaa-valkosipulia-c-vitamiinia-ja-kurkumaa-sisaltava-anti-age-kasvonaamio\/#primaryimage","url":"https:\/\/tilk.bio\/wp-content\/uploads\/2021\/09\/E4R1037-ruut.jpg","contentUrl":"https:\/\/tilk.bio\/wp-content\/uploads\/2021\/09\/E4R1037-ruut.jpg","width":2048,"height":2048},{"@type":"BreadcrumbList","@id":"https:\/\/tilk.bio\/fi\/verkkokauppa\/mustaa-valkosipulia-c-vitamiinia-ja-kurkumaa-sisaltava-anti-age-kasvonaamio\/#breadcrumb","itemListElement":[{"@type":"ListItem","position":1,"name":"Home","item":"https:\/\/tilk.bio\/fi\/"},{"@type":"ListItem","position":2,"name":"Verkkokauppa","item":"https:\/\/tilk.bio\/fi\/verkkokauppa\/"},{"@type":"ListItem","position":3,"name":"Mustaa valkosipulia, C-vitamiinia ja kurkumaa sis\u00e4lt\u00e4v\u00e4 anti-age -kasvonaamio"}]},{"@type":"WebSite","@id":"https:\/\/tilk.bio\/et\/#website","url":"https:\/\/tilk.bio\/et\/","name":"Tilk!","description":"Natural and sustainable skincare!","potentialAction":[{"@type":"SearchAction","target":{"@type":"EntryPoint","urlTemplate":"https:\/\/tilk.bio\/et\/?s={search_term_string}"},"query-input":{"@type":"PropertyValueSpecification","valueRequired":true,"valueName":"search_term_string"}}],"inLanguage":"fi"}]}},"_links":{"self":[{"href":"https:\/\/tilk.bio\/fi\/wp-json\/wp\/v2\/product\/57279","targetHints":{"allow":["GET"]}}],"collection":[{"href":"https:\/\/tilk.bio\/fi\/wp-json\/wp\/v2\/product"}],"about":[{"href":"https:\/\/tilk.bio\/fi\/wp-json\/wp\/v2\/types\/product"}],"replies":[{"embeddable":true,"href":"https:\/\/tilk.bio\/fi\/wp-json\/wp\/v2\/comments?post=57279"}],"wp:featuredmedia":[{"embeddable":true,"href":"https:\/\/tilk.bio\/fi\/wp-json\/wp\/v2\/media\/77065"}],"wp:attachment":[{"href":"https:\/\/tilk.bio\/fi\/wp-json\/wp\/v2\/media?parent=57279"}],"wp:term":[{"taxonomy":"product_brand","embeddable":true,"href":"https:\/\/tilk.bio\/fi\/wp-json\/wp\/v2\/product_brand?post=57279"},{"taxonomy":"product_cat","embeddable":true,"href":"https:\/\/tilk.bio\/fi\/wp-json\/wp\/v2\/product_cat?post=57279"},{"taxonomy":"product_tag","embeddable":true,"href":"https:\/\/tilk.bio\/fi\/wp-json\/wp\/v2\/product_tag?post=57279"}],"curies":[{"name":"wp","href":"https:\/\/api.w.org\/{rel}","templated":true}]}}