{"id":57282,"date":"2022-09-16T10:30:26","date_gmt":"2022-09-16T07:30:26","guid":{"rendered":"https:\/\/tilk.bio\/shop\/mustaa-valkosipulia-ja-c-vitamiinia-sisaltava-ravitseva-anti-age-kasvovoide\/"},"modified":"2026-04-13T11:45:32","modified_gmt":"2026-04-13T08:45:32","slug":"mustaa-valkosipulia-ja-c-vitamiinia-sisaltava-ravitseva-anti-age-kasvovoide","status":"publish","type":"product","link":"https:\/\/tilk.bio\/fi\/verkkokauppa\/mustaa-valkosipulia-ja-c-vitamiinia-sisaltava-ravitseva-anti-age-kasvovoide\/","title":{"rendered":"Mustaa valkosipulia ja C-vitamiinia sis\u00e4lt\u00e4v\u00e4 ravitseva anti-age -kasvovoide"},"content":{"rendered":"<p>PALKITUSTI PARAS<\/p>\n<p>Kasvovoiteen t\u00e4rkein ainesosa, musta valkosipuli, on perinteisen korealaisen valmistustapansa ansiosta t\u00e4ynn\u00e4 antioksidantteja, jotka suojaavat ihoa vapailta radikaaleilta ja ik\u00e4\u00e4ntymisen merkeilt\u00e4. C-vitamiini suojaa ihoa ulkoisilta rasituksilta, kuten liialliselta auringolta ja saasteilta. Lis\u00e4ksi se tasoittaa ja kirkastaa ihon s\u00e4vy\u00e4 sek\u00e4 edist\u00e4\u00e4 kollageenin tuotantoa. Paljon vitamiineja, mineraaleja ja antioksidantteja sis\u00e4lt\u00e4v\u00e4 tyrni\u00f6ljy tukee edell\u00e4 mainittujen ainesosien vaikutusta: se auttaa ihoa uudistumaan ja parantaa vaurioita. Kookos\u00f6ljy, sheavoi ja manteli\u00f6ljy ravitsevat ja kosteuttavat ihoa tehden siit\u00e4 kimmoisamman. E-vitamiini hidastaa ihon ik\u00e4\u00e4ntymist\u00e4 edist\u00e4m\u00e4ll\u00e4 ihosolujen uudistumista ja auttamalla taistelussa vapaita radikaaleja vastaan. Tuote ei sis\u00e4ll\u00e4 eteerisi\u00e4 \u00f6ljyj\u00e4, vaan sen mieto tuoksu on per\u00e4isin luonnollisista ainesosista.<\/p>\n<p><strong>K\u00e4ytt\u00f6:<\/strong> Soveltuu kasvojen p\u00e4ivitt\u00e4iseen hoitoon ja kosteutukseen. K\u00e4yt\u00e4 kasvojen puhdistuksen j\u00e4lkeen. Suosittelemme k\u00e4ytt\u00e4m\u00e4\u00e4n yhdess\u00e4 <a href=\"https:\/\/tilk.bio\/fi\/verkkokauppa\/mustaa-valkosipulia-ja-tyrnia-sisaltava-anti-age-kasvoseerumi\/\"><strong>valkosipuli-tyrniseerumin<\/strong><\/a> ja <strong><a href=\"https:\/\/tilk.bio\/fi\/verkkokauppa\/mustaa-valkosipulia-c-vitamiinia-ja-kurkumaa-sisaltava-anti-age-kasvonaamio\/\">C-vitamiininaamion <\/a><\/strong>kanssa.<\/p>\n<p>Tuotteen kaikki ainesosat ovat luontaista ja vegaanista alkuper\u00e4\u00e4. Yhdess\u00e4 TalTechin tutkijoiden kanssa valmistettu innovatiivinen ihonhoitotuote yhdist\u00e4\u00e4 korealaisten perinteiden mukaan fermentoidun virolaisen mustan valkosipulin ja nykytieteen tehden niist\u00e4 toimivaa luonnonkosmetiikkaa.<\/p>\n<p>S\u00e4ilytys huoneenl\u00e4mm\u00f6ss\u00e4.<\/p>\n<p>Koko: 10ml\/50ml<\/p>\n","protected":false},"excerpt":{"rendered":"<p>PALKITUSTI PARAS Kasvovoiteen t\u00e4rkein ainesosa, musta valkosipuli, on perinteisen korealaisen valmistustapansa ansiosta t\u00e4ynn\u00e4 antioksidantteja, jotka suojaavat ihoa vapailta radikaaleilta ja ik\u00e4\u00e4ntymisen merkeilt\u00e4. C-vitamiini suojaa ihoa ulkoisilta rasituksilta, kuten liialliselta auringolta ja saasteilta. Lis\u00e4ksi se tasoittaa ja kirkastaa ihon s\u00e4vy\u00e4 sek\u00e4 edist\u00e4\u00e4 kollageenin tuotantoa. Paljon vitamiineja, mineraaleja ja antioksidantteja sis\u00e4lt\u00e4v\u00e4 tyrni\u00f6ljy tukee edell\u00e4 mainittujen ainesosien vaikutusta:&#8230;<\/p>\n","protected":false},"featured_media":77041,"comment_status":"open","ping_status":"closed","template":"","meta":{"_acf_changed":false},"product_brand":[],"product_cat":[741,729,740,501,512,630,737,502,979,736],"product_tag":[],"class_list":{"0":"post-57282","1":"product","2":"type-product","3":"status-publish","4":"has-post-thumbnail","6":"product_cat-epatasainen-iho","7":"product_cat-herkka-iho","8":"product_cat-ikaantyva-iho","9":"product_cat-kaikki-tuotteet","10":"product_cat-kasvohoito","11":"product_cat-kasvovoiteet","12":"product_cat-kuiva-iho","13":"product_cat-myydyimmat","14":"product_cat-shea-butter","15":"product_cat-tilk-lab-fi","17":"first","18":"instock","19":"taxable","20":"shipping-taxable","21":"purchasable","22":"product-type-variable"},"acf":[],"yoast_head":"<!-- This site is optimized with the Yoast SEO plugin v27.3 - https:\/\/yoast.com\/product\/yoast-seo-wordpress\/ -->\n<title>C-vitamiinia sis\u00e4lt\u00e4v\u00e4 ravitseva anti-age -kasvovoide<\/title>\n<meta name=\"description\" content=\"Mustaa valkosipulia ja C-vitamiinia sis\u00e4lt\u00e4v\u00e4 ravitseva anti-age -kasvovoide. Kasvovoiteen t\u00e4rkein ainesosa, musta valkosipuli, on perinteisen korealaisen..\" \/>\n<meta name=\"robots\" content=\"index, follow, max-snippet:-1, max-image-preview:large, max-video-preview:-1\" \/>\n<link rel=\"canonical\" href=\"https:\/\/tilk.bio\/fi\/verkkokauppa\/mustaa-valkosipulia-ja-c-vitamiinia-sisaltava-ravitseva-anti-age-kasvovoide\/\" \/>\n<meta property=\"og:locale\" content=\"fi_FI\" \/>\n<meta property=\"og:type\" content=\"article\" \/>\n<meta property=\"og:title\" content=\"C-vitamiinia sis\u00e4lt\u00e4v\u00e4 ravitseva anti-age -kasvovoide\" \/>\n<meta property=\"og:description\" content=\"Mustaa valkosipulia ja C-vitamiinia sis\u00e4lt\u00e4v\u00e4 ravitseva anti-age -kasvovoide. Kasvovoiteen t\u00e4rkein ainesosa, musta valkosipuli, on perinteisen korealaisen..\" \/>\n<meta property=\"og:url\" content=\"https:\/\/tilk.bio\/fi\/verkkokauppa\/mustaa-valkosipulia-ja-c-vitamiinia-sisaltava-ravitseva-anti-age-kasvovoide\/\" \/>\n<meta property=\"og:site_name\" content=\"Tilk!\" \/>\n<meta property=\"article:publisher\" content=\"https:\/\/www.facebook.com\/tilk.bio\/\" \/>\n<meta property=\"article:modified_time\" content=\"2026-04-13T08:45:32+00:00\" \/>\n<meta property=\"og:image\" content=\"https:\/\/tilk.bio\/wp-content\/uploads\/2022\/09\/1.jpg\" \/>\n\t<meta property=\"og:image:width\" content=\"1200\" \/>\n\t<meta property=\"og:image:height\" content=\"1200\" \/>\n\t<meta property=\"og:image:type\" content=\"image\/jpeg\" \/>\n<meta name=\"twitter:card\" content=\"summary_large_image\" \/>\n<meta name=\"twitter:label1\" content=\"Arvioitu lukuaika\" \/>\n\t<meta name=\"twitter:data1\" content=\"1 minuutti\" \/>\n<script type=\"application\/ld+json\" class=\"yoast-schema-graph\">{\"@context\":\"https:\\\/\\\/schema.org\",\"@graph\":[{\"@type\":\"WebPage\",\"@id\":\"https:\\\/\\\/tilk.bio\\\/fi\\\/verkkokauppa\\\/mustaa-valkosipulia-ja-c-vitamiinia-sisaltava-ravitseva-anti-age-kasvovoide\\\/\",\"url\":\"https:\\\/\\\/tilk.bio\\\/fi\\\/verkkokauppa\\\/mustaa-valkosipulia-ja-c-vitamiinia-sisaltava-ravitseva-anti-age-kasvovoide\\\/\",\"name\":\"C-vitamiinia sis\u00e4lt\u00e4v\u00e4 ravitseva anti-age -kasvovoide\",\"isPartOf\":{\"@id\":\"https:\\\/\\\/tilk.bio\\\/et\\\/#website\"},\"primaryImageOfPage\":{\"@id\":\"https:\\\/\\\/tilk.bio\\\/fi\\\/verkkokauppa\\\/mustaa-valkosipulia-ja-c-vitamiinia-sisaltava-ravitseva-anti-age-kasvovoide\\\/#primaryimage\"},\"image\":{\"@id\":\"https:\\\/\\\/tilk.bio\\\/fi\\\/verkkokauppa\\\/mustaa-valkosipulia-ja-c-vitamiinia-sisaltava-ravitseva-anti-age-kasvovoide\\\/#primaryimage\"},\"thumbnailUrl\":\"https:\\\/\\\/tilk.bio\\\/wp-content\\\/uploads\\\/2022\\\/09\\\/1-1.jpg\",\"datePublished\":\"2022-09-16T07:30:26+00:00\",\"dateModified\":\"2026-04-13T08:45:32+00:00\",\"description\":\"Mustaa valkosipulia ja C-vitamiinia sis\u00e4lt\u00e4v\u00e4 ravitseva anti-age -kasvovoide. Kasvovoiteen t\u00e4rkein ainesosa, musta valkosipuli, on perinteisen korealaisen..\",\"breadcrumb\":{\"@id\":\"https:\\\/\\\/tilk.bio\\\/fi\\\/verkkokauppa\\\/mustaa-valkosipulia-ja-c-vitamiinia-sisaltava-ravitseva-anti-age-kasvovoide\\\/#breadcrumb\"},\"inLanguage\":\"fi\",\"potentialAction\":[{\"@type\":\"ReadAction\",\"target\":[\"https:\\\/\\\/tilk.bio\\\/fi\\\/verkkokauppa\\\/mustaa-valkosipulia-ja-c-vitamiinia-sisaltava-ravitseva-anti-age-kasvovoide\\\/\"]}]},{\"@type\":\"ImageObject\",\"inLanguage\":\"fi\",\"@id\":\"https:\\\/\\\/tilk.bio\\\/fi\\\/verkkokauppa\\\/mustaa-valkosipulia-ja-c-vitamiinia-sisaltava-ravitseva-anti-age-kasvovoide\\\/#primaryimage\",\"url\":\"https:\\\/\\\/tilk.bio\\\/wp-content\\\/uploads\\\/2022\\\/09\\\/1-1.jpg\",\"contentUrl\":\"https:\\\/\\\/tilk.bio\\\/wp-content\\\/uploads\\\/2022\\\/09\\\/1-1.jpg\",\"width\":1200,\"height\":1200,\"caption\":\"c vitamiin n\u00e4okreem\"},{\"@type\":\"BreadcrumbList\",\"@id\":\"https:\\\/\\\/tilk.bio\\\/fi\\\/verkkokauppa\\\/mustaa-valkosipulia-ja-c-vitamiinia-sisaltava-ravitseva-anti-age-kasvovoide\\\/#breadcrumb\",\"itemListElement\":[{\"@type\":\"ListItem\",\"position\":1,\"name\":\"Home\",\"item\":\"https:\\\/\\\/tilk.bio\\\/fi\\\/\"},{\"@type\":\"ListItem\",\"position\":2,\"name\":\"Verkkokauppa\",\"item\":\"https:\\\/\\\/tilk.bio\\\/fi\\\/verkkokauppa\\\/\"},{\"@type\":\"ListItem\",\"position\":3,\"name\":\"Mustaa valkosipulia ja C-vitamiinia sis\u00e4lt\u00e4v\u00e4 ravitseva anti-age -kasvovoide\"}]},{\"@type\":\"WebSite\",\"@id\":\"https:\\\/\\\/tilk.bio\\\/et\\\/#website\",\"url\":\"https:\\\/\\\/tilk.bio\\\/et\\\/\",\"name\":\"Tilk!\",\"description\":\"Natural and sustainable skincare!\",\"potentialAction\":[{\"@type\":\"SearchAction\",\"target\":{\"@type\":\"EntryPoint\",\"urlTemplate\":\"https:\\\/\\\/tilk.bio\\\/et\\\/?s={search_term_string}\"},\"query-input\":{\"@type\":\"PropertyValueSpecification\",\"valueRequired\":true,\"valueName\":\"search_term_string\"}}],\"inLanguage\":\"fi\"}]}<\/script>\n<!-- \/ Yoast SEO plugin. -->","yoast_head_json":{"title":"C-vitamiinia sis\u00e4lt\u00e4v\u00e4 ravitseva anti-age -kasvovoide","description":"Mustaa valkosipulia ja C-vitamiinia sis\u00e4lt\u00e4v\u00e4 ravitseva anti-age -kasvovoide. Kasvovoiteen t\u00e4rkein ainesosa, musta valkosipuli, on perinteisen korealaisen..","robots":{"index":"index","follow":"follow","max-snippet":"max-snippet:-1","max-image-preview":"max-image-preview:large","max-video-preview":"max-video-preview:-1"},"canonical":"https:\/\/tilk.bio\/fi\/verkkokauppa\/mustaa-valkosipulia-ja-c-vitamiinia-sisaltava-ravitseva-anti-age-kasvovoide\/","og_locale":"fi_FI","og_type":"article","og_title":"C-vitamiinia sis\u00e4lt\u00e4v\u00e4 ravitseva anti-age -kasvovoide","og_description":"Mustaa valkosipulia ja C-vitamiinia sis\u00e4lt\u00e4v\u00e4 ravitseva anti-age -kasvovoide. Kasvovoiteen t\u00e4rkein ainesosa, musta valkosipuli, on perinteisen korealaisen..","og_url":"https:\/\/tilk.bio\/fi\/verkkokauppa\/mustaa-valkosipulia-ja-c-vitamiinia-sisaltava-ravitseva-anti-age-kasvovoide\/","og_site_name":"Tilk!","article_publisher":"https:\/\/www.facebook.com\/tilk.bio\/","article_modified_time":"2026-04-13T08:45:32+00:00","og_image":[{"width":1200,"height":1200,"url":"https:\/\/tilk.bio\/wp-content\/uploads\/2022\/09\/1.jpg","type":"image\/jpeg"}],"twitter_card":"summary_large_image","twitter_misc":{"Arvioitu lukuaika":"1 minuutti"},"schema":{"@context":"https:\/\/schema.org","@graph":[{"@type":"WebPage","@id":"https:\/\/tilk.bio\/fi\/verkkokauppa\/mustaa-valkosipulia-ja-c-vitamiinia-sisaltava-ravitseva-anti-age-kasvovoide\/","url":"https:\/\/tilk.bio\/fi\/verkkokauppa\/mustaa-valkosipulia-ja-c-vitamiinia-sisaltava-ravitseva-anti-age-kasvovoide\/","name":"C-vitamiinia sis\u00e4lt\u00e4v\u00e4 ravitseva anti-age -kasvovoide","isPartOf":{"@id":"https:\/\/tilk.bio\/et\/#website"},"primaryImageOfPage":{"@id":"https:\/\/tilk.bio\/fi\/verkkokauppa\/mustaa-valkosipulia-ja-c-vitamiinia-sisaltava-ravitseva-anti-age-kasvovoide\/#primaryimage"},"image":{"@id":"https:\/\/tilk.bio\/fi\/verkkokauppa\/mustaa-valkosipulia-ja-c-vitamiinia-sisaltava-ravitseva-anti-age-kasvovoide\/#primaryimage"},"thumbnailUrl":"https:\/\/tilk.bio\/wp-content\/uploads\/2022\/09\/1-1.jpg","datePublished":"2022-09-16T07:30:26+00:00","dateModified":"2026-04-13T08:45:32+00:00","description":"Mustaa valkosipulia ja C-vitamiinia sis\u00e4lt\u00e4v\u00e4 ravitseva anti-age -kasvovoide. Kasvovoiteen t\u00e4rkein ainesosa, musta valkosipuli, on perinteisen korealaisen..","breadcrumb":{"@id":"https:\/\/tilk.bio\/fi\/verkkokauppa\/mustaa-valkosipulia-ja-c-vitamiinia-sisaltava-ravitseva-anti-age-kasvovoide\/#breadcrumb"},"inLanguage":"fi","potentialAction":[{"@type":"ReadAction","target":["https:\/\/tilk.bio\/fi\/verkkokauppa\/mustaa-valkosipulia-ja-c-vitamiinia-sisaltava-ravitseva-anti-age-kasvovoide\/"]}]},{"@type":"ImageObject","inLanguage":"fi","@id":"https:\/\/tilk.bio\/fi\/verkkokauppa\/mustaa-valkosipulia-ja-c-vitamiinia-sisaltava-ravitseva-anti-age-kasvovoide\/#primaryimage","url":"https:\/\/tilk.bio\/wp-content\/uploads\/2022\/09\/1-1.jpg","contentUrl":"https:\/\/tilk.bio\/wp-content\/uploads\/2022\/09\/1-1.jpg","width":1200,"height":1200,"caption":"c vitamiin n\u00e4okreem"},{"@type":"BreadcrumbList","@id":"https:\/\/tilk.bio\/fi\/verkkokauppa\/mustaa-valkosipulia-ja-c-vitamiinia-sisaltava-ravitseva-anti-age-kasvovoide\/#breadcrumb","itemListElement":[{"@type":"ListItem","position":1,"name":"Home","item":"https:\/\/tilk.bio\/fi\/"},{"@type":"ListItem","position":2,"name":"Verkkokauppa","item":"https:\/\/tilk.bio\/fi\/verkkokauppa\/"},{"@type":"ListItem","position":3,"name":"Mustaa valkosipulia ja C-vitamiinia sis\u00e4lt\u00e4v\u00e4 ravitseva anti-age -kasvovoide"}]},{"@type":"WebSite","@id":"https:\/\/tilk.bio\/et\/#website","url":"https:\/\/tilk.bio\/et\/","name":"Tilk!","description":"Natural and sustainable skincare!","potentialAction":[{"@type":"SearchAction","target":{"@type":"EntryPoint","urlTemplate":"https:\/\/tilk.bio\/et\/?s={search_term_string}"},"query-input":{"@type":"PropertyValueSpecification","valueRequired":true,"valueName":"search_term_string"}}],"inLanguage":"fi"}]}},"_links":{"self":[{"href":"https:\/\/tilk.bio\/fi\/wp-json\/wp\/v2\/product\/57282","targetHints":{"allow":["GET"]}}],"collection":[{"href":"https:\/\/tilk.bio\/fi\/wp-json\/wp\/v2\/product"}],"about":[{"href":"https:\/\/tilk.bio\/fi\/wp-json\/wp\/v2\/types\/product"}],"replies":[{"embeddable":true,"href":"https:\/\/tilk.bio\/fi\/wp-json\/wp\/v2\/comments?post=57282"}],"wp:featuredmedia":[{"embeddable":true,"href":"https:\/\/tilk.bio\/fi\/wp-json\/wp\/v2\/media\/77041"}],"wp:attachment":[{"href":"https:\/\/tilk.bio\/fi\/wp-json\/wp\/v2\/media?parent=57282"}],"wp:term":[{"taxonomy":"product_brand","embeddable":true,"href":"https:\/\/tilk.bio\/fi\/wp-json\/wp\/v2\/product_brand?post=57282"},{"taxonomy":"product_cat","embeddable":true,"href":"https:\/\/tilk.bio\/fi\/wp-json\/wp\/v2\/product_cat?post=57282"},{"taxonomy":"product_tag","embeddable":true,"href":"https:\/\/tilk.bio\/fi\/wp-json\/wp\/v2\/product_tag?post=57282"}],"curies":[{"name":"wp","href":"https:\/\/api.w.org\/{rel}","templated":true}]}}