{"id":57287,"date":"2022-09-16T10:30:07","date_gmt":"2022-09-16T07:30:07","guid":{"rendered":"https:\/\/tilk.bio\/shop\/mustaa-valkosipulia-ja-laventelia-sisaltava-ravitseva-anti-age-yovoide\/"},"modified":"2026-04-13T11:45:31","modified_gmt":"2026-04-13T08:45:31","slug":"mustaa-valkosipulia-ja-laventelia-sisaltava-ravitseva-anti-age-yovoide","status":"publish","type":"product","link":"https:\/\/tilk.bio\/fi\/verkkokauppa\/mustaa-valkosipulia-ja-laventelia-sisaltava-ravitseva-anti-age-yovoide\/","title":{"rendered":"Mustaa valkosipulia ja laventelia sis\u00e4lt\u00e4v\u00e4 ravitseva anti-age -y\u00f6voide"},"content":{"rendered":"<p>PALKITUSTI PARAS<\/p>\n<p>Mustaa valkosipulia ja laventelia sis\u00e4lt\u00e4v\u00e4 y\u00f6voide on ravitseva ja kosteuttava anti-age -tuote kuivalle ja ik\u00e4\u00e4ntymisen merkkej\u00e4 osoittavalle iholle. Suosittelemme voidetta yli 35-vuotiaille. Erityisen tehokkaan vaikutuksen saat yhdist\u00e4m\u00e4ll\u00e4 tuotteen<strong> <a href=\"https:\/\/tilk.bio\/fi\/verkkokauppa\/mustaa-valkosipulia-ja-c-vitamiinia-sisaltava-ravitseva-anti-age-kasvovoide\/\">C-vitamiinivoiteeseemme<\/a><\/strong>.<\/p>\n<p>Mustan valkosipulin sis\u00e4lt\u00e4m\u00e4t fenoliset yhdisteet taistelevat vapaita radikaaleja vastaan ja auttavat siten hidastamaan ihon ennenaikaista ik\u00e4\u00e4ntymist\u00e4. Mustan valkosipulin vaikuttavat ainesosat my\u00f6s uudistavat ihoa ja suojaavat sit\u00e4 ulkoisilta rasituksilta. Y\u00f6voide sis\u00e4lt\u00e4\u00e4 runsaasti kosteuttavia ainesosia ja \u00f6ljyj\u00e4, mitk\u00e4 tekev\u00e4t siit\u00e4 muihin voiteisiimme verrattuna runsaamman ja erityisen ravitsevan. Laventeli\u00f6ljy rauhoittaa ihoa, kevyt manteli\u00f6ljy puolestaan kosteuttaa sit\u00e4. Kookos\u00f6ljy ravitsee ihoa tehden siit\u00e4 elastisemman, vehn\u00e4nalkio\u00f6ljy on koostumukseltaan runsas, ravitseva ja vitamiinipitoinen. Jojoba\u00f6ljy on erinomainen kosteuttaja, joka muistuttaa eniten ihon luontaista rasvakerrosta. E-vitamiini hidastaa ihon ik\u00e4\u00e4ntymist\u00e4 edist\u00e4m\u00e4ll\u00e4 ihosolujen uudistumista ja auttamalla taistelussa vapaita radikaaleja vastaan. Glyseriini t\u00e4ydent\u00e4\u00e4 kosteutuksen. Kevyt laventelin tuoksu edist\u00e4\u00e4 hyv\u00e4\u00e4 unta.<\/p>\n<p><strong>K\u00e4ytt\u00f6:<\/strong> Levit\u00e4 puhdistetuille kasvoille ennen nukkumaan menoa. Hyvin kuivaihoisille soveltuu my\u00f6s p\u00e4iv\u00e4voiteeksi. Y\u00f6voiteena yhdistett\u00e4viss\u00e4 kaikkiin kasvovoiteisiimme, erityisesti <a href=\"https:\/\/tilk.bio\/fi\/verkkokauppa\/mustaa-valkosipulia-ja-c-vitamiinia-sisaltava-ravitseva-anti-age-kasvovoide\/\"><strong>C-vitamiinia sis\u00e4lt\u00e4v\u00e4\u00e4n anti-age -voiteeseen<\/strong><\/a>.<\/p>\n<p>Tuotteen kaikki ainesosat ovat luontaista ja vegaanista alkuper\u00e4\u00e4. Yhdess\u00e4 TalTechin tutkijoiden kanssa valmistettu innovatiivinen ihonhoitotuote yhdist\u00e4\u00e4 korealaisten perinteiden mukaan fermentoidun virolaisen mustan valkosipulin ja nykytieteen tehden niist\u00e4 toimivaa luonnonkosmetiikkaa.<\/p>\n<p>S\u00e4ilytys huoneenl\u00e4mm\u00f6ss\u00e4.<\/p>\n<p>Koko: 10ml\/60ml<\/p>\n","protected":false},"excerpt":{"rendered":"<p>PALKITUSTI PARAS Mustaa valkosipulia ja laventelia sis\u00e4lt\u00e4v\u00e4 y\u00f6voide on ravitseva ja kosteuttava anti-age -tuote kuivalle ja ik\u00e4\u00e4ntymisen merkkej\u00e4 osoittavalle iholle. Suosittelemme voidetta yli 35-vuotiaille. Erityisen tehokkaan vaikutuksen saat yhdist\u00e4m\u00e4ll\u00e4 tuotteen C-vitamiinivoiteeseemme. Mustan valkosipulin sis\u00e4lt\u00e4m\u00e4t fenoliset yhdisteet taistelevat vapaita radikaaleja vastaan ja auttavat siten hidastamaan ihon ennenaikaista ik\u00e4\u00e4ntymist\u00e4. Mustan valkosipulin vaikuttavat ainesosat my\u00f6s uudistavat ihoa ja&#8230;<\/p>\n","protected":false},"featured_media":77045,"comment_status":"open","ping_status":"closed","template":"","meta":{"_acf_changed":false},"product_brand":[],"product_cat":[729,740,501,512,630,737,502,736],"product_tag":[],"class_list":{"0":"post-57287","1":"product","2":"type-product","3":"status-publish","4":"has-post-thumbnail","6":"product_cat-herkka-iho","7":"product_cat-ikaantyva-iho","8":"product_cat-kaikki-tuotteet","9":"product_cat-kasvohoito","10":"product_cat-kasvovoiteet","11":"product_cat-kuiva-iho","12":"product_cat-myydyimmat","13":"product_cat-tilk-lab-fi","15":"first","16":"instock","17":"taxable","18":"shipping-taxable","19":"purchasable","20":"product-type-variable"},"acf":[],"yoast_head":"<!-- This site is optimized with the Yoast SEO plugin v27.4 - https:\/\/yoast.com\/product\/yoast-seo-wordpress\/ -->\n<title>Mustaa valkosipulia ja laventelia sis\u00e4lt\u00e4v\u00e4 ravitseva anti-age -y\u00f6voide - Tilk!<\/title>\n<meta name=\"robots\" content=\"index, follow, max-snippet:-1, max-image-preview:large, max-video-preview:-1\" \/>\n<link rel=\"canonical\" href=\"https:\/\/tilk.bio\/fi\/verkkokauppa\/mustaa-valkosipulia-ja-laventelia-sisaltava-ravitseva-anti-age-yovoide\/\" \/>\n<meta property=\"og:locale\" content=\"fi_FI\" \/>\n<meta property=\"og:type\" content=\"article\" \/>\n<meta property=\"og:title\" content=\"Mustaa valkosipulia ja laventelia sis\u00e4lt\u00e4v\u00e4 ravitseva anti-age -y\u00f6voide - Tilk!\" \/>\n<meta property=\"og:description\" content=\"PALKITUSTI PARAS Mustaa valkosipulia ja laventelia sis\u00e4lt\u00e4v\u00e4 y\u00f6voide on ravitseva ja kosteuttava anti-age -tuote kuivalle ja ik\u00e4\u00e4ntymisen merkkej\u00e4 osoittavalle iholle. Suosittelemme voidetta yli 35-vuotiaille. Erityisen tehokkaan vaikutuksen saat yhdist\u00e4m\u00e4ll\u00e4 tuotteen C-vitamiinivoiteeseemme. Mustan valkosipulin sis\u00e4lt\u00e4m\u00e4t fenoliset yhdisteet taistelevat vapaita radikaaleja vastaan ja auttavat siten hidastamaan ihon ennenaikaista ik\u00e4\u00e4ntymist\u00e4. Mustan valkosipulin vaikuttavat ainesosat my\u00f6s uudistavat ihoa ja...\" \/>\n<meta property=\"og:url\" content=\"https:\/\/tilk.bio\/fi\/verkkokauppa\/mustaa-valkosipulia-ja-laventelia-sisaltava-ravitseva-anti-age-yovoide\/\" \/>\n<meta property=\"og:site_name\" content=\"Tilk!\" \/>\n<meta property=\"article:publisher\" content=\"https:\/\/www.facebook.com\/tilk.bio\/\" \/>\n<meta property=\"article:modified_time\" content=\"2026-04-13T08:45:31+00:00\" \/>\n<meta property=\"og:image\" content=\"https:\/\/tilk.bio\/wp-content\/uploads\/2022\/09\/Untitled-design-31.jpg\" \/>\n\t<meta property=\"og:image:width\" content=\"1200\" \/>\n\t<meta property=\"og:image:height\" content=\"1200\" \/>\n\t<meta property=\"og:image:type\" content=\"image\/jpeg\" \/>\n<meta name=\"twitter:card\" content=\"summary_large_image\" \/>\n<meta name=\"twitter:label1\" content=\"Arvioitu lukuaika\" \/>\n\t<meta name=\"twitter:data1\" content=\"1 minuutti\" \/>\n<script type=\"application\/ld+json\" class=\"yoast-schema-graph\">{\"@context\":\"https:\\\/\\\/schema.org\",\"@graph\":[{\"@type\":\"WebPage\",\"@id\":\"https:\\\/\\\/tilk.bio\\\/fi\\\/verkkokauppa\\\/mustaa-valkosipulia-ja-laventelia-sisaltava-ravitseva-anti-age-yovoide\\\/\",\"url\":\"https:\\\/\\\/tilk.bio\\\/fi\\\/verkkokauppa\\\/mustaa-valkosipulia-ja-laventelia-sisaltava-ravitseva-anti-age-yovoide\\\/\",\"name\":\"Mustaa valkosipulia ja laventelia sis\u00e4lt\u00e4v\u00e4 ravitseva anti-age -y\u00f6voide - Tilk!\",\"isPartOf\":{\"@id\":\"https:\\\/\\\/tilk.bio\\\/et\\\/#website\"},\"primaryImageOfPage\":{\"@id\":\"https:\\\/\\\/tilk.bio\\\/fi\\\/verkkokauppa\\\/mustaa-valkosipulia-ja-laventelia-sisaltava-ravitseva-anti-age-yovoide\\\/#primaryimage\"},\"image\":{\"@id\":\"https:\\\/\\\/tilk.bio\\\/fi\\\/verkkokauppa\\\/mustaa-valkosipulia-ja-laventelia-sisaltava-ravitseva-anti-age-yovoide\\\/#primaryimage\"},\"thumbnailUrl\":\"https:\\\/\\\/tilk.bio\\\/wp-content\\\/uploads\\\/2022\\\/09\\\/Untitled-design-2.jpg\",\"datePublished\":\"2022-09-16T07:30:07+00:00\",\"dateModified\":\"2026-04-13T08:45:31+00:00\",\"breadcrumb\":{\"@id\":\"https:\\\/\\\/tilk.bio\\\/fi\\\/verkkokauppa\\\/mustaa-valkosipulia-ja-laventelia-sisaltava-ravitseva-anti-age-yovoide\\\/#breadcrumb\"},\"inLanguage\":\"fi\",\"potentialAction\":[{\"@type\":\"ReadAction\",\"target\":[\"https:\\\/\\\/tilk.bio\\\/fi\\\/verkkokauppa\\\/mustaa-valkosipulia-ja-laventelia-sisaltava-ravitseva-anti-age-yovoide\\\/\"]}]},{\"@type\":\"ImageObject\",\"inLanguage\":\"fi\",\"@id\":\"https:\\\/\\\/tilk.bio\\\/fi\\\/verkkokauppa\\\/mustaa-valkosipulia-ja-laventelia-sisaltava-ravitseva-anti-age-yovoide\\\/#primaryimage\",\"url\":\"https:\\\/\\\/tilk.bio\\\/wp-content\\\/uploads\\\/2022\\\/09\\\/Untitled-design-2.jpg\",\"contentUrl\":\"https:\\\/\\\/tilk.bio\\\/wp-content\\\/uploads\\\/2022\\\/09\\\/Untitled-design-2.jpg\",\"width\":1200,\"height\":1200},{\"@type\":\"BreadcrumbList\",\"@id\":\"https:\\\/\\\/tilk.bio\\\/fi\\\/verkkokauppa\\\/mustaa-valkosipulia-ja-laventelia-sisaltava-ravitseva-anti-age-yovoide\\\/#breadcrumb\",\"itemListElement\":[{\"@type\":\"ListItem\",\"position\":1,\"name\":\"Home\",\"item\":\"https:\\\/\\\/tilk.bio\\\/fi\\\/\"},{\"@type\":\"ListItem\",\"position\":2,\"name\":\"Verkkokauppa\",\"item\":\"https:\\\/\\\/tilk.bio\\\/fi\\\/verkkokauppa\\\/\"},{\"@type\":\"ListItem\",\"position\":3,\"name\":\"Mustaa valkosipulia ja laventelia sis\u00e4lt\u00e4v\u00e4 ravitseva anti-age -y\u00f6voide\"}]},{\"@type\":\"WebSite\",\"@id\":\"https:\\\/\\\/tilk.bio\\\/et\\\/#website\",\"url\":\"https:\\\/\\\/tilk.bio\\\/et\\\/\",\"name\":\"Tilk!\",\"description\":\"Natural and sustainable skincare!\",\"potentialAction\":[{\"@type\":\"SearchAction\",\"target\":{\"@type\":\"EntryPoint\",\"urlTemplate\":\"https:\\\/\\\/tilk.bio\\\/et\\\/?s={search_term_string}\"},\"query-input\":{\"@type\":\"PropertyValueSpecification\",\"valueRequired\":true,\"valueName\":\"search_term_string\"}}],\"inLanguage\":\"fi\"}]}<\/script>\n<!-- \/ Yoast SEO plugin. -->","yoast_head_json":{"title":"Mustaa valkosipulia ja laventelia sis\u00e4lt\u00e4v\u00e4 ravitseva anti-age -y\u00f6voide - Tilk!","robots":{"index":"index","follow":"follow","max-snippet":"max-snippet:-1","max-image-preview":"max-image-preview:large","max-video-preview":"max-video-preview:-1"},"canonical":"https:\/\/tilk.bio\/fi\/verkkokauppa\/mustaa-valkosipulia-ja-laventelia-sisaltava-ravitseva-anti-age-yovoide\/","og_locale":"fi_FI","og_type":"article","og_title":"Mustaa valkosipulia ja laventelia sis\u00e4lt\u00e4v\u00e4 ravitseva anti-age -y\u00f6voide - Tilk!","og_description":"PALKITUSTI PARAS Mustaa valkosipulia ja laventelia sis\u00e4lt\u00e4v\u00e4 y\u00f6voide on ravitseva ja kosteuttava anti-age -tuote kuivalle ja ik\u00e4\u00e4ntymisen merkkej\u00e4 osoittavalle iholle. Suosittelemme voidetta yli 35-vuotiaille. Erityisen tehokkaan vaikutuksen saat yhdist\u00e4m\u00e4ll\u00e4 tuotteen C-vitamiinivoiteeseemme. Mustan valkosipulin sis\u00e4lt\u00e4m\u00e4t fenoliset yhdisteet taistelevat vapaita radikaaleja vastaan ja auttavat siten hidastamaan ihon ennenaikaista ik\u00e4\u00e4ntymist\u00e4. Mustan valkosipulin vaikuttavat ainesosat my\u00f6s uudistavat ihoa ja...","og_url":"https:\/\/tilk.bio\/fi\/verkkokauppa\/mustaa-valkosipulia-ja-laventelia-sisaltava-ravitseva-anti-age-yovoide\/","og_site_name":"Tilk!","article_publisher":"https:\/\/www.facebook.com\/tilk.bio\/","article_modified_time":"2026-04-13T08:45:31+00:00","og_image":[{"width":1200,"height":1200,"url":"https:\/\/tilk.bio\/wp-content\/uploads\/2022\/09\/Untitled-design-31.jpg","type":"image\/jpeg"}],"twitter_card":"summary_large_image","twitter_misc":{"Arvioitu lukuaika":"1 minuutti"},"schema":{"@context":"https:\/\/schema.org","@graph":[{"@type":"WebPage","@id":"https:\/\/tilk.bio\/fi\/verkkokauppa\/mustaa-valkosipulia-ja-laventelia-sisaltava-ravitseva-anti-age-yovoide\/","url":"https:\/\/tilk.bio\/fi\/verkkokauppa\/mustaa-valkosipulia-ja-laventelia-sisaltava-ravitseva-anti-age-yovoide\/","name":"Mustaa valkosipulia ja laventelia sis\u00e4lt\u00e4v\u00e4 ravitseva anti-age -y\u00f6voide - Tilk!","isPartOf":{"@id":"https:\/\/tilk.bio\/et\/#website"},"primaryImageOfPage":{"@id":"https:\/\/tilk.bio\/fi\/verkkokauppa\/mustaa-valkosipulia-ja-laventelia-sisaltava-ravitseva-anti-age-yovoide\/#primaryimage"},"image":{"@id":"https:\/\/tilk.bio\/fi\/verkkokauppa\/mustaa-valkosipulia-ja-laventelia-sisaltava-ravitseva-anti-age-yovoide\/#primaryimage"},"thumbnailUrl":"https:\/\/tilk.bio\/wp-content\/uploads\/2022\/09\/Untitled-design-2.jpg","datePublished":"2022-09-16T07:30:07+00:00","dateModified":"2026-04-13T08:45:31+00:00","breadcrumb":{"@id":"https:\/\/tilk.bio\/fi\/verkkokauppa\/mustaa-valkosipulia-ja-laventelia-sisaltava-ravitseva-anti-age-yovoide\/#breadcrumb"},"inLanguage":"fi","potentialAction":[{"@type":"ReadAction","target":["https:\/\/tilk.bio\/fi\/verkkokauppa\/mustaa-valkosipulia-ja-laventelia-sisaltava-ravitseva-anti-age-yovoide\/"]}]},{"@type":"ImageObject","inLanguage":"fi","@id":"https:\/\/tilk.bio\/fi\/verkkokauppa\/mustaa-valkosipulia-ja-laventelia-sisaltava-ravitseva-anti-age-yovoide\/#primaryimage","url":"https:\/\/tilk.bio\/wp-content\/uploads\/2022\/09\/Untitled-design-2.jpg","contentUrl":"https:\/\/tilk.bio\/wp-content\/uploads\/2022\/09\/Untitled-design-2.jpg","width":1200,"height":1200},{"@type":"BreadcrumbList","@id":"https:\/\/tilk.bio\/fi\/verkkokauppa\/mustaa-valkosipulia-ja-laventelia-sisaltava-ravitseva-anti-age-yovoide\/#breadcrumb","itemListElement":[{"@type":"ListItem","position":1,"name":"Home","item":"https:\/\/tilk.bio\/fi\/"},{"@type":"ListItem","position":2,"name":"Verkkokauppa","item":"https:\/\/tilk.bio\/fi\/verkkokauppa\/"},{"@type":"ListItem","position":3,"name":"Mustaa valkosipulia ja laventelia sis\u00e4lt\u00e4v\u00e4 ravitseva anti-age -y\u00f6voide"}]},{"@type":"WebSite","@id":"https:\/\/tilk.bio\/et\/#website","url":"https:\/\/tilk.bio\/et\/","name":"Tilk!","description":"Natural and sustainable skincare!","potentialAction":[{"@type":"SearchAction","target":{"@type":"EntryPoint","urlTemplate":"https:\/\/tilk.bio\/et\/?s={search_term_string}"},"query-input":{"@type":"PropertyValueSpecification","valueRequired":true,"valueName":"search_term_string"}}],"inLanguage":"fi"}]}},"_links":{"self":[{"href":"https:\/\/tilk.bio\/fi\/wp-json\/wp\/v2\/product\/57287","targetHints":{"allow":["GET"]}}],"collection":[{"href":"https:\/\/tilk.bio\/fi\/wp-json\/wp\/v2\/product"}],"about":[{"href":"https:\/\/tilk.bio\/fi\/wp-json\/wp\/v2\/types\/product"}],"replies":[{"embeddable":true,"href":"https:\/\/tilk.bio\/fi\/wp-json\/wp\/v2\/comments?post=57287"}],"wp:featuredmedia":[{"embeddable":true,"href":"https:\/\/tilk.bio\/fi\/wp-json\/wp\/v2\/media\/77045"}],"wp:attachment":[{"href":"https:\/\/tilk.bio\/fi\/wp-json\/wp\/v2\/media?parent=57287"}],"wp:term":[{"taxonomy":"product_brand","embeddable":true,"href":"https:\/\/tilk.bio\/fi\/wp-json\/wp\/v2\/product_brand?post=57287"},{"taxonomy":"product_cat","embeddable":true,"href":"https:\/\/tilk.bio\/fi\/wp-json\/wp\/v2\/product_cat?post=57287"},{"taxonomy":"product_tag","embeddable":true,"href":"https:\/\/tilk.bio\/fi\/wp-json\/wp\/v2\/product_tag?post=57287"}],"curies":[{"name":"wp","href":"https:\/\/api.w.org\/{rel}","templated":true}]}}