{"id":59892,"date":"2011-11-18T11:28:08","date_gmt":"2011-11-18T09:28:08","guid":{"rendered":"https:\/\/tilk.bio\/?post_type=product&#038;p=59892"},"modified":"2026-04-07T12:15:07","modified_gmt":"2026-04-07T09:15:07","slug":"mustaa-valkosipulia-ja-raikastavaa-minttua-sisaltava-rauhoittava-deodorantti-copy","status":"publish","type":"product","link":"https:\/\/tilk.bio\/fi\/verkkokauppa\/mustaa-valkosipulia-ja-raikastavaa-minttua-sisaltava-rauhoittava-deodorantti-copy\/","title":{"rendered":"Mustaa valkosipulia ja raikastavaa minttua sis\u00e4lt\u00e4v\u00e4 rauhoittava deodorantti 2x30ml"},"content":{"rendered":"<p>Raikas ja alumiiniton deodorantti tasapainottaa liiallista hikoilua ja neutralisoi ep\u00e4miellytt\u00e4vi\u00e4 hajuja. Luontaisista ainesosista valmistettu deodorantti antaa raikkaan tunteen koko p\u00e4iv\u00e4ksi.<\/p>\n<p>Nuolijuurijauhe imee itseens\u00e4 ylim\u00e4\u00e4r\u00e4ist\u00e4 kosteutta, eik\u00e4 j\u00e4t\u00e4 vaatteisiin valkoisia tahroja. Sinkkioksidi neutralisoi ep\u00e4miellytt\u00e4vi\u00e4 hajuja, sheavoi ja kookos\u00f6ljy yll\u00e4pit\u00e4v\u00e4t ihon kosteustasapainoa. Musta valkosipuli auttaa tuhoamaan haitallisia bakteereja ja mikrobeja. Deodorantti tuoksuu mintun ja appelsiinin miellytt\u00e4v\u00e4lt\u00e4 sekoitukselta.<\/p>\n<p><strong>K\u00e4ytt\u00f6:<\/strong> Levit\u00e4 pieni m\u00e4\u00e4r\u00e4 voidemaista deodoranttia kainaloon ja hiero hell\u00e4varaisesti sormenp\u00e4ill\u00e4 tai k\u00e4mmenell\u00e4. Deodorantti pit\u00e4\u00e4 sinut raikkaana koko p\u00e4iv\u00e4n.<\/p>\n<p>Tuotteen kaikki ainesosat ovat luontaista ja vegaanista alkuper\u00e4\u00e4. Yhdess\u00e4 TalTechin tutkijoiden kanssa valmistettu innovatiivinen ihonhoitotuote yhdist\u00e4\u00e4 korealaisten perinteiden mukaan fermentoidun virolaisen mustan valkosipulin ja nykytieteen tehden niist\u00e4 toimivaa luonnonkosmetiikkaa.<\/p>\n<p>S\u00e4ilytys suoralta p\u00e4iv\u00e4nvalolta suojattuna alle 25 asteessa.<\/p>\n<p>Koko: 2 x 30 ml<\/p>\n","protected":false},"excerpt":{"rendered":"<p>Raikas ja alumiiniton deodorantti tasapainottaa liiallista hikoilua ja neutralisoi ep\u00e4miellytt\u00e4vi\u00e4 hajuja. Luontaisista ainesosista valmistettu deodorantti antaa raikkaan tunteen koko p\u00e4iv\u00e4ksi. Nuolijuurijauhe imee itseens\u00e4 ylim\u00e4\u00e4r\u00e4ist\u00e4 kosteutta, eik\u00e4 j\u00e4t\u00e4 vaatteisiin valkoisia tahroja. Sinkkioksidi neutralisoi ep\u00e4miellytt\u00e4vi\u00e4 hajuja, sheavoi ja kookos\u00f6ljy yll\u00e4pit\u00e4v\u00e4t ihon kosteustasapainoa. Musta valkosipuli auttaa tuhoamaan haitallisia bakteereja ja mikrobeja. Deodorantti tuoksuu mintun ja appelsiinin miellytt\u00e4v\u00e4lt\u00e4 sekoitukselta&#8230;.<\/p>\n","protected":false},"featured_media":67774,"comment_status":"closed","ping_status":"closed","template":"","meta":{"_acf_changed":false},"product_brand":[],"product_cat":[625,501,979,736,503],"product_tag":[],"class_list":{"0":"post-59892","1":"product","2":"type-product","3":"status-publish","4":"has-post-thumbnail","6":"product_cat-deodorantit","7":"product_cat-kaikki-tuotteet","8":"product_cat-shea-butter","9":"product_cat-tilk-lab-fi","10":"product_cat-vartalo","12":"first","13":"instock","14":"sale","15":"taxable","16":"shipping-taxable","17":"purchasable","18":"product-type-variable"},"acf":[],"yoast_head":"<!-- This site is optimized with the Yoast SEO plugin v27.4 - https:\/\/yoast.com\/product\/yoast-seo-wordpress\/ -->\n<title>Mustaa valkosipulia ja raikastavaa minttua sis\u00e4lt\u00e4v\u00e4 rauhoittava deodorantti 2x30ml - Tilk!<\/title>\n<meta name=\"robots\" content=\"index, follow, max-snippet:-1, max-image-preview:large, max-video-preview:-1\" \/>\n<link rel=\"canonical\" href=\"https:\/\/tilk.bio\/fi\/verkkokauppa\/mustaa-valkosipulia-ja-raikastavaa-minttua-sisaltava-rauhoittava-deodorantti-copy\/\" \/>\n<meta property=\"og:locale\" content=\"fi_FI\" \/>\n<meta property=\"og:type\" content=\"article\" \/>\n<meta property=\"og:title\" content=\"Mustaa valkosipulia ja raikastavaa minttua sis\u00e4lt\u00e4v\u00e4 rauhoittava deodorantti 2x30ml - Tilk!\" \/>\n<meta property=\"og:description\" content=\"Raikas ja alumiiniton deodorantti tasapainottaa liiallista hikoilua ja neutralisoi ep\u00e4miellytt\u00e4vi\u00e4 hajuja. Luontaisista ainesosista valmistettu deodorantti antaa raikkaan tunteen koko p\u00e4iv\u00e4ksi. Nuolijuurijauhe imee itseens\u00e4 ylim\u00e4\u00e4r\u00e4ist\u00e4 kosteutta, eik\u00e4 j\u00e4t\u00e4 vaatteisiin valkoisia tahroja. Sinkkioksidi neutralisoi ep\u00e4miellytt\u00e4vi\u00e4 hajuja, sheavoi ja kookos\u00f6ljy yll\u00e4pit\u00e4v\u00e4t ihon kosteustasapainoa. Musta valkosipuli auttaa tuhoamaan haitallisia bakteereja ja mikrobeja. Deodorantti tuoksuu mintun ja appelsiinin miellytt\u00e4v\u00e4lt\u00e4 sekoitukselta....\" \/>\n<meta property=\"og:url\" content=\"https:\/\/tilk.bio\/fi\/verkkokauppa\/mustaa-valkosipulia-ja-raikastavaa-minttua-sisaltava-rauhoittava-deodorantti-copy\/\" \/>\n<meta property=\"og:site_name\" content=\"Tilk!\" \/>\n<meta property=\"article:publisher\" content=\"https:\/\/www.facebook.com\/tilk.bio\/\" \/>\n<meta property=\"article:modified_time\" content=\"2026-04-07T09:15:07+00:00\" \/>\n<meta property=\"og:image\" content=\"https:\/\/tilk.bio\/wp-content\/uploads\/2011\/11\/Untitled-design-84.jpg\" \/>\n\t<meta property=\"og:image:width\" content=\"1200\" \/>\n\t<meta property=\"og:image:height\" content=\"1200\" \/>\n\t<meta property=\"og:image:type\" content=\"image\/jpeg\" \/>\n<meta name=\"twitter:card\" content=\"summary_large_image\" \/>\n<meta name=\"twitter:label1\" content=\"Arvioitu lukuaika\" \/>\n\t<meta name=\"twitter:data1\" content=\"1 minuutti\" \/>\n<script type=\"application\/ld+json\" class=\"yoast-schema-graph\">{\"@context\":\"https:\\\/\\\/schema.org\",\"@graph\":[{\"@type\":\"WebPage\",\"@id\":\"https:\\\/\\\/tilk.bio\\\/fi\\\/verkkokauppa\\\/mustaa-valkosipulia-ja-raikastavaa-minttua-sisaltava-rauhoittava-deodorantti-copy\\\/\",\"url\":\"https:\\\/\\\/tilk.bio\\\/fi\\\/verkkokauppa\\\/mustaa-valkosipulia-ja-raikastavaa-minttua-sisaltava-rauhoittava-deodorantti-copy\\\/\",\"name\":\"Mustaa valkosipulia ja raikastavaa minttua sis\u00e4lt\u00e4v\u00e4 rauhoittava deodorantti 2x30ml - Tilk!\",\"isPartOf\":{\"@id\":\"https:\\\/\\\/tilk.bio\\\/et\\\/#website\"},\"primaryImageOfPage\":{\"@id\":\"https:\\\/\\\/tilk.bio\\\/fi\\\/verkkokauppa\\\/mustaa-valkosipulia-ja-raikastavaa-minttua-sisaltava-rauhoittava-deodorantti-copy\\\/#primaryimage\"},\"image\":{\"@id\":\"https:\\\/\\\/tilk.bio\\\/fi\\\/verkkokauppa\\\/mustaa-valkosipulia-ja-raikastavaa-minttua-sisaltava-rauhoittava-deodorantti-copy\\\/#primaryimage\"},\"thumbnailUrl\":\"https:\\\/\\\/tilk.bio\\\/wp-content\\\/uploads\\\/2011\\\/11\\\/Untitled-design-84.jpg\",\"datePublished\":\"2011-11-18T09:28:08+00:00\",\"dateModified\":\"2026-04-07T09:15:07+00:00\",\"breadcrumb\":{\"@id\":\"https:\\\/\\\/tilk.bio\\\/fi\\\/verkkokauppa\\\/mustaa-valkosipulia-ja-raikastavaa-minttua-sisaltava-rauhoittava-deodorantti-copy\\\/#breadcrumb\"},\"inLanguage\":\"fi\",\"potentialAction\":[{\"@type\":\"ReadAction\",\"target\":[\"https:\\\/\\\/tilk.bio\\\/fi\\\/verkkokauppa\\\/mustaa-valkosipulia-ja-raikastavaa-minttua-sisaltava-rauhoittava-deodorantti-copy\\\/\"]}]},{\"@type\":\"ImageObject\",\"inLanguage\":\"fi\",\"@id\":\"https:\\\/\\\/tilk.bio\\\/fi\\\/verkkokauppa\\\/mustaa-valkosipulia-ja-raikastavaa-minttua-sisaltava-rauhoittava-deodorantti-copy\\\/#primaryimage\",\"url\":\"https:\\\/\\\/tilk.bio\\\/wp-content\\\/uploads\\\/2011\\\/11\\\/Untitled-design-84.jpg\",\"contentUrl\":\"https:\\\/\\\/tilk.bio\\\/wp-content\\\/uploads\\\/2011\\\/11\\\/Untitled-design-84.jpg\",\"width\":1200,\"height\":1200},{\"@type\":\"BreadcrumbList\",\"@id\":\"https:\\\/\\\/tilk.bio\\\/fi\\\/verkkokauppa\\\/mustaa-valkosipulia-ja-raikastavaa-minttua-sisaltava-rauhoittava-deodorantti-copy\\\/#breadcrumb\",\"itemListElement\":[{\"@type\":\"ListItem\",\"position\":1,\"name\":\"Home\",\"item\":\"https:\\\/\\\/tilk.bio\\\/fi\\\/\"},{\"@type\":\"ListItem\",\"position\":2,\"name\":\"Verkkokauppa\",\"item\":\"https:\\\/\\\/tilk.bio\\\/fi\\\/verkkokauppa\\\/\"},{\"@type\":\"ListItem\",\"position\":3,\"name\":\"Mustaa valkosipulia ja raikastavaa minttua sis\u00e4lt\u00e4v\u00e4 rauhoittava deodorantti 2x30ml\"}]},{\"@type\":\"WebSite\",\"@id\":\"https:\\\/\\\/tilk.bio\\\/et\\\/#website\",\"url\":\"https:\\\/\\\/tilk.bio\\\/et\\\/\",\"name\":\"Tilk!\",\"description\":\"Natural and sustainable skincare!\",\"potentialAction\":[{\"@type\":\"SearchAction\",\"target\":{\"@type\":\"EntryPoint\",\"urlTemplate\":\"https:\\\/\\\/tilk.bio\\\/et\\\/?s={search_term_string}\"},\"query-input\":{\"@type\":\"PropertyValueSpecification\",\"valueRequired\":true,\"valueName\":\"search_term_string\"}}],\"inLanguage\":\"fi\"}]}<\/script>\n<!-- \/ Yoast SEO plugin. -->","yoast_head_json":{"title":"Mustaa valkosipulia ja raikastavaa minttua sis\u00e4lt\u00e4v\u00e4 rauhoittava deodorantti 2x30ml - Tilk!","robots":{"index":"index","follow":"follow","max-snippet":"max-snippet:-1","max-image-preview":"max-image-preview:large","max-video-preview":"max-video-preview:-1"},"canonical":"https:\/\/tilk.bio\/fi\/verkkokauppa\/mustaa-valkosipulia-ja-raikastavaa-minttua-sisaltava-rauhoittava-deodorantti-copy\/","og_locale":"fi_FI","og_type":"article","og_title":"Mustaa valkosipulia ja raikastavaa minttua sis\u00e4lt\u00e4v\u00e4 rauhoittava deodorantti 2x30ml - Tilk!","og_description":"Raikas ja alumiiniton deodorantti tasapainottaa liiallista hikoilua ja neutralisoi ep\u00e4miellytt\u00e4vi\u00e4 hajuja. Luontaisista ainesosista valmistettu deodorantti antaa raikkaan tunteen koko p\u00e4iv\u00e4ksi. Nuolijuurijauhe imee itseens\u00e4 ylim\u00e4\u00e4r\u00e4ist\u00e4 kosteutta, eik\u00e4 j\u00e4t\u00e4 vaatteisiin valkoisia tahroja. Sinkkioksidi neutralisoi ep\u00e4miellytt\u00e4vi\u00e4 hajuja, sheavoi ja kookos\u00f6ljy yll\u00e4pit\u00e4v\u00e4t ihon kosteustasapainoa. Musta valkosipuli auttaa tuhoamaan haitallisia bakteereja ja mikrobeja. Deodorantti tuoksuu mintun ja appelsiinin miellytt\u00e4v\u00e4lt\u00e4 sekoitukselta....","og_url":"https:\/\/tilk.bio\/fi\/verkkokauppa\/mustaa-valkosipulia-ja-raikastavaa-minttua-sisaltava-rauhoittava-deodorantti-copy\/","og_site_name":"Tilk!","article_publisher":"https:\/\/www.facebook.com\/tilk.bio\/","article_modified_time":"2026-04-07T09:15:07+00:00","og_image":[{"width":1200,"height":1200,"url":"https:\/\/tilk.bio\/wp-content\/uploads\/2011\/11\/Untitled-design-84.jpg","type":"image\/jpeg"}],"twitter_card":"summary_large_image","twitter_misc":{"Arvioitu lukuaika":"1 minuutti"},"schema":{"@context":"https:\/\/schema.org","@graph":[{"@type":"WebPage","@id":"https:\/\/tilk.bio\/fi\/verkkokauppa\/mustaa-valkosipulia-ja-raikastavaa-minttua-sisaltava-rauhoittava-deodorantti-copy\/","url":"https:\/\/tilk.bio\/fi\/verkkokauppa\/mustaa-valkosipulia-ja-raikastavaa-minttua-sisaltava-rauhoittava-deodorantti-copy\/","name":"Mustaa valkosipulia ja raikastavaa minttua sis\u00e4lt\u00e4v\u00e4 rauhoittava deodorantti 2x30ml - Tilk!","isPartOf":{"@id":"https:\/\/tilk.bio\/et\/#website"},"primaryImageOfPage":{"@id":"https:\/\/tilk.bio\/fi\/verkkokauppa\/mustaa-valkosipulia-ja-raikastavaa-minttua-sisaltava-rauhoittava-deodorantti-copy\/#primaryimage"},"image":{"@id":"https:\/\/tilk.bio\/fi\/verkkokauppa\/mustaa-valkosipulia-ja-raikastavaa-minttua-sisaltava-rauhoittava-deodorantti-copy\/#primaryimage"},"thumbnailUrl":"https:\/\/tilk.bio\/wp-content\/uploads\/2011\/11\/Untitled-design-84.jpg","datePublished":"2011-11-18T09:28:08+00:00","dateModified":"2026-04-07T09:15:07+00:00","breadcrumb":{"@id":"https:\/\/tilk.bio\/fi\/verkkokauppa\/mustaa-valkosipulia-ja-raikastavaa-minttua-sisaltava-rauhoittava-deodorantti-copy\/#breadcrumb"},"inLanguage":"fi","potentialAction":[{"@type":"ReadAction","target":["https:\/\/tilk.bio\/fi\/verkkokauppa\/mustaa-valkosipulia-ja-raikastavaa-minttua-sisaltava-rauhoittava-deodorantti-copy\/"]}]},{"@type":"ImageObject","inLanguage":"fi","@id":"https:\/\/tilk.bio\/fi\/verkkokauppa\/mustaa-valkosipulia-ja-raikastavaa-minttua-sisaltava-rauhoittava-deodorantti-copy\/#primaryimage","url":"https:\/\/tilk.bio\/wp-content\/uploads\/2011\/11\/Untitled-design-84.jpg","contentUrl":"https:\/\/tilk.bio\/wp-content\/uploads\/2011\/11\/Untitled-design-84.jpg","width":1200,"height":1200},{"@type":"BreadcrumbList","@id":"https:\/\/tilk.bio\/fi\/verkkokauppa\/mustaa-valkosipulia-ja-raikastavaa-minttua-sisaltava-rauhoittava-deodorantti-copy\/#breadcrumb","itemListElement":[{"@type":"ListItem","position":1,"name":"Home","item":"https:\/\/tilk.bio\/fi\/"},{"@type":"ListItem","position":2,"name":"Verkkokauppa","item":"https:\/\/tilk.bio\/fi\/verkkokauppa\/"},{"@type":"ListItem","position":3,"name":"Mustaa valkosipulia ja raikastavaa minttua sis\u00e4lt\u00e4v\u00e4 rauhoittava deodorantti 2x30ml"}]},{"@type":"WebSite","@id":"https:\/\/tilk.bio\/et\/#website","url":"https:\/\/tilk.bio\/et\/","name":"Tilk!","description":"Natural and sustainable skincare!","potentialAction":[{"@type":"SearchAction","target":{"@type":"EntryPoint","urlTemplate":"https:\/\/tilk.bio\/et\/?s={search_term_string}"},"query-input":{"@type":"PropertyValueSpecification","valueRequired":true,"valueName":"search_term_string"}}],"inLanguage":"fi"}]}},"_links":{"self":[{"href":"https:\/\/tilk.bio\/fi\/wp-json\/wp\/v2\/product\/59892","targetHints":{"allow":["GET"]}}],"collection":[{"href":"https:\/\/tilk.bio\/fi\/wp-json\/wp\/v2\/product"}],"about":[{"href":"https:\/\/tilk.bio\/fi\/wp-json\/wp\/v2\/types\/product"}],"replies":[{"embeddable":true,"href":"https:\/\/tilk.bio\/fi\/wp-json\/wp\/v2\/comments?post=59892"}],"wp:featuredmedia":[{"embeddable":true,"href":"https:\/\/tilk.bio\/fi\/wp-json\/wp\/v2\/media\/67774"}],"wp:attachment":[{"href":"https:\/\/tilk.bio\/fi\/wp-json\/wp\/v2\/media?parent=59892"}],"wp:term":[{"taxonomy":"product_brand","embeddable":true,"href":"https:\/\/tilk.bio\/fi\/wp-json\/wp\/v2\/product_brand?post=59892"},{"taxonomy":"product_cat","embeddable":true,"href":"https:\/\/tilk.bio\/fi\/wp-json\/wp\/v2\/product_cat?post=59892"},{"taxonomy":"product_tag","embeddable":true,"href":"https:\/\/tilk.bio\/fi\/wp-json\/wp\/v2\/product_tag?post=59892"}],"curies":[{"name":"wp","href":"https:\/\/api.w.org\/{rel}","templated":true}]}}