{"id":60398,"date":"2021-12-02T02:23:45","date_gmt":"2021-12-02T00:23:45","guid":{"rendered":"https:\/\/tilk.bio\/shop\/repair-me-c-vitamiinia-tyrnia-ja-appelsiinia-sisaltava-uudistava-kasvooljy\/"},"modified":"2026-03-16T21:30:07","modified_gmt":"2026-03-16T19:30:07","slug":"repair-me-c-vitamiinia-tyrnia-ja-appelsiinia-sisaltava-uudistava-kasvooljy","status":"publish","type":"product","link":"https:\/\/tilk.bio\/fi\/verkkokauppa\/repair-me-c-vitamiinia-tyrnia-ja-appelsiinia-sisaltava-uudistava-kasvooljy\/","title":{"rendered":"Repair Me \u2013 C-vitamiinia, tyrni\u00e4 ja appelsiinia sis\u00e4lt\u00e4v\u00e4 uudistava kasvo\u00f6ljy"},"content":{"rendered":"<p>Repair Me on ihoa uudistava ja ravitseva, raikkaalta appelsiinilta tuoksuva kasvo\u00f6ljy. Runsaasti C-vitamiinia sis\u00e4lt\u00e4v\u00e4 \u00f6ljy edist\u00e4\u00e4 kollageenin tuotantoa, uudistaa v\u00e4synytt\u00e4 ihoa ja ehk\u00e4isee sen ennenaikaista ik\u00e4\u00e4ntymist\u00e4. C-vitamiini taistelee vapaita radikaaleja ja UV-s\u00e4teiden haittoja vastaan, mink\u00e4 lis\u00e4ksi \u00f6ljy vaalentaa pigmenttil\u00e4iski\u00e4 ja ravitsee ihoa.<\/p>\n<p>Repair me -kasvo\u00f6ljyn C-vitamiinipitoiset ainesosat on huolellisesti valittu. \u00d6ljyn p\u00e4\u00e4ainesosiin kuuluvat acerolakirsikka ja kev\u00e4tesikko, jotka tunnetaan korkeista C-vitamiinipitoisuuksistaan. C-vitamiinilla on merkitt\u00e4v\u00e4 rooli ihon kimmoisana, sile\u00e4n\u00e4 ja nuorekkaana pit\u00e4v\u00e4n kollageenin tuotannossa. Kev\u00e4tesikko lis\u00e4ksi rauhoittaa ihoa, lievitt\u00e4\u00e4 allergisia reaktioita ja toimii bakteereja ja sieni\u00e4 ehk\u00e4isten. Se my\u00f6s v\u00e4hent\u00e4\u00e4 ihon punoitusta, vahvistaa v\u00e4synytt\u00e4 ihoa ja vaalentaa pigmenttil\u00e4iski\u00e4.<\/p>\n<p>Tyrni\u00f6ljyn sis\u00e4lt\u00e4m\u00e4t C-, E-, K- ja P-vitamiinit tekev\u00e4t ihosta silkinpehme\u00e4n, mink\u00e4 lis\u00e4ksi tyrni edesauttaa mikrohaavojen parantumista. Luonnollisen nokkosuutteen sis\u00e4lt\u00e4m\u00e4t A- ja C-vitamiinit vilkastuttavat verenkiertoa. Nokkonen my\u00f6s vahvistaa ihon rakennetta ja hoitaa \u00e4rtynytt\u00e4 ihoa. Jojoba\u00f5li kosteuttaa ja ravitsee ihoa taistellen vapaita radikaaleja vastaan, lis\u00e4ksi aprikoosinsiemen\u00f6ljy kosteuttaa ja rauhoittaa ihoa. Kasvo\u00f6ljylle ihanan raikkaan aromin antava appelsiinin eteerinen \u00f6ljy lievitt\u00e4\u00e4 stressi\u00e4, kohottaa mielialaa ja antaa energiaa.<\/p>\n<p><strong>K\u00e4ytt\u00f6<\/strong>:\u00a0Levit\u00e4 otsalle ja poskille kasvojen puhdistamisen j\u00e4lkeen. Hiero hell\u00e4varaisesti kaikkialle kasvoihin, kunnes \u00f6ljy on imeytynyt. K\u00e4yt\u00e4 aamuin ja\/tai illoin kasvovoiteen sijaan. Jos kaipaat lis\u00e4kosteutusta, levit\u00e4 iholle ensin \u00f6ljy, sen j\u00e4lkeen kasvovoide.<\/p>\n<p>Tuotteen kaikki ainesosat ovat luontaista ja vegaanista alkuper\u00e4\u00e4. Tuotteessa on k\u00e4ytetty Saarenmaalta k\u00e4sin poimituista kasveista saatuja \u00f6ljyj\u00e4.<\/p>\n<p>S\u00e4ilytys huoneenl\u00e4mm\u00f6ss\u00e4 suoralta p\u00e4iv\u00e4nvalolta suojattuna.<\/p>\n<p>Koko: 30 ml<\/p>\n","protected":false},"excerpt":{"rendered":"<p>Repair Me on ihoa uudistava ja ravitseva, raikkaalta appelsiinilta tuoksuva kasvo\u00f6ljy. Runsaasti C-vitamiinia sis\u00e4lt\u00e4v\u00e4 \u00f6ljy edist\u00e4\u00e4 kollageenin tuotantoa, uudistaa v\u00e4synytt\u00e4 ihoa ja ehk\u00e4isee sen ennenaikaista ik\u00e4\u00e4ntymist\u00e4. C-vitamiini taistelee vapaita radikaaleja ja UV-s\u00e4teiden haittoja vastaan, mink\u00e4 lis\u00e4ksi \u00f6ljy vaalentaa pigmenttil\u00e4iski\u00e4 ja ravitsee ihoa. Repair me -kasvo\u00f6ljyn C-vitamiinipitoiset ainesosat on huolellisesti valittu. \u00d6ljyn p\u00e4\u00e4ainesosiin kuuluvat acerolakirsikka ja&#8230;<\/p>\n","protected":false},"featured_media":67193,"comment_status":"open","ping_status":"closed","template":"","meta":{"_acf_changed":false},"product_brand":[],"product_cat":[740,501,512,632,627],"product_tag":[],"class_list":{"0":"post-60398","1":"product","2":"type-product","3":"status-publish","4":"has-post-thumbnail","6":"product_cat-ikaantyva-iho","7":"product_cat-kaikki-tuotteet","8":"product_cat-kasvohoito","9":"product_cat-kasvooljyt-seerumit","10":"product_cat-pure-luxury-fi","12":"first","13":"instock","14":"taxable","15":"shipping-taxable","16":"purchasable","17":"product-type-simple"},"acf":[],"yoast_head":"<!-- This site is optimized with the Yoast SEO plugin v27.3 - https:\/\/yoast.com\/product\/yoast-seo-wordpress\/ -->\n<title>Repair Me \u2013 C-vitamiinia, tyrni\u00e4 ja appelsiinia sis\u00e4lt\u00e4v\u00e4 uudistava kasvo\u00f6ljy - Tilk!<\/title>\n<meta name=\"robots\" content=\"index, follow, max-snippet:-1, max-image-preview:large, max-video-preview:-1\" \/>\n<link rel=\"canonical\" href=\"https:\/\/tilk.bio\/fi\/verkkokauppa\/repair-me-c-vitamiinia-tyrnia-ja-appelsiinia-sisaltava-uudistava-kasvooljy\/\" \/>\n<meta property=\"og:locale\" content=\"fi_FI\" \/>\n<meta property=\"og:type\" content=\"article\" \/>\n<meta property=\"og:title\" content=\"Repair Me \u2013 C-vitamiinia, tyrni\u00e4 ja appelsiinia sis\u00e4lt\u00e4v\u00e4 uudistava kasvo\u00f6ljy - Tilk!\" \/>\n<meta property=\"og:description\" content=\"Repair Me on ihoa uudistava ja ravitseva, raikkaalta appelsiinilta tuoksuva kasvo\u00f6ljy. Runsaasti C-vitamiinia sis\u00e4lt\u00e4v\u00e4 \u00f6ljy edist\u00e4\u00e4 kollageenin tuotantoa, uudistaa v\u00e4synytt\u00e4 ihoa ja ehk\u00e4isee sen ennenaikaista ik\u00e4\u00e4ntymist\u00e4. C-vitamiini taistelee vapaita radikaaleja ja UV-s\u00e4teiden haittoja vastaan, mink\u00e4 lis\u00e4ksi \u00f6ljy vaalentaa pigmenttil\u00e4iski\u00e4 ja ravitsee ihoa. Repair me -kasvo\u00f6ljyn C-vitamiinipitoiset ainesosat on huolellisesti valittu. \u00d6ljyn p\u00e4\u00e4ainesosiin kuuluvat acerolakirsikka ja...\" \/>\n<meta property=\"og:url\" content=\"https:\/\/tilk.bio\/fi\/verkkokauppa\/repair-me-c-vitamiinia-tyrnia-ja-appelsiinia-sisaltava-uudistava-kasvooljy\/\" \/>\n<meta property=\"og:site_name\" content=\"Tilk!\" \/>\n<meta property=\"article:publisher\" content=\"https:\/\/www.facebook.com\/tilk.bio\/\" \/>\n<meta property=\"article:modified_time\" content=\"2026-03-16T19:30:07+00:00\" \/>\n<meta property=\"og:image\" content=\"https:\/\/tilk.bio\/wp-content\/uploads\/2021\/12\/Untitled-design-55.jpg\" \/>\n\t<meta property=\"og:image:width\" content=\"1200\" \/>\n\t<meta property=\"og:image:height\" content=\"1200\" \/>\n\t<meta property=\"og:image:type\" content=\"image\/jpeg\" \/>\n<meta name=\"twitter:card\" content=\"summary_large_image\" \/>\n<meta name=\"twitter:label1\" content=\"Arvioitu lukuaika\" \/>\n\t<meta name=\"twitter:data1\" content=\"1 minuutti\" \/>\n<script type=\"application\/ld+json\" class=\"yoast-schema-graph\">{\"@context\":\"https:\\\/\\\/schema.org\",\"@graph\":[{\"@type\":\"WebPage\",\"@id\":\"https:\\\/\\\/tilk.bio\\\/fi\\\/verkkokauppa\\\/repair-me-c-vitamiinia-tyrnia-ja-appelsiinia-sisaltava-uudistava-kasvooljy\\\/\",\"url\":\"https:\\\/\\\/tilk.bio\\\/fi\\\/verkkokauppa\\\/repair-me-c-vitamiinia-tyrnia-ja-appelsiinia-sisaltava-uudistava-kasvooljy\\\/\",\"name\":\"Repair Me \u2013 C-vitamiinia, tyrni\u00e4 ja appelsiinia sis\u00e4lt\u00e4v\u00e4 uudistava kasvo\u00f6ljy - Tilk!\",\"isPartOf\":{\"@id\":\"https:\\\/\\\/tilk.bio\\\/et\\\/#website\"},\"primaryImageOfPage\":{\"@id\":\"https:\\\/\\\/tilk.bio\\\/fi\\\/verkkokauppa\\\/repair-me-c-vitamiinia-tyrnia-ja-appelsiinia-sisaltava-uudistava-kasvooljy\\\/#primaryimage\"},\"image\":{\"@id\":\"https:\\\/\\\/tilk.bio\\\/fi\\\/verkkokauppa\\\/repair-me-c-vitamiinia-tyrnia-ja-appelsiinia-sisaltava-uudistava-kasvooljy\\\/#primaryimage\"},\"thumbnailUrl\":\"https:\\\/\\\/tilk.bio\\\/wp-content\\\/uploads\\\/2021\\\/12\\\/Untitled-design-55.jpg\",\"datePublished\":\"2021-12-02T00:23:45+00:00\",\"dateModified\":\"2026-03-16T19:30:07+00:00\",\"breadcrumb\":{\"@id\":\"https:\\\/\\\/tilk.bio\\\/fi\\\/verkkokauppa\\\/repair-me-c-vitamiinia-tyrnia-ja-appelsiinia-sisaltava-uudistava-kasvooljy\\\/#breadcrumb\"},\"inLanguage\":\"fi\",\"potentialAction\":[{\"@type\":\"ReadAction\",\"target\":[\"https:\\\/\\\/tilk.bio\\\/fi\\\/verkkokauppa\\\/repair-me-c-vitamiinia-tyrnia-ja-appelsiinia-sisaltava-uudistava-kasvooljy\\\/\"]}]},{\"@type\":\"ImageObject\",\"inLanguage\":\"fi\",\"@id\":\"https:\\\/\\\/tilk.bio\\\/fi\\\/verkkokauppa\\\/repair-me-c-vitamiinia-tyrnia-ja-appelsiinia-sisaltava-uudistava-kasvooljy\\\/#primaryimage\",\"url\":\"https:\\\/\\\/tilk.bio\\\/wp-content\\\/uploads\\\/2021\\\/12\\\/Untitled-design-55.jpg\",\"contentUrl\":\"https:\\\/\\\/tilk.bio\\\/wp-content\\\/uploads\\\/2021\\\/12\\\/Untitled-design-55.jpg\",\"width\":1200,\"height\":1200},{\"@type\":\"BreadcrumbList\",\"@id\":\"https:\\\/\\\/tilk.bio\\\/fi\\\/verkkokauppa\\\/repair-me-c-vitamiinia-tyrnia-ja-appelsiinia-sisaltava-uudistava-kasvooljy\\\/#breadcrumb\",\"itemListElement\":[{\"@type\":\"ListItem\",\"position\":1,\"name\":\"Home\",\"item\":\"https:\\\/\\\/tilk.bio\\\/fi\\\/\"},{\"@type\":\"ListItem\",\"position\":2,\"name\":\"Verkkokauppa\",\"item\":\"https:\\\/\\\/tilk.bio\\\/fi\\\/verkkokauppa\\\/\"},{\"@type\":\"ListItem\",\"position\":3,\"name\":\"Repair Me \u2013 C-vitamiinia, tyrni\u00e4 ja appelsiinia sis\u00e4lt\u00e4v\u00e4 uudistava kasvo\u00f6ljy\"}]},{\"@type\":\"WebSite\",\"@id\":\"https:\\\/\\\/tilk.bio\\\/et\\\/#website\",\"url\":\"https:\\\/\\\/tilk.bio\\\/et\\\/\",\"name\":\"Tilk!\",\"description\":\"Natural and sustainable skincare!\",\"potentialAction\":[{\"@type\":\"SearchAction\",\"target\":{\"@type\":\"EntryPoint\",\"urlTemplate\":\"https:\\\/\\\/tilk.bio\\\/et\\\/?s={search_term_string}\"},\"query-input\":{\"@type\":\"PropertyValueSpecification\",\"valueRequired\":true,\"valueName\":\"search_term_string\"}}],\"inLanguage\":\"fi\"}]}<\/script>\n<!-- \/ Yoast SEO plugin. -->","yoast_head_json":{"title":"Repair Me \u2013 C-vitamiinia, tyrni\u00e4 ja appelsiinia sis\u00e4lt\u00e4v\u00e4 uudistava kasvo\u00f6ljy - Tilk!","robots":{"index":"index","follow":"follow","max-snippet":"max-snippet:-1","max-image-preview":"max-image-preview:large","max-video-preview":"max-video-preview:-1"},"canonical":"https:\/\/tilk.bio\/fi\/verkkokauppa\/repair-me-c-vitamiinia-tyrnia-ja-appelsiinia-sisaltava-uudistava-kasvooljy\/","og_locale":"fi_FI","og_type":"article","og_title":"Repair Me \u2013 C-vitamiinia, tyrni\u00e4 ja appelsiinia sis\u00e4lt\u00e4v\u00e4 uudistava kasvo\u00f6ljy - Tilk!","og_description":"Repair Me on ihoa uudistava ja ravitseva, raikkaalta appelsiinilta tuoksuva kasvo\u00f6ljy. Runsaasti C-vitamiinia sis\u00e4lt\u00e4v\u00e4 \u00f6ljy edist\u00e4\u00e4 kollageenin tuotantoa, uudistaa v\u00e4synytt\u00e4 ihoa ja ehk\u00e4isee sen ennenaikaista ik\u00e4\u00e4ntymist\u00e4. C-vitamiini taistelee vapaita radikaaleja ja UV-s\u00e4teiden haittoja vastaan, mink\u00e4 lis\u00e4ksi \u00f6ljy vaalentaa pigmenttil\u00e4iski\u00e4 ja ravitsee ihoa. Repair me -kasvo\u00f6ljyn C-vitamiinipitoiset ainesosat on huolellisesti valittu. \u00d6ljyn p\u00e4\u00e4ainesosiin kuuluvat acerolakirsikka ja...","og_url":"https:\/\/tilk.bio\/fi\/verkkokauppa\/repair-me-c-vitamiinia-tyrnia-ja-appelsiinia-sisaltava-uudistava-kasvooljy\/","og_site_name":"Tilk!","article_publisher":"https:\/\/www.facebook.com\/tilk.bio\/","article_modified_time":"2026-03-16T19:30:07+00:00","og_image":[{"width":1200,"height":1200,"url":"https:\/\/tilk.bio\/wp-content\/uploads\/2021\/12\/Untitled-design-55.jpg","type":"image\/jpeg"}],"twitter_card":"summary_large_image","twitter_misc":{"Arvioitu lukuaika":"1 minuutti"},"schema":{"@context":"https:\/\/schema.org","@graph":[{"@type":"WebPage","@id":"https:\/\/tilk.bio\/fi\/verkkokauppa\/repair-me-c-vitamiinia-tyrnia-ja-appelsiinia-sisaltava-uudistava-kasvooljy\/","url":"https:\/\/tilk.bio\/fi\/verkkokauppa\/repair-me-c-vitamiinia-tyrnia-ja-appelsiinia-sisaltava-uudistava-kasvooljy\/","name":"Repair Me \u2013 C-vitamiinia, tyrni\u00e4 ja appelsiinia sis\u00e4lt\u00e4v\u00e4 uudistava kasvo\u00f6ljy - Tilk!","isPartOf":{"@id":"https:\/\/tilk.bio\/et\/#website"},"primaryImageOfPage":{"@id":"https:\/\/tilk.bio\/fi\/verkkokauppa\/repair-me-c-vitamiinia-tyrnia-ja-appelsiinia-sisaltava-uudistava-kasvooljy\/#primaryimage"},"image":{"@id":"https:\/\/tilk.bio\/fi\/verkkokauppa\/repair-me-c-vitamiinia-tyrnia-ja-appelsiinia-sisaltava-uudistava-kasvooljy\/#primaryimage"},"thumbnailUrl":"https:\/\/tilk.bio\/wp-content\/uploads\/2021\/12\/Untitled-design-55.jpg","datePublished":"2021-12-02T00:23:45+00:00","dateModified":"2026-03-16T19:30:07+00:00","breadcrumb":{"@id":"https:\/\/tilk.bio\/fi\/verkkokauppa\/repair-me-c-vitamiinia-tyrnia-ja-appelsiinia-sisaltava-uudistava-kasvooljy\/#breadcrumb"},"inLanguage":"fi","potentialAction":[{"@type":"ReadAction","target":["https:\/\/tilk.bio\/fi\/verkkokauppa\/repair-me-c-vitamiinia-tyrnia-ja-appelsiinia-sisaltava-uudistava-kasvooljy\/"]}]},{"@type":"ImageObject","inLanguage":"fi","@id":"https:\/\/tilk.bio\/fi\/verkkokauppa\/repair-me-c-vitamiinia-tyrnia-ja-appelsiinia-sisaltava-uudistava-kasvooljy\/#primaryimage","url":"https:\/\/tilk.bio\/wp-content\/uploads\/2021\/12\/Untitled-design-55.jpg","contentUrl":"https:\/\/tilk.bio\/wp-content\/uploads\/2021\/12\/Untitled-design-55.jpg","width":1200,"height":1200},{"@type":"BreadcrumbList","@id":"https:\/\/tilk.bio\/fi\/verkkokauppa\/repair-me-c-vitamiinia-tyrnia-ja-appelsiinia-sisaltava-uudistava-kasvooljy\/#breadcrumb","itemListElement":[{"@type":"ListItem","position":1,"name":"Home","item":"https:\/\/tilk.bio\/fi\/"},{"@type":"ListItem","position":2,"name":"Verkkokauppa","item":"https:\/\/tilk.bio\/fi\/verkkokauppa\/"},{"@type":"ListItem","position":3,"name":"Repair Me \u2013 C-vitamiinia, tyrni\u00e4 ja appelsiinia sis\u00e4lt\u00e4v\u00e4 uudistava kasvo\u00f6ljy"}]},{"@type":"WebSite","@id":"https:\/\/tilk.bio\/et\/#website","url":"https:\/\/tilk.bio\/et\/","name":"Tilk!","description":"Natural and sustainable skincare!","potentialAction":[{"@type":"SearchAction","target":{"@type":"EntryPoint","urlTemplate":"https:\/\/tilk.bio\/et\/?s={search_term_string}"},"query-input":{"@type":"PropertyValueSpecification","valueRequired":true,"valueName":"search_term_string"}}],"inLanguage":"fi"}]}},"_links":{"self":[{"href":"https:\/\/tilk.bio\/fi\/wp-json\/wp\/v2\/product\/60398","targetHints":{"allow":["GET"]}}],"collection":[{"href":"https:\/\/tilk.bio\/fi\/wp-json\/wp\/v2\/product"}],"about":[{"href":"https:\/\/tilk.bio\/fi\/wp-json\/wp\/v2\/types\/product"}],"replies":[{"embeddable":true,"href":"https:\/\/tilk.bio\/fi\/wp-json\/wp\/v2\/comments?post=60398"}],"wp:featuredmedia":[{"embeddable":true,"href":"https:\/\/tilk.bio\/fi\/wp-json\/wp\/v2\/media\/67193"}],"wp:attachment":[{"href":"https:\/\/tilk.bio\/fi\/wp-json\/wp\/v2\/media?parent=60398"}],"wp:term":[{"taxonomy":"product_brand","embeddable":true,"href":"https:\/\/tilk.bio\/fi\/wp-json\/wp\/v2\/product_brand?post=60398"},{"taxonomy":"product_cat","embeddable":true,"href":"https:\/\/tilk.bio\/fi\/wp-json\/wp\/v2\/product_cat?post=60398"},{"taxonomy":"product_tag","embeddable":true,"href":"https:\/\/tilk.bio\/fi\/wp-json\/wp\/v2\/product_tag?post=60398"}],"curies":[{"name":"wp","href":"https:\/\/api.w.org\/{rel}","templated":true}]}}