{"id":60753,"date":"2010-10-09T22:01:13","date_gmt":"2010-10-09T19:01:13","guid":{"rendered":"https:\/\/tilk.bio\/shop\/blossom-brighten-kit\/"},"modified":"2026-02-27T13:15:03","modified_gmt":"2026-02-27T11:15:03","slug":"blossom-brighten-kit","status":"publish","type":"product","link":"https:\/\/tilk.bio\/fi\/verkkokauppa\/blossom-brighten-kit\/","title":{"rendered":"Blossom + Brighten Kit"},"content":{"rendered":"","protected":false},"excerpt":{"rendered":"<p>T\u00e4m\u00e4n setin kaksi tuotetta palauttavat ihosi hohdon ja kauneuden. Ne my\u00f6s hidastavat ihon ik\u00e4\u00e4ntymist\u00e4 ja tasoittavat juonteita. Pakettiin kuuluu kasvovoide (50 ml) ja silm\u00e4nymp\u00e4rysvoide (15 ml).<\/p>\n<p><a href=\"https:\/\/tilk.bio\/fi\/verkkokauppa\/blossom-me-poimulehtea-ja-hyaluronihappoa-sisaltava-nuorentava-paivavoide\/\"><b>Blossom Me (50 ml)<\/b><\/a> on nuorentava ja ravitseva p\u00e4iv\u00e4voide, joka sis\u00e4lt\u00e4\u00e4 iholle kauniin s\u00e4vyn ja hohteen antavaa hyaluronihappoa \u2013 siksi se onkin monien asiakkaidemme suosikkituote. Voide soveltuu kuivalle iholle ja ennenaikaisia ik\u00e4\u00e4ntymisen merkkej\u00e4 vastaan.<\/p>\n<p><a href=\"https:\/\/tilk.bio\/fi\/verkkokauppa\/brighten-me-silmanymparysvoide\/\"><b>Brighten Me (15 ml)<\/b><\/a> on hell\u00e4varaisesti kosteuttava ja vahvistava silm\u00e4nymp\u00e4rysvoide, joka uudistaa silm\u00e4nymp\u00e4rysihoa ja tasoittaa juonteita. Hyaluronihappo on tehokas kosteuttaja, joka kuljettaa happea ja ravinteita ihosoluihin sek\u00e4 osallistuu iholle kimmoisuutta antavan kollageenin tuotantoon. Se on my\u00f6s hell\u00e4varainen, eik\u00e4 siten \u00e4rsyt\u00e4 silmi\u00e4. Suosittelemme silm\u00e4nymp\u00e4rysvoiteen k\u00e4ytt\u00f6\u00e4 yli 35-vuotiaille.<\/p>\n<p><b>K\u00e4ytt\u00f6<\/b>: Levit\u00e4 Blossom Me -p\u00e4iv\u00e4voide puhdistetuille kasvoille osana aamun ihonhoitorutiinia. Taputtele sen j\u00e4lkeen sormenp\u00e4ill\u00e4 Brighten Me -silm\u00e4nymp\u00e4rysvoidetta silmien alle ja ulkonurkkaan silm\u00e4luomia v\u00e4ltellen.<\/p>\n<p>Lue tuotteista tarkemmin klikkaamalla niiden linkkej\u00e4.<\/p>\n","protected":false},"featured_media":67616,"comment_status":"open","ping_status":"closed","template":"","meta":{"_acf_changed":false},"product_brand":[],"product_cat":[501,512,630,506,631,730],"product_tag":[739,746,743,744],"class_list":{"0":"post-60753","1":"product","2":"type-product","3":"status-publish","4":"has-post-thumbnail","6":"product_cat-kaikki-tuotteet","7":"product_cat-kasvohoito","8":"product_cat-kasvovoiteet","9":"product_cat-lahjasetit","10":"product_cat-silmavoiteet","11":"product_cat-tilk-herbal-fi","12":"product_tag-elainkokeeton","13":"product_tag-kestava","14":"product_tag-palmuoljyton","15":"product_tag-vegaaninen","17":"first","18":"outofstock","19":"sale","20":"taxable","21":"shipping-taxable","22":"purchasable","23":"product-type-simple"},"acf":[],"yoast_head":"<!-- This site is optimized with the Yoast SEO plugin v27.4 - https:\/\/yoast.com\/product\/yoast-seo-wordpress\/ -->\n<title>Blossom + Brighten Kit - Tilk!<\/title>\n<meta name=\"robots\" content=\"index, follow, max-snippet:-1, max-image-preview:large, max-video-preview:-1\" \/>\n<link rel=\"canonical\" href=\"https:\/\/tilk.bio\/verkkokauppa\/blossom-brighten-kit\/\" \/>\n<meta property=\"og:locale\" content=\"fi_FI\" \/>\n<meta property=\"og:type\" content=\"article\" \/>\n<meta property=\"og:title\" content=\"Blossom + Brighten Kit - Tilk!\" \/>\n<meta property=\"og:description\" content=\"T\u00e4m\u00e4n setin kaksi tuotetta palauttavat ihosi hohdon ja kauneuden. Ne my\u00f6s hidastavat ihon ik\u00e4\u00e4ntymist\u00e4 ja tasoittavat juonteita. Pakettiin kuuluu kasvovoide (50 ml) ja silm\u00e4nymp\u00e4rysvoide (15 ml).  Blossom Me (50 ml) on nuorentava ja ravitseva p\u00e4iv\u00e4voide, joka sis\u00e4lt\u00e4\u00e4 iholle kauniin s\u00e4vyn ja hohteen antavaa hyaluronihappoa \u2013 siksi se onkin monien asiakkaidemme suosikkituote. Voide soveltuu kuivalle iholle ja ennenaikaisia ik\u00e4\u00e4ntymisen merkkej\u00e4 vastaan.  Brighten Me (15 ml) on hell\u00e4varaisesti kosteuttava ja vahvistava silm\u00e4nymp\u00e4rysvoide, joka uudistaa silm\u00e4nymp\u00e4rysihoa ja tasoittaa juonteita. Hyaluronihappo on tehokas kosteuttaja, joka kuljettaa happea ja ravinteita ihosoluihin sek\u00e4 osallistuu iholle kimmoisuutta antavan kollageenin tuotantoon. Se on my\u00f6s hell\u00e4varainen, eik\u00e4 siten \u00e4rsyt\u00e4 silmi\u00e4. Suosittelemme silm\u00e4nymp\u00e4rysvoiteen k\u00e4ytt\u00f6\u00e4 yli 35-vuotiaille.  K\u00e4ytt\u00f6: Levit\u00e4 Blossom Me -p\u00e4iv\u00e4voide puhdistetuille kasvoille osana aamun ihonhoitorutiinia. Taputtele sen j\u00e4lkeen sormenp\u00e4ill\u00e4 Brighten Me -silm\u00e4nymp\u00e4rysvoidetta silmien alle ja ulkonurkkaan silm\u00e4luomia v\u00e4ltellen.  Lue tuotteista tarkemmin klikkaamalla niiden linkkej\u00e4.\" \/>\n<meta property=\"og:url\" content=\"https:\/\/tilk.bio\/verkkokauppa\/blossom-brighten-kit\/\" \/>\n<meta property=\"og:site_name\" content=\"Tilk!\" \/>\n<meta property=\"article:publisher\" content=\"https:\/\/www.facebook.com\/tilk.bio\/\" \/>\n<meta property=\"article:modified_time\" content=\"2026-02-27T11:15:03+00:00\" \/>\n<meta property=\"og:image\" content=\"https:\/\/tilk.bio\/wp-content\/uploads\/2010\/05\/1.jpg\" \/>\n\t<meta property=\"og:image:width\" content=\"1200\" \/>\n\t<meta property=\"og:image:height\" content=\"1200\" \/>\n\t<meta property=\"og:image:type\" content=\"image\/jpeg\" \/>\n<meta name=\"twitter:card\" content=\"summary_large_image\" \/>\n<script type=\"application\/ld+json\" class=\"yoast-schema-graph\">{\"@context\":\"https:\\\/\\\/schema.org\",\"@graph\":[{\"@type\":\"WebPage\",\"@id\":\"https:\\\/\\\/tilk.bio\\\/verkkokauppa\\\/blossom-brighten-kit\\\/\",\"url\":\"https:\\\/\\\/tilk.bio\\\/verkkokauppa\\\/blossom-brighten-kit\\\/\",\"name\":\"Blossom + Brighten Kit - Tilk!\",\"isPartOf\":{\"@id\":\"https:\\\/\\\/tilk.bio\\\/et\\\/#website\"},\"primaryImageOfPage\":{\"@id\":\"https:\\\/\\\/tilk.bio\\\/verkkokauppa\\\/blossom-brighten-kit\\\/#primaryimage\"},\"image\":{\"@id\":\"https:\\\/\\\/tilk.bio\\\/verkkokauppa\\\/blossom-brighten-kit\\\/#primaryimage\"},\"thumbnailUrl\":\"https:\\\/\\\/tilk.bio\\\/wp-content\\\/uploads\\\/2010\\\/05\\\/1.jpg\",\"datePublished\":\"2010-10-09T19:01:13+00:00\",\"dateModified\":\"2026-02-27T11:15:03+00:00\",\"breadcrumb\":{\"@id\":\"https:\\\/\\\/tilk.bio\\\/verkkokauppa\\\/blossom-brighten-kit\\\/#breadcrumb\"},\"inLanguage\":\"fi\",\"potentialAction\":[{\"@type\":\"ReadAction\",\"target\":[\"https:\\\/\\\/tilk.bio\\\/verkkokauppa\\\/blossom-brighten-kit\\\/\"]}]},{\"@type\":\"ImageObject\",\"inLanguage\":\"fi\",\"@id\":\"https:\\\/\\\/tilk.bio\\\/verkkokauppa\\\/blossom-brighten-kit\\\/#primaryimage\",\"url\":\"https:\\\/\\\/tilk.bio\\\/wp-content\\\/uploads\\\/2010\\\/05\\\/1.jpg\",\"contentUrl\":\"https:\\\/\\\/tilk.bio\\\/wp-content\\\/uploads\\\/2010\\\/05\\\/1.jpg\",\"width\":1200,\"height\":1200},{\"@type\":\"BreadcrumbList\",\"@id\":\"https:\\\/\\\/tilk.bio\\\/verkkokauppa\\\/blossom-brighten-kit\\\/#breadcrumb\",\"itemListElement\":[{\"@type\":\"ListItem\",\"position\":1,\"name\":\"Home\",\"item\":\"https:\\\/\\\/tilk.bio\\\/fi\\\/\"},{\"@type\":\"ListItem\",\"position\":2,\"name\":\"Verkkokauppa\",\"item\":\"https:\\\/\\\/tilk.bio\\\/fi\\\/verkkokauppa\\\/\"},{\"@type\":\"ListItem\",\"position\":3,\"name\":\"Blossom + Brighten Kit\"}]},{\"@type\":\"WebSite\",\"@id\":\"https:\\\/\\\/tilk.bio\\\/et\\\/#website\",\"url\":\"https:\\\/\\\/tilk.bio\\\/et\\\/\",\"name\":\"Tilk!\",\"description\":\"Natural and sustainable skincare!\",\"potentialAction\":[{\"@type\":\"SearchAction\",\"target\":{\"@type\":\"EntryPoint\",\"urlTemplate\":\"https:\\\/\\\/tilk.bio\\\/et\\\/?s={search_term_string}\"},\"query-input\":{\"@type\":\"PropertyValueSpecification\",\"valueRequired\":true,\"valueName\":\"search_term_string\"}}],\"inLanguage\":\"fi\"}]}<\/script>\n<!-- \/ Yoast SEO plugin. -->","yoast_head_json":{"title":"Blossom + Brighten Kit - Tilk!","robots":{"index":"index","follow":"follow","max-snippet":"max-snippet:-1","max-image-preview":"max-image-preview:large","max-video-preview":"max-video-preview:-1"},"canonical":"https:\/\/tilk.bio\/verkkokauppa\/blossom-brighten-kit\/","og_locale":"fi_FI","og_type":"article","og_title":"Blossom + Brighten Kit - Tilk!","og_description":"T\u00e4m\u00e4n setin kaksi tuotetta palauttavat ihosi hohdon ja kauneuden. Ne my\u00f6s hidastavat ihon ik\u00e4\u00e4ntymist\u00e4 ja tasoittavat juonteita. Pakettiin kuuluu kasvovoide (50 ml) ja silm\u00e4nymp\u00e4rysvoide (15 ml).  Blossom Me (50 ml) on nuorentava ja ravitseva p\u00e4iv\u00e4voide, joka sis\u00e4lt\u00e4\u00e4 iholle kauniin s\u00e4vyn ja hohteen antavaa hyaluronihappoa \u2013 siksi se onkin monien asiakkaidemme suosikkituote. Voide soveltuu kuivalle iholle ja ennenaikaisia ik\u00e4\u00e4ntymisen merkkej\u00e4 vastaan.  Brighten Me (15 ml) on hell\u00e4varaisesti kosteuttava ja vahvistava silm\u00e4nymp\u00e4rysvoide, joka uudistaa silm\u00e4nymp\u00e4rysihoa ja tasoittaa juonteita. Hyaluronihappo on tehokas kosteuttaja, joka kuljettaa happea ja ravinteita ihosoluihin sek\u00e4 osallistuu iholle kimmoisuutta antavan kollageenin tuotantoon. Se on my\u00f6s hell\u00e4varainen, eik\u00e4 siten \u00e4rsyt\u00e4 silmi\u00e4. Suosittelemme silm\u00e4nymp\u00e4rysvoiteen k\u00e4ytt\u00f6\u00e4 yli 35-vuotiaille.  K\u00e4ytt\u00f6: Levit\u00e4 Blossom Me -p\u00e4iv\u00e4voide puhdistetuille kasvoille osana aamun ihonhoitorutiinia. Taputtele sen j\u00e4lkeen sormenp\u00e4ill\u00e4 Brighten Me -silm\u00e4nymp\u00e4rysvoidetta silmien alle ja ulkonurkkaan silm\u00e4luomia v\u00e4ltellen.  Lue tuotteista tarkemmin klikkaamalla niiden linkkej\u00e4.","og_url":"https:\/\/tilk.bio\/verkkokauppa\/blossom-brighten-kit\/","og_site_name":"Tilk!","article_publisher":"https:\/\/www.facebook.com\/tilk.bio\/","article_modified_time":"2026-02-27T11:15:03+00:00","og_image":[{"width":1200,"height":1200,"url":"https:\/\/tilk.bio\/wp-content\/uploads\/2010\/05\/1.jpg","type":"image\/jpeg"}],"twitter_card":"summary_large_image","schema":{"@context":"https:\/\/schema.org","@graph":[{"@type":"WebPage","@id":"https:\/\/tilk.bio\/verkkokauppa\/blossom-brighten-kit\/","url":"https:\/\/tilk.bio\/verkkokauppa\/blossom-brighten-kit\/","name":"Blossom + Brighten Kit - Tilk!","isPartOf":{"@id":"https:\/\/tilk.bio\/et\/#website"},"primaryImageOfPage":{"@id":"https:\/\/tilk.bio\/verkkokauppa\/blossom-brighten-kit\/#primaryimage"},"image":{"@id":"https:\/\/tilk.bio\/verkkokauppa\/blossom-brighten-kit\/#primaryimage"},"thumbnailUrl":"https:\/\/tilk.bio\/wp-content\/uploads\/2010\/05\/1.jpg","datePublished":"2010-10-09T19:01:13+00:00","dateModified":"2026-02-27T11:15:03+00:00","breadcrumb":{"@id":"https:\/\/tilk.bio\/verkkokauppa\/blossom-brighten-kit\/#breadcrumb"},"inLanguage":"fi","potentialAction":[{"@type":"ReadAction","target":["https:\/\/tilk.bio\/verkkokauppa\/blossom-brighten-kit\/"]}]},{"@type":"ImageObject","inLanguage":"fi","@id":"https:\/\/tilk.bio\/verkkokauppa\/blossom-brighten-kit\/#primaryimage","url":"https:\/\/tilk.bio\/wp-content\/uploads\/2010\/05\/1.jpg","contentUrl":"https:\/\/tilk.bio\/wp-content\/uploads\/2010\/05\/1.jpg","width":1200,"height":1200},{"@type":"BreadcrumbList","@id":"https:\/\/tilk.bio\/verkkokauppa\/blossom-brighten-kit\/#breadcrumb","itemListElement":[{"@type":"ListItem","position":1,"name":"Home","item":"https:\/\/tilk.bio\/fi\/"},{"@type":"ListItem","position":2,"name":"Verkkokauppa","item":"https:\/\/tilk.bio\/fi\/verkkokauppa\/"},{"@type":"ListItem","position":3,"name":"Blossom + Brighten Kit"}]},{"@type":"WebSite","@id":"https:\/\/tilk.bio\/et\/#website","url":"https:\/\/tilk.bio\/et\/","name":"Tilk!","description":"Natural and sustainable skincare!","potentialAction":[{"@type":"SearchAction","target":{"@type":"EntryPoint","urlTemplate":"https:\/\/tilk.bio\/et\/?s={search_term_string}"},"query-input":{"@type":"PropertyValueSpecification","valueRequired":true,"valueName":"search_term_string"}}],"inLanguage":"fi"}]}},"_links":{"self":[{"href":"https:\/\/tilk.bio\/fi\/wp-json\/wp\/v2\/product\/60753","targetHints":{"allow":["GET"]}}],"collection":[{"href":"https:\/\/tilk.bio\/fi\/wp-json\/wp\/v2\/product"}],"about":[{"href":"https:\/\/tilk.bio\/fi\/wp-json\/wp\/v2\/types\/product"}],"replies":[{"embeddable":true,"href":"https:\/\/tilk.bio\/fi\/wp-json\/wp\/v2\/comments?post=60753"}],"wp:featuredmedia":[{"embeddable":true,"href":"https:\/\/tilk.bio\/fi\/wp-json\/wp\/v2\/media\/67616"}],"wp:attachment":[{"href":"https:\/\/tilk.bio\/fi\/wp-json\/wp\/v2\/media?parent=60753"}],"wp:term":[{"taxonomy":"product_brand","embeddable":true,"href":"https:\/\/tilk.bio\/fi\/wp-json\/wp\/v2\/product_brand?post=60753"},{"taxonomy":"product_cat","embeddable":true,"href":"https:\/\/tilk.bio\/fi\/wp-json\/wp\/v2\/product_cat?post=60753"},{"taxonomy":"product_tag","embeddable":true,"href":"https:\/\/tilk.bio\/fi\/wp-json\/wp\/v2\/product_tag?post=60753"}],"curies":[{"name":"wp","href":"https:\/\/api.w.org\/{rel}","templated":true}]}}