{"id":60757,"date":"2010-10-14T11:15:17","date_gmt":"2010-10-14T08:15:17","guid":{"rendered":"https:\/\/tilk.bio\/shop\/superkosteuttava-paketti\/"},"modified":"2026-02-04T13:30:07","modified_gmt":"2026-02-04T11:30:07","slug":"superkosteuttava-paketti","status":"publish","type":"product","link":"https:\/\/tilk.bio\/fi\/verkkokauppa\/superkosteuttava-paketti\/","title":{"rendered":"Superkosteuttava paketti"},"content":{"rendered":"<p>T\u00e4m\u00e4 erityisen kosteuttava tuotesetti sanoo hyv\u00e4stit kuiville, elottomille ja hilseileville kasvoille.<\/p>\n<p>Pakettiin kuuluu kolme kuivan ihon kosteuttamiseen tarkoitettua tuotetta, jotka auttavat palauttamaan ihon s\u00e4teilyn ja kimmoisuuden: ravitseva p\u00e4iv\u00e4voide (50 ml), y\u00f6voide (50 ml) ja vitamiini\u00f6ljy (5 ml).<\/p>\n<p><a href=\"https:\/\/tilk.bio\/fi\/verkkokauppa\/nourish-me-hyaluronihappoa-sisaltava-ravitseva-ja-kosteuttava-paivavoide\/\"><b>Nourish Me (50 ml)<\/b><\/a> on koostumukseltaan runsas, kosteuttava ja ravitseva p\u00e4iv\u00e4voide. Sen sis\u00e4lt\u00e4m\u00e4 hyaluronihappo sitoo kosteutta, tukee hapen ja ravinteiden kulkua ihosoluihin sek\u00e4 auttaa yhdess\u00e4 kurpitsansiemen\u00f6ljyn kanssa tasoittamaan juonteita.\u00a0 Lis\u00e4ksi hyaluronihappo osallistuu iholle kimmoisuutta antavan kollageenin tuotantoon.<\/p>\n<p><a href=\"https:\/\/tilk.bio\/fi\/verkkokauppa\/spoon-me-ravitseva-yovoide\/\"><b>Spoon Me (50 ml)<\/b><\/a> on runsas ja ravitseva y\u00f6voide, joka antaa iholle voimaa ja kosteutta. Suosittelemme y\u00f6voiteita yli 35-vuotiaille sek\u00e4 kuivasta ja elottomasta ihosta k\u00e4rsiville.<\/p>\n<p><a href=\"https:\/\/tilk.bio\/fi\/verkkokauppa\/ravitseva-kasvooljy-kuivalle-iholle-spoon-me\/\"><b>Spoon Me (5 ml)<\/b><\/a> on runsas ja ravitseva vitamiini\u00f6ljy ja kuivan ihon ihanteellinen kumppani.\u00a0 Kasvo\u00f6ljyn kosteuttavat ja ravitsevat ainesosat antavat iholle elinvoimaa ja hohdetta. Ihon ik\u00e4\u00e4ntymist\u00e4 est\u00e4v\u00e4 \u00f6ljy auttaa ihoa uudistumaan, taistelee vapaita radikaaleja vastaan sek\u00e4 auttaa tekem\u00e4\u00e4n ihosta nuorekkaamman ja kirkkaamman.<\/p>\n<p><b>K\u00e4ytt\u00f6:<\/b> Levit\u00e4 Nourish Me -p\u00e4iv\u00e4voide puhdistetuille kasvoille osana aamun ihonhoitorutiinia, Spoon Me -y\u00f6voide puolestaan iltaisin. Hiero voide iholle alhaalta yl\u00f6s ja kasvojen keskiosasta ulosp\u00e4in suuntautuvin liikkein. Levit\u00e4 voiteen p\u00e4\u00e4lle Spoon Me -kasvo\u00f6ljy. Kuivalle iholle \u00f6ljy lis\u00e4t\u00e4\u00e4n nimenomaan kasvovoiteen j\u00e4lkeen, jotta kosteuttava voide \u201dlukittuu\u201d ihoon. Kokemuksemme mukaan kasvovoiteen ja kasvo\u00f6ljyn s\u00e4\u00e4nn\u00f6llinen yhteisk\u00e4ytt\u00f6 pit\u00e4\u00e4 ihon pidemp\u00e4\u00e4n kosteutettuna, kimmoisana ja hehkuvana.<\/p>\n<p>Lue tuotteista tarkemmin klikkaamalla niiden linkkej\u00e4.<\/p>\n","protected":false},"excerpt":{"rendered":"<p>T\u00e4m\u00e4 erityisen kosteuttava tuotesetti sanoo hyv\u00e4stit kuiville, elottomille ja hilseileville kasvoille. Pakettiin kuuluu kolme kuivan ihon kosteuttamiseen tarkoitettua tuotetta, jotka auttavat palauttamaan ihon s\u00e4teilyn ja kimmoisuuden: ravitseva p\u00e4iv\u00e4voide (50 ml), y\u00f6voide (50 ml) ja vitamiini\u00f6ljy (5 ml). Nourish Me (50 ml) on koostumukseltaan runsas, kosteuttava ja ravitseva p\u00e4iv\u00e4voide. Sen sis\u00e4lt\u00e4m\u00e4 hyaluronihappo sitoo kosteutta, tukee hapen&#8230;<\/p>\n","protected":false},"featured_media":67576,"comment_status":"open","ping_status":"closed","template":"","meta":{"_acf_changed":false},"product_brand":[],"product_cat":[740,501,512,737,506,627,671],"product_tag":[759,427,746,743,430],"class_list":{"0":"post-60757","1":"product","2":"type-product","3":"status-publish","4":"has-post-thumbnail","6":"product_cat-ikaantyva-iho","7":"product_cat-kaikki-tuotteet","8":"product_cat-kasvohoito","9":"product_cat-kuiva-iho","10":"product_cat-lahjasetit","11":"product_cat-pure-luxury-fi","12":"product_cat-spaattelin-mahdollisuus","13":"product_tag-anti-aging-fi","14":"product_tag-ekologinen-kosmetiikka","15":"product_tag-kestava","16":"product_tag-palmuoljyton","17":"product_tag-unisex-fi","19":"first","20":"outofstock","21":"sale","22":"taxable","23":"shipping-taxable","24":"purchasable","25":"product-type-simple"},"acf":[],"yoast_head":"<!-- This site is optimized with the Yoast SEO plugin v27.4 - https:\/\/yoast.com\/product\/yoast-seo-wordpress\/ -->\n<title>Superkosteuttava paketti - Tilk!<\/title>\n<meta name=\"robots\" content=\"index, follow, max-snippet:-1, max-image-preview:large, max-video-preview:-1\" \/>\n<link rel=\"canonical\" href=\"https:\/\/tilk.bio\/verkkokauppa\/super-nourishing-kit\/\" \/>\n<meta property=\"og:locale\" content=\"fi_FI\" \/>\n<meta property=\"og:type\" content=\"article\" \/>\n<meta property=\"og:title\" content=\"Superkosteuttava paketti - Tilk!\" \/>\n<meta property=\"og:description\" content=\"T\u00e4m\u00e4 erityisen kosteuttava tuotesetti sanoo hyv\u00e4stit kuiville, elottomille ja hilseileville kasvoille. Pakettiin kuuluu kolme kuivan ihon kosteuttamiseen tarkoitettua tuotetta, jotka auttavat palauttamaan ihon s\u00e4teilyn ja kimmoisuuden: ravitseva p\u00e4iv\u00e4voide (50 ml), y\u00f6voide (50 ml) ja vitamiini\u00f6ljy (5 ml). Nourish Me (50 ml) on koostumukseltaan runsas, kosteuttava ja ravitseva p\u00e4iv\u00e4voide. Sen sis\u00e4lt\u00e4m\u00e4 hyaluronihappo sitoo kosteutta, tukee hapen...\" \/>\n<meta property=\"og:url\" content=\"https:\/\/tilk.bio\/verkkokauppa\/super-nourishing-kit\/\" \/>\n<meta property=\"og:site_name\" content=\"Tilk!\" \/>\n<meta property=\"article:publisher\" content=\"https:\/\/www.facebook.com\/tilk.bio\/\" \/>\n<meta property=\"article:modified_time\" content=\"2026-02-04T11:30:07+00:00\" \/>\n<meta property=\"og:image\" content=\"https:\/\/tilk.bio\/wp-content\/uploads\/2010\/10\/superniisutav-1.jpg\" \/>\n\t<meta property=\"og:image:width\" content=\"1200\" \/>\n\t<meta property=\"og:image:height\" content=\"1200\" \/>\n\t<meta property=\"og:image:type\" content=\"image\/jpeg\" \/>\n<meta name=\"twitter:card\" content=\"summary_large_image\" \/>\n<meta name=\"twitter:label1\" content=\"Arvioitu lukuaika\" \/>\n\t<meta name=\"twitter:data1\" content=\"1 minuutti\" \/>\n<script type=\"application\/ld+json\" class=\"yoast-schema-graph\">{\"@context\":\"https:\\\/\\\/schema.org\",\"@graph\":[{\"@type\":\"WebPage\",\"@id\":\"https:\\\/\\\/tilk.bio\\\/verkkokauppa\\\/super-nourishing-kit\\\/\",\"url\":\"https:\\\/\\\/tilk.bio\\\/verkkokauppa\\\/super-nourishing-kit\\\/\",\"name\":\"Superkosteuttava paketti - Tilk!\",\"isPartOf\":{\"@id\":\"https:\\\/\\\/tilk.bio\\\/et\\\/#website\"},\"primaryImageOfPage\":{\"@id\":\"https:\\\/\\\/tilk.bio\\\/verkkokauppa\\\/super-nourishing-kit\\\/#primaryimage\"},\"image\":{\"@id\":\"https:\\\/\\\/tilk.bio\\\/verkkokauppa\\\/super-nourishing-kit\\\/#primaryimage\"},\"thumbnailUrl\":\"https:\\\/\\\/tilk.bio\\\/wp-content\\\/uploads\\\/2010\\\/10\\\/superniisutav-1.jpg\",\"datePublished\":\"2010-10-14T08:15:17+00:00\",\"dateModified\":\"2026-02-04T11:30:07+00:00\",\"breadcrumb\":{\"@id\":\"https:\\\/\\\/tilk.bio\\\/verkkokauppa\\\/super-nourishing-kit\\\/#breadcrumb\"},\"inLanguage\":\"fi\",\"potentialAction\":[{\"@type\":\"ReadAction\",\"target\":[\"https:\\\/\\\/tilk.bio\\\/verkkokauppa\\\/super-nourishing-kit\\\/\"]}]},{\"@type\":\"ImageObject\",\"inLanguage\":\"fi\",\"@id\":\"https:\\\/\\\/tilk.bio\\\/verkkokauppa\\\/super-nourishing-kit\\\/#primaryimage\",\"url\":\"https:\\\/\\\/tilk.bio\\\/wp-content\\\/uploads\\\/2010\\\/10\\\/superniisutav-1.jpg\",\"contentUrl\":\"https:\\\/\\\/tilk.bio\\\/wp-content\\\/uploads\\\/2010\\\/10\\\/superniisutav-1.jpg\",\"width\":1200,\"height\":1200},{\"@type\":\"BreadcrumbList\",\"@id\":\"https:\\\/\\\/tilk.bio\\\/verkkokauppa\\\/super-nourishing-kit\\\/#breadcrumb\",\"itemListElement\":[{\"@type\":\"ListItem\",\"position\":1,\"name\":\"Home\",\"item\":\"https:\\\/\\\/tilk.bio\\\/fi\\\/\"},{\"@type\":\"ListItem\",\"position\":2,\"name\":\"Verkkokauppa\",\"item\":\"https:\\\/\\\/tilk.bio\\\/fi\\\/verkkokauppa\\\/\"},{\"@type\":\"ListItem\",\"position\":3,\"name\":\"Superkosteuttava paketti\"}]},{\"@type\":\"WebSite\",\"@id\":\"https:\\\/\\\/tilk.bio\\\/et\\\/#website\",\"url\":\"https:\\\/\\\/tilk.bio\\\/et\\\/\",\"name\":\"Tilk!\",\"description\":\"Natural and sustainable skincare!\",\"potentialAction\":[{\"@type\":\"SearchAction\",\"target\":{\"@type\":\"EntryPoint\",\"urlTemplate\":\"https:\\\/\\\/tilk.bio\\\/et\\\/?s={search_term_string}\"},\"query-input\":{\"@type\":\"PropertyValueSpecification\",\"valueRequired\":true,\"valueName\":\"search_term_string\"}}],\"inLanguage\":\"fi\"}]}<\/script>\n<!-- \/ Yoast SEO plugin. -->","yoast_head_json":{"title":"Superkosteuttava paketti - Tilk!","robots":{"index":"index","follow":"follow","max-snippet":"max-snippet:-1","max-image-preview":"max-image-preview:large","max-video-preview":"max-video-preview:-1"},"canonical":"https:\/\/tilk.bio\/verkkokauppa\/super-nourishing-kit\/","og_locale":"fi_FI","og_type":"article","og_title":"Superkosteuttava paketti - Tilk!","og_description":"T\u00e4m\u00e4 erityisen kosteuttava tuotesetti sanoo hyv\u00e4stit kuiville, elottomille ja hilseileville kasvoille. Pakettiin kuuluu kolme kuivan ihon kosteuttamiseen tarkoitettua tuotetta, jotka auttavat palauttamaan ihon s\u00e4teilyn ja kimmoisuuden: ravitseva p\u00e4iv\u00e4voide (50 ml), y\u00f6voide (50 ml) ja vitamiini\u00f6ljy (5 ml). Nourish Me (50 ml) on koostumukseltaan runsas, kosteuttava ja ravitseva p\u00e4iv\u00e4voide. Sen sis\u00e4lt\u00e4m\u00e4 hyaluronihappo sitoo kosteutta, tukee hapen...","og_url":"https:\/\/tilk.bio\/verkkokauppa\/super-nourishing-kit\/","og_site_name":"Tilk!","article_publisher":"https:\/\/www.facebook.com\/tilk.bio\/","article_modified_time":"2026-02-04T11:30:07+00:00","og_image":[{"width":1200,"height":1200,"url":"https:\/\/tilk.bio\/wp-content\/uploads\/2010\/10\/superniisutav-1.jpg","type":"image\/jpeg"}],"twitter_card":"summary_large_image","twitter_misc":{"Arvioitu lukuaika":"1 minuutti"},"schema":{"@context":"https:\/\/schema.org","@graph":[{"@type":"WebPage","@id":"https:\/\/tilk.bio\/verkkokauppa\/super-nourishing-kit\/","url":"https:\/\/tilk.bio\/verkkokauppa\/super-nourishing-kit\/","name":"Superkosteuttava paketti - Tilk!","isPartOf":{"@id":"https:\/\/tilk.bio\/et\/#website"},"primaryImageOfPage":{"@id":"https:\/\/tilk.bio\/verkkokauppa\/super-nourishing-kit\/#primaryimage"},"image":{"@id":"https:\/\/tilk.bio\/verkkokauppa\/super-nourishing-kit\/#primaryimage"},"thumbnailUrl":"https:\/\/tilk.bio\/wp-content\/uploads\/2010\/10\/superniisutav-1.jpg","datePublished":"2010-10-14T08:15:17+00:00","dateModified":"2026-02-04T11:30:07+00:00","breadcrumb":{"@id":"https:\/\/tilk.bio\/verkkokauppa\/super-nourishing-kit\/#breadcrumb"},"inLanguage":"fi","potentialAction":[{"@type":"ReadAction","target":["https:\/\/tilk.bio\/verkkokauppa\/super-nourishing-kit\/"]}]},{"@type":"ImageObject","inLanguage":"fi","@id":"https:\/\/tilk.bio\/verkkokauppa\/super-nourishing-kit\/#primaryimage","url":"https:\/\/tilk.bio\/wp-content\/uploads\/2010\/10\/superniisutav-1.jpg","contentUrl":"https:\/\/tilk.bio\/wp-content\/uploads\/2010\/10\/superniisutav-1.jpg","width":1200,"height":1200},{"@type":"BreadcrumbList","@id":"https:\/\/tilk.bio\/verkkokauppa\/super-nourishing-kit\/#breadcrumb","itemListElement":[{"@type":"ListItem","position":1,"name":"Home","item":"https:\/\/tilk.bio\/fi\/"},{"@type":"ListItem","position":2,"name":"Verkkokauppa","item":"https:\/\/tilk.bio\/fi\/verkkokauppa\/"},{"@type":"ListItem","position":3,"name":"Superkosteuttava paketti"}]},{"@type":"WebSite","@id":"https:\/\/tilk.bio\/et\/#website","url":"https:\/\/tilk.bio\/et\/","name":"Tilk!","description":"Natural and sustainable skincare!","potentialAction":[{"@type":"SearchAction","target":{"@type":"EntryPoint","urlTemplate":"https:\/\/tilk.bio\/et\/?s={search_term_string}"},"query-input":{"@type":"PropertyValueSpecification","valueRequired":true,"valueName":"search_term_string"}}],"inLanguage":"fi"}]}},"_links":{"self":[{"href":"https:\/\/tilk.bio\/fi\/wp-json\/wp\/v2\/product\/60757","targetHints":{"allow":["GET"]}}],"collection":[{"href":"https:\/\/tilk.bio\/fi\/wp-json\/wp\/v2\/product"}],"about":[{"href":"https:\/\/tilk.bio\/fi\/wp-json\/wp\/v2\/types\/product"}],"replies":[{"embeddable":true,"href":"https:\/\/tilk.bio\/fi\/wp-json\/wp\/v2\/comments?post=60757"}],"wp:featuredmedia":[{"embeddable":true,"href":"https:\/\/tilk.bio\/fi\/wp-json\/wp\/v2\/media\/67576"}],"wp:attachment":[{"href":"https:\/\/tilk.bio\/fi\/wp-json\/wp\/v2\/media?parent=60757"}],"wp:term":[{"taxonomy":"product_brand","embeddable":true,"href":"https:\/\/tilk.bio\/fi\/wp-json\/wp\/v2\/product_brand?post=60757"},{"taxonomy":"product_cat","embeddable":true,"href":"https:\/\/tilk.bio\/fi\/wp-json\/wp\/v2\/product_cat?post=60757"},{"taxonomy":"product_tag","embeddable":true,"href":"https:\/\/tilk.bio\/fi\/wp-json\/wp\/v2\/product_tag?post=60757"}],"curies":[{"name":"wp","href":"https:\/\/api.w.org\/{rel}","templated":true}]}}