{"id":60758,"date":"2011-04-18T12:10:25","date_gmt":"2011-04-18T09:10:25","guid":{"rendered":"https:\/\/tilk.bio\/shop\/naamio-ja-voidepaketti\/"},"modified":"2026-02-04T13:38:11","modified_gmt":"2026-02-04T11:38:11","slug":"naamio-ja-voidepaketti","status":"publish","type":"product","link":"https:\/\/tilk.bio\/fi\/verkkokauppa\/naamio-ja-voidepaketti\/","title":{"rendered":"Naamio- ja voidepaketti"},"content":{"rendered":"<p>T\u00e4ss\u00e4 paketissa saat kaksi t\u00e4rke\u00e4\u00e4 tuotetta jokap\u00e4iv\u00e4iseen ihonhoitoon: naamion (50 ml) ja lempikasvovoiteesi (50 ml). K\u00e4ytt\u00e4m\u00e4ll\u00e4 molempia s\u00e4\u00e4nn\u00f6llisesti pid\u00e4t ihosi terveen\u00e4 ja kauniina sek\u00e4 est\u00e4t iho-ongelmien syntymist\u00e4.<\/p>\n<p><a href=\"https:\/\/tilk.bio\/fi\/verkkokauppa\/puhdistava-ja-kosteuttava-kasvonaamio-detox-me\/\"><b>Detox Me (50 ml)<\/b><\/a> on hyv\u00e4ntuoksuinen syv\u00e4puhdistava ja kosteuttava kasvonaamio. Se vaikuttaa syv\u00e4ll\u00e4 ihon kerroksissa puhdistaen ihon sinne kertyneist\u00e4 toksiineista. Samalla se kosteuttaa ihoa ja vilkastaa verenkiertoa. Naamio sopii kaikille ihotyypeille, my\u00f6s ongelmaiholle.<\/p>\n<p><b>Vapaavalintainen kasvovoide (50 ml)<\/b> \u2013 <a href=\"https:\/\/tilk.bio\/fi\/verkkokauppa\/regenerate-me-kasvovoide-sekaiholle\/\"><b>Regenerate Me<\/b><\/a>, <a href=\"https:\/\/tilk.bio\/fi\/verkkokauppa\/moisturise-me-kasvovoide-kuivalle-iholle\/\"><b>Moisturise Me<\/b><\/a>, <a href=\"https:\/\/tilk.bio\/fi\/verkkokauppa\/protect-me-kasvovoide\/\"><b>Protect Me<\/b><\/a>, <a href=\"https:\/\/tilk.bio\/fi\/verkkokauppa\/cleanse-me-kasvovoide-rasvaiselle-iholle\/\"><b>Cleanse Me<\/b><\/a>, <a href=\"https:\/\/tilk.bio\/fi\/verkkokauppa\/tinted-me-ihon-varia-tasoittava-kasvovoide\/\"><b>Tinted Me<\/b><\/a>.<\/p>\n<p><b>K\u00e4ytt\u00f6:<\/b> Levit\u00e4 naamio puhdistetuille kasvoille ja dekolteelle 10\u201315 minuutiksi. Huuhtele l\u00e4mpim\u00e4ll\u00e4 vedell\u00e4. Naamiota ei tarvitse kostuttaa k\u00e4yt\u00f6n aikana, sill\u00e4 se ei kuivu. Levit\u00e4 lopuksi kasvovoide.<\/p>\n<p>K\u00e4yt\u00e4 valitsemaasi kasvovoidetta puhdistetulle iholle osana p\u00e4ivitt\u00e4ist\u00e4 ihonhoitorutiiniasi.<\/p>\n<p>Lue tuotteista tarkemmin klikkaamalla niiden linkkej\u00e4.<\/p>\n","protected":false},"excerpt":{"rendered":"<p>T\u00e4ss\u00e4 paketissa saat kaksi t\u00e4rke\u00e4\u00e4 tuotetta jokap\u00e4iv\u00e4iseen ihonhoitoon: naamion (50 ml) ja lempikasvovoiteesi (50 ml). K\u00e4ytt\u00e4m\u00e4ll\u00e4 molempia s\u00e4\u00e4nn\u00f6llisesti pid\u00e4t ihosi terveen\u00e4 ja kauniina sek\u00e4 est\u00e4t iho-ongelmien syntymist\u00e4. Detox Me (50 ml) on hyv\u00e4ntuoksuinen syv\u00e4puhdistava ja kosteuttava kasvonaamio. Se vaikuttaa syv\u00e4ll\u00e4 ihon kerroksissa puhdistaen ihon sinne kertyneist\u00e4 toksiineista. Samalla se kosteuttaa ihoa ja vilkastaa verenkiertoa. Naamio&#8230;<\/p>\n","protected":false},"featured_media":67512,"comment_status":"open","ping_status":"closed","template":"","meta":{"_acf_changed":false},"product_brand":[],"product_cat":[501,512,506,627,671],"product_tag":[],"class_list":{"0":"post-60758","1":"product","2":"type-product","3":"status-publish","4":"has-post-thumbnail","6":"product_cat-kaikki-tuotteet","7":"product_cat-kasvohoito","8":"product_cat-lahjasetit","9":"product_cat-pure-luxury-fi","10":"product_cat-spaattelin-mahdollisuus","12":"first","13":"instock","14":"sale","15":"taxable","16":"shipping-taxable","17":"purchasable","18":"product-type-variable"},"acf":[],"yoast_head":"<!-- This site is optimized with the Yoast SEO plugin v27.3 - https:\/\/yoast.com\/product\/yoast-seo-wordpress\/ -->\n<title>Naamio- ja voidepaketti - Tilk!<\/title>\n<meta name=\"robots\" content=\"index, follow, max-snippet:-1, max-image-preview:large, max-video-preview:-1\" \/>\n<link rel=\"canonical\" href=\"https:\/\/tilk.bio\/verkkokauppa\/mask-cream-kit\/\" \/>\n<meta property=\"og:locale\" content=\"fi_FI\" \/>\n<meta property=\"og:type\" content=\"article\" \/>\n<meta property=\"og:title\" content=\"Naamio- ja voidepaketti - Tilk!\" \/>\n<meta property=\"og:description\" content=\"T\u00e4ss\u00e4 paketissa saat kaksi t\u00e4rke\u00e4\u00e4 tuotetta jokap\u00e4iv\u00e4iseen ihonhoitoon: naamion (50 ml) ja lempikasvovoiteesi (50 ml). K\u00e4ytt\u00e4m\u00e4ll\u00e4 molempia s\u00e4\u00e4nn\u00f6llisesti pid\u00e4t ihosi terveen\u00e4 ja kauniina sek\u00e4 est\u00e4t iho-ongelmien syntymist\u00e4. Detox Me (50 ml) on hyv\u00e4ntuoksuinen syv\u00e4puhdistava ja kosteuttava kasvonaamio. Se vaikuttaa syv\u00e4ll\u00e4 ihon kerroksissa puhdistaen ihon sinne kertyneist\u00e4 toksiineista. Samalla se kosteuttaa ihoa ja vilkastaa verenkiertoa. Naamio...\" \/>\n<meta property=\"og:url\" content=\"https:\/\/tilk.bio\/verkkokauppa\/mask-cream-kit\/\" \/>\n<meta property=\"og:site_name\" content=\"Tilk!\" \/>\n<meta property=\"article:publisher\" content=\"https:\/\/www.facebook.com\/tilk.bio\/\" \/>\n<meta property=\"article:modified_time\" content=\"2026-02-04T11:38:11+00:00\" \/>\n<meta property=\"og:image\" content=\"https:\/\/tilk.bio\/wp-content\/uploads\/2010\/12\/1.jpg\" \/>\n\t<meta property=\"og:image:width\" content=\"1200\" \/>\n\t<meta property=\"og:image:height\" content=\"1200\" \/>\n\t<meta property=\"og:image:type\" content=\"image\/jpeg\" \/>\n<meta name=\"twitter:card\" content=\"summary_large_image\" \/>\n<meta name=\"twitter:label1\" content=\"Arvioitu lukuaika\" \/>\n\t<meta name=\"twitter:data1\" content=\"1 minuutti\" \/>\n<script type=\"application\/ld+json\" class=\"yoast-schema-graph\">{\"@context\":\"https:\\\/\\\/schema.org\",\"@graph\":[{\"@type\":\"WebPage\",\"@id\":\"https:\\\/\\\/tilk.bio\\\/verkkokauppa\\\/mask-cream-kit\\\/\",\"url\":\"https:\\\/\\\/tilk.bio\\\/verkkokauppa\\\/mask-cream-kit\\\/\",\"name\":\"Naamio- ja voidepaketti - Tilk!\",\"isPartOf\":{\"@id\":\"https:\\\/\\\/tilk.bio\\\/et\\\/#website\"},\"primaryImageOfPage\":{\"@id\":\"https:\\\/\\\/tilk.bio\\\/verkkokauppa\\\/mask-cream-kit\\\/#primaryimage\"},\"image\":{\"@id\":\"https:\\\/\\\/tilk.bio\\\/verkkokauppa\\\/mask-cream-kit\\\/#primaryimage\"},\"thumbnailUrl\":\"https:\\\/\\\/tilk.bio\\\/wp-content\\\/uploads\\\/2010\\\/12\\\/1.jpg\",\"datePublished\":\"2011-04-18T09:10:25+00:00\",\"dateModified\":\"2026-02-04T11:38:11+00:00\",\"breadcrumb\":{\"@id\":\"https:\\\/\\\/tilk.bio\\\/verkkokauppa\\\/mask-cream-kit\\\/#breadcrumb\"},\"inLanguage\":\"fi\",\"potentialAction\":[{\"@type\":\"ReadAction\",\"target\":[\"https:\\\/\\\/tilk.bio\\\/verkkokauppa\\\/mask-cream-kit\\\/\"]}]},{\"@type\":\"ImageObject\",\"inLanguage\":\"fi\",\"@id\":\"https:\\\/\\\/tilk.bio\\\/verkkokauppa\\\/mask-cream-kit\\\/#primaryimage\",\"url\":\"https:\\\/\\\/tilk.bio\\\/wp-content\\\/uploads\\\/2010\\\/12\\\/1.jpg\",\"contentUrl\":\"https:\\\/\\\/tilk.bio\\\/wp-content\\\/uploads\\\/2010\\\/12\\\/1.jpg\",\"width\":1200,\"height\":1200},{\"@type\":\"BreadcrumbList\",\"@id\":\"https:\\\/\\\/tilk.bio\\\/verkkokauppa\\\/mask-cream-kit\\\/#breadcrumb\",\"itemListElement\":[{\"@type\":\"ListItem\",\"position\":1,\"name\":\"Home\",\"item\":\"https:\\\/\\\/tilk.bio\\\/fi\\\/\"},{\"@type\":\"ListItem\",\"position\":2,\"name\":\"Verkkokauppa\",\"item\":\"https:\\\/\\\/tilk.bio\\\/fi\\\/verkkokauppa\\\/\"},{\"@type\":\"ListItem\",\"position\":3,\"name\":\"Naamio- ja voidepaketti\"}]},{\"@type\":\"WebSite\",\"@id\":\"https:\\\/\\\/tilk.bio\\\/et\\\/#website\",\"url\":\"https:\\\/\\\/tilk.bio\\\/et\\\/\",\"name\":\"Tilk!\",\"description\":\"Natural and sustainable skincare!\",\"potentialAction\":[{\"@type\":\"SearchAction\",\"target\":{\"@type\":\"EntryPoint\",\"urlTemplate\":\"https:\\\/\\\/tilk.bio\\\/et\\\/?s={search_term_string}\"},\"query-input\":{\"@type\":\"PropertyValueSpecification\",\"valueRequired\":true,\"valueName\":\"search_term_string\"}}],\"inLanguage\":\"fi\"}]}<\/script>\n<!-- \/ Yoast SEO plugin. -->","yoast_head_json":{"title":"Naamio- ja voidepaketti - Tilk!","robots":{"index":"index","follow":"follow","max-snippet":"max-snippet:-1","max-image-preview":"max-image-preview:large","max-video-preview":"max-video-preview:-1"},"canonical":"https:\/\/tilk.bio\/verkkokauppa\/mask-cream-kit\/","og_locale":"fi_FI","og_type":"article","og_title":"Naamio- ja voidepaketti - Tilk!","og_description":"T\u00e4ss\u00e4 paketissa saat kaksi t\u00e4rke\u00e4\u00e4 tuotetta jokap\u00e4iv\u00e4iseen ihonhoitoon: naamion (50 ml) ja lempikasvovoiteesi (50 ml). K\u00e4ytt\u00e4m\u00e4ll\u00e4 molempia s\u00e4\u00e4nn\u00f6llisesti pid\u00e4t ihosi terveen\u00e4 ja kauniina sek\u00e4 est\u00e4t iho-ongelmien syntymist\u00e4. Detox Me (50 ml) on hyv\u00e4ntuoksuinen syv\u00e4puhdistava ja kosteuttava kasvonaamio. Se vaikuttaa syv\u00e4ll\u00e4 ihon kerroksissa puhdistaen ihon sinne kertyneist\u00e4 toksiineista. Samalla se kosteuttaa ihoa ja vilkastaa verenkiertoa. Naamio...","og_url":"https:\/\/tilk.bio\/verkkokauppa\/mask-cream-kit\/","og_site_name":"Tilk!","article_publisher":"https:\/\/www.facebook.com\/tilk.bio\/","article_modified_time":"2026-02-04T11:38:11+00:00","og_image":[{"width":1200,"height":1200,"url":"https:\/\/tilk.bio\/wp-content\/uploads\/2010\/12\/1.jpg","type":"image\/jpeg"}],"twitter_card":"summary_large_image","twitter_misc":{"Arvioitu lukuaika":"1 minuutti"},"schema":{"@context":"https:\/\/schema.org","@graph":[{"@type":"WebPage","@id":"https:\/\/tilk.bio\/verkkokauppa\/mask-cream-kit\/","url":"https:\/\/tilk.bio\/verkkokauppa\/mask-cream-kit\/","name":"Naamio- ja voidepaketti - Tilk!","isPartOf":{"@id":"https:\/\/tilk.bio\/et\/#website"},"primaryImageOfPage":{"@id":"https:\/\/tilk.bio\/verkkokauppa\/mask-cream-kit\/#primaryimage"},"image":{"@id":"https:\/\/tilk.bio\/verkkokauppa\/mask-cream-kit\/#primaryimage"},"thumbnailUrl":"https:\/\/tilk.bio\/wp-content\/uploads\/2010\/12\/1.jpg","datePublished":"2011-04-18T09:10:25+00:00","dateModified":"2026-02-04T11:38:11+00:00","breadcrumb":{"@id":"https:\/\/tilk.bio\/verkkokauppa\/mask-cream-kit\/#breadcrumb"},"inLanguage":"fi","potentialAction":[{"@type":"ReadAction","target":["https:\/\/tilk.bio\/verkkokauppa\/mask-cream-kit\/"]}]},{"@type":"ImageObject","inLanguage":"fi","@id":"https:\/\/tilk.bio\/verkkokauppa\/mask-cream-kit\/#primaryimage","url":"https:\/\/tilk.bio\/wp-content\/uploads\/2010\/12\/1.jpg","contentUrl":"https:\/\/tilk.bio\/wp-content\/uploads\/2010\/12\/1.jpg","width":1200,"height":1200},{"@type":"BreadcrumbList","@id":"https:\/\/tilk.bio\/verkkokauppa\/mask-cream-kit\/#breadcrumb","itemListElement":[{"@type":"ListItem","position":1,"name":"Home","item":"https:\/\/tilk.bio\/fi\/"},{"@type":"ListItem","position":2,"name":"Verkkokauppa","item":"https:\/\/tilk.bio\/fi\/verkkokauppa\/"},{"@type":"ListItem","position":3,"name":"Naamio- ja voidepaketti"}]},{"@type":"WebSite","@id":"https:\/\/tilk.bio\/et\/#website","url":"https:\/\/tilk.bio\/et\/","name":"Tilk!","description":"Natural and sustainable skincare!","potentialAction":[{"@type":"SearchAction","target":{"@type":"EntryPoint","urlTemplate":"https:\/\/tilk.bio\/et\/?s={search_term_string}"},"query-input":{"@type":"PropertyValueSpecification","valueRequired":true,"valueName":"search_term_string"}}],"inLanguage":"fi"}]}},"_links":{"self":[{"href":"https:\/\/tilk.bio\/fi\/wp-json\/wp\/v2\/product\/60758","targetHints":{"allow":["GET"]}}],"collection":[{"href":"https:\/\/tilk.bio\/fi\/wp-json\/wp\/v2\/product"}],"about":[{"href":"https:\/\/tilk.bio\/fi\/wp-json\/wp\/v2\/types\/product"}],"replies":[{"embeddable":true,"href":"https:\/\/tilk.bio\/fi\/wp-json\/wp\/v2\/comments?post=60758"}],"wp:featuredmedia":[{"embeddable":true,"href":"https:\/\/tilk.bio\/fi\/wp-json\/wp\/v2\/media\/67512"}],"wp:attachment":[{"href":"https:\/\/tilk.bio\/fi\/wp-json\/wp\/v2\/media?parent=60758"}],"wp:term":[{"taxonomy":"product_brand","embeddable":true,"href":"https:\/\/tilk.bio\/fi\/wp-json\/wp\/v2\/product_brand?post=60758"},{"taxonomy":"product_cat","embeddable":true,"href":"https:\/\/tilk.bio\/fi\/wp-json\/wp\/v2\/product_cat?post=60758"},{"taxonomy":"product_tag","embeddable":true,"href":"https:\/\/tilk.bio\/fi\/wp-json\/wp\/v2\/product_tag?post=60758"}],"curies":[{"name":"wp","href":"https:\/\/api.w.org\/{rel}","templated":true}]}}