{"id":64609,"date":"2022-04-25T16:52:44","date_gmt":"2022-04-25T13:52:44","guid":{"rendered":"https:\/\/tilk.bio\/shop\/mustaa-valkosipulia-ja-c-vitamiinia-sisaltava-kosteuttava-silmanymparysvoide\/"},"modified":"2026-04-22T12:00:09","modified_gmt":"2026-04-22T09:00:09","slug":"mustaa-valkosipulia-ja-c-vitamiinia-sisaltava-kosteuttava-silmanymparysvoide","status":"publish","type":"product","link":"https:\/\/tilk.bio\/fi\/verkkokauppa\/mustaa-valkosipulia-ja-c-vitamiinia-sisaltava-kosteuttava-silmanymparysvoide\/","title":{"rendered":"Mustaa valkosipulia ja C-vitamiinia sis\u00e4lt\u00e4v\u00e4 kosteuttava silm\u00e4nymp\u00e4rysvoide"},"content":{"rendered":"<p>Mustaa valkosipulia ja C-vitamiinia sis\u00e4lt\u00e4v\u00e4 kosteuttava silm\u00e4nymp\u00e4rysvoide ravitsee ihoa ja on koostumukseltaan helposti imeytyv\u00e4\u00e4. Voide sis\u00e4lt\u00e4\u00e4 huolellisesti valittuja ainesosia, jotka ovat erityisi\u00e4 korkean C-vitamiini- ja antioksidanttipitoisuutensa vuoksi. C-vitamiini auttaa tasoittamaan ihon s\u00e4vy\u00e4, antaa sille eloisuutta ja edist\u00e4\u00e4 kollageenin muodostumista, mik\u00e4 on v\u00e4ltt\u00e4m\u00e4t\u00f6nt\u00e4 ik\u00e4\u00e4ntymisen merkkien ehk\u00e4isemiseksi ja v\u00e4hent\u00e4miseksi.<\/p>\n<p>Acerola-kirsikan, E-vitamiinin ja mustan valkosipulin yhteisvaikutus auttaa suojaamaan ihoa vapailta radikaaleilta antaen silm\u00e4nymp\u00e4rysvoiteelle ik\u00e4\u00e4ntymist\u00e4 hidastavan vaikutuksen. E-vitamiini edist\u00e4\u00e4 lis\u00e4ksi ihosolujen uudistumista.<\/p>\n<p>Voiteen sis\u00e4lt\u00e4m\u00e4 kookos\u00f6ljy huolehtii herk\u00e4n silm\u00e4nymp\u00e4rysihon ravitsemisesta, elastisuudesta ja kosteuttamisesta, ja kasviglyseriini tarjoaa lis\u00e4kosteutusta. Koostumukseltaan t\u00e4ytel\u00e4inen jojoba\u00f6ljy uudistaa ja ravitsee ihoa tarvittavilla vitamiineilla ja kivenn\u00e4isaineilla. Luonnon\u00f6ljyjen sis\u00e4lt\u00e4m\u00e4t antioksidantit tekev\u00e4t ihosta silkinpehme\u00e4n ja elastisen. Kamomilla ja laventeli antavat silm\u00e4nymp\u00e4rysvoiteelle miellytt\u00e4v\u00e4n tuoksun ja rauhoittavan vaikutuksen.<\/p>\n<p><strong>K\u00e4ytt\u00f6:<\/strong> C-vitamiinia sis\u00e4lt\u00e4v\u00e4 silm\u00e4nymp\u00e4rysvoide soveltuu herk\u00e4n silm\u00e4nalusihon p\u00e4ivitt\u00e4iseen kosteuttamiseen ihonpuhdistuksen j\u00e4lkeen aamuin illoin. Paras ihon ik\u00e4\u00e4ntymist\u00e4 ehk\u00e4isev\u00e4 vaikutus saadaan, kun ihonhoidossa k\u00e4ytet\u00e4\u00e4n silm\u00e4nymp\u00e4rysvoiteen lis\u00e4ksi my\u00f6s <a href=\"https:\/\/tilk.bio\/fi\/verkkokauppa\/mustaa-valkosipulia-ja-c-vitamiinia-sisaltava-ravitseva-anti-age-kasvovoide\/\"><strong>C-vitamiinia sis\u00e4lt\u00e4v\u00e4\u00e4 Tilk!-voidetta<\/strong><\/a> ja <a href=\"https:\/\/tilk.bio\/fi\/verkkokauppa\/mustaa-valkosipulia-c-vitamiinia-ja-kurkumaa-sisaltava-anti-age-kasvonaamio\/\"><strong>-naamiota<\/strong><\/a><\/p>\n<p>Kaikki silm\u00e4nymp\u00e4rysvoiteen ainesosat ovat luonnollista alkuper\u00e4\u00e4 ja vegaanisia. Silm\u00e4nymp\u00e4rysvoide on Taltechin tutkijoiden kanssa yhteisty\u00f6ss\u00e4 kehitetty innovatiivinen ihonhoitotuote, jossa yhdistyv\u00e4t muinaisten korealaisten perinteiden mukaan valmistettu virolainen musta valkosipuli ja nykyajan tieteen l\u00e4hestymistapa luonnonkosmetiikkaan.<\/p>\n<p>S\u00e4ilytys: s\u00e4ilyt\u00e4 silm\u00e4nymp\u00e4rysvoidetta huoneenl\u00e4mm\u00f6ss\u00e4.<\/p>\n<p>Koko: 15 ml<\/p>\n","protected":false},"excerpt":{"rendered":"<p>Mustaa valkosipulia ja C-vitamiinia sis\u00e4lt\u00e4v\u00e4 kosteuttava silm\u00e4nymp\u00e4rysvoide ravitsee ihoa ja on koostumukseltaan helposti imeytyv\u00e4\u00e4. Voide sis\u00e4lt\u00e4\u00e4 huolellisesti valittuja ainesosia, jotka ovat erityisi\u00e4 korkean C-vitamiini- ja antioksidanttipitoisuutensa vuoksi. C-vitamiini auttaa tasoittamaan ihon s\u00e4vy\u00e4, antaa sille eloisuutta ja edist\u00e4\u00e4 kollageenin muodostumista, mik\u00e4 on v\u00e4ltt\u00e4m\u00e4t\u00f6nt\u00e4 ik\u00e4\u00e4ntymisen merkkien ehk\u00e4isemiseksi ja v\u00e4hent\u00e4miseksi. Acerola-kirsikan, E-vitamiinin ja mustan valkosipulin yhteisvaikutus auttaa suojaamaan&#8230;<\/p>\n","protected":false},"featured_media":77053,"comment_status":"open","ping_status":"closed","template":"","meta":{"_acf_changed":false},"product_brand":[],"product_cat":[966,740,501,631,736],"product_tag":[],"class_list":{"0":"post-64609","1":"product","2":"type-product","3":"status-publish","4":"has-post-thumbnail","6":"product_cat-clearance-sale-fi","7":"product_cat-ikaantyva-iho","8":"product_cat-kaikki-tuotteet","9":"product_cat-silmavoiteet","10":"product_cat-tilk-lab-fi","12":"first","13":"instock","14":"sale","15":"taxable","16":"shipping-taxable","17":"purchasable","18":"product-type-variable"},"acf":[],"yoast_head":"<!-- This site is optimized with the Yoast SEO plugin v27.4 - https:\/\/yoast.com\/product\/yoast-seo-wordpress\/ -->\n<title>Mustaa valkosipulia ja C-vitamiinia sis\u00e4lt\u00e4v\u00e4 kosteuttava silm\u00e4nymp\u00e4rysvoide - Tilk!<\/title>\n<meta name=\"robots\" content=\"index, follow, max-snippet:-1, max-image-preview:large, max-video-preview:-1\" \/>\n<link rel=\"canonical\" href=\"https:\/\/tilk.bio\/fi\/verkkokauppa\/mustaa-valkosipulia-ja-c-vitamiinia-sisaltava-kosteuttava-silmanymparysvoide\/\" \/>\n<meta property=\"og:locale\" content=\"fi_FI\" \/>\n<meta property=\"og:type\" content=\"article\" \/>\n<meta property=\"og:title\" content=\"Mustaa valkosipulia ja C-vitamiinia sis\u00e4lt\u00e4v\u00e4 kosteuttava silm\u00e4nymp\u00e4rysvoide - Tilk!\" \/>\n<meta property=\"og:description\" content=\"Mustaa valkosipulia ja C-vitamiinia sis\u00e4lt\u00e4v\u00e4 kosteuttava silm\u00e4nymp\u00e4rysvoide ravitsee ihoa ja on koostumukseltaan helposti imeytyv\u00e4\u00e4. Voide sis\u00e4lt\u00e4\u00e4 huolellisesti valittuja ainesosia, jotka ovat erityisi\u00e4 korkean C-vitamiini- ja antioksidanttipitoisuutensa vuoksi. C-vitamiini auttaa tasoittamaan ihon s\u00e4vy\u00e4, antaa sille eloisuutta ja edist\u00e4\u00e4 kollageenin muodostumista, mik\u00e4 on v\u00e4ltt\u00e4m\u00e4t\u00f6nt\u00e4 ik\u00e4\u00e4ntymisen merkkien ehk\u00e4isemiseksi ja v\u00e4hent\u00e4miseksi. Acerola-kirsikan, E-vitamiinin ja mustan valkosipulin yhteisvaikutus auttaa suojaamaan...\" \/>\n<meta property=\"og:url\" content=\"https:\/\/tilk.bio\/fi\/verkkokauppa\/mustaa-valkosipulia-ja-c-vitamiinia-sisaltava-kosteuttava-silmanymparysvoide\/\" \/>\n<meta property=\"og:site_name\" content=\"Tilk!\" \/>\n<meta property=\"article:publisher\" content=\"https:\/\/www.facebook.com\/tilk.bio\/\" \/>\n<meta property=\"article:modified_time\" content=\"2026-04-22T09:00:09+00:00\" \/>\n<meta property=\"og:image\" content=\"https:\/\/tilk.bio\/wp-content\/uploads\/2022\/04\/Untitled-design-13.jpg\" \/>\n\t<meta property=\"og:image:width\" content=\"1200\" \/>\n\t<meta property=\"og:image:height\" content=\"1200\" \/>\n\t<meta property=\"og:image:type\" content=\"image\/jpeg\" \/>\n<meta name=\"twitter:card\" content=\"summary_large_image\" \/>\n<meta name=\"twitter:label1\" content=\"Arvioitu lukuaika\" \/>\n\t<meta name=\"twitter:data1\" content=\"1 minuutti\" \/>\n<script type=\"application\/ld+json\" class=\"yoast-schema-graph\">{\"@context\":\"https:\\\/\\\/schema.org\",\"@graph\":[{\"@type\":\"WebPage\",\"@id\":\"https:\\\/\\\/tilk.bio\\\/fi\\\/verkkokauppa\\\/mustaa-valkosipulia-ja-c-vitamiinia-sisaltava-kosteuttava-silmanymparysvoide\\\/\",\"url\":\"https:\\\/\\\/tilk.bio\\\/fi\\\/verkkokauppa\\\/mustaa-valkosipulia-ja-c-vitamiinia-sisaltava-kosteuttava-silmanymparysvoide\\\/\",\"name\":\"Mustaa valkosipulia ja C-vitamiinia sis\u00e4lt\u00e4v\u00e4 kosteuttava silm\u00e4nymp\u00e4rysvoide - Tilk!\",\"isPartOf\":{\"@id\":\"https:\\\/\\\/tilk.bio\\\/et\\\/#website\"},\"primaryImageOfPage\":{\"@id\":\"https:\\\/\\\/tilk.bio\\\/fi\\\/verkkokauppa\\\/mustaa-valkosipulia-ja-c-vitamiinia-sisaltava-kosteuttava-silmanymparysvoide\\\/#primaryimage\"},\"image\":{\"@id\":\"https:\\\/\\\/tilk.bio\\\/fi\\\/verkkokauppa\\\/mustaa-valkosipulia-ja-c-vitamiinia-sisaltava-kosteuttava-silmanymparysvoide\\\/#primaryimage\"},\"thumbnailUrl\":\"https:\\\/\\\/tilk.bio\\\/wp-content\\\/uploads\\\/2022\\\/04\\\/E4R1077-ruut.jpg\",\"datePublished\":\"2022-04-25T13:52:44+00:00\",\"dateModified\":\"2026-04-22T09:00:09+00:00\",\"breadcrumb\":{\"@id\":\"https:\\\/\\\/tilk.bio\\\/fi\\\/verkkokauppa\\\/mustaa-valkosipulia-ja-c-vitamiinia-sisaltava-kosteuttava-silmanymparysvoide\\\/#breadcrumb\"},\"inLanguage\":\"fi\",\"potentialAction\":[{\"@type\":\"ReadAction\",\"target\":[\"https:\\\/\\\/tilk.bio\\\/fi\\\/verkkokauppa\\\/mustaa-valkosipulia-ja-c-vitamiinia-sisaltava-kosteuttava-silmanymparysvoide\\\/\"]}]},{\"@type\":\"ImageObject\",\"inLanguage\":\"fi\",\"@id\":\"https:\\\/\\\/tilk.bio\\\/fi\\\/verkkokauppa\\\/mustaa-valkosipulia-ja-c-vitamiinia-sisaltava-kosteuttava-silmanymparysvoide\\\/#primaryimage\",\"url\":\"https:\\\/\\\/tilk.bio\\\/wp-content\\\/uploads\\\/2022\\\/04\\\/E4R1077-ruut.jpg\",\"contentUrl\":\"https:\\\/\\\/tilk.bio\\\/wp-content\\\/uploads\\\/2022\\\/04\\\/E4R1077-ruut.jpg\",\"width\":2048,\"height\":2048,\"caption\":\"c vitamin eye cream\"},{\"@type\":\"BreadcrumbList\",\"@id\":\"https:\\\/\\\/tilk.bio\\\/fi\\\/verkkokauppa\\\/mustaa-valkosipulia-ja-c-vitamiinia-sisaltava-kosteuttava-silmanymparysvoide\\\/#breadcrumb\",\"itemListElement\":[{\"@type\":\"ListItem\",\"position\":1,\"name\":\"Home\",\"item\":\"https:\\\/\\\/tilk.bio\\\/fi\\\/\"},{\"@type\":\"ListItem\",\"position\":2,\"name\":\"Verkkokauppa\",\"item\":\"https:\\\/\\\/tilk.bio\\\/fi\\\/verkkokauppa\\\/\"},{\"@type\":\"ListItem\",\"position\":3,\"name\":\"Mustaa valkosipulia ja C-vitamiinia sis\u00e4lt\u00e4v\u00e4 kosteuttava silm\u00e4nymp\u00e4rysvoide\"}]},{\"@type\":\"WebSite\",\"@id\":\"https:\\\/\\\/tilk.bio\\\/et\\\/#website\",\"url\":\"https:\\\/\\\/tilk.bio\\\/et\\\/\",\"name\":\"Tilk!\",\"description\":\"Natural and sustainable skincare!\",\"potentialAction\":[{\"@type\":\"SearchAction\",\"target\":{\"@type\":\"EntryPoint\",\"urlTemplate\":\"https:\\\/\\\/tilk.bio\\\/et\\\/?s={search_term_string}\"},\"query-input\":{\"@type\":\"PropertyValueSpecification\",\"valueRequired\":true,\"valueName\":\"search_term_string\"}}],\"inLanguage\":\"fi\"}]}<\/script>\n<!-- \/ Yoast SEO plugin. -->","yoast_head_json":{"title":"Mustaa valkosipulia ja C-vitamiinia sis\u00e4lt\u00e4v\u00e4 kosteuttava silm\u00e4nymp\u00e4rysvoide - Tilk!","robots":{"index":"index","follow":"follow","max-snippet":"max-snippet:-1","max-image-preview":"max-image-preview:large","max-video-preview":"max-video-preview:-1"},"canonical":"https:\/\/tilk.bio\/fi\/verkkokauppa\/mustaa-valkosipulia-ja-c-vitamiinia-sisaltava-kosteuttava-silmanymparysvoide\/","og_locale":"fi_FI","og_type":"article","og_title":"Mustaa valkosipulia ja C-vitamiinia sis\u00e4lt\u00e4v\u00e4 kosteuttava silm\u00e4nymp\u00e4rysvoide - Tilk!","og_description":"Mustaa valkosipulia ja C-vitamiinia sis\u00e4lt\u00e4v\u00e4 kosteuttava silm\u00e4nymp\u00e4rysvoide ravitsee ihoa ja on koostumukseltaan helposti imeytyv\u00e4\u00e4. Voide sis\u00e4lt\u00e4\u00e4 huolellisesti valittuja ainesosia, jotka ovat erityisi\u00e4 korkean C-vitamiini- ja antioksidanttipitoisuutensa vuoksi. C-vitamiini auttaa tasoittamaan ihon s\u00e4vy\u00e4, antaa sille eloisuutta ja edist\u00e4\u00e4 kollageenin muodostumista, mik\u00e4 on v\u00e4ltt\u00e4m\u00e4t\u00f6nt\u00e4 ik\u00e4\u00e4ntymisen merkkien ehk\u00e4isemiseksi ja v\u00e4hent\u00e4miseksi. Acerola-kirsikan, E-vitamiinin ja mustan valkosipulin yhteisvaikutus auttaa suojaamaan...","og_url":"https:\/\/tilk.bio\/fi\/verkkokauppa\/mustaa-valkosipulia-ja-c-vitamiinia-sisaltava-kosteuttava-silmanymparysvoide\/","og_site_name":"Tilk!","article_publisher":"https:\/\/www.facebook.com\/tilk.bio\/","article_modified_time":"2026-04-22T09:00:09+00:00","og_image":[{"width":1200,"height":1200,"url":"https:\/\/tilk.bio\/wp-content\/uploads\/2022\/04\/Untitled-design-13.jpg","type":"image\/jpeg"}],"twitter_card":"summary_large_image","twitter_misc":{"Arvioitu lukuaika":"1 minuutti"},"schema":{"@context":"https:\/\/schema.org","@graph":[{"@type":"WebPage","@id":"https:\/\/tilk.bio\/fi\/verkkokauppa\/mustaa-valkosipulia-ja-c-vitamiinia-sisaltava-kosteuttava-silmanymparysvoide\/","url":"https:\/\/tilk.bio\/fi\/verkkokauppa\/mustaa-valkosipulia-ja-c-vitamiinia-sisaltava-kosteuttava-silmanymparysvoide\/","name":"Mustaa valkosipulia ja C-vitamiinia sis\u00e4lt\u00e4v\u00e4 kosteuttava silm\u00e4nymp\u00e4rysvoide - Tilk!","isPartOf":{"@id":"https:\/\/tilk.bio\/et\/#website"},"primaryImageOfPage":{"@id":"https:\/\/tilk.bio\/fi\/verkkokauppa\/mustaa-valkosipulia-ja-c-vitamiinia-sisaltava-kosteuttava-silmanymparysvoide\/#primaryimage"},"image":{"@id":"https:\/\/tilk.bio\/fi\/verkkokauppa\/mustaa-valkosipulia-ja-c-vitamiinia-sisaltava-kosteuttava-silmanymparysvoide\/#primaryimage"},"thumbnailUrl":"https:\/\/tilk.bio\/wp-content\/uploads\/2022\/04\/E4R1077-ruut.jpg","datePublished":"2022-04-25T13:52:44+00:00","dateModified":"2026-04-22T09:00:09+00:00","breadcrumb":{"@id":"https:\/\/tilk.bio\/fi\/verkkokauppa\/mustaa-valkosipulia-ja-c-vitamiinia-sisaltava-kosteuttava-silmanymparysvoide\/#breadcrumb"},"inLanguage":"fi","potentialAction":[{"@type":"ReadAction","target":["https:\/\/tilk.bio\/fi\/verkkokauppa\/mustaa-valkosipulia-ja-c-vitamiinia-sisaltava-kosteuttava-silmanymparysvoide\/"]}]},{"@type":"ImageObject","inLanguage":"fi","@id":"https:\/\/tilk.bio\/fi\/verkkokauppa\/mustaa-valkosipulia-ja-c-vitamiinia-sisaltava-kosteuttava-silmanymparysvoide\/#primaryimage","url":"https:\/\/tilk.bio\/wp-content\/uploads\/2022\/04\/E4R1077-ruut.jpg","contentUrl":"https:\/\/tilk.bio\/wp-content\/uploads\/2022\/04\/E4R1077-ruut.jpg","width":2048,"height":2048,"caption":"c vitamin eye cream"},{"@type":"BreadcrumbList","@id":"https:\/\/tilk.bio\/fi\/verkkokauppa\/mustaa-valkosipulia-ja-c-vitamiinia-sisaltava-kosteuttava-silmanymparysvoide\/#breadcrumb","itemListElement":[{"@type":"ListItem","position":1,"name":"Home","item":"https:\/\/tilk.bio\/fi\/"},{"@type":"ListItem","position":2,"name":"Verkkokauppa","item":"https:\/\/tilk.bio\/fi\/verkkokauppa\/"},{"@type":"ListItem","position":3,"name":"Mustaa valkosipulia ja C-vitamiinia sis\u00e4lt\u00e4v\u00e4 kosteuttava silm\u00e4nymp\u00e4rysvoide"}]},{"@type":"WebSite","@id":"https:\/\/tilk.bio\/et\/#website","url":"https:\/\/tilk.bio\/et\/","name":"Tilk!","description":"Natural and sustainable skincare!","potentialAction":[{"@type":"SearchAction","target":{"@type":"EntryPoint","urlTemplate":"https:\/\/tilk.bio\/et\/?s={search_term_string}"},"query-input":{"@type":"PropertyValueSpecification","valueRequired":true,"valueName":"search_term_string"}}],"inLanguage":"fi"}]}},"_links":{"self":[{"href":"https:\/\/tilk.bio\/fi\/wp-json\/wp\/v2\/product\/64609","targetHints":{"allow":["GET"]}}],"collection":[{"href":"https:\/\/tilk.bio\/fi\/wp-json\/wp\/v2\/product"}],"about":[{"href":"https:\/\/tilk.bio\/fi\/wp-json\/wp\/v2\/types\/product"}],"replies":[{"embeddable":true,"href":"https:\/\/tilk.bio\/fi\/wp-json\/wp\/v2\/comments?post=64609"}],"wp:featuredmedia":[{"embeddable":true,"href":"https:\/\/tilk.bio\/fi\/wp-json\/wp\/v2\/media\/77053"}],"wp:attachment":[{"href":"https:\/\/tilk.bio\/fi\/wp-json\/wp\/v2\/media?parent=64609"}],"wp:term":[{"taxonomy":"product_brand","embeddable":true,"href":"https:\/\/tilk.bio\/fi\/wp-json\/wp\/v2\/product_brand?post=64609"},{"taxonomy":"product_cat","embeddable":true,"href":"https:\/\/tilk.bio\/fi\/wp-json\/wp\/v2\/product_cat?post=64609"},{"taxonomy":"product_tag","embeddable":true,"href":"https:\/\/tilk.bio\/fi\/wp-json\/wp\/v2\/product_tag?post=64609"}],"curies":[{"name":"wp","href":"https:\/\/api.w.org\/{rel}","templated":true}]}}