{"id":77886,"date":"2026-03-15T22:27:11","date_gmt":"2026-03-15T20:27:11","guid":{"rendered":"https:\/\/tilk.bio\/shop\/hold-me-patsulia-ja-laventelia-sisaltava-alumiiniton-deodorantti-2\/"},"modified":"2026-04-17T17:15:03","modified_gmt":"2026-04-17T14:15:03","slug":"hold-me-patsulia-ja-laventelia-sisaltava-alumiiniton-deodorantti-2","status":"publish","type":"product","link":"https:\/\/tilk.bio\/fi\/verkkokauppa\/hold-me-patsulia-ja-laventelia-sisaltava-alumiiniton-deodorantti-2\/","title":{"rendered":"Hold Me \u2013 patsulia ja laventelia sis\u00e4lt\u00e4v\u00e4 alumiiniton deodorantti"},"content":{"rendered":"<section class=\"l-section wpb_row height_medium\"><div class=\"l-section-h i-cf\"><div class=\"g-cols vc_row via_flex valign_top type_default stacking_default\"><div class=\"vc_col-sm-12 wpb_column vc_column_container\"><div class=\"vc_column-inner\"><div class=\"wpb_wrapper\"><div class=\"wpb_text_column\"><div class=\"wpb_wrapper\"><p data-start=\"20\" data-end=\"228\">Hold Me on alumiiniton deodorantti, joka auttaa s\u00e4\u00e4telem\u00e4\u00e4n liiallista hikoilua ja neutraloi voimakkaita hajuja. T\u00e4ysin luonnollisista ainesosista valmistettu deodorantti antaa raikkaan tunteen koko p\u00e4iv\u00e4ksi.<\/p>\n<p data-start=\"230\" data-end=\"827\">Natriumbikarbonaatti neutraloi tehokkaasti ep\u00e4miellytt\u00e4vi\u00e4 hajuja, tukee kehon detoksifikaatioprosesseja, tappaa bakteereja ja imee kosteutta. Sheavoi ja kookos\u00f6ljy kosteuttavat ihoa ja auttavat tuhoamaan haitallisia mikrobeja ja bakteereja antibakteeristen ominaisuuksiensa ansiosta. Hienovarainen arrowjuurijauheen koostumus imee ep\u00e4miellytt\u00e4v\u00e4\u00e4 kosteutta. Keh\u00e4kukan, poimulehden ja peltokortteen bioaktiiviset ainesosat puhdistavat ihoa ja rauhoittavat tulehdusta. Patsulin eteerinen \u00f6ljy auttaa tasapainottamaan liiallista hikoilua ja antaa deodorantille sen tuoksun yhdess\u00e4 laventelin kanssa.<\/p>\n<p data-start=\"829\" data-end=\"978\"><strong data-start=\"829\" data-end=\"840\">K\u00e4ytt\u00f6:<\/strong> Levit\u00e4 pieni m\u00e4\u00e4r\u00e4 luonnollista deodoranttia kainaloihin. Hold Me on luonnollinen deodorantti, joka antaa raikkaan tunteen koko p\u00e4iv\u00e4ksi.<\/p>\n<p>Tuotteen kaikki ainesosat ovat luontaista ja vegaanista alkuper\u00e4\u00e4. Tuotteessa on k\u00e4ytetty Saarenmaalta k\u00e4sin poimituista kasveista saatuja \u00f6ljyj\u00e4.<\/p>\n<p>S\u00e4ilytys suoralta p\u00e4iv\u00e4nvalolta suojattuna alle 25 asteessa.<\/p>\n<p>Koko: 50<\/p>\n<p><a ref=\"magnificPopup\" href=\"https:\/\/tilk.bio\/wp-content\/uploads\/2016\/01\/Vegan_sign-07.png\"><img loading=\"lazy\" decoding=\"async\" class=\"alignnone wp-image-17805\" src=\"https:\/\/tilk.bio\/wp-content\/uploads\/2016\/01\/Vegan_sign-07.png\" alt=\"\" width=\"82\" height=\"82\" srcset=\"https:\/\/tilk.bio\/wp-content\/uploads\/2016\/01\/Vegan_sign-07.png 165w, https:\/\/tilk.bio\/wp-content\/uploads\/2016\/01\/Vegan_sign-07-150x150.png 150w\" sizes=\"auto, (max-width: 82px) 100vw, 82px\" \/><\/a><a ref=\"magnificPopup\" href=\"https:\/\/tilk.bio\/wp-content\/uploads\/2018\/04\/wooden_spatula_included_anim.gif\"><img loading=\"lazy\" decoding=\"async\" class=\"alignnone wp-image-23487\" src=\"https:\/\/tilk.bio\/wp-content\/uploads\/2018\/04\/wooden_spatula_included_anim.gif\" alt=\"\" width=\"105\" height=\"91\" \/><\/a><\/p>\n<\/div><\/div><\/div><\/div><\/div><\/div><\/div><\/section>\n","protected":false},"excerpt":{"rendered":"Hold Me on alumiiniton deodorantti, joka auttaa s\u00e4\u00e4telem\u00e4\u00e4n liiallista hikoilua ja neutraloi voimakkaita hajuja. T\u00e4ysin luonnollisista ainesosista valmistettu deodorantti antaa raikkaan tunteen koko p\u00e4iv\u00e4ksi. Natriumbikarbonaatti neutraloi tehokkaasti ep\u00e4miellytt\u00e4vi\u00e4 hajuja, tukee kehon detoksifikaatioprosesseja, tappaa bakteereja ja imee kosteutta. Sheavoi ja kookos\u00f6ljy kosteuttavat ihoa ja auttavat tuhoamaan haitallisia mikrobeja ja bakteereja antibakteeristen ominaisuuksiensa ansiosta. Hienovarainen arrowjuurijauheen koostumus...","protected":false},"featured_media":76904,"comment_status":"open","ping_status":"closed","template":"","meta":{"_acf_changed":false},"product_brand":[],"product_cat":[625,501,979,671,730,503],"product_tag":[],"class_list":{"0":"post-77886","1":"product","2":"type-product","3":"status-publish","4":"has-post-thumbnail","6":"product_cat-deodorantit","7":"product_cat-kaikki-tuotteet","8":"product_cat-shea-butter","9":"product_cat-spaattelin-mahdollisuus","10":"product_cat-tilk-herbal-fi","11":"product_cat-vartalo","13":"first","14":"instock","15":"taxable","16":"shipping-taxable","17":"purchasable","18":"product-type-simple"},"acf":[],"yoast_head":"<!-- This site is optimized with the Yoast SEO plugin v27.4 - https:\/\/yoast.com\/product\/yoast-seo-wordpress\/ -->\n<title>Hold Me \u2013 patsulia ja laventelia sis\u00e4lt\u00e4v\u00e4 alumiiniton deodorantti - Tilk!<\/title>\n<meta name=\"robots\" content=\"index, follow, max-snippet:-1, max-image-preview:large, max-video-preview:-1\" \/>\n<link rel=\"canonical\" href=\"https:\/\/tilk.bio\/verkkokauppa\/aluminium-free-deodorant\/\" \/>\n<meta property=\"og:locale\" content=\"fi_FI\" \/>\n<meta property=\"og:type\" content=\"article\" \/>\n<meta property=\"og:title\" content=\"Hold Me \u2013 patsulia ja laventelia sis\u00e4lt\u00e4v\u00e4 alumiiniton deodorantti - Tilk!\" \/>\n<meta property=\"og:url\" content=\"https:\/\/tilk.bio\/verkkokauppa\/aluminium-free-deodorant\/\" \/>\n<meta property=\"og:site_name\" content=\"Tilk!\" \/>\n<meta property=\"article:publisher\" content=\"https:\/\/www.facebook.com\/tilk.bio\/\" \/>\n<meta property=\"article:modified_time\" content=\"2026-04-17T14:15:03+00:00\" \/>\n<meta property=\"og:image\" content=\"https:\/\/tilk.bio\/wp-content\/uploads\/2025\/12\/E4R0969-ruut-300x300.jpg\" \/>\n<meta name=\"twitter:card\" content=\"summary_large_image\" \/>\n<meta name=\"twitter:label1\" content=\"Arvioitu lukuaika\" \/>\n\t<meta name=\"twitter:data1\" content=\"1 minuutti\" \/>\n<script type=\"application\/ld+json\" class=\"yoast-schema-graph\">{\"@context\":\"https:\\\/\\\/schema.org\",\"@graph\":[{\"@type\":\"WebPage\",\"@id\":\"https:\\\/\\\/tilk.bio\\\/verkkokauppa\\\/aluminium-free-deodorant\\\/\",\"url\":\"https:\\\/\\\/tilk.bio\\\/verkkokauppa\\\/aluminium-free-deodorant\\\/\",\"name\":\"Hold Me \u2013 patsulia ja laventelia sis\u00e4lt\u00e4v\u00e4 alumiiniton deodorantti - Tilk!\",\"isPartOf\":{\"@id\":\"https:\\\/\\\/tilk.bio\\\/et\\\/#website\"},\"primaryImageOfPage\":{\"@id\":\"https:\\\/\\\/tilk.bio\\\/verkkokauppa\\\/aluminium-free-deodorant\\\/#primaryimage\"},\"image\":{\"@id\":\"https:\\\/\\\/tilk.bio\\\/verkkokauppa\\\/aluminium-free-deodorant\\\/#primaryimage\"},\"thumbnailUrl\":\"https:\\\/\\\/tilk.bio\\\/wp-content\\\/uploads\\\/2025\\\/12\\\/E4R0969-ruut.jpg\",\"datePublished\":\"2026-03-15T20:27:11+00:00\",\"dateModified\":\"2026-04-17T14:15:03+00:00\",\"breadcrumb\":{\"@id\":\"https:\\\/\\\/tilk.bio\\\/verkkokauppa\\\/aluminium-free-deodorant\\\/#breadcrumb\"},\"inLanguage\":\"fi\",\"potentialAction\":[{\"@type\":\"ReadAction\",\"target\":[\"https:\\\/\\\/tilk.bio\\\/verkkokauppa\\\/aluminium-free-deodorant\\\/\"]}]},{\"@type\":\"ImageObject\",\"inLanguage\":\"fi\",\"@id\":\"https:\\\/\\\/tilk.bio\\\/verkkokauppa\\\/aluminium-free-deodorant\\\/#primaryimage\",\"url\":\"https:\\\/\\\/tilk.bio\\\/wp-content\\\/uploads\\\/2025\\\/12\\\/E4R0969-ruut.jpg\",\"contentUrl\":\"https:\\\/\\\/tilk.bio\\\/wp-content\\\/uploads\\\/2025\\\/12\\\/E4R0969-ruut.jpg\",\"width\":2048,\"height\":2048},{\"@type\":\"BreadcrumbList\",\"@id\":\"https:\\\/\\\/tilk.bio\\\/verkkokauppa\\\/aluminium-free-deodorant\\\/#breadcrumb\",\"itemListElement\":[{\"@type\":\"ListItem\",\"position\":1,\"name\":\"Home\",\"item\":\"https:\\\/\\\/tilk.bio\\\/fi\\\/\"},{\"@type\":\"ListItem\",\"position\":2,\"name\":\"Verkkokauppa\",\"item\":\"https:\\\/\\\/tilk.bio\\\/fi\\\/verkkokauppa\\\/\"},{\"@type\":\"ListItem\",\"position\":3,\"name\":\"Hold Me \u2013 patsulia ja laventelia sis\u00e4lt\u00e4v\u00e4 alumiiniton deodorantti\"}]},{\"@type\":\"WebSite\",\"@id\":\"https:\\\/\\\/tilk.bio\\\/et\\\/#website\",\"url\":\"https:\\\/\\\/tilk.bio\\\/et\\\/\",\"name\":\"Tilk!\",\"description\":\"Natural and sustainable skincare!\",\"potentialAction\":[{\"@type\":\"SearchAction\",\"target\":{\"@type\":\"EntryPoint\",\"urlTemplate\":\"https:\\\/\\\/tilk.bio\\\/et\\\/?s={search_term_string}\"},\"query-input\":{\"@type\":\"PropertyValueSpecification\",\"valueRequired\":true,\"valueName\":\"search_term_string\"}}],\"inLanguage\":\"fi\"}]}<\/script>\n<!-- \/ Yoast SEO plugin. -->","yoast_head_json":{"title":"Hold Me \u2013 patsulia ja laventelia sis\u00e4lt\u00e4v\u00e4 alumiiniton deodorantti - Tilk!","robots":{"index":"index","follow":"follow","max-snippet":"max-snippet:-1","max-image-preview":"max-image-preview:large","max-video-preview":"max-video-preview:-1"},"canonical":"https:\/\/tilk.bio\/verkkokauppa\/aluminium-free-deodorant\/","og_locale":"fi_FI","og_type":"article","og_title":"Hold Me \u2013 patsulia ja laventelia sis\u00e4lt\u00e4v\u00e4 alumiiniton deodorantti - Tilk!","og_url":"https:\/\/tilk.bio\/verkkokauppa\/aluminium-free-deodorant\/","og_site_name":"Tilk!","article_publisher":"https:\/\/www.facebook.com\/tilk.bio\/","article_modified_time":"2026-04-17T14:15:03+00:00","og_image":[{"url":"https:\/\/tilk.bio\/wp-content\/uploads\/2025\/12\/E4R0969-ruut-300x300.jpg","type":"","width":"","height":""}],"twitter_card":"summary_large_image","twitter_misc":{"Arvioitu lukuaika":"1 minuutti"},"schema":{"@context":"https:\/\/schema.org","@graph":[{"@type":"WebPage","@id":"https:\/\/tilk.bio\/verkkokauppa\/aluminium-free-deodorant\/","url":"https:\/\/tilk.bio\/verkkokauppa\/aluminium-free-deodorant\/","name":"Hold Me \u2013 patsulia ja laventelia sis\u00e4lt\u00e4v\u00e4 alumiiniton deodorantti - Tilk!","isPartOf":{"@id":"https:\/\/tilk.bio\/et\/#website"},"primaryImageOfPage":{"@id":"https:\/\/tilk.bio\/verkkokauppa\/aluminium-free-deodorant\/#primaryimage"},"image":{"@id":"https:\/\/tilk.bio\/verkkokauppa\/aluminium-free-deodorant\/#primaryimage"},"thumbnailUrl":"https:\/\/tilk.bio\/wp-content\/uploads\/2025\/12\/E4R0969-ruut.jpg","datePublished":"2026-03-15T20:27:11+00:00","dateModified":"2026-04-17T14:15:03+00:00","breadcrumb":{"@id":"https:\/\/tilk.bio\/verkkokauppa\/aluminium-free-deodorant\/#breadcrumb"},"inLanguage":"fi","potentialAction":[{"@type":"ReadAction","target":["https:\/\/tilk.bio\/verkkokauppa\/aluminium-free-deodorant\/"]}]},{"@type":"ImageObject","inLanguage":"fi","@id":"https:\/\/tilk.bio\/verkkokauppa\/aluminium-free-deodorant\/#primaryimage","url":"https:\/\/tilk.bio\/wp-content\/uploads\/2025\/12\/E4R0969-ruut.jpg","contentUrl":"https:\/\/tilk.bio\/wp-content\/uploads\/2025\/12\/E4R0969-ruut.jpg","width":2048,"height":2048},{"@type":"BreadcrumbList","@id":"https:\/\/tilk.bio\/verkkokauppa\/aluminium-free-deodorant\/#breadcrumb","itemListElement":[{"@type":"ListItem","position":1,"name":"Home","item":"https:\/\/tilk.bio\/fi\/"},{"@type":"ListItem","position":2,"name":"Verkkokauppa","item":"https:\/\/tilk.bio\/fi\/verkkokauppa\/"},{"@type":"ListItem","position":3,"name":"Hold Me \u2013 patsulia ja laventelia sis\u00e4lt\u00e4v\u00e4 alumiiniton deodorantti"}]},{"@type":"WebSite","@id":"https:\/\/tilk.bio\/et\/#website","url":"https:\/\/tilk.bio\/et\/","name":"Tilk!","description":"Natural and sustainable skincare!","potentialAction":[{"@type":"SearchAction","target":{"@type":"EntryPoint","urlTemplate":"https:\/\/tilk.bio\/et\/?s={search_term_string}"},"query-input":{"@type":"PropertyValueSpecification","valueRequired":true,"valueName":"search_term_string"}}],"inLanguage":"fi"}]}},"_links":{"self":[{"href":"https:\/\/tilk.bio\/fi\/wp-json\/wp\/v2\/product\/77886","targetHints":{"allow":["GET"]}}],"collection":[{"href":"https:\/\/tilk.bio\/fi\/wp-json\/wp\/v2\/product"}],"about":[{"href":"https:\/\/tilk.bio\/fi\/wp-json\/wp\/v2\/types\/product"}],"replies":[{"embeddable":true,"href":"https:\/\/tilk.bio\/fi\/wp-json\/wp\/v2\/comments?post=77886"}],"wp:featuredmedia":[{"embeddable":true,"href":"https:\/\/tilk.bio\/fi\/wp-json\/wp\/v2\/media\/76904"}],"wp:attachment":[{"href":"https:\/\/tilk.bio\/fi\/wp-json\/wp\/v2\/media?parent=77886"}],"wp:term":[{"taxonomy":"product_brand","embeddable":true,"href":"https:\/\/tilk.bio\/fi\/wp-json\/wp\/v2\/product_brand?post=77886"},{"taxonomy":"product_cat","embeddable":true,"href":"https:\/\/tilk.bio\/fi\/wp-json\/wp\/v2\/product_cat?post=77886"},{"taxonomy":"product_tag","embeddable":true,"href":"https:\/\/tilk.bio\/fi\/wp-json\/wp\/v2\/product_tag?post=77886"}],"curies":[{"name":"wp","href":"https:\/\/api.w.org\/{rel}","templated":true}]}}