{"id":60741,"date":"2011-12-14T22:32:29","date_gmt":"2011-12-14T20:32:29","guid":{"rendered":"https:\/\/tilk.bio\/shop\/tilk-kinkekaart\/"},"modified":"2022-02-18T17:23:56","modified_gmt":"2022-02-18T15:23:56","slug":"%d0%bf%d0%be%d0%b4%d0%b0%d1%80%d0%be%d1%87%d0%bd%d1%8b%d0%b5-%d0%ba%d0%b0%d1%80%d1%82%d1%8b-tilk","status":"publish","type":"product","link":"https:\/\/tilk.bio\/ru\/\u043c\u0430\u0433\u0430\u0437\u0438\u043d\/%d0%bf%d0%be%d0%b4%d0%b0%d1%80%d0%be%d1%87%d0%bd%d1%8b%d0%b5-%d0%ba%d0%b0%d1%80%d1%82%d1%8b-tilk\/","title":{"rendered":"\u041f\u043e\u0434\u0430\u0440\u043e\u0447\u043d\u044b\u0435 \u043a\u0430\u0440\u0442\u044b Tilk!"},"content":{"rendered":"","protected":false},"excerpt":{"rendered":"<p>\u0421\u0434\u0435\u043b\u0430\u043b\u0438 \u0434\u043b\u044f \u0432\u0430\u0441 \u0432\u044b\u0431\u043e\u0440 \u043f\u043e\u0434\u0430\u0440\u043a\u043e\u0432 \u0435\u0449\u0435 \u043f\u0440\u043e\u0449\u0435! \u041a\u0443\u043f\u0438 \u043f\u043e\u0434\u0430\u0440\u043e\u0447\u043d\u0443\u044e \u043a\u0430\u0440\u0442\u0443 \u0438 \u0442\u0435\u0431\u0435 \u043d\u0435 \u043d\u0443\u0436\u043d\u043e \u0431\u0443\u0434\u0435\u0442 \u0431\u043e\u043b\u044c\u0448\u0435 \u043d\u0438 \u043e \u0447\u0435\u043c \u0431\u0435\u0441\u043f\u043e\u043a\u043e\u0438\u0442\u0441\u044f, \u0442\u0430\u043a \u043a\u0430\u043a \u043f\u043e\u043b\u0443\u0447\u0430\u0442\u0435\u043b\u044c \u043f\u043e\u0434\u0430\u0440\u043a\u0430 \u0441\u0430\u043c \u0432\u044b\u0431\u0435\u0440\u0435\u0442 \u0441\u0435\u0431\u0435 \u043f\u043e\u0434\u0445\u043e\u0434\u044f\u0449\u0438\u0439 \u043a\u0440\u0435\u043c. \u042d\u0442\u0430 \u043f\u043e\u0434\u0430\u0440\u043e\u0447\u043d\u0430\u044f \u043a\u0430\u0440\u0442\u0430 \u0441\u043f\u0430\u0441\u0435\u0442 \u0442\u0430\u043a\u0436\u0435 \u0438 \u0442\u0435\u0445, \u043a\u0442\u043e \u043e\u0441\u0442\u0430\u0432\u043b\u044f\u0435\u0442 \u0448\u043e\u043f\u043f\u0438\u043d\u0433 \u043d\u0430 \u043f\u043e\u0441\u043b\u0435\u0434\u043d\u0438\u0439 \u043c\u043e\u043c\u0435\u043d\u0442 \u0438 \u0438\u0434\u0435\u0430\u043b\u044c\u043d\u043e \u043f\u043e\u0434\u043e\u0439\u0434\u0435\u0442 \u0434\u043b\u044f \u043b\u044e\u0431\u0438\u043c\u043e\u0439, \u043f\u043e\u0434\u0440\u0443\u0433\u0438, \u043c\u0430\u043c\u044b.<\/p>\n<p><strong>\u041f\u043e\u0434\u0430\u0440\u043e\u0447\u043d\u0443\u044e \u043a\u0430\u0440\u0442\u0443 \u043e\u0442\u043f\u0440\u0430\u0432\u0438\u043c \u043d\u0430 \u0442\u0432\u043e\u044e \u0435-\u043f\u043e\u0447\u0442\u0443, \u0433\u0434\u0435 \u043f\u0440\u0438 \u043d\u0435\u043e\u0431\u0445\u043e\u0434\u0438\u043c\u043e\u0441\u0442\u0438 \u0441\u043c\u043e\u0436\u0435\u0448\u044c \u0435\u0435 \u0443\u0434\u043e\u0431\u043d\u043e \u0440\u0430\u0441\u043f\u0435\u0447\u0430\u0442\u0430\u0442\u044c.<\/strong><\/p>\n<p>\u041f\u043e\u0434\u0430\u0440\u043e\u0447\u043d\u0430\u044f \u043a\u0430\u0440\u0442\u0430 \u0432\u044b\u0441\u044b\u043b\u0430\u0435\u0442\u0441\u044f \u043d\u0430 \u0435-\u043f\u043e\u0447\u0442\u0443 \u0432 \u0442\u0435\u0447\u0435\u043d\u0438\u0435 \u043e\u0434\u043d\u043e\u0433\u043e \u0440\u0430\u0431\u043e\u0447\u0435\u0433\u043e \u0434\u043d\u044f.<\/p>\n","protected":false},"featured_media":61521,"comment_status":"closed","ping_status":"closed","template":"","meta":{"_acf_changed":false},"product_brand":[],"product_cat":[779,775,853],"product_tag":[],"class_list":{"0":"post-60741","1":"product","2":"type-product","3":"status-publish","4":"has-post-thumbnail","6":"product_cat-tilk-herbal-ru","7":"product_cat-775","8":"product_cat-kinkekaart-ru","10":"first","11":"instock","12":"taxable","13":"shipping-taxable","14":"purchasable","15":"product-type-variable","16":"has-default-attributes"},"acf":[],"yoast_head":"<!-- This site is optimized with the Yoast SEO plugin v27.4 - https:\/\/yoast.com\/product\/yoast-seo-wordpress\/ -->\n<title>\u041f\u043e\u0434\u0430\u0440\u043e\u0447\u043d\u044b\u0435 \u043a\u0430\u0440\u0442\u044b Tilk! - Tilk!<\/title>\n<meta name=\"description\" content=\"Tilk! kinkekaart on ideaalne kingitus nii j\u00f5uluks, s\u00fcnnip\u00e4evaks kui ka t\u00e4htp\u00e4evaks. Kinekaart annab v\u00f5imaluse endale ise lemmikkreem valida.\" \/>\n<meta name=\"robots\" content=\"index, follow, max-snippet:-1, max-image-preview:large, max-video-preview:-1\" \/>\n<link rel=\"canonical\" href=\"https:\/\/tilk.bio\/\u043c\u0430\u0433\u0430\u0437\u0438\u043d\/gift-card-someone-special\/\" \/>\n<meta property=\"og:locale\" content=\"ru_RU\" \/>\n<meta property=\"og:type\" content=\"article\" \/>\n<meta property=\"og:title\" content=\"\u041f\u043e\u0434\u0430\u0440\u043e\u0447\u043d\u044b\u0435 \u043a\u0430\u0440\u0442\u044b\" \/>\n<meta property=\"og:description\" content=\"Kingi oma kallile s\u00f5brannale, emale, naisele v\u00f5i mehele Tilk! nahamaiuseid!\" \/>\n<meta property=\"og:url\" content=\"https:\/\/tilk.bio\/\u043c\u0430\u0433\u0430\u0437\u0438\u043d\/gift-card-someone-special\/\" \/>\n<meta property=\"og:site_name\" content=\"Tilk!\" \/>\n<meta property=\"article:publisher\" content=\"https:\/\/www.facebook.com\/tilk.bio\/\" \/>\n<meta property=\"article:modified_time\" content=\"2022-02-18T15:23:56+00:00\" \/>\n<meta property=\"og:image\" content=\"https:\/\/tilk.bio\/wp-content\/uploads\/2017\/12\/Tilk_kinkekaart-1-1.jpg\" \/>\n<meta name=\"twitter:card\" content=\"summary_large_image\" \/>\n<script type=\"application\/ld+json\" class=\"yoast-schema-graph\">{\"@context\":\"https:\\\/\\\/schema.org\",\"@graph\":[{\"@type\":\"WebPage\",\"@id\":\"https:\\\/\\\/tilk.bio\\\/\u043c\u0430\u0433\u0430\u0437\u0438\u043d\\\/gift-card-someone-special\\\/\",\"url\":\"https:\\\/\\\/tilk.bio\\\/\u043c\u0430\u0433\u0430\u0437\u0438\u043d\\\/gift-card-someone-special\\\/\",\"name\":\"\u041f\u043e\u0434\u0430\u0440\u043e\u0447\u043d\u044b\u0435 \u043a\u0430\u0440\u0442\u044b Tilk! - Tilk!\",\"isPartOf\":{\"@id\":\"https:\\\/\\\/tilk.bio\\\/et\\\/#website\"},\"primaryImageOfPage\":{\"@id\":\"https:\\\/\\\/tilk.bio\\\/\u043c\u0430\u0433\u0430\u0437\u0438\u043d\\\/gift-card-someone-special\\\/#primaryimage\"},\"image\":{\"@id\":\"https:\\\/\\\/tilk.bio\\\/\u043c\u0430\u0433\u0430\u0437\u0438\u043d\\\/gift-card-someone-special\\\/#primaryimage\"},\"thumbnailUrl\":\"https:\\\/\\\/tilk.bio\\\/wp-content\\\/uploads\\\/2017\\\/12\\\/Tilk_kinkekaart.jpg\",\"datePublished\":\"2011-12-14T20:32:29+00:00\",\"dateModified\":\"2022-02-18T15:23:56+00:00\",\"description\":\"Tilk! kinkekaart on ideaalne kingitus nii j\u00f5uluks, s\u00fcnnip\u00e4evaks kui ka t\u00e4htp\u00e4evaks. Kinekaart annab v\u00f5imaluse endale ise lemmikkreem valida.\",\"breadcrumb\":{\"@id\":\"https:\\\/\\\/tilk.bio\\\/\u043c\u0430\u0433\u0430\u0437\u0438\u043d\\\/gift-card-someone-special\\\/#breadcrumb\"},\"inLanguage\":\"ru-RU\",\"potentialAction\":[{\"@type\":\"ReadAction\",\"target\":[\"https:\\\/\\\/tilk.bio\\\/\u043c\u0430\u0433\u0430\u0437\u0438\u043d\\\/gift-card-someone-special\\\/\"]}]},{\"@type\":\"ImageObject\",\"inLanguage\":\"ru-RU\",\"@id\":\"https:\\\/\\\/tilk.bio\\\/\u043c\u0430\u0433\u0430\u0437\u0438\u043d\\\/gift-card-someone-special\\\/#primaryimage\",\"url\":\"https:\\\/\\\/tilk.bio\\\/wp-content\\\/uploads\\\/2017\\\/12\\\/Tilk_kinkekaart.jpg\",\"contentUrl\":\"https:\\\/\\\/tilk.bio\\\/wp-content\\\/uploads\\\/2017\\\/12\\\/Tilk_kinkekaart.jpg\",\"width\":1753,\"height\":1240},{\"@type\":\"BreadcrumbList\",\"@id\":\"https:\\\/\\\/tilk.bio\\\/\u043c\u0430\u0433\u0430\u0437\u0438\u043d\\\/gift-card-someone-special\\\/#breadcrumb\",\"itemListElement\":[{\"@type\":\"ListItem\",\"position\":1,\"name\":\"Home\",\"item\":\"https:\\\/\\\/tilk.bio\\\/ru\\\/\"},{\"@type\":\"ListItem\",\"position\":2,\"name\":\"\u041c\u0430\u0433\u0430\u0437\u0438\u043d\",\"item\":\"https:\\\/\\\/tilk.bio\\\/ru\\\/%d0%bc%d0%b0%d0%b3%d0%b0%d0%b7%d0%b8%d0%bd\\\/\"},{\"@type\":\"ListItem\",\"position\":3,\"name\":\"\u041f\u043e\u0434\u0430\u0440\u043e\u0447\u043d\u044b\u0435 \u043a\u0430\u0440\u0442\u044b Tilk!\"}]},{\"@type\":\"WebSite\",\"@id\":\"https:\\\/\\\/tilk.bio\\\/et\\\/#website\",\"url\":\"https:\\\/\\\/tilk.bio\\\/et\\\/\",\"name\":\"Tilk!\",\"description\":\"Natural and sustainable skincare!\",\"potentialAction\":[{\"@type\":\"SearchAction\",\"target\":{\"@type\":\"EntryPoint\",\"urlTemplate\":\"https:\\\/\\\/tilk.bio\\\/et\\\/?s={search_term_string}\"},\"query-input\":{\"@type\":\"PropertyValueSpecification\",\"valueRequired\":true,\"valueName\":\"search_term_string\"}}],\"inLanguage\":\"ru-RU\"}]}<\/script>\n<!-- \/ Yoast SEO plugin. -->","yoast_head_json":{"title":"\u041f\u043e\u0434\u0430\u0440\u043e\u0447\u043d\u044b\u0435 \u043a\u0430\u0440\u0442\u044b Tilk! - Tilk!","description":"Tilk! kinkekaart on ideaalne kingitus nii j\u00f5uluks, s\u00fcnnip\u00e4evaks kui ka t\u00e4htp\u00e4evaks. Kinekaart annab v\u00f5imaluse endale ise lemmikkreem valida.","robots":{"index":"index","follow":"follow","max-snippet":"max-snippet:-1","max-image-preview":"max-image-preview:large","max-video-preview":"max-video-preview:-1"},"canonical":"https:\/\/tilk.bio\/\u043c\u0430\u0433\u0430\u0437\u0438\u043d\/gift-card-someone-special\/","og_locale":"ru_RU","og_type":"article","og_title":"\u041f\u043e\u0434\u0430\u0440\u043e\u0447\u043d\u044b\u0435 \u043a\u0430\u0440\u0442\u044b","og_description":"Kingi oma kallile s\u00f5brannale, emale, naisele v\u00f5i mehele Tilk! nahamaiuseid!","og_url":"https:\/\/tilk.bio\/\u043c\u0430\u0433\u0430\u0437\u0438\u043d\/gift-card-someone-special\/","og_site_name":"Tilk!","article_publisher":"https:\/\/www.facebook.com\/tilk.bio\/","article_modified_time":"2022-02-18T15:23:56+00:00","og_image":[{"url":"https:\/\/tilk.bio\/wp-content\/uploads\/2017\/12\/Tilk_kinkekaart-1-1.jpg","type":"","width":"","height":""}],"twitter_card":"summary_large_image","schema":{"@context":"https:\/\/schema.org","@graph":[{"@type":"WebPage","@id":"https:\/\/tilk.bio\/\u043c\u0430\u0433\u0430\u0437\u0438\u043d\/gift-card-someone-special\/","url":"https:\/\/tilk.bio\/\u043c\u0430\u0433\u0430\u0437\u0438\u043d\/gift-card-someone-special\/","name":"\u041f\u043e\u0434\u0430\u0440\u043e\u0447\u043d\u044b\u0435 \u043a\u0430\u0440\u0442\u044b Tilk! - Tilk!","isPartOf":{"@id":"https:\/\/tilk.bio\/et\/#website"},"primaryImageOfPage":{"@id":"https:\/\/tilk.bio\/\u043c\u0430\u0433\u0430\u0437\u0438\u043d\/gift-card-someone-special\/#primaryimage"},"image":{"@id":"https:\/\/tilk.bio\/\u043c\u0430\u0433\u0430\u0437\u0438\u043d\/gift-card-someone-special\/#primaryimage"},"thumbnailUrl":"https:\/\/tilk.bio\/wp-content\/uploads\/2017\/12\/Tilk_kinkekaart.jpg","datePublished":"2011-12-14T20:32:29+00:00","dateModified":"2022-02-18T15:23:56+00:00","description":"Tilk! kinkekaart on ideaalne kingitus nii j\u00f5uluks, s\u00fcnnip\u00e4evaks kui ka t\u00e4htp\u00e4evaks. Kinekaart annab v\u00f5imaluse endale ise lemmikkreem valida.","breadcrumb":{"@id":"https:\/\/tilk.bio\/\u043c\u0430\u0433\u0430\u0437\u0438\u043d\/gift-card-someone-special\/#breadcrumb"},"inLanguage":"ru-RU","potentialAction":[{"@type":"ReadAction","target":["https:\/\/tilk.bio\/\u043c\u0430\u0433\u0430\u0437\u0438\u043d\/gift-card-someone-special\/"]}]},{"@type":"ImageObject","inLanguage":"ru-RU","@id":"https:\/\/tilk.bio\/\u043c\u0430\u0433\u0430\u0437\u0438\u043d\/gift-card-someone-special\/#primaryimage","url":"https:\/\/tilk.bio\/wp-content\/uploads\/2017\/12\/Tilk_kinkekaart.jpg","contentUrl":"https:\/\/tilk.bio\/wp-content\/uploads\/2017\/12\/Tilk_kinkekaart.jpg","width":1753,"height":1240},{"@type":"BreadcrumbList","@id":"https:\/\/tilk.bio\/\u043c\u0430\u0433\u0430\u0437\u0438\u043d\/gift-card-someone-special\/#breadcrumb","itemListElement":[{"@type":"ListItem","position":1,"name":"Home","item":"https:\/\/tilk.bio\/ru\/"},{"@type":"ListItem","position":2,"name":"\u041c\u0430\u0433\u0430\u0437\u0438\u043d","item":"https:\/\/tilk.bio\/ru\/%d0%bc%d0%b0%d0%b3%d0%b0%d0%b7%d0%b8%d0%bd\/"},{"@type":"ListItem","position":3,"name":"\u041f\u043e\u0434\u0430\u0440\u043e\u0447\u043d\u044b\u0435 \u043a\u0430\u0440\u0442\u044b Tilk!"}]},{"@type":"WebSite","@id":"https:\/\/tilk.bio\/et\/#website","url":"https:\/\/tilk.bio\/et\/","name":"Tilk!","description":"Natural and sustainable skincare!","potentialAction":[{"@type":"SearchAction","target":{"@type":"EntryPoint","urlTemplate":"https:\/\/tilk.bio\/et\/?s={search_term_string}"},"query-input":{"@type":"PropertyValueSpecification","valueRequired":true,"valueName":"search_term_string"}}],"inLanguage":"ru-RU"}]}},"_links":{"self":[{"href":"https:\/\/tilk.bio\/ru\/wp-json\/wp\/v2\/product\/60741","targetHints":{"allow":["GET"]}}],"collection":[{"href":"https:\/\/tilk.bio\/ru\/wp-json\/wp\/v2\/product"}],"about":[{"href":"https:\/\/tilk.bio\/ru\/wp-json\/wp\/v2\/types\/product"}],"replies":[{"embeddable":true,"href":"https:\/\/tilk.bio\/ru\/wp-json\/wp\/v2\/comments?post=60741"}],"wp:featuredmedia":[{"embeddable":true,"href":"https:\/\/tilk.bio\/ru\/wp-json\/wp\/v2\/media\/61521"}],"wp:attachment":[{"href":"https:\/\/tilk.bio\/ru\/wp-json\/wp\/v2\/media?parent=60741"}],"wp:term":[{"taxonomy":"product_brand","embeddable":true,"href":"https:\/\/tilk.bio\/ru\/wp-json\/wp\/v2\/product_brand?post=60741"},{"taxonomy":"product_cat","embeddable":true,"href":"https:\/\/tilk.bio\/ru\/wp-json\/wp\/v2\/product_cat?post=60741"},{"taxonomy":"product_tag","embeddable":true,"href":"https:\/\/tilk.bio\/ru\/wp-json\/wp\/v2\/product_tag?post=60741"}],"curies":[{"name":"wp","href":"https:\/\/api.w.org\/{rel}","templated":true}]}}